{"id":22229,"date":"2023-02-17T19:31:21","date_gmt":"2023-02-17T18:31:21","guid":{"rendered":"http:\/\/blog.lesgrossesorchadeslesamplesthalameges.fr\/?page_id=22229"},"modified":"2023-02-17T19:32:39","modified_gmt":"2023-02-17T18:32:39","slug":"snowden-les-usa-detournent-lattention-des-explosions-du-nord-stream-avec-des-objets-volants","status":"publish","type":"page","link":"https:\/\/blog.lesgrossesorchadeslesamplesthalameges.fr\/index.php\/snowden-les-usa-detournent-lattention-des-explosions-du-nord-stream-avec-des-objets-volants\/","title":{"rendered":"Snowden\u00a0: Les USA d\u00e9tournent l\u2019attention des explosions du Nord Stream avec des \u00ab\u00a0objets volants \u00bb"},"content":{"rendered":"<p>&nbsp;<\/p>\n<p>&nbsp;<\/p>\n<p>&nbsp;<\/p>\n<p>&nbsp;<\/p>\n<p>&nbsp;<\/p>\n<p>&nbsp;<\/p>\n<p>&nbsp;<\/p>\n<p>&nbsp;<\/p>\n<p style=\"text-align: center;\"><strong><span style=\"font-family: times new roman, times, serif; font-size: 36pt;\">Snowden\u00a0: Les USA d\u00e9tournent l\u2019attention des explosions du Nord Stream avec des \u00ab\u00a0objets volants \u00bb<\/span><\/strong><\/p>\n<p style=\"text-align: center;\"><strong><span style=\"font-family: times new roman, times, serif; font-size: 36pt;\"><em>\u00a0<\/em><\/span><\/strong><\/p>\n<p style=\"text-align: center;\"><span style=\"font-family: times new roman, times, serif; font-size: 18pt;\"><strong><em>Al Mayadeen English<\/em><\/strong><strong>\u00a0 \u2013 Source\u00a0: Agences \u2013 14.2.2023<\/strong><\/span><\/p>\n<p style=\"text-align: center;\"><span style=\"font-family: times new roman, times, serif; font-size: 18pt;\"><strong>\u00a0<\/strong><\/span><\/p>\n<p style=\"text-align: center;\"><span style=\"font-family: times new roman, times, serif; font-size: 18pt;\">Traduction :<strong> c.l. <\/strong>pour<strong> <em>L.G.O.<\/em><\/strong><\/span><\/p>\n<p style=\"text-align: center;\"><span style=\"font-family: times new roman, times, serif; font-size: 18pt;\"><strong>\u00a0<\/strong><\/span><\/p>\n<p style=\"text-align: justify;\"><span style=\"font-family: times new roman, times, serif; font-size: 14pt;\"><strong>\u00a0<\/strong><\/span><\/p>\n<p style=\"text-align: center;\"><span style=\"font-family: times new roman, times, serif; font-size: 14pt;\"><strong>\u00a0<a href=\"http:\/\/blog.lesgrossesorchadeslesamplesthalameges.fr\/index.php\/snowden-les-usa-detournent-lattention-des-explosions-du-nord-stream-avec-des-objets-volants\/6-nord-stream-bubbles-2\/\" rel=\"attachment wp-att-22231\"><img loading=\"lazy\" class=\"alignnone wp-image-22231 size-full\" src=\"http:\/\/blog.lesgrossesorchadeslesamplesthalameges.fr\/wp-content\/uploads\/2023\/02\/6.-Nord-Stream-Bubbles-1.jpg\" alt=\"\" width=\"600\" height=\"399\" srcset=\"https:\/\/blog.lesgrossesorchadeslesamplesthalameges.fr\/wp-content\/uploads\/2023\/02\/6.-Nord-Stream-Bubbles-1.jpg 600w, https:\/\/blog.lesgrossesorchadeslesamplesthalameges.fr\/wp-content\/uploads\/2023\/02\/6.-Nord-Stream-Bubbles-1-300x200.jpg 300w\" sizes=\"(max-width: 600px) 100vw, 600px\" \/><\/a><\/strong><\/span><\/p>\n<p>&nbsp;<\/p>\n<p>&nbsp;<\/p>\n<p style=\"text-align: justify;\"><span style=\"font-family: tahoma, arial, helvetica, sans-serif; font-size: 14pt;\"><strong>Selon le c\u00e9l\u00e8bre lanceur d&rsquo;alerte Edward Snowden, les \u00c9tats-Unis cr\u00e9ent la panique \u00e0 propos d&rsquo;un \u00e9ventuel objet volant abattu au-dessus des \u00c9tats-Unis et du Canada afin de d\u00e9tourner l&rsquo;attention des journalistes du sabotage majeur du projet Nord stream dont on les accuse.<\/strong><\/span><\/p>\n<p style=\"text-align: justify;\"><span style=\"font-family: times new roman, times, serif; font-size: 14pt;\"><strong>\u00a0<\/strong><\/span><\/p>\n<p style=\"text-align: justify;\"><span style=\"font-family: times new roman, times, serif; font-size: 14pt;\">Le Premier ministre canadien Justin Trudeau a annonc\u00e9 samedi qu&rsquo;il avait ordonn\u00e9 \u00ab\u00a0la destruction d&rsquo;un objet non identifi\u00e9 qui a viol\u00e9 l&rsquo;espace a\u00e9rien canadien\u00a0\u00bb. Le minist\u00e8re am\u00e9ricain de la D\u00e9fense a confirm\u00e9 vendredi qu&rsquo;un \u00ab\u00a0objet situ\u00e9 \u00e0 haute altitude\u00a0\u00bb avait \u00e9t\u00e9 abattu au-dessus de l&rsquo;Alaska, apr\u00e8s que l\u2019on ait estim\u00e9 qu&rsquo;il pouvait \u00e9ventuellement constituer \u00ab\u00a0une menace pour les avions civils\u00a0\u00bb.<\/span><\/p>\n<p>&nbsp;<\/p>\n<p style=\"text-align: justify;\"><span style=\"font-family: times new roman, times, serif; font-size: 14pt;\">L&rsquo;objet non identifi\u00e9 a \u00e9t\u00e9 vu pour la premi\u00e8re fois jeudi soir, et le pr\u00e9sident am\u00e9ricain Joe Biden a ordonn\u00e9 son abattage t\u00f4t vendredi. Des questions ont commenc\u00e9 \u00e0 se poser, surtout apr\u00e8s l&rsquo;incident du ballon chinois.<\/span><\/p>\n<p>&nbsp;<\/p>\n<p>&nbsp;<\/p>\n<p style=\"text-align: justify;\"><span style=\"font-family: times new roman, times, serif; font-size: 18pt;\"><strong>Une id\u00e9e de derri\u00e8re la t\u00eate<\/strong><\/span><\/p>\n<p>&nbsp;<\/p>\n<p style=\"text-align: justify;\"><span style=\"font-family: times new roman, times, serif; font-size: 14pt;\">Edward Snowden, ancien contractant de l&rsquo;Agence nationale de s\u00e9curit\u00e9 des \u00c9tats-Unis (NSA), affirme que la panique suscit\u00e9e par la possible origine extraterrestre des objets volants abattus au-dessus des \u00c9tats-Unis et du Canada vise \u00e0 d\u00e9tourner l&rsquo;attention des journalistes de l&rsquo;enqu\u00eate sur les explosions du gazoduc Nord Stream.<\/span><\/p>\n<p>&nbsp;<\/p>\n<p style=\"text-align: justify;\"><span style=\"font-family: times new roman, times, serif; font-size: 14pt;\">Edward Snowden s&rsquo;est moqu\u00e9 de la tentative des \u00c9tats-Unis de susciter la panique en qualifiant l&rsquo;objet d&rsquo;extraterrestre.<\/span><\/p>\n<p>&nbsp;<\/p>\n<p>&nbsp;<\/p>\n<p style=\"text-align: justify; padding-left: 120px;\"><span style=\"font-family: times new roman, times, serif; font-size: 14pt;\">TWITTER<\/span><\/p>\n<p style=\"text-align: justify; padding-left: 120px;\"><span style=\"font-family: times new roman, times, serif; font-size: 14pt;\"><u>Edward Snowden<\/u><\/span><\/p>\n<p style=\"text-align: justify; padding-left: 120px;\"><span style=\"font-family: times new roman, times, serif; font-size: 14pt;\"><a href=\"https:\/\/twitter.com\/Snowden?ref_src=twsrc%5Etfw%7Ctwcamp%5Etweetembed%7Ctwterm%5E1625241477642088454%7Ctwgr%5Ed57e4eb1b132ca4af381e37745732a9f1471e00a%7Ctwcon%5Es1_&amp;ref_url=https%3A%2F%2Fenglish.almayadeen.net%2Fnews%2Fpolitics%2Fsnowden%3A-us-distracting-from-nord-stream-blasts-with-flying\">@Snowden<\/a><\/span><\/p>\n<p style=\"text-align: justify; padding-left: 120px;\"><span style=\"font-family: times new roman, times, serif; font-size: 14pt;\">ce ne sont pas des extraterrestres<\/span><\/p>\n<p style=\"text-align: justify; padding-left: 120px;\"><span style=\"font-family: times new roman, times, serif; font-size: 14pt;\">j&rsquo;aimerais bien que ce soient des extraterrestres,<\/span><\/p>\n<p style=\"text-align: justify; padding-left: 120px;\"><span style=\"font-family: times new roman, times, serif; font-size: 14pt;\">mais ce ne sont pas des extraterrestres<\/span><\/p>\n<p style=\"text-align: justify; padding-left: 120px;\"><span style=\"font-family: times new roman, times, serif; font-size: 14pt;\">c&rsquo;est juste la bonne vieille panique artificielle, une nuisance attrayante<\/span><\/p>\n<p style=\"text-align: justify; padding-left: 120px;\"><span style=\"font-family: times new roman, times, serif; font-size: 14pt;\">pour faire en sorte que les reporters de la s\u00e9curit\u00e9 nationale soient affect\u00e9s \u00e0 des enqu\u00eates sur les ballons plut\u00f4t que sur les budgets ou les bombardements (\u00e0 la Nordstream).<\/span><\/p>\n<p style=\"text-align: justify; padding-left: 120px;\"><span style=\"font-family: times new roman, times, serif; font-size: 14pt;\">\u00c0 +<\/span><\/p>\n<p>&nbsp;<\/p>\n<p>&nbsp;<\/p>\n<p style=\"text-align: justify;\"><span style=\"font-family: times new roman, times, serif; font-size: 14pt;\">Il pense que cette arnaque masque une arnaque encore plus importante que les \u00c9tats-Unis tentent de mettre en place.<\/span><\/p>\n<p>&nbsp;<\/p>\n<p style=\"text-align: justify;\"><span style=\"font-family: times new roman, times, serif; font-size: 14pt;\">Le journaliste d&rsquo;investigation Seymour Hersh, laur\u00e9at du prix Pulitzer, a d\u00e9j\u00e0 publi\u00e9 un rapport indiquant qu&rsquo;au cours de l&rsquo;\u00e9t\u00e9 2022, des plongeurs de l&rsquo;US Navy ont plant\u00e9 des explosifs, \u00e0 l\u2019abri des exercices de l&rsquo;OTAN Baltops, dans le but de d\u00e9truire les pipelines Nord Stream. Il affirme que la Norv\u00e8ge a activ\u00e9 ces explosifs plusieurs mois apr\u00e8s qu&rsquo;ils aient \u00e9t\u00e9 plant\u00e9s.<\/span><\/p>\n<p>&nbsp;<\/p>\n<p style=\"text-align: justify;\"><span style=\"font-family: times new roman, times, serif; font-size: 14pt;\">Il ajoute qu&rsquo;au bout de pr\u00e8s de neuf mois de discussions secr\u00e8tes avec l&rsquo;\u00e9quipe de s\u00e9curit\u00e9 nationale, le pr\u00e9sident Joe Biden a d\u00e9cid\u00e9 de saboter les pipelines.<\/span><\/p>\n<p>&nbsp;<\/p>\n<p style=\"text-align: justify;\"><span style=\"font-family: times new roman, times, serif; font-size: 14pt;\"><a href=\"https:\/\/www.levif.be\/international\/washington-rejette-un-article-laccusant-detre-responsable-du-sabotage-des-gazoducs-nord-stream\/\">La Maison Blanche a r\u00e9agi<\/a> en rejetant ses affirmations comme \u00ab\u00a0fausses et compl\u00e8tement fictives\u00a0\u00bb.<\/span><\/p>\n<p>&nbsp;<\/p>\n<p>&nbsp;<\/p>\n<p><span style=\"font-family: times new roman, times, serif; font-size: 18pt;\"><strong>La Russie accuse les USA et d\u00e9clare que les preuves circonstancielles sont plus que suffisantes.<\/strong><\/span><\/p>\n<p>&nbsp;<\/p>\n<p style=\"text-align: justify;\"><span style=\"font-family: times new roman, times, serif; font-size: 14pt;\"><a href=\"https:\/\/english.almayadeen.net\/news\/politics\/sweden-denmark-germany-to-investigate-nord-stream-issue-sepa\">Des enqu\u00eates distinctes<\/a> ont \u00e9t\u00e9 ouvertes par l&rsquo;Allemagne, le Danemark et la Su\u00e8de sur les soup\u00e7ons de sabotage, les m\u00e9dias allemands faisant \u00e9tat de probl\u00e8mes de confiance entre les trois pays de l&rsquo;UE. Le parquet russe a annonc\u00e9 une enqu\u00eate sur un \u00e9ventuel terrorisme international.<\/span><\/p>\n<p>&nbsp;<\/p>\n<p style=\"text-align: justify;\"><span style=\"font-family: times new roman, times, serif; font-size: 14pt;\">Toutefois, le Danemark et la Su\u00e8de ont <em>interdit<\/em> \u00e0 la Russie d&rsquo;enqu\u00eater sur l&rsquo;attaque. Le ministre russe des Affaires \u00e9trang\u00e8res, Sergue\u00ef Lavrov, a d\u00e9clar\u00e9 que cette exclusion mettait parfaitement en \u00e9vidence <a href=\"https:\/\/english.almayadeen.net\/news\/politics\/russia-exclusion-from-probe-into-nord-stream-attack-double-s\">la politique des deux poids, deux mesures de l&rsquo;Occident<\/a>.<\/span><\/p>\n<p>&nbsp;<\/p>\n<p style=\"text-align: justify;\"><span style=\"font-family: times new roman, times, serif; font-size: 14pt;\">En outre, \u00ab\u00a0les inspecteurs allemands charg\u00e9s d&rsquo;enqu\u00eater sur les explosions qui ont touch\u00e9 les gazoducs russes Nord Stream <a href=\"https:\/\/english.almayadeen.net\/news\/politics\/germany-cannot-prove-russia-sabotaged-nord-stream-pipelines\">ne disposent d&rsquo;aucun \u00e9l\u00e9ment<\/a> prouvant que la Russie est \u00e0 l&rsquo;origine des explosions catastrophiques qui ont eu lieu en mer Baltique en septembre 2022\u00a0\u00bb, a d\u00e9clar\u00e9 samedi le procureur g\u00e9n\u00e9ral allemand Peter Frank, cit\u00e9 par <em>Die Welt<\/em>.<\/span><\/p>\n<p>&nbsp;<\/p>\n<p style=\"text-align: justify;\"><span style=\"font-family: times new roman, times, serif; font-size: 14pt;\">La semaine derni\u00e8re, <a href=\"https:\/\/english.almayadeen.net\/news\/politics\/nato-should-hold-emergency-summit-over-nord-stream-explosion\">la Russie a demand\u00e9 \u00e0 l&rsquo;OTAN<\/a> de convoquer une r\u00e9union d&rsquo;urgence pour discuter des r\u00e9centes d\u00e9couvertes concernant les explosions de septembre sur les gazoducs Nord Stream.<\/span><\/p>\n<p>&nbsp;<\/p>\n<p style=\"text-align: justify;\"><span style=\"font-family: times new roman, times, serif; font-size: 14pt;\">\u00ab\u00a0Les faits sont ici plus que suffisants : l&rsquo;explosion des gazoducs, l\u2019existence d&rsquo;un mobile, les preuves circonstancielles obtenues par les journalistes\u00a0\u00bb, a d\u00e9clar\u00e9 la porte-parole du minist\u00e8re des Affaires \u00e9trang\u00e8res, Maria Zakharova.<\/span><\/p>\n<p>&nbsp;<\/p>\n<p style=\"text-align: justify;\"><span style=\"font-family: times new roman, times, serif; font-size: 14pt;\">Source : <a href=\"https:\/\/english.almayadeen.net\/news\/politics\/snowden:-us-distracting-from-nord-stream-blasts-with-flying\">Snowden : US distracting from Nord Stream blasts with &lsquo;flying objects&rsquo; | Al Mayadeen English<\/a><\/span><\/p>\n<p>&nbsp;<\/p>\n<p style=\"text-align: left;\"><strong><span style=\"font-family: times new roman, times, serif; font-size: 14pt;\">URL de cet article : <\/span><\/strong><a href=\"http:\/\/blog.lesgrossesorchadeslesamplesthalameges.fr\/index.php\/snowden-les-usa-detournent-lattention-des-explosions-du-nord-stream-avec-des-objets-volants\/\"><span style=\"font-family: times new roman, times, serif; font-size: 14pt;\">http:\/\/blog.lesgrossesorchadeslesamplesthalameges.fr\/index.php\/snowden-les-usa-detournent-lattention-des-explosions-du-nord-stream-avec-des-objets-volants\/<\/span><\/a><strong><span style=\"font-family: times new roman, times, serif; font-size: 14pt;\"><br \/>\n<\/span><\/strong><\/p>\n<p>&nbsp;<\/p>\n<p>&nbsp;<\/p>\n<p style=\"text-align: center;\"><a href=\"http:\/\/blog.lesgrossesorchadeslesamplesthalameges.fr\/index.php\/2023\/02\/17\/et-cest-reparti-comme-en-lan-xi\/000-armoiries-syrie\/\" rel=\"attachment wp-att-22196\"><img loading=\"lazy\" class=\"alignnone wp-image-22196\" src=\"http:\/\/blog.lesgrossesorchadeslesamplesthalameges.fr\/wp-content\/uploads\/2023\/02\/000.-Armoiries-Syrie.gif\" alt=\"\" width=\"80\" height=\"77\" \/><\/a><\/p>\n<p>&nbsp;<\/p>\n<p>&nbsp;<\/p>\n<p style=\"text-align: right;\"><span style=\"font-family: comic sans ms, sans-serif; font-size: 14pt;\">F\u00e9vrier 2023 <\/span><\/p>\n<p>&nbsp;<\/p>\n<p>&nbsp;<\/p>\n","protected":false},"excerpt":{"rendered":"<p>&nbsp; &nbsp; &nbsp; &nbsp; &nbsp; &nbsp; &nbsp; &nbsp; Snowden\u00a0: Les USA d\u00e9tournent l\u2019attention des explosions du Nord Stream avec des \u00ab\u00a0objets volants \u00bb \u00a0 Al Mayadeen English\u00a0 \u2013 Source\u00a0: Agences \u2013 14.2.2023 \u00a0 Traduction : c.l. pour L.G.O. \u00a0 \u00a0 \u00a0 &nbsp; &nbsp; Selon le c\u00e9l\u00e8bre lanceur d&rsquo;alerte Edward Snowden, les \u00c9tats-Unis cr\u00e9ent la panique&#8230;<\/p>\n","protected":false},"author":1,"featured_media":0,"parent":0,"menu_order":0,"comment_status":"open","ping_status":"open","template":"","meta":[],"_links":{"self":[{"href":"https:\/\/blog.lesgrossesorchadeslesamplesthalameges.fr\/index.php\/wp-json\/wp\/v2\/pages\/22229"}],"collection":[{"href":"https:\/\/blog.lesgrossesorchadeslesamplesthalameges.fr\/index.php\/wp-json\/wp\/v2\/pages"}],"about":[{"href":"https:\/\/blog.lesgrossesorchadeslesamplesthalameges.fr\/index.php\/wp-json\/wp\/v2\/types\/page"}],"author":[{"embeddable":true,"href":"https:\/\/blog.lesgrossesorchadeslesamplesthalameges.fr\/index.php\/wp-json\/wp\/v2\/users\/1"}],"replies":[{"embeddable":true,"href":"https:\/\/blog.lesgrossesorchadeslesamplesthalameges.fr\/index.php\/wp-json\/wp\/v2\/comments?post=22229"}],"version-history":[{"count":10,"href":"https:\/\/blog.lesgrossesorchadeslesamplesthalameges.fr\/index.php\/wp-json\/wp\/v2\/pages\/22229\/revisions"}],"predecessor-version":[{"id":22240,"href":"https:\/\/blog.lesgrossesorchadeslesamplesthalameges.fr\/index.php\/wp-json\/wp\/v2\/pages\/22229\/revisions\/22240"}],"wp:attachment":[{"href":"https:\/\/blog.lesgrossesorchadeslesamplesthalameges.fr\/index.php\/wp-json\/wp\/v2\/media?parent=22229"}],"curies":[{"name":"wp","href":"https:\/\/api.w.org\/{rel}","templated":true}]}}