{"id":22284,"date":"2023-02-21T20:54:40","date_gmt":"2023-02-21T19:54:40","guid":{"rendered":"http:\/\/blog.lesgrossesorchadeslesamplesthalameges.fr\/?page_id=22284"},"modified":"2023-02-21T20:55:46","modified_gmt":"2023-02-21T19:55:46","slug":"israel-bombarde-un-quartier-residentiel-de-damas-tuant-plusieurs-civils","status":"publish","type":"page","link":"https:\/\/blog.lesgrossesorchadeslesamplesthalameges.fr\/index.php\/israel-bombarde-un-quartier-residentiel-de-damas-tuant-plusieurs-civils\/","title":{"rendered":"Isra\u00ebl bombarde un quartier r\u00e9sidentiel de Damas, tuant plusieurs civils."},"content":{"rendered":"<p>&nbsp;<\/p>\n<p>&nbsp;<\/p>\n<p>&nbsp;<\/p>\n<p>&nbsp;<\/p>\n<p>&nbsp;<\/p>\n<p>&nbsp;<\/p>\n<p>&nbsp;<\/p>\n<p>&nbsp;<\/p>\n<p style=\"text-align: center;\"><span style=\"font-family: times new roman, times, serif; font-size: 36pt;\"><strong>Isra\u00ebl bombarde un quartier r\u00e9sidentiel de Damas, tuant plusieurs civils.<\/strong><\/span><\/p>\n<p style=\"text-align: center;\"><span style=\"font-family: times new roman, times, serif; font-size: 36pt;\"><strong>\u00a0<\/strong><\/span><\/p>\n<p style=\"text-align: center;\"><span style=\"font-family: times new roman, times, serif; font-size: 18pt;\">La derni\u00e8re violation de la souverainet\u00e9 syrienne par Tel-Aviv survient alors que la nation levantine tente de se remettre d&rsquo;un s\u00e9isme d\u00e9vastateur qui a caus\u00e9 la mort de pr\u00e8s de 6.000 personnes.<\/span><\/p>\n<p><span style=\"font-family: times new roman, times, serif; font-size: 14pt;\"><strong>\u00a0<\/strong><\/span><\/p>\n<p>&nbsp;<\/p>\n<p style=\"text-align: center;\"><span style=\"font-family: times new roman, times, serif; font-size: 18pt;\"><strong>News Desk \u2013\u00a0<em>The Cradle<\/em> \u201319.2.2023<\/strong><\/span><\/p>\n<p style=\"text-align: center;\"><span style=\"font-family: times new roman, times, serif; font-size: 18pt;\">Traduction :<strong> c.l.<\/strong> pour<strong> <em>L.G.O.<\/em><\/strong><\/span><\/p>\n<p style=\"text-align: center;\"><span style=\"font-family: times new roman, times, serif; font-size: 18pt;\"><strong>\u00a0<\/strong><\/span><\/p>\n<p>&nbsp;<\/p>\n<p>&nbsp;<\/p>\n<p style=\"text-align: center;\"><a href=\"http:\/\/blog.lesgrossesorchadeslesamplesthalameges.fr\/index.php\/2023\/02\/21\/le-pedigree-nazi-dursula\/18-bombardement-israel\/\" rel=\"attachment wp-att-22262\"><img loading=\"lazy\" class=\"alignnone wp-image-22262 size-full\" src=\"http:\/\/blog.lesgrossesorchadeslesamplesthalameges.fr\/wp-content\/uploads\/2023\/02\/18.-Bombardement-Israel.jpg\" alt=\"\" width=\"600\" height=\"336\" srcset=\"https:\/\/blog.lesgrossesorchadeslesamplesthalameges.fr\/wp-content\/uploads\/2023\/02\/18.-Bombardement-Israel.jpg 600w, https:\/\/blog.lesgrossesorchadeslesamplesthalameges.fr\/wp-content\/uploads\/2023\/02\/18.-Bombardement-Israel-300x168.jpg 300w\" sizes=\"(max-width: 600px) 100vw, 600px\" \/><\/a><\/p>\n<p style=\"text-align: center;\"><span style=\"font-family: times new roman, times, serif; font-size: 14pt;\">(Photo : Getty Images)<\/span><\/p>\n<p>&nbsp;<\/p>\n<p>&nbsp;<\/p>\n<p>&nbsp;<\/p>\n<p style=\"text-align: justify;\"><span style=\"font-family: times new roman, times, serif; font-size: 14pt;\">Au moins cinq personnes sont mortes, et 15 ont \u00e9t\u00e9 gri\u00e8vement bless\u00e9es dans la capitale syrienne le 19 f\u00e9vrier, apr\u00e8s que des avions de guerre isra\u00e9liens ont largu\u00e9 des bombes sur un immeuble du quartier de Kafr Sousa, dans le centre de Damas, qui aurait vis\u00e9 un complexe de s\u00e9curit\u00e9 proche d&rsquo;un centre culturel iranien.<\/span><\/p>\n<p style=\"text-align: justify;\"><span style=\"font-family: times new roman, times, serif; font-size: 14pt;\">\u00ab\u00a0\u00c0 00h22 (22:22 GMT), l&rsquo;ennemi isra\u00e9lien a men\u00e9 une agression a\u00e9rienne depuis la direction du plateau du Golan occup\u00e9, visant plusieurs zones de Damas et de ses environs, notamment des quartiers r\u00e9sidentiels\u00a0\u00bb, a d\u00e9clar\u00e9 le minist\u00e8re syrien de la D\u00e9fense dans un communiqu\u00e9.<\/span><\/p>\n<p style=\"text-align: justify;\"><span style=\"font-family: times new roman, times, serif; font-size: 14pt;\">Les images mises en ligne montrent qu&rsquo;un immeuble de 10 \u00e9tages a \u00e9t\u00e9 gravement endommag\u00e9 par l&rsquo;attaque, \u00e9crasant la structure de ses \u00e9tages inf\u00e9rieurs tandis que de gros morceaux de l&rsquo;immeuble tombaient dans la rue en contrebas.<\/span><\/p>\n<p style=\"text-align: justify;\"><span style=\"font-family: times new roman, times, serif; font-size: 14pt;\">\u00a0\u00ab\u00a0Le bombardement de dimanche est l&rsquo;attaque isra\u00e9lienne la plus meurtri\u00e8re dans la capitale syrienne\u00a0\u00bb, <a href=\"https:\/\/www.bbc.com\/news\/world-middle-east-64694099\">a d\u00e9clar\u00e9<\/a> l&rsquo;Observatoire syrien des droits de l&rsquo;homme (OSDH), bas\u00e9 au Royaume-Uni.<\/span><\/p>\n<p style=\"text-align: justify;\"><span style=\"font-family: times new roman, times, serif; font-size: 14pt;\">L&rsquo;attaque isra\u00e9lienne intervient alors que la Syrie n\u2019a pas fini de d\u00e9blayer les d\u00e9combres des tremblements de terre qui ont fait pr\u00e8s de 6.000 morts et ras\u00e9 de vastes \u00e9tendues de la r\u00e9gion nord-ouest du pays.<\/span><\/p>\n<p style=\"text-align: justify;\"><span style=\"font-family: times new roman, times, serif; font-size: 14pt;\">Comme c&rsquo;est devenu la norme, Tel Aviv n&rsquo;a fait aucun commentaire sur sa derni\u00e8re violation de la souverainet\u00e9 syrienne. Le mois dernier, une attaque de missiles isra\u00e9liens a touch\u00e9 l&rsquo;a\u00e9roport international de Damas, tuant quatre personnes, dont deux soldats.<\/span><\/p>\n<p style=\"text-align: justify;\"><span style=\"font-family: times new roman, times, serif; font-size: 14pt;\">Depuis pr\u00e8s de dix ans, Isra\u00ebl lance des attaques \u00e0 l&rsquo;int\u00e9rieur de la Syrie, qui viseraient des positions pr\u00e9sum\u00e9es de l&rsquo;Iran et du Hezbollah. Les avions de guerre isra\u00e9liens ont <a href=\"https:\/\/www.al-monitor.com\/originals\/2015\/01\/syria-opposition-daraa-israel-communication-nusra.html\">aussi bombard\u00e9<\/a> parfois des positions de l&rsquo;arm\u00e9e syrienne pour aider les offensives du Front Al-Nusra, affili\u00e9 \u00e0 Al-Qa\u00efda, pendant l&rsquo;insurrection salafiste soutenue par l&rsquo;Occident, la Turquie et le Golfe, qui a d\u00e9but\u00e9 en 2011.<\/span><\/p>\n<p style=\"text-align: justify;\"><span style=\"font-family: times new roman, times, serif; font-size: 14pt;\">La semaine derni\u00e8re, un responsable militaire isra\u00e9lien <a href=\"https:\/\/thecradle.co\/article-view\/21293\">a d\u00e9clar\u00e9<\/a> que Tel Aviv n&rsquo;h\u00e9siterait pas \u00e0 bombarder les livraisons d&rsquo;aide iranienne \u00e0 destination de la Syrie sinistr\u00e9e, sous pr\u00e9texte que T\u00e9h\u00e9ran cherche \u00e0 \u00ab\u00a0profiter de la situation tragique &#8230; pour envoyer des armes et du mat\u00e9riel au Hezbollah\u00a0\u00bb.<\/span><\/p>\n<p style=\"text-align: justify;\"><span style=\"font-family: times new roman, times, serif; font-size: 14pt;\">Cette nouvelle menace d&rsquo;Isra\u00ebl survient deux semaines \u00e0 peine <a href=\"https:\/\/thecradle.co\/article-view\/20886\">apr\u00e8s que ses drones aient bombard\u00e9<\/a> trois camions alimentaires iraniens charg\u00e9s de farine et de riz, alors qu&rsquo;ils se dirigeaient d&rsquo;Irak vers la Syrie.<\/span><\/p>\n<p style=\"text-align: justify;\"><span style=\"font-family: times new roman, times, serif; font-size: 14pt;\">Les camions tentaient d&rsquo;entrer l\u00e9galement en Syrie par le poste fronti\u00e8re d&rsquo;Al-Bukamal, quelques jours apr\u00e8s son ouverture aux camions commerciaux pour la premi\u00e8re fois depuis 2019.<\/span><\/p>\n<p style=\"text-align: justify;\"><span style=\"font-family: times new roman, times, serif; font-size: 14pt;\">Isra\u00ebl avait d\u00e9j\u00e0 emp\u00each\u00e9 l&rsquo;arriv\u00e9e d&rsquo;aide en Syrie en bombardant les a\u00e9roports du pays, toujours en all\u00e9gant des pr\u00e9textes similaires de \u00ab\u00a0livraisons d&rsquo;armes\u00a0\u00bb par l&rsquo;Iran..<\/span><\/p>\n<p><span style=\"font-family: times new roman, times, serif; font-size: 14pt;\">Source : <a href=\"https:\/\/thecradle.co\/article-view\/21623\/israel-bombs-residential-neighborhood-in-damascus-killing-several-civilians\">Israel bombs residential neighborhood in Damascus killing several civilians (thecradle.co)<\/a><\/span><\/p>\n<p>&nbsp;<\/p>\n<p>&nbsp;<\/p>\n<p><span style=\"font-family: times new roman, times, serif; font-size: 14pt; color: #c00000;\"><strong><em>Ajoutons qu\u2019il y a trois quarts de si\u00e8cle qu\u2019Isra\u00ebl se permet toutes ces sortes de violations meurtri\u00e8res, dans l\u2019indiff\u00e9rence colossale du \u00ab\u00a0Monde Libre\u00a0\u00bb. Mais pourquoi les Isra\u00e9liens se g\u00eaneraient-ils puisqu\u2019ils ne d\u00e9rangent que leurs victimes\u00a0?<\/em><\/strong><\/span><\/p>\n<p><span style=\"font-family: times new roman, times, serif; font-size: 14pt;\"><strong><em>\u00a0<\/em><\/strong><\/span><\/p>\n<p>&nbsp;<\/p>\n<p style=\"text-align: left;\"><strong><span style=\"font-family: times new roman, times, serif; font-size: 14pt;\">URL de cet article : <\/span><\/strong><a href=\"http:\/\/blog.lesgrossesorchadeslesamplesthalameges.fr\/index.php\/israel-bombarde-un-quartier-residentiel-de-damas-tuant-plusieurs-civils\/\"><span style=\"font-family: times new roman, times, serif; font-size: 14pt;\">http:\/\/blog.lesgrossesorchadeslesamplesthalameges.fr\/index.php\/israel-bombarde-un-quartier-residentiel-de-damas-tuant-plusieurs-civils\/<\/span><\/a><strong><span style=\"font-family: times new roman, times, serif; font-size: 14pt;\"><br \/>\n<\/span><\/strong><\/p>\n<p><span style=\"font-family: times new roman, times, serif; font-size: 14pt;\"><strong><em>\u00a0<\/em><\/strong><\/span><\/p>\n<p>&nbsp;<\/p>\n<p style=\"text-align: center;\"><strong><em>\u00a0<a href=\"http:\/\/blog.lesgrossesorchadeslesamplesthalameges.fr\/index.php\/israel-bombarde-un-quartier-residentiel-de-damas-tuant-plusieurs-civils\/000-dangerous-times-25\/\" rel=\"attachment wp-att-22285\"><img loading=\"lazy\" class=\"alignnone size-full wp-image-22285\" src=\"http:\/\/blog.lesgrossesorchadeslesamplesthalameges.fr\/wp-content\/uploads\/2023\/02\/000.-dangerous-times-1.gif\" alt=\"\" width=\"70\" height=\"63\" \/><\/a><\/em><\/strong><\/p>\n<p><strong><em>\u00a0<\/em><\/strong><\/p>\n<p><strong><em>\u00a0<\/em><\/strong><\/p>\n<p style=\"text-align: right;\"><span style=\"font-family: comic sans ms, sans-serif; font-size: 14pt;\">F\u00e9vrier 2023<\/span><\/p>\n<p>&nbsp;<\/p>\n<p>&nbsp;<\/p>\n","protected":false},"excerpt":{"rendered":"<p>&nbsp; &nbsp; &nbsp; &nbsp; &nbsp; &nbsp; &nbsp; &nbsp; Isra\u00ebl bombarde un quartier r\u00e9sidentiel de Damas, tuant plusieurs civils. \u00a0 La derni\u00e8re violation de la souverainet\u00e9 syrienne par Tel-Aviv survient alors que la nation levantine tente de se remettre d&rsquo;un s\u00e9isme d\u00e9vastateur qui a caus\u00e9 la mort de pr\u00e8s de 6.000 personnes. \u00a0 &nbsp; News Desk&#8230;<\/p>\n","protected":false},"author":1,"featured_media":0,"parent":0,"menu_order":0,"comment_status":"open","ping_status":"open","template":"","meta":[],"_links":{"self":[{"href":"https:\/\/blog.lesgrossesorchadeslesamplesthalameges.fr\/index.php\/wp-json\/wp\/v2\/pages\/22284"}],"collection":[{"href":"https:\/\/blog.lesgrossesorchadeslesamplesthalameges.fr\/index.php\/wp-json\/wp\/v2\/pages"}],"about":[{"href":"https:\/\/blog.lesgrossesorchadeslesamplesthalameges.fr\/index.php\/wp-json\/wp\/v2\/types\/page"}],"author":[{"embeddable":true,"href":"https:\/\/blog.lesgrossesorchadeslesamplesthalameges.fr\/index.php\/wp-json\/wp\/v2\/users\/1"}],"replies":[{"embeddable":true,"href":"https:\/\/blog.lesgrossesorchadeslesamplesthalameges.fr\/index.php\/wp-json\/wp\/v2\/comments?post=22284"}],"version-history":[{"count":7,"href":"https:\/\/blog.lesgrossesorchadeslesamplesthalameges.fr\/index.php\/wp-json\/wp\/v2\/pages\/22284\/revisions"}],"predecessor-version":[{"id":22292,"href":"https:\/\/blog.lesgrossesorchadeslesamplesthalameges.fr\/index.php\/wp-json\/wp\/v2\/pages\/22284\/revisions\/22292"}],"wp:attachment":[{"href":"https:\/\/blog.lesgrossesorchadeslesamplesthalameges.fr\/index.php\/wp-json\/wp\/v2\/media?parent=22284"}],"curies":[{"name":"wp","href":"https:\/\/api.w.org\/{rel}","templated":true}]}}