{"id":22295,"date":"2023-02-21T21:08:28","date_gmt":"2023-02-21T20:08:28","guid":{"rendered":"http:\/\/blog.lesgrossesorchadeslesamplesthalameges.fr\/?page_id=22295"},"modified":"2023-02-21T21:09:31","modified_gmt":"2023-02-21T20:09:31","slug":"le-ministere-syrien-des-affaires-etrangeres-appelle-a-une-action-internationale-apres-lattaque-israelienne","status":"publish","type":"page","link":"https:\/\/blog.lesgrossesorchadeslesamplesthalameges.fr\/index.php\/le-ministere-syrien-des-affaires-etrangeres-appelle-a-une-action-internationale-apres-lattaque-israelienne\/","title":{"rendered":"Le minist\u00e8re syrien des Affaires \u00e9trang\u00e8res appelle \u00e0 une \u00ab\u00a0action internationale\u00a0\u00bb apr\u00e8s l&rsquo;attaque isra\u00e9lienne."},"content":{"rendered":"<p>&nbsp;<\/p>\n<p>&nbsp;<\/p>\n<p>&nbsp;<\/p>\n<p>&nbsp;<\/p>\n<p>&nbsp;<\/p>\n<p>&nbsp;<\/p>\n<p>&nbsp;<\/p>\n<p>&nbsp;<\/p>\n<p style=\"text-align: center;\"><span style=\"font-family: times new roman, times, serif; font-size: 36pt;\"><strong>Le minist\u00e8re syrien des Affaires \u00e9trang\u00e8res appelle \u00e0 une \u00ab\u00a0action internationale\u00a0\u00bb apr\u00e8s l&rsquo;attaque isra\u00e9lienne.<\/strong><\/span><span style=\"font-family: times new roman, times, serif; font-size: 36pt;\"><strong>\u00a0<\/strong><\/span><\/p>\n<p>&nbsp;<\/p>\n<p>&nbsp;<\/p>\n<p style=\"text-align: center;\"><span style=\"font-family: times new roman, times, serif; font-size: 18pt;\">Les r\u00e9centes frappes a\u00e9riennes isra\u00e9liennes sur un quartier r\u00e9sidentiel de Damas ont fait au moins cinq morts et quinze bless\u00e9s graves.<\/span><\/p>\n<p>&nbsp;<\/p>\n<p>&nbsp;<\/p>\n<p style=\"text-align: center;\"><span style=\"font-family: times new roman, times, serif; font-size: 18pt;\"><strong>News Desk \u2013 <em>The Cradle<\/em> \u2013 20.2.2023<\/strong><\/span><\/p>\n<p style=\"text-align: center;\"><span style=\"font-family: times new roman, times, serif; font-size: 18pt;\">Traduction :<strong> c.l. <\/strong>pour<strong> <em>L.G.O.<\/em><\/strong><\/span><\/p>\n<p style=\"text-align: justify;\"><span style=\"font-family: times new roman, times, serif; font-size: 14pt;\"><strong>\u00a0<\/strong><\/span><\/p>\n<p>&nbsp;<\/p>\n<p style=\"text-align: center;\"><a href=\"http:\/\/blog.lesgrossesorchadeslesamplesthalameges.fr\/index.php\/2023\/02\/21\/le-pedigree-nazi-dursula\/19-bombardement-israelien\/\" rel=\"attachment wp-att-22263\"><img loading=\"lazy\" class=\"alignnone wp-image-22263 size-full\" src=\"http:\/\/blog.lesgrossesorchadeslesamplesthalameges.fr\/wp-content\/uploads\/2023\/02\/19.-Bombardement-israelien.jpg\" alt=\"\" width=\"600\" height=\"337\" srcset=\"https:\/\/blog.lesgrossesorchadeslesamplesthalameges.fr\/wp-content\/uploads\/2023\/02\/19.-Bombardement-israelien.jpg 600w, https:\/\/blog.lesgrossesorchadeslesamplesthalameges.fr\/wp-content\/uploads\/2023\/02\/19.-Bombardement-israelien-300x169.jpg 300w\" sizes=\"(max-width: 600px) 100vw, 600px\" \/><\/a><\/p>\n<p style=\"text-align: center;\"><span style=\"font-family: times new roman, times, serif; font-size: 14pt;\">(Photo : AP)<\/span><\/p>\n<p>&nbsp;<\/p>\n<p>&nbsp;<\/p>\n<p style=\"text-align: justify;\"><span style=\"font-family: times new roman, times, serif; font-size: 14pt;\">Le minist\u00e8re syrien des affaires \u00e9trang\u00e8res a condamn\u00e9 Tel-Aviv apr\u00e8s les frappes a\u00e9riennes isra\u00e9liennes qui ont frapp\u00e9 Damas t\u00f4t le matin du 19 f\u00e9vrier, tuant au moins cinq personnes et en blessant gri\u00e8vement quinze autres. Selon l&rsquo;agence de presse officielle SANA, le minist\u00e8re a appel\u00e9 \u00e0 une \u00ab\u00a0action internationale\u00a0\u00bb pour emp\u00eacher de nouvelles attaques sur le sol syrien.<\/span><\/p>\n<p>&nbsp;<\/p>\n<p style=\"text-align: justify; padding-left: 160px;\"><span style=\"font-family: times new roman, times, serif; font-size: 14pt;\">\u00ab\u00a0La Syrie attend du Secr\u00e9tariat des Nations Unies et du Conseil de s\u00e9curit\u00e9 qu&rsquo;ils condamnent les agressions et les crimes isra\u00e9liens, prennent les mesures n\u00e9cessaires pour les dissuader, les tenir pour responsables, punir leurs auteurs et veiller \u00e0 ce que ce genre d\u2019actes ne se reproduisent pas.\u00a0\u00bb<\/span><\/p>\n<p>&nbsp;<\/p>\n<p style=\"text-align: justify;\"><span style=\"font-family: times new roman, times, serif; font-size: 14pt;\">Le minist\u00e8re a \u00e9galement fait remarquer que ce bombardement s&rsquo;inscrit dans le contexte des attaques isra\u00e9liennes r\u00e9currentes contre des cibles civiles et co\u00efncide avec la r\u00e9cente attaque d&rsquo;ISIS \u00e0 Homs, qui a fait au moins 53 morts.<\/span><\/p>\n<p>&nbsp;<\/p>\n<p style=\"text-align: justify;\"><span style=\"font-family: times new roman, times, serif; font-size: 14pt;\">Des rapports locaux indiquent que les d\u00e9fenses a\u00e9riennes syriennes ont intercept\u00e9 la plupart des missiles, ajoutant que des frappes ont \u00e9galement touch\u00e9 des endroits dans la campagne de Damas, notamment dans la banlieue de Shahba et dans le nord d&rsquo;al-Suwayda, dans le sud-ouest de la Syrie.<\/span><\/p>\n<p>&nbsp;<\/p>\n<p style=\"text-align: justify;\"><span style=\"font-family: times new roman, times, serif; font-size: 14pt;\">Des photos et des vid\u00e9os du bombardement sont apparues sur les m\u00e9dias sociaux, montrant de graves dommages aux zones r\u00e9sidentielles et r\u00e9v\u00e9lant l\u2019identit\u00e9 de certaines des personnes d\u00e9c\u00e9d\u00e9es lors de l&rsquo;attaque, comme la pharmacienne syrienne Lilian Aoudi. Au nombre des personnes tu\u00e9es figurent aussi un m\u00e9decin et un ing\u00e9nieur.<\/span><\/p>\n<p>&nbsp;<\/p>\n<p style=\"text-align: justify;\"><span style=\"font-family: times new roman, times, serif; font-size: 14pt;\">On rappellera qu\u2019au d\u00e9but du mois, un responsable militaire isra\u00e9lien anonyme a d\u00e9clar\u00e9 au journal saoudien<em> Elaph<\/em> que Tel Aviv n&rsquo;h\u00e9siterait pas \u00e0 bombarder les livraisons d&rsquo;aide iranienne \u00e0 la Syrie, arguant du pr\u00e9texte que T\u00e9h\u00e9ran chercherait \u00e0 \u00ab\u00a0profiter de la situation tragique &#8230; pour envoyer des armes et des \u00e9quipements au Hezbollah\u00a0\u00bb.<\/span><\/p>\n<p>&nbsp;<\/p>\n<p style=\"text-align: justify;\"><span style=\"font-family: times new roman, times, serif; font-size: 14pt;\">Il faut savoir aussi qu\u2019en raison des \u00ab\u00a0sanctions\u00a0\u00bb occidentales, les livraisons d&rsquo;aide \u00e0 la Syrie ont \u00e9t\u00e9 fortement entrav\u00e9es, si on les compare au flux d&rsquo;aide entrant en Turquie voisine, ce qui oblige Damas \u00e0 peser davantage sur les nations alli\u00e9es comme la Russie et l&rsquo;Iran pour obtenir de l&rsquo;aide.<\/span><\/p>\n<p>&nbsp;<\/p>\n<p style=\"text-align: justify;\"><span style=\"font-family: times new roman, times, serif; font-size: 14pt;\">La Syrie a fr\u00e9quemment accus\u00e9 Isra\u00ebl d&rsquo;attaquer son territoire national de fa\u00e7on r\u00e9p\u00e9t\u00e9e, mais les autorit\u00e9s de Tel Aviv admettent rarement ces incursions, quoique la presse nationale isra\u00e9lienne en rende largement compte, sans toutefois en mentionner les auteurs<\/span><\/p>\n<p>&nbsp;<\/p>\n<p><span style=\"font-family: times new roman, times, serif; font-size: 14pt;\">Source : <a href=\"https:\/\/thecradle.co\/article-view\/21647\/syrian-foreign-ministry-urges-international-action-after-israeli-attack\">https:\/\/thecradle.co\/article-view\/21647\/syrian-foreign-ministry-urges-international-action-after-israeli-attack<\/a><\/span><\/p>\n<p>&nbsp;<\/p>\n<p>&nbsp;<\/p>\n<p style=\"text-align: center;\"><a href=\"http:\/\/blog.lesgrossesorchadeslesamplesthalameges.fr\/index.php\/israel-bombarde-un-quartier-residentiel-de-damas-tuant-plusieurs-civils\/000-dangerous-times-25\/\" rel=\"attachment wp-att-22285\"><img loading=\"lazy\" class=\"alignnone size-full wp-image-22285\" src=\"http:\/\/blog.lesgrossesorchadeslesamplesthalameges.fr\/wp-content\/uploads\/2023\/02\/000.-dangerous-times-1.gif\" alt=\"\" width=\"70\" height=\"63\" \/><\/a><\/p>\n<p>&nbsp;<\/p>\n<p>&nbsp;<\/p>\n<p style=\"text-align: justify;\"><span style=\"font-family: times new roman, times, serif; font-size: 14pt; color: #c00000;\"><strong><em>Heureusement qu\u2019il y a <\/em><\/strong><strong>The Cradle<em> et quelques autres (<\/em>Al Mayadeen, AlManar, Pars Today,\u00a0French PressTV<em>, par exemple. Car ce \u00a0n\u2019est pas dans vos merdias qu\u2019on vous en parlera. Et <\/em>RT, Sputnik<em> &amp; C\u00b0 sont interdits, comme entre 1940 et 1945. <\/em><\/strong><\/span><\/p>\n<p style=\"text-align: justify;\"><span style=\"font-family: times new roman, times, serif; font-size: 14pt;\"><span style=\"color: #c00000;\"><strong><em>Heureusement aussi qu\u2019il y a <\/em><\/strong><\/span><a href=\"https:\/\/fr.sputniknews.africa\/2023\"><strong>https:\/\/fr.sputniknews.africa\/2023<\/strong><\/a><span style=\"color: #c00000;\"><strong>. Merci \u00e0 eux de nous informer !<\/strong><\/span><\/span><\/p>\n<p style=\"text-align: justify;\"><span style=\"font-family: times new roman, times, serif; font-size: 14pt;\"><strong>\u00a0<\/strong><\/span><\/p>\n<p>&nbsp;<\/p>\n<p style=\"text-align: center;\"><span style=\"font-family: times new roman, times, serif; font-size: 14pt;\"><strong>\u00a0<a href=\"http:\/\/blog.lesgrossesorchadeslesamplesthalameges.fr\/index.php\/israel-bombarde-un-quartier-residentiel-de-damas-tuant-plusieurs-civils\/000-dangerous-times-25\/\" rel=\"attachment wp-att-22285\"><img loading=\"lazy\" class=\"alignnone size-full wp-image-22285\" src=\"http:\/\/blog.lesgrossesorchadeslesamplesthalameges.fr\/wp-content\/uploads\/2023\/02\/000.-dangerous-times-1.gif\" alt=\"\" width=\"70\" height=\"63\" \/><\/a><\/strong><\/span><\/p>\n<p style=\"text-align: justify;\"><span style=\"font-family: times new roman, times, serif; font-size: 14pt;\"><em>\u00a0<\/em><\/span><\/p>\n<p style=\"text-align: left;\"><span style=\"font-family: times new roman, times, serif; font-size: 14pt;\"><strong>URL de cet article : <\/strong><a href=\"http:\/\/blog.lesgrossesorchadeslesamplesthalameges.fr\/index.php\/le-ministere-syrien-des-affaires-etrangeres-appelle-a-une-action-internationale-apres-lattaque-israelienne\/\">http:\/\/blog.lesgrossesorchadeslesamplesthalameges.fr\/index.php\/le-ministere-syrien-des-affaires-etrangeres-appelle-a-une-action-internationale-apres-lattaque-israelienne\/<\/a><br \/>\n<\/span><\/p>\n<p style=\"text-align: justify;\"><span style=\"font-family: times new roman, times, serif; font-size: 14pt;\">\u00a0<\/span><\/p>\n<p style=\"text-align: justify;\"><span style=\"font-family: times new roman, times, serif; font-size: 14pt;\"><strong>\u00a0<\/strong><\/span><\/p>\n<p style=\"text-align: right;\"><span style=\"font-family: comic sans ms, sans-serif; font-size: 14pt;\"><strong>F\u00e9vrier 2023<\/strong><\/span><\/p>\n<p>&nbsp;<\/p>\n<p>&nbsp;<\/p>\n","protected":false},"excerpt":{"rendered":"<p>&nbsp; &nbsp; &nbsp; &nbsp; &nbsp; &nbsp; &nbsp; &nbsp; Le minist\u00e8re syrien des Affaires \u00e9trang\u00e8res appelle \u00e0 une \u00ab\u00a0action internationale\u00a0\u00bb apr\u00e8s l&rsquo;attaque isra\u00e9lienne.\u00a0 &nbsp; &nbsp; Les r\u00e9centes frappes a\u00e9riennes isra\u00e9liennes sur un quartier r\u00e9sidentiel de Damas ont fait au moins cinq morts et quinze bless\u00e9s graves. &nbsp; &nbsp; News Desk \u2013 The Cradle \u2013 20.2.2023 Traduction&#8230;<\/p>\n","protected":false},"author":1,"featured_media":0,"parent":0,"menu_order":0,"comment_status":"open","ping_status":"open","template":"","meta":[],"_links":{"self":[{"href":"https:\/\/blog.lesgrossesorchadeslesamplesthalameges.fr\/index.php\/wp-json\/wp\/v2\/pages\/22295"}],"collection":[{"href":"https:\/\/blog.lesgrossesorchadeslesamplesthalameges.fr\/index.php\/wp-json\/wp\/v2\/pages"}],"about":[{"href":"https:\/\/blog.lesgrossesorchadeslesamplesthalameges.fr\/index.php\/wp-json\/wp\/v2\/types\/page"}],"author":[{"embeddable":true,"href":"https:\/\/blog.lesgrossesorchadeslesamplesthalameges.fr\/index.php\/wp-json\/wp\/v2\/users\/1"}],"replies":[{"embeddable":true,"href":"https:\/\/blog.lesgrossesorchadeslesamplesthalameges.fr\/index.php\/wp-json\/wp\/v2\/comments?post=22295"}],"version-history":[{"count":5,"href":"https:\/\/blog.lesgrossesorchadeslesamplesthalameges.fr\/index.php\/wp-json\/wp\/v2\/pages\/22295\/revisions"}],"predecessor-version":[{"id":22300,"href":"https:\/\/blog.lesgrossesorchadeslesamplesthalameges.fr\/index.php\/wp-json\/wp\/v2\/pages\/22295\/revisions\/22300"}],"wp:attachment":[{"href":"https:\/\/blog.lesgrossesorchadeslesamplesthalameges.fr\/index.php\/wp-json\/wp\/v2\/media?parent=22295"}],"curies":[{"name":"wp","href":"https:\/\/api.w.org\/{rel}","templated":true}]}}