{"id":22329,"date":"2023-02-21T22:07:46","date_gmt":"2023-02-21T21:07:46","guid":{"rendered":"http:\/\/blog.lesgrossesorchadeslesamplesthalameges.fr\/?page_id=22329"},"modified":"2023-02-21T22:09:07","modified_gmt":"2023-02-21T21:09:07","slug":"des-factions-soutenues-par-la-turquie-bloquent-un-convoi-daide-en-provenance-de-la-region-kurde-de-syrie","status":"publish","type":"page","link":"https:\/\/blog.lesgrossesorchadeslesamplesthalameges.fr\/index.php\/des-factions-soutenues-par-la-turquie-bloquent-un-convoi-daide-en-provenance-de-la-region-kurde-de-syrie\/","title":{"rendered":"Des factions soutenues par la Turquie bloquent un convoi d&rsquo;aide en provenance de la r\u00e9gion kurde de Syrie."},"content":{"rendered":"<p>&nbsp;<\/p>\n<p>&nbsp;<\/p>\n<p>&nbsp;<\/p>\n<p>&nbsp;<\/p>\n<p>&nbsp;<\/p>\n<p>&nbsp;<\/p>\n<p>&nbsp;<\/p>\n<p>&nbsp;<\/p>\n<p style=\"text-align: center;\"><span style=\"font-family: times new roman, times, serif; font-size: 36pt;\"><strong>Des factions soutenues par la Turquie bloquent un convoi d&rsquo;aide en provenance de la r\u00e9gion kurde de Syrie.<\/strong><\/span><\/p>\n<p style=\"text-align: center;\"><span style=\"font-family: times new roman, times, serif; font-size: 36pt;\"><strong>\u00a0<\/strong><\/span><\/p>\n<p style=\"text-align: center;\"><span style=\"font-family: times new roman, times, serif; font-size: 18pt;\">Une livraison humanitaire de carburant s\u2019est remise en route vers le territoire contr\u00f4l\u00e9 par le gouvernement, en provenance de l&rsquo;AANES, apr\u00e8s qu&rsquo;un bref diff\u00e9rend entre Damas et les Kurdes ait \u00e9t\u00e9 r\u00e9solu.<\/span><\/p>\n<p>&nbsp;<\/p>\n<p>&nbsp;<\/p>\n<p style=\"text-align: center;\"><span style=\"font-family: times new roman, times, serif; font-size: 18pt;\"><strong>News Desk \u2013 <em>The Cradle<\/em> \u2013 17.2.2023<\/strong><\/span><\/p>\n<p style=\"text-align: center;\"><span style=\"font-family: times new roman, times, serif; font-size: 18pt;\">Traduction :<strong> c.l. <\/strong>pour<strong> <em>L.G.O.<\/em><\/strong><\/span><\/p>\n<p>&nbsp;<\/p>\n<p>&nbsp;<\/p>\n<p>&nbsp;<\/p>\n<p style=\"text-align: center;\"><a href=\"http:\/\/blog.lesgrossesorchadeslesamplesthalameges.fr\/index.php\/2023\/02\/21\/le-pedigree-nazi-dursula\/24-camions\/\" rel=\"attachment wp-att-22268\"><img loading=\"lazy\" class=\"alignnone wp-image-22268 size-full\" src=\"http:\/\/blog.lesgrossesorchadeslesamplesthalameges.fr\/wp-content\/uploads\/2023\/02\/24.-Camions.jpg\" alt=\"\" width=\"650\" height=\"316\" srcset=\"https:\/\/blog.lesgrossesorchadeslesamplesthalameges.fr\/wp-content\/uploads\/2023\/02\/24.-Camions.jpg 650w, https:\/\/blog.lesgrossesorchadeslesamplesthalameges.fr\/wp-content\/uploads\/2023\/02\/24.-Camions-300x146.jpg 300w\" sizes=\"(max-width: 650px) 100vw, 650px\" \/><\/a><\/p>\n<p style=\"text-align: center;\"><span style=\"font-family: times new roman, times, serif; font-size: 12pt;\">(Photo : Hawar News Agency)<\/span><\/p>\n<p>&nbsp;<\/p>\n<p>&nbsp;<\/p>\n<p>&nbsp;<\/p>\n<p style=\"text-align: justify;\"><span style=\"font-family: tahoma, arial, helvetica, sans-serif; font-size: 14pt;\"><strong>L&rsquo;Administration autonome du nord et de l&rsquo;est de la Syrie (AANES), dirig\u00e9e par les Kurdes, a annonc\u00e9 le 16 f\u00e9vrier le retrait d&rsquo;un convoi d&rsquo;aide qui, depuis plus d&rsquo;une semaine, \u00e9tait bloqu\u00e9 au poste fronti\u00e8re d&rsquo;Umm Jloud qui relie les zones de l&rsquo;AANES \u00e0 celles de l&rsquo;opposition soutenue par la Turquie.<\/strong><\/span><\/p>\n<p>&nbsp;<\/p>\n<p style=\"text-align: justify;\"><span style=\"font-family: times new roman, times, serif; font-size: 14pt;\">Le convoi d&rsquo;aide, envoy\u00e9 par l&rsquo;administration kurde dans les zones d&rsquo;influence turque, est bloqu\u00e9 au point de passage d&rsquo;Umm Jloud depuis le 8 f\u00e9vrier, en raison de l&rsquo;absence d&rsquo;approbation de son entr\u00e9e par les factions militantes. Le convoi est compos\u00e9 de 30 camions-citernes de carburant.<\/span><\/p>\n<p>&nbsp;<\/p>\n<p style=\"text-align: justify;\"><span style=\"font-family: times new roman, times, serif; font-size: 14pt;\">\u00ab\u00a0Malheureusement, apr\u00e8s le passage de plus de sept jours depuis le rejet de notre aide aux personnes touch\u00e9es par le tremblement de terre, nous allons retirer le convoi qui attendait au passage d&rsquo;Umm Jloud et qui \u00e9tait pr\u00eat \u00e0 entrer dans les zones touch\u00e9es du nord-ouest de la Syrie\u00a0\u00bb, a d\u00e9clar\u00e9 dans un communiqu\u00e9 Sadiq Muhammad al-Khalaf, copr\u00e9sident de la direction du carburant au sein de l&rsquo;AANES.<\/span><\/p>\n<p>&nbsp;<\/p>\n<p style=\"text-align: justify;\"><span style=\"font-family: times new roman, times, serif; font-size: 14pt;\">\u00a0\u00ab\u00a0Le convoi a d\u00fb battre en retraite en raison de l&rsquo;insistance de la Turquie et de ses mercenaires \u00e0 politiser les questions humanitaires aux d\u00e9pens des victimes sans d\u00e9fense\u00a0\u00bb, a-t-il ajout\u00e9.<\/span><\/p>\n<p>&nbsp;<\/p>\n<p style=\"text-align: justify;\"><span style=\"font-family: times new roman, times, serif; font-size: 14pt;\">L&rsquo;opposition extr\u00e9miste a une longue histoire de vol ou de d\u00e9tournement de l&rsquo;aide humanitaire. Depuis le tremblement de terre, Hayat Tahrir al-Sham (HTS) et les factions soutenues par la Turquie ont fortement politis\u00e9 les efforts de secours \u00e0 leur profit.<\/span><\/p>\n<p>&nbsp;<\/p>\n<p style=\"text-align: justify;\"><span style=\"font-family: times new roman, times, serif; font-size: 14pt;\">Le 17 f\u00e9vrier, le quotidien libanais <em>Al-Akhbar<\/em> a rapport\u00e9 qu&rsquo;au m\u00eame moment, un conflit avait \u00e9clat\u00e9 entre Damas et les autorit\u00e9s kurdes apr\u00e8s l&rsquo;envoi d&rsquo;un convoi d&rsquo;aide par l&rsquo;AANES. Ce convoi, compos\u00e9 de 100 camions-citernes, \u00e9tait destin\u00e9 au territoire d&rsquo;Alep contr\u00f4l\u00e9 par le gouvernement, mais il a \u00e9t\u00e9 bloqu\u00e9 pendant plusieurs jours au point de passage d&rsquo;Al-Tahya.<\/span><\/p>\n<p>&nbsp;<\/p>\n<p style=\"text-align: justify;\"><span style=\"font-family: times new roman, times, serif; font-size: 14pt;\">Selon le journal, l&rsquo;AANES et les Forces D\u00e9mocratiques Syriennes (FDS) avaient insist\u00e9 pour que la distribution de l&rsquo;aide soit limit\u00e9e aux quartiers d&rsquo;Alep \u00e0 majorit\u00e9 kurde d&rsquo;Ashrafieh et de Sheikh Maqsoud, qui, selon les sources, sont les quartiers les moins touch\u00e9s du gouvernorat. Toutefois, apr\u00e8s que le diff\u00e9rend ait \u00e9t\u00e9 r\u00e9solu et que l&rsquo;AANES ait \u00ab\u00a0annul\u00e9 ses conditions\u00a0\u00bb, il a \u00e9t\u00e9 convenu que 40 camions-citernes seraient envoy\u00e9s \u00e0 Sheikh Maqsoud et Ashrafieh, tandis que 60 seraient r\u00e9partis entre les autres quartiers d&rsquo;Alep. Les 100 camions-citernes sont entr\u00e9s dans le territoire tenu par le gouvernement le 15 f\u00e9vrier.<\/span><\/p>\n<p>&nbsp;<\/p>\n<p style=\"text-align: justify;\"><span style=\"font-family: times new roman, times, serif; font-size: 14pt;\">Les sources d&rsquo;<em>Al-Akhbar <\/em>ont accus\u00e9 l&rsquo;AANES et les SDF de \u00ab\u00a0retarder l&rsquo;entr\u00e9e de ce convoi\u00a0\u00bb jusqu&rsquo;\u00e0 ce que la \u00ab\u00a0position am\u00e9ricaine\u00a0\u00bb concernant ce mouvement soit claire.<\/span><\/p>\n<p>&nbsp;<\/p>\n<p style=\"text-align: justify;\"><span style=\"font-family: times new roman, times, serif; font-size: 14pt;\">\u00ab\u00a0Ils n&rsquo;ont \u00e9t\u00e9 autoris\u00e9s \u00e0 entrer qu&rsquo;apr\u00e8s que les Am\u00e9ricains aient d\u00e9clar\u00e9 qu&rsquo;ils ne s&rsquo;opposaient pas \u00e0 l&rsquo;arriv\u00e9e de l&rsquo;aide (&#8230;) aux diff\u00e9rentes r\u00e9gions de Syrie\u00a0\u00bb, ont ajout\u00e9 les m\u00eames sources.<\/span><\/p>\n<p>&nbsp;<\/p>\n<p style=\"text-align: left;\"><span style=\"font-family: times new roman, times, serif; font-size: 14pt;\">Source : <a href=\"https:\/\/thecradle.co\/article-view\/21559\/turkish-backed-factions-block-aid-convoy-sent-from-syrias-kurdish-region\">Turkish-backed factions block aid convoy sent from Syria\u2019s Kurdish region (thecradle.co)<\/a><\/span><\/p>\n<p>&nbsp;<\/p>\n<p>&nbsp;<\/p>\n<p><span style=\"font-family: times new roman, times, serif; font-size: 14pt;\"><a href=\"http:\/\/blog.lesgrossesorchadeslesamplesthalameges.fr\/index.php\/israel-bombarde-un-quartier-residentiel-de-damas-tuant-plusieurs-civils\/000-dangerous-times-25\/\" rel=\"attachment wp-att-22285\"><img loading=\"lazy\" class=\"alignnone size-full wp-image-22285 aligncenter\" src=\"http:\/\/blog.lesgrossesorchadeslesamplesthalameges.fr\/wp-content\/uploads\/2023\/02\/000.-dangerous-times-1.gif\" alt=\"\" width=\"70\" height=\"63\" \/><\/a><\/span><\/p>\n<p>&nbsp;<\/p>\n<p>&nbsp;<\/p>\n<p style=\"text-align: justify;\"><span style=\"font-family: times new roman, times, serif; font-size: 14pt; color: #c00000;\"><strong><em>C\u2019est clair comme de l\u2019eau de vaisselle.<\/em><\/strong><\/span><\/p>\n<p style=\"text-align: justify;\"><span style=\"font-family: times new roman, times, serif; font-size: 14pt; color: #c00000;\"><strong><em>On croyait pourtant que les n\u00e9gociations entre les s\u00e9cessionistes Kurdes et Bachar al-Assad, en vue de leur r\u00e9int\u00e9gration au bercail national, \u00e9taient en bonne voie quand les tremblements de terre se sont produits.<\/em><\/strong><\/span><\/p>\n<p style=\"text-align: justify;\"><span style=\"font-family: times new roman, times, serif; font-size: 14pt; color: #c00000;\"><strong><em>Mais, depuis le Docteur Faust et M\u00e9phistoph\u00e9l\u00e8s, on sait que tout pacte avec le diable est vou\u00e9 \u00e0 finir mal, et il est clair que, quand on parle de Daech, d\u2019Al Qaeda ou des Kurdes, on parle des USA, quelqu\u2019envie qu\u2019ils puissent avoir de s\u2019en d\u00e9tacher.<\/em><\/strong><\/span><\/p>\n<p>&nbsp;<\/p>\n<p>&nbsp;<\/p>\n<p style=\"text-align: center;\"><a href=\"http:\/\/blog.lesgrossesorchadeslesamplesthalameges.fr\/index.php\/israel-bombarde-un-quartier-residentiel-de-damas-tuant-plusieurs-civils\/000-dangerous-times-25\/\" rel=\"attachment wp-att-22285\"><img loading=\"lazy\" class=\"alignnone size-full wp-image-22285\" src=\"http:\/\/blog.lesgrossesorchadeslesamplesthalameges.fr\/wp-content\/uploads\/2023\/02\/000.-dangerous-times-1.gif\" alt=\"\" width=\"70\" height=\"63\" \/><\/a><\/p>\n<p>&nbsp;<\/p>\n<p>&nbsp;<\/p>\n<p style=\"text-align: left;\"><span style=\"font-size: 14pt;\"><strong><span style=\"font-family: times new roman, times, serif;\">URL de cet article : <\/span><\/strong><a href=\"http:\/\/blog.lesgrossesorchadeslesamplesthalameges.fr\/index.php\/des-factions-soutenues-par-la-turquie-bloquent-un-convoi-daide-en-provenance-de-la-region-kurde-de-syrie\/\"><span style=\"font-family: times new roman, times, serif;\">http:\/\/blog.lesgrossesorchadeslesamplesthalameges.fr\/index.php\/des-factions-soutenues-par-la-turquie-bloquent-un-convoi-daide-en-provenance-de-la-region-kurde-de-syrie\/<\/span><\/a><\/span><\/p>\n<p>&nbsp;<\/p>\n<p>&nbsp;<\/p>\n<p>&nbsp;<\/p>\n<p style=\"text-align: right;\"><span style=\"font-family: comic sans ms, sans-serif; font-size: 14pt;\">F\u00e9vrier 2023<\/span><\/p>\n<p>&nbsp;<\/p>\n<p>&nbsp;<\/p>\n","protected":false},"excerpt":{"rendered":"<p>&nbsp; &nbsp; &nbsp; &nbsp; &nbsp; &nbsp; &nbsp; &nbsp; Des factions soutenues par la Turquie bloquent un convoi d&rsquo;aide en provenance de la r\u00e9gion kurde de Syrie. \u00a0 Une livraison humanitaire de carburant s\u2019est remise en route vers le territoire contr\u00f4l\u00e9 par le gouvernement, en provenance de l&rsquo;AANES, apr\u00e8s qu&rsquo;un bref diff\u00e9rend entre Damas et les&#8230;<\/p>\n","protected":false},"author":1,"featured_media":0,"parent":0,"menu_order":0,"comment_status":"open","ping_status":"open","template":"","meta":[],"_links":{"self":[{"href":"https:\/\/blog.lesgrossesorchadeslesamplesthalameges.fr\/index.php\/wp-json\/wp\/v2\/pages\/22329"}],"collection":[{"href":"https:\/\/blog.lesgrossesorchadeslesamplesthalameges.fr\/index.php\/wp-json\/wp\/v2\/pages"}],"about":[{"href":"https:\/\/blog.lesgrossesorchadeslesamplesthalameges.fr\/index.php\/wp-json\/wp\/v2\/types\/page"}],"author":[{"embeddable":true,"href":"https:\/\/blog.lesgrossesorchadeslesamplesthalameges.fr\/index.php\/wp-json\/wp\/v2\/users\/1"}],"replies":[{"embeddable":true,"href":"https:\/\/blog.lesgrossesorchadeslesamplesthalameges.fr\/index.php\/wp-json\/wp\/v2\/comments?post=22329"}],"version-history":[{"count":3,"href":"https:\/\/blog.lesgrossesorchadeslesamplesthalameges.fr\/index.php\/wp-json\/wp\/v2\/pages\/22329\/revisions"}],"predecessor-version":[{"id":22332,"href":"https:\/\/blog.lesgrossesorchadeslesamplesthalameges.fr\/index.php\/wp-json\/wp\/v2\/pages\/22329\/revisions\/22332"}],"wp:attachment":[{"href":"https:\/\/blog.lesgrossesorchadeslesamplesthalameges.fr\/index.php\/wp-json\/wp\/v2\/media?parent=22329"}],"curies":[{"name":"wp","href":"https:\/\/api.w.org\/{rel}","templated":true}]}}