{"id":22334,"date":"2023-02-21T22:31:02","date_gmt":"2023-02-21T21:31:02","guid":{"rendered":"http:\/\/blog.lesgrossesorchadeslesamplesthalameges.fr\/?page_id=22334"},"modified":"2023-02-21T22:32:07","modified_gmt":"2023-02-21T21:32:07","slug":"des-celebrites-soutiennent-la-decision-du-maire-de-barcelone-de-rompre-tous-liens-avec-israel","status":"publish","type":"page","link":"https:\/\/blog.lesgrossesorchadeslesamplesthalameges.fr\/index.php\/des-celebrites-soutiennent-la-decision-du-maire-de-barcelone-de-rompre-tous-liens-avec-israel\/","title":{"rendered":"Des c\u00e9l\u00e9brit\u00e9s soutiennent la d\u00e9cision du maire de Barcelone de rompre tous liens avec \u00ab\u00a0Isra\u00ebl\u00a0\u00bb."},"content":{"rendered":"<p>&nbsp;<\/p>\n<p>&nbsp;<\/p>\n<p>&nbsp;<\/p>\n<p>&nbsp;<\/p>\n<p>&nbsp;<\/p>\n<p>&nbsp;<\/p>\n<p>&nbsp;<\/p>\n<p>&nbsp;<\/p>\n<p style=\"text-align: center;\"><strong><span style=\"font-family: times new roman, times, serif; font-size: 36pt;\">Des c\u00e9l\u00e9brit\u00e9s soutiennent la d\u00e9cision du maire de Barcelone de rompre tous liens avec \u00ab\u00a0Isra\u00ebl\u00a0\u00bb.<\/span><\/strong><\/p>\n<p>&nbsp;<\/p>\n<p>&nbsp;<\/p>\n<p style=\"text-align: center;\"><span style=\"font-family: times new roman, times, serif; font-size: 18pt;\">Une d\u00e9claration de solidarit\u00e9 a \u00e9t\u00e9 sign\u00e9e par des grands noms de Hollywood, dont Mark Ruffalo, Susan Sarandon, Viggo Mortensen et Alia Shawkat, qui soutiennent la r\u00e9cente d\u00e9cision du maire de Barcelone de rompre tous liens avec \u00ab Isra\u00ebl\u00a0<strong>\u00bb<\/strong>\u00a0en raison des mauvais traitements et des meurtres inflig\u00e9s aux Palestiniens.<\/span><\/p>\n<p>&nbsp;<\/p>\n<p>&nbsp;<\/p>\n<p>&nbsp;<\/p>\n<p style=\"text-align: center;\"><span style=\"font-family: times new roman, times, serif; font-size: 14pt;\"><strong><em>Al Mayadeen Engl.<\/em><\/strong><strong>\u00a0 \u2013 Source\u00a0: Agences \u2013\u00a0 17.2.2023<\/strong><\/span><\/p>\n<p style=\"text-align: center;\"><span style=\"font-family: times new roman, times, serif; font-size: 14pt;\">Traduction rapide :<strong> <em>L.G.O.<\/em><\/strong><\/span><\/p>\n<p>&nbsp;<\/p>\n<p style=\"text-align: center;\"><span style=\"font-family: times new roman, times, serif; font-size: 14pt;\"><strong>[Voir les vid\u00e9os dans l\u2019article d\u2019origine]<\/strong><\/span><\/p>\n<p style=\"text-align: justify;\"><span style=\"font-family: times new roman, times, serif; font-size: 14pt;\"><strong>\u00a0<\/strong><\/span><\/p>\n<p>&nbsp;<\/p>\n<p>&nbsp;<\/p>\n<p style=\"text-align: center;\"><a href=\"http:\/\/blog.lesgrossesorchadeslesamplesthalameges.fr\/index.php\/2023\/02\/21\/le-pedigree-nazi-dursula\/25-susan-sarandon-a-beyrouth\/\" rel=\"attachment wp-att-22269\"><img loading=\"lazy\" class=\"alignnone wp-image-22269 size-full\" src=\"http:\/\/blog.lesgrossesorchadeslesamplesthalameges.fr\/wp-content\/uploads\/2023\/02\/25.-Susan-Sarandon-a-Beyrouth.jpg\" alt=\"\" width=\"600\" height=\"337\" srcset=\"https:\/\/blog.lesgrossesorchadeslesamplesthalameges.fr\/wp-content\/uploads\/2023\/02\/25.-Susan-Sarandon-a-Beyrouth.jpg 600w, https:\/\/blog.lesgrossesorchadeslesamplesthalameges.fr\/wp-content\/uploads\/2023\/02\/25.-Susan-Sarandon-a-Beyrouth-300x169.jpg 300w\" sizes=\"(max-width: 600px) 100vw, 600px\" \/><\/a><\/p>\n<p style=\"text-align: center;\"><span style=\"font-family: times new roman, times, serif; font-size: 12pt;\"><strong><em>L\u2019actrice Susan Sarandon, visitant le camp de r\u00e9fugi\u00e9s palestiniens de Burj Al-Barajneh, \u00e0 Beyrouth, en mars 2019 <\/em><\/strong>[Reuters]<\/span><\/p>\n<p>&nbsp;<\/p>\n<p>&nbsp;<\/p>\n<p>&nbsp;<\/p>\n<p style=\"text-align: justify;\"><span style=\"font-family: tahoma, arial, helvetica, sans-serif; font-size: 14pt;\"><strong>Cette d\u00e9cision intervient une semaine apr\u00e8s que le maire, Mme \u00a0Ada Colau, ait envoy\u00e9 une lettre au Premier ministre isra\u00e9lien Benjamin Netanyahou, lui faisant savoir que les accords de jumelage Barcelone-\u00ab Tel Aviv \u00bb, vieux de 25 ans, allaient \u00eatre coup\u00e9s en m\u00eame temps que d\u2019autres liens officiels.<\/strong><\/span><\/p>\n<p>&nbsp;<\/p>\n<p style=\"text-align: justify; padding-left: 120px;\"><span style=\"font-family: times new roman, times, serif; font-size: 14pt;\">\u00ab\u00a0J&rsquo;ai d\u00e9cid\u00e9 de suspendre temporairement les relations avec l&rsquo;\u00c9tat d&rsquo;Isra\u00ebl et avec les institutions officielles de cet \u00c9tat \u2013 y compris les accords de jumelage avec la mairie de Tel Aviv \u2013 jusqu&rsquo;\u00e0 ce que les autorit\u00e9s isra\u00e9liennes mettent fin au syst\u00e8me de violations du peuple palestinien et respectent pleinement les obligations que leur imposent le droit international et les diff\u00e9rentes r\u00e9solutions des Nations Unies. Nous ne pouvons pas nous taire.\u00a0\u00bb<\/span><\/p>\n<p>&nbsp;<\/p>\n<p style=\"text-align: justify;\"><span style=\"font-family: times new roman, times, serif; font-size: 14pt;\">a-t-elle \u00e9crit.<\/span><\/p>\n<p>&nbsp;<\/p>\n<p style=\"text-align: justify;\"><span style=\"font-family: times new roman, times, serif; font-size: 14pt;\">Plus de 50 personnalit\u00e9s publiques et \u00e9minentes ont \u00e9galement sign\u00e9 l&rsquo;accord, dont Arundhati Roy, Naomi Klein, Angela Davis, Brian Eno, Peter Gabriel, Marianne Faithful, Judith Butler, Ken Loach, Annie Ernaux et Hanan Ashrawi.<\/span><\/p>\n<p style=\"text-align: justify;\"><span style=\"font-family: times new roman, times, serif; font-size: 14pt;\">\u00a0<\/span><\/p>\n<p style=\"text-align: justify;\"><span style=\"font-family: times new roman, times, serif; font-size: 14pt;\">Leur lettre, estampill\u00e9e \u00e0 Hollywood, d\u00e9clare :<\/span><\/p>\n<p>&nbsp;<\/p>\n<p style=\"text-align: justify; padding-left: 120px;\"><span style=\"font-family: times new roman, times, serif; font-size: 14pt;\">\u00ab Nous soussign\u00e9s nous opposons au racisme sous toutes ses formes et d\u00e9fendons les principes de justice et de droits de l&rsquo;homme d&rsquo;une mani\u00e8re totale qui inclut les Palestiniens. Nous sommes moralement scandalis\u00e9s par le fait que des gouvernements puissants r\u00e9agissent aux graves violations par Isra\u00ebl des droits les plus \u00e9l\u00e9mentaires des Palestiniens par des gestes vides et des expressions de \u00ab pr\u00e9occupation \u00bb, alors que, simultan\u00e9ment, ils arment, financent et prot\u00e8gent de toute responsabilit\u00e9 le syst\u00e8me isra\u00e9lien fondamentalement injuste, vieux de plusieurs d\u00e9cennies, tout en poursuivant les affaires \u2013 qui sont les affaires \u2013 comme si de rien n&rsquo;\u00e9tait \u00bb.<\/span><\/p>\n<p>&nbsp;<\/p>\n<p>&nbsp;<\/p>\n<p>&nbsp;<\/p>\n<p style=\"text-align: justify;\"><span style=\"font-family: times new roman, times, serif; font-size: 18pt;\"><strong>Et donc,\u00a0Madrid veut se jumeler avec \u00ab\u00a0Tel Aviv\u00a0\u00bb&#8230;<\/strong><\/span><\/p>\n<p>&nbsp;<\/p>\n<p style=\"text-align: justify;\"><span style=\"font-family: times new roman, times, serif; font-size: 14pt;\">Les groupes de d\u00e9fense des droits de l&rsquo;homme et les militants de la Palestine ont salu\u00e9 la d\u00e9cision de Mme Colau sur tous les m\u00e9dias sociaux, l&rsquo;organisation <em>American Muslims for Palestine<\/em> postant m\u00eame : \u00ab\u00a0C&rsquo;est si r\u00e9confortant de voir le maire de Barcelone, parmi d&rsquo;autres dirigeants, prendre r\u00e9ellement position contre l&rsquo;apartheid isra\u00e9lien\u00a0\u00bb.<\/span><\/p>\n<p>&nbsp;<\/p>\n<p style=\"text-align: justify;\"><span style=\"font-family: times new roman, times, serif; font-size: 14pt;\">M\u00eame la rapporteuse sp\u00e9ciale des Nations Unies sur les territoires palestiniens, Francesca Albanese, a exprim\u00e9 son sentiment dans un tweet : \u00ab\u00a0Il suffit d&rsquo;une seule personne ou d\u2019un seul peuple courageux et respectueux des principes pour commencer \u00e0 corriger un chemin d&rsquo;injustice et faire l&rsquo;histoire\u00a0\u00bb.<\/span><\/p>\n<p>&nbsp;<\/p>\n<p style=\"text-align: justify;\"><span style=\"font-family: times new roman, times, serif; font-size: 14pt;\">Cependant, comme c\u2019\u00e9tait \u00e0 pr\u00e9voir, les groupes pro-\u00ab Isra\u00ebl \u00bb n\u2019ont pas manqu\u00e9 de manifester leur frustration, et le minist\u00e8re des Affaires \u00e9trang\u00e8res d&rsquo;\u00ab Isra\u00ebl \u00bb a une fois de plus utilis\u00e9 la bonne vieille carte de l&rsquo;antis\u00e9mitisme, son arme de pr\u00e9dilection pour estoquer toute initiative en faveur de la Palestine. Le minist\u00e8re a notamment d\u00e9clar\u00e9 : \u00ab Cette d\u00e9cision apporte un soutien aux extr\u00e9mistes, aux organisations terroristes et \u00e0 l&rsquo;antis\u00e9mitisme \u00bb, ajoutant : \u00ab L&rsquo;amiti\u00e9 entre Isra\u00ebl et Barcelone est ancienne et repose sur une culture et des valeurs communes. Cette malheureuse d\u00e9cision ne r\u00e9ussira pas \u00e0 porter atteinte \u00e0 leur amiti\u00e9 \u00bb.<\/span><\/p>\n<p>&nbsp;<\/p>\n<p style=\"text-align: justify;\"><span style=\"font-family: times new roman, times, serif; font-size: 14pt;\">Dans un traitement plus choquant des \u00e9v\u00e9nements, le maire de Madrid, Jos\u00e9 Luis Mart\u00ednez-Almeida, n\u2019a pas fait que s\u2019opposer \u00e0 la d\u00e9cision de Mme Colau : il a carr\u00e9ment pr\u00e9conis\u00e9, sur Twitter, un accord de jumelage de Madrid avec \u00ab Tel Aviv \u00bb.<\/span><\/p>\n<p>&nbsp;<\/p>\n<p style=\"text-align: justify;\"><span style=\"font-family: times new roman, times, serif; font-size: 14pt;\">\u00ab\u00a0Je ne sais pour quelles raisons nous n&rsquo;avons pas \u00e9t\u00e9 jumel\u00e9s, mais je pense que c&rsquo;est une excellente occasion de montrer \u00e0 Tel Aviv et, par extension, \u00e0 l&rsquo;ensemble de l&rsquo;\u00c9tat d&rsquo;Isra\u00ebl que la ville de Madrid sait clairement o\u00f9 est sa place\u00a0: que Madrid est du bon c\u00f4t\u00e9\u00a0\u00bb, a-t-il d\u00e9clar\u00e9 dans une vid\u00e9o publi\u00e9e sur Twitter. \u00ab\u00a0Madrid dit clairement que nous devons renforcer nos relations avec une d\u00e9mocratie, un \u00c9tat de droit comme Isra\u00ebl\u00a0\u00bb.<\/span><\/p>\n<p>&nbsp;<\/p>\n<p style=\"text-align: justify;\"><span style=\"font-family: times new roman, times, serif; font-size: 14pt;\">Mme Colau a d\u00e9clar\u00e9 que la situation des Palestiniens \u00e9tait un \u00ab\u00a0crime d&rsquo;apartheid\u00a0\u00bb, d\u00e9non\u00e7ant \u00ab\u00a0des d\u00e9cennies de violations syst\u00e9matiques des droits de l&rsquo;homme, l&rsquo;occupation et la colonisation ill\u00e9gale des territoires palestiniens contre toutes les recommandations des Nations Unies\u00a0\u00bb.<\/span><\/p>\n<p>&nbsp;<\/p>\n<p style=\"text-align: justify;\"><span style=\"font-family: times new roman, times, serif; font-size: 14pt;\">En tant que maire, \u00ab je ne peux pas rester impassible face \u00e0 la violation syst\u00e9matique des droits fondamentaux de la population palestinienne \u00bb, lit-on dans sa lettre.<\/span><\/p>\n<p>&nbsp;<\/p>\n<p style=\"text-align: justify;\"><span style=\"font-family: times new roman, times, serif; font-size: 14pt;\">Source\u00a0: 009. URL <a href=\"https:\/\/english.almayadeen.net\/news\/art-culture\/celebrities-endorse-barcelona-mayor-decision-to-cut-ties-wit\">Celebrities endorse Barcelona mayor decision to cut ties with &lsquo;Israel&rsquo; | Al Mayadeen English<\/a><\/span><\/p>\n<p>&nbsp;<\/p>\n<p>&nbsp;<\/p>\n<p style=\"text-align: justify;\"><span style=\"font-family: times new roman, times, serif; font-size: 18pt; color: #c00000;\"><strong><em>Ne nous dites pas que le maire de Madrid est franquiste\u00a0! On ne vous croirait pas.<\/em><\/strong><\/span><\/p>\n<p>&nbsp;<\/p>\n<p>&nbsp;<\/p>\n<p style=\"text-align: center;\"><a href=\"http:\/\/blog.lesgrossesorchadeslesamplesthalameges.fr\/index.php\/israel-bombarde-un-quartier-residentiel-de-damas-tuant-plusieurs-civils\/000-dangerous-times-25\/\" rel=\"attachment wp-att-22285\"><img loading=\"lazy\" class=\"alignnone size-full wp-image-22285\" src=\"http:\/\/blog.lesgrossesorchadeslesamplesthalameges.fr\/wp-content\/uploads\/2023\/02\/000.-dangerous-times-1.gif\" alt=\"\" width=\"70\" height=\"63\" \/><\/a><\/p>\n<p>&nbsp;<\/p>\n<p>&nbsp;<\/p>\n<p style=\"text-align: left;\"><span style=\"font-family: times new roman, times, serif; font-size: 14pt;\"><strong>URL de cet article :<\/strong> <a href=\"http:\/\/blog.lesgrossesorchadeslesamplesthalameges.fr\/index.php\/des-celebrites-soutiennent-la-decision-du-maire-de-barcelone-de-rompre-tous-liens-avec-israel\/\">http:\/\/blog.lesgrossesorchadeslesamplesthalameges.fr\/index.php\/des-celebrites-soutiennent-la-decision-du-maire-de-barcelone-de-rompre-tous-liens-avec-israel\/<\/a><\/span><\/p>\n<p>&nbsp;<\/p>\n<p>&nbsp;<\/p>\n<p style=\"text-align: right;\"><span style=\"font-size: 14pt; font-family: comic sans ms, sans-serif;\">F\u00e9vrier 2023<\/span><\/p>\n<p>&nbsp;<\/p>\n<p>&nbsp;<\/p>\n","protected":false},"excerpt":{"rendered":"<p>&nbsp; &nbsp; &nbsp; &nbsp; &nbsp; &nbsp; &nbsp; &nbsp; Des c\u00e9l\u00e9brit\u00e9s soutiennent la d\u00e9cision du maire de Barcelone de rompre tous liens avec \u00ab\u00a0Isra\u00ebl\u00a0\u00bb. &nbsp; &nbsp; Une d\u00e9claration de solidarit\u00e9 a \u00e9t\u00e9 sign\u00e9e par des grands noms de Hollywood, dont Mark Ruffalo, Susan Sarandon, Viggo Mortensen et Alia Shawkat, qui soutiennent la r\u00e9cente d\u00e9cision du maire&#8230;<\/p>\n","protected":false},"author":1,"featured_media":0,"parent":0,"menu_order":0,"comment_status":"open","ping_status":"open","template":"","meta":[],"_links":{"self":[{"href":"https:\/\/blog.lesgrossesorchadeslesamplesthalameges.fr\/index.php\/wp-json\/wp\/v2\/pages\/22334"}],"collection":[{"href":"https:\/\/blog.lesgrossesorchadeslesamplesthalameges.fr\/index.php\/wp-json\/wp\/v2\/pages"}],"about":[{"href":"https:\/\/blog.lesgrossesorchadeslesamplesthalameges.fr\/index.php\/wp-json\/wp\/v2\/types\/page"}],"author":[{"embeddable":true,"href":"https:\/\/blog.lesgrossesorchadeslesamplesthalameges.fr\/index.php\/wp-json\/wp\/v2\/users\/1"}],"replies":[{"embeddable":true,"href":"https:\/\/blog.lesgrossesorchadeslesamplesthalameges.fr\/index.php\/wp-json\/wp\/v2\/comments?post=22334"}],"version-history":[{"count":5,"href":"https:\/\/blog.lesgrossesorchadeslesamplesthalameges.fr\/index.php\/wp-json\/wp\/v2\/pages\/22334\/revisions"}],"predecessor-version":[{"id":22339,"href":"https:\/\/blog.lesgrossesorchadeslesamplesthalameges.fr\/index.php\/wp-json\/wp\/v2\/pages\/22334\/revisions\/22339"}],"wp:attachment":[{"href":"https:\/\/blog.lesgrossesorchadeslesamplesthalameges.fr\/index.php\/wp-json\/wp\/v2\/media?parent=22334"}],"curies":[{"name":"wp","href":"https:\/\/api.w.org\/{rel}","templated":true}]}}