{"id":22343,"date":"2023-02-21T22:49:00","date_gmt":"2023-02-21T21:49:00","guid":{"rendered":"http:\/\/blog.lesgrossesorchadeslesamplesthalameges.fr\/?page_id=22343"},"modified":"2023-02-21T22:50:44","modified_gmt":"2023-02-21T21:50:44","slug":"negociations-de-paix-wagenknecht-et-schwarzer-redigent-un-manifeste-pour-la-paix","status":"publish","type":"page","link":"https:\/\/blog.lesgrossesorchadeslesamplesthalameges.fr\/index.php\/negociations-de-paix-wagenknecht-et-schwarzer-redigent-un-manifeste-pour-la-paix\/","title":{"rendered":"N\u00e9gociations de paix : Wagenknecht et Schwarzer r\u00e9digent un manifeste pour la paix"},"content":{"rendered":"<p>&nbsp;<\/p>\n<p>&nbsp;<\/p>\n<p>&nbsp;<\/p>\n<p>&nbsp;<\/p>\n<p>&nbsp;<\/p>\n<p>&nbsp;<\/p>\n<p>&nbsp;<\/p>\n<p>&nbsp;<\/p>\n<p style=\"text-align: center;\"><strong><span style=\"font-family: times new roman, times, serif; font-size: 36pt;\">N\u00e9gociations de paix : Wagenknecht et Schwarzer r\u00e9digent un manifeste pour la paix<\/span><\/strong><\/p>\n<h1 style=\"text-align: justify;\"><\/h1>\n<p>&nbsp;<\/p>\n<p>&nbsp;<\/p>\n<p style=\"text-align: center;\"><strong><span style=\"font-family: times new roman, times, serif; font-size: 18pt;\"><em>Strategika.fr<\/em> \u2013 18.2.2023<\/span><\/strong><\/p>\n<p style=\"text-align: center;\"><span style=\"font-family: times new roman, times, serif; font-size: 18pt;\">Source : <a href=\"https:\/\/www.defenddemocracy.press\/peace-negotiations-wagenknecht-and-schwarzer-draft-a-manifesto-for-peace\/\"><strong><em>defenddemocracy.press<\/em><\/strong><\/a><strong> \u2013 11.2. 2023<\/strong><\/span><\/p>\n<p style=\"text-align: center;\"><span style=\"font-family: times new roman, times, serif; font-size: 18pt;\">Traduction : <strong>Strategika<\/strong><\/span><\/p>\n<p>&nbsp;<\/p>\n<p>&nbsp;<\/p>\n<p>&nbsp;<\/p>\n<p style=\"text-align: center;\"><span style=\"font-family: times new roman, times, serif; font-size: 14pt;\"><strong>\u00a0<a href=\"http:\/\/blog.lesgrossesorchadeslesamplesthalameges.fr\/index.php\/2023\/02\/21\/le-pedigree-nazi-dursula\/26-sarah-und-schwarze\/\" rel=\"attachment wp-att-22271\"><img loading=\"lazy\" class=\"alignnone wp-image-22271 size-full\" src=\"http:\/\/blog.lesgrossesorchadeslesamplesthalameges.fr\/wp-content\/uploads\/2023\/02\/26.-Sarah-und-Schwarze.jpg\" alt=\"\" width=\"600\" height=\"289\" srcset=\"https:\/\/blog.lesgrossesorchadeslesamplesthalameges.fr\/wp-content\/uploads\/2023\/02\/26.-Sarah-und-Schwarze.jpg 600w, https:\/\/blog.lesgrossesorchadeslesamplesthalameges.fr\/wp-content\/uploads\/2023\/02\/26.-Sarah-und-Schwarze-300x145.jpg 300w\" sizes=\"(max-width: 600px) 100vw, 600px\" \/><\/a><\/strong><\/span><\/p>\n<p>&nbsp;<\/p>\n<p>&nbsp;<\/p>\n<p style=\"text-align: justify;\"><span style=\"font-family: times new roman, times, serif; font-size: 14pt;\"><strong>\u00a0<\/strong><\/span><\/p>\n<p style=\"text-align: justify;\"><span style=\"font-family: times new roman, times, serif; font-size: 14pt;\">La politicienne de gauche Sahra Wagenknecht et la publiciste Alice Schwarzer ont r\u00e9dig\u00e9 un \u00ab\u00a0Manifeste pour la paix\u00a0\u00bb dans lequel elles demandent l\u2019arr\u00eat des livraisons d\u2019armes \u00e0 l\u2019Ukraine. Elles appellent aussi \u00e0 un rassemblement le 25 f\u00e9vrier \u00e0 Berlin. Au d\u00e9but du texte, publi\u00e9 vendredi sur la plateforme de p\u00e9tition change.org, on peut lire qu\u2019aujourd\u2019hui au 352e jour de la guerre :<\/span><\/p>\n<p style=\"text-align: justify;\"><span style=\"font-family: times new roman, times, serif; font-size: 14pt;\">\u00ab\u00a0Si les combats continuent ainsi, l\u2019Ukraine sera bient\u00f4t un pays d\u00e9peupl\u00e9 et d\u00e9vast\u00e9\u00a0\u00bb.<\/span><\/p>\n<p style=\"text-align: justify;\"><span style=\"font-family: times new roman, times, serif; font-size: 14pt;\">Wagenknecht et Schwarzer font r\u00e9f\u00e9rence aux plus de 200 000 soldats et 50 000 civils qui seraient morts dans les combats. Un \u00ab\u00a0peuple entier est traumatis\u00e9\u00a0\u00bb :<\/span><\/p>\n<p style=\"text-align: justify;\"><span style=\"font-family: times new roman, times, serif; font-size: 14pt;\">\u00ab\u00a0Et beaucoup de gens en Europe ont peur d\u2019une escalade de la guerre. Ils craignent pour leur avenir et celui de leurs enfants.\u00a0\u00bb<\/span><\/p>\n<p style=\"text-align: justify;\"><span style=\"font-family: times new roman, times, serif; font-size: 14pt;\">Wagenknecht et Schwarzer ont \u00e9galement d\u00e9clar\u00e9 que la population ukrainienne avait \u00e9t\u00e9 \u00ab\u00a0brutalement attaqu\u00e9e par la Russie\u00a0\u00bb et avait besoin de \u00ab\u00a0notre solidarit\u00e9\u00a0\u00bb. Or, selon elles, cette solidarit\u00e9 ne doit pas consister en des livraisons d\u2019armes.<\/span><\/p>\n<p style=\"text-align: right;\"><span style=\"font-family: times new roman, times, serif; font-size: 14pt;\"><a href=\"https:\/\/strategika.fr\/2023\/02\/18\/negociations-de-paix-wagenknecht-et-schwarzer-redigent-un-manifeste-pour-la-paix\/\"><strong><span style=\"font-family: arial black, sans-serif;\">Lire la suite\u2026<\/span><\/strong><\/a><\/span><\/p>\n<p>&nbsp;<\/p>\n<p style=\"text-align: left;\"><span style=\"font-family: times new roman, times, serif; font-size: 14pt;\">Source\u00a0: \u00a0<a href=\"https:\/\/strategika.fr\/2023\/02\/18\/negociations-de-paix-wagenknecht-et-schwarzer-redigent-un-manifeste-pour-la-paix\/\">N\u00e9gociations de paix : Wagenknecht et Schwarzer r\u00e9digent un manifeste pour la paix &#8211; Strategika<\/a><\/span><\/p>\n<p>&nbsp;<\/p>\n<p>&nbsp;<\/p>\n<p style=\"text-align: center;\"><strong><em><a href=\"http:\/\/blog.lesgrossesorchadeslesamplesthalameges.fr\/index.php\/israel-bombarde-un-quartier-residentiel-de-damas-tuant-plusieurs-civils\/000-dangerous-times-25\/\" rel=\"attachment wp-att-22285\"><img loading=\"lazy\" class=\"alignnone size-full wp-image-22285\" src=\"http:\/\/blog.lesgrossesorchadeslesamplesthalameges.fr\/wp-content\/uploads\/2023\/02\/000.-dangerous-times-1.gif\" alt=\"\" width=\"70\" height=\"63\" \/><\/a><\/em><\/strong><\/p>\n<p>&nbsp;<\/p>\n<p>&nbsp;<\/p>\n<p style=\"text-align: justify;\"><span style=\"font-family: comic sans ms, sans-serif; font-size: 12pt;\">Malgr\u00e9 toute l\u2019estime qu\u2019on a depuis longtemps pour Mme Wagenknecht, il faut bien qu\u2019on lui dise ici qu\u2019elle a encore, en mati\u00e8re de morale publique, deux ou trois choses \u00e0 apprendre. Car il n\u2019est pas admissible qu\u2019une femme politique digne de ce nom bafouille que l\u2019Ukraine a \u00e9t\u00e9 \u00ab\u00a0brutalement attaqu\u00e9e par la Russie\u00a0\u00bb\u2026 preuve qu\u2019elle n\u2019a pas suivi tr\u00e8s s\u00e9rieusement les \u00e9v\u00e9nements r\u00e9els, mais seulement les r\u00e9citations des merdias vendus.<\/span><\/p>\n<p style=\"text-align: justify;\"><span style=\"font-family: comic sans ms, sans-serif; font-size: 12pt;\">Si \u00ab\u00a0beaucoup de gens en Europe [\u2026] craignent pour leur avenir et celui de leurs enfants\u00a0\u00bb\u2026 il en va de m\u00eame des Russes, qui, en outre, avaient de s\u00e9rieuses raisons de craindre pour leurs <em>vies<\/em> et celles de leurs enfants.<\/span><\/p>\n<p style=\"text-align: justify;\"><span style=\"font-family: comic sans ms, sans-serif; font-size: 12pt;\">Leur entr\u00e9e \u00ab\u00a0en Ukraine\u00a0\u00bb \u2013 territoire russe imm\u00e9morial dont Nikita Khrouchtchev a dispos\u00e9 abusivement pour des raisons personnelles et n\u2019a pu le faire qu\u2019en complicit\u00e9 avec la \u00ab\u00a0Communaut\u00e9 Internationale\u00e9\u00a0\u00bb, c. \u00e0 d. de l\u2019Occident \u2013 n\u2019a jamais \u00e9t\u00e9 une agression, mais un acte de l\u00e9gitime d\u00e9fense. Ajoutons que si les Russes n\u2019avaient fait preuve, dans leur Op\u00e9ration Sp\u00e9ciale d\u2019une retenue dont peu de peuples seraient capables dans des conditions similaires, s\u2019ils avaient, \u00e0 l\u2019exemple du r\u00e9gime de Kiev, bombard\u00e9 les populations civiles \u00e0 tout va (rappelons que ce sont <em>des civils Ukrainiens<\/em> que les \u00ab\u00a0d\u00e9fenseurs de l\u2019Ukraine\u00a0\u00bb massacrent all\u00e9grement depuis beaucoup plus d\u2019un an), il y aurait infiniment plus de morts dans cette guerre qu\u2019il n\u2019y en a. Rappelons aussi que c\u2019est pour prot\u00e9ger autant que faire se peut les populations civiles ukrainiennes que meurent des soldats russes, qui pourraient les bombarder \u00e0 l\u2019aise, s\u2019ils voulaient, comme font tous les autres partout, pour avancer plus vite en courant moins de risques.<\/span><\/p>\n<p style=\"text-align: justify;\"><span style=\"font-family: comic sans ms, sans-serif; font-size: 12pt;\">Il n\u2019y a pas de guerre d\u00e9fendable. Sauf celles de d\u00e9fense. <em>R\u00e9ellement <\/em>de d\u00e9fense. C\u2019est justement le cas de celle de la Russie aujourd\u2019hui\u00a0: aussi l\u00e9gitime que celle de la France en l\u2019An II. Nous passerons sur le fait qu\u2019en se d\u00e9fendant ainsi, les Russes se battent aussi pour nous, qui ne le m\u00e9ritons pas vraiment, mais laissons cela pour l\u2019instant.<\/span><\/p>\n<p style=\"text-align: justify;\"><span style=\"font-family: comic sans ms, sans-serif; font-size: 12pt;\">On ne peut pas, Madame, quand on veut jouer un r\u00f4le politique dans un pays comme l\u2019Allemagne, se contenter d\u2019\u00e0-peu-pr\u00e8s, de n\u2019importe quoi et surtout d\u2019id\u00e9es re\u00e7ues.<\/span><\/p>\n<p style=\"text-align: justify;\"><span style=\"font-family: comic sans ms, sans-serif; font-size: 12pt;\">Qui aime bien ch\u00e2tie bien. C\u2019est parce qu\u2019on l\u2019aime bien qu\u2019on se permet.<\/span><\/p>\n<p style=\"text-align: right;\"><span style=\"font-family: comic sans ms, sans-serif; font-size: 12pt;\"><strong><em>L.G.O.<\/em><\/strong><\/span><\/p>\n<p style=\"text-align: justify;\"><span style=\"font-family: comic sans ms, sans-serif; font-size: 12pt;\"><strong><em>\u00a0<\/em><\/strong><\/span><\/p>\n<p style=\"text-align: justify;\"><span style=\"font-family: times new roman, times, serif; font-size: 14pt;\"><strong><em>\u00a0<a href=\"http:\/\/blog.lesgrossesorchadeslesamplesthalameges.fr\/index.php\/israel-bombarde-un-quartier-residentiel-de-damas-tuant-plusieurs-civils\/000-dangerous-times-25\/\" rel=\"attachment wp-att-22285\"><img loading=\"lazy\" class=\"size-full wp-image-22285 aligncenter\" src=\"http:\/\/blog.lesgrossesorchadeslesamplesthalameges.fr\/wp-content\/uploads\/2023\/02\/000.-dangerous-times-1.gif\" alt=\"\" width=\"70\" height=\"63\" \/><\/a><\/em><\/strong><\/span><\/p>\n<p style=\"text-align: justify;\">\n<p style=\"text-align: left;\"><span style=\"font-family: times new roman, times, serif; font-size: 14pt;\"><strong>URL de cet article : <\/strong><a href=\"http:\/\/blog.lesgrossesorchadeslesamplesthalameges.fr\/index.php\/negociations-de-paix-wagenknecht-et-schwarzer-redigent-un-manifeste-pour-la-paix\/\">http:\/\/blog.lesgrossesorchadeslesamplesthalameges.fr\/index.php\/negociations-de-paix-wagenknecht-et-schwarzer-redigent-un-manifeste-pour-la-paix\/<\/a><br \/>\n<\/span><\/p>\n<p style=\"text-align: justify;\"><span style=\"font-family: times new roman, times, serif; font-size: 14pt;\">\u00a0<\/span><\/p>\n<p>&nbsp;<\/p>\n<p style=\"text-align: right;\"><span style=\"font-family: comic sans ms, sans-serif; font-size: 14pt;\">F\u00e9vrier 2023<\/span><\/p>\n<p>&nbsp;<\/p>\n<p>&nbsp;<\/p>\n","protected":false},"excerpt":{"rendered":"<p>&nbsp; &nbsp; &nbsp; &nbsp; &nbsp; &nbsp; &nbsp; &nbsp; N\u00e9gociations de paix : Wagenknecht et Schwarzer r\u00e9digent un manifeste pour la paix &nbsp; &nbsp; Strategika.fr \u2013 18.2.2023 Source : defenddemocracy.press \u2013 11.2. 2023 Traduction : Strategika &nbsp; &nbsp; &nbsp; \u00a0 &nbsp; &nbsp; \u00a0 La politicienne de gauche Sahra Wagenknecht et la publiciste Alice Schwarzer ont r\u00e9dig\u00e9&#8230;<\/p>\n","protected":false},"author":1,"featured_media":0,"parent":0,"menu_order":0,"comment_status":"open","ping_status":"open","template":"","meta":[],"_links":{"self":[{"href":"https:\/\/blog.lesgrossesorchadeslesamplesthalameges.fr\/index.php\/wp-json\/wp\/v2\/pages\/22343"}],"collection":[{"href":"https:\/\/blog.lesgrossesorchadeslesamplesthalameges.fr\/index.php\/wp-json\/wp\/v2\/pages"}],"about":[{"href":"https:\/\/blog.lesgrossesorchadeslesamplesthalameges.fr\/index.php\/wp-json\/wp\/v2\/types\/page"}],"author":[{"embeddable":true,"href":"https:\/\/blog.lesgrossesorchadeslesamplesthalameges.fr\/index.php\/wp-json\/wp\/v2\/users\/1"}],"replies":[{"embeddable":true,"href":"https:\/\/blog.lesgrossesorchadeslesamplesthalameges.fr\/index.php\/wp-json\/wp\/v2\/comments?post=22343"}],"version-history":[{"count":6,"href":"https:\/\/blog.lesgrossesorchadeslesamplesthalameges.fr\/index.php\/wp-json\/wp\/v2\/pages\/22343\/revisions"}],"predecessor-version":[{"id":22349,"href":"https:\/\/blog.lesgrossesorchadeslesamplesthalameges.fr\/index.php\/wp-json\/wp\/v2\/pages\/22343\/revisions\/22349"}],"wp:attachment":[{"href":"https:\/\/blog.lesgrossesorchadeslesamplesthalameges.fr\/index.php\/wp-json\/wp\/v2\/media?parent=22343"}],"curies":[{"name":"wp","href":"https:\/\/api.w.org\/{rel}","templated":true}]}}