{"id":22445,"date":"2023-02-26T20:37:34","date_gmt":"2023-02-26T19:37:34","guid":{"rendered":"http:\/\/blog.lesgrossesorchadeslesamplesthalameges.fr\/?page_id=22445"},"modified":"2023-02-26T20:39:13","modified_gmt":"2023-02-26T19:39:13","slug":"entre-tragedie-et-opera-bouffe","status":"publish","type":"page","link":"https:\/\/blog.lesgrossesorchadeslesamplesthalameges.fr\/index.php\/entre-tragedie-et-opera-bouffe\/","title":{"rendered":"Entre trag\u00e9die et op\u00e9ra bouffe"},"content":{"rendered":"<p>&nbsp;<\/p>\n<p>&nbsp;<\/p>\n<p>&nbsp;<\/p>\n<p>&nbsp;<\/p>\n<p>&nbsp;<\/p>\n<p>&nbsp;<\/p>\n<p>&nbsp;<\/p>\n<p style=\"text-align: center;\"><a href=\"http:\/\/blog.lesgrossesorchadeslesamplesthalameges.fr\/index.php\/entre-tragedie-et-opera-bouffe\/10-logo-comaguer-gif\/\" rel=\"attachment wp-att-22447\"><img loading=\"lazy\" class=\"alignnone size-full wp-image-22447\" src=\"http:\/\/blog.lesgrossesorchadeslesamplesthalameges.fr\/wp-content\/uploads\/2023\/02\/10.-Logo-COMAGUER-GIF.gif\" alt=\"\" width=\"250\" height=\"136\" \/><\/a><\/p>\n<p>&nbsp;<\/p>\n<p>&nbsp;<\/p>\n<p style=\"text-align: center;\"><span style=\"font-family: times new roman, times, serif; font-size: 18pt;\"><strong>Bulletin Comaguer n\u00b0 508<\/strong><\/span><\/p>\n<p style=\"text-align: center;\"><span style=\"font-family: times new roman, times, serif; font-size: 18pt;\"><strong>24 F\u00e9vrier 2023<\/strong><\/span><\/p>\n<p>&nbsp;<\/p>\n<p>&nbsp;<\/p>\n<p style=\"text-align: center;\"><span style=\"font-family: times new roman, times, serif; font-size: 36pt;\"><strong>Entre trag\u00e9die et op\u00e9ra bouffe<\/strong><\/span><\/p>\n<p>&nbsp;<\/p>\n<p>&nbsp;<\/p>\n<p style=\"text-align: justify;\"><span style=\"font-family: times new roman, times, serif; font-size: 14pt;\">COMAGUER a traduit le texte ci-apr\u00e8s publi\u00e9 en anglais sur le site russe <em>STALKER ZONE<\/em> et l\u2019a diffus\u00e9 volontairement sans commentaire le 21 F\u00e9vrier dans son Bulletin 507 sous le titre \u00ab\u00a0Le nouveau complot de Munich\u00a0\u00bb.<\/span><\/p>\n<p style=\"text-align: justify;\"><span style=\"font-family: times new roman, times, serif; font-size: 14pt;\">Ce bulletin n\u2019a \u00e9t\u00e9 ni repris ni diffus\u00e9. Donc nous avons d\u00e9cid\u00e9 de le rediffuser mais accompagn\u00e9 cette fois par le commentaire qui suit\u00a0:<\/span><\/p>\n<p>&nbsp;<\/p>\n<p style=\"text-align: justify;\"><span style=\"font-family: tahoma, arial, helvetica, sans-serif; font-size: 12pt;\"><strong>Quand des citoyens d\u2019un pays ou un groupe de ce pays comme <em>Stalker Zone<\/em> d\u00e9cide de publier un texte o\u00f9 il est \u00e9crit que le pays \u00e0 qui la barbarie nazie a pris 27 millions de vies se trouve contraint de reprendre seul un combat qu\u2019il pouvait esp\u00e9rer ne jamais se renouveler, nous affirmons que ce message venu du fond de cette immense trag\u00e9die historique doit \u00eatre entendu partout. Le voici\u00a0:<\/strong><\/span><\/p>\n<p>&nbsp;<\/p>\n<p>&nbsp;<\/p>\n<p style=\"text-align: center;\"><span style=\"font-family: times new roman, times, serif; font-size: 12pt;\"><strong>IL N\u2019Y A PAS ET IL N\u2019Y AURA JAMAIS PLUS SUR CETTE PLAN\u00c8TE DE \u00ab SOUS HOMMES \u00bb\u00a0\u00a0 <\/strong><\/span><\/p>\n<p>&nbsp;<\/p>\n<p style=\"text-align: center;\"><span style=\"font-family: times new roman, times, serif; font-size: 12pt;\"><strong>ET IL NE DOIT PLUS Y AVOIR DE R\u00c9GIME PORTEUR D\u2019UN TEL PROJET FUNESTE<\/strong><strong>.<\/strong><\/span><\/p>\n<p>&nbsp;<\/p>\n<p>&nbsp;<\/p>\n<p style=\"text-align: center;\"><span style=\"font-family: times new roman, times, serif; font-size: 36pt;\"><strong>Le nouveau complot de Munich<\/strong><\/span><\/p>\n<p>&nbsp;<\/p>\n<p style=\"text-align: center;\"><span style=\"font-family: times new roman, times, serif; font-size: 18pt;\"><strong>Publi\u00e9 par le site <em>STALKER ZONE<\/em> <\/strong><\/span><\/p>\n<p>&nbsp;<\/p>\n<p style=\"text-align: center;\"><span style=\"font-family: times new roman, times, serif; font-size: 18pt;\">Traduction <strong>Comaguer \u2013 <\/strong>20 f\u00e9vrier 2023<\/span><\/p>\n<p style=\"text-align: justify;\"><span style=\"font-family: times new roman, times, serif; font-size: 18pt;\"><strong>\u00a0<\/strong><\/span><\/p>\n<p>&nbsp;<\/p>\n<p style=\"text-align: justify;\"><span style=\"font-family: times new roman, times, serif; font-size: 14pt;\">L\u2019\u00ab\u00a0unanimit\u00e9\u00a0\u00bb du nouveau complot de Munich est un indicateur direct de la d\u00e9gradation de l\u2019Occident. Il n\u2019y a pas de discussion politique, non pas parce qu\u2019il n\u2019y a pas mati\u00e8re, mais parce que c\u2019est mortellement effrayant. Exprimez un autre choix \u2013 ils tergiverseront.<\/span><\/p>\n<p style=\"text-align: justify;\"><span style=\"font-family: times new roman, times, serif; font-size: 14pt;\">Il leur reste \u00e0 adopter le code du b\u00e2tisseur de la d\u00e9mocratie. Et ils le feront. Ils se purifieront avec les reliques de Zelenski. Avec les reliques et l\u2019huile d\u2019onction.<\/span><\/p>\n<p style=\"text-align: justify;\"><span style=\"font-family: times new roman, times, serif; font-size: 14pt;\">En 1938, la France et l\u2019Angleterre, avec la participation de l\u2019Allemagne fasciste, dans le m\u00eame Munich, ont permis \u00e0 l\u2019Allemagne de d\u00e9chirer la Tch\u00e9coslovaquie. La Pologne a accouru presque imm\u00e9diatement \u00e0 l\u2019odeur de charogne.<\/span><\/p>\n<p style=\"text-align: justify;\"><span style=\"font-family: times new roman, times, serif; font-size: 14pt;\">La Seconde Guerre mondiale a commenc\u00e9 l\u00e0. Avec la trahison collective de Prague. Sous les discours de paix et de stabilit\u00e9, ils essaient maintenant de faire croire que le pacte Molotov-Ribbentrop, n&rsquo;avait rien \u00e0 voir avec \u00e7a alors que c&rsquo;\u00e9tait une cons\u00e9quence directe de leurs actions.<\/span><\/p>\n<p style=\"text-align: justify;\"><span style=\"font-family: times new roman, times, serif; font-size: 14pt;\">En fait, \u00e0 Munich en 2023, la m\u00eame racaille s&rsquo;est autoris\u00e9e \u00e0 manger la Russie, oubliant apparemment, par stupidit\u00e9 et par une incroyable arrogance, que la Russie n&rsquo;est pas la Tch\u00e9coslovaquie. Par b\u00eatise, ils ont donn\u00e9 le coup d&rsquo;envoi et ouvert\u00a0\u00a0la porte \u00e0 la guerre mondiale en Europe et dans le monde. Comme \u00e0 l&rsquo;\u00e9poque. Je dois dire que cela se terminera \u00e0 peu pr\u00e8s de la m\u00eame fa\u00e7on.<\/span><\/p>\n<p style=\"text-align: justify;\"><span style=\"font-family: times new roman, times, serif; font-size: 14pt;\">Plus de la moiti\u00e9 des participants \u00e0 cette \u00ab\u00a0conf\u00e9rence sur la s\u00e9curit\u00e9\u00a0\u00bb passeront des bureaux au site du nouveau proc\u00e8s de Nuremberg. Je sugg\u00e8re trois villes pour sa tenue : Donetsk, Lugansk et Odessa. Une grande guerre nous attend. Les jeux sont faits.<\/span><\/p>\n<p style=\"text-align: justify;\"><span style=\"font-family: times new roman, times, serif; font-size: 14pt;\"><strong>Russky Dnevnik<\/strong><\/span><\/p>\n<p style=\"text-align: justify;\"><span style=\"font-family: times new roman, times, serif; font-size: 14pt;\"><strong>\u00a0<\/strong><\/span><\/p>\n<p>&nbsp;<\/p>\n<p style=\"text-align: center;\"><strong><a href=\"http:\/\/blog.lesgrossesorchadeslesamplesthalameges.fr\/index.php\/entre-tragedie-et-opera-bouffe\/000-no-nato-no-war-petit-copie\/\" rel=\"attachment wp-att-22446\"><img loading=\"lazy\" class=\"alignnone wp-image-22446\" src=\"http:\/\/blog.lesgrossesorchadeslesamplesthalameges.fr\/wp-content\/uploads\/2023\/02\/000.-No-NATO-No-War-PETIT-Copie.png\" alt=\"\" width=\"120\" height=\"67\" \/><\/a><\/strong><\/p>\n<p>&nbsp;<\/p>\n<p>&nbsp;<\/p>\n<p style=\"text-align: justify;\"><span style=\"font-family: times new roman, times, serif; font-size: 14pt;\">Le lecteur attentif aura remarqu\u00e9 dans l\u2019article de Russky Dnevnik, le voisinage entre le fatum tragique\u00a0: la Russie est une nouvelle fois conduite \u00e0 se sacrifier pour \u00e9liminer le nazisme, et la r\u00e9alit\u00e9 contradictoire tr\u00e8s d\u00e9terminante\u00a0: la Russie de 2023 n\u2019est pas la Tch\u00e9coslovaquie de 1938.<\/span><\/p>\n<p style=\"text-align: justify;\"><span style=\"font-family: times new roman, times, serif; font-size: 14pt;\">Cette r\u00e9alit\u00e9 s\u2019est manifest\u00e9e d\u00e8s le lundi 20. Ce jour l\u00e0, le show politique Hollywoodo-washingtonien a pr\u00e9sent\u00e9 au monde entier sa derni\u00e8re production \u2013 un EASTERN \u2013 dans la s\u00e9rie de ses nouveaux films de fiction sur la conqu\u00eate de l\u2019Est (lire l\u2019Eurasie). On se souvient d\u2019un \u00e9pisode pr\u00e9c\u00e9dent\u00a0: \u00ab\u00a0Bye Bye Kabul\u00a0\u00bb.<\/span><\/p>\n<p style=\"text-align: justify;\"><span style=\"font-family: times new roman, times, serif; font-size: 14pt;\">Biden fut donc accueilli \u00e0 Kiev sous un soleil matinal dans un ciel pur et pour quelques heures par Z\u00e9 le sh\u00e9rif. Il reprit le train d\u00e9s le d\u00e9but de l\u2019apr\u00e8s-midi, ayant sorti de sa hotte de P\u00e8re No\u00ebl quelques fortes paroles et quelques centaines de millions de dollars suppl\u00e9mentaires, pour permettre au sh\u00e9rif de regarnir les barillets de ses colts.<\/span><\/p>\n<p style=\"text-align: justify;\"><span style=\"font-family: times new roman, times, serif; font-size: 14pt;\">Biden sortait d\u2019un train, parti la veille d\u2019une gare de l\u2019est de la Pologne, dans lequel il avait pass\u00e9 la plus grande partie de la nuit. Pour atteindre cette gare, il avait d\u00fb non pas monter \u00e0 bord de l\u2019avion pr\u00e9sidentiel trop visible mais emprunter un avion militaire plus anonyme parti de Washington dans la nuit de samedi \u00e0 dimanche et arriv\u00e9 le dimanche en Pologne apr\u00e8s avoir refait le plein \u00e0 la base de Ramstein en Allemagne f\u00e9d\u00e9rale.<\/span><\/p>\n<p style=\"text-align: justify;\"><span style=\"font-family: times new roman, times, serif; font-size: 14pt;\">Pour garantir l\u2019effet de surprise, les wagons polonais le conduisant lui et sa petite escorte jusqu\u2019\u00e0 Kiev avaient \u00e9t\u00e9 promptement repeints aux couleurs ukrainiennes.\u00a0<\/span><\/p>\n<p style=\"text-align: justify;\"><span style=\"font-family: times new roman, times, serif; font-size: 14pt;\">Cet impromptu de Kiev joliment mis en sc\u00e8ne \u00e0 Washington a en r\u00e9alit\u00e9 \u00e9t\u00e9 autoris\u00e9 par la Russie. En effet, risquer le pr\u00e9sident des \u00c9tats-Unis dans un pays en guerre, o\u00f9 son arm\u00e9e n\u2019est pas officiellement engag\u00e9e et o\u00f9 la couverture a\u00e9rienne du pr\u00e9sident n\u2019\u00e9tait pas assur\u00e9e par l\u2019US AIR FORCE dans un ciel verrouill\u00e9, \u00e9tait impensable pour les sc\u00e9naristes de la Maison Banche.<\/span><\/p>\n<p style=\"text-align: justify;\"><span style=\"font-family: times new roman, times, serif; font-size: 14pt;\">Il fallut bien se r\u00e9duire \u00e0 avertir Moscou de l\u2019escapade. Le vendredi 17, alors qu\u2019il tenait une r\u00e9union de travail avec le pr\u00e9sident du Belarus, <em>Poutine signait un laisser passer provisoire pour la journ\u00e9e du lundi<\/em>. Il \u00e9tait pr\u00e9cis\u00e9 que seul \u00e9tait autoris\u00e9 le passage du train sp\u00e9cial polonais et qu\u2019\u00e9tait interdite toute couverture a\u00e9rienne par l\u2019US AIR FORCE du train pr\u00e9sidentiel. Ces conditions pos\u00e9es et accept\u00e9es, l\u2019\u00e9tat-major russe re\u00e7ut alors l\u2019ordre de ne tirer aucun\u00a0missile ni sur Kiev ni sur le train dans son parcours en territoire ukrainien.<\/span><\/p>\n<p style=\"text-align: justify;\"><span style=\"font-family: times new roman, times, serif; font-size: 14pt;\">La visite de BIDEN \u00e0 Kiev a donc \u00e9t\u00e9 autoris\u00e9e par la Russie. Comble de d\u00e9licatesse\u00a0: pour \u00e9viter une humiliation trop douloureuse, mercredi 22, la porte parole du Minist\u00e8re de Affaires \u00e9trang\u00e8res russe <em>[Maria Zhakarova, NdE]<\/em> a simplement confirm\u00e9 que la Russie avait pris note de la visite pr\u00e9sidentielle qui lui avait \u00e9tait annonc\u00e9e.<\/span><\/p>\n<p style=\"text-align: justify;\"><span style=\"font-family: times new roman, times, serif; font-size: 14pt;\">Le pr\u00e9sident de la premi\u00e8re puissance militaire mondiale, le ma\u00eetre de l\u2019OTAN, a \u00e9t\u00e9 contraint de demander l\u2019autorisation \u00e0 la Russie de se rendre dans un pays en guerre avec elle, guerre dans laquelle il n\u2019est pas officiellement engag\u00e9 et qui, par ailleurs, alimente \u00e0 profusion les caisses des groupes capitalistes \u00e9tasuniens de l\u2019\u00e9nergie et de l\u2019armement. Chacun sait que les dites caisses contribueront puissamment au financement de la campagne \u00e9lectorale pr\u00e9sidentielle de 2024 qui d\u00e9marre.<\/span><\/p>\n<p style=\"text-align: justify;\"><span style=\"font-family: times new roman, times, serif; font-size: 14pt;\">Ainsi la trag\u00e9die a pris soudain des allures d\u2019op\u00e9ra bouffe \u00e0 petit budget\u00a0: tournage en ext\u00e9rieur, en d\u00e9cor naturel, pas de frais de costume, et un minimum de figurants encadrant les deux h\u00e9ros. Juste le co\u00fbt d\u2019un aller-retour Washington-Kiev et le d\u00e9dommagement de deux journalistes \u00ab\u00a0de haut niveau\u00a0\u00bb r\u00e9quisitionn\u00e9s par la Maison Blanche pour une mission secr\u00e8te dont ils ignoraient tout avant de monter \u00e0 bord de l\u2019avion.<\/span><\/p>\n<p style=\"text-align: justify;\"><span style=\"font-family: times new roman, times, serif; font-size: 14pt;\">Au passage, Comaguer sait gr\u00e9 aux m\u00e9dias \u00e9tasuniens en particulier au <em>New York Times<\/em> et \u00e0 <em>CBS,<\/em> qui ont publi\u00e9 les d\u00e9tails de l\u2019emploi du temps pr\u00e9sidentiel en ayant l\u2019exquise politesse de ne pas parler des coulisses diplomatiques de \u00ab\u00a0l\u2019exploit\u00a0\u00bb. Notons malgr\u00e9 tout qu\u2019en mati\u00e8re de voyage en train de port\u00e9e historique dans la m\u00eame zone, celui de L\u00e9nine en Avril 1917 avait une autre classe.<\/span><\/p>\n<p style=\"text-align: justify;\"><span style=\"font-family: times new roman, times, serif; font-size: 14pt;\"><strong>Il reste que la le\u00e7on de ce spectacle politique est importante\u00a0: le pr\u00e9sident des \u00c9tats-Unis et son \u00e9quipe savent, malgr\u00e9 toutes leurs bravades, communiquer avec la Russie, savent que la Russie sait tenir sa parole, qu\u2019elle n\u2019est impressionn\u00e9e ni par leurs \u00e9carts de langage ni par leurs petites sayn\u00e8tes et qu\u2019il va bien falloir enfin entamer avec elle une n\u00e9gociation pour<\/strong><\/span><\/p>\n<p>&nbsp;<\/p>\n<p style=\"text-align: justify; padding-left: 40px;\"><span style=\"font-family: times new roman, times, serif; font-size: 14pt;\"><strong>a\/ calmer et faire taire les nazis ukrainiens,<\/strong><\/span><\/p>\n<p style=\"text-align: justify; padding-left: 40px;\"><span style=\"font-family: times new roman, times, serif; font-size: 14pt;\"><strong>b\/ faire respecter les choix des populations qui, apr\u00e8s huit ann\u00e9es de maltraitance par le gouvernement de Kiev, ont d\u00e9cid\u00e9 de rejoindre la F\u00e9d\u00e9ration de Russie et en font d\u00e9sormais partie.<\/strong><\/span><\/p>\n<p>&nbsp;<\/p>\n<p style=\"text-align: left;\"><span style=\"font-family: times new roman, times, serif; font-size: 14pt;\"><strong>URL de cet article: <\/strong><a href=\"http:\/\/blog.lesgrossesorchadeslesamplesthalameges.fr\/index.php\/entre-tragedie-et-opera-bouffe\/\">http:\/\/blog.lesgrossesorchadeslesamplesthalameges.fr\/index.php\/entre-tragedie-et-opera-bouffe\/ <\/a><br \/>\n<\/span><\/p>\n<p>&nbsp;<\/p>\n<p><strong>\u00a0<\/strong><\/p>\n<p style=\"text-align: center;\"><strong>\u00a0<a href=\"http:\/\/blog.lesgrossesorchadeslesamplesthalameges.fr\/index.php\/entre-tragedie-et-opera-bouffe\/000-no-nato-no-war-petit-copie\/\" rel=\"attachment wp-att-22446\"><img loading=\"lazy\" class=\"alignnone wp-image-22446\" src=\"http:\/\/blog.lesgrossesorchadeslesamplesthalameges.fr\/wp-content\/uploads\/2023\/02\/000.-No-NATO-No-War-PETIT-Copie.png\" alt=\"\" width=\"200\" height=\"112\" \/><\/a><\/strong><\/p>\n<p><strong>\u00a0<\/strong><\/p>\n<p><strong>\u00a0<\/strong><\/p>\n<p style=\"text-align: right;\"><span style=\"font-family: comic sans ms, sans-serif;\">F\u00e9vrier 2023<\/span><\/p>\n<p>&nbsp;<\/p>\n<p>&nbsp;<\/p>\n","protected":false},"excerpt":{"rendered":"<p>&nbsp; &nbsp; &nbsp; &nbsp; &nbsp; &nbsp; &nbsp; &nbsp; &nbsp; Bulletin Comaguer n\u00b0 508 24 F\u00e9vrier 2023 &nbsp; &nbsp; Entre trag\u00e9die et op\u00e9ra bouffe &nbsp; &nbsp; COMAGUER a traduit le texte ci-apr\u00e8s publi\u00e9 en anglais sur le site russe STALKER ZONE et l\u2019a diffus\u00e9 volontairement sans commentaire le 21 F\u00e9vrier dans son Bulletin 507 sous le&#8230;<\/p>\n","protected":false},"author":1,"featured_media":0,"parent":0,"menu_order":0,"comment_status":"open","ping_status":"open","template":"","meta":[],"_links":{"self":[{"href":"https:\/\/blog.lesgrossesorchadeslesamplesthalameges.fr\/index.php\/wp-json\/wp\/v2\/pages\/22445"}],"collection":[{"href":"https:\/\/blog.lesgrossesorchadeslesamplesthalameges.fr\/index.php\/wp-json\/wp\/v2\/pages"}],"about":[{"href":"https:\/\/blog.lesgrossesorchadeslesamplesthalameges.fr\/index.php\/wp-json\/wp\/v2\/types\/page"}],"author":[{"embeddable":true,"href":"https:\/\/blog.lesgrossesorchadeslesamplesthalameges.fr\/index.php\/wp-json\/wp\/v2\/users\/1"}],"replies":[{"embeddable":true,"href":"https:\/\/blog.lesgrossesorchadeslesamplesthalameges.fr\/index.php\/wp-json\/wp\/v2\/comments?post=22445"}],"version-history":[{"count":11,"href":"https:\/\/blog.lesgrossesorchadeslesamplesthalameges.fr\/index.php\/wp-json\/wp\/v2\/pages\/22445\/revisions"}],"predecessor-version":[{"id":22458,"href":"https:\/\/blog.lesgrossesorchadeslesamplesthalameges.fr\/index.php\/wp-json\/wp\/v2\/pages\/22445\/revisions\/22458"}],"wp:attachment":[{"href":"https:\/\/blog.lesgrossesorchadeslesamplesthalameges.fr\/index.php\/wp-json\/wp\/v2\/media?parent=22445"}],"curies":[{"name":"wp","href":"https:\/\/api.w.org\/{rel}","templated":true}]}}