{"id":22475,"date":"2023-02-26T21:21:22","date_gmt":"2023-02-26T20:21:22","guid":{"rendered":"http:\/\/blog.lesgrossesorchadeslesamplesthalameges.fr\/?page_id=22475"},"modified":"2023-02-26T21:22:44","modified_gmt":"2023-02-26T20:22:44","slug":"une-campagne-panarabe-annonce-le-lancement-dun-convoi-pour-briser-le-blocus-de-la-syrie","status":"publish","type":"page","link":"https:\/\/blog.lesgrossesorchadeslesamplesthalameges.fr\/index.php\/une-campagne-panarabe-annonce-le-lancement-dun-convoi-pour-briser-le-blocus-de-la-syrie\/","title":{"rendered":"Une campagne panarabe annonce le lancement d&rsquo;un convoi pour briser le blocus de la Syrie"},"content":{"rendered":"<p>&nbsp;<\/p>\n<p>&nbsp;<\/p>\n<p>&nbsp;<\/p>\n<p>&nbsp;<\/p>\n<p>&nbsp;<\/p>\n<p>&nbsp;<\/p>\n<p>&nbsp;<\/p>\n<p>&nbsp;<\/p>\n<p style=\"text-align: center;\"><strong><span style=\"font-family: times new roman, times, serif; font-size: 36pt;\">Une campagne panarabe annonce le lancement d&rsquo;un convoi pour briser le blocus de la Syrie<\/span><\/strong><\/p>\n<p style=\"text-align: center;\"><span style=\"font-family: times new roman, times, serif; font-size: 18pt;\"><strong><em>Al Mayadeen English<\/em><\/strong><strong>\u00a0 \u2013 25.2.2023<\/strong><\/span><\/p>\n<p style=\"text-align: justify;\"><span style=\"font-family: times new roman, times, serif; font-size: 14pt;\"><strong>\u00a0<\/strong><\/span><\/p>\n<p>&nbsp;<\/p>\n<p>&nbsp;<\/p>\n<p style=\"text-align: center;\"><span style=\"font-family: times new roman, times, serif; font-size: 14pt;\"><strong>\u00a0<a href=\"http:\/\/blog.lesgrossesorchadeslesamplesthalameges.fr\/index.php\/une-campagne-panarabe-annonce-le-lancement-dun-convoi-pour-briser-le-blocus-de-la-syrie\/16-syrie-2\/\" rel=\"attachment wp-att-22477\"><img loading=\"lazy\" class=\"alignnone wp-image-22477\" src=\"http:\/\/blog.lesgrossesorchadeslesamplesthalameges.fr\/wp-content\/uploads\/2023\/02\/16.-SYRIE-1-300x200.jpg\" alt=\"\" width=\"600\" height=\"400\" srcset=\"https:\/\/blog.lesgrossesorchadeslesamplesthalameges.fr\/wp-content\/uploads\/2023\/02\/16.-SYRIE-1-300x200.jpg 300w, https:\/\/blog.lesgrossesorchadeslesamplesthalameges.fr\/wp-content\/uploads\/2023\/02\/16.-SYRIE-1.jpg 750w\" sizes=\"(max-width: 600px) 100vw, 600px\" \/><\/a><\/strong><\/span><\/p>\n<p>&nbsp;<\/p>\n<p>&nbsp;<\/p>\n<p style=\"text-align: justify;\"><span style=\"font-family: tahoma, arial, helvetica, sans-serif; font-size: 14pt;\"><strong>Les membres du comit\u00e9 se sont mis d\u2019accord pour coordonner leurs efforts afin de mener \u00e0 bien cette t\u00e2che. <\/strong><\/span><\/p>\n<p style=\"text-align: justify;\"><span style=\"font-family: times new roman, times, serif; font-size: 14pt;\"><strong>\u00a0<\/strong><\/span><\/p>\n<p style=\"text-align: justify;\"><span style=\"font-family: times new roman, times, serif; font-size: 14pt;\">Une campagne <a href=\"https:\/\/english.almayadeen.net\/news\/politics\/al-assad-thanks-arab-nations-for-solidarity-with-syria\">panarabe<\/a>, appel\u00e9e \u00ab\u00a0Campagne Arabe et Internationale pour briser le si\u00e8ge de la Syrie\u00a0\u00bb, a annonc\u00e9 vendredi son intention de lancer un convoi populaire pour affronter blocus de la Syrie impos\u00e9 par l&rsquo;Occident, ajoutant que des pr\u00e9paratifs intensifs sont en cours pour participer au \u00ab\u00a0Forum de la Jeunesse Arabe\u00a0\u00bb en solidarit\u00e9 avec la Syrie, qui est pr\u00e9vu en mars prochain, a rapport\u00e9 samedi l\u2019agence SANA<\/span><\/p>\n<p style=\"text-align: justify;\"><span style=\"font-family: times new roman, times, serif; font-size: 14pt;\">La campagne, dirig\u00e9e par Magdi al-Masrawi, ancien secr\u00e9taire g\u00e9n\u00e9ral du Congr\u00e8s National Arabe, pr\u00e9voit le lancement d&rsquo;un convoi populaire \u00ab\u00a0de l&rsquo;ouest vers l\u2019est du monde arabe, sous le titre \u201cConvoi de l&rsquo;unit\u00e9 arabe pour briser l&#8217;embargo impos\u00e9 \u00e0 la Syrie\u201d, similaire au \u201cConvoi de l&rsquo;unit\u00e9 arabe, Maryam\u201d pour briser le si\u00e8ge de l&rsquo;Irak, qui a commenc\u00e9 au d\u00e9but du si\u00e8cle actuel, partant de Londres vers le Maroc, et se dirigeant ensuite vers l&rsquo;Irak\u00a0\u00bb.<\/span><\/p>\n<p style=\"text-align: justify;\"><span style=\"font-family: times new roman, times, serif; font-size: 14pt;\"><strong>La d\u00e9claration ajoute que les membres du comit\u00e9 se sont mis d\u2019accord pour coordonner leurs efforts, \u00a0afin de mener \u00e0 bien cette t\u00e2che.<\/strong><\/span><\/p>\n<p style=\"text-align: justify;\"><span style=\"font-family: times new roman, times, serif; font-size: 14pt;\"><strong>\u00a0<\/strong><\/span><\/p>\n<p style=\"text-align: justify; padding-left: 80px;\"><span style=\"font-family: times new roman, times, serif; font-size: 14pt;\">Lire aussi : <a href=\"https:\/\/english.almayadeen.net\/news\/politics\/gop-lawmaker-introduces-resolution-to-withdraw-us-troops-fro\"><strong>Un l\u00e9gislateur du Parti R\u00e9publicain U.S. a pr\u00e9sent\u00e9 une r\u00e9solution visant \u00e0 retirer les troupes am\u00e9ricaines de Syrie<\/strong><\/a><\/span><\/p>\n<p style=\"text-align: justify;\"><span style=\"font-family: times new roman, times, serif; font-size: 14pt;\"><strong>\u00a0<\/strong><\/span><\/p>\n<p style=\"text-align: justify;\"><span style=\"font-family: times new roman, times, serif; font-size: 14pt;\">Diff\u00e9rentes personnalit\u00e9s et partis qui agissent <u>en solidarit\u00e9 avec la Syrie<\/u> <em>[lien censur\u00e9, NdT],<\/em> y compris des membres de la Conf\u00e9rence G\u00e9n\u00e9rale Arabe, ont particip\u00e9 \u00e0 la r\u00e9union au cours de laquelle la d\u00e9cision a \u00e9t\u00e9 prise.<\/span><\/p>\n<p style=\"text-align: justify;\"><span style=\"font-family: times new roman, times, serif; font-size: 14pt;\">Selon les derniers chiffres, le bilan du tremblement de terre a d\u00e9pass\u00e9 les 50.000 morts, pour la Turquie et la Syrie.<\/span><\/p>\n<p style=\"text-align: justify;\"><span style=\"font-family: times new roman, times, serif; font-size: 14pt;\">Les efforts de sauvetage en Syrie ont \u00e9t\u00e9 sabot\u00e9s par le blocus impos\u00e9 par l&rsquo;Occident, qui a emp\u00each\u00e9 l&rsquo;entr\u00e9e de <a href=\"https:\/\/english.almayadeen.net\/news\/miscellaneous\/icrc-insists-on-solid-sanctions-exemptions-in-quake-hit-syri\">biens de premi\u00e8re n\u00e9cessit\u00e9 et de m\u00e9dicaments essentiels<\/a>, lesquels n\u2019ont donc pu atteindre les familles et les personnes touch\u00e9es. <em>[Pr\u00e9cisons que le blocus a emp\u00each\u00e9 \u2013 donc interdit \u2013 qu\u2019on puisse d\u00e9gager des d\u00e9combres des personnes encore vivantes, qui, par cons\u00e9quent, sont mortes. NdT]<\/em><\/span><\/p>\n<p>&nbsp;<\/p>\n<p style=\"text-align: left;\"><span style=\"font-family: times new roman, times, serif; font-size: 14pt;\">Source : <a href=\"https:\/\/english.almayadeen.net\/news\/politics\/pan-arab-campaign-announces-launch-of-convoy-to-break-syria\">https:\/\/english.almayadeen.net\/news\/politics\/pan-arab-campaign-announces-launch-of-convoy-to-break-syria<\/a><\/span><\/p>\n<p>&nbsp;<\/p>\n<p style=\"text-align: left;\"><span style=\"font-family: times new roman, times, serif; font-size: 14pt;\"><strong>URL de cet article :\u00a0 <\/strong><a href=\"http:\/\/blog.lesgrossesorchadeslesamplesthalameges.fr\/index.php\/une-campagne-panarabe-annonce-le-lancement-dun-convoi-pour-briser-le-blocus-de-la-syrie\/\">http:\/\/blog.lesgrossesorchadeslesamplesthalameges.fr\/index.php\/une-campagne-panarabe-annonce-le-lancement-dun-convoi-pour-briser-le-blocus-de-la-syrie\/<\/a><\/span><\/p>\n<p>&nbsp;<\/p>\n<p>&nbsp;<\/p>\n<p style=\"text-align: center;\"><a href=\"http:\/\/blog.lesgrossesorchadeslesamplesthalameges.fr\/index.php\/entre-tragedie-et-opera-bouffe\/000-no-nato-no-war-petit-copie\/\" rel=\"attachment wp-att-22446\"><img loading=\"lazy\" class=\"alignnone wp-image-22446\" src=\"http:\/\/blog.lesgrossesorchadeslesamplesthalameges.fr\/wp-content\/uploads\/2023\/02\/000.-No-NATO-No-War-PETIT-Copie.png\" alt=\"\" width=\"200\" height=\"112\" \/><\/a><\/p>\n<p>&nbsp;<\/p>\n<p>&nbsp;<\/p>\n<p style=\"text-align: right;\"><span style=\"font-family: comic sans ms, sans-serif; font-size: 14pt;\">F\u00e9vrier 2023<\/span><\/p>\n<p>&nbsp;<\/p>\n","protected":false},"excerpt":{"rendered":"<p>&nbsp; &nbsp; &nbsp; &nbsp; &nbsp; &nbsp; &nbsp; &nbsp; Une campagne panarabe annonce le lancement d&rsquo;un convoi pour briser le blocus de la Syrie Al Mayadeen English\u00a0 \u2013 25.2.2023 \u00a0 &nbsp; &nbsp; \u00a0 &nbsp; &nbsp; Les membres du comit\u00e9 se sont mis d\u2019accord pour coordonner leurs efforts afin de mener \u00e0 bien cette t\u00e2che. \u00a0 Une&#8230;<\/p>\n","protected":false},"author":1,"featured_media":0,"parent":0,"menu_order":0,"comment_status":"open","ping_status":"open","template":"","meta":[],"_links":{"self":[{"href":"https:\/\/blog.lesgrossesorchadeslesamplesthalameges.fr\/index.php\/wp-json\/wp\/v2\/pages\/22475"}],"collection":[{"href":"https:\/\/blog.lesgrossesorchadeslesamplesthalameges.fr\/index.php\/wp-json\/wp\/v2\/pages"}],"about":[{"href":"https:\/\/blog.lesgrossesorchadeslesamplesthalameges.fr\/index.php\/wp-json\/wp\/v2\/types\/page"}],"author":[{"embeddable":true,"href":"https:\/\/blog.lesgrossesorchadeslesamplesthalameges.fr\/index.php\/wp-json\/wp\/v2\/users\/1"}],"replies":[{"embeddable":true,"href":"https:\/\/blog.lesgrossesorchadeslesamplesthalameges.fr\/index.php\/wp-json\/wp\/v2\/comments?post=22475"}],"version-history":[{"count":7,"href":"https:\/\/blog.lesgrossesorchadeslesamplesthalameges.fr\/index.php\/wp-json\/wp\/v2\/pages\/22475\/revisions"}],"predecessor-version":[{"id":22483,"href":"https:\/\/blog.lesgrossesorchadeslesamplesthalameges.fr\/index.php\/wp-json\/wp\/v2\/pages\/22475\/revisions\/22483"}],"wp:attachment":[{"href":"https:\/\/blog.lesgrossesorchadeslesamplesthalameges.fr\/index.php\/wp-json\/wp\/v2\/media?parent=22475"}],"curies":[{"name":"wp","href":"https:\/\/api.w.org\/{rel}","templated":true}]}}