{"id":22490,"date":"2023-02-26T22:16:47","date_gmt":"2023-02-26T21:16:47","guid":{"rendered":"http:\/\/blog.lesgrossesorchadeslesamplesthalameges.fr\/?page_id=22490"},"modified":"2023-02-26T22:20:16","modified_gmt":"2023-02-26T21:20:16","slug":"a-berlin-des-manifestants-pour-la-paix-deposent-des-fleurs-sur-un-char-russe-apporte-par-les-ukrainiens","status":"publish","type":"page","link":"https:\/\/blog.lesgrossesorchadeslesamplesthalameges.fr\/index.php\/a-berlin-des-manifestants-pour-la-paix-deposent-des-fleurs-sur-un-char-russe-apporte-par-les-ukrainiens\/","title":{"rendered":"\u00c0 Berlin, des manifestants pour la paix d\u00e9posent des fleurs sur un char russe apport\u00e9 par les Ukrainiens."},"content":{"rendered":"<p>&nbsp;<\/p>\n<p>&nbsp;<\/p>\n<p>&nbsp;<\/p>\n<p>&nbsp;<\/p>\n<p>&nbsp;<\/p>\n<p>&nbsp;<\/p>\n<p>&nbsp;<\/p>\n<p>&nbsp;<\/p>\n<p style=\"text-align: center;\"><strong><span style=\"font-family: times new roman, times, serif; font-size: 36pt;\">\u00c0 Berlin, des manifestants pour la paix d\u00e9posent des fleurs sur un char russe apport\u00e9 par les Ukrainiens.<\/span><\/strong><\/p>\n<p>&nbsp;<\/p>\n<p>&nbsp;<\/p>\n<p style=\"text-align: center;\"><strong><span style=\"font-family: times new roman, times, serif; font-size: 18pt;\"><em>Al Mayadeen English<\/em>\u00a0 \u2013 Source\u00a0: Agences \u2013 25.2.2023<\/span><\/strong><\/p>\n<p style=\"text-align: center;\"><strong><span style=\"font-family: times new roman, times, serif; font-size: 18pt;\">(voir les vid\u00e9os dans l\u2019article d\u2019origine)<\/span><\/strong><\/p>\n<p style=\"text-align: center;\"><span style=\"font-family: times new roman, times, serif; font-size: 18pt;\">Traduction\u00a0: <\/span><strong><span style=\"font-family: times new roman, times, serif; font-size: 18pt;\"><em>L.G.O.<\/em><\/span><\/strong><\/p>\n<p>&nbsp;<\/p>\n<p>&nbsp;<\/p>\n<p style=\"text-align: justify;\"><span style=\"font-family: tahoma, arial, helvetica, sans-serif; font-size: 14pt;\"><strong>Une \u00ab\u00a0manifestation pour la paix\u00a0\u00bb organis\u00e9e \u00e0 Berlin, a exhort\u00e9 le Chancelier allemand \u00e0 jouer un r\u00f4le constructif pour \u00e9tablir la paix dans la guerre en Ukraine.<\/strong><\/span><\/p>\n<p>&nbsp;<\/p>\n<p>&nbsp;<\/p>\n<p>&nbsp;<\/p>\n<p style=\"text-align: center;\"><a href=\"http:\/\/blog.lesgrossesorchadeslesamplesthalameges.fr\/index.php\/2023\/02\/26\/un-vote-edifiant-a-lonu\/15-char-russe\/\" rel=\"attachment wp-att-22435\"><img loading=\"lazy\" class=\"alignnone wp-image-22435\" src=\"http:\/\/blog.lesgrossesorchadeslesamplesthalameges.fr\/wp-content\/uploads\/2023\/02\/15.-Char-russe-300x225.png\" alt=\"\" width=\"650\" height=\"487\" srcset=\"https:\/\/blog.lesgrossesorchadeslesamplesthalameges.fr\/wp-content\/uploads\/2023\/02\/15.-Char-russe-300x225.png 300w, https:\/\/blog.lesgrossesorchadeslesamplesthalameges.fr\/wp-content\/uploads\/2023\/02\/15.-Char-russe.png 750w\" sizes=\"(max-width: 650px) 100vw, 650px\" \/><\/a><\/p>\n<p style=\"text-align: center;\"><span style=\"font-family: times new roman, times, serif; font-size: 12pt;\"><strong><em>Des manifestants sont all\u00e9s d\u00e9poser des fleurs sur un char russe apport\u00e9 en troph\u00e9e \u00e0 Berlin et install\u00e9 devant l\u2019ambassade de Russie par les \u00ab Ukrainiens \u00bb.<\/em><\/strong><\/span><\/p>\n<p>&nbsp;<\/p>\n<p style=\"text-align: center;\"><span style=\"font-family: times new roman, times, serif; font-size: 12pt;\"><strong><em>\u00a0<\/em><\/strong><\/span><\/p>\n<p style=\"text-align: center;\"><span style=\"font-family: times new roman, times, serif; font-size: 12pt;\"><strong><em>\u00a0<\/em><\/strong><\/span><\/p>\n<p style=\"text-align: justify;\"><span style=\"font-family: times new roman, times, serif; font-size: 14pt;\">Des fonctionnaires allemands ont accus\u00e9 le chancelier Olaf Scholz de noyer la nation toujours davantage dans le conflit Ukraine-Russie, lors d&rsquo;un \u00ab\u00a0Rallye pour la paix\u00a0\u00bb auquel ont particip\u00e9, \u00e0 Berlin, des dizaines de milliers d&rsquo;Allemands, manifestation qui avait \u00e9t\u00e9 appel\u00e9e <a href=\"https:\/\/english.almayadeen.net\/news\/politics\/die-linke-leader:-scholz-fails-to-see-big-picture-regarding\">par le parti de gauche Die Linke.<\/a><\/span><\/p>\n<p style=\"text-align: justify;\"><span style=\"font-family: times new roman, times, serif; font-size: 14pt;\">Ce samedi, les manifestants ont exhort\u00e9 le gouvernement allemand \u00e0 jouer un r\u00f4le constructif pour mettre fin \u00e0 la guerre en Ukraine plut\u00f4t que de l&rsquo;alimenter en continuant \u00e0 fournir des armes \u00e0 Kiev.<\/span><\/p>\n<p style=\"text-align: justify;\"><span style=\"font-family: times new roman, times, serif; font-size: 14pt;\">Plus de 50.000 personnes ont particip\u00e9 au \u00ab\u00a0Rallye pour la paix\u00a0\u00bb, certaines portaient des banderoles qui disaient \u00ab\u00a0La Paix\u00a0! Pas d\u2019armes\u00a0!\u00a0\u00bb et \u00ab\u00a0De la diplomatie au lieu de livraisons d&rsquo;armes\u00a0\u00bb, tandis que d&rsquo;autres brandissaient leurs drapeaux.<\/span><\/p>\n<p style=\"text-align: justify;\"><span style=\"font-family: times new roman, times, serif; font-size: 14pt;\">Des manifestants sont all\u00e9s d\u00e9poser des fleurs sur l&rsquo;\u00e9pave d&rsquo;un char russe T-72, qui avait \u00e9t\u00e9 amen\u00e9 devant l&rsquo;ambassade de Russie \u00e0 Berlin par des militants allemands et ukrainiens, en collaboration avec le minist\u00e8re ukrainien de la D\u00e9fense.<\/span><\/p>\n<p style=\"text-align: justify;\"><span style=\"font-family: times new roman, times, serif; font-size: 14pt;\">Sahra Wagenknecht, membre du Bundestag allemand, a accus\u00e9 Scholz d&rsquo;entra\u00eener la nation toujours plus profond\u00e9ment dans le conflit ukrainien et a d\u00e9clar\u00e9 :<\/span><\/p>\n<p>&nbsp;<\/p>\n<p style=\"text-align: justify; padding-left: 120px;\"><span style=\"font-family: times new roman, times, serif; font-size: 14pt;\">\u00ab\u00a0Nous ne nous sentons pas repr\u00e9sent\u00e9s par un chancelier qui&#8230; s&rsquo;incline \u00e0 plusieurs reprises devant les bellicistes de sa coalition et franchit une ligne rouge apr\u00e8s l&rsquo;autre&#8230; <strong>Nous ne voulons pas que des chars allemands tirent sur les petits-enfants des femmes et des hommes russes, dont des millions ont \u00e9t\u00e9 massacr\u00e9s par la Wehrmacht<\/strong>\u00a0\u00bb<\/span><\/p>\n<p>&nbsp;<\/p>\n<p style=\"text-align: justify;\"><span style=\"font-family: times new roman, times, serif; font-size: 14pt;\">Wagenknecht a \u00e9galement critiqu\u00e9 <a href=\"https:\/\/english.almayadeen.net\/news\/politics\/german-arms-maintenance-plans-in-slovakia-delayed-by-customs\">les lobbyistes de l&rsquo;industrie militaire<\/a> au sein du gouvernement, ainsi que la ministre des Affaires \u00e9trang\u00e8res <a href=\"https:\/\/english.almayadeen.net\/news\/politics\/german-fm-could-run-for-chancellor-if-bundestag-was-dissolve\">Annalena Baerbock.<\/a><\/span><\/p>\n<p style=\"text-align: justify;\"><span style=\"font-family: times new roman, times, serif; font-size: 14pt;\">Le repr\u00e9sentante a accus\u00e9 la ministre de \u00ab\u00a0pi\u00e9tiner dans l&rsquo;ar\u00e8ne internationale comme un taureau dans un magasin de porcelaine\u00a0\u00bb et d&rsquo;avoir \u00ab\u00a0si peu de contr\u00f4le sur ce qu&rsquo;elle dit publiquement qu&rsquo;elle a d\u00e9clar\u00e9 par erreur une guerre \u00e0 la Russie\u00a0\u00bb.<\/span><\/p>\n<p style=\"text-align: justify;\"><span style=\"font-family: times new roman, times, serif; font-size: 14pt;\">Sur change.org, Wagenknecht a lanc\u00e9 au d\u00e9but du mois une p\u00e9tition qui a d\u00e9j\u00e0 \u00e9t\u00e9 sign\u00e9e par pr\u00e8s de 650.000 personnes.<\/span><\/p>\n<p>&nbsp;<\/p>\n<p style=\"text-align: left;\"><span style=\"font-family: times new roman, times, serif; font-size: 14pt;\">Source : <a href=\"https:\/\/english.almayadeen.net\/news\/politics\/berlin-peace-protesters-lay-flowers-on-ukrainian-brought-rus\">https:\/\/english.almayadeen.net\/news\/politics\/berlin-peace-protesters-lay-flowers-on-ukrainian-brought-rus<\/a><\/span><\/p>\n<p>&nbsp;<\/p>\n<p><span style=\"font-size: 14pt;\"><strong><span style=\"font-family: comic sans ms, sans-serif;\"><span style=\"font-family: times new roman, times, serif;\">URL de cet article\u00a0:\u00a0<\/span> <\/span><\/strong><span style=\"font-family: times new roman, times, serif;\"><a href=\"http:\/\/blog.lesgrossesorchadeslesamplesthalameges.fr\/index.php\/a-berlin-des-manifestants-pour-la-paix-deposent-des-fleurs-sur-un-char-russe-apporte-par-les-ukrainiens\/\">http:\/\/blog.lesgrossesorchadeslesamplesthalameges.fr\/index.php\/a-berlin-des-manifestants-pour-la-paix-deposent-des-fleurs-sur-un-char-russe-apporte-par-les-ukrainiens\/<\/a><\/span><\/span><\/p>\n<p><strong>\u00a0<\/strong><\/p>\n<p>&nbsp;<\/p>\n<p style=\"text-align: center;\"><strong>\u00a0<a href=\"http:\/\/blog.lesgrossesorchadeslesamplesthalameges.fr\/index.php\/entre-tragedie-et-opera-bouffe\/000-no-nato-no-war-petit-copie\/\" rel=\"attachment wp-att-22446\"><img loading=\"lazy\" class=\"alignnone wp-image-22446\" src=\"http:\/\/blog.lesgrossesorchadeslesamplesthalameges.fr\/wp-content\/uploads\/2023\/02\/000.-No-NATO-No-War-PETIT-Copie.png\" alt=\"\" width=\"200\" height=\"112\" \/><\/a><\/strong><\/p>\n<p>&nbsp;<\/p>\n<p>&nbsp;<\/p>\n<p style=\"text-align: right;\"><span style=\"font-family: comic sans ms, sans-serif;\"><strong>F\u00e9vrier 2023<\/strong><\/span><\/p>\n<p>&nbsp;<\/p>\n<p>&nbsp;<\/p>\n","protected":false},"excerpt":{"rendered":"<p>&nbsp; &nbsp; &nbsp; &nbsp; &nbsp; &nbsp; &nbsp; &nbsp; \u00c0 Berlin, des manifestants pour la paix d\u00e9posent des fleurs sur un char russe apport\u00e9 par les Ukrainiens. &nbsp; &nbsp; Al Mayadeen English\u00a0 \u2013 Source\u00a0: Agences \u2013 25.2.2023 (voir les vid\u00e9os dans l\u2019article d\u2019origine) Traduction\u00a0: L.G.O. &nbsp; &nbsp; Une \u00ab\u00a0manifestation pour la paix\u00a0\u00bb organis\u00e9e \u00e0 Berlin, a&#8230;<\/p>\n","protected":false},"author":1,"featured_media":0,"parent":0,"menu_order":0,"comment_status":"open","ping_status":"open","template":"","meta":[],"_links":{"self":[{"href":"https:\/\/blog.lesgrossesorchadeslesamplesthalameges.fr\/index.php\/wp-json\/wp\/v2\/pages\/22490"}],"collection":[{"href":"https:\/\/blog.lesgrossesorchadeslesamplesthalameges.fr\/index.php\/wp-json\/wp\/v2\/pages"}],"about":[{"href":"https:\/\/blog.lesgrossesorchadeslesamplesthalameges.fr\/index.php\/wp-json\/wp\/v2\/types\/page"}],"author":[{"embeddable":true,"href":"https:\/\/blog.lesgrossesorchadeslesamplesthalameges.fr\/index.php\/wp-json\/wp\/v2\/users\/1"}],"replies":[{"embeddable":true,"href":"https:\/\/blog.lesgrossesorchadeslesamplesthalameges.fr\/index.php\/wp-json\/wp\/v2\/comments?post=22490"}],"version-history":[{"count":8,"href":"https:\/\/blog.lesgrossesorchadeslesamplesthalameges.fr\/index.php\/wp-json\/wp\/v2\/pages\/22490\/revisions"}],"predecessor-version":[{"id":22498,"href":"https:\/\/blog.lesgrossesorchadeslesamplesthalameges.fr\/index.php\/wp-json\/wp\/v2\/pages\/22490\/revisions\/22498"}],"wp:attachment":[{"href":"https:\/\/blog.lesgrossesorchadeslesamplesthalameges.fr\/index.php\/wp-json\/wp\/v2\/media?parent=22490"}],"curies":[{"name":"wp","href":"https:\/\/api.w.org\/{rel}","templated":true}]}}