{"id":22779,"date":"2023-05-17T22:15:38","date_gmt":"2023-05-17T20:15:38","guid":{"rendered":"http:\/\/blog.lesgrossesorchadeslesamplesthalameges.fr\/?page_id=22779"},"modified":"2023-05-17T22:16:43","modified_gmt":"2023-05-17T20:16:43","slug":"coups-audacieux-sur-lechiquier-de-lasie-occidentale","status":"publish","type":"page","link":"https:\/\/blog.lesgrossesorchadeslesamplesthalameges.fr\/index.php\/coups-audacieux-sur-lechiquier-de-lasie-occidentale\/","title":{"rendered":"Coups audacieux sur l&rsquo;\u00e9chiquier de l&rsquo;Asie occidentale"},"content":{"rendered":"<p style=\"text-align: justify;\"><span style=\"font-family: times new roman, times, serif; font-size: 14pt;\"><strong>\u00a0<\/strong><\/span><\/p>\n<p>&nbsp;<\/p>\n<p>&nbsp;<\/p>\n<p>&nbsp;<\/p>\n<p>&nbsp;<\/p>\n<p>&nbsp;<\/p>\n<p>&nbsp;<\/p>\n<p>&nbsp;<\/p>\n<p style=\"text-align: center;\"><span style=\"font-family: times new roman, times, serif; font-size: 36pt;\"><strong>Coups audacieux sur l&rsquo;\u00e9chiquier de l&rsquo;Asie occidentale<\/strong><\/span><\/p>\n<p style=\"text-align: center;\"><span style=\"font-family: times new roman, times, serif; font-size: 14pt;\"><strong>\u00a0<\/strong><\/span><\/p>\n<p>&nbsp;<\/p>\n<p style=\"text-align: center;\"><span style=\"font-family: times new roman, times, serif; font-size: 18pt;\"><em>Dans la comp\u00e9tition entre Grandes Puissances, tout est li\u00e9\u00a0: des n\u00e9gociations incertaines entre la Russie et l\u2019OTAN sur l\u2019Ukraine pourraient \u00eatre affect\u00e9es par le pivot post-\u00e9lectoral de la Turquie et le retour de la Syrie dans la Ligue arabe.<\/em><\/span><\/p>\n<p>&nbsp;<\/p>\n<p>&nbsp;<\/p>\n<p style=\"text-align: center;\"><span style=\"font-family: times new roman, times, serif; font-size: 14pt;\"><a href=\"https:\/\/thecradle.co\/profile\/32\/Pepe-Escobar\"><strong><span style=\"font-size: 18pt;\">Pepe Escobar <\/span><\/strong><\/a><span style=\"font-size: 18pt;\"><strong>\u00a0\u2013 <em>The Cradle<\/em> \u2013 <\/strong><strong>May 09 2023<\/strong><\/span><\/span><\/p>\n<p style=\"text-align: center;\"><span style=\"font-family: times new roman, times, serif; font-size: 18pt;\"><strong>\u00a0<\/strong><\/span><\/p>\n<p style=\"text-align: center;\"><span style=\"font-family: times new roman, times, serif; font-size: 18pt;\">Traduction :<strong> c.l. <\/strong>pour <strong><em>L.G.O.<\/em><\/strong><\/span><\/p>\n<p style=\"text-align: justify;\"><span style=\"font-family: times new roman, times, serif; font-size: 18pt;\"><strong>\u00a0<\/strong><\/span><\/p>\n<p>&nbsp;<\/p>\n<p style=\"text-align: justify;\"><span style=\"font-family: times new roman, times, serif; font-size: 14pt;\"><strong>\u00a0<\/strong><\/span><\/p>\n<p style=\"text-align: center;\"><span style=\"font-family: times new roman, times, serif; font-size: 14pt;\"><strong>\u00a0<a href=\"http:\/\/blog.lesgrossesorchadeslesamplesthalameges.fr\/index.php\/2023\/05\/17\/que-peut-on-faire-quand-on-est-impuissants\/5-bold-gambit\/\" rel=\"attachment wp-att-22743\"><img loading=\"lazy\" class=\"alignnone wp-image-22743 size-full\" src=\"http:\/\/blog.lesgrossesorchadeslesamplesthalameges.fr\/wp-content\/uploads\/2023\/05\/5.-Bold-Gambit.jpg\" alt=\"\" width=\"600\" height=\"283\" srcset=\"https:\/\/blog.lesgrossesorchadeslesamplesthalameges.fr\/wp-content\/uploads\/2023\/05\/5.-Bold-Gambit.jpg 600w, https:\/\/blog.lesgrossesorchadeslesamplesthalameges.fr\/wp-content\/uploads\/2023\/05\/5.-Bold-Gambit-300x142.jpg 300w\" sizes=\"(max-width: 600px) 100vw, 600px\" \/><\/a><\/strong><\/span><\/p>\n<p style=\"text-align: center;\"><span style=\"font-family: times new roman, times, serif; font-size: 12pt;\">[Photo : The Cradle]<\/span><\/p>\n<p>&nbsp;<\/p>\n<p>&nbsp;<\/p>\n<p>&nbsp;<\/p>\n<p style=\"text-align: justify;\"><span style=\"font-family: times new roman, times, serif; font-size: 14pt;\">L\u2019Asie occidentale est une r\u00e9gion qui conna\u00eet actuellement une grande activit\u00e9 g\u00e9opolitique. Les r\u00e9cents efforts diplomatiques, mis en branle par la Russie et supervis\u00e9s par la Chine, ont permis un rapprochement longtemps hors d\u2019atteinte entre l\u2019Iran et l\u2019Arabie saoudite, en m\u00eame temps que <a href=\"https:\/\/thecradle.co\/article-view\/24524\/syria-officially-welcomed-back-into-arab-league\">le retour de la Syrie dans la Ligue Arabe<\/a> est accueilli en grande pompe.<\/span><\/p>\n<p style=\"text-align: justify;\"><span style=\"font-family: times new roman, times, serif; font-size: 14pt;\">Cette agitation diplomatique signale une distanciation par rapport aux tactiques imp\u00e9riales du \u00ab\u00a0diviser pour r\u00e9gner\u00a0\u00bb, qui ont \u00e9t\u00e9 utilis\u00e9es pendant des d\u00e9cennies pour cr\u00e9er des divisions nationales, tribales et sectaires dans cette r\u00e9gion strat\u00e9gique.<\/span><\/p>\n<p style=\"text-align: justify;\"><span style=\"font-family: times new roman, times, serif; font-size: 14pt;\">La guerre par procuration en Syrie, soutenue par l&rsquo;Empire et ses groupes terroristes &#8211; y compris l&rsquo;occupation de territoires riches en ressources et le vol massif du p\u00e9trole syrien &#8211; continue de faire rage en d\u00e9pit du fait que Damas ait pris l&rsquo;avantage. Cet avantage, affaibli ces derni\u00e8res ann\u00e9es par un barrage de sanctions \u00e9conomiques occidentales meurtri\u00e8res, s&rsquo;accro\u00eet d\u00e9sormais de mani\u00e8re exponentielle : l&rsquo;\u00c9tat syrien vient encore de se voir renforc\u00e9 par la <a href=\"https:\/\/thecradle.co\/article-view\/24464\/iran-syria-vow-continued-strengthening-of-ties\">r\u00e9cente visite officielle<\/a> du pr\u00e9sident iranien Ebrahim Raisi \u2013 qui s&rsquo;est engag\u00e9 \u00e0 d\u00e9velopper des liens bilat\u00e9raux \u2013 \u00e0 la veille du retour de la Syrie au sein de la Ligue arabe.<\/span><\/p>\n<p style=\"text-align: justify;\"><span style=\"font-family: times new roman, times, serif; font-size: 14pt;\">\u00ab\u00a0Assad doit partir\u00a0\u00bb &#8211; un \u00ab\u00a0<strong><em>meme<\/em><\/strong>\u00a0\u00bb (r\u00e9plicateur) tout droit sorti de l&rsquo;orgueil collectif occidental &#8211; n&rsquo;est finalement pas parti. Malgr\u00e9 les menaces imp\u00e9riales, les \u00c9tats arabes qui avaient cherch\u00e9 \u00e0 isoler le pr\u00e9sident syrien sont revenus l&rsquo;encenser, conduits par Moscou et T\u00e9h\u00e9ran.<\/span><\/p>\n<p style=\"text-align: justify;\"><span style=\"font-family: times new roman, times, serif; font-size: 14pt;\">La Syrie fait l&rsquo;objet de discussions approfondies dans les cercles inform\u00e9s de Moscou. Il existe une sorte d\u2019accord consensuel sur le fait que la Russie \u2013 dont les efforts sont d\u00e9sormais concentr\u00e9s sur la guerre par procuration \u00ab\u00a0tout ou rien\u00a0\u00bb que lui livre l&rsquo;OTAN \u2013 ne sera pas en mesure d&rsquo;imposer une solution de paix en Syrie, mais que cela n&#8217;emp\u00eache pas les Saoudiens, les Iraniens et les Turcs de s\u2019unir en vue d&rsquo;un tel accord sous direction russe.<\/span><\/p>\n<p style=\"text-align: justify;\"><span style=\"font-family: times new roman, times, serif; font-size: 14pt;\">Sans le comportement agressif des n\u00e9o-conservateurs straussiens de la ceinture de Washington, une paix multiterritoriale globale aurait pu \u00eatre obtenue, comprenant tout\u00a0: de la souverainet\u00e9 de la Syrie \u00e0 une zone d\u00e9militaris\u00e9e aux fronti\u00e8res occidentales de la Russie, en passant par la stabilit\u00e9 dans le Caucase et un certain respect du droit international.<\/span><\/p>\n<p style=\"text-align: justify;\"><span style=\"font-family: times new roman, times, serif; font-size: 14pt;\">Toutefois, il est peu probable qu&rsquo;un tel accord se concr\u00e9tise, et la situation en Asie Occidentale risque plut\u00f4t de s&rsquo;aggraver. Cela est d\u00fb en partie au fait que l&rsquo;Atlantique Nord a d\u00e9j\u00e0 d\u00e9plac\u00e9 son point de concentration vers la mer de Chine m\u00e9ridionale.<\/span><\/p>\n<p>&nbsp;<\/p>\n<p style=\"text-align: justify;\"><span style=\"font-family: times new roman, times, serif; font-size: 18pt;\"><strong>Une \u00ab\u00a0paix\u00a0\u00bb impossible<\/strong><\/span><\/p>\n<p style=\"text-align: justify;\"><span style=\"font-family: times new roman, times, serif; font-size: 14pt;\">L&rsquo;Occident collectif semble manquer d&rsquo;un leader d\u00e9cisif, l&rsquo;H\u00e9g\u00e9mon \u00e9tant actuellement \u00ab\u00a0dirig\u00e9\u00a0\u00bb par un pr\u00e9sident s\u00e9nile, t\u00e9l\u00e9command\u00e9 par une meute de bellicistes au visage lisse. La situation a tellement d\u00e9g\u00e9n\u00e9r\u00e9 que la \u00ab\u00a0contre-offensive ukrainienne\u00a0\u00bb tant annonc\u00e9e pourrait bien \u00eatre le pr\u00e9lude \u00e0 une humiliation de l&rsquo;OTAN qui ferait passer l&rsquo;Afghanistan pour un Disneyland dans l&rsquo;Hindu Kush.<\/span><\/p>\n<p style=\"text-align: justify;\"><span style=\"font-family: times new roman, times, serif; font-size: 14pt;\">On peut soutenir qu&rsquo;il existe des similitudes entre la Russie c\/OTAN aujourd&rsquo;hui et la Turquie c\/Russie d\u2019avant mars 2020 : les deux parties pariant sur une perc\u00e9e militaire cruciale sur le champ de bataille avant de s&rsquo;asseoir \u00e0 la table des n\u00e9gociations. Les \u00c9tats-Unis en ont d\u00e9sesp\u00e9r\u00e9ment besoin : m\u00eame l&rsquo;\u00ab\u00a0Oracle\u00a0\u00bb du XXe si\u00e8cle, Henry Kissinger, affirme aujourd&rsquo;hui <a href=\"https:\/\/www.newsweek.com\/kissinger-predicts-china-involvement-will-lead-ukraine-peace-talks-1798917\">qu&rsquo;<strong>avec l&rsquo;implication de la Chine<\/strong><\/a>, il y aura des n\u00e9gociations avant la fin de l&rsquo;ann\u00e9e 2023.<\/span><\/p>\n<p style=\"text-align: justify;\"><span style=\"font-family: times new roman, times, serif; font-size: 14pt;\">Malgr\u00e9 l&rsquo;urgence de la situation, Moscou ne semble pas press\u00e9. Sa principale strat\u00e9gie militaire, comme on l&rsquo;a vu \u00e0 Bakhmut\/Artemyovsk, consiste \u00e0 utiliser une combinaison de la technique de l&rsquo;escargot et de la machine \u00e0 hacher. L&rsquo;objectif ultime est de d\u00e9militariser l&rsquo;OTAN dans son ensemble plut\u00f4t que l&rsquo;Ukraine seule, et jusqu&rsquo;\u00e0 pr\u00e9sent, cela semble fonctionner brillamment.<\/span><\/p>\n<p style=\"text-align: justify;\"><span style=\"font-family: times new roman, times, serif; font-size: 14pt;\">La Russie parie sur le long terme, anticipant qu&rsquo;un jour l&rsquo;Occident collectif aura son moment \u00ab\u00a0Eur\u00eaka\u00a0\u00bb et se rendra compte qu&rsquo;il est temps d&rsquo;abandonner la course.<\/span><\/p>\n<p style=\"text-align: justify;\"><span style=\"font-family: times new roman, times, serif; font-size: 14pt;\">Supposons maintenant que, par quelque intervention divine, les n\u00e9gociations commencent dans quelques mois, avec la participation de la Chine. Moscou \u2013 et P\u00e9kin \u2013 savent tous deux qu&rsquo;ils ne peuvent en aucun cas faire confiance \u00e0 ce que dit ou signe l&rsquo;H\u00e9g\u00e9mon.<\/span><\/p>\n<p style=\"text-align: justify;\"><span style=\"font-family: times new roman, times, serif; font-size: 14pt;\">En outre, la victoire tactique cruciale des \u00c9tats-Unis est d\u00e9j\u00e0 concluante : la Russie est sanctionn\u00e9e, diabolis\u00e9e et s\u00e9par\u00e9e de l&rsquo;Europe, et l&rsquo;UE est ciment\u00e9e en tant que vassal inf\u00e9rieur d\u00e9sindustrialis\u00e9 et incons\u00e9quent.<\/span><\/p>\n<p style=\"text-align: justify;\"><span style=\"font-family: times new roman, times, serif; font-size: 14pt;\">En supposant qu&rsquo;il y ait une paix n\u00e9goci\u00e9e, on peut soutenir qu&rsquo;elle ressemblera \u00e0 une Syrie bis, avec un \u00e9quivalent massif d&rsquo;\u00ab\u00a0Idlib\u00a0\u00bb juste aux portes de la Russie, ce qui est tout \u00e0 fait inacceptable pour Moscou.<\/span><\/p>\n<p style=\"text-align: justify;\"><span style=\"font-family: times new roman, times, serif; font-size: 14pt;\">En pratique, nous aurons des groupes terroristes banderistes \u2013 la version slave d&rsquo;ISIS \u2013 libres d&rsquo;errer \u00e0 travers la F\u00e9d\u00e9ration de Russie pour y fomenter dans des attentats \u00e0 la voiture pi\u00e9g\u00e9e et des raids de drones kamikazes. L&rsquo;h\u00e9g\u00e9mon pourra activer et d\u00e9sactiver la guerre par procuration \u00e0 sa guise, tout comme il continue de le faire en Syrie, en Irak et en Afghanistan, par cellules terroristes interpos\u00e9es.<\/span><\/p>\n<p style=\"text-align: justify;\"><span style=\"font-family: times new roman, times, serif; font-size: 14pt;\">Le Conseil de S\u00e9curit\u00e9 \u00e0 Moscou sait tr\u00e8s bien, se fondant sur la farce de Minsk reconnue m\u00eame par l&rsquo;ancienne chanceli\u00e8re allemande Angela Merkel, qu&rsquo;il s&rsquo;agira d\u2019un Minsk sous st\u00e9ro\u00efdes : le r\u00e9gime de Kiev, ou plut\u00f4t le r\u00e9gime post-Zelenski, continuant d\u2019\u00eatre arm\u00e9 \u00e0 mort par tous les nouveaux gadgets de l&rsquo;OTAN.<\/span><\/p>\n<p style=\"text-align: justify;\"><span style=\"font-family: times new roman, times, serif; font-size: 14pt;\">Mais l&rsquo;autre option &#8211; o\u00f9 il n&rsquo;y a rien \u00e0 n\u00e9gocier \u2013 n\u2019est pas moins inqui\u00e9tante : une guerre \u00e9ternelle.<\/span><\/p>\n<p>&nbsp;<\/p>\n<p style=\"text-align: justify;\"><span style=\"font-family: times new roman, times, serif; font-size: 18pt;\"><strong>Indivisibilit\u00e9 de la s\u00e9curit\u00e9<\/strong><\/span><\/p>\n<p style=\"text-align: justify;\"><span style=\"font-family: times new roman, times, serif; font-size: 14pt;\">Le v\u00e9ritable march\u00e9 \u00e0 n\u00e9gocier n&rsquo;est pas l&rsquo;Ukraine, ce simple \u00ab\u00a0pion dans leur jeu\u00a0\u00bb : c&rsquo;est l&rsquo;indivisibilit\u00e9 de la s\u00e9curit\u00e9. Exactement ce dont Moscou a tent\u00e9 avec tant de bon sens de convaincre Washington par ses <a href=\"https:\/\/www.theguardian.com\/world\/2021\/dec\/17\/russia-issues-list-demands-tensions-europe-ukraine-nato\">lettres envoy\u00e9es en d\u00e9cembre 2021<\/a>.<\/span><\/p>\n<p style=\"text-align: justify;\"><span style=\"font-family: times new roman, times, serif; font-size: 14pt;\">En pratique, ce que Moscou fait actuellement rel\u00e8ve de la realpolitik : pilonner l&rsquo;OTAN sur le champ de bataille jusqu&rsquo;\u00e0 ce qu&rsquo;elle soit suffisamment affaiblie pour accepter une Op\u00e9ration Militaire Strat\u00e9gique (OMS). Cette op\u00e9ration aboutissant n\u00e9cessairement \u00e0 l\u2019\u00e9tablissement d\u2019une zone d\u00e9militaris\u00e9e entre l&rsquo;OTAN et la Russie, une Ukraine neutre et aucune arme nucl\u00e9aire stationn\u00e9e en Pologne, dans les Pays Baltes ou en Finlande.<\/span><\/p>\n<p style=\"text-align: justify;\"><span style=\"font-family: times new roman, times, serif; font-size: 14pt;\">Toutefois, \u00e9tant donn\u00e9 que l&rsquo;H\u00e9g\u00e9mon est une superpuissance en d\u00e9clin et \u00ab\u00a0pas capable de conclure un accord\u00a0\u00bb, il n&rsquo;est pas certain que tout ceci tienne la route, surtout si on consid\u00e8re l&rsquo;obsession de l&rsquo;H\u00e9g\u00e9mon pour l&rsquo;expansion infinie de l&rsquo;OTAN. L&rsquo;expression \u00ab\u00a0pas capable de conclure un accord\u00a0\u00bb (\u043d\u0435\u0434\u043e\u0433\u043e\u0432\u043e\u0440\u043e\u0441\u043f\u043e\u0441\u043e\u0431\u043d\u044b) a d&rsquo;ailleurs \u00e9t\u00e9 invent\u00e9e par les diplomates russes pour d\u00e9crire l&rsquo;incapacit\u00e9 de leurs homologues am\u00e9ricains \u00e0 respecter les accords qu&rsquo;ils signent\u00a0: de Minsk \u00e0 l&rsquo;accord sur le nucl\u00e9aire iranien.<\/span><\/p>\n<p style=\"text-align: justify;\"><span style=\"font-family: times new roman, times, serif; font-size: 14pt;\">Ce m\u00e9lange incandescent devient encore plus complexe avec l&rsquo;introduction du vecteur turc.<\/span><\/p>\n<p style=\"text-align: justify;\"><span style=\"font-family: times new roman, times, serif; font-size: 14pt;\">Le ministre turc des Affaires \u00e9trang\u00e8res, M. Cavusoglu, a d\u00e9j\u00e0 fait savoir que si le pr\u00e9sident Recep Tayyip Erdogan conservait le pouvoir lors des <a href=\"https:\/\/thecradle.co\/article-view\/24437\/analysis\">\u00e9lections pr\u00e9sidentielles<\/a> du 14 mai, Ankara n&rsquo;imposerait pas de sanctions \u00e0 la Russie ni ne violerait la convention de Montreux, qui interdit le passage des navires de guerre vers et depuis la mer Noire en temps de guerre.<\/span><\/p>\n<p style=\"text-align: justify;\"><span style=\"font-family: times new roman, times, serif; font-size: 14pt;\">\u00a0<\/span><\/p>\n<p style=\"text-align: justify;\"><span style=\"font-family: times new roman, times, serif; font-size: 18pt;\"><strong>Risques d\u2019un changement g\u00e9opolitique d&rsquo;Ankara<\/strong><\/span><\/p>\n<p style=\"text-align: justify;\"><span style=\"font-family: times new roman, times, serif; font-size: 14pt;\">Le principal conseiller d&rsquo;Erdogan en mati\u00e8re de s\u00e9curit\u00e9 et de politique \u00e9trang\u00e8re, Ibrahim Kalyn, a soulign\u00e9 avec justesse qu&rsquo;il n&rsquo;y a pas de guerre entre la Russie et l&rsquo;Ukraine, mais plut\u00f4t une guerre entre la Russie et l&rsquo;Occident, l&rsquo;Ukraine servant de mandataire.<\/span><\/p>\n<p style=\"text-align: justify;\"><span style=\"font-family: times new roman, times, serif; font-size: 14pt;\">C&rsquo;est pourquoi l&rsquo;Occident collectif s\u2019est si fortement investi dans la campagne \u00ab\u00a0Erdogan doit partir\u00a0\u00bb, richement financ\u00e9e pour propulser une coalition \u00e9trangement assortie sur le si\u00e8ge pr\u00e9sidentiel. En cas de victoire de l&rsquo;opposition turque \u2013 et de d\u00e9but de paiement \u00e0 l&rsquo;h\u00e9g\u00e9mon \u2013 les sanctions anti-russes et les violations de Montreux pourraient \u00eatre \u00e0 nouveau d&rsquo;actualit\u00e9.<\/span><\/p>\n<p style=\"text-align: justify;\"><span style=\"font-family: times new roman, times, serif; font-size: 14pt;\">Pourtant, Washington pourrait avoir une surprise. Le chef de l&rsquo;opposition turque, Kemal Kilicdaroglu, a laiss\u00e9 entendre que l&rsquo;orientation de la politique \u00e9trang\u00e8re d&rsquo;Ankara <a href=\"https:\/\/twitter.com\/kilicdarogluk\/status\/1654939104495255552?cxt=HHwWgIC-hZ2Ww_ctAAAA\">resterait plus ou moins \u00e9quilibr\u00e9e<\/a>, tandis que certains observateurs estiment que m\u00eame si Erdogan est \u00e9vinc\u00e9, le retour de la Turquie vers l&rsquo;ouest <a href=\"https:\/\/edition.cnn.com\/2023\/05\/08\/middleeast\/turkey-foreign-policy-elections-russia-mime-intl\/index.html\">aura des limites<\/a>.<\/span><\/p>\n<p style=\"text-align: justify;\"><span style=\"font-family: times new roman, times, serif; font-size: 14pt;\">Erdogan, qui b\u00e9n\u00e9ficie de l&rsquo;appareil d&rsquo;\u00c9tat et de son immense r\u00e9seau de m\u00e9c\u00e9nat, ne recule devant rien pour assurer sa r\u00e9\u00e9lection. Ce n&rsquo;est qu&rsquo;\u00e0 partir de l\u00e0 qu&rsquo;il pourrait cesser de couvrir ses risques en permanence, pour devenir enfin un v\u00e9ritable acteur de l&rsquo;int\u00e9gration eurasienne.<\/span><\/p>\n<p style=\"text-align: justify;\"><span style=\"font-family: times new roman, times, serif; font-size: 14pt;\">La Turquie, sous la direction d&rsquo;Erdogan, n&rsquo;est pas pro-russe ; en fait, elle essaie de profiter des deux c\u00f4t\u00e9s. Les Turcs vendent des drones Bayraktar \u00e0 Kiev, ont conclu des accords militaires et, en m\u00eame temps, sous le manteau des \u00ab\u00a0\u00c9tats turcs\u00a0\u00bb, investissent dans les tendances s\u00e9paratistes en Crim\u00e9e et \u00e0 Kherson.<\/span><\/p>\n<p style=\"text-align: justify;\"><span style=\"font-family: times new roman, times, serif; font-size: 14pt;\">Mais en m\u00eame temps, Erdogan a grandement besoin de la coop\u00e9ration \u2013 militaire et \u00e9nerg\u00e9tique \u2013 russe. Moscou ne se fait pas d&rsquo;illusions sur le \u00ab\u00a0sultan\u00a0\u00bb, ni sur les orientations de la Turquie. Si le virage g\u00e9opolitique d&rsquo;Ankara lui est hostile, ce sont les Turcs qui finiront par perdre des places de choix dans le train \u00e0 grande vitesse\u00a0eurasiatique : des <a href=\"https:\/\/thecradle.co\/article-view\/17447\/everybody-wants-to-hop-on-the-brics-express\">BRICS<strong>+<\/strong><\/a> \u00e0 l&rsquo;Organisation de Coop\u00e9ration de Shanghai (<a href=\"https:\/\/thecradle.co\/article-view\/15961\">OCS<\/a>) et dans tous les espaces interm\u00e9diaires.<\/span><\/p>\n<p>&nbsp;<\/p>\n<p style=\"text-align: left;\"><span style=\"font-family: times new roman, times, serif; font-size: 14pt;\">Source\u00a0: <a href=\"https:\/\/thecradle.co\/article-view\/24623\/bold-gambits-on-the-west-asian-chessboard\">https:\/\/thecradle.co\/article-view\/24623\/bold-gambits-on-the-west-asian-chessboard<\/a><\/span><\/p>\n<p style=\"text-align: left;\"><span style=\"font-family: times new roman, times, serif; font-size: 14pt;\"><strong>URL de cet article\u00a0:<\/strong> <a href=\"http:\/\/blog.lesgrossesorchadeslesamplesthalameges.fr\/index.php\/coups-audacieux-sur-lechiquier-de-lasie-occidentale\/\">http:\/\/blog.lesgrossesorchadeslesamplesthalameges.fr\/index.php\/coups-audacieux-sur-lechiquier-de-lasie-occidentale\/<\/a><\/span><\/p>\n<p style=\"text-align: justify;\"><span style=\"font-family: times new roman, times, serif; font-size: 14pt;\"><strong>\u00a0<\/strong><\/span><\/p>\n<p>&nbsp;<\/p>\n<p>&nbsp;<\/p>\n<p style=\"text-align: center;\"><strong>\u00a0<a href=\"http:\/\/blog.lesgrossesorchadeslesamplesthalameges.fr\/index.php\/2023\/05\/17\/que-peut-on-faire-quand-on-est-impuissants\/000-posters-mosquee-silhouette-comme-le-drapeau-turc-au-coucher-du-soleil\/\" rel=\"attachment wp-att-22741\"><img loading=\"lazy\" class=\"alignnone size-full wp-image-22741\" src=\"http:\/\/blog.lesgrossesorchadeslesamplesthalameges.fr\/wp-content\/uploads\/2023\/05\/000.-posters-mosquee-silhouette-comme-le-drapeau-turc-au-coucher-du-soleil.jpg\" alt=\"\" width=\"150\" height=\"93\" \/><\/a><\/strong><\/p>\n<p>&nbsp;<\/p>\n<p>&nbsp;<\/p>\n<p style=\"text-align: right;\"><span style=\"font-family: comic sans ms, sans-serif; font-size: 14pt;\">Mai 2023<\/span><\/p>\n<p>&nbsp;<\/p>\n<p>&nbsp;<\/p>\n","protected":false},"excerpt":{"rendered":"<p>\u00a0 &nbsp; &nbsp; &nbsp; &nbsp; &nbsp; &nbsp; &nbsp; Coups audacieux sur l&rsquo;\u00e9chiquier de l&rsquo;Asie occidentale \u00a0 &nbsp; Dans la comp\u00e9tition entre Grandes Puissances, tout est li\u00e9\u00a0: des n\u00e9gociations incertaines entre la Russie et l\u2019OTAN sur l\u2019Ukraine pourraient \u00eatre affect\u00e9es par le pivot post-\u00e9lectoral de la Turquie et le retour de la Syrie dans la Ligue&#8230;<\/p>\n","protected":false},"author":1,"featured_media":0,"parent":0,"menu_order":0,"comment_status":"open","ping_status":"open","template":"","meta":[],"_links":{"self":[{"href":"https:\/\/blog.lesgrossesorchadeslesamplesthalameges.fr\/index.php\/wp-json\/wp\/v2\/pages\/22779"}],"collection":[{"href":"https:\/\/blog.lesgrossesorchadeslesamplesthalameges.fr\/index.php\/wp-json\/wp\/v2\/pages"}],"about":[{"href":"https:\/\/blog.lesgrossesorchadeslesamplesthalameges.fr\/index.php\/wp-json\/wp\/v2\/types\/page"}],"author":[{"embeddable":true,"href":"https:\/\/blog.lesgrossesorchadeslesamplesthalameges.fr\/index.php\/wp-json\/wp\/v2\/users\/1"}],"replies":[{"embeddable":true,"href":"https:\/\/blog.lesgrossesorchadeslesamplesthalameges.fr\/index.php\/wp-json\/wp\/v2\/comments?post=22779"}],"version-history":[{"count":7,"href":"https:\/\/blog.lesgrossesorchadeslesamplesthalameges.fr\/index.php\/wp-json\/wp\/v2\/pages\/22779\/revisions"}],"predecessor-version":[{"id":22786,"href":"https:\/\/blog.lesgrossesorchadeslesamplesthalameges.fr\/index.php\/wp-json\/wp\/v2\/pages\/22779\/revisions\/22786"}],"wp:attachment":[{"href":"https:\/\/blog.lesgrossesorchadeslesamplesthalameges.fr\/index.php\/wp-json\/wp\/v2\/media?parent=22779"}],"curies":[{"name":"wp","href":"https:\/\/api.w.org\/{rel}","templated":true}]}}