{"id":22788,"date":"2023-05-17T22:47:34","date_gmt":"2023-05-17T20:47:34","guid":{"rendered":"http:\/\/blog.lesgrossesorchadeslesamplesthalameges.fr\/?page_id=22788"},"modified":"2023-05-18T14:49:07","modified_gmt":"2023-05-18T12:49:07","slug":"il-y-a-230-ans-quatrevingt-treize","status":"publish","type":"page","link":"https:\/\/blog.lesgrossesorchadeslesamplesthalameges.fr\/index.php\/il-y-a-230-ans-quatrevingt-treize\/","title":{"rendered":"Il y a 230 ans : Quatrevingt-treize"},"content":{"rendered":"<p>&nbsp;<\/p>\n<p>&nbsp;<\/p>\n<p>&nbsp;<\/p>\n<p>&nbsp;<\/p>\n<p>&nbsp;<\/p>\n<p>&nbsp;<\/p>\n<p>&nbsp;<\/p>\n<p>&nbsp;<\/p>\n<p style=\"text-align: center;\"><span style=\"font-family: times new roman, times, serif; font-size: 48pt; color: #c00000;\">Il y a 230 ans\u2026<\/span><\/p>\n<p>&nbsp;<\/p>\n<p style=\"text-align: center;\"><span style=\"font-family: times new roman, times, serif; font-size: 54pt; color: #c00000;\">Quatrevingt-treize\u00a0!<\/span><\/p>\n<p>&nbsp;<\/p>\n<p>&nbsp;<\/p>\n<p>&nbsp;<\/p>\n<p style=\"text-align: center;\"><a href=\"http:\/\/blog.lesgrossesorchadeslesamplesthalameges.fr\/index.php\/2023\/05\/17\/que-peut-on-faire-quand-on-est-impuissants\/12-hugo-peint-en-blanc-2\/\" rel=\"attachment wp-att-22751\"><img loading=\"lazy\" class=\"alignnone wp-image-22751 size-full\" src=\"http:\/\/blog.lesgrossesorchadeslesamplesthalameges.fr\/wp-content\/uploads\/2023\/05\/12.-Hugo-peint-en-blanc-1.jpg\" alt=\"\" width=\"600\" height=\"400\" srcset=\"https:\/\/blog.lesgrossesorchadeslesamplesthalameges.fr\/wp-content\/uploads\/2023\/05\/12.-Hugo-peint-en-blanc-1.jpg 600w, https:\/\/blog.lesgrossesorchadeslesamplesthalameges.fr\/wp-content\/uploads\/2023\/05\/12.-Hugo-peint-en-blanc-1-300x200.jpg 300w\" sizes=\"(max-width: 600px) 100vw, 600px\" \/><\/a><\/p>\n<p>&nbsp;<\/p>\n<p>&nbsp;<\/p>\n<p>&nbsp;<\/p>\n<p style=\"text-align: justify;\"><span style=\"font-family: times new roman, times, serif; font-size: 14pt;\">\u00a0\u00a0\u00a0\u00a0 <a href=\"http:\/\/blog.lesgrossesorchadeslesamplesthalameges.fr\/index.php\/2023\/05\/17\/que-peut-on-faire-quand-on-est-impuissants\/16-guillemets-ouvrants\/\" rel=\"attachment wp-att-22752\"><img loading=\"lazy\" class=\"alignnone wp-image-22752\" src=\"http:\/\/blog.lesgrossesorchadeslesamplesthalameges.fr\/wp-content\/uploads\/2023\/05\/16-Guillemets-ouvrants.gif\" alt=\"\" width=\"50\" height=\"36\" \/><\/a> La R\u00e9volution, tournant climat\u00e9rique de l\u2019humanit\u00e9, se compose de plusieurs ann\u00e9es. Chacune de ces ann\u00e9es exprime une p\u00e9riode, repr\u00e9sente un aspect ou r\u00e9alise un organe du ph\u00e9nom\u00e8ne. 93, tragique, est une de ces ann\u00e9es colossales. Il faut quelquefois aux bonnes nouvelles une bouche de bronze. 93 est cette bouche.<\/span><\/p>\n<p style=\"text-align: justify;\"><span style=\"font-family: times new roman, times, serif; font-size: 14pt;\">\u00a0\u00a0\u00a0 \u00c9coutez-en sortir l\u2019annonce \u00e9norme. Inclinez-vous et restez effar\u00e9, et soyez attendri. Dieu la premi\u00e8re fois a dit lui-)m\u00eame <em>fiat lux, <\/em>la seconde fois il l\u2019a fait dire.<\/span><\/p>\n<p style=\"text-align: justify;\"><span style=\"font-family: times new roman, times, serif; font-size: 14pt;\">\u00a0\u00a0\u00a0 Par qui ?<\/span><\/p>\n<p style=\"text-align: justify;\"><span style=\"font-family: times new roman, times, serif; font-size: 14pt;\">\u00a0\u00a0\u00a0 Par 93.<\/span><\/p>\n<p style=\"text-align: justify;\"><span style=\"font-family: times new roman, times, serif; font-size: 14pt;\">\u00a0\u00a0\u00a0 Donc, nous, hommes du dix-neuvi\u00e8me si\u00e8cle, tenons \u00e0 honneur cette injure : \u2013 <em>Vous \u00eates 93.<\/em><\/span><\/p>\n<p style=\"text-align: justify;\"><span style=\"font-family: times new roman, times, serif; font-size: 14pt;\">\u00a0\u00a0\u00a0 Mais qu\u2019on ne s\u2019arr\u00eate pas l\u00e0. Nous sommes 89 aussi bien que 93. La R\u00e9volution, toute la R\u00e9volution, voil\u00e0 la source de la litt\u00e9rature du dix-neuvi\u00e8me si\u00e8cle.<\/span><\/p>\n<p style=\"text-align: justify;\"><span style=\"font-family: times new roman, times, serif; font-size: 14pt;\">\u00a0\u00a0\u00a0 Sur ce, faites-lui son proc\u00e8s \u00e0 cette litt\u00e9rature, ou son triomphe, ha\u00efssez-la ou aimez-la, selon la quantit\u00e9 d\u2019avenir que vous avez en vous, outragez-la ou saluez-la ; peu lui importent les animosit\u00e9s et les fureurs ! elle est la d\u00e9duction logique du grand fait chaotique et g\u00e9n\u00e9siaque que nos p\u00e8res ont vu et qui a donn\u00e9 un nouveau point de d\u00e9part au monde. Qui est contre ce fait est contre elle, qui est pour ce fait est pour elle. Ce que ce fait vaut, elle le vaut. Les \u00e9crivains des r\u00e9actions ne s\u2019y trompent pas : l\u00e0 o\u00f9 il y a de la r\u00e9volution, patente ou latente, le flair catholique et royaliste est infaillible ; ces lettr\u00e9s du pass\u00e9 d\u00e9cernent \u00e0 la litt\u00e9rature contemporaine une honorable quantit\u00e9 de diatribe ; leur aversion est de la convulsion ; un de leurs journalistes, qui est, je crois, \u00e9v\u00eaque, prononce le mot \u00ab po\u00e8te \u00bb avec le m\u00eame accent que le mot \u00ab septembriseur \u00bb ; un autre, moins \u00e9v\u00eaque, mais tout aussi en col\u00e8re, \u00e9crit : <em>\u00ab\u00a0Je sens dans toute cette litt\u00e9rature-l\u00e0 Marat et Robespierre\u00a0\u00bb <\/em>[\u2026]<\/span><\/p>\n<p style=\"text-align: justify;\"><span style=\"font-family: times new roman, times, serif; font-size: 14pt;\">\u00a0\u00a0\u00a0 Ah, cette affirmation nous convient, et, en v\u00e9rit\u00e9, nous ne reculons pas devant elle ; avouons notre gloire, nous sommes des r\u00e9volutionnaires. Les penseurs de ce temps, les po\u00e8tes, les \u00e9crivains, les historiens, les orateurs, les philosophes, tous, tous, tous, d\u00e9rivent de la r\u00e9volution fran\u00e7aise. Ils viennent d\u2019elle, et d\u2019elle seule. 89 a d\u00e9moli la Bastille ; 93 a d\u00e9couronn\u00e9 le Louvre. De 89 est sortie la D\u00e9livrance, et de 93 la Victoire. 89 et 93 ; les hommes du dix-neuvi\u00e8me si\u00e8cle sortent de l\u00e0. C\u2019est l\u00e0 leur p\u00e8re et leur m\u00e8re. Ne leur cherchez pas d\u2019autre filiation, d\u2019autre inspiration, d\u2019autre origine. Ils sont les d\u00e9mocrates de l\u2019id\u00e9e, successeurs des d\u00e9mocrates de l\u2019action. Ils sont les \u00e9mancipateurs. L\u2019id\u00e9e Libert\u00e9 s\u2019est pench\u00e9e sur leurs berceaux. Ils ont tous suc\u00e9 cette grande mamelle ; ils ont tous de ce lait dans les entrailles, de cette moelle dans les os, de cette s\u00e8ve dans la volont\u00e9, de cette r\u00e9volte dans la raison, de cette flamme dans l\u2019intelligence<\/span><\/p>\n<p style=\"text-align: right;\"><span style=\"font-family: times new roman, times, serif; font-size: 14pt;\">Victor Hugo, <em>William Shakespeare<\/em>, \u00ab\u00a0Le dix-neuvi\u00e8me si\u00e8cle\u00a0\u00bb.<\/span><\/p>\n<p>&nbsp;<\/p>\n<p>&nbsp;<\/p>\n<p style=\"text-align: justify;\"><span style=\"font-family: comic sans ms, sans-serif;\">Pauvre Victor\u00a0! S\u2019il savait\u2026<\/span><\/p>\n<p style=\"text-align: justify;\"><span style=\"font-family: comic sans ms, sans-serif;\">S\u2019il pouvait voir aujourd\u2019hui les descendants de celle qu\u2019il appelait \u00ab La g\u00e9ante \u00bb se faire rosser par le frai fin de race des thermidoriens pour quatre ans de plus ou de moins de leurs pensions de retraite, inconscients du fait qu\u2019ils n\u2019auront pas de retraite du tout, ni \u00e0 60 ni \u00e0 64 ans, parce qu\u2019il n\u2019y aura plus d\u2019industries, plus d\u2019artisanat, plus d\u2019employeurs en France : ils auront tous \u00e9migr\u00e9 \u00ab avec l\u2019outil \u00bb dans des pays lointains estim\u00e9s par eux plus rentables.<\/span><\/p>\n<p style=\"text-align: justify;\"><span style=\"font-family: comic sans ms, sans-serif;\">Il faut reconna\u00eetre que ce n\u2019est pas leur faute si les dindons de la sinistre farce ne comprennent rien \u00e0 ce qui leur arrive : on les a lobotomis\u00e9s au berceau, on a d\u00e9truit de fond en comble ce qui leur servait d\u2019\u00e9ducation nationale (r\u00e9publicaine), on a b\u00e2illonn\u00e9 et on continue de pers\u00e9cuter ceux qui s\u2019obstinent \u00e0 leur transmettre leur l\u00e9gitime h\u00e9ritage. Le <em>soft power<\/em> des colonisateurs a fait le reste.<\/span><\/p>\n<p style=\"text-align: justify;\"><span style=\"font-family: comic sans ms, sans-serif;\">Rien ne remontera cette pente savonneuse vers le n\u00e9ant bourbeux, avant que nous soyons devenus une fois pour toutes des comptoirs chinois. Alors, alors seulement, une lente remont\u00e9e sera peut-\u00eatre possible, au cours de laquelle il faudra discuter de la modalit\u00e9 des retraites avec l\u2019employeur asiatique. En esp\u00e9rant qu\u2019il sera moins obtus, moins rapace, moins infantile, moins b\u00eate, moins nul que ceux d\u2019aujourd\u2019hui\u2026<\/span><\/p>\n<p style=\"text-align: justify;\"><span style=\"font-family: comic sans ms, sans-serif;\">Apr\u00e8s tout, il y a encore en Chine, en Inde, en Russie, des gens qui pr\u00e9nomment leurs fils Marat.<\/span><\/p>\n<p>&nbsp;<\/p>\n<p>&nbsp;<\/p>\n<p style=\"text-align: center;\"><a href=\"http:\/\/blog.lesgrossesorchadeslesamplesthalameges.fr\/index.php\/il-y-a-230-ans-quatrevingt-treize\/14-francois-victor-hugo\/\" rel=\"attachment wp-att-22790\"><img loading=\"lazy\" class=\"alignnone size-medium wp-image-22790\" src=\"http:\/\/blog.lesgrossesorchadeslesamplesthalameges.fr\/wp-content\/uploads\/2023\/05\/14.-Francois-Victor-Hugo-258x300.jpg\" alt=\"\" width=\"258\" height=\"300\" srcset=\"https:\/\/blog.lesgrossesorchadeslesamplesthalameges.fr\/wp-content\/uploads\/2023\/05\/14.-Francois-Victor-Hugo-258x300.jpg 258w, https:\/\/blog.lesgrossesorchadeslesamplesthalameges.fr\/wp-content\/uploads\/2023\/05\/14.-Francois-Victor-Hugo.jpg 350w\" sizes=\"(max-width: 258px) 100vw, 258px\" \/><\/a><\/p>\n<p>&nbsp;<\/p>\n<p>&nbsp;<\/p>\n<p style=\"text-align: justify;\"><span style=\"font-family: comic sans ms, sans-serif;\">P.S. C\u2019est pendant leur exil \u00e0 Jersey que le livre cit\u00e9 ci-dessus a \u00e9t\u00e9 \u00e9crit par le p\u00e8re, pour servir de pr\u00e9face \u00e0 la traduction, par le fils \u2013 Fran\u00e7ois-Victor \u00ad \u2013, des <em>\u0152uvres compl\u00e8tes<\/em> de Shakespeare. Nous nous permettons de dire qu\u2019\u00e0 notre avis, cette traduction n\u2019a jamais \u00e9t\u00e9 d\u00e9pass\u00e9e. Il y en a eu beaucoup d\u2019autres (g\u00e9n\u00e9ralement au coup par coup), mais de meilleure, nous n\u2019en connaissons pas.<\/span><\/p>\n<p>&nbsp;<\/p>\n<p>&nbsp;<\/p>\n<p>&nbsp;<\/p>\n<p style=\"text-align: center;\"><a href=\"http:\/\/blog.lesgrossesorchadeslesamplesthalameges.fr\/index.php\/il-y-a-230-ans-quatrevingt-treize\/15-shakespeare-f-v-h\/\" rel=\"attachment wp-att-22791\"><img loading=\"lazy\" class=\"alignnone wp-image-22791 size-full\" src=\"http:\/\/blog.lesgrossesorchadeslesamplesthalameges.fr\/wp-content\/uploads\/2023\/05\/15.-Shakespeare-F-V-H.jpg\" alt=\"\" width=\"600\" height=\"450\" srcset=\"https:\/\/blog.lesgrossesorchadeslesamplesthalameges.fr\/wp-content\/uploads\/2023\/05\/15.-Shakespeare-F-V-H.jpg 600w, https:\/\/blog.lesgrossesorchadeslesamplesthalameges.fr\/wp-content\/uploads\/2023\/05\/15.-Shakespeare-F-V-H-300x225.jpg 300w\" sizes=\"(max-width: 600px) 100vw, 600px\" \/><\/a><\/p>\n<p style=\"text-align: center;\"><em><strong><span style=\"font-family: times new roman, times, serif;\">Les \u0152uvres compl\u00e8tes de Shakespeare, traduites par Fran\u00e7ois-Victor Hugo, dans la c\u00e9l\u00e8bre petite \u00e9dition Lemerre.<\/span><\/strong><\/em><\/p>\n<p>&nbsp;<\/p>\n<p>&nbsp;<\/p>\n<p>&nbsp;<\/p>\n<p style=\"text-align: center;\"><a href=\"http:\/\/blog.lesgrossesorchadeslesamplesthalameges.fr\/index.php\/2023\/05\/07\/on-croit-toujours-que-cest-notre-derniere-mise-en-ligne\/000-cocarde-bicolore-4\/\" rel=\"attachment wp-att-22682\"><img loading=\"lazy\" class=\"alignnone size-full wp-image-22682\" src=\"http:\/\/blog.lesgrossesorchadeslesamplesthalameges.fr\/wp-content\/uploads\/2023\/05\/000.-cocarde-bicolore.gif\" alt=\"\" width=\"64\" height=\"66\" \/><\/a><\/p>\n<p>&nbsp;<\/p>\n<p>&nbsp;<\/p>\n<p>&nbsp;<\/p>\n<p style=\"text-align: justify;\"><span style=\"font-family: comic sans ms, sans-serif;\">La photo de Victor Hugo ici repr\u00e9sent\u00e9e a une histoire.<\/span><\/p>\n<p style=\"text-align: justify;\"><span style=\"font-family: comic sans ms, sans-serif;\">Celle de la statue, \u0153uvre du sculpteur Ousmane Sow, qui se dresse devant la mairie de Besan\u00e7on, retrouv\u00e9e le 20 novembre 2022 macul\u00e9e de peinture blanche, agr\u00e9ment\u00e9e (sur le panneau) de croix celtiques et d\u2019une inscription \u00ab\u00a0<em>White Power<\/em>\u00a0\u00bb accroch\u00e9e au bras du plus c\u00e9l\u00e8bre \u00e9crivain de France.<\/span><\/p>\n<p style=\"text-align: justify;\"><span style=\"font-family: comic sans ms, sans-serif;\">Auteurs\u00a0? Deux \u00e9tudiants \u2013 dont l\u2019un en histoire \u2013 affili\u00e9s non au RN mais \u00e0 La Cocarde \u00e9tudiante\u2026 \u00e0 VDL BSK\u2026 au GUD, et sans doute on en passe. Dont l\u2019un s\u2019\u00e9tait d\u00e9guis\u00e9, lors d\u2019une festivit\u00e9 de 2019 en membre du Ku Klux Klan. Deux jeunes cons, sans doute manipul\u00e9s par quelques moins jeunes.<\/span><\/p>\n<p>&nbsp;<\/p>\n<p style=\"text-align: justify; padding-left: 120px;\"><span style=\"font-family: comic sans ms, sans-serif;\"><em>\u00ab\u00a0On a eu des pressions verbales du national de La Cocarde, comme quoi on \u00e9tait tr\u00e8s peu r\u00e9actifs niveau communication. Belfort avait communiqu\u00e9 avant nous \u00bb\u2026<\/em><\/span><\/p>\n<p style=\"text-align: justify; padding-left: 120px;\"><span style=\"font-family: comic sans ms, sans-serif;\"><em>\u00ab On voulait faire quelque chose de visible\u00a0\u00bb\u2026 <\/em><\/span><\/p>\n<p style=\"text-align: justify; padding-left: 120px;\"><span style=\"font-family: comic sans ms, sans-serif;\"><em>\u00ab Th\u00e9o a propos\u00e9 White Power \u00bb<\/em>\u00a0\u2026<\/span><\/p>\n<p>&nbsp;<\/p>\n<p style=\"text-align: justify;\"><span style=\"font-family: comic sans ms, sans-serif;\">Th\u00e9o G. s\u2019avance ensuite \u00e0 la barre. Il explique avoir pris ses distances avec la politique au moment des faits et ne pas \u00eatre au courant de la pol\u00e9mique en amont de l\u2019acte de vandalisme raciste.<\/span><\/p>\n<p>&nbsp;<\/p>\n<p style=\"text-align: justify; padding-left: 120px;\"><em><span style=\"font-family: comic sans ms, sans-serif;\">\u00ab Je me suis dit, la statue est vraiment marron, on va mettre un coup de peinture \u00bb,<\/span><\/em><\/p>\n<p>&nbsp;<\/p>\n<p style=\"text-align: justify;\"><span style=\"font-family: comic sans ms, sans-serif;\">La pr\u00e9sidente<em>\u00a0: \u00ab Et alors, si c\u2019\u00e9tait la statue finale, si c\u2019\u00e9tait le choix de l\u2019artiste ?,<\/em><\/span><\/p>\n<p>&nbsp;<\/p>\n<p style=\"text-align: justify; padding-left: 120px;\"><span style=\"font-family: comic sans ms, sans-serif;\">\u00ab\u00a0<em>On n\u2019\u00e9tait pas d\u2019accord avec l\u2019image donn\u00e9e de Victor Hugo \u00bb<\/em>\u2026<\/span><\/p>\n<p>&nbsp;<\/p>\n<p><span style=\"font-family: comic sans ms, sans-serif;\"><em>\u00ab Mais, il y a des \u00e9crivains fran\u00e7ais et europ\u00e9ens noirs. Alors quel est le probl\u00e8me ? Vous estimez que c\u2019est le blanc qui est la couleur qu\u2019il faut\u00a0?! \u00bb<\/em>,<\/span><\/p>\n<p>&nbsp;<\/p>\n<p style=\"text-align: justify; padding-left: 120px;\"><span style=\"font-family: comic sans ms, sans-serif;\"><em>\u00ab Je regrette profond\u00e9ment mon geste. J\u2019aurais pu faire quelque chose de plus d\u00e9mocratique \u00bb<\/em>,<\/span><\/p>\n<p>&nbsp;<\/p>\n<p style=\"text-align: justify;\"><span style=\"font-family: comic sans ms, sans-serif;\">L\u2019avocat de la ville de Besan\u00e7on\u00a0<em>: \u00ab\u00a0<\/em><em>Il y a un moment o\u00f9 il faut appeler un chat un chat. Repeindre une statue en blanc, inscrire des symboles nationalistes dessus, une \u0153uvre d\u2019un artiste noir\u2026 \u00c7a ne laisse que peu de place \u00e0 l\u2019interpr\u00e9tation.\u00a0\u00bb<\/em><\/span><\/p>\n<p style=\"text-align: justify;\"><span style=\"font-family: comic sans ms, sans-serif;\">Claire Keller, procureur de la R\u00e9publique\u00a0: <em>\u00ab\u00a0Cet acte de propagande par le fait est parvenu \u00e0 ses fins. Quelques heures apr\u00e8s, un individu non identifi\u00e9, d\u00e9gradait de la m\u00eame mani\u00e8re une autre statue d&rsquo;Ousmane Sow, pr\u00e8s de la gare.<\/em><\/span><\/p>\n<p style=\"text-align: justify;\"><span style=\"font-family: comic sans ms, sans-serif;\">Me Vernet, pour la d\u00e9fense de Th\u00e9o G.\u00a0: <em>\u00ab J&rsquo;appelle \u00e0 la s\u00e9r\u00e9nit\u00e9. En esp\u00e9rant que les choses s&rsquo;apaisent\u00a0\u00bb<\/em>. Il rappelle \u00e9galement la notion de <em>\u00ab Libert\u00e9 de penser\u00a0\u00bb<\/em>. Il rappelle l&rsquo;homosexualit\u00e9 de son client, mentionn\u00e9e plusieurs fois pendant le proc\u00e8s, ainsi que les origines juives de la famille du pr\u00e9venu. <em>\u00ab Il aura peut-\u00eatre le d\u00e9clic pour faire autre chose, ou autrement. C&rsquo;est un gar\u00e7on qui se cherche, et quand on se cherche, on peut faire des erreurs. Vous n&rsquo;avez pas des monstres ici devant vous. \u00bb <\/em>Me Vernet parle de son client<em> \u00ab\u00a0loin d&rsquo;\u00eatre aguerri \u00bb<\/em>. Il conclut sa plaidoirie en citant Victor Hugo.<\/span><\/p>\n<p>&nbsp;<\/p>\n<p style=\"text-align: justify; padding-left: 120px;\"><span style=\"font-family: comic sans ms, sans-serif;\"><strong>Verdict du 17 f\u00e9vrier 2023<\/strong>\u00a0:<\/span><\/p>\n<p style=\"text-align: justify; padding-left: 120px;\"><span style=\"font-family: comic sans ms, sans-serif;\">Les deux pr\u00e9venus ont \u00e9t\u00e9 condamn\u00e9s \u00e0 140 heures de travail d&rsquo;int\u00e9r\u00eat g\u00e9n\u00e9ral \u00e0 ex\u00e9cuter dans un d\u00e9lai de 18 mois (moins d\u2019une heure par mois).<\/span><\/p>\n<p style=\"text-align: justify; padding-left: 120px;\"><span style=\"font-family: comic sans ms, sans-serif;\">En cas de non-ex\u00e9cution de cette condamnation, ils seront oblig\u00e9s de purger une peine de 3 mois de prison. Ils devront \u00e9galement payer des dommages et int\u00e9r\u00eats \u00e0 la municipalit\u00e9 et aux associations \u00ab\u00a0SOS Racisme\u00a0\u00bb et \u00ab\u00a0La maison des potes maison de l&rsquo;\u00e9galit\u00e9\u00a0\u00bb, constitu\u00e9es parties civiles dans cette affaire. Ils \u00e9copent aussi d&rsquo;une peine d&rsquo;in\u00e9ligibilit\u00e9 de deux ans.<\/span><\/p>\n<p style=\"padding-left: 120px;\"><span style=\"font-family: comic sans ms, sans-serif;\">[Les dommages et int\u00e9r\u00eats au sculpteur ? Ce n&rsquo;est pas la peine, il est mort.]<\/span><\/p>\n<p>&nbsp;<\/p>\n<p style=\"text-align: justify;\"><span style=\"font-family: comic sans ms, sans-serif;\">Mme le procureur s\u2019est dite d\u00e9\u00e7ue.<\/span><\/p>\n<p>&nbsp;<\/p>\n<p style=\"text-align: justify;\"><span style=\"font-family: comic sans ms, sans-serif;\">L\u2019ancien \u00e9tudiant en histoire d\u00e9fendu par Me Vernet r\u00e9side d\u00e9sormais en r\u00e9gion parisienne, o\u00f9 il est barman. Il explique qu\u2019il souhaitait \u00e0 la base passer le concours d\u2019officier de police.<\/span><\/p>\n<p style=\"text-align: justify;\"><span style=\"font-family: comic sans ms, sans-serif;\">Il peut toujours.<\/span><\/p>\n<p style=\"text-align: justify;\"><span style=\"font-family: comic sans ms, sans-serif;\">Il pourrait aussi songer \u00e0 se faire engager au Puy du Fou, c\u2019est tr\u00e8s \u00e0 la mode.<\/span><\/p>\n<p>&nbsp;<\/p>\n<p style=\"text-align: left;\"><strong><span style=\"font-family: times new roman, times, serif;\"><span style=\"font-size: 14pt;\">URL de cet article :<\/span><\/span><\/strong><a href=\"http:\/\/blog.lesgrossesorchadeslesamplesthalameges.fr\/index.php\/il-y-a-230-ans-quatrevingt-treize\/\"><span style=\"font-family: times new roman, times, serif;\"><span style=\"font-size: 14pt;\"> http:\/\/blog.lesgrossesorchadeslesamplesthalameges.fr\/index.php\/il-y-a-230-ans-quatrevingt-treize\/<\/span><\/span><\/a><strong><br \/>\n<\/strong><\/p>\n<p><strong>\u00a0<\/strong><\/p>\n<p><strong>\u00a0<\/strong><\/p>\n<p style=\"text-align: center;\"><strong>\u00a0<a href=\"http:\/\/blog.lesgrossesorchadeslesamplesthalameges.fr\/index.php\/2023\/05\/07\/on-croit-toujours-que-cest-notre-derniere-mise-en-ligne\/000-cocarde-bicolore-4\/\" rel=\"attachment wp-att-22682\"><img loading=\"lazy\" class=\"alignnone size-full wp-image-22682\" src=\"http:\/\/blog.lesgrossesorchadeslesamplesthalameges.fr\/wp-content\/uploads\/2023\/05\/000.-cocarde-bicolore.gif\" alt=\"\" width=\"64\" height=\"66\" \/><\/a><\/strong><\/p>\n<p>&nbsp;<\/p>\n<p>&nbsp;<\/p>\n<p style=\"text-align: right;\"><span style=\"font-family: comic sans ms, sans-serif; font-size: 14pt;\">Mai 2023<\/span><\/p>\n<p>&nbsp;<\/p>\n<p>&nbsp;<\/p>\n","protected":false},"excerpt":{"rendered":"<p>&nbsp; &nbsp; &nbsp; &nbsp; &nbsp; &nbsp; &nbsp; &nbsp; Il y a 230 ans\u2026 &nbsp; Quatrevingt-treize\u00a0! &nbsp; &nbsp; &nbsp; &nbsp; &nbsp; &nbsp; \u00a0\u00a0\u00a0\u00a0 La R\u00e9volution, tournant climat\u00e9rique de l\u2019humanit\u00e9, se compose de plusieurs ann\u00e9es. Chacune de ces ann\u00e9es exprime une p\u00e9riode, repr\u00e9sente un aspect ou r\u00e9alise un organe du ph\u00e9nom\u00e8ne. 93, tragique, est une de ces&#8230;<\/p>\n","protected":false},"author":1,"featured_media":0,"parent":0,"menu_order":0,"comment_status":"open","ping_status":"open","template":"","meta":[],"_links":{"self":[{"href":"https:\/\/blog.lesgrossesorchadeslesamplesthalameges.fr\/index.php\/wp-json\/wp\/v2\/pages\/22788"}],"collection":[{"href":"https:\/\/blog.lesgrossesorchadeslesamplesthalameges.fr\/index.php\/wp-json\/wp\/v2\/pages"}],"about":[{"href":"https:\/\/blog.lesgrossesorchadeslesamplesthalameges.fr\/index.php\/wp-json\/wp\/v2\/types\/page"}],"author":[{"embeddable":true,"href":"https:\/\/blog.lesgrossesorchadeslesamplesthalameges.fr\/index.php\/wp-json\/wp\/v2\/users\/1"}],"replies":[{"embeddable":true,"href":"https:\/\/blog.lesgrossesorchadeslesamplesthalameges.fr\/index.php\/wp-json\/wp\/v2\/comments?post=22788"}],"version-history":[{"count":12,"href":"https:\/\/blog.lesgrossesorchadeslesamplesthalameges.fr\/index.php\/wp-json\/wp\/v2\/pages\/22788\/revisions"}],"predecessor-version":[{"id":22806,"href":"https:\/\/blog.lesgrossesorchadeslesamplesthalameges.fr\/index.php\/wp-json\/wp\/v2\/pages\/22788\/revisions\/22806"}],"wp:attachment":[{"href":"https:\/\/blog.lesgrossesorchadeslesamplesthalameges.fr\/index.php\/wp-json\/wp\/v2\/media?parent=22788"}],"curies":[{"name":"wp","href":"https:\/\/api.w.org\/{rel}","templated":true}]}}