{"id":22960,"date":"2023-08-03T16:00:22","date_gmt":"2023-08-03T14:00:22","guid":{"rendered":"http:\/\/blog.lesgrossesorchadeslesamplesthalameges.fr\/?page_id=22960"},"modified":"2023-08-03T16:03:12","modified_gmt":"2023-08-03T14:03:12","slug":"dior-et-karl-marx-cote-a-cote","status":"publish","type":"page","link":"https:\/\/blog.lesgrossesorchadeslesamplesthalameges.fr\/index.php\/dior-et-karl-marx-cote-a-cote\/","title":{"rendered":"Dior et Karl Marx c\u00f4te \u00e0 c\u00f4te&#8230;"},"content":{"rendered":"<p>&nbsp;<\/p>\n<p>&nbsp;<\/p>\n<p>&nbsp;<\/p>\n<p>&nbsp;<\/p>\n<p>&nbsp;<\/p>\n<p>&nbsp;<\/p>\n<p>&nbsp;<\/p>\n<p>&nbsp;<\/p>\n<p style=\"text-align: center;\"><span style=\"font-family: times new roman, times, serif; font-size: 36pt;\"><strong>Dior et Karl Marx <\/strong><\/span><\/p>\n<p style=\"text-align: center;\"><span style=\"font-family: times new roman, times, serif; font-size: 36pt;\"><strong>c\u00f4te \u00e0 c\u00f4te<\/strong><\/span><\/p>\n<p style=\"text-align: justify;\"><span style=\"font-family: times new roman, times, serif; font-size: 14pt;\"><strong>\u00a0<\/strong><\/span><\/p>\n<p>&nbsp;<\/p>\n<p style=\"text-align: justify;\"><span style=\"font-family: comic sans ms, sans-serif; font-size: 12pt;\">ne pouvaient pas manquer d\u2019\u00e9veiller mes souvenirs, car, vous ne le savez peut\u00eatre pas mais, en 1948, Curzio Malaparte \u2013 qui avait \u00e9t\u00e9 fasciste apr\u00e8s s\u2019\u00eatre engag\u00e9 \u00e0 16 ans pour voler au secours de la France (I\u00e8re Guerre mondiale\u00a0!) \u2013 \u00e9tait venu \u00e0 Paris renouer d\u2019anciennes amiti\u00e9s. C\u2019est alors et c\u2019est l\u00e0 qu\u2019il a \u00e9crit en fran\u00e7ais, et fait jouer, ses deux seules pi\u00e8ces\u00a0:<\/span><\/p>\n<p style=\"text-align: justify;\"><span style=\"font-family: times new roman, times, serif; font-size: 14pt;\"><strong>\u00a0<\/strong><\/span><\/p>\n<p>&nbsp;<\/p>\n<p><a href=\"http:\/\/blog.lesgrossesorchadeslesamplesthalameges.fr\/?attachment_id=22916\" rel=\"attachment wp-att-22916\"><img loading=\"lazy\" class=\"alignnone wp-image-22916 size-full\" src=\"http:\/\/blog.lesgrossesorchadeslesamplesthalameges.fr\/wp-content\/uploads\/2023\/08\/14.-COUVERTURE-DENOEL.jpg\" alt=\"\" width=\"250\" height=\"394\" srcset=\"https:\/\/blog.lesgrossesorchadeslesamplesthalameges.fr\/wp-content\/uploads\/2023\/08\/14.-COUVERTURE-DENOEL.jpg 250w, https:\/\/blog.lesgrossesorchadeslesamplesthalameges.fr\/wp-content\/uploads\/2023\/08\/14.-COUVERTURE-DENOEL-190x300.jpg 190w\" sizes=\"(max-width: 250px) 100vw, 250px\" \/><\/a><\/p>\n<p style=\"text-align: justify;\"><span style=\"font-family: times new roman, times, serif; font-size: 14pt;\">Curzio Malaparte<\/span><\/p>\n<p style=\"text-align: justify;\"><span style=\"font-family: times new roman, times, serif; font-size: 18pt;\"><strong><em>Das Kapital<\/em><\/strong>, pi\u00e8ce en 3 actes<\/span><\/p>\n<p style=\"text-align: justify;\"><span style=\"font-family: times new roman, times, serif; font-size: 18pt;\"><strong><em>Du c\u00f4t\u00e9 de chez Proust<\/em><\/strong>, impromptu en 1 acte.<\/span><\/p>\n<p style=\"text-align: justify;\"><span style=\"font-family: times new roman, times, serif; font-size: 14pt;\">Deno\u00ebl, 1951 (c. \u00e0 d. Gallimard)<\/span><\/p>\n<p style=\"text-align: justify;\"><span style=\"font-family: times new roman, times, serif; font-size: 14pt;\">368 pages<\/span><\/p>\n<p>&nbsp;<\/p>\n<p style=\"text-align: justify; padding-left: 160px;\"><span style=\"font-family: comic sans ms, sans-serif; font-size: 14pt;\"><strong>Introuvable, sauf en Italie\u00a0:<\/strong><\/span><\/p>\n<p>&nbsp;<\/p>\n<p>&nbsp;<\/p>\n<p><a href=\"http:\/\/blog.lesgrossesorchadeslesamplesthalameges.fr\/index.php\/dior-et-karl-marx-cote-a-cote\/25-couverture-italienne\/\" rel=\"attachment wp-att-22962\"><img loading=\"lazy\" class=\"alignnone wp-image-22962 size-full\" src=\"http:\/\/blog.lesgrossesorchadeslesamplesthalameges.fr\/wp-content\/uploads\/2023\/08\/25.-COUVERTURE-ITALIENNE.jpg\" alt=\"\" width=\"250\" height=\"385\" srcset=\"https:\/\/blog.lesgrossesorchadeslesamplesthalameges.fr\/wp-content\/uploads\/2023\/08\/25.-COUVERTURE-ITALIENNE.jpg 250w, https:\/\/blog.lesgrossesorchadeslesamplesthalameges.fr\/wp-content\/uploads\/2023\/08\/25.-COUVERTURE-ITALIENNE-195x300.jpg 195w\" sizes=\"(max-width: 250px) 100vw, 250px\" \/><\/a><\/p>\n<p style=\"text-align: justify;\"><span style=\"font-family: times new roman, times, serif; font-size: 14pt;\">Curzio Malaparte<\/span><\/p>\n<p style=\"text-align: justify;\"><span style=\"font-family: times new roman, times, serif; font-size: 18pt;\"><strong><em>Das Kapital<\/em><\/strong><\/span><\/p>\n<p style=\"text-align: justify;\"><span style=\"font-family: times new roman, times, serif; font-size: 18pt;\"><strong><em>Du c\u00f4t\u00e9 de chez Proust<\/em><\/strong><\/span><\/p>\n<p style=\"text-align: justify;\"><span style=\"font-family: times new roman, times, serif; font-size: 14pt;\">Aria d\u2019Italia \u2013 1951<\/span><\/p>\n<p style=\"text-align: justify;\"><span style=\"font-family: times new roman, times, serif; font-size: 14pt;\">368 pages<\/span><\/p>\n<p>&nbsp;<\/p>\n<p>&nbsp;<\/p>\n<p>&nbsp;<\/p>\n<p style=\"text-align: center;\"><a href=\"http:\/\/blog.lesgrossesorchadeslesamplesthalameges.fr\/index.php\/dior-et-karl-marx-cote-a-cote\/26-pierre-dux-en-marx\/\" rel=\"attachment wp-att-22963\"><img loading=\"lazy\" class=\"alignnone wp-image-22963 size-full\" src=\"http:\/\/blog.lesgrossesorchadeslesamplesthalameges.fr\/wp-content\/uploads\/2023\/08\/26.-PIERRE-DUX-EN-MARX.jpg\" alt=\"\" width=\"500\" height=\"332\" srcset=\"https:\/\/blog.lesgrossesorchadeslesamplesthalameges.fr\/wp-content\/uploads\/2023\/08\/26.-PIERRE-DUX-EN-MARX.jpg 500w, https:\/\/blog.lesgrossesorchadeslesamplesthalameges.fr\/wp-content\/uploads\/2023\/08\/26.-PIERRE-DUX-EN-MARX-300x199.jpg 300w\" sizes=\"(max-width: 500px) 100vw, 500px\" \/><\/a><\/p>\n<p style=\"text-align: center;\"><span style=\"font-family: times new roman, times, serif; font-size: 14pt;\"><strong><em>Pierre Dux en Karl Marx \u2013 28 janvier 1948<\/em><\/strong><\/span><\/p>\n<p>&nbsp;<\/p>\n<p>&nbsp;<\/p>\n<p>&nbsp;<\/p>\n<p style=\"text-align: justify;\"><span style=\"font-family: times new roman, times, serif; font-size: 18pt; color: #c00000;\"><strong><em>Quel rapport avec Dior\u00a0?<\/em><\/strong><\/span><\/p>\n<p style=\"text-align: justify;\"><span style=\"font-family: times new roman, times, serif; font-size: 14pt;\"><strong><em>\u00a0<\/em><\/strong><\/span><\/p>\n<p style=\"text-align: justify;\"><span style=\"font-family: comic sans ms, sans-serif; font-size: 12pt;\">Il faut savoir que le jour de la g\u00e9n\u00e9rale de <em>Du c\u00f4te de chez Proust<\/em>, 22 novembre 1948, toute la haute couture fran\u00e7aise, Christian Dior et Jacques Fath en t\u00eate, s\u00e9tait d\u00e9plac\u00e9e en corps et occupait les premiers rangs de la Michodi\u00e8re pour assister \u00e0 l\u2019exaltation de son grand homme. Est-ce que, d\u2019ailleurs, Pierre Fresnay n\u2019avait pas exig\u00e9 de l\u2019auteur qu\u2019au cours de cet acte unique, Yvonne Printemps p\u00fbt non seulement chanter mais changer quatre fois de costume\u00a0?<\/span><\/p>\n<p style=\"text-align: justify;\"><span style=\"font-family: comic sans ms, sans-serif; font-size: 12pt;\">Le scandale vint du Proust de Malaparte, camp\u00e9 avec brio mais non sans une touche d\u2019humour par un Fresnay au mieux de sa forme.<\/span><\/p>\n<p style=\"text-align: justify;\"><span style=\"font-family: comic sans ms, sans-serif; font-size: 12pt;\">Au lieu d\u2019une ovation debout, ce fut un d\u00e9cha\u00eenement d\u2019impr\u00e9cations qui accueillit la pi\u00e8ce iconoclaste, ce qui fit que, rentr\u00e9e dans sa loge, Yvonne Printemps\u00a0put dire \u00e0 l\u2019\u00e9crivain qui l\u2019avait si bien servie\u00a0:<\/span><\/p>\n<p>&nbsp;<\/p>\n<p>&nbsp;<\/p>\n<p>&nbsp;<\/p>\n<p style=\"text-align: center;\"><a href=\"http:\/\/blog.lesgrossesorchadeslesamplesthalameges.fr\/index.php\/dior-et-karl-marx-cote-a-cote\/27-yvonne-printemps\/\" rel=\"attachment wp-att-22964\"><img loading=\"lazy\" class=\"alignnone wp-image-22964 size-full\" src=\"http:\/\/blog.lesgrossesorchadeslesamplesthalameges.fr\/wp-content\/uploads\/2023\/08\/27.-YVONNE-PRINTEMPS.jpg\" alt=\"\" width=\"500\" height=\"323\" srcset=\"https:\/\/blog.lesgrossesorchadeslesamplesthalameges.fr\/wp-content\/uploads\/2023\/08\/27.-YVONNE-PRINTEMPS.jpg 500w, https:\/\/blog.lesgrossesorchadeslesamplesthalameges.fr\/wp-content\/uploads\/2023\/08\/27.-YVONNE-PRINTEMPS-300x194.jpg 300w\" sizes=\"(max-width: 500px) 100vw, 500px\" \/><\/a><\/p>\n<p style=\"text-align: center;\"><span style=\"font-family: times new roman, times, serif; font-size: 14pt;\"><strong><em>Mon cher, vous \u00eates ce soir l\u2019homme le plus d\u00e9test\u00e9 de Paris.<\/em><\/strong><\/span><\/p>\n<p style=\"text-align: justify;\"><span style=\"font-family: times new roman, times, serif; font-size: 14pt;\"><strong><em>\u00a0<\/em><\/strong><\/span><\/p>\n<p>&nbsp;<\/p>\n<p>&nbsp;<\/p>\n<p style=\"text-align: center;\"><span style=\"font-family: times new roman, times, serif; font-size: 14pt;\"><strong><em>\u00a0<a href=\"http:\/\/blog.lesgrossesorchadeslesamplesthalameges.fr\/?attachment_id=22907\" rel=\"attachment wp-att-22907\"><img loading=\"lazy\" class=\"alignnone wp-image-22907\" src=\"http:\/\/blog.lesgrossesorchadeslesamplesthalameges.fr\/wp-content\/uploads\/2023\/08\/8.-Ouverture-dune-bouteille.jpg\" alt=\"\" width=\"80\" height=\"106\" \/><\/a><\/em><\/strong><\/span><\/p>\n<p style=\"text-align: justify;\"><span style=\"font-family: times new roman, times, serif; font-size: 14pt;\"><strong><em>\u00a0<\/em><\/strong><\/span><\/p>\n<p style=\"text-align: justify;\"><span style=\"font-family: times new roman, times, serif; font-size: 14pt;\"><strong><em>\u00a0<\/em><\/strong><\/span><\/p>\n<p><span style=\"font-family: times new roman, times, serif; font-size: 18pt; color: #c00000;\"><strong><em>Beaucoup d\u2019ann\u00e9es plus tard, M. Jacques Sereys, de la Com\u00e9die Fran\u00e7aise, allait faucher son titre \u00e0 Malaparte pour r\u00e9citer du vrai Proust, qui n\u2019est pas mal non plus.<\/em><\/strong><\/span><\/p>\n<p style=\"text-align: center;\"><span style=\"font-family: times new roman, times, serif; font-size: 14pt;\"><strong><em>\u00a0<a href=\"http:\/\/blog.lesgrossesorchadeslesamplesthalameges.fr\/index.php\/2023\/07\/31\/quand-les-francais-seront-redevenus-un-peuple-politique\/000-vers-le-bas-fleche-rouge-gif-copie-34\/\" rel=\"attachment wp-att-22890\"><img loading=\"lazy\" class=\"alignnone size-full wp-image-22890\" src=\"http:\/\/blog.lesgrossesorchadeslesamplesthalameges.fr\/wp-content\/uploads\/2023\/07\/000.-vers-le-bas-fleche-rouge-GIF-Copie.gif\" alt=\"\" width=\"100\" height=\"100\" \/><\/a><\/em><\/strong><\/span><\/p>\n<p style=\"text-align: center;\"><span style=\"font-family: times new roman, times, serif; font-size: 14pt;\"><a href=\"https:\/\/www.theatre-contemporain.net\/spectacles\/Du-cote-de-chez-Proust\/\"><strong>Du c\u00f4t\u00e9 de chez Proust &#8211; Jacques Sereys, &#8211; mise en sc\u00e8ne Jean-Luc Tardieu, &#8211; theatre-contemporain.net<\/strong><\/a><\/span><\/p>\n<p style=\"text-align: justify;\"><span style=\"font-family: times new roman, times, serif; font-size: 14pt;\"><strong>\u00a0<\/strong><\/span><\/p>\n<p>&nbsp;<\/p>\n<p>&nbsp;<\/p>\n<p style=\"text-align: center;\"><strong>\u00a0<em><a href=\"http:\/\/blog.lesgrossesorchadeslesamplesthalameges.fr\/?attachment_id=22907\" rel=\"attachment wp-att-22907\"><img loading=\"lazy\" class=\"alignnone wp-image-22907\" src=\"http:\/\/blog.lesgrossesorchadeslesamplesthalameges.fr\/wp-content\/uploads\/2023\/08\/8.-Ouverture-dune-bouteille.jpg\" alt=\"\" width=\"80\" height=\"106\" \/><\/a><\/em><\/strong><\/p>\n<p>&nbsp;<\/p>\n<p>&nbsp;<\/p>\n<p style=\"text-align: left;\"><strong><span style=\"font-family: times new roman, times, serif; font-size: 14pt;\">URL de cet article : <\/span><\/strong><a href=\"http:\/\/blog.lesgrossesorchadeslesamplesthalameges.fr\/index.php\/dior-et-karl-marx-cote-a-cote\/\"><span style=\"font-family: times new roman, times, serif; font-size: 14pt;\">http:\/\/blog.lesgrossesorchadeslesamplesthalameges.fr\/index.php\/dior-et-karl-marx-cote-a-cote\/<\/span><\/a><\/p>\n<p>&nbsp;<\/p>\n<p><strong><span style=\"font-family: times new roman, times, serif; font-size: 14pt;\">\u00a0<\/span><\/strong><\/p>\n<p style=\"text-align: right;\"><span style=\"font-family: comic sans ms, sans-serif; font-size: 14pt;\">Ao\u00fbt 2023<\/span><\/p>\n<p>&nbsp;<\/p>\n<p>&nbsp;<\/p>\n","protected":false},"excerpt":{"rendered":"<p>&nbsp; &nbsp; &nbsp; &nbsp; &nbsp; &nbsp; &nbsp; &nbsp; Dior et Karl Marx c\u00f4te \u00e0 c\u00f4te \u00a0 &nbsp; ne pouvaient pas manquer d\u2019\u00e9veiller mes souvenirs, car, vous ne le savez peut\u00eatre pas mais, en 1948, Curzio Malaparte \u2013 qui avait \u00e9t\u00e9 fasciste apr\u00e8s s\u2019\u00eatre engag\u00e9 \u00e0 16 ans pour voler au secours de la France (I\u00e8re&#8230;<\/p>\n","protected":false},"author":1,"featured_media":0,"parent":0,"menu_order":0,"comment_status":"open","ping_status":"open","template":"","meta":[],"_links":{"self":[{"href":"https:\/\/blog.lesgrossesorchadeslesamplesthalameges.fr\/index.php\/wp-json\/wp\/v2\/pages\/22960"}],"collection":[{"href":"https:\/\/blog.lesgrossesorchadeslesamplesthalameges.fr\/index.php\/wp-json\/wp\/v2\/pages"}],"about":[{"href":"https:\/\/blog.lesgrossesorchadeslesamplesthalameges.fr\/index.php\/wp-json\/wp\/v2\/types\/page"}],"author":[{"embeddable":true,"href":"https:\/\/blog.lesgrossesorchadeslesamplesthalameges.fr\/index.php\/wp-json\/wp\/v2\/users\/1"}],"replies":[{"embeddable":true,"href":"https:\/\/blog.lesgrossesorchadeslesamplesthalameges.fr\/index.php\/wp-json\/wp\/v2\/comments?post=22960"}],"version-history":[{"count":6,"href":"https:\/\/blog.lesgrossesorchadeslesamplesthalameges.fr\/index.php\/wp-json\/wp\/v2\/pages\/22960\/revisions"}],"predecessor-version":[{"id":22969,"href":"https:\/\/blog.lesgrossesorchadeslesamplesthalameges.fr\/index.php\/wp-json\/wp\/v2\/pages\/22960\/revisions\/22969"}],"wp:attachment":[{"href":"https:\/\/blog.lesgrossesorchadeslesamplesthalameges.fr\/index.php\/wp-json\/wp\/v2\/media?parent=22960"}],"curies":[{"name":"wp","href":"https:\/\/api.w.org\/{rel}","templated":true}]}}