{"id":22972,"date":"2023-08-03T16:21:34","date_gmt":"2023-08-03T14:21:34","guid":{"rendered":"http:\/\/blog.lesgrossesorchadeslesamplesthalameges.fr\/?page_id=22972"},"modified":"2023-08-03T16:23:32","modified_gmt":"2023-08-03T14:23:32","slug":"tintin-en-russie","status":"publish","type":"page","link":"https:\/\/blog.lesgrossesorchadeslesamplesthalameges.fr\/index.php\/tintin-en-russie\/","title":{"rendered":"Tintin en Russie"},"content":{"rendered":"<p>&nbsp;<\/p>\n<p>&nbsp;<\/p>\n<p>&nbsp;<\/p>\n<p>&nbsp;<\/p>\n<p>&nbsp;<\/p>\n<p>&nbsp;<\/p>\n<p>&nbsp;<\/p>\n<p>&nbsp;<\/p>\n<p style=\"text-align: center;\"><span style=\"font-family: times new roman, times, serif; font-size: 36pt;\"><strong>Tintin en Russie<\/strong><\/span><\/p>\n<p>&nbsp;<\/p>\n<p style=\"text-align: center;\"><span style=\"font-family: times new roman, times, serif; font-size: 24pt;\">\u00a0(Pardon, c\u2019est Alex\u00a0!)<\/span><\/p>\n<p>&nbsp;<\/p>\n<p>&nbsp;<\/p>\n<p>&nbsp;<\/p>\n<p style=\"text-align: justify;\"><span style=\"font-family: comic sans ms, sans-serif; font-size: 12pt;\">La grande nouvelle du jour est, bien entendu, l\u2019\u00e9vasion d\u2019Ukraine (comment\u00a0?) de Gonzalo Lira, le Chilien citoyen US qui \u00e9tait en instance de jugement chez les Ukronazis apr\u00e8s les tortures de rigueur et qui demande l\u2019asile politique \u00e0 la Hongrie.<\/span><\/p>\n<p>&nbsp;<\/p>\n<p>&nbsp;<\/p>\n<p>&nbsp;<\/p>\n<p style=\"text-align: center;\"><iframe loading=\"lazy\" title=\"YouTube video player\" src=\"\/\/www.youtube.com\/embed\/vJ8lb9efo1k\" width=\"560\" height=\"315\" frameborder=\"0\" allowfullscreen=\"allowfullscreen\"><\/iframe><\/p>\n<p>&nbsp;<\/p>\n<p>&nbsp;<\/p>\n<p>&nbsp;<\/p>\n<p style=\"text-align: justify;\"><span style=\"font-family: comic sans ms, sans-serif; font-size: 12pt;\">Apr\u00e8s un (trop bref) passage par la tr\u00e8s belle ville d\u2019Erevan en Arm\u00e9nie, notre reporter-disciple-d\u2019Aristote a entam\u00e9 un petit p\u00e9riple en F\u00e9d\u00e9ration de Russie, par plusieurs jours pass\u00e9s \u00e0 d\u00e9ambuler dans Moscou. En ce moment, il se prom\u00e8ne dans Saint Petersbourg, qui a bien les plus belles corbeilles de fleurs urbaines du monde.<\/span><\/p>\n<p>&nbsp;<\/p>\n<p>&nbsp;<\/p>\n<p>&nbsp;<\/p>\n<p style=\"text-align: center;\"><a href=\"http:\/\/blog.lesgrossesorchadeslesamplesthalameges.fr\/index.php\/tintin-en-russie\/28-portraitistes\/\" rel=\"attachment wp-att-22973\"><img loading=\"lazy\" class=\"alignnone wp-image-22973 size-full\" src=\"http:\/\/blog.lesgrossesorchadeslesamplesthalameges.fr\/wp-content\/uploads\/2023\/08\/28.-PORTRAITISTES.jpg\" alt=\"\" width=\"350\" height=\"444\" srcset=\"https:\/\/blog.lesgrossesorchadeslesamplesthalameges.fr\/wp-content\/uploads\/2023\/08\/28.-PORTRAITISTES.jpg 350w, https:\/\/blog.lesgrossesorchadeslesamplesthalameges.fr\/wp-content\/uploads\/2023\/08\/28.-PORTRAITISTES-236x300.jpg 236w\" sizes=\"(max-width: 350px) 100vw, 350px\" \/><\/a><\/p>\n<p style=\"text-align: center;\"><span style=\"font-family: times new roman, times, serif; font-size: 12pt;\"><strong><em>Portraitistes en plein vent dans les rues de Saint-Petersbourg. <\/em><\/strong><\/span><\/p>\n<p style=\"text-align: center;\"><span style=\"font-family: times new roman, times, serif; font-size: 12pt;\">(Pour les jeunes\u00a0: c\u2019est ainsi que Federico Fellini a commenc\u00e9 sa carri\u00e8re.)<\/span><\/p>\n<p>&nbsp;<\/p>\n<p>&nbsp;<\/p>\n<p>&nbsp;<\/p>\n<p><span style=\"font-family: comic sans ms, sans-serif; font-size: 12pt;\">Saint Petersbourg, on connaissait un peu par les touristes, mais Moscou est pour les s\u00e9dentaires comme moi une r\u00e9elle d\u00e9couverte.<\/span><\/p>\n<p style=\"text-align: justify;\"><span style=\"font-family: comic sans ms, sans-serif; font-size: 12pt;\">Du coup, on en arrive \u00e0 ne plus trop \u00e9couter ce qu\u2019il dit pour regarder de tous ses yeux les endroits o\u00f9 il passe\u2026<\/span><\/p>\n<p style=\"text-align: justify;\"><span style=\"font-family: comic sans ms, sans-serif; font-size: 12pt;\">Vous pouvez, si vous voulez, en faire autant\u00a0:<\/span><\/p>\n<p>&nbsp;<\/p>\n<p>&nbsp;<\/p>\n<p style=\"text-align: justify;\"><span style=\"font-family: times new roman, times, serif; font-size: 14pt;\"><strong>EREVAN<\/strong><\/span><\/p>\n<p style=\"text-align: justify;\"><span style=\"font-family: times new roman, times, serif; font-size: 14pt;\"><a href=\"https:\/\/theduran.com\/tucker-exposes-gop-ukraine-first-uk-air-force-ready-to-fight-russia-macron-booed-u-1\/\">https:\/\/theduran.com\/tucker-exposes-gop-ukraine-first-uk-air-force-ready-to-fight-russia-macron-booed-u-1\/<\/a><\/span><\/p>\n<p style=\"text-align: justify;\"><span style=\"font-family: times new roman, times, serif; font-size: 14pt;\"><a href=\"https:\/\/theduran.com\/putin-we-have-more-clusters-elensky-russia-throwing-away-resources-trump-cease-and-desist-u-2\/\">https:\/\/theduran.com\/putin-we-have-more-clusters-elensky-russia-throwing-away-resources-trump-cease-and-desist-u-2\/<\/a><\/span><\/p>\n<p>&nbsp;<\/p>\n<p style=\"text-align: justify;\"><span style=\"font-family: times new roman, times, serif; font-size: 14pt;\"><strong>MOSCOU<\/strong><\/span><\/p>\n<p style=\"text-align: justify;\"><span style=\"font-family: times new roman, times, serif; font-size: 14pt;\"><a href=\"https:\/\/theduran.com\/crimea-bridge-hit-grain-deal-ends-annalena-no-holiday-blame-putin-yellen-magic-mushrooms-u-1\/\">https:\/\/theduran.com\/crimea-bridge-hit-grain-deal-ends-annalena-no-holiday-blame-putin-yellen-magic-mushrooms-u-1\/<\/a><\/span><\/p>\n<p style=\"text-align: justify;\"><span style=\"font-family: times new roman, times, serif; font-size: 14pt;\"><a href=\"https:\/\/theduran.com\/putin-we-will-retaliate-ursula-condemns-cynical-move-sullivan-us-will-not-fight-russia-u-1\/\">https:\/\/theduran.com\/putin-we-will-retaliate-ursula-condemns-cynical-move-sullivan-us-will-not-fight-russia-u-1\/<\/a><\/span><\/p>\n<p style=\"text-align: justify;\"><span style=\"font-family: times new roman, times, serif; font-size: 14pt;\"><a href=\"https:\/\/theduran.com\/putin-will-not-go-to-south-africa-latin-america-refuses-to-condemn-russia-free-grain-u-1\/\">https:\/\/theduran.com\/putin-will-not-go-to-south-africa-latin-america-refuses-to-condemn-russia-free-grain-u-1\/<\/a><\/span><\/p>\n<p style=\"text-align: justify;\"><span style=\"font-family: times new roman, times, serif; font-size: 14pt;\"><a href=\"https:\/\/theduran.com\/odessa-blockade-f16s-not-leopard-tanks-orthodox-priest-arrested-clooney-goes-after-wagner-u-1\/\">https:\/\/theduran.com\/odessa-blockade-f16s-not-leopard-tanks-orthodox-priest-arrested-clooney-goes-after-wagner-u-1\/<\/a><\/span><\/p>\n<p style=\"text-align: justify;\"><span style=\"font-family: times new roman, times, serif; font-size: 14pt;\"><a href=\"https:\/\/theduran.com\/biden-ukraine-%D0%BA%D1%80%D1%8B%D1%88%D0%B0-my-dog-is-smarter-now-or-never-for-elensky-dems-smear-rfk-jr-u-1\/\">https:\/\/theduran.com\/biden-ukraine-%D0%BA%D1%80%D1%8B%D1%88%D0%B0-my-dog-is-smarter-now-or-never-for-elensky-dems-smear-rfk-jr-u-1\/<\/a><\/span><\/p>\n<p style=\"text-align: justify;\"><span style=\"font-family: times new roman, times, serif; font-size: 14pt;\"><a href=\"https:\/\/theduran.com\/i-am-the-ai-medvedev-green-day-biden-elensky-wants-nato-in-black-sea-nuland-to-south-africa-u-1\/\">https:\/\/theduran.com\/i-am-the-ai-medvedev-green-day-biden-elensky-wants-nato-in-black-sea-nuland-to-south-africa-u-1\/<\/a><\/span><\/p>\n<p style=\"text-align: justify;\"><span style=\"font-family: times new roman, times, serif; font-size: 14pt;\"><a href=\"https:\/\/theduran.com\/russia-hits-reni-port-no-atacms-can-you-ring-your-dad-sanctions-fail-to-stop-russian-travel-u-1\/\">https:\/\/theduran.com\/russia-hits-reni-port-no-atacms-can-you-ring-your-dad-sanctions-fail-to-stop-russian-travel-u-1\/<\/a><\/span><\/p>\n<p style=\"text-align: justify;\"><span style=\"font-family: times new roman, times, serif; font-size: 14pt;\"><a href=\"https:\/\/theduran.com\/biden-lawyer-impersonation-russia-2-gdp-growth-fires-in-greece-white-house-dog-stress-u-1\/\">https:\/\/theduran.com\/biden-lawyer-impersonation-russia-2-gdp-growth-fires-in-greece-white-house-dog-stress-u-1\/<\/a><\/span><\/p>\n<p style=\"text-align: justify;\"><span style=\"font-family: times new roman, times, serif; font-size: 14pt;\"><a href=\"https:\/\/theduran.com\/nyt-real-big-counteroffensive-starts-elensky-democracy-delays-elections-nuland-promotion-u-1\/\">https:\/\/theduran.com\/nyt-real-big-counteroffensive-starts-elensky-democracy-delays-elections-nuland-promotion-u-1\/<\/a><\/span><\/p>\n<p style=\"text-align: justify;\"><span style=\"font-family: times new roman, times, serif; font-size: 14pt;\"><a href=\"https:\/\/theduran.com\/ukraine-nato-plan-b-russia-africa-success-west-msm-africa-summit-failure-ursula-peace-prize-u-1\/\">https:\/\/theduran.com\/ukraine-nato-plan-b-russia-africa-success-west-msm-africa-summit-failure-ursula-peace-prize-u-1\/<\/a><\/span><\/p>\n<p style=\"text-align: justify;\"><span style=\"font-family: times new roman, times, serif; font-size: 14pt;\"><strong>\u00a0<\/strong><\/span><\/p>\n<p style=\"text-align: justify;\"><span style=\"font-family: times new roman, times, serif; font-size: 14pt;\"><strong>SAINT PETERSBOURG<\/strong><\/span><\/p>\n<p style=\"text-align: justify;\"><span style=\"font-family: times new roman, times, serif; font-size: 14pt;\"><a href=\"https:\/\/theduran.com\/moscow-city-drone-saudi-ukraine-peace-talks-north-korea-rockets-captured-fencing-rule-change-u-1\/\">https:\/\/theduran.com\/moscow-city-drone-saudi-ukraine-peace-talks-north-korea-rockets-captured-fencing-rule-change-u-1\/<\/a><\/span><\/p>\n<p style=\"text-align: justify;\"><span style=\"font-family: times new roman, times, serif; font-size: 14pt;\"><a href=\"https:\/\/theduran.com\/france-prepares-airstrikes-niger-eu-ready-to-seize-russia-assets-blinken-threat-to-humanity-u-1\/\">https:\/\/theduran.com\/france-prepares-airstrikes-niger-eu-ready-to-seize-russia-assets-blinken-threat-to-humanity-u-1\/<\/a><\/span><\/p>\n<p style=\"text-align: justify;\"><span style=\"font-family: times new roman, times, serif; font-size: 14pt;\"><a href=\"https:\/\/theduran.com\/gonzalo-lira-asylum-elensky-plan-e-drone-attacks-biden-burisma-the-brand-russia-e-visa-u-1\/\">https:\/\/theduran.com\/gonzalo-lira-asylum-elensky-plan-e-drone-attacks-biden-burisma-the-brand-russia-e-visa-u-1\/<\/a>\u00a0<\/span><\/p>\n<p style=\"text-align: justify;\"><span style=\"font-family: times new roman, times, serif; font-size: 14pt;\"><a href=\"https:\/\/theduran.com\/blinken-us-will-not-drop-assange-charges-trump-indictment-politico-no-ukraine-breakthrough-u-1\/\">https:\/\/theduran.com\/blinken-us-will-not-drop-assange-charges-trump-indictment-politico-no-ukraine-breakthrough-u-1\/<\/a><\/span><\/p>\n<p>&nbsp;<\/p>\n<p style=\"text-align: left;\"><span style=\"font-family: times new roman, times, serif; font-size: 14pt;\"><strong>URL de cet article\u00a0: <\/strong><a href=\"http:\/\/blog.lesgrossesorchadeslesamplesthalameges.fr\/index.php\/tintin-en-russie\/\">http:\/\/blog.lesgrossesorchadeslesamplesthalameges.fr\/index.php\/tintin-en-russie\/<\/a><\/span><\/p>\n<p>&nbsp;<\/p>\n<p>&nbsp;<\/p>\n<p>&nbsp;<\/p>\n<p style=\"text-align: center;\"><a href=\"http:\/\/blog.lesgrossesorchadeslesamplesthalameges.fr\/index.php\/2023\/08\/03\/a-propos-dun-billet-dhumeur-danatole-atlas\/8-ouverture-dune-bouteille\/\" rel=\"attachment wp-att-22907\"><img loading=\"lazy\" class=\"alignnone wp-image-22907\" src=\"http:\/\/blog.lesgrossesorchadeslesamplesthalameges.fr\/wp-content\/uploads\/2023\/08\/8.-Ouverture-dune-bouteille.jpg\" alt=\"\" width=\"80\" height=\"106\" \/><\/a><\/p>\n<p>&nbsp;<\/p>\n<p>&nbsp;<\/p>\n<p style=\"text-align: right;\"><span style=\"font-family: comic sans ms, sans-serif; font-size: 14pt;\">Ao\u00fbt 2023<\/span><\/p>\n<p>&nbsp;<\/p>\n<p>&nbsp;<\/p>\n","protected":false},"excerpt":{"rendered":"<p>&nbsp; &nbsp; &nbsp; &nbsp; &nbsp; &nbsp; &nbsp; &nbsp; Tintin en Russie &nbsp; \u00a0(Pardon, c\u2019est Alex\u00a0!) &nbsp; &nbsp; &nbsp; La grande nouvelle du jour est, bien entendu, l\u2019\u00e9vasion d\u2019Ukraine (comment\u00a0?) de Gonzalo Lira, le Chilien citoyen US qui \u00e9tait en instance de jugement chez les Ukronazis apr\u00e8s les tortures de rigueur et qui demande l\u2019asile politique&#8230;<\/p>\n","protected":false},"author":1,"featured_media":0,"parent":0,"menu_order":0,"comment_status":"closed","ping_status":"closed","template":"","meta":[],"_links":{"self":[{"href":"https:\/\/blog.lesgrossesorchadeslesamplesthalameges.fr\/index.php\/wp-json\/wp\/v2\/pages\/22972"}],"collection":[{"href":"https:\/\/blog.lesgrossesorchadeslesamplesthalameges.fr\/index.php\/wp-json\/wp\/v2\/pages"}],"about":[{"href":"https:\/\/blog.lesgrossesorchadeslesamplesthalameges.fr\/index.php\/wp-json\/wp\/v2\/types\/page"}],"author":[{"embeddable":true,"href":"https:\/\/blog.lesgrossesorchadeslesamplesthalameges.fr\/index.php\/wp-json\/wp\/v2\/users\/1"}],"replies":[{"embeddable":true,"href":"https:\/\/blog.lesgrossesorchadeslesamplesthalameges.fr\/index.php\/wp-json\/wp\/v2\/comments?post=22972"}],"version-history":[{"count":7,"href":"https:\/\/blog.lesgrossesorchadeslesamplesthalameges.fr\/index.php\/wp-json\/wp\/v2\/pages\/22972\/revisions"}],"predecessor-version":[{"id":22980,"href":"https:\/\/blog.lesgrossesorchadeslesamplesthalameges.fr\/index.php\/wp-json\/wp\/v2\/pages\/22972\/revisions\/22980"}],"wp:attachment":[{"href":"https:\/\/blog.lesgrossesorchadeslesamplesthalameges.fr\/index.php\/wp-json\/wp\/v2\/media?parent=22972"}],"curies":[{"name":"wp","href":"https:\/\/api.w.org\/{rel}","templated":true}]}}