{"id":23023,"date":"2023-09-04T12:02:29","date_gmt":"2023-09-04T10:02:29","guid":{"rendered":"http:\/\/blog.lesgrossesorchadeslesamplesthalameges.fr\/?page_id=23023"},"modified":"2023-09-04T13:28:53","modified_gmt":"2023-09-04T11:28:53","slug":"quand-un-actif-de-la-cia-devient-un-passif-de-la-cia","status":"publish","type":"page","link":"https:\/\/blog.lesgrossesorchadeslesamplesthalameges.fr\/index.php\/quand-un-actif-de-la-cia-devient-un-passif-de-la-cia\/","title":{"rendered":"Quand un actif de la CIA devient un passif de la CIA"},"content":{"rendered":"<p style=\"text-align: justify;\"><span style=\"font-family: times new roman, times, serif; font-size: 14pt;\"><strong>\u00a0<\/strong><\/span><\/p>\n<p>&nbsp;<\/p>\n<p>&nbsp;<\/p>\n<p>&nbsp;<\/p>\n<p>&nbsp;<\/p>\n<p>&nbsp;<\/p>\n<p>&nbsp;<\/p>\n<p>&nbsp;<\/p>\n<p style=\"text-align: center;\"><span style=\"font-family: times new roman, times, serif; font-size: 14pt;\"><span style=\"font-size: 36pt;\"><strong>Quand un actif de la CIA devient un passif de la CIA &#8211; <\/strong><\/span><a href=\"https:\/\/www.craigmurray.org.uk\/archives\/2023\/08\/when-a-cia-asset-becomes-a-cia-liability\/#tc-comment-title\"><strong><span style=\"font-size: 36pt;\">46<\/span> <\/strong><\/a><\/span><\/p>\n<p style=\"text-align: center;\"><span style=\"font-family: times new roman, times, serif; font-size: 14pt;\"><strong><u>\u00a0<\/u><\/strong><\/span><\/p>\n<p style=\"text-align: center;\"><span style=\"font-family: times new roman, times, serif; font-size: 18pt;\"><strong><em><u>Craig Murray<\/u><\/em><\/strong><strong> \u2013 10.8.2023<\/strong><\/span><\/p>\n<p style=\"text-align: center;\"><span style=\"font-family: times new roman, times, serif; font-size: 18pt;\">Traduction\u00a0:<strong> c.l. <\/strong>pour<strong> <em>L.G.O.<\/em><\/strong><\/span><\/p>\n<p>&nbsp;<\/p>\n<p style=\"text-align: justify;\"><span style=\"font-family: times new roman, times, serif; font-size: 14pt;\"><strong>\u00a0<\/strong><\/span><\/p>\n<p style=\"text-align: justify;\"><strong><span style=\"font-family: times new roman, times, serif; font-size: 14pt;\">Fernando Villavicencio, qui, avec Luke Harding et Dan Collyns du <em>Guardian<\/em>, avait fabriqu\u00e9 le fameux mensonge de la Une du <em>Guardian<\/em> selon lequel Paul Manafort et Julian Assange auraient tenu des r\u00e9unions pro-Trump dans l&rsquo;ambassade \u00e9quatorienne, a \u00e9t\u00e9 abattu en \u00c9quateur.<\/span><\/strong><\/p>\n<p>&nbsp;<\/p>\n<p>&nbsp;<\/p>\n<p style=\"text-align: center;\"><a href=\"http:\/\/blog.lesgrossesorchadeslesamplesthalameges.fr\/index.php\/2023\/09\/04\/marre-de-la-pourriture-tous-azimuts\/murray-1\/\" rel=\"attachment wp-att-23002\"><img loading=\"lazy\" class=\"alignnone wp-image-23002 size-full\" src=\"http:\/\/blog.lesgrossesorchadeslesamplesthalameges.fr\/wp-content\/uploads\/2023\/09\/MURRAY-1.png\" alt=\"\" width=\"500\" height=\"464\" srcset=\"https:\/\/blog.lesgrossesorchadeslesamplesthalameges.fr\/wp-content\/uploads\/2023\/09\/MURRAY-1.png 500w, https:\/\/blog.lesgrossesorchadeslesamplesthalameges.fr\/wp-content\/uploads\/2023\/09\/MURRAY-1-300x278.png 300w\" sizes=\"(max-width: 500px) 100vw, 500px\" \/><\/a><\/p>\n<p>&nbsp;<\/p>\n<p>&nbsp;<\/p>\n<p style=\"text-align: justify;\"><span style=\"font-family: times new roman, times, serif; font-size: 14pt;\">Ce mensonge effroyable, que le r\u00e9dacteur en chef du <em>Guardian<\/em> qui gagne 700.000 dollars par an a refus\u00e9 de r\u00e9tracter ou de supprimer malgr\u00e9 les critiques du <em>Washington Post<\/em>, qui a d\u00e9sign\u00e9 M. Villavicencio comme l&rsquo;auteur du mensonge, visait \u00e0 soutenir l&rsquo;invention du \u00ab\u00a0Russiagate\u00a0\u00bb de Mme Clinton, qui s&rsquo;\u00e9croulait trop rapidement.<\/span><\/p>\n<p style=\"text-align: justify;\"><span style=\"font-family: times new roman, times, serif; font-size: 14pt;\">Voici une photo des agents de la CIA Collyns, Harding et Villavicencio r\u00e9unis \u00e0 Quito\u00a0:<\/span><\/p>\n<p>&nbsp;<\/p>\n<p>&nbsp;<\/p>\n<p style=\"text-align: center;\"><a href=\"http:\/\/blog.lesgrossesorchadeslesamplesthalameges.fr\/index.php\/quand-un-actif-de-la-cia-devient-un-passif-de-la-cia\/actif-2\/\" rel=\"attachment wp-att-23024\"><img loading=\"lazy\" class=\"alignnone wp-image-23024 size-full\" src=\"http:\/\/blog.lesgrossesorchadeslesamplesthalameges.fr\/wp-content\/uploads\/2023\/09\/ACTIF-2.png\" alt=\"\" width=\"500\" height=\"673\" srcset=\"https:\/\/blog.lesgrossesorchadeslesamplesthalameges.fr\/wp-content\/uploads\/2023\/09\/ACTIF-2.png 500w, https:\/\/blog.lesgrossesorchadeslesamplesthalameges.fr\/wp-content\/uploads\/2023\/09\/ACTIF-2-223x300.png 223w\" sizes=\"(max-width: 500px) 100vw, 500px\" \/><\/a><\/p>\n<p>&nbsp;<\/p>\n<p>&nbsp;<\/p>\n<p style=\"text-align: center;\"><a href=\"http:\/\/blog.lesgrossesorchadeslesamplesthalameges.fr\/index.php\/quand-un-actif-de-la-cia-devient-un-passif-de-la-cia\/actif-3\/\" rel=\"attachment wp-att-23025\"><img loading=\"lazy\" class=\"alignnone wp-image-23025 size-full\" src=\"http:\/\/blog.lesgrossesorchadeslesamplesthalameges.fr\/wp-content\/uploads\/2023\/09\/ACTIF-3.png\" alt=\"\" width=\"500\" height=\"160\" srcset=\"https:\/\/blog.lesgrossesorchadeslesamplesthalameges.fr\/wp-content\/uploads\/2023\/09\/ACTIF-3.png 500w, https:\/\/blog.lesgrossesorchadeslesamplesthalameges.fr\/wp-content\/uploads\/2023\/09\/ACTIF-3-300x96.png 300w\" sizes=\"(max-width: 500px) 100vw, 500px\" \/><\/a><\/p>\n<p>&nbsp;<\/p>\n<p>&nbsp;<\/p>\n<p style=\"text-align: justify;\"><span style=\"font-family: times new roman, times, serif; font-size: 14pt;\">La pr\u00e9tention de M. Villavicencio \u00e0 se pr\u00e9senter dans sa campagne comme un militant anti-corruption \u00e9tait tr\u00e8s s\u00e9lective et ne visait qu&rsquo;\u00e0 porter des accusations contre des personnalit\u00e9s de gauche, en ce comprise une longue histoire de fabrication de documents.<\/span><\/p>\n<p style=\"text-align: justify;\"><span style=\"font-family: times new roman, times, serif; font-size: 14pt;\">\u00c9lu \u00e0 l&rsquo;Assembl\u00e9e nationale en 2021, il a consacr\u00e9 toute son \u00e9nergie \u00e0 faire obstacle \u00e0 la destitution pour corruption de l&rsquo;actuel pr\u00e9sident \u00e9quatorien, Guillermo Lasso, autre actif de la CIA et banquier. Ce qui semble plut\u00f4t \u00e9trange pour un militant anti-corruption.<\/span><\/p>\n<p style=\"text-align: justify;\"><span style=\"font-family: times new roman, times, serif; font-size: 14pt;\">\u00c9tonnamment, <a href=\"https:\/\/fr.wikipedia.org\/wiki\/Fernando_Villavicencio\">la page Wikip\u00e9dia de Villavicencio<\/a> le pr\u00e9sente comme un h\u00e9ros de l\u2019anti-corruption. Elle ne fait aucunement r\u00e9f\u00e9rence \u00e0 l&rsquo;affaire Manafort.<\/span><\/p>\n<p style=\"text-align: justify;\"><span style=\"font-family: times new roman, times, serif; font-size: 14pt;\">La page Wikipedia indique qu&rsquo;en 2015, Villavicencio a inform\u00e9 Wikileaks de la surveillance dont Assange faisait l&rsquo;objet \u00e0 l&rsquo;ambassade d&rsquo;\u00c9quateur, et qu&rsquo;il a fourni d&rsquo;autres documents \u00e0 Wikileaks.<\/span><\/p>\n<p style=\"text-align: justify;\"><span style=\"font-family: times new roman, times, serif; font-size: 14pt;\">Ce qu&rsquo;elle ne dit pas, c&rsquo;est que Wikileaks n&rsquo;a pas publi\u00e9 les documents de Villavicencio parce que ses v\u00e9rifications ont r\u00e9v\u00e9l\u00e9 qu&rsquo;une partie au moins d&rsquo;entre eux \u00e9taient des faux.<\/span><\/p>\n<p style=\"text-align: justify;\"><span style=\"font-family: times new roman, times, serif; font-size: 14pt;\">Je dois ici pr\u00e9ciser pour des raisons juridiques, que l&rsquo;\u00e9pisode de surveillance d&rsquo;Assange \u00e0 l&rsquo;ambassade mentionn\u00e9 dans la page Wikip\u00e9dia de Villavicencio s&rsquo;est produit avant l&rsquo;affaire UC Global, <a href=\"https:\/\/www.wsws.org\/fr\/articles\/2021\/05\/13\/murr-m13.html\">dans laquelle je suis t\u00e9moin et victime<\/a>, et qu&rsquo;il n&rsquo;y a aucun lien avec cette affaire.<\/span><\/p>\n<p style=\"text-align: justify;\"><span style=\"font-family: times new roman, times, serif; font-size: 14pt;\">Le r\u00e9sultat des informations de Villavicencio sur la surveillance d&rsquo;Assange \u00e0 l&rsquo;ambassade a en fait conduit directement \u00e0 une tentative de chantage sur des images de moments intimes. Le r\u00f4le de Villavicencio dans cette affaire est pour le moins obscur. Il n&rsquo;\u00e9tait pas pr\u00e9sent lors de la tentative de chantage.<\/span><\/p>\n<p style=\"text-align: justify;\"><span style=\"font-family: times new roman, times, serif; font-size: 14pt;\">Rien de tout cela ne justifie la mort atroce de Villavicencio. Mais cela explique pourquoi vous ne devez pas croire tout ce que vous lisez \u00e0 ce sujet dans les m\u00e9dias grand public.<\/span><\/p>\n<p style=\"text-align: justify;\"><span style=\"font-family: times new roman, times, serif; font-size: 14pt;\">Les agents de la CIA qui falsifient des documents ou qui distribuent des documents falsifi\u00e9s par la CIA et r\u00e9pandent des all\u00e9gations de corruption contre des personnalit\u00e9s de gauche, sont des plus utiles lorsqu&rsquo;ils travaillent dans l&rsquo;ombre. S&rsquo;ils deviennent trop ambitieux, attirent l&rsquo;attention sur eux et se pr\u00e9sentent \u00e0 la pr\u00e9sidence, comme l&rsquo;a fait Villavicencio, alors que la CIA a d\u00e9j\u00e0 sa marionnette approuv\u00e9e dans la course, il est tr\u00e8s facile de passer du statut d&rsquo;actif de la CIA \u00e0 celui de passif de la CIA.<\/span><\/p>\n<p style=\"text-align: justify;\"><span style=\"font-family: times new roman, times, serif; font-size: 14pt;\">Ce qui est tr\u00e8s mauvais pour la sant\u00e9..<\/span><\/p>\n<p style=\"text-align: justify;\"><span style=\"font-family: times new roman, times, serif; font-size: 14pt;\">Mes sinc\u00e8res condol\u00e9ances \u00e0 la famille de M. Villavicencio et \u00e0 ceux qui l&rsquo;aimaient.<\/span><\/p>\n<p style=\"text-align: left;\"><span style=\"font-family: times new roman, times, serif; font-size: 14pt;\">Source : <a href=\"https:\/\/www.craigmurray.org.uk\/archives\/2023\/08\/when-a-cia-asset-becomes-a-cia-liability\/\">https:\/\/www.craigmurray.org.uk\/archives\/2023\/08\/when-a-cia-asset-becomes-a-cia-liability\/<\/a><\/span><\/p>\n<p style=\"text-align: left;\"><span style=\"font-family: times new roman, times, serif; font-size: 14pt;\"><strong>URL de cet article : <\/strong><a href=\"http:\/\/blog.lesgrossesorchadeslesamplesthalameges.fr\/index.php\/quand-un-actif-de-la-cia-devient-un-passif-de-la-cia\/\">http:\/\/blog.lesgrossesorchadeslesamplesthalameges.fr\/index.php\/quand-un-actif-de-la-cia-devient-un-passif-de-la-cia\/<\/a><strong><br \/>\n<\/strong><\/span><\/p>\n<p>&nbsp;<\/p>\n<p>&nbsp;<\/p>\n<p style=\"text-align: center;\"><a href=\"http:\/\/blog.lesgrossesorchadeslesamplesthalameges.fr\/index.php\/2023\/07\/27\/declin-de-loccident-et-naufrage-de-la-francophonie\/000-russep-x-42\/\" rel=\"attachment wp-att-22820\"><img loading=\"lazy\" class=\"alignnone size-full wp-image-22820\" src=\"http:\/\/blog.lesgrossesorchadeslesamplesthalameges.fr\/wp-content\/uploads\/2023\/07\/000.-russep-x.gif\" alt=\"\" width=\"50\" height=\"50\" \/><\/a><\/p>\n<p>&nbsp;<\/p>\n<p>&nbsp;<\/p>\n<p style=\"text-align: right;\"><span style=\"font-family: comic sans ms, sans-serif; font-size: 14pt;\">Ao\u00fbt-Septembre 2023<\/span><\/p>\n<p>&nbsp;<\/p>\n<p>&nbsp;<\/p>\n","protected":false},"excerpt":{"rendered":"<p>\u00a0 &nbsp; &nbsp; &nbsp; &nbsp; &nbsp; &nbsp; &nbsp; Quand un actif de la CIA devient un passif de la CIA &#8211; 46 \u00a0 Craig Murray \u2013 10.8.2023 Traduction\u00a0: c.l. pour L.G.O. &nbsp; \u00a0 Fernando Villavicencio, qui, avec Luke Harding et Dan Collyns du Guardian, avait fabriqu\u00e9 le fameux mensonge de la Une du Guardian selon&#8230;<\/p>\n","protected":false},"author":1,"featured_media":0,"parent":0,"menu_order":0,"comment_status":"open","ping_status":"open","template":"","meta":[],"_links":{"self":[{"href":"https:\/\/blog.lesgrossesorchadeslesamplesthalameges.fr\/index.php\/wp-json\/wp\/v2\/pages\/23023"}],"collection":[{"href":"https:\/\/blog.lesgrossesorchadeslesamplesthalameges.fr\/index.php\/wp-json\/wp\/v2\/pages"}],"about":[{"href":"https:\/\/blog.lesgrossesorchadeslesamplesthalameges.fr\/index.php\/wp-json\/wp\/v2\/types\/page"}],"author":[{"embeddable":true,"href":"https:\/\/blog.lesgrossesorchadeslesamplesthalameges.fr\/index.php\/wp-json\/wp\/v2\/users\/1"}],"replies":[{"embeddable":true,"href":"https:\/\/blog.lesgrossesorchadeslesamplesthalameges.fr\/index.php\/wp-json\/wp\/v2\/comments?post=23023"}],"version-history":[{"count":7,"href":"https:\/\/blog.lesgrossesorchadeslesamplesthalameges.fr\/index.php\/wp-json\/wp\/v2\/pages\/23023\/revisions"}],"predecessor-version":[{"id":23032,"href":"https:\/\/blog.lesgrossesorchadeslesamplesthalameges.fr\/index.php\/wp-json\/wp\/v2\/pages\/23023\/revisions\/23032"}],"wp:attachment":[{"href":"https:\/\/blog.lesgrossesorchadeslesamplesthalameges.fr\/index.php\/wp-json\/wp\/v2\/media?parent=23023"}],"curies":[{"name":"wp","href":"https:\/\/api.w.org\/{rel}","templated":true}]}}