{"id":23047,"date":"2023-09-04T13:47:17","date_gmt":"2023-09-04T11:47:17","guid":{"rendered":"http:\/\/blog.lesgrossesorchadeslesamplesthalameges.fr\/?page_id=23047"},"modified":"2023-09-04T13:49:23","modified_gmt":"2023-09-04T11:49:23","slug":"ce-sont-les-etats-unis-qui-ont-fait-pression-pour-que-khan-soit-destitue","status":"publish","type":"page","link":"https:\/\/blog.lesgrossesorchadeslesamplesthalameges.fr\/index.php\/ce-sont-les-etats-unis-qui-ont-fait-pression-pour-que-khan-soit-destitue\/","title":{"rendered":"Ce sont les \u00c9tats-Unis qui ont fait pression pour que Khan soit destitu\u00e9"},"content":{"rendered":"<p style=\"text-align: justify;\"><strong>\u00a0<\/strong><\/p>\n<p>&nbsp;<\/p>\n<p>&nbsp;<\/p>\n<p>&nbsp;<\/p>\n<p>&nbsp;<\/p>\n<p>&nbsp;<\/p>\n<p>&nbsp;<\/p>\n<p>&nbsp;<\/p>\n<p style=\"text-align: justify;\"><span style=\"font-family: times new roman, times, serif; font-size: 18pt; color: #c00000;\"><strong><em>Une position \u00ab\u00a0aussi agressivement neutre\u00a0\u00bb\u00a0!<\/em><\/strong><\/span><\/p>\n<p style=\"text-align: justify;\"><span style=\"font-family: times new roman, times, serif; font-size: 14pt;\"><strong>\u00a0<\/strong><\/span><\/p>\n<p style=\"text-align: justify;\"><span style=\"font-family: times new roman, times, serif; font-size: 14pt;\"><strong>\u00a0<\/strong><\/span><\/p>\n<p style=\"text-align: center;\"><span style=\"font-family: times new roman, times, serif; font-size: 14pt;\"><strong><span style=\"font-size: 36pt;\">Ce sont les \u00c9tats-Unis qui ont fait pression pour que Khan soit destitu\u00e9<\/span> <\/strong><\/span><\/p>\n<p>&nbsp;<\/p>\n<p style=\"text-align: center;\"><span style=\"font-family: times new roman, times, serif; font-size: 24pt;\">selon des images diffus\u00e9es par c\u00e2ble<\/span><\/p>\n<p>&nbsp;<\/p>\n<p style=\"text-align: center;\"><span style=\"font-family: times new roman, times, serif; font-size: 14pt;\"><a href=\"https:\/\/consortiumnews.com\/tag\/jake-johnson\/\"><strong>Jake Johnson<\/strong><\/a><strong> \u2013<\/strong> <a href=\"https:\/\/www.commondreams.org\/news\/imran-khan-secret-cable\"><strong><em>Common Dreams<\/em><\/strong><\/a> <strong><em>\u2013 <\/em><\/strong><strong>10.8.2023<\/strong><\/span><\/p>\n<p style=\"text-align: center;\"><span style=\"font-family: times new roman, times, serif; font-size: 14pt;\">via <a href=\"ttps:\/\/consortiumnews.com\/2023\/08\/10\/us-urged-ouster-of-khan-cable-shows\/\"><strong><em>ConsortiumNews<\/em><\/strong><\/a><\/span><\/p>\n<p style=\"text-align: center;\"><span style=\"font-family: times new roman, times, serif; font-size: 14pt;\">Traduction\u00a0: <strong>c.l.<\/strong> pour<em> <strong>L.G.O.<\/strong><\/em><\/span><\/p>\n<p>&nbsp;<\/p>\n<p style=\"text-align: justify;\"><span style=\"font-family: times new roman, times, serif; font-size: 14pt;\"><strong>\u00a0<\/strong><\/span><\/p>\n<p style=\"text-align: justify;\"><span style=\"font-family: times new roman, times, serif; font-size: 14pt;\"><a href=\"https:\/\/theintercept.com\/2023\/08\/09\/imran-khan-pakistan-cypher-ukraine-russia\/\"><strong><em>The Intercept<\/em><\/strong><\/a> <strong>a publi\u00e9 un document\u00a0 provenant d&rsquo;une \u00a0source de l&rsquo;arm\u00e9e pakistanaise qui montre un diplomate U.S. ciblant le Premier ministre pakistanais d\u00e9chu pour avoir \u00ab pris une position aussi agressivement neutre \u00bb sur la guerre en Ukraine.\u00a0<\/strong><\/span><\/p>\n<p>&nbsp;<\/p>\n<p>&nbsp;<\/p>\n<p style=\"text-align: center;\"><span style=\"font-family: times new roman, times, serif; font-size: 14pt;\"><strong>\u00a0<a href=\"http:\/\/blog.lesgrossesorchadeslesamplesthalameges.fr\/index.php\/ce-sont-les-etats-unis-qui-ont-fait-pression-pour-que-khan-soit-destitue\/murray-6-2\/\" rel=\"attachment wp-att-23050\"><img loading=\"lazy\" class=\"alignnone wp-image-23050 size-full\" src=\"http:\/\/blog.lesgrossesorchadeslesamplesthalameges.fr\/wp-content\/uploads\/2023\/09\/MURRAY-6-1.jpg\" alt=\"\" width=\"500\" height=\"308\" srcset=\"https:\/\/blog.lesgrossesorchadeslesamplesthalameges.fr\/wp-content\/uploads\/2023\/09\/MURRAY-6-1.jpg 500w, https:\/\/blog.lesgrossesorchadeslesamplesthalameges.fr\/wp-content\/uploads\/2023\/09\/MURRAY-6-1-300x185.jpg 300w\" sizes=\"(max-width: 500px) 100vw, 500px\" \/><\/a><\/strong><\/span><\/p>\n<p style=\"text-align: center;\"><span style=\"font-family: times new roman, times, serif; font-size: 12pt;\"><strong><em>Le Pakistanais Imran Khan au sommet de l&rsquo;Organisation de coop\u00e9ration de Shanghai en juin 2019<\/em><\/strong>. (Kremlin, Wikimedia Commons,<a href=\"https:\/\/creativecommons.org\/licenses\/by\/4.0\/\"> CC BY 4.0)<\/a><\/span><\/p>\n<p style=\"text-align: center;\"><span style=\"font-family: times new roman, times, serif; font-size: 12pt;\"><strong>\u00a0<\/strong><\/span><\/p>\n<p style=\"text-align: justify;\"><span style=\"font-family: times new roman, times, serif; font-size: 14pt;\"><strong>\u00a0<\/strong><\/span><\/p>\n<p style=\"text-align: justify;\"><span style=\"font-family: times new roman, times, serif; font-size: 14pt;\"><strong>Un<\/strong> c\u00e2ble secret obtenu par\u00a0<em> The Intercept\u00a0<\/em> <strong>r\u00e9v\u00e8le<\/strong> qu&rsquo;un diplomate U.S. \u2013 avec l&rsquo;approbation de la Maison Blanche de Biden \u2013 a fait pression sur le gouvernement pakistanais pour qu\u2019il destitue Imran Khan, lequel a, en cons\u00e9quence, \u00e9t\u00e9 \u00e9vinc\u00e9 l\u2019ann\u00e9e derni\u00e8re de son poste de Premier ministre par un \u00ab\u00a0vote de censure\u00a0\u00bb, et plus tard emprisonn\u00e9 \u00ab\u00a0pour corruption\u00a0\u00bb. accusation qui, selon lui, est politiquement motiv\u00e9e.<\/span><\/p>\n<p style=\"text-align: justify;\"><span style=\"font-family: times new roman, times, serif; font-size: 14pt;\">Selon le c\u00e2ble du 7 mars 2022, que\u00a0 <em>The Intercept<\/em> \u00a0a publi\u00e9 dans son int\u00e9gralit\u00e9, en reconnaissant ne pas \u00eatre en mesure de l\u2019authentifier, le diplomate U.S. Donald Lu a d\u00e9clar\u00e9 \u00e0 l&rsquo;ambassadeur pakistanais aux \u00c9tats-Unis que \u00ab\u00a0les gens, ici et en Europe, sont tr\u00e8s pr\u00e9occup\u00e9s par la raison pour laquelle le Pakistan prend une position aussi agressivement neutre\u00a0\u00bb sur la guerre en Ukraine.<\/span><\/p>\n<p style=\"text-align: justify;\"><span style=\"font-family: times new roman, times, serif; font-size: 14pt;\">Les USA ont publiquement critiqu\u00e9 Khan pour avoir organis\u00e9 un\u00a0 voyage \u00e0 Moscou <a href=\"https:\/\/foreignpolicy.com\/2022\/02\/23\/imran-khan-pakistan-russia-putin-india-geopolitics\/\">ant\u00e9rieurement pr\u00e9vu<\/a> et rencontr\u00e9 le pr\u00e9sident Vladimir Poutine au moment o\u00f9 les forces russes commen\u00e7aient \u00e0 envahir l&rsquo;Ukraine en f\u00e9vrier 2022. Selon le c\u00e2ble, Lu a r\u00e9it\u00e9r\u00e9 les pr\u00e9occupations de l&rsquo;administration Biden et ajout\u00e9 : \u00ab Je pense que si le non* &#8211; au vote de confiance contre le Premier ministre \u2013 r\u00e9ussit, tout sera pardonn\u00e9 \u00e0 Washington, car la visite en Russie est consid\u00e9r\u00e9e comme une d\u00e9cision du Premier ministre.<\/span><\/p>\n<p style=\"text-align: justify;\"><span style=\"font-family: times new roman, times, serif; font-size: 14pt;\">\u00ab\u00a0Sinon, je pense que ce sera difficile d&rsquo;aller de l&rsquo;avant\u00a0\u00bb, a ajout\u00e9 Lu.<\/span><\/p>\n<p>&nbsp;<\/p>\n<p>&nbsp;<\/p>\n<p style=\"text-align: center;\"><a href=\"http:\/\/blog.lesgrossesorchadeslesamplesthalameges.fr\/index.php\/ce-sont-les-etats-unis-qui-ont-fait-pression-pour-que-khan-soit-destitue\/murray-7\/\" rel=\"attachment wp-att-23051\"><img loading=\"lazy\" class=\"alignnone wp-image-23051 size-full\" src=\"http:\/\/blog.lesgrossesorchadeslesamplesthalameges.fr\/wp-content\/uploads\/2023\/09\/MURRAY-7.jpg\" alt=\"\" width=\"500\" height=\"410\" srcset=\"https:\/\/blog.lesgrossesorchadeslesamplesthalameges.fr\/wp-content\/uploads\/2023\/09\/MURRAY-7.jpg 500w, https:\/\/blog.lesgrossesorchadeslesamplesthalameges.fr\/wp-content\/uploads\/2023\/09\/MURRAY-7-300x246.jpg 300w\" sizes=\"(max-width: 500px) 100vw, 500px\" \/><\/a><\/p>\n<p style=\"text-align: center;\"><span style=\"font-family: times new roman, times, serif; font-size: 12pt;\"><strong><em>Lu s&rsquo;adressant aux employ\u00e9s du D\u00e9partement d&rsquo;\u00c9tat en 2022<\/em><\/strong>. (D\u00e9partement d&rsquo;\u00c9tat, Freddie Everett\/ Domaine public)<\/span><\/p>\n<p>&nbsp;<\/p>\n<p>&nbsp;<\/p>\n<p style=\"text-align: justify;\"><span style=\"font-family: times new roman, times, serif; font-size: 14pt;\">Le c\u00e2ble indique que Lu \u00ab\u00a0n&rsquo;aurait pas pu faire une d\u00e9marche aussi forte sans l&rsquo;approbation expresse de la Maison Blanche, \u00e0 laquelle il s\u2019est r\u00e9f\u00e9r\u00e9 \u00e0 plusieurs reprises\u00a0\u00bb.<\/span><\/p>\n<p style=\"text-align: justify;\"><span style=\"font-family: times new roman, times, serif; font-size: 14pt;\">Les relations tendues entre les USA et le Pakistan pendant le mandat d\u2019Imran Khan \u00e9taient de notori\u00e9t\u00e9 publique, mais\u00a0 Ryan Grim et Murtaza Hussain de <em>The Intercept<\/em> ont \u00e9crit mercredi que le c\u00e2ble \u00ab prouve l\u2019utilisation, par le D\u00e9partement d&rsquo;\u00c9tat, \u00e0 la fois de la carotte et du b\u00e2ton dans ses pressions \u00e0 l\u2019encontre de Khan, promettant \u201cplus de chaleur\u201d dans les relations avec le Pakistan si Khan \u00e9tait \u00e9cart\u00e9, et l\u2019isolement s&rsquo;il ne l&rsquo;\u00e9tait pas\u00a0\u00bb.<\/span><\/p>\n<p style=\"text-align: justify;\"><span style=\"font-family: times new roman, times, serif; font-size: 14pt;\">\u00ab\u00a0Un mois apr\u00e8s la rencontre avec des responsables U.S. dont il est question dans le document divulgu\u00e9 du gouvernement pakistanais, un vote de censure a eu lieu au Parlement*, conduisant \u00e0 la destitution de Khan du pouvoir\u00a0\u00bb, notent Grim et Hussain. \u00ab Le vote aurait \u00e9t\u00e9 organis\u00e9 avec le soutien de la puissante arm\u00e9e pakistanaise. Depuis lors, Khan et ses partisans sont engag\u00e9s dans une lutte avec l&rsquo;arm\u00e9e et ses alli\u00e9s civils, qui, selon Khan, ont organis\u00e9 son retrait du pouvoir \u00e0 l\u2019instigation expresse des USA.<\/span><\/p>\n<p style=\"text-align: justify;\"><span style=\"font-family: times new roman, times, serif; font-size: 14pt;\">[Voir aussi : <a href=\"https:\/\/consortiumnews.com\/2023\/08\/09\/craig-murray-the-silence-on-imran-khan\/\"><em>Craig Murray : Le silence sur Imran Khan<\/em> ]<\/a><\/span><\/p>\n<p style=\"text-align: justify;\"><span style=\"font-family: times new roman, times, serif; font-size: 14pt;\">Mardi, une ordonnance de la commission \u00e9lectorale pakistanaise\u00a0 <a href=\"https:\/\/www.reuters.com\/world\/asia-pacific\/pakistan-ex-pm-imran-khan-challenges-his-conviction-high-court-lawyer-2023-08-08\/\">a interdit<\/a> \u00a0\u00e0 Khan d&rsquo;exercer toute fonction publique pendant cinq ans. Imran Khan devrait contester cette d\u00e9cision et il fait actuellement\u00a0 <a href=\"https:\/\/www.nytimes.com\/2023\/08\/09\/world\/asia\/imran-khan-appeal-prison-sentence.html\">appel<\/a> \u00a0de sa peine de trois ans de prison.<\/span><\/p>\n<p style=\"text-align: justify;\"><span style=\"font-family: times new roman, times, serif; font-size: 14pt;\">Le Pakistan\u00a0 <a href=\"https:\/\/www.washingtonpost.com\/world\/2023\/08\/08\/imran-khan-pakistan-elections-banned\/\">a dissous son parlement<\/a> \u00a0mercredi, pr\u00e9parant le terrain pour une nouvelle \u00e9lection \u00e0 la suite de l&rsquo;arrestation de Khan.<\/span><\/p>\n<p style=\"text-align: justify;\"><span style=\"font-family: times new roman, times, serif; font-size: 14pt;\">Lors d&rsquo;un\u00a0 <a href=\"https:\/\/www.state.gov\/briefings\/department-press-briefing-august-9-2023\/\">point de presse<\/a> \u00a0qui a fait suite au rapport de <em>The Intercept<\/em>, le porte-parole du d\u00e9partement d&rsquo;\u00c9tat, Matthew Miller, a ni\u00e9 que les \u00c9tats-Unis aient \u00ab\u00a0eu une pr\u00e9f\u00e9rence sur qui devrait \u00eatre le dirigeant du Pakistan\u00a0\u00bb.<\/span><\/p>\n<p style=\"text-align: justify;\"><span style=\"font-family: times new roman, times, serif; font-size: 14pt;\">Lorsqu&rsquo;il a \u00e9t\u00e9 invit\u00e9 \u00e0 s\u2019exprimer sur les commentaires sp\u00e9cifiques de Lu, qui semblent marquer une pr\u00e9f\u00e9rence pour l&rsquo;\u00e9viction de Khan, Miller a d\u00e9clar\u00e9 qu&rsquo;il ne pouvait pas parler de la v\u00e9racit\u00e9 du c\u00e2ble, mais a sugg\u00e9r\u00e9 que les commentaires de Lu dont il \u00e9tait question auraient pu \u00eatre \u00ab\u00a0sortis de leur contexte\u00a0\u00bb.<\/span><\/p>\n<p style=\"text-align: justify;\"><span style=\"font-family: times new roman, times, serif; font-size: 14pt;\">Grim et Hussain ont rapport\u00e9 mercredi que le D\u00e9partement d&rsquo;\u00c9tat \u00ab\u00a0a pr\u00e9c\u00e9demment et \u00e0 plusieurs reprises ni\u00e9 que Lu ait fait pression sur le gouvernement pakistanais pour qu\u2019il destitue le Premier ministre\u00a0\u00bb.<\/span><\/p>\n<p style=\"text-align: justify;\"><span style=\"font-family: times new roman, times, serif; font-size: 14pt;\">\u00ab\u00a0Le 8 avril 2022, apr\u00e8s que Khan ait fait allusion \u00e0 un c\u00e2ble prouvant son accusation d&rsquo;ing\u00e9rence U.S., la porte-parole du d\u00e9partement d&rsquo;\u00c9tat Jalina Porter a \u00e9t\u00e9 interrog\u00e9e sur la v\u00e9racit\u00e9\u00a0dudit c\u00e2ble\u00a0\u00bb, ont \u00e9crit les deux hommes. Porter leur a r\u00e9pondu : \u00ab\u00a0Permettez-moi de dire carr\u00e9ment qu&rsquo;il n&rsquo;y a aucune v\u00e9rit\u00e9 dans ces all\u00e9gations\u00a0\u00bb.<\/span><\/p>\n<p style=\"text-align: justify;\"><span style=\"font-family: times new roman, times, serif; font-size: 14pt;\">Hussain\u00a0 <a href=\"https:\/\/twitter.com\/MazMHussain\/status\/1689308296807698432\">a \u00e9crit<\/a> \u00a0sur les r\u00e9seaux sociaux que\u00a0 <em>The Intercept\u00a0<\/em> a obtenu le c\u00e2ble secret de \u00ab\u00a0sources au sein de l<em>&lsquo;establishment<\/em> militaire pakistanais, qui ont d\u00e9clar\u00e9 avoir \u00e9t\u00e9 d\u00e9\u00e7us par l&rsquo;impact de la crise sur l&rsquo;institution <em>[l\u2019arm\u00e9e, NdT]<\/em> et dit qu\u2019ils souhaitaient alerter le public et leurs camarades sur la v\u00e9rit\u00e9 document\u00e9e de l\u2019histoire\u00a0\u00bb.<\/span><\/p>\n<p style=\"text-align: justify;\"><span style=\"font-family: times new roman, times, serif; font-size: 14pt;\">Comme Grim et Hussain l&rsquo;ont rapport\u00e9 :<\/span><\/p>\n<p style=\"text-align: justify;\"><span style=\"font-family: times new roman, times, serif; font-size: 14pt;\">\u00ab\u00a0Pendant que le drame relatif au c\u00e2ble se d\u00e9roulait en public et dans la presse, l&rsquo;arm\u00e9e pakistanaise a lanc\u00e9 un assaut sans pr\u00e9c\u00e9dent contre la soci\u00e9t\u00e9 civile pakistanaise, dans le but \u00e9vident de faire taire toute dissidence et libert\u00e9 d&rsquo;expression qui avaient pu exister auparavant dans le pays.<\/span><\/p>\n<p style=\"text-align: justify;\"><span style=\"font-family: times new roman, times, serif; font-size: 14pt;\">Ces derniers mois, le gouvernement dirig\u00e9 par l&rsquo;arm\u00e9e a violemment r\u00e9prim\u00e9 non seulement les dissidents, mais \u00e9galement, au sein de ses propres institutions, les personnes soup\u00e7onn\u00e9es de vouloir alerter, <strong>en adoptant la semaine derni\u00e8re une loi<\/strong> qui autorise les perquisitions sans mandat et de longues peines de prison pour les lanceurs d&rsquo;alerte. Secou\u00e9e par les manifestations publiques de soutien \u00e0 Khan \u2013 exprim\u00e9es dans une s\u00e9rie de\u00a0 <a href=\"https:\/\/www.cbsnews.com\/news\/pakistan-imran-khan-arrest-protests-deaths-army-deployed\/\">protestations et d&rsquo;\u00e9meutes de masse<\/a> \u00a0au mois de mai \u2013 l&rsquo;arm\u00e9e s&rsquo;est \u00e9galement dot\u00e9e de pouvoirs autoritaires qui lui permettent de r\u00e9duire consid\u00e9rablement les libert\u00e9s civiles, qui criminalisent toute critique de l&rsquo;arm\u00e9e, qui \u00e9largissent le r\u00f4le d\u00e9j\u00e0 tr\u00e8s large de l&rsquo;institution dans l&rsquo;\u00e9conomie du pays et qui donnent aux chefs militaires un droit de veto permanent sur les affaires politiques et civiles.<\/span><\/p>\n<p style=\"text-align: justify;\"><span style=\"font-family: times new roman, times, serif; font-size: 14pt;\">Sunjeev Bery, directeur du groupe de d\u00e9fense\u00a0 <a href=\"https:\/\/freedomforward.org\/\"><em>Freedom Forward<\/em><\/a>,\u00a0<a href=\"https:\/\/twitter.com\/SunjeevBery\/status\/1689441247579217920\">a \u00e9crit<\/a><u>,<\/u> \u00a0suite \u00e0\u00a0 l&rsquo;histoire de <em>The Intercept<\/em> \u00a0que \u00ab\u00a0les USA ont pass\u00e9 des d\u00e9cennies \u00e0 s&rsquo;immiscer dans la d\u00e9mocratie pakistanaise et \u00e0 perp\u00e9tuer la pauvret\u00e9 et le dysfonctionnement politique dans le pays\u00a0\u00bb, mentionnant le\u00a0<u>soutien pass\u00e9 des USA<\/u> aux dictatures militaires du Pakistan.<\/span><\/p>\n<p style=\"text-align: justify;\"><span style=\"font-family: times new roman, times, serif; font-size: 14pt;\">\u00ab\u00a0Je trouve profond\u00e9ment d\u00e9primant que l&rsquo;administration Biden s\u2019obstine aujourd\u2019hui encore dans cette voie\u00a0\u00bb a-t-il ajout\u00e9.<\/span><\/p>\n<p style=\"text-align: justify;\"><span style=\"font-family: times new roman, times, serif; font-size: 14pt;\">____________________<\/span><\/p>\n<p style=\"text-align: justify;\"><span style=\"font-family: times new roman, times, serif; font-size: 14pt;\">* \u00e0 trois voix pr\u00e8s, ce qui avait suscit\u00e9, dans le public international, quelques supputations sur <em>qui<\/em> \u00e9taient les trois \u00ab\u00a0achet\u00e9s\u00a0\u00bb <em>[NdT]<\/em><\/span><\/p>\n<p style=\"text-align: left;\"><span style=\"font-family: times new roman, times, serif; font-size: 14pt;\">Source\u00a0: <a href=\"https:\/\/consortiumnews.com\/2023\/08\/10\/us-urged-ouster-of-khan-cable-shows\/\">https:\/\/consortiumnews.com\/2023\/08\/10\/us-urged-ouster-of-khan-cable-shows\/<\/a><\/span><\/p>\n<p style=\"text-align: left;\"><span style=\"font-family: times new roman, times, serif; font-size: 14pt;\">Source de C.N.\u00a0: <a href=\"https:\/\/www.commondreams.org\/news\/imran-khan-secret-cable\">https:\/\/www.commondreams.org\/news\/imran-khan-secret-cable<\/a><\/span><\/p>\n<p style=\"text-align: justify;\"><span style=\"font-family: times new roman, times, serif; font-size: 14pt;\"><strong>Jake Johnson est r\u00e9dacteur pour <em>Common Dreams<\/em><\/strong><\/span><\/p>\n<p style=\"text-align: left;\"><span style=\"font-family: times new roman, times, serif; font-size: 14pt;\">Source d\u2019origine\u00a0: <a href=\"https:\/\/theintercept.com\/2023\/08\/09\/imran-khan-pakistan-cypher-ukraine-russia\/\">Pakistan Cypher Exposes U.S. Pressure to Remove Imran Khan (theintercept.com)<\/a><\/span><\/p>\n<p>&nbsp;<\/p>\n<p style=\"text-align: center;\"><strong><em><a href=\"http:\/\/blog.lesgrossesorchadeslesamplesthalameges.fr\/index.php\/2023\/07\/27\/declin-de-loccident-et-naufrage-de-la-francophonie\/000-russep-x-42\/\" rel=\"attachment wp-att-22820\"><img loading=\"lazy\" class=\"alignnone size-full wp-image-22820\" src=\"http:\/\/blog.lesgrossesorchadeslesamplesthalameges.fr\/wp-content\/uploads\/2023\/07\/000.-russep-x.gif\" alt=\"\" width=\"50\" height=\"50\" \/><\/a><\/em><\/strong><\/p>\n<p style=\"text-align: justify;\"><span style=\"font-family: times new roman, times, serif; font-size: 14pt;\"><strong><em>\u00a0<\/em><\/strong><\/span><\/p>\n<p style=\"text-align: justify;\"><span style=\"font-family: comic sans ms, sans-serif;\">Ce qui se passe aux \u00c9tats-Unis contre Donald Trump est, tout le monde s\u2019en sera rendu compte, la r\u00e9plique exacte de ce qui se passe au Pakistan contre Imran Khan. Il est admirable de voir comment le <em>modus operandi<\/em> des criminels n\u00e9o-cons reste sempiternellement le m\u00eame. Sans doute parce qu\u2019ils sont incapables d\u2019en imaginer une variante.<\/span><\/p>\n<p>&nbsp;<\/p>\n<p style=\"text-align: center;\"><strong><em>\u00a0<a href=\"http:\/\/blog.lesgrossesorchadeslesamplesthalameges.fr\/index.php\/2023\/07\/27\/declin-de-loccident-et-naufrage-de-la-francophonie\/000-russep-x-42\/\" rel=\"attachment wp-att-22820\"><img loading=\"lazy\" class=\"alignnone size-full wp-image-22820\" src=\"http:\/\/blog.lesgrossesorchadeslesamplesthalameges.fr\/wp-content\/uploads\/2023\/07\/000.-russep-x.gif\" alt=\"\" width=\"50\" height=\"50\" \/><\/a><\/em><\/strong><\/p>\n<p>&nbsp;<\/p>\n<p style=\"text-align: left;\"><strong><span style=\"font-family: times new roman, times, serif; font-size: 14pt;\">URL de cet article : <\/span><\/strong><a href=\"http:\/\/blog.lesgrossesorchadeslesamplesthalameges.fr\/index.php\/ce-sont-les-etats-unis-qui-ont-fait-pression-pour-que-khan-soit-destitue\/\"><span style=\"font-family: times new roman, times, serif; font-size: 14pt;\">http:\/\/blog.lesgrossesorchadeslesamplesthalameges.fr\/index.php\/ce-sont-les-etats-unis-qui-ont-fait-pression-pour-que-khan-soit-destitue\/<\/span><\/a><span style=\"font-family: times new roman, times, serif; font-size: 14pt;\"><br \/>\n<\/span><\/p>\n<p>&nbsp;<\/p>\n<p>&nbsp;<\/p>\n<p style=\"text-align: right;\"><span style=\"font-family: comic sans ms, sans-serif; font-size: 14pt;\">Ao\u00fbt-Septembre 2023<\/span><\/p>\n<p><strong><em>\u00a0<\/em><\/strong><\/p>\n<p><strong><em>\u00a0<\/em><\/strong><\/p>\n<p><strong><em>\u00a0<\/em><\/strong><\/p>\n","protected":false},"excerpt":{"rendered":"<p>\u00a0 &nbsp; &nbsp; &nbsp; &nbsp; &nbsp; &nbsp; &nbsp; Une position \u00ab\u00a0aussi agressivement neutre\u00a0\u00bb\u00a0! \u00a0 \u00a0 Ce sont les \u00c9tats-Unis qui ont fait pression pour que Khan soit destitu\u00e9 &nbsp; selon des images diffus\u00e9es par c\u00e2ble &nbsp; Jake Johnson \u2013 Common Dreams \u2013 10.8.2023 via ConsortiumNews Traduction\u00a0: c.l. pour L.G.O. &nbsp; \u00a0 The Intercept a publi\u00e9&#8230;<\/p>\n","protected":false},"author":1,"featured_media":0,"parent":0,"menu_order":0,"comment_status":"open","ping_status":"open","template":"","meta":[],"_links":{"self":[{"href":"https:\/\/blog.lesgrossesorchadeslesamplesthalameges.fr\/index.php\/wp-json\/wp\/v2\/pages\/23047"}],"collection":[{"href":"https:\/\/blog.lesgrossesorchadeslesamplesthalameges.fr\/index.php\/wp-json\/wp\/v2\/pages"}],"about":[{"href":"https:\/\/blog.lesgrossesorchadeslesamplesthalameges.fr\/index.php\/wp-json\/wp\/v2\/types\/page"}],"author":[{"embeddable":true,"href":"https:\/\/blog.lesgrossesorchadeslesamplesthalameges.fr\/index.php\/wp-json\/wp\/v2\/users\/1"}],"replies":[{"embeddable":true,"href":"https:\/\/blog.lesgrossesorchadeslesamplesthalameges.fr\/index.php\/wp-json\/wp\/v2\/comments?post=23047"}],"version-history":[{"count":7,"href":"https:\/\/blog.lesgrossesorchadeslesamplesthalameges.fr\/index.php\/wp-json\/wp\/v2\/pages\/23047\/revisions"}],"predecessor-version":[{"id":23056,"href":"https:\/\/blog.lesgrossesorchadeslesamplesthalameges.fr\/index.php\/wp-json\/wp\/v2\/pages\/23047\/revisions\/23056"}],"wp:attachment":[{"href":"https:\/\/blog.lesgrossesorchadeslesamplesthalameges.fr\/index.php\/wp-json\/wp\/v2\/media?parent=23047"}],"curies":[{"name":"wp","href":"https:\/\/api.w.org\/{rel}","templated":true}]}}