{"id":23058,"date":"2023-09-04T14:01:13","date_gmt":"2023-09-04T12:01:13","guid":{"rendered":"http:\/\/blog.lesgrossesorchadeslesamplesthalameges.fr\/?page_id=23058"},"modified":"2023-09-04T14:03:25","modified_gmt":"2023-09-04T12:03:25","slug":"les-elections-pakistanaises-de-2023-et-la-legitimite-de-larrestation-de-khan","status":"publish","type":"page","link":"https:\/\/blog.lesgrossesorchadeslesamplesthalameges.fr\/index.php\/les-elections-pakistanaises-de-2023-et-la-legitimite-de-larrestation-de-khan\/","title":{"rendered":"Les \u00e9lections pakistanaises de 2023 et la l\u00e9gitimit\u00e9 de l&rsquo;arrestation de Khan"},"content":{"rendered":"<p>&nbsp;<\/p>\n<p>&nbsp;<\/p>\n<p>&nbsp;<\/p>\n<p>&nbsp;<\/p>\n<p>&nbsp;<\/p>\n<p>&nbsp;<\/p>\n<p>&nbsp;<\/p>\n<p>&nbsp;<\/p>\n<p style=\"text-align: center;\"><span style=\"font-family: times new roman, times, serif; font-size: 36pt;\"><strong>Les \u00e9lections pakistanaises de 2023 et la l\u00e9gitimit\u00e9 de l&rsquo;arrestation de Khan<\/strong><\/span><\/p>\n<p>&nbsp;<\/p>\n<p>&nbsp;<\/p>\n<p style=\"text-align: center;\"><span style=\"font-family: times new roman, times, serif; font-size: 14pt;\"><a href=\"https:\/\/english.almayadeen.net\/authors\/hamzah-rifaat\"><strong>Hamzah Rifaat <\/strong><\/a><strong>\u00a0\u2013 <em>Al Mayadeen English<\/em> \u2013 12.8.2023<\/strong><\/span><\/p>\n<p style=\"text-align: center;\"><span style=\"font-family: times new roman, times, serif; font-size: 14pt;\">Traduction :<strong> c.l. <\/strong>pour<strong> <em>L.G.O.<\/em><\/strong><\/span><\/p>\n<p>&nbsp;<\/p>\n<p>&nbsp;<\/p>\n<p style=\"text-align: justify;\"><span style=\"font-family: times new roman, times, serif; font-size: 14pt;\"><strong>Le<\/strong><strong><em>Tehreek-e-Insaaf<\/em><\/strong><strong> du Pakistan ou PTI <\/strong><em>[<\/em><a href=\"https:\/\/fr.wikipedia.org\/wiki\/Mouvement_du_Pakistan_pour_la_justice\"><strong><em>Mouvement du Pakistan pour la Justice<\/em><\/strong><\/a><em>]<\/em><strong> a fait l&rsquo;objet de mesures de r\u00e9pression continues de la part de l&rsquo;\u00c9tat, qui l&rsquo;ont emp\u00each\u00e9 de regagner le terrain perdu apr\u00e8s avoir \u00e9t\u00e9 constitutionnellement renvers\u00e9 par une motion de censure en 2022.<\/strong><\/span><\/p>\n<p>&nbsp;<\/p>\n<p>&nbsp;<\/p>\n<p style=\"text-align: center;\"><a href=\"http:\/\/blog.lesgrossesorchadeslesamplesthalameges.fr\/index.php\/2023\/09\/04\/marre-de-la-pourriture-tous-azimuts\/imran-khan-2\/\" rel=\"attachment wp-att-23008\"><img loading=\"lazy\" class=\"alignnone wp-image-23008 size-full\" src=\"http:\/\/blog.lesgrossesorchadeslesamplesthalameges.fr\/wp-content\/uploads\/2023\/09\/Imran-Khan.jpg\" alt=\"\" width=\"500\" height=\"393\" srcset=\"https:\/\/blog.lesgrossesorchadeslesamplesthalameges.fr\/wp-content\/uploads\/2023\/09\/Imran-Khan.jpg 500w, https:\/\/blog.lesgrossesorchadeslesamplesthalameges.fr\/wp-content\/uploads\/2023\/09\/Imran-Khan-300x236.jpg 300w\" sizes=\"(max-width: 500px) 100vw, 500px\" \/><\/a><\/p>\n<p>&nbsp;<\/p>\n<p>&nbsp;<\/p>\n<p style=\"text-align: justify;\"><span style=\"font-family: times new roman, times, serif; font-size: 14pt;\">Pour tout analyste impartial, le Pakistan reste dans un \u00e9tat de flux politique et \u00e9conomique constant. La situation de l&rsquo;un des pays les plus peupl\u00e9s du monde s&rsquo;est encore aggrav\u00e9e avec la <a href=\"https:\/\/english.almayadeen.net\/videos\/imran-khan-arrested-after-being-sentenced-to-3-years\">condamnation d&rsquo;Imran Khan \u00e0 trois ans de prison<\/a> par la Haute-Cour d\u2019Islamabad pour avoir \u00ab\u00a0vendu des cadeaux re\u00e7us au nom de l&rsquo;\u00c9tat\u00a0\u00bb et \u00e0 une amende de 100.000 roupies en vertu de l&rsquo;article 174 de la loi \u00e9lectorale. Une telle \u00e9volution n&rsquo;est pas nouvelle dans le Pakistan d&rsquo;aujourd&rsquo;hui, o\u00f9 les arrestations arbitraires, les incarc\u00e9rations forc\u00e9es et les disparitions sont devenues la norme.<\/span><\/p>\n<p style=\"text-align: justify;\"><span style=\"font-family: times new roman, times, serif; font-size: 14pt;\">Imran lui-m\u00eame avait d\u00e9j\u00e0 \u00e9t\u00e9 <a href=\"https:\/\/english.almayadeen.net\/news\/politics\/police-clash-with-protesters-in-pakistan-after-imran-khan-wa\">arr\u00eat\u00e9 \u00e0 l&rsquo;int\u00e9rieur de la Haute Cour d&rsquo;Islamabad<\/a> par le <em>National Accountability Bureau (<\/em>NAB) en mai 2023, avant que la Cour supr\u00eame n&rsquo;intervienne et ne d\u00e9clare l&rsquo;arrestation inconstitutionnelle. Le soulagement apport\u00e9 par la Cour supr\u00eame a ensuite \u00e9t\u00e9 rapidement \u00e9teint par le gouvernement du Mouvement d\u00e9mocratique pakistanais au pouvoir, qui a alors accus\u00e9 le pr\u00e9sident de la Cour supr\u00eame du Pakistan, Umar Ata Bandial, de jugement partisan. L&rsquo;arrestation de Khan en ao\u00fbt 2023 vient une fois de plus de mettre en lumi\u00e8re les failles politiques et juridiques flagrantes du pays, ce qui remet en question les prochaines \u00e9lections de 2023.<\/span><\/p>\n<p style=\"text-align: justify;\"><span style=\"font-family: times new roman, times, serif; font-size: 14pt;\">Le bien-fond\u00e9 de l&rsquo;affaire mis \u00e0 part, le <em>Pakistan Tehreek I Insaaf<\/em> a fait l&rsquo;objet de mesures de r\u00e9pression parrain\u00e9es par l&rsquo;\u00c9tat qui l&rsquo;ont emp\u00each\u00e9 de regagner le terrain perdu apr\u00e8s avoir \u00e9t\u00e9 constitutionnellement renvers\u00e9 lors d&rsquo;une motion de censure en 2022. Des dirigeants de premier plan tels que l&rsquo;ancienne ministre des Droits de l&rsquo;homme, Shireen Mazari, l&rsquo;ancien ministre d&rsquo;\u00c9tat aux affaires parlementaires, Ali Mohammad Khan, et le ministre de l&rsquo;Information et de la radiodiffusion, Fawad Chaudhry, <a href=\"https:\/\/english.almayadeen.net\/news\/politics\/khan-says-party-officials-pressured-to-quit\">ont tous \u00e9t\u00e9 incarc\u00e9r\u00e9s ou ont fait l&rsquo;objet de pressions<\/a> pour avoir pr\u00e9tendument particip\u00e9 \u00e0 des \u00ab\u00a0activit\u00e9s anti\u00e9tatiques\u00a0\u00bb. En outre, des dissidents qui avaient quitt\u00e9 le PTI et de nouveaux transfuges ont cr\u00e9\u00e9 le parti Istekham-E-Pakistan, dirig\u00e9 par le PDG du groupe <a href=\"https:\/\/en.wikipedia.org\/wiki\/Jahangir_Tareen\">JDW, Jehangir Tareen<\/a>. Ces d\u00e9veloppements indiquent qu&rsquo;il y a une tentative concert\u00e9e de l&rsquo;\u00c9tat de briser les fondations du parti et de l&#8217;emp\u00eacher de se pr\u00e9senter aux \u00e9lections de 2023.<\/span><\/p>\n<p style=\"text-align: justify;\"><span style=\"font-family: times new roman, times, serif; font-size: 14pt;\">\u00c0 cela s&rsquo;ajoutent les 150 affaires judiciaires dont Khan a fait l&rsquo;objet depuis qu&rsquo;il a quitt\u00e9 ses fonctions, notamment des accusations de s\u00e9dition, de corruption et de terrorisme. \u00c0 son cr\u00e9dit, cependant, Khan a choisi de se pr\u00e9senter devant les tribunaux, bien que des menaces pesant sur sa vie et une tentative d&rsquo;assassinat en novembre 2022, l\u2019aient incit\u00e9 \u00e0 invoquer des raisons de s\u00e9curit\u00e9 pour ne pas assister \u00e0 la proc\u00e9dure. Quoi qu&rsquo;il en soit, l&rsquo;affaire \u00ab\u00a0<a href=\"https:\/\/english.almayadeen.net\/news\/politics\/police-attempt-to-arrest-former-pakistani-pm-imran-khan\">Toshakhana\u00a0\u00bb, qui signifie \u00ab\u00a0Maison du tr\u00e9sor\u00a0\u00bb en persan<\/a>, a pes\u00e9 sur lui comme une \u00e9p\u00e9e de Damocl\u00e8s, car il a \u00e9t\u00e9 accus\u00e9 d&rsquo;avoir fait de fausses d\u00e9clarations \u00e0 la commission \u00e9lectorale sur les cadeaux qu&rsquo;il a re\u00e7us de gouvernements et de fonctionnaires \u00e9trangers lorsqu&rsquo;il \u00e9tait Premier ministre. L&rsquo;accusation porte sur l&rsquo;achat et la vente de cadeaux d&rsquo;une valeur de 635.000 dollars, dont une montre Rolex \u00ab\u00a0Master Graff Limited Edition\u00a0\u00bb d&rsquo;une valeur de 385.000 dollars. N&rsquo;\u00e9tant pas satisfaite de sa r\u00e9ponse, la Haute Cour d&rsquo;Islamabad l&rsquo;a condamn\u00e9 \u00e0 une peine d&#8217;emprisonnement en ce mois d\u2019ao\u00fbt 2023.<\/span><\/p>\n<p style=\"text-align: justify;\"><span style=\"font-family: times new roman, times, serif; font-size: 14pt;\">Au milieu de tout cela, il y a un probl\u00e8me, et un probl\u00e8me s\u00e9rieux. L&rsquo;arrestation d&rsquo;Imran, comme la plupart des campagnes anti-PTI au Pakistan, est diligent\u00e9e par un gouvernement qui a lui-m\u00eame viol\u00e9 la constitutionnalit\u00e9 et s&rsquo;est moqu\u00e9 de la justice et de toute obligation de reddition de comptes. Pour tenter de d\u00e9stabiliser Imran et son parti, le gouvernement au pouvoir a viol\u00e9 les d\u00e9cisions ant\u00e9rieures de la Cour supr\u00eame dans l&rsquo;affaire Suo Moto n\u00b01 de 2023, selon lesquelles il \u00e9tait l\u00e9galement obligatoire d&rsquo;organiser des \u00e9lections dans les deux assembl\u00e9es provinciales de Khyber Pakhtunkhwa et du Pendjab apr\u00e8s qu\u2019elles aient \u00e9t\u00e9 dissoutes par le gouvernement du PTI. Au lieu d&rsquo;appliquer les ordres de la Cour supr\u00eame, le gouvernement s\u2019est tout simplement content\u00e9 d\u2019amputer de ce qui le g\u00eanait les pouvoirs discr\u00e9tionnaires \u00ab\u00a0Suo moto\u00a0\u00bb du pr\u00e9sident de la Cour supr\u00eame du Pakistan, pouvoirs qui lui sont conc\u00e9d\u00e9s en vertu de l&rsquo;article 184 (3) de la Constitution. Conform\u00e9ment au verdict de la Cour supr\u00eame, des \u00e9lections devaient imp\u00e9rativement \u00eatre organis\u00e9es 90 jours apr\u00e8s la dissolution des assembl\u00e9es provinciales.<\/span><\/p>\n<p style=\"text-align: justify;\"><span style=\"font-family: times new roman, times, serif; font-size: 14pt;\">Avance rapide vers 2023\u00a0: il n&rsquo;y a aucun signe d&rsquo;\u00e9lections malgr\u00e9 le fait que, selon l&rsquo;article 224 (2) de la Constitution pakistanaise, des \u00e9lections g\u00e9n\u00e9rales doivent \u00eatre organis\u00e9es dans un d\u00e9lai de 90 jours et que la dissolution de l&rsquo;assembl\u00e9e par le gouverneur exige la m\u00eame chose selon l&rsquo;article 105 (3). Au lieu de quoi, le gouvernement a arbitrairement prolong\u00e9 le mandat du gouvernement int\u00e9rimaire qui, si on se base sur la Constitution, dirige ill\u00e9gitimement le pays. En outre, des arguments sp\u00e9cieux sont pr\u00e9sent\u00e9s sur la n\u00e9cessit\u00e9 de red\u00e9couper les circonscriptions \u00e9lectorales et de proc\u00e9der \u00e0 un nouveau recensement. La d\u00e9cision du Conseil des Int\u00e9r\u00eats Communs (CCI) d&rsquo;approuver \u00e0 l&rsquo;unanimit\u00e9 le recensement de 2023, par exemple, peut \u00eatre d\u00e9crite comme une tactique de retardement qui d\u00e9montre une fois de plus que le gouvernement PDM n&rsquo;a pas la l\u00e9gitimit\u00e9 exig\u00e9e pour diriger le Pakistan.<\/span><\/p>\n<p style=\"text-align: justify;\"><span style=\"font-family: times new roman, times, serif; font-size: 14pt;\">L\u00e0-dessus arrive l&rsquo;arrestation d&rsquo;Imran Khan et sa condamnation \u00e0 trois ans de prison. S&rsquo;il ne fait aucun doute que l&rsquo;ancien Premier ministre doit r\u00e9pondre de ses actes dans l&rsquo;affaire Toshakhana, une lacune proc\u00e9durale aussi flagrante dans le proc\u00e8s remet en question la l\u00e9gitimit\u00e9 du verdict de l&rsquo;IHC. Selon l&rsquo;avocate Rida Hosain, l&rsquo;article 10A de la Constitution garantit \u00e0 tout pr\u00e9venu un droit absolu et inconditionnel \u00e0 un proc\u00e8s \u00e9quitable, ce qui inclut la possibilit\u00e9 d\u2019\u00eatre d\u00e9fendu, de pr\u00e9parer la d\u00e9fense et d&rsquo;\u00eatre entendu par un juge ind\u00e9pendant et impartial. Elle pr\u00e9cise en outre que la mani\u00e8re dont l&rsquo;affaire a \u00e9t\u00e9 men\u00e9e soul\u00e8ve de s\u00e9rieuses questions quant \u00e0 la cr\u00e9dibilit\u00e9 du proc\u00e8s en soi. L&rsquo;avocat Abdul Moiz Jaferii s&rsquo;est fait l&rsquo;\u00e9cho de ces r\u00e9clamations en d\u00e9clarant que le verdict \u00e9tait ridicule, tandis que Muhammad Ahmad Pansota a d\u00e9clar\u00e9 que le jugement puait la vengeance et l&rsquo;intention malveillante. Compte tenu de ce qu&rsquo;Imran et le PTI ont travers\u00e9, ces observations sont cr\u00e9dibles.<\/span><\/p>\n<p style=\"text-align: justify;\"><span style=\"font-family: times new roman, times, serif; font-size: 14pt;\">Le fait qu&rsquo;Imran n&rsquo;ait pas \u00e9t\u00e9 autoris\u00e9 \u00e0 pr\u00e9senter sa d\u00e9fense par la voie de t\u00e9moignages prouvant son innocence est pr\u00e9cis\u00e9ment ce qui fait de l&rsquo;ensemble du jugement de l&rsquo;IHC une farce. Il indique qu&rsquo;il existe un v\u00e9ritable stratag\u00e8me organis\u00e9 pour \u00e9carter \u00e0 tout prix Imran Khan de la course \u00e9lectorale en entamant sa cr\u00e9dibilit\u00e9 en tant qu&rsquo;homme politique.i Quant au gouvernement PDM, si on consid\u00e8re qu\u2019il a d\u00e9j\u00e0 viol\u00e9 l&rsquo;ordre de la Cour supr\u00eame d&rsquo;organiser des \u00e9lections dans les 90 jours, est-il bien plac\u00e9 pour se poser en victime\u00a0de quoi que ce soit ?<\/span><\/p>\n<p style=\"text-align: justify;\"><span style=\"font-family: times new roman, times, serif; font-size: 14pt;\">L&rsquo;avenir des \u00e9lections pakistanaises de 2023 \u00e9tant si incertain, la r\u00e9ponse est non.<\/span><\/p>\n<p style=\"text-align: left;\"><span style=\"font-family: times new roman, times, serif; font-size: 14pt;\">Source :\u00a0 <a href=\"https:\/\/english.almayadeen.net\/articles\/analysis\/pakistans-elections-of-2023-and-the-legitimacy-of-khans-arre\">https:\/\/english.almayadeen.net\/articles\/analysis\/pakistans-elections-of-2023-and-the-legitimacy-of-khans-arre<\/a><\/span><\/p>\n<p><strong><span style=\"font-family: times new roman, times, serif; font-size: 14pt;\">URL de cet article :\u00a0<\/span><\/strong><a href=\"http:\/\/blog.lesgrossesorchadeslesamplesthalameges.fr\/?page_id=23058&amp;preview=true\"><span style=\"font-family: times new roman, times, serif; font-size: 14pt;\">http:\/\/blog.lesgrossesorchadeslesamplesthalameges.fr\/?page_id=23058&amp;preview=true<\/span><\/a><\/p>\n<p>&nbsp;<\/p>\n<p>&nbsp;<\/p>\n<p style=\"text-align: center;\"><a href=\"http:\/\/blog.lesgrossesorchadeslesamplesthalameges.fr\/index.php\/les-elections-pakistanaises-de-2023-et-la-legitimite-de-larrestation-de-khan\/sigle-pti-gif\/\" rel=\"attachment wp-att-23065\"><img loading=\"lazy\" class=\"alignnone size-full wp-image-23065\" src=\"http:\/\/blog.lesgrossesorchadeslesamplesthalameges.fr\/wp-content\/uploads\/2023\/09\/Sigle-PTI.-GIF.gif\" alt=\"\" width=\"200\" height=\"137\" \/><\/a><\/p>\n<p>&nbsp;<\/p>\n<p>&nbsp;<\/p>\n<p style=\"text-align: right;\"><span style=\"font-family: comic sans ms, sans-serif; font-size: 14pt;\">Ao\u00fbt \u2013 Septembre 2023<\/span><\/p>\n<p>&nbsp;<\/p>\n<p>&nbsp;<\/p>\n","protected":false},"excerpt":{"rendered":"<p>&nbsp; &nbsp; &nbsp; &nbsp; &nbsp; &nbsp; &nbsp; &nbsp; Les \u00e9lections pakistanaises de 2023 et la l\u00e9gitimit\u00e9 de l&rsquo;arrestation de Khan &nbsp; &nbsp; Hamzah Rifaat \u00a0\u2013 Al Mayadeen English \u2013 12.8.2023 Traduction : c.l. pour L.G.O. &nbsp; &nbsp; LeTehreek-e-Insaaf du Pakistan ou PTI [Mouvement du Pakistan pour la Justice] a fait l&rsquo;objet de mesures de r\u00e9pression&#8230;<\/p>\n","protected":false},"author":1,"featured_media":0,"parent":0,"menu_order":0,"comment_status":"open","ping_status":"open","template":"","meta":[],"_links":{"self":[{"href":"https:\/\/blog.lesgrossesorchadeslesamplesthalameges.fr\/index.php\/wp-json\/wp\/v2\/pages\/23058"}],"collection":[{"href":"https:\/\/blog.lesgrossesorchadeslesamplesthalameges.fr\/index.php\/wp-json\/wp\/v2\/pages"}],"about":[{"href":"https:\/\/blog.lesgrossesorchadeslesamplesthalameges.fr\/index.php\/wp-json\/wp\/v2\/types\/page"}],"author":[{"embeddable":true,"href":"https:\/\/blog.lesgrossesorchadeslesamplesthalameges.fr\/index.php\/wp-json\/wp\/v2\/users\/1"}],"replies":[{"embeddable":true,"href":"https:\/\/blog.lesgrossesorchadeslesamplesthalameges.fr\/index.php\/wp-json\/wp\/v2\/comments?post=23058"}],"version-history":[{"count":9,"href":"https:\/\/blog.lesgrossesorchadeslesamplesthalameges.fr\/index.php\/wp-json\/wp\/v2\/pages\/23058\/revisions"}],"predecessor-version":[{"id":23069,"href":"https:\/\/blog.lesgrossesorchadeslesamplesthalameges.fr\/index.php\/wp-json\/wp\/v2\/pages\/23058\/revisions\/23069"}],"wp:attachment":[{"href":"https:\/\/blog.lesgrossesorchadeslesamplesthalameges.fr\/index.php\/wp-json\/wp\/v2\/media?parent=23058"}],"curies":[{"name":"wp","href":"https:\/\/api.w.org\/{rel}","templated":true}]}}