{"id":23084,"date":"2023-09-04T14:35:46","date_gmt":"2023-09-04T12:35:46","guid":{"rendered":"http:\/\/blog.lesgrossesorchadeslesamplesthalameges.fr\/?page_id=23084"},"modified":"2023-09-04T14:37:04","modified_gmt":"2023-09-04T12:37:04","slug":"les-etats-unis-dafrique-se-forment-pour-diriger-le-monde-contre-lempire-des-etats-unis-damerique-et-de-ses-allies","status":"publish","type":"page","link":"https:\/\/blog.lesgrossesorchadeslesamplesthalameges.fr\/index.php\/les-etats-unis-dafrique-se-forment-pour-diriger-le-monde-contre-lempire-des-etats-unis-damerique-et-de-ses-allies\/","title":{"rendered":"Les \u00c9tats-Unis d&rsquo;Afrique se forment pour diriger le monde contre l&#8217;empire des \u00c9tats-Unis d\u2019Am\u00e9rique et de ses alli\u00e9s  \u00a0"},"content":{"rendered":"<p>&nbsp;<\/p>\n<p>&nbsp;<\/p>\n<p>&nbsp;<\/p>\n<p>&nbsp;<\/p>\n<p>&nbsp;<\/p>\n<p>&nbsp;<\/p>\n<p>&nbsp;<\/p>\n<p>&nbsp;<\/p>\n<p style=\"text-align: center;\"><span style=\"font-family: times new roman, times, serif; font-size: 36pt;\"><strong>Les \u00c9tats-Unis d&rsquo;Afrique se forment pour diriger le monde contre l&#8217;empire des \u00c9tats-Unis d\u2019Am\u00e9rique et de ses alli\u00e9s<\/strong><\/span><\/p>\n<p style=\"text-align: center;\"><span style=\"font-family: times new roman, times, serif; font-size: 36pt;\"><strong>\u00a0<\/strong><\/span><\/p>\n<p style=\"text-align: center;\"><span style=\"font-family: times new roman, times, serif; font-size: 18pt;\"><strong>Eric Zuesse \u2013 <em>The Duran<\/em> \u2013 9.8.2023<\/strong><\/span><span style=\"font-family: times new roman, times, serif; font-size: 18pt;\"><strong>\u00a0<\/strong><\/span><\/p>\n<p style=\"text-align: center;\"><span style=\"font-family: times new roman, times, serif; font-size: 18pt;\">Traduction\u00a0:<strong> c.l. <\/strong>pour<strong> <em>L.G.O.<\/em><\/strong><\/span><\/p>\n<p>&nbsp;<\/p>\n<p>&nbsp;<\/p>\n<p style=\"text-align: center;\"><a href=\"http:\/\/blog.lesgrossesorchadeslesamplesthalameges.fr\/index.php\/2023\/09\/04\/marre-de-la-pourriture-tous-azimuts\/us-africa-4-gif-2\/\" rel=\"attachment wp-att-23012\"><img loading=\"lazy\" class=\"alignnone wp-image-23012 size-full\" src=\"http:\/\/blog.lesgrossesorchadeslesamplesthalameges.fr\/wp-content\/uploads\/2023\/09\/US-AFRICA-4-GIF-1.gif\" alt=\"\" width=\"500\" height=\"551\" \/><\/a><\/p>\n<p>&nbsp;<\/p>\n<p style=\"text-align: justify;\"><span style=\"font-family: times new roman, times, serif; font-size: 14pt;\"><strong><em>\u00a0<\/em><\/strong><\/span><\/p>\n<p style=\"text-align: justify;\"><span style=\"font-family: times new roman, times, serif; font-size: 14pt;\">Des \u00c9tats-Unis d&rsquo;Afrique potentiels sont en train de se former apr\u00e8s qu&rsquo;une mutinerie de la garde pr\u00e9sidentielle du Niger se soit imm\u00e9diatement transform\u00e9e en un coup d&rsquo;\u00c9tat de l&rsquo;arm\u00e9e nig\u00e9rienne le 26 juillet et ait renvers\u00e9 le pr\u00e9sident Mohamed Bazoum, \u00ab\u00a0d\u00e9mocratiquement \u00e9lu\u00a0\u00bb par les Am\u00e9ricains et les Fran\u00e7ais, et tr\u00e8s corrompu<\/span><\/p>\n<p style=\"text-align: justify;\"><span style=\"font-family: times new roman, times, serif; font-size: 14pt;\">Le public nig\u00e9rien a imm\u00e9diatement r\u00e9agi \u00e0 ce coup d&rsquo;\u00c9tat par des manifestations de joie massives dans tout le pays, acclamant comme ses lib\u00e9rateurs l&rsquo;\u00e9quipe qui lib\u00e9rait leur pays de l&#8217;emprise des imp\u00e9rialistes : la France soutenue par l&rsquo;Am\u00e9rique. Le Niger, avec les autres pays africains qui utilisent le franc fran\u00e7ais comme monnaie, a financ\u00e9 le gouvernement fran\u00e7ais et l&rsquo;aristocratie nig\u00e9rienne au moyen d&rsquo;un m\u00e9canisme complexe appel\u00e9 \u00ab\u00a0franc CFA\u00a0\u00bb dans lequel, comme le r\u00e9seau de propagande am\u00e9ricain CNN l&rsquo;a enterr\u00e9 dans un de ses reportages, \u00ab\u00a0la Fran\u00e7afrique\u00a0\u00bb a souvent \u00e9t\u00e9 critiqu\u00e9e pour son manque de transparence,<\/span><\/p>\n<p>&nbsp;<\/p>\n<p style=\"text-align: justify; padding-left: 120px;\"><span style=\"font-family: times new roman, times, serif; font-size: 14pt;\"><em>La Fran\u00e7afrique a \u00e9t\u00e9 souvent et fortement critiqu\u00e9e pour sa perp\u00e9tuation de pratiques n\u00e9ocoloniales. Par exemple, peu de choses ont suscit\u00e9 autant de controverses que le franc centrafricain dit \u00ab\u00a0franc CFA\u00a0\u00bb, une monnaie utilis\u00e9e bon gr\u00e9 mal gr\u00e9 par 14 pays d&rsquo;Afrique de l&rsquo;Ouest et d&rsquo;Afrique centrale, dont le Niger.<\/em><\/span><\/p>\n<p style=\"text-align: justify; padding-left: 120px;\"><span style=\"font-family: times new roman, times, serif; font-size: 14pt;\"><em>Les pays qui utilisent le franc CFA sont tenus de stocker 50 % de leurs r\u00e9serves mon\u00e9taires aupr\u00e8s de la Banque de France, et la monnaie est arrim\u00e9e \u00e0 l&rsquo;euro. Alors que Paris affirme que le syst\u00e8me favorise la stabilit\u00e9 \u00e9conomique, d&rsquo;autres estiment qu&rsquo;il permet \u00e0 la France d&rsquo;exercer un contr\u00f4le sur l&rsquo;\u00e9conomie des pays qui l&rsquo;utilisent.<\/em>.<\/span><\/p>\n<p>&nbsp;<\/p>\n<p style=\"text-align: justify;\"><span style=\"font-family: times new roman, times, serif; font-size: 14pt;\">Ainsi, en gros, de tout ce qui est exp\u00e9di\u00e9 \u00e0 l&rsquo;\u00e9tranger par l&rsquo;un de ces pays, les recettes vont en fait pour 50 % \u00e0 la France, et seuls les 50 % restants vont au Niger ou \u00e0 l&rsquo;autre pays d&rsquo;origine.:<\/span><\/p>\n<p style=\"text-align: justify;\"><span style=\"font-family: times new roman, times, serif; font-size: 14pt;\">Comme la <em>Brookings Institution<\/em> du r\u00e9gime U.S. l&rsquo;avait d\u00e9j\u00e0 dit de mani\u00e8re indirecte :<\/span><\/p>\n<p>&nbsp;<\/p>\n<p style=\"text-align: justify; padding-left: 120px;\"><span style=\"font-family: times new roman, times, serif; font-size: 14pt;\"><em>Certains \u00e9conomistes africains consid\u00e8rent que la plus large d\u00e9pendance \u00e0 l&rsquo;\u00e9gard des politiques mon\u00e9taires europ\u00e9ennes constitue une entrave \u00e0 la croissance, en raison d&rsquo;une hyper-fixation sur l&rsquo;inflation. Cependant, l&rsquo;\u00e9lite africaine et les personnes fortun\u00e9es, qui sont les premiers b\u00e9n\u00e9ficiaires de la configuration de la zone du franc CFA, soutiennent son maintien.<\/em><\/span><\/p>\n<p>&nbsp;<\/p>\n<p style=\"text-align: justify;\"><span style=\"font-family: times new roman, times, serif; font-size: 14pt;\">Les seuls \u00e0 en b\u00e9n\u00e9ficier sont les individus qui contr\u00f4lent les soci\u00e9t\u00e9s multinationales, en particulier celles qui ont leur si\u00e8ge en France et aux U.S.A. et qui ont des filiales dans la colonie africaine concern\u00e9e. Comme l&rsquo;a admis de mani\u00e8re surprenante un universitaire de la <em>London School of Economics,<\/em> qui appartient \u00e0 l&rsquo;aristocratie britannique :<\/span><\/p>\n<p>&nbsp;<\/p>\n<p style=\"text-align: justify; padding-left: 120px;\"><span style=\"font-family: times new roman, times, serif; font-size: 14pt;\"><em>Le franc CFA favorise \u00e9galement les \u00e9vasions massives de capitaux. En bref, l&rsquo;appartenance \u00e0 la zone franc est synonyme de pauvret\u00e9 et de sous-emploi, comme en t\u00e9moigne le fait que 11 de ses 15 membres sont class\u00e9s parmi les pays les moins avanc\u00e9s (PMA), tandis que les autres (C\u00f4te d&rsquo;Ivoire, Cameroun, Congo, Gabon) ont tous connu un d\u00e9clin \u00e9conomique \u00e0 long terme.<\/em><\/span><\/p>\n<p style=\"text-align: justify; padding-left: 120px;\"><span style=\"font-family: times new roman, times, serif; font-size: 14pt;\"><em>Enfin, ils affirment que l&rsquo;appartenance \u00e0 la zone franc est contraire \u00e0 la progression de la d\u00e9mocratie. Pour d\u00e9fendre le franc CFA, la France n&rsquo;a jamais h\u00e9sit\u00e9 \u00e0 se d\u00e9barrasser des chefs d&rsquo;\u00c9tat tent\u00e9s de se retirer du syst\u00e8me. La plupart ont \u00e9t\u00e9 d\u00e9mis de leurs fonctions ou assassin\u00e9s au profit de dirigeants plus dociles, qui s&rsquo;accrochent au pouvoir contre vents et mar\u00e9es, comme le montrent les pays de la CEMAC et le Togo. Dans ces conditions, le d\u00e9veloppement \u00e9conomique est impossible, tout comme est impossible la cr\u00e9ation d&rsquo;un syst\u00e8me politique t\u00e9pondant aux pr\u00e9occupations de la majorit\u00e9 des citoyens.<\/em><\/span><\/p>\n<p>&nbsp;<\/p>\n<p style=\"text-align: justify;\"><span style=\"font-family: times new roman, times, serif; font-size: 14pt;\">Dans les jours qui ont suivi le coup d&rsquo;\u00c9tat, le Niger a entam\u00e9 des discussions avec le Mali, la Guin\u00e9e et le Burkina Faso, qui avaient d\u00e9j\u00e0 fait des coups d&rsquo;\u00c9tat chez eux pour se lib\u00e9rer de leurs ma\u00eetres imp\u00e9rialistes Pendant ce temps, les efforts du r\u00e9gime U.S. \u2013 avce, \u00e0 la barre, Victoria Nuland d\u00e9j\u00e0 cheville ouvri\u00e8re du coup r\u00e9ussi de f\u00e9vrier 2014, par lequel l\u2019empire s\u2019est empar\u00e9 de l\u2019Ukraine et l\u2019a aval\u00e9e, pour pouvoir, de l\u00e0, attaquer le Kremlin, qui n&rsquo;est qu&rsquo;\u00e0 317 miles de l&rsquo;Ukraine et d\u00e9capiter la Russie \u2013 sont en train de s\u2019effondrer.en butant sur l\u2019opposition des gouvernements de pays proches du Niger, qui refusent de verser le sang de leurs populations pour envahir un pays dont les citoyens semblent d\u00e9termin\u00e9s \u00e0 s\u2019affranchir de leurs occupants \u00e9trangers.<\/span><\/p>\n<p style=\"text-align: justify;\"><span style=\"font-family: times new roman, times, serif; font-size: 14pt;\">Or donc, si par bonheur Victoria Nuland n&rsquo;\u00e9tait pas en mesure de serrer la vis aux nouveaux dirigeants du Niger comme le veulent ses patrons Antony Blinken et au-dessus de lui Joe Biden, ni de convaincre le \u00ab\u00a0monde libre\u00a0\u00bb d\u2019envahir par procuration ce pays d\u00e9termin\u00e9 \u00e0 se lib\u00e9rer de ses exploiteurs \u00e9trangers et \u00e0 ne rien l\u00e2cher \u00e0 moins d\u2019une guerre tr\u00e8s sanglante qui embarrasserait l&rsquo;Am\u00e9rique et ses \u00ab\u00a0d\u00e9mocraties\u00a0\u00bb et ferait tomber le masque \u00ab\u00a0d\u00e9mocratique\u00a0\u00bb dont le r\u00e9gime U.S. se sert pour tromper les opinions publiques partout dans le monde, on se retrouverait avec un mod\u00e8le r\u00e9ussi de r\u00e9sistance victorieuse susceptible d\u2019\u00eatre reproduit par d&rsquo;autres nations non moins occup\u00e9es et pill\u00e9es que le Niger, ce qui mettrait fin \u00e0 l&rsquo;h\u00e9g\u00e9monie de l&rsquo;h\u00e9g\u00e9mon, c\u2019est-\u00e0-dire au syst\u00e8me mondial install\u00e9 par Truman (consistant \u00e0 conqu\u00e9rir et \u00e0 prendre dans sa toile imp\u00e9riale toutes les nations, mais surtout la Russie et la Chine). Les enjeux, aujourd\u2019hui, au Niger sont donc \u00e9normes.<\/span><\/p>\n<p style=\"text-align: justify;\"><span style=\"font-family: times new roman, times, serif; font-size: 14pt;\">Le 3 ao\u00fbt, CNN a titr\u00e9 \u00ab\u00a0Le dernier coup d&rsquo;\u00c9tat en Afrique est un casse-t\u00eate pour l&rsquo;Occident et une occasion en or pour la Russie\u00a0\u00bb, et a pr\u00e9tendu que l&rsquo;agression et l&rsquo;opposition \u00e0 la d\u00e9mocratie viennent de Russie contre les \u00c9tats-Unis, et non des \u00c9tats-Unis contre la Russie.<\/span><\/p>\n<p style=\"text-align: justify;\"><span style=\"font-family: times new roman, times, serif; font-size: 14pt;\">J&rsquo;ai d\u00e9j\u00e0 expliqu\u00e9 tout cela dans mon article du 6 mars 2023 intitul\u00e9 \u00ab\u00a0Le moment pr\u00e9sent qui bouleverse l&rsquo;histoire\u00a0\u00bb. Quelle que soit l&rsquo;issue des \u00e9v\u00e9nements actuels au Niger, elle constituera une partie de cette histoire, et peut-\u00eatre une partie tr\u00e8s importante, m\u00eame s\u2019il est encore trop t\u00f4t pour pr\u00e9dire ce qu&rsquo;il en adviendra. Cette histoire a commenc\u00e9 en 1945, lorsque le pr\u00e9sident U.S. anti-imp\u00e9rialiste Franklin Delano Roosevelt a \u00e9t\u00e9 remplac\u00e9 par le pr\u00e9sident imp\u00e9rialiste Harry Truman, instaurateur de l&rsquo;ordre international de l&rsquo;apr\u00e8s-Deuxi\u00e8me Guerre mondiale qui dure encore mais qui semble bien pr\u00e8s d\u2019atteindre son point culminant d\u00e9finitif.<\/span><\/p>\n<p style=\"text-align: justify;\"><span style=\"font-family: times new roman, times, serif; font-size: 14pt;\">\u2014\u2014\u2014\u2014\u2014<\/span><\/p>\n<p style=\"text-align: justify;\"><span style=\"font-family: times new roman, times, serif; font-size: 14pt;\">Source\u00a0: <a href=\"https:\/\/theduran.com\/united-states-of-africa-forming-to-lead-world-against-u-s-allied-empire\/\">https:\/\/theduran.com\/united-states-of-africa-forming-to-lead-world-against-u-s-allied-empire\/<\/a><\/span><\/p>\n<p>&nbsp;<\/p>\n<p style=\"text-align: justify;\"><span style=\"font-family: comic sans ms, sans-serif; font-size: 12pt;\">Nous avons d\u00e9j\u00e0 dit que nous ne partagions pas les illusions de. l\u2019auteur sur certains de ses pr\u00e9sidents et ne pensons pas non plus que les USA aient attendu Harry truman pour devenir imp\u00e9rialistes, mais Eric Zuesse a bien le droit \u00e0\u00a0 ses opinions d\u2019honn\u00eate homme. <\/span><\/p>\n<p style=\"text-align: right;\"><span style=\"font-family: comic sans ms, sans-serif; font-size: 12pt;\"><strong><em>L.G.O<\/em><\/strong>.<\/span><\/p>\n<p>&nbsp;<\/p>\n<p style=\"text-align: left;\"><strong><span style=\"font-family: times new roman, times, serif; font-size: 14pt;\">URL de cet article : <\/span><\/strong><a href=\"http:\/\/blog.lesgrossesorchadeslesamplesthalameges.fr\/index.php\/les-etats-unis-dafrique-se-forment-pour-diriger-le-monde-contre-lempire-des-etats-unis-damerique-et-de-ses-allies\/\"><span style=\"font-family: times new roman, times, serif; font-size: 14pt;\">http:\/\/blog.lesgrossesorchadeslesamplesthalameges.fr\/index.php\/les-etats-unis-dafrique-se-forment-pour-diriger-le-monde-contre-lempire-des-etats-unis-damerique-et-de-ses-allies\/<\/span><\/a><strong><span style=\"font-family: times new roman, times, serif; font-size: 14pt;\"><br \/>\n<\/span><\/strong><\/p>\n<p>&nbsp;<\/p>\n<p style=\"text-align: center;\"><a href=\"http:\/\/blog.lesgrossesorchadeslesamplesthalameges.fr\/index.php\/les-elections-pakistanaises-de-2023-et-la-legitimite-de-larrestation-de-khan\/000-russep-x-43\/\" rel=\"attachment wp-att-23060\"><img loading=\"lazy\" class=\"alignnone size-full wp-image-23060\" src=\"http:\/\/blog.lesgrossesorchadeslesamplesthalameges.fr\/wp-content\/uploads\/2023\/09\/000.-russep-x.gif\" alt=\"\" width=\"50\" height=\"50\" \/><\/a><\/p>\n<p>&nbsp;<\/p>\n<p style=\"text-align: right;\"><span style=\"font-family: comic sans ms, sans-serif; font-size: 14pt;\">Ao\u00fbt \u2013 Septembre 2023<\/span><\/p>\n<p>&nbsp;<\/p>\n<p>&nbsp;<\/p>\n","protected":false},"excerpt":{"rendered":"<p>&nbsp; &nbsp; &nbsp; &nbsp; &nbsp; &nbsp; &nbsp; &nbsp; Les \u00c9tats-Unis d&rsquo;Afrique se forment pour diriger le monde contre l&#8217;empire des \u00c9tats-Unis d\u2019Am\u00e9rique et de ses alli\u00e9s \u00a0 Eric Zuesse \u2013 The Duran \u2013 9.8.2023\u00a0 Traduction\u00a0: c.l. pour L.G.O. &nbsp; &nbsp; &nbsp; \u00a0 Des \u00c9tats-Unis d&rsquo;Afrique potentiels sont en train de se former apr\u00e8s qu&rsquo;une mutinerie&#8230;<\/p>\n","protected":false},"author":1,"featured_media":0,"parent":0,"menu_order":0,"comment_status":"open","ping_status":"open","template":"","meta":[],"_links":{"self":[{"href":"https:\/\/blog.lesgrossesorchadeslesamplesthalameges.fr\/index.php\/wp-json\/wp\/v2\/pages\/23084"}],"collection":[{"href":"https:\/\/blog.lesgrossesorchadeslesamplesthalameges.fr\/index.php\/wp-json\/wp\/v2\/pages"}],"about":[{"href":"https:\/\/blog.lesgrossesorchadeslesamplesthalameges.fr\/index.php\/wp-json\/wp\/v2\/types\/page"}],"author":[{"embeddable":true,"href":"https:\/\/blog.lesgrossesorchadeslesamplesthalameges.fr\/index.php\/wp-json\/wp\/v2\/users\/1"}],"replies":[{"embeddable":true,"href":"https:\/\/blog.lesgrossesorchadeslesamplesthalameges.fr\/index.php\/wp-json\/wp\/v2\/comments?post=23084"}],"version-history":[{"count":5,"href":"https:\/\/blog.lesgrossesorchadeslesamplesthalameges.fr\/index.php\/wp-json\/wp\/v2\/pages\/23084\/revisions"}],"predecessor-version":[{"id":23089,"href":"https:\/\/blog.lesgrossesorchadeslesamplesthalameges.fr\/index.php\/wp-json\/wp\/v2\/pages\/23084\/revisions\/23089"}],"wp:attachment":[{"href":"https:\/\/blog.lesgrossesorchadeslesamplesthalameges.fr\/index.php\/wp-json\/wp\/v2\/media?parent=23084"}],"curies":[{"name":"wp","href":"https:\/\/api.w.org\/{rel}","templated":true}]}}