{"id":23251,"date":"2023-09-17T18:47:42","date_gmt":"2023-09-17T16:47:42","guid":{"rendered":"http:\/\/blog.lesgrossesorchadeslesamplesthalameges.fr\/?page_id=23251"},"modified":"2023-09-17T20:38:19","modified_gmt":"2023-09-17T18:38:19","slug":"un-seul-avenir","status":"publish","type":"page","link":"https:\/\/blog.lesgrossesorchadeslesamplesthalameges.fr\/index.php\/un-seul-avenir\/","title":{"rendered":"UN seul avenir"},"content":{"rendered":"<p>&nbsp;<\/p>\n<p>&nbsp;<\/p>\n<p>&nbsp;<\/p>\n<p>&nbsp;<\/p>\n<p>&nbsp;<\/p>\n<p>&nbsp;<\/p>\n<p>&nbsp;<\/p>\n<p>&nbsp;<\/p>\n<p style=\"text-align: center;\"><span style=\"font-family: times new roman, times, serif; font-size: 36pt;\"><strong>UN seul avenir<\/strong><\/span><\/p>\n<p>&nbsp;<\/p>\n<p style=\"text-align: center;\"><span style=\"font-family: times new roman, times, serif; font-size: 24pt;\"><strong>Fichez la paix aux banques centrales, bande d\u2019emm\u2026.rs !<\/strong><\/span><\/p>\n<p>&nbsp;<\/p>\n<p style=\"text-align: center;\"><span style=\"font-family: times new roman, times, serif; font-size: 14pt;\"><strong>\u00a0<\/strong><\/span><\/p>\n<p style=\"text-align: center;\"><span style=\"font-family: times new roman, times, serif; font-size: 18pt;\"><strong><em>Edward Slavsquat<\/em><\/strong><strong> \u2013 14.9.2023<\/strong><\/span><\/p>\n<p style=\"text-align: center;\"><span style=\"font-size: 18pt;\">Traducftion : c.l. pour L.G.O.<\/span><\/p>\n<p>&nbsp;<\/p>\n<p>&nbsp;<\/p>\n<p>&nbsp;<\/p>\n<p style=\"text-align: center;\"><a href=\"http:\/\/blog.lesgrossesorchadeslesamplesthalameges.fr\/index.php\/un-seul-avenir\/un-13-2\/\" rel=\"attachment wp-att-23252\"><img loading=\"lazy\" class=\"alignnone wp-image-23252\" src=\"http:\/\/blog.lesgrossesorchadeslesamplesthalameges.fr\/wp-content\/uploads\/2023\/09\/UN.-13-1-300x200.jpg\" alt=\"\" width=\"600\" height=\"400\" srcset=\"https:\/\/blog.lesgrossesorchadeslesamplesthalameges.fr\/wp-content\/uploads\/2023\/09\/UN.-13-1-300x200.jpg 300w, https:\/\/blog.lesgrossesorchadeslesamplesthalameges.fr\/wp-content\/uploads\/2023\/09\/UN.-13-1-768x512.jpg 768w, https:\/\/blog.lesgrossesorchadeslesamplesthalameges.fr\/wp-content\/uploads\/2023\/09\/UN.-13-1.jpg 900w\" sizes=\"(max-width: 600px) 100vw, 600px\" \/><\/a><\/p>\n<p style=\"text-align: center;\"><span style=\"font-family: times new roman, times, serif; font-size: 12pt;\"><strong><em>La ch\u00e8re patriote russe et \u00ab\u00a0Yale World Fellow\u00a0\u00bb Elvira Nabiullina (\u00e0 g.)\u00a0; le G20 (\u00e0 dr.)<\/em><\/strong><\/span><\/p>\n<p style=\"text-align: center;\"><span style=\"font-family: times new roman, times, serif; font-size: 12pt;\">[= \u00b1 Docteur non U.S. de l\u2019Universit\u00e9 de Yale]<\/span><\/p>\n<p>&nbsp;<\/p>\n<p>&nbsp;<\/p>\n<p>&nbsp;<\/p>\n<p style=\"text-align: justify;\"><span style=\"font-family: times new roman, times, serif; font-size: 14pt;\">Chaque ann\u00e9e, le Groupe des Vingt publie une d\u00e9claration commune expliquant les diff\u00e9rents actes de terrorisme qu&rsquo;il entend mener contre le monde entier. C&rsquo;est la tradition. Vous devez certainement le savoir \u00e0 pr\u00e9sent.<\/span><\/p>\n<p style=\"text-align: justify;\"><span style=\"font-family: times new roman, times, serif; font-size: 14pt;\">Vous vous rappelez la F\u00eate du L\u00e9zard 2022 ? Tout en se faisant bronzer au soleil de Bali, le G20 <a href=\"https:\/\/edwardslavsquat.substack.com\/p\/world-leaders-agree-to-cattle-tag\">avait promis<\/a> de \u00ab\u00a0capitaliser sur le succ\u00e8s des normes d\u00e9j\u00e0 impos\u00e9es et des passes num\u00e9riques COVID-19\u00a0\u00bb, en d\u00e9veloppant des \u00ab\u00a0solutions num\u00e9riques\u00a0\u00bb, \u00ab\u00a0preuves de vaccination\u00a0\u00bb comprises, pour \u00ab\u00a0faciliter les voyages internationaux en toute transparence\u00a0\u00bb.<\/span><\/p>\n<p style=\"text-align: justify;\"><span style=\"font-family: times new roman, times, serif; font-size: 14pt;\">C\u2019est par simple co\u00efncidence, bien s\u00fbr, que l&rsquo;OMS fonce dans la br\u00e8che en adoptant son syst\u00e8me de \u00ab\u00a0certificat de sant\u00e9\u00a0\u00bb num\u00e9rique si s\u00fbr et si pratique, pour votre sant\u00e9 et votre s\u00e9curit\u00e9.<\/span><\/p>\n<p style=\"text-align: justify;\"><span style=\"font-family: times new roman, times, serif; font-size: 14pt;\">Cette ann\u00e9e, la convention des l\u00e9zards de l&rsquo;espace \u00e9tait accueillie par l\u2019Inde. Le th\u00e8me \u00e9tait \u00ab\u00a0UN seul avenir\u00a0\u00bb et \u00ab\u00a0N&rsquo;oubliez pas de vous faire injecter votre caillot\u00a0\u00bb.<\/span><\/p>\n<p>&nbsp;<\/p>\n<p>&nbsp;<\/p>\n<p style=\"text-align: center;\"><a href=\"http:\/\/blog.lesgrossesorchadeslesamplesthalameges.fr\/index.php\/un-seul-avenir\/un-14\/\" rel=\"attachment wp-att-23253\"><img loading=\"lazy\" class=\"alignnone wp-image-23253\" src=\"http:\/\/blog.lesgrossesorchadeslesamplesthalameges.fr\/wp-content\/uploads\/2023\/09\/UN.-14-300x245.jpg\" alt=\"\" width=\"600\" height=\"490\" srcset=\"https:\/\/blog.lesgrossesorchadeslesamplesthalameges.fr\/wp-content\/uploads\/2023\/09\/UN.-14-300x245.jpg 300w, https:\/\/blog.lesgrossesorchadeslesamplesthalameges.fr\/wp-content\/uploads\/2023\/09\/UN.-14-768x627.jpg 768w, https:\/\/blog.lesgrossesorchadeslesamplesthalameges.fr\/wp-content\/uploads\/2023\/09\/UN.-14.jpg 984w\" sizes=\"(max-width: 600px) 100vw, 600px\" \/><\/a><\/p>\n<p style=\"text-align: center;\"><span style=\"font-family: times new roman, times, serif; font-size: 12pt;\"><strong><em>UNE terre \u2013 UNE famille \u2013 UN avenir<\/em><\/strong><\/span><\/p>\n<p style=\"text-align: center;\"><span style=\"font-family: times new roman, times, serif; font-size: 12pt;\"><strong><em>D\u00e9claration des leaders du G20<\/em><\/strong><\/span><\/p>\n<p style=\"text-align: center;\"><span style=\"font-family: times new roman, times, serif; font-size: 12pt;\"><strong><em>New Delhi, Inde, 9-10 septembre 2023<\/em><\/strong><\/span><\/p>\n<p style=\"text-align: center;\"><span style=\"font-family: times new roman, times, serif; font-size: 12pt;\">source: <a href=\"https:\/\/www.consilium.europa.eu\/media\/66739\/g20-new-delhi-leaders-declaration.pdf\">G20 Word Salad<\/a><\/span><\/p>\n<p>&nbsp;<\/p>\n<p>&nbsp;<\/p>\n<p style=\"text-align: justify;\"><span style=\"font-family: times new roman, times, serif; font-size: 14pt;\">Vous pouvez lire la d\u00e9claration des dirigeants du G20 de 2023 \u00e0 New Delhi <a href=\"http:\/\/en.kremlin.ru\/events\/president\/news\/72241\">sur le site web du Kremlin<\/a>, parce que la Russie est membre du G20 et qu\u2019elle a approuv\u00e9 ce document humain et r\u00e9confortant.<\/span><\/p>\n<p style=\"text-align: justify;\"><span style=\"font-family: times new roman, times, serif; font-size: 14pt;\">C\u2019est un texte g\u00e9nial\u2026 probablement le chef d\u2019oeuvre du G20.<\/span><\/p>\n<p style=\"text-align: justify;\"><span style=\"font-family: times new roman, times, serif; font-size: 14pt;\">Par exemple, au troisi\u00e8me paragraphe, on nous fait savoir que l&rsquo;Agenda 2030 et les \u00ab\u00a0Objectifs de D\u00e9veloppement Durable\u00a0\u00bb des Nations unies doivent \u00eatre mis en \u0153uvre plus rapidement.<\/span><\/p>\n<p>&nbsp;<\/p>\n<p>&nbsp;<\/p>\n<p style=\"text-align: center;\"><a href=\"http:\/\/blog.lesgrossesorchadeslesamplesthalameges.fr\/index.php\/un-seul-avenir\/un-15\/\" rel=\"attachment wp-att-23254\"><img loading=\"lazy\" class=\"alignnone wp-image-23254\" src=\"http:\/\/blog.lesgrossesorchadeslesamplesthalameges.fr\/wp-content\/uploads\/2023\/09\/UN.-15-290x300.jpg\" alt=\"\" width=\"600\" height=\"620\" srcset=\"https:\/\/blog.lesgrossesorchadeslesamplesthalameges.fr\/wp-content\/uploads\/2023\/09\/UN.-15-290x300.jpg 290w, https:\/\/blog.lesgrossesorchadeslesamplesthalameges.fr\/wp-content\/uploads\/2023\/09\/UN.-15-768x794.jpg 768w, https:\/\/blog.lesgrossesorchadeslesamplesthalameges.fr\/wp-content\/uploads\/2023\/09\/UN.-15.jpg 791w\" sizes=\"(max-width: 600px) 100vw, 600px\" \/><\/a><\/p>\n<p style=\"text-align: center;\"><span style=\"font-family: times new roman, times, serif; font-size: 14pt;\">source: <a href=\"http:\/\/en.kremlin.ru\/events\/president\/news\/72241\">Kremlin.ru<\/a><\/span><\/p>\n<p>&nbsp;<\/p>\n<p>&nbsp;<\/p>\n<p>&nbsp;<\/p>\n<p style=\"text-align: justify;\"><span style=\"font-family: times new roman, times, serif; font-size: 14pt;\">Plus loin dans sa d\u00e9claration (ci-apr\u00e8s d\u00e9nomm\u00e9e ENGAGEMENT POUR UN SEUL AVENIR), le G20 affirme qu&rsquo;\u00ab\u00a0un syst\u00e8me commercial multilat\u00e9ral, fond\u00e9 sur des r\u00e8gles, non discriminatoire, juste, ouvert, inclusif, \u00e9quitable, durable et transparent, avec l&rsquo;OMC pour centre, est indispensable\u00a0\u00bb. C\u2019est un copier-coller <a href=\"https:\/\/edwardslavsquat.substack.com\/p\/sustainable-development-its-what\">de la d\u00e9claration de Johannesburg II<\/a>. Curieux. \u00a0Qu\u2019est-ce que \u00e7a pourrait bien signifier \u00ab\u00a0Un seul avenir\u00a0\u00bb ?<\/span><\/p>\n<p style=\"text-align: justify;\"><span style=\"font-family: times new roman, times, serif; font-size: 14pt;\">L\u2019article 28 de l\u2019ENGAGEMENT POUR UN SEUL AVENIR est encore plus sp\u00e9cial. Il stipule que\u00a0:<\/span><\/p>\n<p style=\"text-align: justify;\"><span style=\"font-family: times new roman, times, serif; font-size: 14pt;\">Nous restons d\u00e9termin\u00e9s \u00e0 renforcer l&rsquo;architecture sanitaire mondiale, avec l&rsquo;Organisation Mondiale de la Sant\u00e9 (OMS) en son centre, et \u00e0 mettre en place des syst\u00e8mes de sant\u00e9 plus r\u00e9silients, \u00e9quitables, durables et inclusifs, afin de parvenir \u00e0 une couverture sanitaire universelle, de mettre en \u0153uvre l&rsquo;approche \u00ab\u00a0UNE seule sant\u00e9\u00a0\u00bb, d&rsquo;am\u00e9liorer la pr\u00e9paration aux pand\u00e9mies et de renforcer les syst\u00e8mes existants de surveillance des maladies infectieuses.<\/span><\/p>\n<p style=\"text-align: justify;\"><span style=\"font-family: times new roman, times, serif; font-size: 14pt;\">Le document explique tr\u00e8s en d\u00e9tail comment l&rsquo;OMS rendra le monde entier durable et sain. James Raguski a mis en exergue la partie du document relative \u00e0 l&rsquo;OMS qui s&rsquo;y rapporte.<\/span><\/p>\n<p style=\"text-align: justify;\"><span style=\"font-family: times new roman, times, serif; font-size: 14pt;\">Et voici le plan du G20 pour cr\u00e9er une \u00ab Croissance Forte, Durable, \u00c9quilibr\u00e9e et Inclusive\u00a0\u00bb :<\/span><\/p>\n<p style=\"text-align: justify;\"><span style=\"font-family: times new roman, times, serif; font-size: 14pt;\">Nous continuerons \u00e0 renforcer la coop\u00e9ration en mati\u00e8re de macropolitique <strong>et<\/strong> <strong>\u00e0 soutenir les progr\u00e8s accomplis en vue du Programme de D\u00e9veloppement Durable \u00e0 l&rsquo;horizon 2030.<\/strong><\/span><\/p>\n<p style=\"text-align: justify;\"><span style=\"font-family: times new roman, times, serif; font-size: 14pt;\">[\u2026]<\/span><\/p>\n<p style=\"text-align: justify;\"><span style=\"font-family: times new roman, times, serif; font-size: 14pt;\"><strong>L&rsquo;ind\u00e9pendance de la banque centrale est essentielle pour maintenir la cr\u00e9dibilit\u00e9 d\u2019une politique<\/strong>. Nous donnerons la priorit\u00e9 \u00e0 des mesures budg\u00e9taires temporaires et cibl\u00e9es pour prot\u00e9ger les pauvres et les plus vuln\u00e9rables, tout en maintenant une viabilit\u00e9 budg\u00e9taire \u00e0 moyen terme.<\/span><\/p>\n<p style=\"text-align: justify;\"><span style=\"font-family: times new roman, times, serif; font-size: 14pt;\">Franchementt : pourquoi diable certains d&rsquo;entre vous se sentent-ils tellement menac\u00e9s par un syst\u00e8me bancaire central mondial fort et ind\u00e9pendant ? Quoi\u00a0? Vous voulez que les nations <em>contr\u00f4lent elles-m\u00eames leur politique mon\u00e9taire<\/em> ? \u00cates-vous devenus fous ? Est-ce que vous avez la moindre id\u00e9e des dommages que \u00e7a pourrait causer \u00e0 une Croissance Forte, Durable, \u00c9quilibr\u00e9e et Inclusive ?<\/span><\/p>\n<p style=\"text-align: justify;\"><span style=\"font-family: times new roman, times, serif; font-size: 14pt;\">Le G20 comprend, lui, \u00e0 quel point il est important de maintenir la cr\u00e9dibilit\u00e9 des politiques, et c&rsquo;est pourquoi l&rsquo;ind\u00e9pendance des banques centrales est essentielle. Est-ce vraiment si difficile \u00e0 comprendre ?<\/span><\/p>\n<p style=\"text-align: justify;\"><span style=\"font-family: times new roman, times, serif; font-size: 14pt;\">Maintenant, \u00e7a suffit. Il est plus que temps de laisser les banques centrales tranquilles et de vous en prendre \u00e0 quelqu&rsquo;un de votre niveau.<\/span><\/p>\n<p style=\"text-align: justify;\"><span style=\"font-family: times new roman, times, serif; font-size: 14pt;\">Ces campagnes haineuses doivent cesser. Quand des \u00e9conomistes russes, si respect\u00e9s qu\u2019ils soient, soutiennent que la Banque de Russie devrait \u00eatre catalogu\u00e9e comme agent de l\u2019\u00e9tranger, ils ne font rien d\u2019autre que saper l&rsquo;initiative \u00ab\u00a0UN seul avenir\u00a0\u00bb.<\/span><\/p>\n<p style=\"text-align: justify;\"><span style=\"font-family: times new roman, times, serif; font-size: 14pt;\">Des gouvernements dignes de confiance, altruistes, bienveillants, responsables, amicaux, honn\u00eates, d\u00e9sint\u00e9ress\u00e9s, tourn\u00e9s vers l&rsquo;avenir, soucieux de pr\u00e9server votre sant\u00e9, votre s\u00e9curit\u00e9 et la science, se sont r\u00e9unis en Inde afin de proclamer les plans qu\u2019ils ont form\u00e9s pour notre joyeuse destin\u00e9e commune &#8211; et il y a encore des pique-assiettes mauvais coucheurs sur Internet, qui doutent de la sinc\u00e9rit\u00e9 et des bonnes intentions du G20 ? Honte \u00e0 certains d&rsquo;entre vous.<\/span><\/p>\n<p style=\"text-align: justify;\"><span style=\"font-family: times new roman, times, serif; font-size: 14pt;\">La lecture de l\u00a0ENGAGEMENT POUR UN SEUL AVENIR devrait \u00eatre rendue obligatoire pour tous les \u00e9coliers du monde entier. Il y a m\u00eame un article sur la MNBC <em>[Monnaie num\u00e9rique des banques centrales, destin\u00e9e \u00e0 remplacer l\u2019argent liquide, NdT]<\/em> et la fa\u00e7on dont elle peut \u00eatre utilis\u00e9e pour les \u00ab\u00a0paiements hors fronti\u00e8res\u00a0\u00bb, ce qui prouve une fois de plus que le rouble num\u00e9rique est une force au service du bien dans le monde<\/span><\/p>\n<p>&nbsp;<\/p>\n<p>&nbsp;<\/p>\n<p>&nbsp;<\/p>\n<p style=\"text-align: center;\"><a href=\"http:\/\/blog.lesgrossesorchadeslesamplesthalameges.fr\/index.php\/un-seul-avenir\/un-16\/\" rel=\"attachment wp-att-23255\"><img loading=\"lazy\" class=\"alignnone wp-image-23255\" src=\"http:\/\/blog.lesgrossesorchadeslesamplesthalameges.fr\/wp-content\/uploads\/2023\/09\/UN.-16-300x165.jpg\" alt=\"\" width=\"600\" height=\"330\" srcset=\"https:\/\/blog.lesgrossesorchadeslesamplesthalameges.fr\/wp-content\/uploads\/2023\/09\/UN.-16-300x165.jpg 300w, https:\/\/blog.lesgrossesorchadeslesamplesthalameges.fr\/wp-content\/uploads\/2023\/09\/UN.-16.jpg 697w\" sizes=\"(max-width: 600px) 100vw, 600px\" \/><\/a><\/p>\n<p style=\"text-align: center;\"><span style=\"font-family: times new roman, times, serif; font-size: 14pt;\">source: <a href=\"http:\/\/en.kremlin.ru\/events\/president\/news\/72241\">Kremlin.ru<\/a><\/span><\/p>\n<p>&nbsp;<\/p>\n<p>&nbsp;<\/p>\n<p>&nbsp;<\/p>\n<p style=\"text-align: justify;\"><span style=\"font-family: times new roman, times, serif; font-size: 14pt;\">Quand Simplicius le Penseur a d\u00e9clar\u00e9 sa flamme dans un sonnet d\u00e9di\u00e9 \u00e0 Elvira Nabiullina, \u00e0 la Banque de Russie et au rouble num\u00e9rique \u2013 qui est peut-\u00eatre la prose lyrique la plus touchante depuis <em>Du bist wie eine<\/em> <em>Blume<\/em> de Heinrich Heine \u2013 j&rsquo;avoue que <a href=\"https:\/\/edwardslavsquat.substack.com\/p\/elvira-nabiullina-is-the-kindest\">j&rsquo;\u00e9tais quelque peu sceptique<\/a>.<\/span><\/p>\n<p style=\"text-align: justify;\"><span style=\"font-family: times new roman, times, serif; font-size: 14pt;\">Apr\u00e8s tout, pourquoi donner un outil num\u00e9rique de contr\u00f4le total \u00e0 une <em>Yale World Fellow<\/em> que personne n&rsquo;aime ?<\/span><\/p>\n<p style=\"text-align: justify;\"><span style=\"font-family: times new roman, times, serif; font-size: 14pt;\">Mais je comprends maintenant que les jetons num\u00e9riques centralis\u00e9s, programmables et tra\u00e7ables, contr\u00f4l\u00e9s par des banques centrales cr\u00e9dibles et ind\u00e9pendantes, sont la cl\u00e9 d\u2019acc\u00e8s \u00e0 \u00ab\u00a0UN seul avenir\u00a0\u00bb.<\/span><\/p>\n<p style=\"text-align: justify;\"><span style=\"font-family: times new roman, times, serif; font-size: 14pt;\">Reconnaissons-le honn\u00eatement\u00a0: nous sommes gouvern\u00e9s par des adultes responsables, qui se pr\u00e9occupent de nous. La d\u00e9claration des dirigeants du G20 \u00e0 New Delhi le prouve sans l&rsquo;ombre d\u2019un doute.<\/span><\/p>\n<p>&nbsp;<\/p>\n<p>&nbsp;<\/p>\n<p>&nbsp;<\/p>\n<p style=\"text-align: center;\"><a href=\"http:\/\/blog.lesgrossesorchadeslesamplesthalameges.fr\/index.php\/un-seul-avenir\/un-17\/\" rel=\"attachment wp-att-23256\"><img loading=\"lazy\" class=\"alignnone wp-image-23256\" src=\"http:\/\/blog.lesgrossesorchadeslesamplesthalameges.fr\/wp-content\/uploads\/2023\/09\/UN.-17-300x189.jpg\" alt=\"\" width=\"600\" height=\"379\" srcset=\"https:\/\/blog.lesgrossesorchadeslesamplesthalameges.fr\/wp-content\/uploads\/2023\/09\/UN.-17-300x189.jpg 300w, https:\/\/blog.lesgrossesorchadeslesamplesthalameges.fr\/wp-content\/uploads\/2023\/09\/UN.-17-768x485.jpg 768w, https:\/\/blog.lesgrossesorchadeslesamplesthalameges.fr\/wp-content\/uploads\/2023\/09\/UN.-17.jpg 952w\" sizes=\"(max-width: 600px) 100vw, 600px\" \/><\/a><\/p>\n<p>&nbsp;<\/p>\n<p style=\"text-align: center;\"><span style=\"font-family: times new roman, times, serif; font-size: 14pt;\"><strong><em>Poutine, nooooooooooooooooooooooooon\u00a0!<\/em><\/strong><\/span><\/p>\n<p>&nbsp;<\/p>\n<p>&nbsp;<\/p>\n<p>&nbsp;<\/p>\n<p style=\"text-align: center;\"><a href=\"http:\/\/blog.lesgrossesorchadeslesamplesthalameges.fr\/index.php\/un-seul-avenir\/un-19-oip-gif\/\" rel=\"attachment wp-att-23307\"><img loading=\"lazy\" class=\"alignnone wp-image-23307 size-medium\" src=\"http:\/\/blog.lesgrossesorchadeslesamplesthalameges.fr\/wp-content\/uploads\/2023\/09\/UN.-19.-OIP-GIF-300x290.gif\" alt=\"\" width=\"300\" height=\"290\" \/><\/a><\/p>\n<p>&nbsp;<\/p>\n<p>&nbsp;<\/p>\n<p>&nbsp;<\/p>\n<p style=\"text-align: center;\"><span style=\"font-family: times new roman, times, serif; font-size: 14pt;\"><iframe loading=\"lazy\" title=\"YouTube video player\" src=\"\/\/www.youtube.com\/embed\/LP_us9dTj5g?si=GQcXNTRkNwOK0uoP\" width=\"560\" height=\"315\" frameborder=\"0\" allowfullscreen=\"allowfullscreen\"><\/iframe><\/span><\/p>\n<p>&nbsp;<\/p>\n<p>&nbsp;<\/p>\n<p style=\"text-align: center;\"><a href=\"http:\/\/blog.lesgrossesorchadeslesamplesthalameges.fr\/index.php\/2023\/09\/09\/chili-11-septembre-1973-actualite-dun-coup-detat\/000-russep-x-44\/\" rel=\"attachment wp-att-23148\"><img loading=\"lazy\" class=\"alignnone size-full wp-image-23148\" src=\"http:\/\/blog.lesgrossesorchadeslesamplesthalameges.fr\/wp-content\/uploads\/2023\/09\/000.-russep-x-1.gif\" alt=\"\" width=\"50\" height=\"50\" \/><\/a><\/p>\n<p style=\"text-align: justify;\"><span style=\"font-family: times new roman, times, serif; font-size: 14pt;\"><strong>\u00a0<\/strong><\/span><\/p>\n<p style=\"text-align: left;\"><span style=\"font-family: times new roman, times, serif; font-size: 14pt;\"><strong>URL de cet article : <\/strong><a href=\"http:\/\/blog.lesgrossesorchadeslesamplesthalameges.fr\/index.php\/un-seul-avenir\/\">http:\/\/blog.lesgrossesorchadeslesamplesthalameges.fr\/index.php\/un-seul-avenir\/<\/a><strong><br \/>\n<\/strong><\/span><\/p>\n<p>&nbsp;<\/p>\n<p style=\"text-align: right;\"><span style=\"font-family: comic sans ms, sans-serif; font-size: 14pt;\">Septembre 2023<\/span><\/p>\n<p>&nbsp;<\/p>\n<p>&nbsp;<\/p>\n","protected":false},"excerpt":{"rendered":"<p>&nbsp; &nbsp; &nbsp; &nbsp; &nbsp; &nbsp; &nbsp; &nbsp; UN seul avenir &nbsp; Fichez la paix aux banques centrales, bande d\u2019emm\u2026.rs ! &nbsp; \u00a0 Edward Slavsquat \u2013 14.9.2023 Traducftion : c.l. pour L.G.O. &nbsp; &nbsp; &nbsp; La ch\u00e8re patriote russe et \u00ab\u00a0Yale World Fellow\u00a0\u00bb Elvira Nabiullina (\u00e0 g.)\u00a0; le G20 (\u00e0 dr.) [= \u00b1 Docteur non&#8230;<\/p>\n","protected":false},"author":1,"featured_media":0,"parent":0,"menu_order":0,"comment_status":"open","ping_status":"open","template":"","meta":[],"_links":{"self":[{"href":"https:\/\/blog.lesgrossesorchadeslesamplesthalameges.fr\/index.php\/wp-json\/wp\/v2\/pages\/23251"}],"collection":[{"href":"https:\/\/blog.lesgrossesorchadeslesamplesthalameges.fr\/index.php\/wp-json\/wp\/v2\/pages"}],"about":[{"href":"https:\/\/blog.lesgrossesorchadeslesamplesthalameges.fr\/index.php\/wp-json\/wp\/v2\/types\/page"}],"author":[{"embeddable":true,"href":"https:\/\/blog.lesgrossesorchadeslesamplesthalameges.fr\/index.php\/wp-json\/wp\/v2\/users\/1"}],"replies":[{"embeddable":true,"href":"https:\/\/blog.lesgrossesorchadeslesamplesthalameges.fr\/index.php\/wp-json\/wp\/v2\/comments?post=23251"}],"version-history":[{"count":10,"href":"https:\/\/blog.lesgrossesorchadeslesamplesthalameges.fr\/index.php\/wp-json\/wp\/v2\/pages\/23251\/revisions"}],"predecessor-version":[{"id":23310,"href":"https:\/\/blog.lesgrossesorchadeslesamplesthalameges.fr\/index.php\/wp-json\/wp\/v2\/pages\/23251\/revisions\/23310"}],"wp:attachment":[{"href":"https:\/\/blog.lesgrossesorchadeslesamplesthalameges.fr\/index.php\/wp-json\/wp\/v2\/media?parent=23251"}],"curies":[{"name":"wp","href":"https:\/\/api.w.org\/{rel}","templated":true}]}}