{"id":23266,"date":"2023-09-17T19:14:22","date_gmt":"2023-09-17T17:14:22","guid":{"rendered":"http:\/\/blog.lesgrossesorchadeslesamplesthalameges.fr\/?page_id=23266"},"modified":"2023-09-17T19:15:18","modified_gmt":"2023-09-17T17:15:18","slug":"israel-au-maghreb","status":"publish","type":"page","link":"https:\/\/blog.lesgrossesorchadeslesamplesthalameges.fr\/index.php\/israel-au-maghreb\/","title":{"rendered":"Isra\u00ebl au Maghreb"},"content":{"rendered":"<p>&nbsp;<\/p>\n<p>&nbsp;<\/p>\n<p>&nbsp;<\/p>\n<p>&nbsp;<\/p>\n<p>&nbsp;<\/p>\n<p>&nbsp;<\/p>\n<p>&nbsp;<\/p>\n<p>&nbsp;<\/p>\n<p>&nbsp;<\/p>\n<p style=\"text-align: center;\"><span style=\"font-family: times new roman, times, serif; font-size: 48pt; color: #c00000;\">Isra\u00ebl au Maghreb<\/span><\/p>\n<p>&nbsp;<\/p>\n<p>&nbsp;<\/p>\n<p>&nbsp;<\/p>\n<p style=\"text-align: justify;\"><span style=\"font-family: times new roman, times, serif; font-size: 18pt; color: #c00000;\"><strong><em>Nous avons re\u00e7u ceci\u00a0:<\/em><\/strong><\/span><\/p>\n<p style=\"text-align: justify;\"><span style=\"font-family: times new roman, times, serif; font-size: 14pt;\"><strong><em>\u00a0<\/em><\/strong><\/span><\/p>\n<p>&nbsp;<\/p>\n<p style=\"text-align: justify;\"><em><span style=\"font-family: times new roman, times, serif; font-size: 16pt;\">Le d\u00e9placement du repr\u00e9sentant isra\u00e9lien \u00e0 Rabat sur les lieux du drame avant celui du roi et des officiels marocains a soulev\u00e9 un toll\u00e9 g\u00e9n\u00e9ral. Dans le m\u00eame temps, la cha\u00eene <strong>i24 News<\/strong> r\u00e9v\u00e9lait que des secouristes isra\u00e9liens se trouvaient au Maroc sans aucune autorisation. Isra\u00ebl a-t-il d\u00e9finitivement pris possession du territoire\u00a0? Tel-Aviv a-t-il phagocyt\u00e9 le r\u00e9gime de Mohammed VI ?<\/span><\/em><\/p>\n<p style=\"text-align: justify;\"><em><span style=\"font-family: times new roman, times, serif; font-size: 14pt;\">\u00a0<\/span><\/em><\/p>\n<p>&nbsp;<\/p>\n<p style=\"text-align: center;\"><strong><span style=\"font-family: times new roman, times, serif; font-size: 36pt;\">Interview de Jacob Cohen :<\/span><\/strong><\/p>\n<p style=\"text-align: center;\"><strong><span style=\"font-family: times new roman, times, serif; font-size: 36pt;\">\u00ab\u00a0Le Maroc ne peut plus rien refuser \u00e0 l\u2019Etat d\u2019Isra\u00ebl !\u00a0\u00bb<\/span><\/strong><\/p>\n<p>&nbsp;<\/p>\n<p>&nbsp;<\/p>\n<p style=\"text-align: center;\"><span style=\"font-family: times new roman, times, serif; font-size: 18pt;\">Propos recueillis par<strong> Karim B.<\/strong> \u2013 <a href=\"https:\/\/www.algeriepatriotique.com\"><strong><em>algeriepatriotique.com<\/em><\/strong><\/a> \u2013septembre 15, 2023 &#8211; 7:23 <a href=\"https:\/\/www.algeriepatriotique.com\/author\/benkahi-user\/\">R\u00e9daction<\/a><\/span><\/p>\n<p>&nbsp;<\/p>\n<p>&nbsp;<\/p>\n<p>&nbsp;<\/p>\n<p style=\"text-align: center;\"><a href=\"http:\/\/blog.lesgrossesorchadeslesamplesthalameges.fr\/index.php\/2023\/09\/17\/neocons-a-la-russe\/un-24-cohen\/\" rel=\"attachment wp-att-23211\"><img loading=\"lazy\" class=\"alignnone wp-image-23211\" src=\"http:\/\/blog.lesgrossesorchadeslesamplesthalameges.fr\/wp-content\/uploads\/2023\/09\/UN.-24-Cohen-300x169.png\" alt=\"\" width=\"500\" height=\"282\" srcset=\"https:\/\/blog.lesgrossesorchadeslesamplesthalameges.fr\/wp-content\/uploads\/2023\/09\/UN.-24-Cohen-300x169.png 300w, https:\/\/blog.lesgrossesorchadeslesamplesthalameges.fr\/wp-content\/uploads\/2023\/09\/UN.-24-Cohen-768x433.png 768w, https:\/\/blog.lesgrossesorchadeslesamplesthalameges.fr\/wp-content\/uploads\/2023\/09\/UN.-24-Cohen.png 865w\" sizes=\"(max-width: 500px) 100vw, 500px\" \/><\/a><\/p>\n<p style=\"text-align: center;\"><span style=\"font-family: times new roman, times, serif; font-size: 14pt;\"><strong><em>Jacob Cohen. D. R.<\/em><\/strong><\/span><\/p>\n<p>&nbsp;<\/p>\n<p>&nbsp;<\/p>\n<p>&nbsp;<\/p>\n<p style=\"text-align: justify;\"><span style=\"font-family: times new roman, times, serif; font-size: 14pt;\">L\u2019\u00e9crivain et penseur franco-marocain explique le refus exprim\u00e9 par le Makhzen de recevoir l\u2019aide de l\u2019Alg\u00e9rie, suite au terrible s\u00e9isme qui a frapp\u00e9 le Maroc, par \u00ab\u00a0le caprice d\u2019un monarque faisant la fine bouche devant des offres d\u2019aides internationales pour des raisons personnelles ou politiques\u00a0\u00bb, lequel caprice \u00ab\u00a0prive des populations d\u00e9sh\u00e9rit\u00e9es d\u2019un soutien massif et universel qui les aurait soulag\u00e9es et sorties pour un temps d\u2019un isolement et d\u2019un sous-d\u00e9veloppement insoutenables\u00a0\u00bb. \u00ab\u00a0La soci\u00e9t\u00e9 civile marocaine, comme on l\u2019a vu pour la normalisation avec le r\u00e9gime sioniste, n\u2019arrive pas \u00e0 se lib\u00e9rer de l\u2019emprise monarchique\u00a0\u00bb, fait remarquer Jacob Cohen, convaincu, par ailleurs, que la monarchie marocaine \u00ab\u00a0n\u2019a plus rien \u00e0 refuser \u00e0 son protecteur et alli\u00e9 isra\u00e9lien\u00a0\u00bb. Interview.<\/span><\/p>\n<p>&nbsp;<\/p>\n<p style=\"text-align: justify;\"><span style=\"font-family: times new roman, times, serif; font-size: 14pt;\"><strong><em>Algeriepatriotique<\/em><\/strong><strong>\u00a0: Permettez-nous, tout d\u2019abord, de vous pr\u00e9senter nos sinc\u00e8res condol\u00e9ances et d\u2019exprimer, \u00e0 travers votre respectable personne, notre solidarit\u00e9 avec les victimes et leurs familles. Quels \u00e9chos vous parviennent du Maroc apr\u00e8s le terrible s\u00e9isme qui a frapp\u00e9 Marrakech et ses environs\u00a0?<\/strong><\/span><\/p>\n<p style=\"text-align: justify;\"><span style=\"font-family: times new roman, times, serif; font-size: 14pt;\"><strong>Jacob Cohen\u00a0:<\/strong>\u00a0Je n\u2019ai pas re\u00e7u d\u2019informations personnelles ou sp\u00e9cifiques de la part de compatriotes marocains. Peut-\u00eatre parce qu\u2019ils vivent dans les grandes villes et plut\u00f4t dans le centre du pays et au bord de la mer. Je m\u2019informe comme presque tout le monde par les r\u00e9seaux sociaux.<\/span><\/p>\n<p>&nbsp;<\/p>\n<p style=\"text-align: justify;\"><span style=\"font-family: times new roman, times, serif; font-size: 14pt;\"><strong>Ce n\u2019est pas le s\u00e9isme qui tue mais le b\u00e2ti, dit-on. Le nombre \u00e9lev\u00e9 de morts et de bless\u00e9s est un signe qui ne trompe pas sur la fragilit\u00e9 et la v\u00e9tust\u00e9 des maisons qui ont \u00e9t\u00e9 litt\u00e9ralement pulv\u00e9ris\u00e9es par la secousse tellurique. Quelle est l\u2019\u00e9tat du parc immobilier dans le Maroc profond, cette partie du royaume que les m\u00e9dias ne montrent pas\u00a0?<\/strong><\/span><\/p>\n<p style=\"text-align: justify;\"><span style=\"font-family: times new roman, times, serif; font-size: 14pt;\">Ces tragiques \u00e9v\u00e9nements ont confirm\u00e9 que le foss\u00e9 entre les villes et la campagne n\u2019a jamais vraiment \u00e9t\u00e9 combl\u00e9 malgr\u00e9 les promesses r\u00e9it\u00e9r\u00e9es\u00a0<em>ad nauseam<\/em>. On le savait par les statistiques et les reportages. J\u2019y avais fait quelques voyages dans les ann\u00e9es 80. Le Maroc donne une image de progr\u00e8s et de la modernit\u00e9 avec ses grandes villes. Et encore, en creusant un peu, on se rend compte qu\u2019une majorit\u00e9 de ces constructions sont b\u00e2cl\u00e9es. C\u2019est de l\u2019habitat de masse destin\u00e9 \u00e0 d\u00e9p\u00e9rir assez vite. De l\u00e0 \u00e0 imaginer que des mesures antisismiques auraient pu \u00eatre appliqu\u00e9es rel\u00e8ve du domaine de l\u2019illusion. La campagne, par contre, reste dans l\u2019immobilisme, l\u2019ignorance, le manque flagrant et brutal des services de base \u2013 enseignement, sant\u00e9, transport, administration. Les images de destruction sont encore plus p\u00e9nibles lorsqu\u2019elles touchent des populations qui manquaient d\u00e9j\u00e0 de presque tout.<\/span><\/p>\n<p>&nbsp;<\/p>\n<p style=\"text-align: justify;\"><span style=\"font-family: times new roman, times, serif; font-size: 14pt;\"><strong>Le roi a mis plusieurs jours avant de se rendre \u00e0 Marrakech et, une fois sur place, il s\u2019est content\u00e9 d\u2019une vir\u00e9e furtive dans un h\u00f4pital, suivie d\u2019une mise en sc\u00e8ne, \u00e0 grand renfort de cam\u00e9ras, de Marocains se bousculant pour lui embrasser le dos de la main. Pourquoi ce retard malgr\u00e9 la gravit\u00e9 de la situation, selon vous\u00a0?<\/strong><\/span><\/p>\n<p style=\"text-align: justify;\"><span style=\"font-family: times new roman, times, serif; font-size: 14pt;\">Il semble que le roi se trouvait en France au moment du tremblement de terre. Un voyage non-officiel et non-annonc\u00e9\u00a0; ce genre de voyages qui dure plusieurs semaines pour son agr\u00e9ment personnel et qui se r\u00e9p\u00e8te r\u00e9guli\u00e8rement. Apparemment, le roi se trouve bien dans ses propri\u00e9t\u00e9s en France et peut-\u00eatre g\u00e8re-t-il d\u2019autres affaires plus personnelles que nationales. Donc, le temps de pr\u00e9parer le voyage du retour et une mise en sc\u00e8ne m\u00e9diatique. Le probl\u00e8me, c\u2019est que ses sujets ne peuvent se permettre la moindre remarque publique sur sa personne ni sur son action. Il y a entre eux une \u00e9mulation dans la servilit\u00e9 dans l\u2019espoir d\u2019obtenir quelque pr\u00e9bende. Cela confirme, enfin, s\u2019il en \u00e9tait besoin, le caract\u00e8re f\u00e9odal du pouvoir ch\u00e9rifien. Le caprice d\u2019un monarque \u2013 faisant la fine bouche devant des offres d\u2019aides internationales pour des raisons personnelles ou politiques \u2013 prive des populations d\u00e9sh\u00e9rit\u00e9es d\u2019un soutien massif et universel qui les aurait soulag\u00e9es et sorties pour un temps d\u2019un isolement et d\u2019un sous-d\u00e9veloppement insoutenables.<\/span><\/p>\n<p>&nbsp;<\/p>\n<p style=\"text-align: justify;\"><span style=\"font-family: times new roman, times, serif; font-size: 14pt;\"><strong>Le d\u00e9placement du repr\u00e9sentant isra\u00e9lien \u00e0 Rabat sur les lieux du drame avant celui du roi et des officiels marocains a soulev\u00e9 un toll\u00e9 g\u00e9n\u00e9ral. Dans le m\u00eame temps, la cha\u00eene i24 News r\u00e9v\u00e9lait que des secouristes isra\u00e9liens se trouvaient au Maroc sans aucune autorisation. Isra\u00ebl a-t-il d\u00e9finitivement pris possession du territoire\u00a0? Tel-Aviv a-t-il phagocyt\u00e9 le r\u00e9gime de Mohammed VI\u00a0?<\/strong><\/span><\/p>\n<p style=\"text-align: justify;\"><span style=\"font-family: times new roman, times, serif; font-size: 14pt;\">La monarchie marocaine n\u2019a plus rien \u00e0 refuser \u00e0 son protecteur et alli\u00e9 isra\u00e9lien. Elle lui a refus\u00e9 tout de m\u00eame l\u2019autorisation d\u2019envoyer l\u2019armada de sauvetage qui \u00e9tait toute pr\u00eate \u00e0 d\u00e9coller et qui serait arriv\u00e9e en premier sur les lieux. Cela aurait fait mauvais genre. Et on sait que les Isra\u00e9liens ont d\u00e9velopp\u00e9 dans ce domaine une m\u00e9canique efficace et bien huil\u00e9e et surtout tr\u00e8s visible avec ses drapeaux coll\u00e9s quasiment sur chaque objet. Mais ce n\u2019est qu\u2019un \u00e9pisode passager sur lequel les Isra\u00e9liens, probablement avertis \u00e0 l\u2019avance, pourraient montrer beaucoup de compr\u00e9hension. Les sionistes sont sensibles au drame intime que vivent ces Arabes qui acceptent de se compromettre avec eux. Mais, fondamentalement, et au-del\u00e0 de cette petite saute d\u2019humeur, on peut r\u00e9pondre par la positive \u00e0 vos deux interrogations.<\/span><\/p>\n<p>&nbsp;<\/p>\n<p style=\"text-align: justify;\"><span style=\"font-family: times new roman, times, serif; font-size: 14pt;\"><strong>Ce double affront, m\u00eal\u00e9 \u00e0 cette col\u00e8re sourde, remettra-t-il en cause la normalisation refus\u00e9e \u00e0 la base par le peuple marocain qui a \u00e9t\u00e9 mis devant le fait accompli\u00a0?<\/strong><\/span><\/p>\n<p style=\"text-align: justify;\"><span style=\"font-family: times new roman, times, serif; font-size: 14pt;\">A mon avis, la normalisation est l\u00e0 pour rester et pour se renforcer. Ce que pense le peuple marocain est sans importance pour le Makhzen. C\u2019est une d\u00e9cision royale. Qu\u2019aucune institution politique, syndicale, \u00e9conomique, financi\u00e8re, s\u00e9curitaire, n\u2019ose remettre en question. Qu\u2019est-ce qui a pouss\u00e9 le roi dans cette voie\u00a0? Il y a les raisons connues et celles que l\u2019on ne conna\u00eetra peut-\u00eatre jamais. J\u2019ai l\u2019impression d\u2019un coup de poker. Il faut que cette normalisation produise ses effets quitte \u00e0 s\u2019enfoncer dans l\u2019engrenage. Un retour en arri\u00e8re, ou un \u00e9chec, ou une trahison, serait d\u00e9sastreux pour la monarchie. Une perte de face ou de cr\u00e9dibilit\u00e9 terrible. D\u2019o\u00f9 cette fuite en avant qui offre le Maroc dans toutes ses composantes aux sionistes.<\/span><\/p>\n<p>&nbsp;<\/p>\n<p style=\"text-align: justify;\"><span style=\"font-family: times new roman, times, serif; font-size: 14pt;\"><strong>Ce s\u00e9isme d\u00e9vastateur et la mani\u00e8re controvers\u00e9e avec laquelle le pouvoir marocain a g\u00e9r\u00e9 la catastrophe va-t-il affaiblir la monarchie ?<\/strong><\/span><\/p>\n<p style=\"text-align: justify;\"><span style=\"font-family: times new roman, times, serif; font-size: 14pt;\">Je ne le crois pas. Le pays en a vu d\u2019autres. Et le souverain appara\u00eetra comme celui qui va panser les plaies et relancer l\u2019\u00e9conomie, le social, l\u2019unit\u00e9 et la stabilit\u00e9, jusqu\u2019au prochain drame. Le probl\u00e8me de la soci\u00e9t\u00e9 civile marocaine, comme on l\u2019a vu pour la normalisation avec le r\u00e9gime sioniste, c\u2019est qu\u2019elle n\u2019arrive pas \u00e0 se lib\u00e9rer de l\u2019emprise monarchique. Elle accepte son infantilisation et n\u2019ose pas secouer le joug. Lorsque Mohammed VI a acc\u00e9d\u00e9 au pouvoir, le leader d\u2019une association politico-religieuse, Al-\u2018Adl wa\u2019l Ihs\u00e2n, avait demand\u00e9 dans une lettre ouverte au jeune roi, le \u00abroi des pauvres\u00bb comme il s\u2019est pr\u00e9sent\u00e9, de rapatrier la fortune amass\u00e9e par son p\u00e8re et de la redistribuer. Toll\u00e9 dans toutes les institutions marocaines qui ont condamn\u00e9 un tel \u00abaffront\u00bb. Le roi reste le pivot intouchable, autant par les textes constitutionnels que par la pusillanimit\u00e9 de ses sujets.<\/span><\/p>\n<p>&nbsp;<\/p>\n<p style=\"text-align: justify;\"><span style=\"font-family: times new roman, times, serif; font-size: 14pt;\"><strong>Le Maroc a d\u2019abord annonc\u00e9 par la voie d\u2019un membre du gouvernement qu\u2019il acceptait l\u2019aide de l\u2019Alg\u00e9rie, trois gros porteurs charg\u00e9s d\u2019aides et de secouristes \u00e9taient pr\u00eats \u00e0 d\u00e9coller, jusqu\u2019\u00e0 ce qu\u2019une r\u00e9ponse n\u00e9gative parv\u00eent aux autorit\u00e9s alg\u00e9riennes. Que s\u2019est-il pass\u00e9\u00a0? Pourquoi ce revirement, d\u2019apr\u00e8s vous\u00a0?<\/strong><\/span><\/p>\n<p style=\"text-align: justify;\"><span style=\"font-family: times new roman, times, serif; font-size: 14pt;\">Je crois l\u2019avoir mentionn\u00e9 plus haut. Le roi pr\u00e9f\u00e8re priver les populations sinistr\u00e9es d\u2019une aide vitale plut\u00f4t que de permettre \u00e0 un pays\u00a0 \u00abennemi\u00bb de montrer sa solidarit\u00e9 et de lui reconna\u00eetre un \u00e9lan de g\u00e9n\u00e9rosit\u00e9.<\/span><\/p>\n<p>&nbsp;<\/p>\n<p style=\"text-align: justify;\"><span style=\"font-family: times new roman, times, serif; font-size: 14pt;\"><strong>Le Maroc a \u00e9galement refus\u00e9 l\u2019aide de la France. Qu\u2019est-ce qui explique cette rebuffade\u00a0?<\/strong><\/span><\/p>\n<p style=\"text-align: justify;\"><span style=\"font-family: times new roman, times, serif; font-size: 14pt;\">Entre la France et le Maroc, ou plut\u00f4t entre Macron et Mohammed VI, il y aurait d\u2019abord un litige d\u2019ordre personnel. Le souverain marocain aurait jur\u00e9 \u00e0 Macron ne pas l\u2019avoir \u00e9cout\u00e9 avec le logiciel d\u2019espionnage isra\u00e9lien Pegasus, mais ce dernier ne l\u2019aurait pas cru. Ce qui explique cet \u00e9change peu diplomatique lorsque le Palais royal avait fait savoir, pour d\u00e9mentir les propos de Macron, que les relations entre les deux pays et les deux chefs d\u2019Etat n\u2019\u00e9taient pas bonnes du tout. En refusant \u00e0 la France le \u00abprivil\u00e8ge\u00bb d\u2019apporter son aide, le roi exprimerait sa mauvaise humeur de voir la France r\u00e9ticente \u00e0 reconna\u00eetre la marocanit\u00e9 du Sahara Occidental.<\/span><\/p>\n<p>&nbsp;<\/p>\n<p style=\"text-align: justify;\"><span style=\"font-family: times new roman, times, serif; font-size: 14pt;\"><strong>Comment voyez-vous la suite des \u00e9v\u00e9nements\u00a0? Y aura-t-il des r\u00e9pliques politiques au s\u00e9isme, sachant que de tr\u00e8s nombreux Marocains expriment leur col\u00e8re car estimant que les victimes de la classe pauvre majoritaire, les laiss\u00e9s-pour-compte, ont \u00e9t\u00e9 abandonn\u00e9es\u00a0par le pouvoir central ?<\/strong><\/span><\/p>\n<p style=\"text-align: justify;\"><span style=\"font-family: times new roman, times, serif; font-size: 14pt;\">Pour les diverses raisons \u00e9voqu\u00e9es plus haut, je ne crois pas \u00e0 des r\u00e9pliques politiques au s\u00e9isme. Il y a, d\u2019une part, la r\u00e9signation des populations d\u00e9laiss\u00e9es face un pouvoir lointain et tout-puissant, et anim\u00e9es par ce sentiment de fatalit\u00e9 qui fait presque partie de leur ADN. Et, d\u2019autre part, c\u2019est un Etat puissant avec une administration tentaculaire et une justice implacable, soutenu par une propagande m\u00e9diatique quasiment \u00e0 sens unique et dont aucune institution politique ne remet la l\u00e9gitimit\u00e9 en cause.<\/span><\/p>\n<p>&nbsp;<\/p>\n<p style=\"text-align: left;\"><span style=\"font-family: times new roman, times, serif; font-size: 14pt;\">Source\u00a0: <a href=\"https:\/\/www.algeriepatriotique.com\/2023\/09\/15\/interview-jacob-cohen-le-maroc-ne-peut-plus-rien-refuser-a-letat-disrael\/\">https:\/\/www.algeriepatriotique.com\/2023\/09\/15\/interview-jacob-cohen-le-maroc-ne-peut-plus-rien-refuser-a-letat-disrael\/<\/a><\/span><\/p>\n<p>&nbsp;<\/p>\n<p style=\"text-align: left;\"><span style=\"font-family: times new roman, times, serif; font-size: 14pt;\"><strong>URL de\u00a0 cet article : <\/strong><a href=\"http:\/\/blog.lesgrossesorchadeslesamplesthalameges.fr\/index.php\/israel-au-maghreb\/\">http:\/\/blog.lesgrossesorchadeslesamplesthalameges.fr\/index.php\/israel-au-maghreb\/<\/a><strong><br \/>\n<\/strong><\/span><\/p>\n<p>&nbsp;<\/p>\n<p>&nbsp;<\/p>\n<p style=\"text-align: center;\"><em>\u00a0<a href=\"http:\/\/blog.lesgrossesorchadeslesamplesthalameges.fr\/index.php\/2023\/09\/09\/chili-11-septembre-1973-actualite-dun-coup-detat\/000-russep-x-44\/\" rel=\"attachment wp-att-23148\"><img loading=\"lazy\" class=\"alignnone size-full wp-image-23148\" src=\"http:\/\/blog.lesgrossesorchadeslesamplesthalameges.fr\/wp-content\/uploads\/2023\/09\/000.-russep-x-1.gif\" alt=\"\" width=\"50\" height=\"50\" \/><\/a><\/em><\/p>\n<p>&nbsp;<\/p>\n<p style=\"text-align: right;\"><span style=\"font-family: comic sans ms, sans-serif; font-size: 14pt;\">Septembre 2023<\/span><\/p>\n<p>&nbsp;<\/p>\n<p>&nbsp;<\/p>\n","protected":false},"excerpt":{"rendered":"<p>&nbsp; &nbsp; &nbsp; &nbsp; &nbsp; &nbsp; &nbsp; &nbsp; &nbsp; Isra\u00ebl au Maghreb &nbsp; &nbsp; &nbsp; Nous avons re\u00e7u ceci\u00a0: \u00a0 &nbsp; Le d\u00e9placement du repr\u00e9sentant isra\u00e9lien \u00e0 Rabat sur les lieux du drame avant celui du roi et des officiels marocains a soulev\u00e9 un toll\u00e9 g\u00e9n\u00e9ral. Dans le m\u00eame temps, la cha\u00eene i24 News r\u00e9v\u00e9lait&#8230;<\/p>\n","protected":false},"author":1,"featured_media":0,"parent":0,"menu_order":0,"comment_status":"closed","ping_status":"open","template":"","meta":[],"_links":{"self":[{"href":"https:\/\/blog.lesgrossesorchadeslesamplesthalameges.fr\/index.php\/wp-json\/wp\/v2\/pages\/23266"}],"collection":[{"href":"https:\/\/blog.lesgrossesorchadeslesamplesthalameges.fr\/index.php\/wp-json\/wp\/v2\/pages"}],"about":[{"href":"https:\/\/blog.lesgrossesorchadeslesamplesthalameges.fr\/index.php\/wp-json\/wp\/v2\/types\/page"}],"author":[{"embeddable":true,"href":"https:\/\/blog.lesgrossesorchadeslesamplesthalameges.fr\/index.php\/wp-json\/wp\/v2\/users\/1"}],"replies":[{"embeddable":true,"href":"https:\/\/blog.lesgrossesorchadeslesamplesthalameges.fr\/index.php\/wp-json\/wp\/v2\/comments?post=23266"}],"version-history":[{"count":11,"href":"https:\/\/blog.lesgrossesorchadeslesamplesthalameges.fr\/index.php\/wp-json\/wp\/v2\/pages\/23266\/revisions"}],"predecessor-version":[{"id":23277,"href":"https:\/\/blog.lesgrossesorchadeslesamplesthalameges.fr\/index.php\/wp-json\/wp\/v2\/pages\/23266\/revisions\/23277"}],"wp:attachment":[{"href":"https:\/\/blog.lesgrossesorchadeslesamplesthalameges.fr\/index.php\/wp-json\/wp\/v2\/media?parent=23266"}],"curies":[{"name":"wp","href":"https:\/\/api.w.org\/{rel}","templated":true}]}}