{"id":23279,"date":"2023-09-17T19:41:05","date_gmt":"2023-09-17T17:41:05","guid":{"rendered":"http:\/\/blog.lesgrossesorchadeslesamplesthalameges.fr\/?page_id=23279"},"modified":"2023-09-17T19:42:58","modified_gmt":"2023-09-17T17:42:58","slug":"jean-ferrat","status":"publish","type":"page","link":"https:\/\/blog.lesgrossesorchadeslesamplesthalameges.fr\/index.php\/jean-ferrat\/","title":{"rendered":"Jean Ferrat"},"content":{"rendered":"<p>&nbsp;<\/p>\n<p>&nbsp;<\/p>\n<p>&nbsp;<\/p>\n<p>&nbsp;<\/p>\n<p>&nbsp;<\/p>\n<p>&nbsp;<\/p>\n<p>&nbsp;<\/p>\n<p>&nbsp;<\/p>\n<p><span style=\"font-family: times new roman, times, serif; font-size: 24pt; color: #c00000;\"><strong><em>Jean Ferrat<\/em><\/strong><\/span><\/p>\n<p>&nbsp;<\/p>\n<p><a href=\"http:\/\/blog.lesgrossesorchadeslesamplesthalameges.fr\/index.php\/jean-ferrat\/un-27-ferrat-27-ferrat\/\" rel=\"attachment wp-att-23281\"><img loading=\"lazy\" class=\"alignnone wp-image-23281\" src=\"http:\/\/blog.lesgrossesorchadeslesamplesthalameges.fr\/wp-content\/uploads\/2023\/09\/UN.-27-FERRAT.-27-FERRAT-300x225.jpg\" alt=\"\" width=\"400\" height=\"300\" srcset=\"https:\/\/blog.lesgrossesorchadeslesamplesthalameges.fr\/wp-content\/uploads\/2023\/09\/UN.-27-FERRAT.-27-FERRAT-300x225.jpg 300w, https:\/\/blog.lesgrossesorchadeslesamplesthalameges.fr\/wp-content\/uploads\/2023\/09\/UN.-27-FERRAT.-27-FERRAT.jpg 500w\" sizes=\"(max-width: 400px) 100vw, 400px\" \/><\/a><\/p>\n<p><span style=\"font-family: times new roman, times, serif; font-size: 14pt;\"><strong><em>\u00a0<\/em><\/strong><\/span><\/p>\n<p><span style=\"font-family: times new roman, times, serif; font-size: 14pt;\"><strong>\u00a0<\/strong><\/span><\/p>\n<p style=\"text-align: center;\"><span style=\"font-family: times new roman, times, serif; font-size: 24pt;\"><strong>Ma France<\/strong><\/span><\/p>\n<p><span style=\"font-family: times new roman, times, serif; font-size: 14pt;\"><strong>\u00a0<\/strong><\/span><\/p>\n<p style=\"padding-left: 200px;\"><span style=\"font-family: times new roman, times, serif; font-size: 14pt;\">De plaines en for\u00eats de vallons en collines<\/span><br \/>\n<span style=\"font-family: times new roman, times, serif; font-size: 14pt;\">Du printemps qui va na\u00eetre \u00e0 tes mortes saisons<\/span><br \/>\n<span style=\"font-family: times new roman, times, serif; font-size: 14pt;\">De ce que j&rsquo;ai v\u00e9cu \u00e0 ce que j&rsquo;imagine<\/span><br \/>\n<span style=\"font-family: times new roman, times, serif; font-size: 14pt;\">Je n&rsquo;en finirais pas d&rsquo;\u00e9crire ta chanson<\/span><br \/>\n<span style=\"font-family: times new roman, times, serif; font-size: 14pt;\">Ma France<\/span><\/p>\n<p style=\"padding-left: 200px;\"><span style=\"font-family: times new roman, times, serif; font-size: 14pt;\">Au grand soleil d&rsquo;\u00e9t\u00e9 qui courbe la Provence<\/span><br \/>\n<span style=\"font-family: times new roman, times, serif; font-size: 14pt;\">Des gen\u00eats de Bretagne aux bruy\u00e8res d&rsquo;Ard\u00e8che<\/span><br \/>\n<span style=\"font-family: times new roman, times, serif; font-size: 14pt;\">Quelque chose dans l&rsquo;air a cette transparence<\/span><br \/>\n<span style=\"font-family: times new roman, times, serif; font-size: 14pt;\">Et ce go\u00fbt du bonheur qui rend ma l\u00e8vre s\u00e8che<\/span><br \/>\n<span style=\"font-family: times new roman, times, serif; font-size: 14pt;\">Ma France<\/span><\/p>\n<p style=\"padding-left: 200px;\"><span style=\"font-family: times new roman, times, serif; font-size: 14pt;\">Cet air de libert\u00e9 au-del\u00e0 des fronti\u00e8res<\/span><br \/>\n<span style=\"font-family: times new roman, times, serif; font-size: 14pt;\">Aux peuples \u00e9trangers qui donnaient le vertige<\/span><br \/>\n<span style=\"font-family: times new roman, times, serif; font-size: 14pt;\">Et dont vous usurpez aujourd&rsquo;hui le prestige<\/span><br \/>\n<span style=\"font-family: times new roman, times, serif; font-size: 14pt;\">Elle r\u00e9pond toujours du nom de Robespierre<\/span><br \/>\n<span style=\"font-family: times new roman, times, serif; font-size: 14pt;\">Ma France<\/span><\/p>\n<p style=\"padding-left: 200px;\"><span style=\"font-family: times new roman, times, serif; font-size: 14pt;\">Celle du vieil Hugo tonnant de son exil<\/span><br \/>\n<span style=\"font-family: times new roman, times, serif; font-size: 14pt;\">Des enfants de cinq ans travaillant dans les mines<\/span><br \/>\n<span style=\"font-family: times new roman, times, serif; font-size: 14pt;\">Celle qui construisit de ses mains vos usines<\/span><br \/>\n<span style=\"font-family: times new roman, times, serif; font-size: 14pt;\">Celle dont monsieur Thiers a dit qu&rsquo;on la fusille<\/span><br \/>\n<span style=\"font-family: times new roman, times, serif; font-size: 14pt;\">Ma France<\/span><\/p>\n<p style=\"padding-left: 200px;\"><span style=\"font-family: times new roman, times, serif; font-size: 14pt;\">Picasso tient le monde au bout de sa palette<\/span><br \/>\n<span style=\"font-family: times new roman, times, serif; font-size: 14pt;\">Des l\u00e8vres d&rsquo;\u00c9luard s&rsquo;envolent des colombes<\/span><br \/>\n<span style=\"font-family: times new roman, times, serif; font-size: 14pt;\">Ils n&rsquo;en finissent pas tes artistes proph\u00e8tes<\/span><br \/>\n<span style=\"font-family: times new roman, times, serif; font-size: 14pt;\">De dire qu&rsquo;il est temps que le malheur succombe<\/span><br \/>\n<span style=\"font-family: times new roman, times, serif; font-size: 14pt;\">Ma France<\/span><\/p>\n<p style=\"padding-left: 200px;\"><span style=\"font-family: times new roman, times, serif; font-size: 14pt;\">Leurs voix se multiplient \u00e0 n&rsquo;en plus faire qu&rsquo;une<\/span><br \/>\n<span style=\"font-family: times new roman, times, serif; font-size: 14pt;\">Celle qui paie toujours vos crimes vos erreurs<\/span><br \/>\n<span style=\"font-family: times new roman, times, serif; font-size: 14pt;\">En remplissant l&rsquo;histoire et ses fosses communes<\/span><br \/>\n<span style=\"font-family: times new roman, times, serif; font-size: 14pt;\">Que je chante \u00e0 jamais celle des travailleurs<\/span><br \/>\n<span style=\"font-family: times new roman, times, serif; font-size: 14pt;\">Ma France<\/span><\/p>\n<p style=\"padding-left: 200px;\"><span style=\"font-family: times new roman, times, serif; font-size: 14pt;\">Celle qui ne poss\u00e8de en or que ses nuits blanches<\/span><br \/>\n<span style=\"font-family: times new roman, times, serif; font-size: 14pt;\">Pour la lutte obstin\u00e9e de ce temps quotidien<\/span><br \/>\n<span style=\"font-family: times new roman, times, serif; font-size: 14pt;\">Du journal que l&rsquo;on vend le matin d&rsquo;un dimanche<\/span><br \/>\n<span style=\"font-family: times new roman, times, serif; font-size: 14pt;\">A l&rsquo;affiche qu&rsquo;on colle au mur du lendemain<\/span><br \/>\n<span style=\"font-family: times new roman, times, serif; font-size: 14pt;\">Ma France<\/span><\/p>\n<p style=\"padding-left: 200px;\"><span style=\"font-family: times new roman, times, serif; font-size: 14pt;\">Qu&rsquo;elle monte des mines descende des collines<\/span><br \/>\n<span style=\"font-family: times new roman, times, serif; font-size: 14pt;\">Celle qui chante en moi la belle la rebelle<\/span><br \/>\n<span style=\"font-family: times new roman, times, serif; font-size: 14pt;\">Elle tient l&rsquo;avenir, serr\u00e9 dans ses mains fines<\/span><br \/>\n<span style=\"font-family: times new roman, times, serif; font-size: 14pt;\">Celle de trente-six \u00e0 soixante-huit chandelles<\/span><br \/>\n<span style=\"font-family: times new roman, times, serif; font-size: 14pt;\">Ma France<\/span><\/p>\n<p>&nbsp;<\/p>\n<p>&nbsp;<\/p>\n<p><span style=\"font-family: times new roman, times, serif; font-size: 18pt; color: #c00000;\"><strong><em>Un peu d\u2019histoire, tiens, pendant qu\u2019on y est\u00a0:<\/em><\/strong><\/span><\/p>\n<p><span style=\"font-family: times new roman, times, serif; font-size: 14pt;\"><strong><em>\u00a0<\/em><\/strong><\/span><\/p>\n<p style=\"text-align: center;\"><strong><span style=\"font-family: times new roman, times, serif; font-size: 24pt;\">L&rsquo;histoire de la chanson censur\u00e9e de Jean Ferrat contre un \u00e9dito de Jean d&rsquo;Ormesson<\/span><\/strong><\/p>\n<p>&nbsp;<\/p>\n<p style=\"text-align: center;\"><span style=\"font-family: times new roman, times, serif; font-size: 16pt;\"><a href=\"https:\/\/www.slate.fr\/source\/111695\/claude-askolovitch\">Claude Askolovitch<\/a> \u2014 5 d\u00e9cembre 2017<\/span><\/p>\n<p style=\"text-align: center;\"><a href=\"http:\/\/blog.lesgrossesorchadeslesamplesthalameges.fr\/index.php\/jean-ferrat\/000-vers-le-bas-fleche-rouge-gif-copie-copie\/\" rel=\"attachment wp-att-23282\"><img loading=\"lazy\" class=\"alignnone size-full wp-image-23282\" src=\"http:\/\/blog.lesgrossesorchadeslesamplesthalameges.fr\/wp-content\/uploads\/2023\/09\/000.-vers-le-bas-fleche-rouge-GIF-Copie-Copie.gif\" alt=\"\" width=\"100\" height=\"100\" \/><\/a><\/p>\n<p style=\"text-align: center;\"><span style=\"font-family: times new roman, times, serif; font-size: 14pt;\"><a href=\"https:\/\/www.slate.fr\/story\/154793\/jean-dormesson-contre-jean-ferrat-les-deux-france-des-annees-1970\"><strong>https:\/\/www.slate.fr\/story\/154793\/jean-dormesson-contre-jean-ferrat-les-deux-france-des-annees-1970<\/strong><\/a><\/span><\/p>\n<p>&nbsp;<\/p>\n<p>&nbsp;<\/p>\n<p style=\"text-align: justify;\"><span style=\"font-family: times new roman, times, serif; font-size: 14pt;\">Disons-le tout de suite, on ne partage pas l\u2019indulgence d\u2019Askolovitch pour Jean d\u2019Ormesson (\u00ab\u00a0La mort n\u2019est pas une excuse\u00a0\u00bb, Vall\u00e8s).<\/span><\/p>\n<p style=\"text-align: justify;\"><span style=\"font-family: times new roman, times, serif; font-size: 14pt;\">Ce qu\u2019assez peu de gens savent, c\u2019est que d\u2019Ormesson descendait d\u2019un irr\u00e9prochable r\u00e9volutionnaire\u00a0: Michel Lepeletier de Saint-Fargeau.<\/span><\/p>\n<p style=\"text-align: justify;\"><span style=\"font-family: times new roman, times, serif; font-size: 14pt;\">Ils \u00e9taiet deux fr\u00e8res, Michel, d\u00e9put\u00e9 de la noblesse aux \u00c9tats G\u00e9n\u00e9raux, ensuite d\u00e9put\u00e9 de l\u2019Yonne \u00e0 la Convention, qui serait assassin\u00e9 la veille de la mort du roi, et F\u00e9lix, qui lui survivrait jusqu\u2019en 1815.<\/span><\/p>\n<p style=\"text-align: justify;\"><span style=\"font-family: times new roman, times, serif; font-size: 14pt;\">On sait que Michel, chef du parti de la noblesse, a \u00e9t\u00e9 assassin\u00e9 le 20 janvier 1793 pour avoir vot\u00e9 et fait voter par son groupe, la mort imm\u00e9diate du roi (guillotin\u00e9 le lendemain).<\/span><\/p>\n<p style=\"text-align: justify;\"><span style=\"font-family: times new roman, times, serif; font-size: 14pt;\">Le fr\u00e8re cadet a suivi les traces de son a\u00een\u00e9, au point de participer plus tard \u00e0 la Conjuration des \u00c9gaux, de Gracchus Babeuf, et de prendre en charge, apr\u00e8s son propre acquittement au proc\u00e8s de Vend\u00f4me, la famille du tribun guillotin\u00e9 et d\u2019adopter son fils a\u00een\u00e9, \u00c9mile.<\/span><\/p>\n<p style=\"text-align: justify;\"><span style=\"font-family: times new roman, times, serif; font-size: 14pt;\">Aussit\u00f4t apr\u00e8s le meurtre de son fr\u00e8re, F\u00e9lix avait remis \u00e0 Robespierre le <em>Plan d\u2019\u00c9ducation Nationale<\/em> dont Michel, \u00e0 la demande de l\u2019Incorruptible,\u00a0\u00e9tait l\u2019auteur et qu\u2019il n\u2019avait pas eu le temps de d\u00e9fendre \u00e0 l\u2019Assembl\u00e9e. C\u2019est donc Robespierre qui, profitant de l\u2019assassinat de Marat (question de timing\u00a0!) l\u2019a fait voter \u00e0 l\u2019unanimit\u00e9 le 13 juillet 1793, \u00e0 moins que notre m\u00e9moire flanche.<\/span><\/p>\n<p style=\"text-align: justify;\"><span style=\"font-family: times new roman, times, serif; font-size: 14pt;\">Apr\u00e8s Thermidor, d\u2019engagement en condamnation, Felix Lepeletier a m\u00eame failli se retrouver \u00e0 casser des cailloux \u00e0 Cayenne\u00a0:<\/span><\/p>\n<p>&nbsp;<\/p>\n<p style=\"text-align: justify; padding-left: 160px;\"><span style=\"font-family: times new roman, times, serif; font-size: 12pt;\">\u00ab\u00a0Apr\u00e8s le coup d&rsquo;\u00c9tat du 18 brumaire, qui conduit Bonaparte au pouvoir, la r\u00e9pression s&rsquo;abat sur les milieux jacobins. Soixante d\u00e9put\u00e9s sont destitu\u00e9s, la presse patriote musel\u00e9e, les clubs ferm\u00e9s. Avec 36 autres d\u00e9mocrates, dont quatre d\u00e9put\u00e9s, Lepeletier est condamn\u00e9 \u00e0 la d\u00e9portation \u00e0 Cayenne, tandis que 22 autres, dont nombre de d\u00e9put\u00e9s, sont exil\u00e9s en province ; cette derni\u00e8re mesure est finalement abandonn\u00e9e. En revanche, il est bien compris sur les listes de d\u00e9portation apr\u00e8s l&rsquo;attentat de la rue Saint-Nicaise du 3 <a href=\"https:\/\/fr.wikipedia.org\/wiki\/Niv%C3%B4se\">niv\u00f4se<\/a> <a href=\"https:\/\/fr.wikipedia.org\/wiki\/An_IX\">an IX<\/a> (24 d\u00e9cembre 1800)\u00a0; dans l&rsquo;entretemps, il avait os\u00e9 organiser dans sa terre de Bacqueville une colonie de r\u00e9publicains \u00ab\u00a0purs\u00a0\u00bb avec Antonelle. Arr\u00eat\u00e9 le 14 niv\u00f4se an IX (4 janvier 1801), il est transf\u00e9r\u00e9 \u00e0 l&rsquo;\u00eele de R\u00e9. De retour en 1803 \u00e0 Paris, o\u00f9 sa pr\u00e9sence inqui\u00e8te assez les autorit\u00e9s pour qu&rsquo;il soit enferm\u00e9 au Temple, il est envoy\u00e9 en r\u00e9sidence surveill\u00e9e \u00e0 Gen\u00e8ve, o\u00f9 il parvient malgr\u00e9 tout \u00e0 se rapprocher de la Soci\u00e9t\u00e9 des Philadelphes, oppos\u00e9e au r\u00e9gime bonapartiste. En d\u00e9cembre 1804, il b\u00e9n\u00e9ficie d&rsquo;une amnistie lors du sacre de Napol\u00e9on, mais refuse la L\u00e9gion d&rsquo;honneur que Carnot lui a fait offrir.\u00a0\u00bb (Wikipedia)<\/span><\/p>\n<p>&nbsp;<\/p>\n<p style=\"text-align: justify;\"><span style=\"font-family: times new roman, times, serif; font-size: 14pt;\">Pourquoi vous racontons-nous tout ceci\u00a0? Parce que Jean-Louis David avait peint un tableau repr\u00e9sentant Michel assassin\u00e9 et que la propre fille du martyr, \u00e9migr\u00e9e \u00e0 Coblence, l\u2019a fait plus tard acheter \u00e0 grand prix pour pouvoir le br\u00fbler.<\/span><\/p>\n<p style=\"text-align: justify;\"><span style=\"font-family: times new roman, times, serif; font-size: 14pt;\">Il restait un croquis partiel, \u00e9galement de la main de David\u00a0:<\/span><\/p>\n<p>&nbsp;<\/p>\n<p>&nbsp;<\/p>\n<p style=\"text-align: center;\"><a href=\"http:\/\/blog.lesgrossesorchadeslesamplesthalameges.fr\/index.php\/jean-ferrat\/un-28-lepeletier\/\" rel=\"attachment wp-att-23283\"><img loading=\"lazy\" class=\"alignnone wp-image-23283\" src=\"http:\/\/blog.lesgrossesorchadeslesamplesthalameges.fr\/wp-content\/uploads\/2023\/09\/UN.-28-LEPELETIER.jpg\" alt=\"\" width=\"350\" height=\"468\" \/><\/a><\/p>\n<p>&nbsp;<\/p>\n<p>&nbsp;<\/p>\n<p><span style=\"font-family: times new roman, times, serif; font-size: 14pt;\">Le d\u00e9licieux d\u2019Ormesson l\u2019avait accroch\u00e9 dans ses chiottes et s\u2019en vantait dans les salons.<\/span><\/p>\n<p><span style=\"font-family: times new roman, times, serif; font-size: 14pt;\">Il y a noblesse et noblesse.<\/span><\/p>\n<p>&nbsp;<\/p>\n<p>&nbsp;<\/p>\n<p style=\"text-align: center;\"><span style=\"font-family: times new roman, times, serif; font-size: 14pt;\"><iframe loading=\"lazy\" title=\"YouTube video player\" src=\"\/\/www.youtube.com\/embed\/GVoVHvCToFA?si=p5fk1uxvwmBUiKvn\" width=\"560\" height=\"315\" frameborder=\"0\" allowfullscreen=\"allowfullscreen\"><\/iframe><\/span><\/p>\n<p>&nbsp;<\/p>\n<p>&nbsp;<\/p>\n<h1 style=\"text-align: center;\"><span style=\"font-family: times new roman, times, serif; font-size: 24pt;\"><strong>Un air de libert\u00e9<\/strong><\/span><\/h1>\n<p>&nbsp;<\/p>\n<p style=\"padding-left: 160px;\"><span style=\"font-family: times new roman, times, serif; font-size: 14pt;\">Les guerres du mensonge, les guerres coloniales<\/span><br \/>\n<span style=\"font-family: times new roman, times, serif; font-size: 14pt;\">C\u2019est vous et vos pareils qui en \u00eates tuteurs.<\/span><br \/>\n<span style=\"font-family: times new roman, times, serif; font-size: 14pt;\">Quand vous les approuviez \u00e0 longueur de journal<\/span><br \/>\n<span style=\"font-family: times new roman, times, serif; font-size: 14pt;\">Votre plume signait trente ann\u00e9es de malheur.<\/span><\/p>\n<p style=\"padding-left: 160px;\"><span style=\"font-family: times new roman, times, serif; font-size: 14pt;\">La terre n\u2019aime pas le sang ni les ordures,<\/span><br \/>\n<span style=\"font-family: times new roman, times, serif; font-size: 14pt;\">Agrippa d\u2019Aubign\u00e9 le disait en son temps<\/span><br \/>\n<span style=\"font-family: times new roman, times, serif; font-size: 14pt;\">Votre cause d\u00e9j\u00e0 sentait la pourriture,<\/span><br \/>\n<span style=\"font-family: times new roman, times, serif; font-size: 14pt;\">Et c\u2019est ce fumet-l\u00e0 que vous trouvez plaisant<\/span><\/p>\n<p style=\"padding-left: 160px;\"><span style=\"font-family: times new roman, times, serif; font-size: 14pt;\">Ah, monsieur d\u2019Ormesson<\/span><br \/>\n<span style=\"font-family: times new roman, times, serif; font-size: 14pt;\">Vous osez d\u00e9clarer<\/span><br \/>\n<span style=\"font-family: times new roman, times, serif; font-size: 14pt;\">Qu\u2019un air de libert\u00e9<\/span><br \/>\n<span style=\"font-family: times new roman, times, serif; font-size: 14pt;\">Flottait sur Sa\u00efgon<\/span><br \/>\n<span style=\"font-family: times new roman, times, serif; font-size: 14pt;\">Avant que cette ville s\u2019appelle Ville Ho-Chi-Minh<\/span><\/p>\n<p style=\"padding-left: 160px;\"><span style=\"font-family: times new roman, times, serif; font-size: 14pt;\">Allong\u00e9s sur les rails, nous arr\u00eations les trains.<\/span><br \/>\n<span style=\"font-family: times new roman, times, serif; font-size: 14pt;\">Pour vous et vos pareils, nous \u00e9tions la vermine<\/span><br \/>\n<span style=\"font-family: times new roman, times, serif; font-size: 14pt;\">Sur qui vos policiers pouvaient taper sans frein,<\/span><br \/>\n<span style=\"font-family: times new roman, times, serif; font-size: 14pt;\">Mais les rues r\u00e9sonnaient de \u00ab\u00a0paix en Indochine\u00a0!\u00a0\u00bb<\/span><\/p>\n<p style=\"padding-left: 160px;\"><span style=\"font-family: times new roman, times, serif; font-size: 14pt;\">Nous disions que la guerre \u00e9tait perdue d\u2019avance,<\/span><br \/>\n<span style=\"font-family: times new roman, times, serif; font-size: 14pt;\">Et cent mille Fran\u00e7ais allaient mourir en vain,<\/span><br \/>\n<span style=\"font-family: times new roman, times, serif; font-size: 14pt;\">Contre un peuple luttant pour son ind\u00e9pendance.<\/span><br \/>\n<span style=\"font-family: times new roman, times, serif; font-size: 14pt;\">Oui, vous avez un peu de ce sang sur les mains<\/span><\/p>\n<p style=\"padding-left: 160px;\"><span style=\"font-family: times new roman, times, serif; font-size: 14pt;\">Ah monsieur d\u2019Ormesson<\/span><br \/>\n<span style=\"font-family: times new roman, times, serif; font-size: 14pt;\">Vous osez d\u00e9clarer<\/span><br \/>\n<span style=\"font-family: times new roman, times, serif; font-size: 14pt;\">Qu\u2019un air de libert\u00e9<\/span><br \/>\n<span style=\"font-family: times new roman, times, serif; font-size: 14pt;\">Flottait sur Sa\u00efgon<\/span><br \/>\n<span style=\"font-family: times new roman, times, serif; font-size: 14pt;\">Avant que cette ville s\u2019appelle Ville Ho-Chi-Minh<\/span><\/p>\n<p style=\"padding-left: 160px;\"><span style=\"font-family: times new roman, times, serif; font-size: 14pt;\">Apr\u00e8s trente ans de faim, de souffrance et de larmes,<\/span><br \/>\n<span style=\"font-family: times new roman, times, serif; font-size: 14pt;\">Des millions d\u2019hectares de terre d\u00e9foli\u00e9s,<\/span><br \/>\n<span style=\"font-family: times new roman, times, serif; font-size: 14pt;\">Un g\u00e9nocide vain perp\u00e9tr\u00e9 au Vi\u00eat-Nam.<\/span><br \/>\n<span style=\"font-family: times new roman, times, serif; font-size: 14pt;\">Quand le canon se tait, vous, vous continuez.<\/span><\/p>\n<p style=\"padding-left: 160px;\"><span style=\"font-family: times new roman, times, serif; font-size: 14pt;\">Mais regardez-vous donc un matin dans la glace\u00a0!<\/span><br \/>\n<span style=\"font-family: times new roman, times, serif; font-size: 14pt;\">Patron du <em>Figaro,<\/em> songez \u00e0 Beaumarchais.<\/span><br \/>\n<span style=\"font-family: times new roman, times, serif; font-size: 14pt;\">Il saute de sa tombe en faisant la grimace.<\/span><br \/>\n<span style=\"font-family: times new roman, times, serif; font-size: 14pt;\">Les ma\u00eetres ont encore une \u00e2me de valet.<\/span><\/p>\n<p>&nbsp;<\/p>\n<p><span style=\"font-family: times new roman, times, serif; font-size: 14pt;\">Incidemment, Jean Ferrat \u00e9tait aussi juif que Tchouba\u00efs, Kolomo\u00efski ou Zelinski.<br \/>\n<\/span><\/p>\n<p><span style=\"font-family: times new roman, times, serif; font-size: 14pt;\">Il y a juifs et juifs.<\/span><\/p>\n<p>&nbsp;<\/p>\n<p>&nbsp;<\/p>\n<p style=\"text-align: center;\"><a href=\"http:\/\/blog.lesgrossesorchadeslesamplesthalameges.fr\/index.php\/2023\/09\/09\/chili-11-septembre-1973-actualite-dun-coup-detat\/000-russep-x-44\/\" rel=\"attachment wp-att-23148\"><img loading=\"lazy\" class=\"alignnone size-full wp-image-23148\" src=\"http:\/\/blog.lesgrossesorchadeslesamplesthalameges.fr\/wp-content\/uploads\/2023\/09\/000.-russep-x-1.gif\" alt=\"\" width=\"50\" height=\"50\" \/><\/a><\/p>\n<p>&nbsp;<\/p>\n<p>&nbsp;<\/p>\n<p><span style=\"font-family: times new roman, times, serif; font-size: 14pt;\"><strong>URL de cet article : <\/strong><a href=\"http:\/\/blog.lesgrossesorchadeslesamplesthalameges.fr\/index.php\/jean-ferrat\/\">http:\/\/blog.lesgrossesorchadeslesamplesthalameges.fr\/index.php\/jean-ferrat\/<\/a><strong><br \/>\n<\/strong><\/span><\/p>\n<p>&nbsp;<\/p>\n<p>&nbsp;<\/p>\n<p style=\"text-align: right;\"><span style=\"font-family: comic sans ms, sans-serif; font-size: 14pt;\">Septembre 2023<\/span><\/p>\n<p>&nbsp;<\/p>\n","protected":false},"excerpt":{"rendered":"<p>&nbsp; &nbsp; &nbsp; &nbsp; &nbsp; &nbsp; &nbsp; &nbsp; Jean Ferrat &nbsp; \u00a0 \u00a0 Ma France \u00a0 De plaines en for\u00eats de vallons en collines Du printemps qui va na\u00eetre \u00e0 tes mortes saisons De ce que j&rsquo;ai v\u00e9cu \u00e0 ce que j&rsquo;imagine Je n&rsquo;en finirais pas d&rsquo;\u00e9crire ta chanson Ma France Au grand soleil d&rsquo;\u00e9t\u00e9&#8230;<\/p>\n","protected":false},"author":1,"featured_media":0,"parent":0,"menu_order":0,"comment_status":"open","ping_status":"open","template":"","meta":[],"_links":{"self":[{"href":"https:\/\/blog.lesgrossesorchadeslesamplesthalameges.fr\/index.php\/wp-json\/wp\/v2\/pages\/23279"}],"collection":[{"href":"https:\/\/blog.lesgrossesorchadeslesamplesthalameges.fr\/index.php\/wp-json\/wp\/v2\/pages"}],"about":[{"href":"https:\/\/blog.lesgrossesorchadeslesamplesthalameges.fr\/index.php\/wp-json\/wp\/v2\/types\/page"}],"author":[{"embeddable":true,"href":"https:\/\/blog.lesgrossesorchadeslesamplesthalameges.fr\/index.php\/wp-json\/wp\/v2\/users\/1"}],"replies":[{"embeddable":true,"href":"https:\/\/blog.lesgrossesorchadeslesamplesthalameges.fr\/index.php\/wp-json\/wp\/v2\/comments?post=23279"}],"version-history":[{"count":10,"href":"https:\/\/blog.lesgrossesorchadeslesamplesthalameges.fr\/index.php\/wp-json\/wp\/v2\/pages\/23279\/revisions"}],"predecessor-version":[{"id":23292,"href":"https:\/\/blog.lesgrossesorchadeslesamplesthalameges.fr\/index.php\/wp-json\/wp\/v2\/pages\/23279\/revisions\/23292"}],"wp:attachment":[{"href":"https:\/\/blog.lesgrossesorchadeslesamplesthalameges.fr\/index.php\/wp-json\/wp\/v2\/media?parent=23279"}],"curies":[{"name":"wp","href":"https:\/\/api.w.org\/{rel}","templated":true}]}}