{"id":23294,"date":"2023-09-17T19:59:30","date_gmt":"2023-09-17T17:59:30","guid":{"rendered":"http:\/\/blog.lesgrossesorchadeslesamplesthalameges.fr\/?page_id=23294"},"modified":"2023-09-17T20:32:10","modified_gmt":"2023-09-17T18:32:10","slug":"gros-titres-des-merdias-belges-pour-la-seule-journee-du-15-9-2023","status":"publish","type":"page","link":"https:\/\/blog.lesgrossesorchadeslesamplesthalameges.fr\/index.php\/gros-titres-des-merdias-belges-pour-la-seule-journee-du-15-9-2023\/","title":{"rendered":"Gros titres des merdias belges pour la seule journ\u00e9e du 15\/9\/2023"},"content":{"rendered":"<p>&nbsp;<\/p>\n<p><strong><em>\u00a0<\/em><\/strong><\/p>\n<p>&nbsp;<\/p>\n<p><span style=\"font-family: times new roman, times, serif; font-size: 14pt;\"><strong><em>\u00a0 \u00a0\u00a0\u00a0\u00a0<\/em><\/strong><\/span><\/p>\n<p><span style=\"font-family: times new roman, times, serif; font-size: 14pt;\"><strong><em>\u00a0<\/em><\/strong><\/span><\/p>\n<p><span style=\"font-family: times new roman, times, serif; font-size: 14pt;\"><strong>\u00a0<\/strong><\/span><\/p>\n<p>&nbsp;<\/p>\n<p>&nbsp;<\/p>\n<p>&nbsp;<\/p>\n<p style=\"text-align: center;\"><a href=\"http:\/\/blog.lesgrossesorchadeslesamplesthalameges.fr\/index.php\/2023\/09\/17\/neocons-a-la-russe\/euroflag-3\/\" rel=\"attachment wp-att-23217\"><img loading=\"lazy\" class=\"alignnone wp-image-23217\" src=\"http:\/\/blog.lesgrossesorchadeslesamplesthalameges.fr\/wp-content\/uploads\/2023\/09\/EUROFLAG-3.-300x271.jpg\" alt=\"\" width=\"400\" height=\"361\" srcset=\"https:\/\/blog.lesgrossesorchadeslesamplesthalameges.fr\/wp-content\/uploads\/2023\/09\/EUROFLAG-3.-300x271.jpg 300w, https:\/\/blog.lesgrossesorchadeslesamplesthalameges.fr\/wp-content\/uploads\/2023\/09\/EUROFLAG-3..jpg 387w\" sizes=\"(max-width: 400px) 100vw, 400px\" \/><\/a><\/p>\n<p>&nbsp;<\/p>\n<p style=\"text-align: center;\"><a href=\"http:\/\/blog.lesgrossesorchadeslesamplesthalameges.fr\/index.php\/2023\/09\/17\/neocons-a-la-russe\/euroflag-2\/\" rel=\"attachment wp-att-23218\"><img loading=\"lazy\" class=\"alignnone size-full wp-image-23218\" src=\"http:\/\/blog.lesgrossesorchadeslesamplesthalameges.fr\/wp-content\/uploads\/2023\/09\/EUROFLAG-2.jpg\" alt=\"\" width=\"273\" height=\"184\" \/><\/a> \u00a0\u00a0 \u00a0 \u00a0 \u00a0 \u00a0 \u00a0 \u00a0 <a href=\"http:\/\/blog.lesgrossesorchadeslesamplesthalameges.fr\/index.php\/2023\/09\/17\/neocons-a-la-russe\/euroflag-1\/\" rel=\"attachment wp-att-23219\"><img loading=\"lazy\" class=\"alignnone size-full wp-image-23219\" src=\"http:\/\/blog.lesgrossesorchadeslesamplesthalameges.fr\/wp-content\/uploads\/2023\/09\/EUROFLAG-1.jpg\" alt=\"\" width=\"275\" height=\"183\" \/><\/a><\/p>\n<p>&nbsp;<\/p>\n<p>&nbsp;<\/p>\n<p>&nbsp;<\/p>\n<p style=\"text-align: center;\"><span style=\"font-family: times new roman, times, serif; font-size: 36pt;\"><strong>Gros titres des merdias belges pour la seule journ\u00e9e du 15\/9\/2023<\/strong><\/span><\/p>\n<p>&nbsp;<\/p>\n<p>&nbsp;<\/p>\n<p>&nbsp;<\/p>\n<p><span style=\"font-family: times new roman, times, serif; font-size: 14pt;\"><a href=\"https:\/\/www.msn.com\/fr-be\/actualite\/other\/apr%C3%A8s-l-invasion-de-l-ukraine-nous-envahirons-le-reste-de-l-europe\/ar-AA1gIiXb?ocid=msedgdhp&amp;pc=EDGEXST&amp;cvid=48a2846c22e7423a8f3aaa2692463342&amp;ei=12\">\u00ab\u00a0Apr\u00e8s l\u2019invasion de l\u2019Ukraine, nous envahirons le reste de l\u2019Europe\u00a0\u00bb (msn.com)<\/a><\/span><\/p>\n<p><span style=\"font-family: times new roman, times, serif; font-size: 14pt;\"><a href=\"https:\/\/www.msn.com\/fr-be\/actualite\/other\/alors-que-l-ukraine-se-rapproche-de-la-victoire-doit-on-s-inqui%C3%A9ter-de-la-d%C3%A9faite-de-la-russie\/ss-AA1gKvz6?ocid=msedgdhp&amp;pc=EDGEXST&amp;cvid=bfc2668eae2f4410ab31a5c43e6206c5&amp;ei=12\">Alors que l&rsquo;Ukraine se rapproche de la victoire, doit-on s&rsquo;inqui\u00e9ter de la d\u00e9faite de la Russie ? (msn.com)<\/a><\/span><\/p>\n<p><span style=\"font-family: times new roman, times, serif; font-size: 14pt;\"><a href=\"https:\/\/www.msn.com\/fr-be\/actualite\/other\/kim-jong-un-craint-d-%C3%AAtre-irradi%C3%A9-par-son-si%C3%A8ge-video\/ar-AA1gKW3P?ocid=msedgntp&amp;cvid=09e75e49f2f347beb2720a9674213078&amp;ei=9\">Kim Jong-un craint d&rsquo;\u00eatre irradi\u00e9 par &#8230; son si\u00e8ge! (VIDEO) (msn.com)<\/a><\/span><\/p>\n<p><span style=\"font-family: times new roman, times, serif; font-size: 14pt;\"><a href=\"https:\/\/www.msn.com\/fr-be\/actualite\/other\/poutine-parano-des-plongeurs-arm%C3%A9s-sur-ses-plages-priv%C3%A9es\/ar-AA1gLeuW?ocid=msedgntp&amp;cvid=09e75e49f2f347beb2720a9674213078&amp;ei=20\">Poutine parano ? Des plongeurs arm\u00e9s sur ses plages priv\u00e9es. (msn.com)<\/a><\/span><\/p>\n<p><span style=\"font-family: times new roman, times, serif; font-size: 14pt;\"><a href=\"https:\/\/www.msn.com\/fr-be\/actualite\/other\/poutine-pr%C3%A9cipite-la-russie-dans-une-catastrophe-%C3%A9conomique\/ss-AA1gAGaM?ocid=msedgdhp&amp;pc=EDGEXST&amp;cvid=cd44c4c5f0ce4538902269bfe857002a&amp;ei=7\">Poutine pr\u00e9cipite la Russie dans une catastrophe \u00e9conomique (msn.com)<\/a><\/span><\/p>\n<p><span style=\"font-family: times new roman, times, serif; font-size: 14pt;\"><a href=\"https:\/\/www.msn.com\/fr-be\/actualite\/monde\/une-statue-%C3%A9questre-d-angela-merkel-en-mille-morceaux-photo\/ar-AA1gIXSn?ocid=msedgntp&amp;cvid=09e75e49f2f347beb2720a9674213078&amp;ei=27\">Une statue \u00e9questre d\u2019Angela Merkel en mille morceaux (photo) (msn.com)<\/a><\/span><\/p>\n<p><span style=\"font-family: times new roman, times, serif; font-size: 14pt;\"><a href=\"https:\/\/www.msn.com\/fr-be\/actualite\/other\/l-ukraine-se-rapproche-des-lignes-d-approvisionnement-de-poutine-dans-le-sud-du-pays\/ss-AA1gGD8f?ocid=msedgntp&amp;cvid=09e75e49f2f347beb2720a9674213078&amp;ei=33\">L&rsquo;Ukraine se rapproche des lignes d&rsquo;approvisionnement de Poutine dans le sud du pays (msn.com)<\/a><\/span><\/p>\n<p><span style=\"font-family: times new roman, times, serif; font-size: 14pt;\"><a href=\"https:\/\/www.msn.com\/fr-be\/actualite\/politique\/la-belgique-pr%C3%A9cise-sa-participation-%C3%A0-la-coalition-f-16-avec-instructeurs-et-avions\/ar-AA1gLONz?ocid=msedgntp&amp;cvid=09e75e49f2f347beb2720a9674213078&amp;ei=37\">La Belgique pr\u00e9cise sa participation \u00e0 la \u00ab\u00a0coalition F-16\u00a0\u00bb avec instructeurs et avions (msn.com)<\/a><\/span><\/p>\n<p><span style=\"font-family: times new roman, times, serif; font-size: 14pt;\"><a href=\"https:\/\/www.msn.com\/fr-be\/actualite\/other\/le-pr%C3%A9sident-ukrainien-rencontrera-son-homologue-am%C3%A9ricain-%C3%A0-washington-m%C3%A9dias\/ar-AA1gKdQh?ocid=msedgntp&amp;cvid=09e75e49f2f347beb2720a9674213078&amp;ei=44\">Le pr\u00e9sident ukrainien rencontrera son homologue am\u00e9ricain \u00e0 Washington (m\u00e9dias) (msn.com)<\/a> <em>[Sauf s\u2019il est \u00ab\u00a0<\/em>impeached\u00a0<em>\u00bb ou dans une cellule capitonn\u00e9e]<\/em><\/span><\/p>\n<p><span style=\"font-family: times new roman, times, serif; font-size: 14pt;\"><a href=\"https:\/\/www.msn.com\/fr-be\/actualite\/other\/l-%C3%A9conomie-chinoise-serait-elle-au-bord-du-gouffre\/ss-AA1gLshe?ocid=msedgntp&amp;cvid=09e75e49f2f347beb2720a9674213078&amp;ei=49\">L&rsquo;\u00e9conomie chinoise serait-elle au bord du gouffre ? (msn.com)<\/a> <em>[Gros-titre au quotidien depuis plus d\u2019un an. Avant, on ne les recevait pas.]<\/em><\/span><\/p>\n<p><span style=\"font-family: times new roman, times, serif; font-size: 14pt;\"><a href=\"https:\/\/www.msn.com\/fr-be\/actualite\/other\/le-fils-du-pr%C3%A9sident-hunter-biden-inculp%C3%A9-pour-possession-ill%C3%A9gale-d-armes-%C3%A0-feu\/vi-AA1gKYC1?ocid=msedgntp&amp;cvid=09e75e49f2f347beb2720a9674213078&amp;ei=58\">Le fils du pr\u00e9sident, Hunter Biden inculp\u00e9 pour possession ill\u00e9gale d&rsquo;armes \u00e0 feu | Watch (msn.com)<\/a> <em>[ \u00ab\u00a0Pour possession ill\u00e9gale d\u2019armes \u00e0 feu\u00a0\u00bb\u2026]<\/em><\/span><\/p>\n<p><span style=\"font-family: times new roman, times, serif; font-size: 14pt;\"><a href=\"https:\/\/www.msn.com\/fr-be\/actualite\/other\/la-cour-p%C3%A9nale-international-a-ouvert-un-bureau-%C3%A0-kiev-se-f%C3%A9licite-zelensky\/ar-AA1gK0uc?ocid=msedgntp&amp;cvid=09e75e49f2f347beb2720a9674213078&amp;ei=72\">La Cour p\u00e9nale international <em>[sic] <\/em>a ouvert un bureau \u00e0 Kiev, se f\u00e9licite Zelensky (msn.com)<\/a><\/span><\/p>\n<p><span style=\"font-family: times new roman, times, serif; font-size: 14pt;\"><a href=\"https:\/\/www.msn.com\/fr-be\/actualite\/other\/p%C3%A9kin-enqu%C3%AAte-sur-son-ministre-de-la-d%C3%A9fense-selon-des-responsables-am%C3%A9ricains\/ar-AA1gKkAp?ocid=msedgntp&amp;cvid=09e75e49f2f347beb2720a9674213078&amp;ei=75\">P\u00e9kin enqu\u00eate sur son ministre de la D\u00e9fense, selon des responsables am\u00e9ricains (msn.com)<\/a><\/span><\/p>\n<p><span style=\"font-family: times new roman, times, serif; font-size: 14pt;\"><a href=\"https:\/\/www.soolide.com\/731439\/2?mode=infinite-scroll&amp;utm_source=mg&amp;utm_campaign=1978757&amp;utm_term=msn.com\">Le gardien de zoo choqu\u00e9 par la guenon qui a accouch\u00e9 d\u2019un b\u00e9b\u00e9 presque humain &#8211; Soolide<\/a>\u00a0 <em>[Elle s\u2019est fat violer par un zoophile, c\u2019est tout.]<\/em><\/span><\/p>\n<p><span style=\"font-family: times new roman, times, serif; font-size: 14pt;\">Etc. etc. etc.<\/span><\/p>\n<p>&nbsp;<\/p>\n<p style=\"text-align: center;\"><span style=\"font-family: times new roman, times, serif; font-size: 20pt;\"><strong>L\u00e0, on ne peut pas tomber plus bas, c\u2019est impossible\u00a0:<\/strong><\/span><\/p>\n<p><span style=\"font-family: times new roman, times, serif; font-size: 14pt;\"><strong>\u00a0<\/strong><\/span><\/p>\n<p><span style=\"font-family: times new roman, times, serif; font-size: 14pt;\"><a href=\"https:\/\/www.msn.com\/fr-be\/video\/actualite\/victimes-d-inceste-m%C3%A9lissa-et-julie-d%C3%A9noncent-le-manque-de-suivi-de-la-justice\/vi-AA1gIYt4?ocid=msedgdhp&amp;pc=EDGEXST&amp;cvid=23f46883c7a6412eaedd247f7ac7baf0&amp;ei=65\">Victimes d&rsquo;inceste, M\u00e9lissa et Julie d\u00e9noncent le manque de suivi de la justice | Watch (msn.com)<\/a><\/span><\/p>\n<p>&nbsp;<\/p>\n<p>&nbsp;<\/p>\n<p>&nbsp;<\/p>\n<p style=\"text-align: center;\"><a href=\"http:\/\/blog.lesgrossesorchadeslesamplesthalameges.fr\/index.php\/gros-titres-des-merdias-belges-pour-la-seule-journee-du-15-9-2023\/beurk-gif\/\" rel=\"attachment wp-att-23305\"><img loading=\"lazy\" class=\"alignnone size-full wp-image-23305\" src=\"http:\/\/blog.lesgrossesorchadeslesamplesthalameges.fr\/wp-content\/uploads\/2023\/09\/Beurk-GIF.gif\" alt=\"\" width=\"200\" height=\"194\" \/><\/a><\/p>\n<p>&nbsp;<\/p>\n<p>&nbsp;<\/p>\n<p style=\"text-align: left;\"><span style=\"font-family: times new roman, times, serif; font-size: 18pt; color: #c00000;\"><strong><em>P.S. Ne vous \u00e9tonnez pas si les titres ci-dessus s\u2019ouvrent en n\u00e9erlandais. Cela fait partie de l\u2019\u00e9limination programm\u00e9e (ailleurs) du fran\u00e7ais en Belgique, les \u00ab\u00a0autorit\u00e9s\u00a0\u00bb flamandes y jouant le r\u00f4le de Micron Ier.<\/em><\/strong><\/span><\/p>\n<p><span style=\"font-family: times new roman, times, serif; font-size: 14pt;\"><strong><em>\u00a0<\/em><\/strong><\/span><\/p>\n<p>&nbsp;<\/p>\n<p style=\"text-align: center;\"><a href=\"http:\/\/blog.lesgrossesorchadeslesamplesthalameges.fr\/index.php\/2023\/09\/09\/chili-11-septembre-1973-actualite-dun-coup-detat\/000-russep-x-44\/\" rel=\"attachment wp-att-23148\"><img loading=\"lazy\" class=\"alignnone size-full wp-image-23148\" src=\"http:\/\/blog.lesgrossesorchadeslesamplesthalameges.fr\/wp-content\/uploads\/2023\/09\/000.-russep-x-1.gif\" alt=\"\" width=\"50\" height=\"50\" \/><\/a><\/p>\n<p>&nbsp;<\/p>\n<p>&nbsp;<\/p>\n<p style=\"text-align: left;\"><span style=\"font-family: times new roman, times, serif; font-size: 14pt;\"><strong>URL de cet article : <\/strong><a href=\"http:\/\/blog.lesgrossesorchadeslesamplesthalameges.fr\/index.php\/gros-titres-des-merdias-belges-pour-la-seule-journee-du-15-9-2023\/\">http:\/\/blog.lesgrossesorchadeslesamplesthalameges.fr\/index.php\/gros-titres-des-merdias-belges-pour-la-seule-journee-du-15-9-2023\/<\/a><strong><br \/>\n<\/strong><\/span><\/p>\n<p>&nbsp;<\/p>\n<p>&nbsp;<\/p>\n<p style=\"text-align: right;\"><span style=\"font-family: comic sans ms, sans-serif; font-size: 14pt;\">Septembre 2023<\/span><\/p>\n<p>&nbsp;<\/p>\n<p>&nbsp;<\/p>\n","protected":false},"excerpt":{"rendered":"<p>&nbsp; \u00a0 &nbsp; \u00a0 \u00a0\u00a0\u00a0\u00a0 \u00a0 \u00a0 &nbsp; &nbsp; &nbsp; &nbsp; \u00a0\u00a0 \u00a0 \u00a0 \u00a0 \u00a0 \u00a0 \u00a0 &nbsp; &nbsp; &nbsp; Gros titres des merdias belges pour la seule journ\u00e9e du 15\/9\/2023 &nbsp; &nbsp; &nbsp; \u00ab\u00a0Apr\u00e8s l\u2019invasion de l\u2019Ukraine, nous envahirons le reste de l\u2019Europe\u00a0\u00bb (msn.com) Alors que l&rsquo;Ukraine se rapproche de la victoire, doit-on&#8230;<\/p>\n","protected":false},"author":1,"featured_media":0,"parent":0,"menu_order":0,"comment_status":"open","ping_status":"open","template":"","meta":[],"_links":{"self":[{"href":"https:\/\/blog.lesgrossesorchadeslesamplesthalameges.fr\/index.php\/wp-json\/wp\/v2\/pages\/23294"}],"collection":[{"href":"https:\/\/blog.lesgrossesorchadeslesamplesthalameges.fr\/index.php\/wp-json\/wp\/v2\/pages"}],"about":[{"href":"https:\/\/blog.lesgrossesorchadeslesamplesthalameges.fr\/index.php\/wp-json\/wp\/v2\/types\/page"}],"author":[{"embeddable":true,"href":"https:\/\/blog.lesgrossesorchadeslesamplesthalameges.fr\/index.php\/wp-json\/wp\/v2\/users\/1"}],"replies":[{"embeddable":true,"href":"https:\/\/blog.lesgrossesorchadeslesamplesthalameges.fr\/index.php\/wp-json\/wp\/v2\/comments?post=23294"}],"version-history":[{"count":8,"href":"https:\/\/blog.lesgrossesorchadeslesamplesthalameges.fr\/index.php\/wp-json\/wp\/v2\/pages\/23294\/revisions"}],"predecessor-version":[{"id":23306,"href":"https:\/\/blog.lesgrossesorchadeslesamplesthalameges.fr\/index.php\/wp-json\/wp\/v2\/pages\/23294\/revisions\/23306"}],"wp:attachment":[{"href":"https:\/\/blog.lesgrossesorchadeslesamplesthalameges.fr\/index.php\/wp-json\/wp\/v2\/media?parent=23294"}],"curies":[{"name":"wp","href":"https:\/\/api.w.org\/{rel}","templated":true}]}}