{"id":23342,"date":"2023-09-21T12:22:44","date_gmt":"2023-09-21T10:22:44","guid":{"rendered":"http:\/\/blog.lesgrossesorchadeslesamplesthalameges.fr\/?page_id=23342"},"modified":"2023-09-21T12:23:52","modified_gmt":"2023-09-21T10:23:52","slug":"murray-refoule-du-palais-de-justice-du-proces-assange-en-virginie","status":"publish","type":"page","link":"https:\/\/blog.lesgrossesorchadeslesamplesthalameges.fr\/index.php\/murray-refoule-du-palais-de-justice-du-proces-assange-en-virginie\/","title":{"rendered":"Murray refoul\u00e9 du palais de justice du proc\u00e8s Assange en Virginie"},"content":{"rendered":"<p>&nbsp;<\/p>\n<p>&nbsp;<\/p>\n<p>&nbsp;<\/p>\n<p>&nbsp;<\/p>\n<p>&nbsp;<\/p>\n<p>&nbsp;<\/p>\n<p>&nbsp;<\/p>\n<p>&nbsp;<\/p>\n<p>&nbsp;<\/p>\n<p style=\"text-align: justify;\"><span style=\"font-family: times new roman, times, serif; font-size: 18pt; color: #c00000;\"><strong><em>Au nom de la d\u00e9mocratie et de la libert\u00e9.<\/em><\/strong><\/span><\/p>\n<p>&nbsp;<\/p>\n<p>&nbsp;<\/p>\n<p style=\"text-align: center;\"><strong><span style=\"font-family: times new roman, times, serif; font-size: 36pt;\">Murray refoul\u00e9 du palais de justice du proc\u00e8s Assange en Virginie<\/span><\/strong><\/p>\n<h1 style=\"text-align: center;\"><\/h1>\n<p>&nbsp;<\/p>\n<p>&nbsp;<\/p>\n<p style=\"text-align: center;\"><span style=\"font-family: times new roman, times, serif; font-size: 18pt;\"><strong>Joe Lauria \u2013 <em>Consortium News<\/em> \u2013 15.9.2023<\/strong><\/span><\/p>\n<p style=\"text-align: center;\"><span style=\"font-family: times new roman, times, serif; font-size: 18pt;\"><strong>Traduction\u00a0: c.l. pour <em>L.G.O<\/em>.<\/strong><\/span><\/p>\n<p style=\"text-align: justify;\"><span style=\"font-family: times new roman, times, serif; font-size: 18pt;\"><strong>\u00a0<\/strong><\/span><\/p>\n<p>&nbsp;<\/p>\n<p style=\"text-align: justify;\"><span style=\"font-family: tahoma, arial, helvetica, sans-serif; font-size: 14pt;\"><strong>L\u2019ancien diplomate britannique a cherch\u00e9 \u00e0 visiter la salle d\u2019audience o\u00f9 Julian Assange sera jug\u00e9 s\u2019il est extrad\u00e9 vers la Virginie. On lui en a interdit l\u2019entr\u00e9e.<\/strong><\/span><\/p>\n<p>&nbsp;<\/p>\n<p>&nbsp;<\/p>\n<p style=\"text-align: center;\"><a href=\"http:\/\/blog.lesgrossesorchadeslesamplesthalameges.fr\/?attachment_id=23327\" rel=\"attachment wp-att-23327\"><img loading=\"lazy\" class=\"alignnone wp-image-23327 size-full\" src=\"http:\/\/blog.lesgrossesorchadeslesamplesthalameges.fr\/wp-content\/uploads\/2023\/09\/11-.-Tribunal-Virginie.jpg\" alt=\"\" width=\"600\" height=\"398\" srcset=\"https:\/\/blog.lesgrossesorchadeslesamplesthalameges.fr\/wp-content\/uploads\/2023\/09\/11-.-Tribunal-Virginie.jpg 600w, https:\/\/blog.lesgrossesorchadeslesamplesthalameges.fr\/wp-content\/uploads\/2023\/09\/11-.-Tribunal-Virginie-300x199.jpg 300w\" sizes=\"(max-width: 600px) 100vw, 600px\" \/><\/a><\/p>\n<p style=\"text-align: center;\"><span style=\"font-family: times new roman, times, serif; font-size: 14pt;\"><strong><em>Le palais de justice Albert V. Bryan des U.S.A. \u00e0 Alexandria, Virginie, tribunal de district U.S. pour le district est de Virginie, o\u00f9 Craig Murray s\u2019est vu refuser l\u2019entr\u00e9e.<\/em><\/strong><\/span><\/p>\n<p style=\"text-align: center;\"><span style=\"font-family: times new roman, times, serif; font-size: 14pt;\">\u00a0(Tim Evanson\/Wikimedia Commons)<\/span><\/p>\n<p>&nbsp;<\/p>\n<p>&nbsp;<\/p>\n<p style=\"text-align: justify;\"><span style=\"font-family: times new roman, times, serif; font-size: 14pt;\"><strong>C<\/strong>raig Murray, ancien ambassadeur britannique et proche associ\u00e9 de l\u2019\u00e9diteur de <em>WikiLeaks <\/em>emprisonn\u00e9 Julian Assange, nous apprend qu\u2019un officier de police U.S. l\u2019a emp\u00each\u00e9 d\u2019entrer dans le palais de justice d\u2019Alexandria, en Virginie, o\u00f9 Assange sera jug\u00e9 s\u2019il perd son proc\u00e8s en Grande-Bretagne.<\/span><\/p>\n<p style=\"text-align: justify;\"><span style=\"font-family: times new roman, times, serif; font-size: 14pt;\">De passage \u00e0 Washington pour une tourn\u00e9e aux \u00c9tats-Unis, Murray a d\u00e9clar\u00e9 mercredi lors d\u2019une r\u00e9union qu\u2019ayant un peu de temps \u00e0 tuer, il avait d\u00e9cid\u00e9, plus t\u00f4t dans la journ\u00e9e, de visiter le palais de justice f\u00e9d\u00e9ral d\u2019Alexandria \u00ab\u00a0juste pour voir \u00e0 quoi \u00e7a ressemblait\u00a0\u00bb.<\/span><\/p>\n<p style=\"text-align: justify;\"><span style=\"font-family: times new roman, times, serif; font-size: 14pt;\">\u00ab\u00a0J\u2019ai donc trouv\u00e9 la cour f\u00e9d\u00e9rale et j\u2019ai voulu y p\u00e9n\u00e9trer, comme tout membre du public a le droit de le faire\u00a0\u00bb, a r\u00e9v\u00e9l\u00e9 Murray, selon un enregistrement <a href=\"https:\/\/www.youtube.com\/watch?v=veF2_HFr0jA&amp;t=25m35s\">vid\u00e9o<\/a> de ses remarques. \u00ab Ils m\u2019ont demand\u00e9 ma carte d\u2019identit\u00e9, comme ils la demandent \u00e0 tout le monde, je crois, et je leur ai remis mon passeport.<\/span><\/p>\n<p style=\"text-align: justify;\"><span style=\"font-family: times new roman, times, serif; font-size: 14pt;\">\u00a0\u00ab\u00a0Et ils ont pass\u00e9 un coup de fil et quelqu\u2019un est descendu et il avait un badge qui disait:\u00a0\u00ab\u00a0<em>US Marshals<\/em>\u00a0\u00a0\u00bb, a poursuivi Murray. \u00ab\u00a0Et il m\u2019a dit:\u00a0\u201cD\u00e9sol\u00e9 monsieur, mais vous ne pouvez pas entrer dans la salle d\u2019audience\u201d. \u00bb<\/span><\/p>\n<p style=\"text-align: justify;\"><span style=\"font-family: times new roman, times, serif; font-size: 14pt;\">\u00a0\u00ab Moi, j\u2019ai dit : &lsquo;N\u2019est-ce pas une salle d\u2019audience publique ? N\u2019y a-t-il pas un droit d\u2019acc\u00e8s public ? \u00bb<\/span><\/p>\n<p style=\"text-align: justify;\"><span style=\"font-family: times new roman, times, serif; font-size: 14pt;\">\u00ab\u00a0Et il a dit:\u00a0\u201cOui monsieur, mais vous n\u2019\u00eates pas le public\u201d. \u00bb<\/span><\/p>\n<p style=\"text-align: justify;\"><span style=\"font-family: times new roman, times, serif; font-size: 14pt;\">\u00ab Et j\u2019ai dit : \u201cMais, dans un proc\u00e8s, il y a des audiences. Et les audiences, l\u00e9galement, sont ouvertes au public, en g\u00e9n\u00e9ral\u201d. \u00bb<\/span><\/p>\n<p style=\"text-align: justify;\"><span style=\"font-family: times new roman, times, serif; font-size: 14pt;\">\u00a0\u00ab Il a dit : \u201cOui, monsieur, je suis d\u00e9sol\u00e9, mais vous ne pouvez pas entrer, M. l\u2019ambassadeur Murray\u201d. \u00bb<\/span><\/p>\n<p style=\"text-align: justify;\"><span style=\"font-family: times new roman, times, serif; font-size: 14pt;\">\u00ab\u00a0Et \u00e7a, c\u2019est vraiment int\u00e9ressant\u00a0\u00bb, a comment\u00e9 Murray, \u00ab\u00a0parce que nulle part sur mon passeport n\u2019est mentionn\u00e9 mon titre, et je n\u2019en avais moi-m\u00eame pas fait \u00e9tat. Alors, comment ont-ils su ce que je suis ?\u00a0\u00bb<\/span><\/p>\n<p style=\"text-align: justify;\"><span style=\"font-family: times new roman, times, serif; font-size: 14pt;\">Le niveau de surveillance\u2026 \u00bb, a-t-il poursuivi, \u00ab je ne sais pas si c\u2019est une technologie de reconnaissance faciale. Je ne sais pas ce qui a provoqu\u00e9 \u00e7a. Je ne sais pas s\u2019ils avaient une note de service sur leur bureau dans la salle d\u2019audience disant: \u201cSi jamais Craig Murray se pointe, ne le laissez pas entrer\u201d.\u00a0\u00bb<\/span><\/p>\n<p style=\"text-align: justify;\"><span style=\"font-family: times new roman, times, serif; font-size: 14pt;\">Craig Murray a formul\u00e9 alors une question troublante: \u00ab\u00a0Qu\u2019est-ce que cela signifie en mati\u00e8re de libre acc\u00e8s, si jamais Julian doit subir un proc\u00e8s ici ?\u00a0\u00bb \u00a0<\/span><\/p>\n<p style=\"text-align: justify;\"><span style=\"font-family: times new roman, times, serif; font-size: 14pt;\">Murray s\u2019est rendu c\u00e9l\u00e8bre pour ses descriptions et comptes-rendus tr\u00e8s critiques de l\u2019int\u00e9rieur de la salle d\u2019audience lors du proc\u00e8s en extradition d\u2019Assange \u00e0 Londres en 2020. Ce sera un coup dur pour le public qui suivra le potentiel proc\u00e8s d\u2019Alexandria si Murray n\u2019est pas autoris\u00e9 \u00e0 y assister.<\/span><\/p>\n<p style=\"text-align: left;\"><span style=\"font-family: times new roman, times, serif; font-size: 14pt;\">Source : <a href=\"https:\/\/consortiumnews.com\/2023\/09\/15\/murray-blocked-from-assange-courthouse-in-virginia\/\">https:\/\/consortiumnews.com\/2023\/09\/15\/murray-blocked-from-assange-courthouse-in-virginia\/<\/a><\/span><\/p>\n<p style=\"text-align: justify;\"><span style=\"font-family: times new roman, times, serif; font-size: 14pt;\"><strong><em>\u00a0<\/em><\/strong><\/span><\/p>\n<p style=\"text-align: left;\"><span style=\"font-family: times new roman, times, serif; font-size: 14pt;\"><strong>URL de cet article : <\/strong><a href=\"http:\/\/blog.lesgrossesorchadeslesamplesthalameges.fr\/?page_id=23342&amp;preview=true\">http:\/\/blog.lesgrossesorchadeslesamplesthalameges.fr\/?page_id=23342&amp;preview=true<\/a><strong><br \/>\n<\/strong><\/span><\/p>\n<p>&nbsp;<\/p>\n<p>&nbsp;<\/p>\n<p style=\"text-align: center;\"><span style=\"font-family: times new roman, times, serif; font-size: 14pt;\"><strong>\u00a0<a href=\"http:\/\/blog.lesgrossesorchadeslesamplesthalameges.fr\/index.php\/2023\/09\/09\/chili-11-septembre-1973-actualite-dun-coup-detat\/000-russep-x-44\/\" rel=\"attachment wp-att-23148\"><img loading=\"lazy\" class=\"alignnone size-full wp-image-23148\" src=\"http:\/\/blog.lesgrossesorchadeslesamplesthalameges.fr\/wp-content\/uploads\/2023\/09\/000.-russep-x-1.gif\" alt=\"\" width=\"50\" height=\"50\" \/><\/a><\/strong><\/span><\/p>\n<p>&nbsp;<\/p>\n<p style=\"text-align: right;\"><span style=\"font-family: comic sans ms, sans-serif; font-size: 14pt;\">Septembre 2023<\/span><\/p>\n<p>&nbsp;<\/p>\n<p>&nbsp;<\/p>\n","protected":false},"excerpt":{"rendered":"<p>&nbsp; &nbsp; &nbsp; &nbsp; &nbsp; &nbsp; &nbsp; &nbsp; &nbsp; Au nom de la d\u00e9mocratie et de la libert\u00e9. &nbsp; &nbsp; Murray refoul\u00e9 du palais de justice du proc\u00e8s Assange en Virginie &nbsp; &nbsp; Joe Lauria \u2013 Consortium News \u2013 15.9.2023 Traduction\u00a0: c.l. pour L.G.O. \u00a0 &nbsp; L\u2019ancien diplomate britannique a cherch\u00e9 \u00e0 visiter la salle&#8230;<\/p>\n","protected":false},"author":1,"featured_media":0,"parent":0,"menu_order":0,"comment_status":"open","ping_status":"open","template":"","meta":[],"_links":{"self":[{"href":"https:\/\/blog.lesgrossesorchadeslesamplesthalameges.fr\/index.php\/wp-json\/wp\/v2\/pages\/23342"}],"collection":[{"href":"https:\/\/blog.lesgrossesorchadeslesamplesthalameges.fr\/index.php\/wp-json\/wp\/v2\/pages"}],"about":[{"href":"https:\/\/blog.lesgrossesorchadeslesamplesthalameges.fr\/index.php\/wp-json\/wp\/v2\/types\/page"}],"author":[{"embeddable":true,"href":"https:\/\/blog.lesgrossesorchadeslesamplesthalameges.fr\/index.php\/wp-json\/wp\/v2\/users\/1"}],"replies":[{"embeddable":true,"href":"https:\/\/blog.lesgrossesorchadeslesamplesthalameges.fr\/index.php\/wp-json\/wp\/v2\/comments?post=23342"}],"version-history":[{"count":6,"href":"https:\/\/blog.lesgrossesorchadeslesamplesthalameges.fr\/index.php\/wp-json\/wp\/v2\/pages\/23342\/revisions"}],"predecessor-version":[{"id":23348,"href":"https:\/\/blog.lesgrossesorchadeslesamplesthalameges.fr\/index.php\/wp-json\/wp\/v2\/pages\/23342\/revisions\/23348"}],"wp:attachment":[{"href":"https:\/\/blog.lesgrossesorchadeslesamplesthalameges.fr\/index.php\/wp-json\/wp\/v2\/media?parent=23342"}],"curies":[{"name":"wp","href":"https:\/\/api.w.org\/{rel}","templated":true}]}}