{"id":23716,"date":"2023-10-19T20:14:25","date_gmt":"2023-10-19T18:14:25","guid":{"rendered":"http:\/\/blog.lesgrossesorchadeslesamplesthalameges.fr\/?page_id=23716"},"modified":"2023-10-19T20:15:36","modified_gmt":"2023-10-19T18:15:36","slug":"ou-il-est-question-de-colonialisme-passe-en-plein-neocolonialisme-present","status":"publish","type":"page","link":"https:\/\/blog.lesgrossesorchadeslesamplesthalameges.fr\/index.php\/ou-il-est-question-de-colonialisme-passe-en-plein-neocolonialisme-present\/","title":{"rendered":"O\u00f9 il est question de colonialisme pass\u00e9 en plein n\u00e9ocolonialisme pr\u00e9sent"},"content":{"rendered":"<p style=\"text-align: justify;\"><strong><em>\u00a0<\/em><\/strong><\/p>\n<p>&nbsp;<\/p>\n<p>&nbsp;<\/p>\n<p>&nbsp;<\/p>\n<p>&nbsp;<\/p>\n<p>&nbsp;<\/p>\n<p>&nbsp;<\/p>\n<p>&nbsp;<\/p>\n<p style=\"text-align: center;\"><span style=\"font-family: times new roman, times, serif; font-size: 36pt;\"><strong>O\u00f9 il est question de colonialisme pass\u00e9 en plein n\u00e9ocolonialisme pr\u00e9sent<\/strong><\/span><\/p>\n<p>&nbsp;<\/p>\n<p>&nbsp;<\/p>\n<p style=\"text-align: left;\"><span style=\"font-family: times new roman, times, serif; font-size: 18pt;\"><strong>Nous recevons, \u00e0 propos du colonialisme pass\u00e9, l\u2019avis suivant\u00a0:<\/strong><\/span><\/p>\n<p>&nbsp;<\/p>\n<p style=\"text-align: justify;\"><span style=\"font-family: times new roman, times, serif; font-size: 14pt;\">Ce <strong>mercredi 25 octobre 2023<\/strong> (18 h \u00e0 20 h), \u00e0 l\u2019Universit\u00e9 Libre de Bruxelles, le <strong><em>Centre d\u2019Histoire et de Socioligie des Gauches <\/em><\/strong>(CHSG) , pour son premier s\u00e9minaire de l\u2019ann\u00e9e acad\u00e9mique 2023-2024, accueillera<\/span><\/p>\n<p>&nbsp;<\/p>\n<p style=\"text-align: center;\"><span style=\"font-family: times new roman, times, serif; font-size: 18pt;\"><strong>Giulio FUGARZOTTO<\/strong><\/span><\/p>\n<p style=\"text-align: justify;\"><span style=\"font-family: times new roman, times, serif; font-size: 14pt;\"><strong>\u00a0<\/strong><\/span><\/p>\n<p style=\"text-align: justify;\"><span style=\"font-family: times new roman, times, serif; font-size: 14pt;\">(doctorant en histoire contemporaine \u00e0 l\u2019Universit\u00e9 d\u2019Urbino\/Carlo Bo et chercheur visiteur au CHSG) pour un expos\u00e9 sur le th\u00e8me\u00a0:<\/span><\/p>\n<p>&nbsp;<\/p>\n<p style=\"text-align: center;\"><span style=\"font-family: times new roman, times, serif; font-size: 24pt;\"><strong>\u00ab\u00a0Les communistes italiens et le colonialisme (1926-1956)<\/strong><strong>\u00a0\u00bb.<\/strong><\/span><\/p>\n<p style=\"text-align: justify;\"><span style=\"font-family: times new roman, times, serif; font-size: 14pt;\"><strong>\u00a0<\/strong><\/span><\/p>\n<p>&nbsp;<\/p>\n<p style=\"text-align: center;\"><a href=\"http:\/\/blog.lesgrossesorchadeslesamplesthalameges.fr\/?attachment_id=23700\" rel=\"attachment wp-att-23700\"><img loading=\"lazy\" class=\"alignnone wp-image-23700 size-full\" src=\"http:\/\/blog.lesgrossesorchadeslesamplesthalameges.fr\/wp-content\/uploads\/2023\/10\/3.-AFFICHE-COLONIALISME-ITALIEN-Les-communistes-italiens-et-le-colonialisme.png\" alt=\"\" width=\"500\" height=\"707\" srcset=\"https:\/\/blog.lesgrossesorchadeslesamplesthalameges.fr\/wp-content\/uploads\/2023\/10\/3.-AFFICHE-COLONIALISME-ITALIEN-Les-communistes-italiens-et-le-colonialisme.png 500w, https:\/\/blog.lesgrossesorchadeslesamplesthalameges.fr\/wp-content\/uploads\/2023\/10\/3.-AFFICHE-COLONIALISME-ITALIEN-Les-communistes-italiens-et-le-colonialisme-212x300.png 212w\" sizes=\"(max-width: 500px) 100vw, 500px\" \/><\/a><\/p>\n<p>&nbsp;<\/p>\n<p>&nbsp;<\/p>\n<p style=\"text-align: justify;\"><span style=\"font-family: times new roman, times, serif; font-size: 14pt;\">Depuis sa fondation, le Parti communiste italien (PCI) s\u2019est int\u00e9ress\u00e9 \u00e0 la question coloniale, en organisant des \u00ab\u00a0missions\u00a0\u00bb dans les colonies italiennes, en tissant des liens avec les mouvements anticoloniaux en Afrique et en promouvant des r\u00e9seaux de solidarit\u00e9 avec les populations colonis\u00e9es.\u00a0<\/span><\/p>\n<p style=\"text-align: justify;\"><span style=\"font-family: times new roman, times, serif; font-size: 14pt;\">Lors de ce s\u00e9minaire, Giulio Fugazzotto retracera les lignes d\u2019\u00e9volution d\u2019une politique d\u00e9velopp\u00e9e par le parti italien entre le milieu des ann\u00e9es 1920 et la seconde moiti\u00e9 des ann\u00e9es 1950, \u00e0 travers l\u2019\u00e9tude des cas de la Tunisie, de l\u2019\u00c9gypte et de la Corne de l\u2019Afrique.<\/span><\/p>\n<p style=\"text-align: justify;\"><span style=\"font-family: times new roman, times, serif; font-size: 14pt;\">L\u2019expos\u00e9 sera suivi d\u2019un \u00e9change avec le public.<\/span><\/p>\n<p style=\"text-align: justify;\"><span style=\"font-family: times new roman, times, serif; font-size: 14pt;\">Gratuit et ouvert \u00e0 tous. T\u00e9l\u00e9charger l\u2019affiche en cliquant <a href=\"http:\/\/chsg.ulb.ac.be\/wp-content\/uploads\/2023\/10\/Les-communistes-italiens-et-le-colonialisme.png\">ici<\/a><\/span><\/p>\n<p style=\"text-align: justify;\"><span style=\"font-family: times new roman, times, serif; font-size: 14pt;\">Lieu : Universit\u00e9 libre de Bruxelles, Campus du Solbosch, Institut de Sociologie, b\u00e2timent S, Salle Henri Janne, 15<sup>\u00e8me<\/sup> \u00e9tage, S15.331, avenue Jeanne \u00e0 1050 Ixelles. Voir plan du campus : <a href=\"https:\/\/l.facebook.com\/l.php?u=https%3A%2F%2Fwww.ulb.be%2Ffr%2Fsolbosch%2Fplan-du-campus%3Ffbclid%3DIwAR146Uzdo6AuzaXm1gJIznFtcFdp6UaITffLSRgA5TAH-njbBH0qB8eQwus&amp;h=AT1DtkrB8M3VJCK_4rsWm477WftMHK4QPoLzMgGrO7ZJeOAirEKLZGhdZIYQh__ORBuWXOlIQVgqd7FVvWq8e0H1cpjQhWHZNwbNxNhx2RxLHo54p7oO082OReWiFWUh510n&amp;__tn__=q&amp;c%5b0%5d=AT1T8NJYd-JN1vaoQ5gYUHZURBJCxyXrJlpEZg3QAq6n1VcaWteLMc-63QdG4fyla_Wv3-daY2F6owy4h6gVo0IX7--qN4-3RT0Ue3lSo04-Kl9tY4cUz9jHYDMn3m7dzsjnOyA619nK-jyb4wo90mRUJByH\">https:\/\/www.ulb.be\/fr\/solbosch\/plan-du-campus<\/a><\/span><\/p>\n<p>&nbsp;<\/p>\n<p style=\"text-align: center;\"><span style=\"font-family: times new roman, times, serif; font-size: 14pt;\"><strong>\u00a0<a href=\"http:\/\/blog.lesgrossesorchadeslesamplesthalameges.fr\/?attachment_id=23698\" rel=\"attachment wp-att-23698\"><img loading=\"lazy\" class=\"alignnone size-full wp-image-23698\" src=\"http:\/\/blog.lesgrossesorchadeslesamplesthalameges.fr\/wp-content\/uploads\/2023\/10\/000.-russep-x-1.gif\" alt=\"\" width=\"50\" height=\"50\" \/><\/a><\/strong><\/span><\/p>\n<p>&nbsp;<\/p>\n<p>&nbsp;<\/p>\n<p style=\"text-align: justify;\"><span style=\"font-family: times new roman, times, serif; font-size: 14pt;\">Par ailleurs, le Centre d\u2019histoire et de Sociologie des Gauches de l\u2019ULB, l\u2019Unit\u00e9 de Recherche Mondes modernes et contemporains (ULB), le CArCoB et le DACOB ont le plaisir de vous convier \u00e0 la seconde journ\u00e9e d\u2019\u00e9tude, organis\u00e9e <strong>le 24 novembre 2023<\/strong> \u00e0 l\u2019Universit\u00e9 libre de Bruxelles (Hall des marbres, AX1.216), consacr\u00e9e \u00e0 l\u2019ancrage social du monde communiste en Belgique et \u00e0 ses relations avec les domaines culturels et artistiques. Cette journ\u00e9e d\u2019\u00e9tude s\u2019inscrit dans un projet de recherche plus large \u00ab\u00a0<strong>Nuances de Rouge<\/strong>\u00a0\u00bb \u00a0portant sur <strong>cent ans de relations entre le monde communiste et les arts plastiques en Belgique<\/strong>. Ce projet vise d\u2019une part \u00e0 publier la premi\u00e8re monographie scientifique sur ce th\u00e8me et, d\u2019autre part, \u00e0 organiser une exposition d\u2019\u0153uvres d\u2019art.<\/span><\/p>\n<p>&nbsp;<\/p>\n<p>&nbsp;<\/p>\n<p style=\"text-align: center;\"><a href=\"http:\/\/blog.lesgrossesorchadeslesamplesthalameges.fr\/?attachment_id=23701\" rel=\"attachment wp-att-23701\"><img loading=\"lazy\" class=\"alignnone wp-image-23701\" src=\"http:\/\/blog.lesgrossesorchadeslesamplesthalameges.fr\/wp-content\/uploads\/2023\/10\/4.-Toile-de-Roger-Somville-300x233.jpg\" alt=\"\" width=\"500\" height=\"388\" srcset=\"https:\/\/blog.lesgrossesorchadeslesamplesthalameges.fr\/wp-content\/uploads\/2023\/10\/4.-Toile-de-Roger-Somville-300x233.jpg 300w, https:\/\/blog.lesgrossesorchadeslesamplesthalameges.fr\/wp-content\/uploads\/2023\/10\/4.-Toile-de-Roger-Somville.jpg 600w\" sizes=\"(max-width: 500px) 100vw, 500px\" \/><\/a><\/p>\n<p style=\"text-align: center;\"><span style=\"font-family: times new roman, times, serif; font-size: 12pt;\"><strong><em>Toile de Roger Somville \u2013 1965 \u2013 <\/em><\/strong>Collection priv\u00e9e<\/span><\/p>\n<p>&nbsp;<\/p>\n<p>&nbsp;<\/p>\n<p style=\"text-align: center;\"><span style=\"font-family: times new roman, times, serif; font-size: 14pt;\"><strong>!!! N&rsquo;h\u00e9sitez pas \u00e0 d\u00e9j\u00e0 bloquer la date dans votre agenda !!! <\/strong><\/span><\/p>\n<p>&nbsp;<\/p>\n<p>&nbsp;<\/p>\n<p style=\"text-align: justify;\"><span style=\"font-family: times new roman, times, serif; font-size: 18pt;\"><strong>PROGRAMME PROVISOIRE<\/strong><\/span><\/p>\n<p><span style=\"font-family: times new roman, times, serif; font-size: 14pt;\">10h15. Paul Aron\u00a0: Calendrier des activit\u00e9s pr\u00e9vues avant l\u2019exposition- Pr\u00e9sentation des projets \u00e9ditoriaux\u00a0<\/span><\/p>\n<p><span style=\"font-family: times new roman, times, serif; font-size: 14pt;\">10h 30. Autour des collections\u00a0:\u00a0<\/span><\/p>\n<p><span style=\"font-family: times new roman, times, serif; font-size: 14pt;\">&#8211; Hendrik Ollivier, Les collections Wilchar et Deltour \u00e0 l\u2019AMSAB\u00a0<\/span><\/p>\n<p><span style=\"font-family: times new roman, times, serif; font-size: 14pt;\">&#8211; Ludovic Recchia, Les collections du Centre de la C\u00e9ramique de la F\u00e9d\u00e9ration Wallonie-Bruxelles (Keramis)\u00a0<\/span><\/p>\n<p><span style=\"font-family: times new roman, times, serif; font-size: 14pt;\">&#8211; Camille Baillargeon, Les collections Somville et Dubrunfaut \u00e0 l\u2019IHOES. \u00a0<\/span><\/p>\n<p><span style=\"font-family: times new roman, times, serif; font-size: 14pt;\">12h 30. D\u00e9jeuner\u00a0<\/span><\/p>\n<p><span style=\"font-family: times new roman, times, serif; font-size: 14pt;\">13h 30-15h 50. Autour des artistes\u00a0: \u00a0<\/span><\/p>\n<p style=\"text-align: left;\"><span style=\"font-family: times new roman, times, serif; font-size: 14pt;\">Pr\u00e9sentation de notices en vue du Dictionnaire. \u00a0<\/span><\/p>\n<p style=\"text-align: left;\"><span style=\"font-family: times new roman, times, serif; font-size: 14pt;\">&#8211; Charles Counhaye (Paul Aron)\u00a0<\/span><\/p>\n<p style=\"text-align: left;\"><span style=\"font-family: times new roman, times, serif; font-size: 14pt;\">&#8211; Frans Masereel (Samuel D\u00e9gardin) \u00a0<\/span><\/p>\n<p style=\"text-align: left;\"><span style=\"font-family: times new roman, times, serif; font-size: 14pt;\">&#8211; Marcel Broodthaers (Margaux Van Uytvanck) \u00a0<\/span><\/p>\n<p style=\"text-align: left;\"><span style=\"font-family: times new roman, times, serif; font-size: 14pt;\">&#8211; Paul Renotte (Jules Pirlot) \u00a0<\/span><\/p>\n<p style=\"text-align: left;\"><span style=\"font-family: times new roman, times, serif; font-size: 14pt;\">&#8211; Jacques Lacomblez (Gwendoline Moraine-Debraine) \u00a0<\/span><\/p>\n<p style=\"text-align: left;\"><span style=\"font-family: times new roman, times, serif; font-size: 14pt;\">&#8211; Marcel Mari\u00ebn( (Marie Godet) \u00a0<\/span><\/p>\n<p style=\"text-align: left;\"><span style=\"font-family: times new roman, times, serif; font-size: 14pt;\">&#8211; Reinaart Vanhoe et Benjamin Husson. Influences, filiations et strate\u0301gies politiques en art actuel (Guillaume Clermont)\u00a0<\/span><\/p>\n<p style=\"text-align: left;\"><span style=\"font-family: times new roman, times, serif; font-size: 14pt;\">15h 50-16h 50\u00a0<\/span><\/p>\n<p style=\"text-align: justify;\"><span style=\"font-family: times new roman, times, serif; font-size: 14pt;\">Discussion\u00a0sur la grille adopt\u00e9e, la longueur des textes, les illustrations.<\/span><\/p>\n<p style=\"text-align: justify;\"><span style=\"font-family: times new roman, times, serif; font-size: 14pt;\">\u00a0\u00a0<\/span><\/p>\n<p style=\"text-align: justify;\"><span style=\"font-family: times new roman, times, serif; font-size: 18pt;\"><strong>Pr\u00e9sentation\u00a0:<\/strong><\/span><\/p>\n<p style=\"text-align: justify;\"><span style=\"font-family: times new roman, times, serif; font-size: 14pt;\">Si le parti communiste est rest\u00e9 un parti relativement marginal dans le monde ouvrier, il a n\u00e9anmoins marqu\u00e9 la soci\u00e9t\u00e9 belge \u00e0 plusieurs moments de son histoire, par son r\u00f4le dans de grandes gr\u00e8ves, la lutte contre le nazisme, l\u2019accueil des enfants de la R\u00e9publique espagnole, le mouvement de la paix et de nombreux combats sociaux (r\u00e9duction du temps de service militaire, droits des femmes, lib\u00e9ralisation de l\u2019avortement, etc).<\/span><\/p>\n<p style=\"text-align: justify;\"><span style=\"font-family: times new roman, times, serif; font-size: 14pt;\">Gr\u00e2ce \u00e0 cet ancrage dans l\u2019histoire nationale et dans la r\u00e9sistance, gr\u00e2ce aussi au prestige de la r\u00e9volution d\u2019Octobre et aux mouvements tiers-mondistes, de nombreux artistes plasticiens ont rejoint ses rangs ou ont particip\u00e9 \u00e0 des activit\u00e9s organis\u00e9es par lui. Ces liens concernent aussi les courants dissidents du monde communiste, les mouvements trotskistes ou mao\u00efstes, les groupes et partis qui s\u2019en revendiquent.<\/span><\/p>\n<p>&nbsp;<\/p>\n<p style=\"text-align: left;\"><span style=\"font-family: times new roman, times, serif; font-size: 14pt;\">Nous contacter : <a href=\"mailto:chsg@ulb.be\">chsg@ulb.be<\/a><\/span><\/p>\n<p>&nbsp;<\/p>\n<p><span style=\"font-family: times new roman, times, serif; font-size: 14pt;\">Source\u00a0: <a href=\"https:\/\/chsg.ulb.ac.be\/le-parti-communiste-italien-et-le-colonialisme-1926-1956-giulio-fugazzo-seminaire-du-25-octobre-2023-18h-20h\/\">https:\/\/chsg.ulb.ac.be\/le-parti-communiste-italien-et-le-colonialisme-1926-1956-giulio-fugazzo-seminaire-du-25-octobre-2023-18h-20h\/<\/a><\/span><\/p>\n<p><span style=\"font-family: times new roman, times, serif; font-size: 14pt;\"><strong>URL de cet article\u00a0: <\/strong><a href=\"http:\/\/blog.lesgrossesorchadeslesamplesthalameges.fr\/index.php\/ou-il-est-question-de-colonialisme-passe-en-plein-neocolonialisme-present\/\">http:\/\/blog.lesgrossesorchadeslesamplesthalameges.fr\/index.php\/ou-il-est-question-de-colonialisme-passe-en-plein-neocolonialisme-present\/<\/a><\/span><\/p>\n<p><strong>\u00a0<\/strong><\/p>\n<p>&nbsp;<\/p>\n<p style=\"text-align: center;\"><strong>\u00a0<a href=\"http:\/\/blog.lesgrossesorchadeslesamplesthalameges.fr\/?attachment_id=23698\" rel=\"attachment wp-att-23698\"><img loading=\"lazy\" class=\"alignnone size-full wp-image-23698\" src=\"http:\/\/blog.lesgrossesorchadeslesamplesthalameges.fr\/wp-content\/uploads\/2023\/10\/000.-russep-x-1.gif\" alt=\"\" width=\"50\" height=\"50\" \/><\/a><\/strong><\/p>\n<p>&nbsp;<\/p>\n<p style=\"text-align: right;\"><span style=\"font-family: comic sans ms, sans-serif; font-size: 14pt;\">Octobre 2023<\/span><\/p>\n<p>&nbsp;<\/p>\n<p>&nbsp;<\/p>\n","protected":false},"excerpt":{"rendered":"<p>\u00a0 &nbsp; &nbsp; &nbsp; &nbsp; &nbsp; &nbsp; &nbsp; O\u00f9 il est question de colonialisme pass\u00e9 en plein n\u00e9ocolonialisme pr\u00e9sent &nbsp; &nbsp; Nous recevons, \u00e0 propos du colonialisme pass\u00e9, l\u2019avis suivant\u00a0: &nbsp; Ce mercredi 25 octobre 2023 (18 h \u00e0 20 h), \u00e0 l\u2019Universit\u00e9 Libre de Bruxelles, le Centre d\u2019Histoire et de Socioligie des Gauches (CHSG)&#8230;<\/p>\n","protected":false},"author":1,"featured_media":0,"parent":0,"menu_order":0,"comment_status":"open","ping_status":"open","template":"","meta":[],"_links":{"self":[{"href":"https:\/\/blog.lesgrossesorchadeslesamplesthalameges.fr\/index.php\/wp-json\/wp\/v2\/pages\/23716"}],"collection":[{"href":"https:\/\/blog.lesgrossesorchadeslesamplesthalameges.fr\/index.php\/wp-json\/wp\/v2\/pages"}],"about":[{"href":"https:\/\/blog.lesgrossesorchadeslesamplesthalameges.fr\/index.php\/wp-json\/wp\/v2\/types\/page"}],"author":[{"embeddable":true,"href":"https:\/\/blog.lesgrossesorchadeslesamplesthalameges.fr\/index.php\/wp-json\/wp\/v2\/users\/1"}],"replies":[{"embeddable":true,"href":"https:\/\/blog.lesgrossesorchadeslesamplesthalameges.fr\/index.php\/wp-json\/wp\/v2\/comments?post=23716"}],"version-history":[{"count":6,"href":"https:\/\/blog.lesgrossesorchadeslesamplesthalameges.fr\/index.php\/wp-json\/wp\/v2\/pages\/23716\/revisions"}],"predecessor-version":[{"id":23722,"href":"https:\/\/blog.lesgrossesorchadeslesamplesthalameges.fr\/index.php\/wp-json\/wp\/v2\/pages\/23716\/revisions\/23722"}],"wp:attachment":[{"href":"https:\/\/blog.lesgrossesorchadeslesamplesthalameges.fr\/index.php\/wp-json\/wp\/v2\/media?parent=23716"}],"curies":[{"name":"wp","href":"https:\/\/api.w.org\/{rel}","templated":true}]}}