{"id":23773,"date":"2023-10-22T19:38:52","date_gmt":"2023-10-22T17:38:52","guid":{"rendered":"http:\/\/blog.lesgrossesorchadeslesamplesthalameges.fr\/?page_id=23773"},"modified":"2023-10-22T19:39:54","modified_gmt":"2023-10-22T17:39:54","slug":"le-ballet-de-la-neutralite-russe","status":"publish","type":"page","link":"https:\/\/blog.lesgrossesorchadeslesamplesthalameges.fr\/index.php\/le-ballet-de-la-neutralite-russe\/","title":{"rendered":"Le ballet de la neutralit\u00e9 russe"},"content":{"rendered":"<p><strong>\u00a0<\/strong><\/p>\n<p>&nbsp;<\/p>\n<p>&nbsp;<\/p>\n<p>&nbsp;<\/p>\n<p>&nbsp;<\/p>\n<p>&nbsp;<\/p>\n<p>&nbsp;<\/p>\n<p>&nbsp;<\/p>\n<p style=\"text-align: center;\"><span style=\"font-family: times new roman, times, serif; font-size: 36pt;\"><strong>Le ballet de la neutralit\u00e9 russe sur Isra\u00ebl-Palestine<\/strong><\/span><\/p>\n<p style=\"text-align: justify;\"><span style=\"font-family: times new roman, times, serif; font-size: 14pt;\"><strong>\u00a0<\/strong><\/span><\/p>\n<p>&nbsp;<\/p>\n<p style=\"text-align: justify;\"><span style=\"font-family: times new roman, times, serif; font-size: 18pt;\"><em>Alors que certains poids lourds russes font pression pour qu&rsquo;Isra\u00ebl soit \u00e0 nouveau consid\u00e9r\u00e9 comme un \u00c9tat hostile, il est peu probable que le Kremlin change d&rsquo;avis. Au contraire, Moscou restera \u00ab\u00a0neutre\u00a0\u00bb pour maximiser son influence en Asie occidentale, tout en se rapprochant des mondes arabe et musulman.<\/em><\/span><\/p>\n<p>&nbsp;<\/p>\n<p style=\"text-align: justify;\"><span style=\"font-family: times new roman, times, serif; font-size: 14pt;\"><em>\u00a0<\/em><\/span><\/p>\n<p style=\"text-align: center;\"><span style=\"font-family: times new roman, times, serif; font-size: 18pt;\"><strong>Pepe Escobar<em> \u2013 The Cradle \u2013 <\/em>18.10.2023<\/strong><\/span><span style=\"font-family: times new roman, times, serif; font-size: 18pt;\"><strong>\u00a0<\/strong><\/span><\/p>\n<p style=\"text-align: center;\"><span style=\"font-family: times new roman, times, serif; font-size: 18pt;\">Traduction\u00a0:<strong> c.l. <\/strong>pour <strong><em>L.G.O.<\/em><\/strong><\/span><\/p>\n<p>&nbsp;<\/p>\n<p>&nbsp;<\/p>\n<p>&nbsp;<\/p>\n<p style=\"text-align: center;\"><a href=\"http:\/\/blog.lesgrossesorchadeslesamplesthalameges.fr\/index.php\/le-ballet-de-la-neutralite-russe\/cuba-2-russias-neutrality-ballet-2\/\" rel=\"attachment wp-att-23774\"><img loading=\"lazy\" class=\"alignnone wp-image-23774 size-full\" src=\"http:\/\/blog.lesgrossesorchadeslesamplesthalameges.fr\/wp-content\/uploads\/2023\/10\/CUBA-2.-Russias-neutrality-ballet-1.jpg\" alt=\"\" width=\"600\" height=\"370\" srcset=\"https:\/\/blog.lesgrossesorchadeslesamplesthalameges.fr\/wp-content\/uploads\/2023\/10\/CUBA-2.-Russias-neutrality-ballet-1.jpg 600w, https:\/\/blog.lesgrossesorchadeslesamplesthalameges.fr\/wp-content\/uploads\/2023\/10\/CUBA-2.-Russias-neutrality-ballet-1-300x185.jpg 300w\" sizes=\"(max-width: 600px) 100vw, 600px\" \/><\/a><\/p>\n<p>&nbsp;<\/p>\n<p>&nbsp;<\/p>\n<p>&nbsp;<\/p>\n<p style=\"text-align: justify;\"><span style=\"font-family: times new roman, times, serif; font-size: 14pt;\">Est-il possible que le philo-s\u00e9mite pr\u00e9sident russe Vladimir Poutine soit en train de r\u00e9\u00e9valuer, lentement mais s\u00fbrement, son \u00e9valuation g\u00e9opolitique d&rsquo;Isra\u00ebl ? C&rsquo;est un euph\u00e9misme de dire qu&rsquo;il s&rsquo;agit de l&rsquo;\u00e9nigme principale dans les couloirs du pouvoir \u00e0 Moscou.<\/span><\/p>\n<p style=\"text-align: justify;\"><span style=\"font-family: times new roman, times, serif; font-size: 14pt;\">Il n&rsquo;y a pas de signes ext\u00e9rieurs d&rsquo;un tel changement sismique &#8211; du moins en ce qui concerne la position officiellement \u00ab\u00a0neutre\u00a0\u00bb de la Russie sur l&rsquo;inextricable drame isra\u00e9lo-palestinien.<\/span><\/p>\n<p style=\"text-align: justify;\"><span style=\"font-family: times new roman, times, serif; font-size: 14pt;\">\u00c0 l&rsquo;exception d&rsquo;une <a href=\"http:\/\/en.kremlin.ru\/events\/president\/news\/72502\">d\u00e9claration \u00e9tonnante<\/a> faite vendredi dernier lors du sommet de la Communaut\u00e9 des \u00c9tats ind\u00e9pendants (CEI) \u00e0 Bichkek, lorsque M. Poutine a fustig\u00e9 les \u00ab\u00a0m\u00e9thodes cruelles\u00a0\u00bb employ\u00e9es par Isra\u00ebl pour bloquer la bande de Gaza et les a compar\u00e9es au \u00ab\u00a0si\u00e8ge de Leningrad pendant la Deuxi\u00e8me Guerre mondiale\u00a0\u00bb.<\/span><\/p>\n<p style=\"text-align: justify;\"><span style=\"font-family: times new roman, times, serif; font-size: 14pt;\">\u00a0\u00ab\u00a0C&rsquo;est inacceptable\u00a0\u00bb, a d\u00e9clar\u00e9 le pr\u00e9sident russe, et il a averti que lorsque les 2,2 millions de civils de Gaza \u00ab\u00a0doivent souffrir, y compris les femmes et les enfants, il est difficile pour quiconque d&rsquo;\u00eatre d&rsquo;accord avec cela \u00bb.<\/span><\/p>\n<p style=\"text-align: justify;\"><span style=\"font-family: times new roman, times, serif; font-size: 14pt;\">Les commentaires de M. Poutine sont peut-\u00eatre un indice des changements en cours dans les relations frustrantes et opaques entre la Russie et Isra\u00ebl. <a href=\"https:\/\/vz.ru\/politics\/2023\/10\/13\/1234833.html\">L&rsquo;article tr\u00e8s important<\/a> publi\u00e9 vendredi dernier sur <em>Vzglyad,<\/em> un site web de strat\u00e9gie de s\u00e9curit\u00e9 proche du Kremlin, intitul\u00e9 diplomatiquement \u00ab\u00a0Pourquoi la Russie reste neutre dans le conflit au Moyen-Orient\u00a0\u00bb, vient juste apr\u00e8s.<\/span><\/p>\n<p style=\"text-align: justify;\"><span style=\"font-family: times new roman, times, serif; font-size: 14pt;\">Il est essentiel de noter qu&rsquo;il y a seulement six mois, les r\u00e9dacteurs de <em>Vzglyad<\/em>, refl\u00e9tant un quasi-consensus au sein de la communaut\u00e9 russe du renseignement, appelaient Moscou \u00e0 d\u00e9placer son poids politique consid\u00e9rable pour soutenir le probl\u00e8me num\u00e9ro un des mondes arabe et islamique.<\/span><\/p>\n<p style=\"text-align: justify;\"><span style=\"font-family: times new roman, times, serif; font-size: 14pt;\">L&rsquo;article reprenait les points-cl\u00e9s exprim\u00e9s par Poutine \u00e0 Bichkek : il n&rsquo;y a pas d&rsquo;alternative aux n\u00e9gociations ; Tel-Aviv a \u00e9t\u00e9 victime d&rsquo;une attaque brutale et a le droit de se d\u00e9fendre ; un v\u00e9ritable r\u00e8glement n&rsquo;est possible que par le biais d&rsquo;un \u00c9tat palestinien ind\u00e9pendant dont la capitale serait situ\u00e9e \u00e0 J\u00e9rusalem-Est.<\/span><\/p>\n<p style=\"text-align: justify;\"><span style=\"font-family: times new roman, times, serif; font-size: 14pt;\">Le pr\u00e9sident russe est favorable \u00e0 la solution originale des Nations unies, celle \u00e0 \u00ab\u00a0deux \u00c9tats\u00a0\u00bb, et estime qu&rsquo;un \u00c9tat palestinien devrait \u00eatre \u00e9tabli \u00ab\u00a0par des moyens pacifiques\u00a0\u00bb. Toutefois, autant le conflit est \u00ab\u00a0le r\u00e9sultat direct de l&rsquo;\u00e9chec de la politique des \u00c9tats-Unis au Moyen-Orient\u00a0\u00bb, autant M. Poutine rejette les projets de Tel-Aviv de lancer une op\u00e9ration terrestre dans la bande de Gaza.<\/span><\/p>\n<p style=\"text-align: justify;\"><span style=\"font-family: times new roman, times, serif; font-size: 14pt;\">Cette r\u00e9serve n&rsquo;est certainement pas la preuve que Poutine s&rsquo;est ralli\u00e9 \u00e0 un quasi-consensus au sein de l&rsquo;\u00e9tat-major g\u00e9n\u00e9ral, des <em>siloviki<\/em> de plusieurs agences de renseignement et de son minist\u00e8re de la D\u00e9fense, lesquels consid\u00e8rent qu&rsquo;Isra\u00ebl pourrait \u00eatre un ennemi de facto de la F\u00e9d\u00e9ration de Russie, alli\u00e9 \u00e0 l&rsquo;Ukraine, aux \u00c9tats-Unis et \u00e0 l&rsquo;OTAN..<\/span><\/p>\n<p style=\"text-align: justify;\"><span style=\"font-family: times new roman, times, serif; font-size: 14pt;\"><strong>\u00a0<\/strong><\/span><\/p>\n<p style=\"text-align: justify;\"><span style=\"font-family: times new roman, times, serif; font-size: 18pt;\"><strong>Suivez l\u2019argent<\/strong>.\u00a0\u00a0<\/span><\/p>\n<p style=\"text-align: justify;\"><span style=\"font-family: times new roman, times, serif; font-size: 14pt;\">Tel-Aviv a pris tr\u00e8s grand soin de ne pas s\u2019opposer frontalement \u00e0 la Russie en Ukraine, ce qui pourrait \u00eatre une cons\u00e9quence directe des relations notoirement cordiales entre Poutine et le Premier ministre isra\u00e9lien Benjamin Netanyahou.<\/span><\/p>\n<p style=\"text-align: justify;\"><span style=\"font-family: times new roman, times, serif; font-size: 14pt;\">Cependant, l&rsquo;\u00e9volution des relations de Moscou avec les \u00c9tats arabes, en particulier avec l&rsquo;Arabie saoudite, partenaire de l&rsquo;OPEP+, qui a contribu\u00e9 \u00e0 contrecarrer les efforts occidentaux pour contr\u00f4ler les prix du p\u00e9trole, est bien plus importante qu&rsquo;Isra\u00ebl sur l&rsquo;\u00e9chiquier g\u00e9opolitique.<\/span><\/p>\n<p style=\"text-align: justify;\"><span style=\"font-family: times new roman, times, serif; font-size: 14pt;\">Le partenariat strat\u00e9gique avec l&rsquo;Iran, qui a port\u00e9 ses fruits en Syrie et dans le Caucase et qui contribue \u00e0 contenir l&rsquo;expansionnisme am\u00e9ricain, joue \u00e9galement un r\u00f4le essentiel dans l&rsquo;\u00e9laboration de la politique r\u00e9gionale de la Russie. Enfin, le va-et-vient complexe et \u00e0 plusieurs niveaux de Moscou avec Ankara est crucial pour les ambitions \u00e9conomiques et g\u00e9opolitiques de la Russie en Eurasie.<\/span><\/p>\n<p style=\"text-align: justify;\"><span style=\"font-family: times new roman, times, serif; font-size: 14pt;\">Les trois puissances d&rsquo;Asie occidentale sont des \u00c9tats \u00e0 majorit\u00e9 musulmane, affiliations importantes pour une Russie multipolaire qui abrite sa propre population musulmane consid\u00e9rable..\u00a0<\/span><\/p>\n<p style=\"text-align: justify;\"><span style=\"font-family: times new roman, times, serif; font-size: 14pt;\">Et pour ces trois acteurs r\u00e9gionaux, sans distinction, la \u00ab\u00a0punition\u00a0\u00bb collective actuelle de Gaza transgresse toute ligne rouge possible.\u00a0\u00a0\u00a0\u00a0<\/span><\/p>\n<p style=\"text-align: justify;\"><span style=\"font-family: times new roman, times, serif; font-size: 14pt;\">Isra\u00ebl n&rsquo;est plus non plus tr\u00e8s important dans les consid\u00e9rations financi\u00e8res de Moscou. Depuis les ann\u00e9es 1990, d&rsquo;immenses quantit\u00e9s de fonds russes ont transit\u00e9 vers Isra\u00ebl, mais aujourd&rsquo;hui, une partie substantielle s\u2019en retourne tout droit en Russie.<\/span><\/p>\n<p style=\"text-align: justify;\"><span style=\"font-family: times new roman, times, serif; font-size: 14pt;\">Le cas notoire du milliardaire Mikhail Friedman illustre bien cette nouvelle r\u00e9alit\u00e9. L&rsquo;oligarque a quitt\u00e9 son domicile au Royaume-Uni pour s&rsquo;installer en Isra\u00ebl une semaine avant le lancement du d\u00e9luge Al-Aqsa, d\u00e9luge qui l&rsquo;a pouss\u00e9 \u00e0 saisir son passeport russe et \u00e0 se rendre \u00e0 Moscou pour se mettre \u00e0 l&rsquo;abri.<\/span><\/p>\n<p style=\"text-align: justify;\"><span style=\"font-family: times new roman, times, serif; font-size: 14pt;\">Friedman, qui dirige le groupe Alfa avec des int\u00e9r\u00eats majeurs dans les t\u00e9l\u00e9communications, la banque, le commerce de d\u00e9tail et l&rsquo;assurance, et qui est un riche survivant de la crise financi\u00e8re de 1998, est soup\u00e7onn\u00e9 par les Russes d&rsquo;avoir \u00ab\u00a0contribu\u00e9\u00a0\u00bb \u00e0 hauteur de 150 millions de dollars au r\u00e9gime ennemi de Kiev.<\/span><\/p>\n<p style=\"text-align: justify;\"><span style=\"font-family: times new roman, times, serif; font-size: 14pt;\">La r\u00e9action du pr\u00e9sident de la Douma, Vyacheslav Volodin, n&rsquo;aurait pu \u00eatre plus vive, ni moins pr\u00e9occup\u00e9e par les sentiments d&rsquo;Isra\u00ebl en la mati\u00e8re\u00a0:<\/span><\/p>\n<p>&nbsp;<\/p>\n<p style=\"text-align: justify; padding-left: 80px;\"><span style=\"font-family: times new roman, times, serif; font-size: 14pt;\"><a href=\"http:\/\/blog.lesgrossesorchadeslesamplesthalameges.fr\/index.php\/2023\/10\/22\/un-drapeau-blanc-dans-un-trou-noir\/2-guillemets-ouvrants-gif-3\/\" rel=\"attachment wp-att-23750\"><img loading=\"lazy\" class=\"alignnone size-full wp-image-23750\" src=\"http:\/\/blog.lesgrossesorchadeslesamplesthalameges.fr\/wp-content\/uploads\/2023\/10\/2.-guillemets-ouvrants-GIF.gif\" alt=\"\" width=\"80\" height=\"64\" \/><\/a><\/span><\/p>\n<p style=\"text-align: justify; padding-left: 80px;\"><span style=\"font-family: times new roman, times, serif; font-size: 14pt;\">\u00ab\u00a0Quiconque a quitt\u00e9 le pays et s\u2019est livr\u00e9 \u00e0 des actes r\u00e9pr\u00e9hensibles, c\u00e9l\u00e9brant des tirs contre le territoire russe et souhaitant la victoire du r\u00e9gime nazi de Kiev, doit savoir qu&rsquo;il n\u2019est pas le bienvenu ici et que s&rsquo;ils revient, Magadan (un port de transit notoire vers le goulag \u00e0 l&rsquo;\u00e9poque de Staline) l\u2019attend\u00a0\u00bb.<\/span><\/p>\n<p>&nbsp;<\/p>\n<p style=\"text-align: justify;\"><span style=\"font-family: times new roman, times, serif; font-size: 18pt;\"><strong>Quand la russophobie rencontre la punition collective<\/strong><\/span><\/p>\n<p style=\"text-align: justify;\"><span style=\"font-family: times new roman, times, serif; font-size: 14pt;\">Alors que l&rsquo;Occident collectif a recouru \u00e0 un \u00ab Nous sommes tous des Isra\u00e9liens aujourd\u2019hui \u00bb monomaniaque, la strat\u00e9gie du Kremlin consiste \u00e0 se positionner visiblement comme le m\u00e9diateur de choix dans ce conflit &#8211; non seulement pour les mondes arabe et musulman, mais aussi pour le Sud mondial et la majorit\u00e9 mondiale.<\/span><span style=\"font-family: times new roman, times, serif; font-size: 14pt;\">\u00a0<\/span><\/p>\n<p style=\"text-align: justify;\"><span style=\"font-family: times new roman, times, serif; font-size: 14pt;\">Tel \u00e9tait l&rsquo;objectif du projet de r\u00e9solution russe pr\u00e9sent\u00e9 cette semaine au Conseil de s\u00e9curit\u00e9 des Nations unies, qui appelait \u00e0 un cessez-le-feu \u00e0 Gaza et qui, comme on pouvait s&rsquo;y attendre, a \u00e9t\u00e9 rejet\u00e9 par les habituels suspects. ..\u00a0\u00a0<\/span><\/p>\n<p style=\"text-align: justify;\"><span style=\"font-family: times new roman, times, serif; font-size: 14pt;\">Trois membres permanents du Conseil de s\u00e9curit\u00e9\u00a0: les \u00c9tats-Unis, le Royaume-Uni et la France, ainsi que leur n\u00e9o-colonie, le Japon, ont vot\u00e9 contre. Pour le reste du monde, cela ressemblait exactement \u00e0 ce que c&rsquo;\u00e9tait : une russophobie occidentale irrationnelle et des \u00c9tats marionnettes des \u00c9tats-Unis validant le bombardement g\u00e9nocidaire d&rsquo;Isra\u00ebl sur la population civile de Gaza.<\/span><\/p>\n<p style=\"text-align: justify;\"><span style=\"font-family: times new roman, times, serif; font-size: 14pt;\">Officieusement, les analystes du renseignement soulignent que l&rsquo;\u00e9tat-major russe, l&rsquo;appareil de renseignement et le minist\u00e8re de la D\u00e9fense semblent s&rsquo;aligner organiquement sur les sentiments du reste du monde \u00e0 l&rsquo;\u00e9gard des agressions sans limites d&rsquo;Isra\u00ebl.<\/span><\/p>\n<p style=\"text-align: justify;\"><span style=\"font-family: times new roman, times, serif; font-size: 14pt;\">Le probl\u00e8me, c\u2019est que les critiques officielles et publiques de la Russie \u00e0 l&rsquo;\u00e9gard de l&rsquo;incitation \u00e0 la violence en s\u00e9rie et psychotique de M. Netanyahou, ainsi que de son ministre de la s\u00e9curit\u00e9 nationale de droite, Itamar Ben-Gvir, et de son ministre des finances, Bezalel Smotrich, ont \u00e9t\u00e9 inexistantes.<\/span><\/p>\n<p style=\"text-align: justify;\"><span style=\"font-family: times new roman, times, serif; font-size: 14pt;\">Les initi\u00e9s moscovites insistent sur le fait que la position \u00ab\u00a0neutre\u00a0\u00bb officielle du Kremlin est en conflit frontal avec ses agences de D\u00e9fense et de S\u00e9curit\u00e9 \u2013 en particulier le GRU et le SVR \u2013 qui n&rsquo;oublieront jamais qu&rsquo;Isra\u00ebl a \u00e9t\u00e9 directement impliqu\u00e9 dans l&rsquo;assassinat de Russes en Syrie.<\/span><\/p>\n<p style=\"text-align: justify;\"><span style=\"font-family: times new roman, times, serif; font-size: 14pt;\">Ce sentiment s&rsquo;est renforc\u00e9 encore depuis qu\u2019en septembre 2018, l&rsquo;arm\u00e9e de l&rsquo;air isra\u00e9lienne a utilis\u00e9 un avion de reconnaissance \u00e9lectronique Iliouchine-20M comme couverture contre les missiles syriens, ce qui a entra\u00een\u00e9 son abattage et la mort des 15 Russes qui se trouvaient \u00e0 bord.\u00a0\u00a0<\/span><\/p>\n<p style=\"text-align: justify;\"><span style=\"font-family: times new roman, times, serif; font-size: 14pt;\">Ce silence dans les all\u00e9es du pouvoir est refl\u00e9t\u00e9 par le silence de la sph\u00e8re publique. Il n&rsquo;y a pas eu de d\u00e9bat \u00e0 la Douma sur la position russe concernant Isra\u00ebl et la Palestine. Et aucun d\u00e9bat n&rsquo;a eu lieu non plus au Conseil de s\u00e9curit\u00e9 depuis le d\u00e9but du mois d&rsquo;octobre.<\/span><\/p>\n<p style=\"text-align: justify;\"><span style=\"font-family: times new roman, times, serif; font-size: 14pt;\">Le patriarche Kirill, chef de l&rsquo;\u00c9glise orthodoxe russe, a toutefois fait une allusion subtile en soulignant que la \u00ab\u00a0coexistence pacifique\u00a0\u00bb avait une \u00ab\u00a0dimension religieuse\u00a0\u00bb et n\u00e9cessitait une \u00ab\u00a0paix juste\u00a0\u00bb. Ce qui ne correspond pas exactement au nettoyage ethnique annonc\u00e9 des \u00ab\u00a0animaux humains\u00a0\u00bb (copyright minist\u00e8re de la D\u00e9fense isra\u00e9lien) \u00e0 Gaza.<\/span><\/p>\n<p style=\"text-align: justify;\"><span style=\"font-family: times new roman, times, serif; font-size: 14pt;\">Dans certains couloirs proches du pouvoir, une rumeur alarmante fait \u00e9tat d&rsquo;un jeu d&rsquo;ombres complexe entre Moscou et Washington, dans lequel les Am\u00e9ricains s&rsquo;occuperaient d&rsquo;Isra\u00ebl en \u00e9change des Russes qui s&rsquo;occuperaient de l&rsquo;Ukraine.<\/span><\/p>\n<p style=\"text-align: justify;\"><span style=\"font-family: times new roman, times, serif; font-size: 14pt;\">M\u00eame si cela scellerait le processus d\u00e9j\u00e0 en cours de l&rsquo;Occident jetant sous le bus l&rsquo;acteur en sweat-shirt de Kiev, il est tr\u00e8s peu probable que le Kremlin fasse confiance \u00e0 un accord am\u00e9ricain, et certainement pas \u00e0 un accord qui marginaliserait l&rsquo;influence russe dans la r\u00e9gion strat\u00e9gique de l&rsquo;Asie occidentale.<\/span><\/p>\n<p>&nbsp;<\/p>\n<p style=\"text-align: justify;\"><span style=\"font-family: times new roman, times, serif; font-size: 18pt;\"><strong>La solution \u00e0 deux \u00e9tats est morte<\/strong><\/span><\/p>\n<p style=\"text-align: justify;\"><span style=\"font-family: times new roman, times, serif; font-size: 14pt;\">Le ballet de la \u00ab\u00a0neutralit\u00e9\u00a0\u00bb russe va continuer. Moscou fait comprendre \u00e0 Tel-Aviv que, m\u00eame dans le cadre de son partenariat strat\u00e9gique avec l&rsquo;Iran, les armes susceptibles de menacer Isra\u00ebl \u2013 c&rsquo;est-\u00e0-dire de finir dans les mains du Hezbollah et du Hamas \u2013 ne seront pas export\u00e9es. La contrepartie de cet arrangement serait qu&rsquo;Isra\u00ebl ne vende pas non plus \u00e0 Kiev d&rsquo;armes susceptibles de menacer la Russie.<\/span><\/p>\n<p style=\"text-align: justify;\"><span style=\"font-family: times new roman, times, serif; font-size: 14pt;\">Mais contrairement aux USA et au Royaume-Uni, la Russie ne d\u00e9signera pas le Hamas comme une organisation terroriste. Le porte-parole du Kremlin, Dmitri Peskov, a \u00e9t\u00e9 tr\u00e8s direct sur ce point : Moscou maintient ses contacts avec les deux parties ; sa \u00ab\u00a0priorit\u00e9 num\u00e9ro un\u00a0\u00bb est \u00ab\u00a0l&rsquo;int\u00e9r\u00eat des citoyens (russes) du pays qui vivent \u00e0 la fois en Palestine et en Isra\u00ebl\u00a0\u00bb ; et la Russie restera \u00ab\u00a0une partie qui a le potentiel de participer aux processus de r\u00e8glement\u00a0\u00bb.<\/span><\/p>\n<p style=\"text-align: justify;\"><span style=\"font-family: times new roman, times, serif; font-size: 14pt;\">La neutralit\u00e9, bien s\u00fbr, peut aboutir \u00e0 une impasse. Pour une \u00e9crasante majorit\u00e9 des \u00c9tats arabes et musulmans activement courtis\u00e9s par le Kremlin, le d\u00e9mant\u00e8lement du colonialisme sioniste devrait \u00eatre la \u00ab\u00a0priorit\u00e9 num\u00e9ro un\u00a0\u00bb.<\/span><\/p>\n<p style=\"text-align: justify;\"><span style=\"font-family: times new roman, times, serif; font-size: 14pt;\">Cela sous-entend que la solution \u00e0 deux \u00c9tats est, \u00e0 toutes fins pratiques, compl\u00e8tement morte et enterr\u00e9e. Pourtant, rien n&rsquo;indique que quiconque, et surtout pas Moscou, soit pr\u00eat \u00e0 l&rsquo;admettre.<\/span><\/p>\n<p>&nbsp;<\/p>\n<p style=\"text-align: left;\"><span style=\"font-family: times new roman, times, serif; font-size: 14pt;\">Source\u00a0: <a href=\"https:\/\/new.thecradle.co\/articles\/russias-neutrality-ballet-on-israel-palestine\">Russia\u2019s neutrality ballet on Israel-Palestine (thecradle.co)<\/a><\/span><\/p>\n<p style=\"text-align: left;\"><span style=\"font-family: times new roman, times, serif; font-size: 14pt;\"><strong>URL de cet article : <\/strong><a href=\"http:\/\/blog.lesgrossesorchadeslesamplesthalameges.fr\/index.php\/le-ballet-de-la-neutralite-russe\/\">http:\/\/blog.lesgrossesorchadeslesamplesthalameges.fr\/index.php\/le-ballet-de-la-neutralite-russe\/<\/a><\/span><\/p>\n<p>&nbsp;<\/p>\n<p>&nbsp;<\/p>\n<p style=\"text-align: center;\"><a href=\"http:\/\/blog.lesgrossesorchadeslesamplesthalameges.fr\/index.php\/2023\/10\/19\/par-un-laid-jour-doctobre-2023\/000-russep-x-47\/\" rel=\"attachment wp-att-23698\"><img loading=\"lazy\" class=\"alignnone size-full wp-image-23698\" src=\"http:\/\/blog.lesgrossesorchadeslesamplesthalameges.fr\/wp-content\/uploads\/2023\/10\/000.-russep-x-1.gif\" alt=\"\" width=\"50\" height=\"50\" \/><\/a><\/p>\n<p>&nbsp;<\/p>\n<p>&nbsp;<\/p>\n<p style=\"text-align: right;\"><span style=\"font-family: comic sans ms, sans-serif; font-size: 14pt;\">Octobre 2023<\/span><\/p>\n<p>&nbsp;<\/p>\n","protected":false},"excerpt":{"rendered":"<p>\u00a0 &nbsp; &nbsp; &nbsp; &nbsp; &nbsp; &nbsp; &nbsp; Le ballet de la neutralit\u00e9 russe sur Isra\u00ebl-Palestine \u00a0 &nbsp; Alors que certains poids lourds russes font pression pour qu&rsquo;Isra\u00ebl soit \u00e0 nouveau consid\u00e9r\u00e9 comme un \u00c9tat hostile, il est peu probable que le Kremlin change d&rsquo;avis. Au contraire, Moscou restera \u00ab\u00a0neutre\u00a0\u00bb pour maximiser son influence en&#8230;<\/p>\n","protected":false},"author":1,"featured_media":0,"parent":0,"menu_order":0,"comment_status":"open","ping_status":"open","template":"","meta":[],"_links":{"self":[{"href":"https:\/\/blog.lesgrossesorchadeslesamplesthalameges.fr\/index.php\/wp-json\/wp\/v2\/pages\/23773"}],"collection":[{"href":"https:\/\/blog.lesgrossesorchadeslesamplesthalameges.fr\/index.php\/wp-json\/wp\/v2\/pages"}],"about":[{"href":"https:\/\/blog.lesgrossesorchadeslesamplesthalameges.fr\/index.php\/wp-json\/wp\/v2\/types\/page"}],"author":[{"embeddable":true,"href":"https:\/\/blog.lesgrossesorchadeslesamplesthalameges.fr\/index.php\/wp-json\/wp\/v2\/users\/1"}],"replies":[{"embeddable":true,"href":"https:\/\/blog.lesgrossesorchadeslesamplesthalameges.fr\/index.php\/wp-json\/wp\/v2\/comments?post=23773"}],"version-history":[{"count":8,"href":"https:\/\/blog.lesgrossesorchadeslesamplesthalameges.fr\/index.php\/wp-json\/wp\/v2\/pages\/23773\/revisions"}],"predecessor-version":[{"id":23782,"href":"https:\/\/blog.lesgrossesorchadeslesamplesthalameges.fr\/index.php\/wp-json\/wp\/v2\/pages\/23773\/revisions\/23782"}],"wp:attachment":[{"href":"https:\/\/blog.lesgrossesorchadeslesamplesthalameges.fr\/index.php\/wp-json\/wp\/v2\/media?parent=23773"}],"curies":[{"name":"wp","href":"https:\/\/api.w.org\/{rel}","templated":true}]}}