{"id":23839,"date":"2023-10-26T23:54:45","date_gmt":"2023-10-26T21:54:45","guid":{"rendered":"http:\/\/blog.lesgrossesorchadeslesamplesthalameges.fr\/?page_id=23839"},"modified":"2023-10-27T00:09:00","modified_gmt":"2023-10-26T22:09:00","slug":"le-plus-grand-agregateur-dinformations-deurope-ordonne-a-ses-redacteurs-de-minimiser-les-deces-de-palestiniens","status":"publish","type":"page","link":"https:\/\/blog.lesgrossesorchadeslesamplesthalameges.fr\/index.php\/le-plus-grand-agregateur-dinformations-deurope-ordonne-a-ses-redacteurs-de-minimiser-les-deces-de-palestiniens\/","title":{"rendered":"Le plus grand agr\u00e9gateur d&rsquo;informations d&rsquo;Europe ordonne \u00e0 ses r\u00e9dacteurs de minimiser les d\u00e9c\u00e8s de Palestiniens"},"content":{"rendered":"<p>&nbsp;<\/p>\n<p>&nbsp;<\/p>\n<p>&nbsp;<\/p>\n<p>&nbsp;<\/p>\n<p>&nbsp;<\/p>\n<p>&nbsp;<\/p>\n<p>&nbsp;<\/p>\n<p><a href=\"http:\/\/blog.lesgrossesorchadeslesamplesthalameges.fr\/index.php\/2023\/10\/26\/lhumanite-divisee-en-deux-et-la-guerre-qui-vient\/germany-architecture-entreprises-mass-media\/\" rel=\"attachment wp-att-23825\"><img loading=\"lazy\" class=\"wp-image-23825 size-full aligncenter\" src=\"http:\/\/blog.lesgrossesorchadeslesamplesthalameges.fr\/wp-content\/uploads\/2023\/10\/7.-Q.G-SPRINGER-BERLIN-.jpg\" alt=\"\" width=\"650\" height=\"325\" srcset=\"https:\/\/blog.lesgrossesorchadeslesamplesthalameges.fr\/wp-content\/uploads\/2023\/10\/7.-Q.G-SPRINGER-BERLIN-.jpg 650w, https:\/\/blog.lesgrossesorchadeslesamplesthalameges.fr\/wp-content\/uploads\/2023\/10\/7.-Q.G-SPRINGER-BERLIN--300x150.jpg 300w\" sizes=\"(max-width: 650px) 100vw, 650px\" \/><\/a><\/p>\n<p style=\"text-align: center;\"><span style=\"font-family: times new roman, times, serif; font-size: 12pt;\"><strong><em>Le nouveau quartier g\u00e9n\u00e9ral des publications d\u2019Axel Springer \u00e0 Berlin depuis 2021<\/em><\/strong><\/span><\/p>\n<p style=\"text-align: center;\"><span style=\"font-family: times new roman, times, serif; font-size: 14pt;\"><strong><em>\u00a0<\/em><\/strong><\/span><\/p>\n<p>&nbsp;<\/p>\n<p style=\"text-align: center;\"><span style=\"font-family: times new roman, times, serif; font-size: 24pt;\"><strong>Le plus grand agr\u00e9gateur d&rsquo;informations d&rsquo;Europe ordonne \u00e0 ses r\u00e9dacteurs de minimiser les d\u00e9c\u00e8s de Palestiniens<\/strong><\/span><\/p>\n<p style=\"text-align: justify;\"><span style=\"font-family: times new roman, times, serif; font-size: 14pt;\"><strong>\u00a0<\/strong><\/span><\/p>\n<p style=\"text-align: center;\"><span style=\"font-family: times new roman, times, serif; font-size: 18pt;\"><strong><em>Upday<\/em><\/strong>, une application appartenant au g\u00e9ant allemand des m\u00e9dias Axel Springer, exige de ses journalistes qu\u2019ils couvrent la guerre \u00e0 Gaza en privil\u00e9giant Isra\u00ebl.<\/span><\/p>\n<p>&nbsp;<\/p>\n<p style=\"text-align: center;\"><span style=\"font-family: times new roman, times, serif; font-size: 14pt;\"><a href=\"https:\/\/theintercept.com\/staff\/danielboguslaw\/\"><strong>Daniel Boguslaw<\/strong><\/a><strong>\u00a0 \u2013 <em>The Intercept<\/em> \u2013 19.10.2023<\/strong><\/span><\/p>\n<p style=\"text-align: center;\"><span style=\"font-family: times new roman, times, serif; font-size: 14pt;\">Traduction :<strong> c.l. <\/strong>pour<strong> <em>L.G.O.<\/em><\/strong><\/span><\/p>\n<p style=\"text-align: justify;\"><span style=\"font-family: times new roman, times, serif; font-size: 14pt;\"><u>\u00a0<\/u><\/span><\/p>\n<p style=\"text-align: justify;\"><span style=\"font-family: tahoma, arial, helvetica, sans-serif; font-size: 14pt;\"><strong>Alors que les bombardements isra\u00e9liens ont pratiquement supprim\u00e9 l&rsquo;acc\u00e8s \u00e0 Internet dans la bande de Gaza au cours du week-end, l&rsquo;une des plus grandes soci\u00e9t\u00e9s de m\u00e9dias en Europe a pris sa propre initiative pour limiter les informations en ligne sur les victimes civiles en Palestine.<\/strong><\/span><\/p>\n<p style=\"text-align: justify;\"><span style=\"font-family: times new roman, times, serif; font-size: 14pt;\"><strong><em>Upday<\/em><\/strong><strong>,<\/strong> la plus grande application d&rsquo;agr\u00e9gation de nouvelles en Europe, a donn\u00e9 des directives pour colorer la couverture de la guerre \u00e0 Gaza par des sentiments pro-isra\u00e9liens, selon <strong>des entretiens avec des employ\u00e9s et des documents internes obtenus par<\/strong> <em>The Intercept.<\/em><\/span><\/p>\n<p style=\"text-align: justify;\"><span style=\"font-family: times new roman, times, serif; font-size: 14pt;\">La direction d&rsquo;<em>Upday<\/em>, filiale du g\u00e9ant allemand de l&rsquo;\u00e9dition Axel Springer, a donn\u00e9 des instructions \u00e0 son personnel pour que priorit\u00e9 soit donn\u00e9e au point de vue isra\u00e9lien et que soient minimis\u00e9es les morts civiles palestiniennes dans la couverture des \u00e9v\u00e9nements, selon le t\u00e9moignage d\u2019employ\u00e9s du goupe.<\/span><\/p>\n<p>&nbsp;<\/p>\n<p style=\"text-align: justify; padding-left: 80px;\"><span style=\"font-family: times new roman, times, serif; font-size: 14pt;\">\u00ab\u00a0Nous ne pouvons pas faire \u00e9tat des chiffres de morts ou de bless\u00e9s palestiniens sans que l&rsquo;information sur Isra\u00ebl ne soit plus haut plac\u00e9e dans l&rsquo;article.<\/span><\/p>\n<p style=\"text-align: justify; padding-left: 80px;\"><span style=\"font-family: times new roman, times, serif; font-size: 14pt;\">\u00ab\u00a0Il ne nous est pas permis de diffuser d&rsquo;informations sur le nombre de morts ou de bless\u00e9s palestiniens sans que l&rsquo;information sur Isra\u00ebl ne figure plus haut dans l&rsquo;article\u00a0\u00bb, a d\u00e9clar\u00e9 un employ\u00e9 \u00e0 <em>The Intercept<\/em>, faisant r\u00e9f\u00e9rence aux notifications <em>push<\/em>, c. \u00e0 d. les alertes envoy\u00e9es \u00e0 des millions de t\u00e9l\u00e9phones. Les employ\u00e9s, qui ont demand\u00e9 \u00e0 garder l&rsquo;anonymat pour prot\u00e9ger leurs moyens de subsistance, ont d\u00e9clar\u00e9 que ces mesures suscitaient un malaise g\u00e9n\u00e9ralis\u00e9 au sein de l&rsquo;entreprise.<\/span><\/p>\n<p>&nbsp;<\/p>\n<p style=\"text-align: justify;\"><span style=\"font-family: times new roman, times, serif; font-size: 14pt;\">\u00ab\u00a0Nous contestons fortementt les all\u00e9gations indirectes que vous faites\u00a0\u00bb, nous a d\u00e9clar\u00e9 Julia Sommerfeld, repr\u00e9sentante de la soci\u00e9t\u00e9 allemande Axel Springer. \u00ab\u00a0Nous n&rsquo;avons pas demand\u00e9 \u00e0 nos journalistes d&rsquo;ignorer les victimes civiles \u00e0 Gaza, ni \u00e0 nos r\u00e9dacteurs en chef de manipuler la couverture de l&rsquo;actualit\u00e9, et la direction de l&rsquo;entreprise n&rsquo;a \u00e9t\u00e9 impliqu\u00e9e dans aucune d\u00e9cision \u00e9ditoriale. Les lignes directrices \u00e9ditoriales d&rsquo;<em>Upday<\/em> sont bas\u00e9es sur les principes du journalisme et les <em>Axel Springer Essentials <\/em>(=accessibles au public)\u00a0\u00bb,<\/span><\/p>\n<p style=\"text-align: justify;\"><span style=\"font-family: times new roman, times, serif; font-size: 14pt;\">Sommerfeld nous a dit encore\u00a0:\u00a0 \u00ab\u00a0la couverture de l&rsquo;actualit\u00e9 par <em>Upday<\/em> suit ces principes, et chaque d\u00e9cision \u00e9ditoriale est prise par des journalistes qualifi\u00e9s\u00a0\u00bb.<\/span><\/p>\n<p style=\"text-align: justify;\"><span style=\"font-family: comic sans ms, sans-serif; font-size: 12pt;\">[Qui perdent leur travail s\u2019ils ne marchent pas dans les clous\u2026]<\/span><\/p>\n<p style=\"text-align: justify;\"><span style=\"font-family: times new roman, times, serif; font-size: 14pt;\">La haute estime des dirigeants d&rsquo;Upday pour Isra\u00ebl \u00e9tait apparente dans les communications quotidiennes : Dans le<em> Slack <\/em>de la compagnie, un drapeau isra\u00e9lien appara\u00eet \u00e0 c\u00f4t\u00e9 de l&rsquo;avatar du PDG d&rsquo;Upday, Thomas Hirsch, d\u2019apr\u00e8s les employ\u00e9s. (Upday n&rsquo;a pas r\u00e9pondu \u00e0 la demande directe de commentaire de <em>The Intercept<\/em>).<\/span><\/p>\n<p style=\"text-align: justify;\"><span style=\"font-family: times new roman, times, serif; font-size: 14pt;\">\u00ab\u00a0Les m\u00e9dias exercent une pression ridicule, absurde, pour supprimer et rendre invisible toute sympathie pour la Palestine\u00a0\u00bb, nous a d\u00e9clar\u00e9 Ahlam Muhtaseb, professeur d&rsquo;\u00e9tudes m\u00e9diatiques \u00e0 l&rsquo;universit\u00e9 d&rsquo;\u00c9tat de Californie \u00e0 San Bernardino, interrog\u00e9 sur les directives internes d&rsquo;Upday. \u00ab\u00a0Le r\u00e9cit unilat\u00e9ral de la victimisation isra\u00e9lienne exige l&rsquo;adh\u00e9sion de toutes les institutions m\u00e9diatiques et du gouvernement U.S. lui-m\u00eame.\u00a0\u00bb<\/span><\/p>\n<p style=\"text-align: justify;\"><span style=\"font-family: times new roman, times, serif; font-size: 14pt;\">Dans ses directives, Upday a mis en garde ses employ\u00e9s contre la publication de titres qui pourraient \u00eatre \u00ab\u00a0mal interpr\u00e9t\u00e9s comme pro-palestiniens\u00a0\u00bb, d\u2019apr\u00e8s les deux employ\u00e9s interrog\u00e9s par <em>The Intercept.<\/em> Les commentaires d&rsquo;hommes politiques isra\u00e9liens d\u00e9shumanisant les Palestiniens devaient \u00eatre formul\u00e9s en insistant sur l&rsquo;ampleur et la brutalit\u00e9 des attaques du Hamas contre Isra\u00ebl, qui ont fait jusqu&rsquo;\u00e0 pr\u00e9sent plus de 1.300 morts, dont de nombreux civils.<\/span><\/p>\n<p style=\"text-align: justify;\"><span style=\"font-family: times new roman, times, serif; font-size: 14pt;\">Une des directives re\u00e7ues \u00e9tait de ne pas citer les groupes militants palestiniens dans les titres.<\/span><\/p>\n<p style=\"text-align: justify;\"><span style=\"font-family: times new roman, times, serif; font-size: 14pt;\">Selon les employ\u00e9s, l&rsquo;entreprise leur a donn\u00e9 des instructions pour que, conform\u00e9ment \u00e0 la d\u00e9claration de mission \u00ab\u00a0Essentials\u00a0\u00bb d&rsquo;Axel Springer, la r\u00e9daction soutienne fermement le peuple juif et le droit \u00e0 l&rsquo;existence d&rsquo;Isra\u00ebl.<\/span><\/p>\n<p>&nbsp;<\/p>\n<p style=\"text-align: justify;\"><span style=\"font-family: times new roman, times, serif; font-size: 18pt;\"><strong>Upday et la partialit\u00e9 m\u00e9diatique<\/strong><\/span><\/p>\n<p><span style=\"font-family: times new roman, times, serif; font-size: 14pt;\">Lanc\u00e9e en 2016, Upday dessert plus de 30 pays. L&rsquo;application compte des dizaines de millions d&rsquo;utilisateurs gr\u00e2ce \u00e0 un accord avec Samsung qui pr\u00e9charge l&rsquo;application sur les appareils Samsung.<\/span><\/p>\n<p style=\"text-align: justify;\"><span style=\"font-family: times new roman, times, serif; font-size: 14pt;\">Axel Springer publie les journaux allemands <em>Bild<\/em> et <em>Die Welt<\/em>, ainsi que le tablo\u00efd polonais <em>Fakt<\/em>, parmi de nombreux autres titres europ\u00e9ens. Aux \u00c9tats-Unis, l&rsquo;entreprise d\u00e9tient une participation majoritaire dans le site d&rsquo;information <em>Insider<\/em> et a achet\u00e9 <em>Politico <\/em>en 2021.<\/span><\/p>\n<p style=\"text-align: justify;\"><span style=\"font-family: times new roman, times, serif; font-size: 14pt;\">Axel Springer a \u00e9t\u00e9 critiqu\u00e9 pour avoir g\u00e9r\u00e9 son empire de presse selon des principes conservateurs. Parmi ses positions bien connues figure son ardent soutien \u00e0 l&rsquo;\u00c9tat d&rsquo;Isra\u00ebl, \u00e9nonc\u00e9 tr\u00e8s explicitement dans la d\u00e9claration de mission \u00ab\u00a0Essentials\u00a0\u00bb qui professe aussi le soutien \u00e0 \u00ab\u00a0une Europe unie\u00a0\u00bb, \u00e0 \u00ab\u00a0l\u2019Alliance transatlantique\u00a0\u00bb, au \u00ab\u00a0peuple juif et au droit \u00e0 l&rsquo;existence de l&rsquo;\u00c9tat d&rsquo;Isra\u00ebl\u00a0\u00bb.<\/span><\/p>\n<p style=\"text-align: justify;\"><span style=\"font-family: times new roman, times, serif; font-size: 14pt;\">Comme les principes des \u00ab\u00a0Essentiels\u00a0\u00bb d&rsquo;Axel Springer ont \u00e9t\u00e9 appliqu\u00e9s chez Upday pendant la conflagration actuelle du conflit isra\u00e9lo-palestinien, ils y sont devenus des directives appliqu\u00e9es \u00e0 des t\u00e2ches telles que la r\u00e9daction des titres &#8211; sur lesquelles, en tant qu&rsquo;agr\u00e9gateur d&rsquo;actualit\u00e9s, l&rsquo;entreprise a un contr\u00f4le \u00e9ditorial.<\/span><\/p>\n<p style=\"text-align: justify;\"><span style=\"font-family: times new roman, times, serif; font-size: 14pt;\">L&rsquo;approche biais\u00e9e d&rsquo;Upday refl\u00e8te un parti pris largement r\u00e9pandu parmi les g\u00e9ants des m\u00e9dias occidentaux, partialit\u00e9 qui existe depuis des ann\u00e9es, mais qui s&rsquo;est intensifi\u00e9e avec l&rsquo;attaque surprise brutale du Hamas.<\/span><\/p>\n<p style=\"text-align: justify;\"><span style=\"font-family: times new roman, times, serif; font-size: 14pt;\">Sur <em>MSNBC<\/em>, la cha\u00eene d&rsquo;information c\u00e2bl\u00e9e U.S., trois pr\u00e9sentateurs d\u2019actualit\u00e9s musulmans <a href=\"https:\/\/www.semafor.com\/article\/10\/13\/2023\/inside-msnbcs-middle-east-conflict\">ont \u00e9t\u00e9 d\u00e9mis de leurs fonctions<\/a> selon les informations qui circulent (<em>MSNBC<\/em> les a <a href=\"https:\/\/nypost.com\/2023\/10\/16\/msnbc-denies-report-it-sidelined-muslim-anchors\/\">d\u00e9menties<\/a>). D&rsquo;autres organes de presse ont pris des mesures publiques pour <a href=\"https:\/\/www.semafor.com\/article\/10\/13\/2023\/inside-msnbcs-middle-east-conflict\">censurer<\/a> ou expulser des journalistes accus\u00e9s d&rsquo;avoir enfreint des directives internes ou la d\u00e9ontologie journalistique.<\/span><\/p>\n<p style=\"text-align: justify;\"><span style=\"font-family: times new roman, times, serif; font-size: 14pt;\">La <em>BBC<\/em> a suspendu six journalistes pendant qu&rsquo;elle enqu\u00eatait pour d\u00e9couvrir s&rsquo;ils avaient publi\u00e9 des d\u00e9clarations pr\u00e9tendument anti-isra\u00e9liennes sur les m\u00e9dias sociaux. La cha\u00eene britannique a par ailleurs \u00e9t\u00e9 forc\u00e9e de <a href=\"https:\/\/twitter.com\/Lowkey0nline\/status\/1713968039580881215\">pr\u00e9senter ses excuses<\/a> aux t\u00e9l\u00e9spectateurs, pour avoir diffus\u00e9 des informations trompeuses d\u00e9crivant les manifestations pro-palestiniennes au Royaume-Uni comme des manifestations \u00ab\u00a0pro-Hamas\u00a0\u00bb. <em>Le<\/em> <em>Guardian<\/em>, un quotidien britannique, a r\u00e9cemment licenci\u00e9 un caricaturiste qu\u2019il employait depuis des d\u00e9cennies, apr\u00e8s que des critiques eurent qualifi\u00e9 d&rsquo;antis\u00e9mite une repr\u00e9sentation du Premier ministre isra\u00e9lien Benjamin Netanyahu.<\/span><\/p>\n<p style=\"text-align: justify;\"><span style=\"font-family: times new roman, times, serif; font-size: 14pt;\">M. Muhtaseb, professeur \u00e0 l&rsquo;universit\u00e9 d&rsquo;\u00c9tat de Californie, a d\u00e9clar\u00e9 que la vocif\u00e9rante position pro-isra\u00e9lienne de l&rsquo;\u00c9tat allemand pourrait jouer un r\u00f4le dans la d\u00e9termination de la ligne pro-isra\u00e9lienne d&rsquo;Axel Springer, invoquant notamment la \u00ab d\u00e9cision du gouvernement allemand de criminaliser le BDS \u00bb\u00a0 \u2013\u00a0 <a href=\"https:\/\/theintercept.com\/2018\/12\/14\/bds-israel-boycott-ilhan-omar-rashida-tlaib\/\">mouvement pour le Boycott, le D\u00e9sinvestissement et les Sanctions contre Isra\u00ebl<\/a> pour sa violation des droits des Palestiniens \u2013 \u00ab ainsi que tout discours de soutien aux Palestiniens et d&rsquo;assimiler toute critique antisioniste \u00e0 de l&rsquo;antis\u00e9mitisme \u00bb.<\/span><\/p>\n<p style=\"text-align: justify;\"><span style=\"font-family: times new roman, times, serif; font-size: 14pt;\">Source : <a href=\"https:\/\/theintercept.com\/2023\/10\/19\/upday-news-gaza-israel-axel-springer\/\">https:\/\/theintercept.com\/2023\/10\/19\/upday-news-gaza-israel-axel-springer\/<\/a><\/span><\/p>\n<p><span style=\"font-family: times new roman, times, serif; font-size: 14pt;\"><strong>URL de cet article :<\/strong> <a href=\"http:\/\/blog.lesgrossesorchadeslesamplesthalameges.fr\/index.php\/le-plus-grand-agregateur-dinformations-deurope-ordonne-a-ses-redacteurs-de-minimiser-les-deces-de-palestiniens\/\">http:\/\/blog.lesgrossesorchadeslesamplesthalameges.fr\/index.php\/le-plus-grand-agregateur-dinformations-deurope-ordonne-a-ses-redacteurs-de-minimiser-les-deces-de-palestiniens\/<\/a><br \/>\n<\/span><\/p>\n<p>&nbsp;<\/p>\n<p>&nbsp;<\/p>\n<p style=\"text-align: center;\"><a href=\"http:\/\/blog.lesgrossesorchadeslesamplesthalameges.fr\/index.php\/2023\/10\/26\/lhumanite-divisee-en-deux-et-la-guerre-qui-vient\/000-dangerous-times-29\/\" rel=\"attachment wp-att-23826\"><img loading=\"lazy\" class=\"alignnone size-full wp-image-23826\" src=\"http:\/\/blog.lesgrossesorchadeslesamplesthalameges.fr\/wp-content\/uploads\/2023\/10\/000.-dangerous-times.gif\" alt=\"\" width=\"70\" height=\"63\" \/><\/a><\/p>\n<p>&nbsp;<\/p>\n<p>&nbsp;<\/p>\n<p style=\"text-align: right;\"><span style=\"font-family: comic sans ms, sans-serif; font-size: 14pt;\">Octobre 2023<\/span><\/p>\n<p>&nbsp;<\/p>\n<p>&nbsp;<\/p>\n","protected":false},"excerpt":{"rendered":"<p>&nbsp; &nbsp; &nbsp; &nbsp; &nbsp; &nbsp; &nbsp; Le nouveau quartier g\u00e9n\u00e9ral des publications d\u2019Axel Springer \u00e0 Berlin depuis 2021 \u00a0 &nbsp; Le plus grand agr\u00e9gateur d&rsquo;informations d&rsquo;Europe ordonne \u00e0 ses r\u00e9dacteurs de minimiser les d\u00e9c\u00e8s de Palestiniens \u00a0 Upday, une application appartenant au g\u00e9ant allemand des m\u00e9dias Axel Springer, exige de ses journalistes qu\u2019ils couvrent&#8230;<\/p>\n","protected":false},"author":1,"featured_media":0,"parent":0,"menu_order":0,"comment_status":"open","ping_status":"open","template":"","meta":[],"_links":{"self":[{"href":"https:\/\/blog.lesgrossesorchadeslesamplesthalameges.fr\/index.php\/wp-json\/wp\/v2\/pages\/23839"}],"collection":[{"href":"https:\/\/blog.lesgrossesorchadeslesamplesthalameges.fr\/index.php\/wp-json\/wp\/v2\/pages"}],"about":[{"href":"https:\/\/blog.lesgrossesorchadeslesamplesthalameges.fr\/index.php\/wp-json\/wp\/v2\/types\/page"}],"author":[{"embeddable":true,"href":"https:\/\/blog.lesgrossesorchadeslesamplesthalameges.fr\/index.php\/wp-json\/wp\/v2\/users\/1"}],"replies":[{"embeddable":true,"href":"https:\/\/blog.lesgrossesorchadeslesamplesthalameges.fr\/index.php\/wp-json\/wp\/v2\/comments?post=23839"}],"version-history":[{"count":9,"href":"https:\/\/blog.lesgrossesorchadeslesamplesthalameges.fr\/index.php\/wp-json\/wp\/v2\/pages\/23839\/revisions"}],"predecessor-version":[{"id":23848,"href":"https:\/\/blog.lesgrossesorchadeslesamplesthalameges.fr\/index.php\/wp-json\/wp\/v2\/pages\/23839\/revisions\/23848"}],"wp:attachment":[{"href":"https:\/\/blog.lesgrossesorchadeslesamplesthalameges.fr\/index.php\/wp-json\/wp\/v2\/media?parent=23839"}],"curies":[{"name":"wp","href":"https:\/\/api.w.org\/{rel}","templated":true}]}}