{"id":23850,"date":"2023-10-27T00:26:10","date_gmt":"2023-10-26T22:26:10","guid":{"rendered":"http:\/\/blog.lesgrossesorchadeslesamplesthalameges.fr\/?page_id=23850"},"modified":"2023-10-27T00:34:36","modified_gmt":"2023-10-26T22:34:36","slug":"starbucks-poursuit-le-syndicat-de-ses-employes-pour-avoir-tweete-solidarite-avec-la-palestine","status":"publish","type":"page","link":"https:\/\/blog.lesgrossesorchadeslesamplesthalameges.fr\/index.php\/starbucks-poursuit-le-syndicat-de-ses-employes-pour-avoir-tweete-solidarite-avec-la-palestine\/","title":{"rendered":"Starbucks poursuit le syndicat de ses employ\u00e9s pour avoir tweet\u00e9 \u00ab\u00a0Solidarit\u00e9 avec la Palestine\u00a0\u00bb !"},"content":{"rendered":"<p style=\"text-align: justify;\"><strong>\u00a0<\/strong><\/p>\n<p style=\"text-align: justify;\"><span style=\"font-family: times new roman, times, serif; font-size: 14pt;\"><strong>\u00a0<\/strong><\/span><\/p>\n<p>&nbsp;<\/p>\n<p>&nbsp;<\/p>\n<p>&nbsp;<\/p>\n<p>&nbsp;<\/p>\n<p>&nbsp;<\/p>\n<p>&nbsp;<\/p>\n<p><a href=\"http:\/\/blog.lesgrossesorchadeslesamplesthalameges.fr\/index.php\/2023\/10\/26\/lhumanite-divisee-en-deux-et-la-guerre-qui-vient\/8-logo-starbucks\/\" rel=\"attachment wp-att-23828\"><img loading=\"lazy\" class=\"aligncenter wp-image-23828\" src=\"http:\/\/blog.lesgrossesorchadeslesamplesthalameges.fr\/wp-content\/uploads\/2023\/10\/8.-LOGO-STARBUCKS.jpg\" alt=\"\" width=\"600\" height=\"300\" srcset=\"https:\/\/blog.lesgrossesorchadeslesamplesthalameges.fr\/wp-content\/uploads\/2023\/10\/8.-LOGO-STARBUCKS.jpg 500w, https:\/\/blog.lesgrossesorchadeslesamplesthalameges.fr\/wp-content\/uploads\/2023\/10\/8.-LOGO-STARBUCKS-300x150.jpg 300w\" sizes=\"(max-width: 600px) 100vw, 600px\" \/><\/a><\/p>\n<p>&nbsp;<\/p>\n<p>&nbsp;<\/p>\n<p>&nbsp;<\/p>\n<p style=\"text-align: center;\"><span style=\"font-family: times new roman, times, serif; font-size: 24pt;\"><strong>Starbucks poursuit le syndicat de ses employ\u00e9s pour avoir tweet\u00e9<\/strong> <strong>\u00ab\u00a0Solidarit\u00e9 avec la Palestine\u00a0\u00bb !<\/strong><\/span><\/p>\n<p>&nbsp;<\/p>\n<p>&nbsp;<\/p>\n<p style=\"text-align: justify;\"><span style=\"font-family: times new roman, times, serif; font-size: 14pt;\">Le g\u00e9ant marchand de caf\u00e9 U.S. pr\u00e9tend que le syndicat, <em>Starbucks Workers United<\/em>, fait croire qu&rsquo;il est solidaire de la Palestine apr\u00e8s l&rsquo;attaque du Hamas.<\/span><\/p>\n<p>&nbsp;<\/p>\n<p style=\"text-align: center;\"><span style=\"font-family: times new roman, times, serif; font-size: 14pt;\"><a href=\"https:\/\/theintercept.com\/staff\/ryangrim\/\"><strong>Ryan Grim<\/strong><\/a><strong> \u2013 <em>The Intercept<\/em> \u2013 17.10.2023<\/strong><\/span><\/p>\n<p style=\"text-align: center;\"><span style=\"font-family: times new roman, times, serif; font-size: 14pt;\">Traduction : <strong>c.l.<\/strong> pour <strong><em>L.G.O.<\/em><\/strong><\/span><\/p>\n<p>&nbsp;<\/p>\n<p>&nbsp;<\/p>\n<p style=\"text-align: justify;\"><strong><span style=\"font-family: tahoma, arial, helvetica, sans-serif; font-size: 14pt;\">Selon une note interne de l&rsquo;entreprise, diffus\u00e9e mardi et obtenue par <em>The Intercep,<\/em> Starbucks poursuit le syndicat de ses employ\u00e9s, <em>Starbucks Workers United<\/em>, apr\u00e8s s&rsquo;\u00eatre oppos\u00e9 \u00e0 la publication sur les r\u00e9seaux sociaux d&rsquo;un message de soutien \u00e0 la Palestine suite \u00e0 l&rsquo;attaque du Hamas contre Isra\u00ebl.<\/span><\/strong><\/p>\n<p>&nbsp;<\/p>\n<p style=\"text-align: justify;\"><span style=\"font-family: times new roman, times, serif; font-size: 14pt;\">L&rsquo;entreprise avait d\u00e9j\u00e0 condamn\u00e9 le message, mais elle en rajoute aujourd&rsquo;hui et envisage de poursuivre le syndicat en justice. Dans un message de Sara Kelly, vice-pr\u00e9sidente ex\u00e9cutive de Starbucks, l&rsquo;entreprise affirme que l&rsquo;utilisation du nom \u00ab\u00a0Starbucks\u00a0\u00bb par le syndicat s\u00e8me la confusion dans l&rsquo;esprit des clients et que certains d&rsquo;entre eux ont d\u00e9vers\u00e9 leur col\u00e8re sur les employ\u00e9s des magasins \u00e0 la suite de la d\u00e9claration du SWU.<\/span><\/p>\n<p style=\"text-align: justify;\"><span style=\"font-family: times new roman, times, serif; font-size: 14pt;\">Le message du syndicat indiquait \u00ab\u00a0Solidarit\u00e9 avec la Palestine\u00a0\u00bb et l\u2019illustrait sur Twitter de l\u2019image d&rsquo;un bulldozer franchissant le mur qui encercle Gaza. Plus de 9.000 travailleurs de 360 magasins ont vot\u00e9 pour adh\u00e9rer au <a href=\"https:\/\/sbworkersunited.org\/\"><em>SWU<\/em><\/a>, qui est affili\u00e9 \u00e0 <a href=\"https:\/\/workersunited.org\/\"><em>Workers United<\/em><\/a> et au<a href=\"https:\/\/www.seiu.org\/\"> <em>SEIU<\/em><\/a><em> <strong>(<\/strong><\/em><strong><em>Service Employees International Union)<\/em><\/strong> selon son site web, mais ils se sont heurt\u00e9s \u00e0 une forte r\u00e9sistance de la part de l&rsquo;entreprise, comme en ce qui concerne un \u00e9ventuel contrat. <a href=\"https:\/\/freebeacon.com\/democrats\/starbucks-threatens-barista-union-with-legal-action-over-pro-hamas-tweets\/\">L&rsquo;entreprise avait pr\u00e9c\u00e9demment envoy\u00e9<\/a> \u00e0<em> SWU<\/em> un ordre de \u00ab\u00a0cesser et s&rsquo;abstenir\u00a0\u00bb, mena\u00e7ant d&rsquo;une action en justice, et elle pr\u00e9voit \u00e0 pr\u00e9sent de mettre cette menace \u00e0 ex\u00e9cution. Le message se lit comme suit\u00a0 (les caract\u00e8res en gras le sont dans l&rsquo;original) :<\/span><\/p>\n<p style=\"text-align: justify;\"><span style=\"font-family: times new roman, times, serif; font-size: 14pt;\">Peu apr\u00e8s le 7 octobre, <em>Workers United<\/em> a publi\u00e9 une d\u00e9claration assortie de l\u2019image d&rsquo;un bulldozer d\u00e9truisant une partie de la fronti\u00e8re entre Isra\u00ebl et Gaza, refl\u00e9tant son soutien \u00e0 la violence perp\u00e9tr\u00e9e par le Hamas. <strong>Malheureusement, alors que la violence contre les innocents dans la r\u00e9gion continue de s&rsquo;intensifier, certaines personnes nous associent \u00e0 tort \u00e0 ces remarques<\/strong>, parce que <em>Workers United<\/em> et ses affili\u00e9s et membres continuent d&rsquo;utiliser notre nom, notre logo et notre propri\u00e9t\u00e9 intellectuelle.<strong> Starbucks condamne sans \u00e9quivoque les actes de terrorisme, de haine et de violence commis par le Hamas, et nous sommes en profond d\u00e9saccord avec les opinions exprim\u00e9es par <em>Workers United<\/em>, <\/strong>y compris ses affili\u00e9s locaux, les organisateurs syndicaux et ceux qui s&rsquo;identifient comme membres de <em>\u00ab\u00a0Starbucks Workers United\u00a0\u00bb<\/em> &#8211; aucun de ces groupes ne parle au nom de Starbucks Coffee Company et ne repr\u00e9sente les opinions, les positions ou les croyances de notre entreprise. Leurs paroles et leurs actions leur appartiennent, et \u00e0 eux seuls.<\/span><\/p>\n<p style=\"text-align: right;\">[&#8230;]<\/p>\n<p>&nbsp;<\/p>\n<p><span style=\"font-family: comic sans ms, sans-serif;\">\u00c0 condition de les garder pour eux.<\/span><\/p>\n<p><span style=\"font-family: comic sans ms, sans-serif;\">Soutenir Isra\u00ebl et se payer les syndicats d\u2019un seul coup\u00a0: le pied\u00a0!<\/span><\/p>\n<p><span style=\"font-family: comic sans ms, sans-serif;\">Que peut faire le peuple\u00a0? Boycotter Starbucks par exemple, o\u00f9 que ce soit dans le monde \u00a0?<\/span><\/p>\n<p>&nbsp;<\/p>\n<p>Source de l&rsquo;extrait : <a href=\"https:\/\/theintercept.com\/2023\/10\/17\/starbucks-suing-union-israel-palestine\/\">https:\/\/theintercept.com\/2023\/10\/17\/starbucks-suing-union-israel-palestine\/<\/a><\/p>\n<p style=\"text-align: left;\"><strong><span style=\"font-family: times new roman, times, serif; font-size: 14pt;\">URL de cet article : <\/span><\/strong><a href=\"http:\/\/blog.lesgrossesorchadeslesamplesthalameges.fr\/index.php\/starbucks-poursuit-le-syndicat-de-ses-employes-pour-avoir-tweete-solidarite-avec-la-palestine\/\"><span style=\"font-family: times new roman, times, serif; font-size: 14pt;\">http:\/\/blog.lesgrossesorchadeslesamplesthalameges.fr\/index.php\/starbucks-poursuit-le-syndicat-de-ses-employes-pour-avoir-tweete-solidarite-avec-la-palestine\/<\/span><\/a><span style=\"font-family: times new roman, times, serif; font-size: 14pt;\"><br \/>\n<\/span><\/p>\n<p>&nbsp;<\/p>\n<p>&nbsp;<\/p>\n<p style=\"text-align: center;\"><a href=\"http:\/\/blog.lesgrossesorchadeslesamplesthalameges.fr\/index.php\/2023\/10\/26\/lhumanite-divisee-en-deux-et-la-guerre-qui-vient\/000-dangerous-times-29\/\" rel=\"attachment wp-att-23826\"><img loading=\"lazy\" class=\"alignnone size-full wp-image-23826\" src=\"http:\/\/blog.lesgrossesorchadeslesamplesthalameges.fr\/wp-content\/uploads\/2023\/10\/000.-dangerous-times.gif\" alt=\"\" width=\"70\" height=\"63\" \/><\/a><\/p>\n<p>&nbsp;<\/p>\n<p style=\"text-align: right;\"><span style=\"font-family: comic sans ms, sans-serif;\">Octobre 2023<\/span><\/p>\n<p>&nbsp;<\/p>\n<p>&nbsp;<\/p>\n","protected":false},"excerpt":{"rendered":"<p>\u00a0 \u00a0 &nbsp; &nbsp; &nbsp; &nbsp; &nbsp; &nbsp; &nbsp; &nbsp; &nbsp; Starbucks poursuit le syndicat de ses employ\u00e9s pour avoir tweet\u00e9 \u00ab\u00a0Solidarit\u00e9 avec la Palestine\u00a0\u00bb ! &nbsp; &nbsp; Le g\u00e9ant marchand de caf\u00e9 U.S. pr\u00e9tend que le syndicat, Starbucks Workers United, fait croire qu&rsquo;il est solidaire de la Palestine apr\u00e8s l&rsquo;attaque du Hamas. &nbsp; Ryan&#8230;<\/p>\n","protected":false},"author":1,"featured_media":0,"parent":0,"menu_order":0,"comment_status":"open","ping_status":"open","template":"","meta":[],"_links":{"self":[{"href":"https:\/\/blog.lesgrossesorchadeslesamplesthalameges.fr\/index.php\/wp-json\/wp\/v2\/pages\/23850"}],"collection":[{"href":"https:\/\/blog.lesgrossesorchadeslesamplesthalameges.fr\/index.php\/wp-json\/wp\/v2\/pages"}],"about":[{"href":"https:\/\/blog.lesgrossesorchadeslesamplesthalameges.fr\/index.php\/wp-json\/wp\/v2\/types\/page"}],"author":[{"embeddable":true,"href":"https:\/\/blog.lesgrossesorchadeslesamplesthalameges.fr\/index.php\/wp-json\/wp\/v2\/users\/1"}],"replies":[{"embeddable":true,"href":"https:\/\/blog.lesgrossesorchadeslesamplesthalameges.fr\/index.php\/wp-json\/wp\/v2\/comments?post=23850"}],"version-history":[{"count":7,"href":"https:\/\/blog.lesgrossesorchadeslesamplesthalameges.fr\/index.php\/wp-json\/wp\/v2\/pages\/23850\/revisions"}],"predecessor-version":[{"id":23857,"href":"https:\/\/blog.lesgrossesorchadeslesamplesthalameges.fr\/index.php\/wp-json\/wp\/v2\/pages\/23850\/revisions\/23857"}],"wp:attachment":[{"href":"https:\/\/blog.lesgrossesorchadeslesamplesthalameges.fr\/index.php\/wp-json\/wp\/v2\/media?parent=23850"}],"curies":[{"name":"wp","href":"https:\/\/api.w.org\/{rel}","templated":true}]}}