{"id":23898,"date":"2023-10-28T20:45:38","date_gmt":"2023-10-28T18:45:38","guid":{"rendered":"http:\/\/blog.lesgrossesorchadeslesamplesthalameges.fr\/?page_id=23898"},"modified":"2023-10-28T20:46:58","modified_gmt":"2023-10-28T18:46:58","slug":"la-solution-finale-pour-qui","status":"publish","type":"page","link":"https:\/\/blog.lesgrossesorchadeslesamplesthalameges.fr\/index.php\/la-solution-finale-pour-qui\/","title":{"rendered":"La \u00ab\u00a0Solution finale\u00a0\u00bb pour qui ?"},"content":{"rendered":"<p>&nbsp;<\/p>\n<p>&nbsp;<\/p>\n<p>&nbsp;<\/p>\n<p>&nbsp;<\/p>\n<p>&nbsp;<\/p>\n<p>&nbsp;<\/p>\n<p>&nbsp;<\/p>\n<p style=\"text-align: center;\"><span style=\"font-family: times new roman, times, serif; font-size: 14pt;\"><strong><span style=\"font-size: 40pt;\">La \u00ab\u00a0Solution finale\u00a0\u00bb pour qui ?<\/span> <\/strong><\/span><\/p>\n<p style=\"text-align: justify;\"><span style=\"font-family: times new roman, times, serif; font-size: 14pt;\"><strong>\u00a0<\/strong><\/span><\/p>\n<p>&nbsp;<\/p>\n<p style=\"text-align: center;\"><span style=\"font-family: times new roman, times, serif; font-size: 18pt;\"><strong>Pepe Escobar \u2013 <em>Strategic Culture Foundation<\/em> <\/strong><strong>\u2013 19.10.2023<\/strong><\/span><\/p>\n<p style=\"text-align: center;\"><span style=\"font-family: times new roman, times, serif; font-size: 18pt;\">Via <strong><em>Les 7 du Qu\u00e9bec<\/em><\/strong><\/span><\/p>\n<p style=\"text-align: justify;\"><span style=\"font-family: times new roman, times, serif; font-size: 14pt;\"><strong>\u00a0<\/strong><\/span><\/p>\n<p>&nbsp;<\/p>\n<p style=\"text-align: justify;\"><span style=\"font-family: times new roman, times, serif; font-size: 14pt;\"><strong>\u00a0<\/strong><\/span><\/p>\n<p style=\"text-align: center;\"><span style=\"font-family: times new roman, times, serif; font-size: 14pt;\"><strong>\u00a0<a href=\"http:\/\/blog.lesgrossesorchadeslesamplesthalameges.fr\/?attachment_id=23872\" rel=\"attachment wp-att-23872\"><img loading=\"lazy\" class=\"alignnone wp-image-23872 size-full\" src=\"http:\/\/blog.lesgrossesorchadeslesamplesthalameges.fr\/wp-content\/uploads\/2023\/10\/10.-POUR-ARTICLE-ESCOBAR.png\" alt=\"\" width=\"600\" height=\"349\" srcset=\"https:\/\/blog.lesgrossesorchadeslesamplesthalameges.fr\/wp-content\/uploads\/2023\/10\/10.-POUR-ARTICLE-ESCOBAR.png 600w, https:\/\/blog.lesgrossesorchadeslesamplesthalameges.fr\/wp-content\/uploads\/2023\/10\/10.-POUR-ARTICLE-ESCOBAR-300x175.png 300w\" sizes=\"(max-width: 600px) 100vw, 600px\" \/><\/a><\/strong><\/span><\/p>\n<p>&nbsp;<\/p>\n<p>&nbsp;<\/p>\n<p>&nbsp;<\/p>\n<p style=\"text-align: justify;\"><span style=\"font-family: tahoma, arial, helvetica, sans-serif; font-size: 14pt;\"><strong>La guerre contre la Russie en Ukraine et la \u00abguerre contre le terrorisme\u00bb men\u00e9e par Isra\u00ebl \u00e0 Gaza ne sont que des fronts parall\u00e8les d\u2019une seule et m\u00eame guerre mondiale \u00e0 l\u2019\u00e9volution effroyable.<\/strong><\/span><\/p>\n<p style=\"text-align: justify;\"><span style=\"font-family: times new roman, times, serif; font-size: 14pt;\"><strong>\u00a0<\/strong><\/span><\/p>\n<p style=\"text-align: justify; padding-left: 160px;\"><span style=\"font-family: times new roman, times, serif; font-size: 14pt;\">\u00ab <em>Vous avez vol\u00e9 les vergers de mes anc\u00eatres<br \/>\nEt la terre que je cultivais<br \/>\nEt vous n\u2019avez rien laiss\u00e9 pour nous<br \/>\nSauf ces pierres\u2026<br \/>\nSi j\u2019ai faim<br \/>\nLa chair de l\u2019usurpateur sera ma nourriture <\/em>\u00bb<\/span><\/p>\n<p style=\"text-align: justify; padding-left: 200px;\"><span style=\"font-family: times new roman, times, serif; font-size: 14pt;\"><strong>Mahmoud Darwish<\/strong>, po\u00e8te national palestinien<\/span><\/p>\n<p>&nbsp;<\/p>\n<p style=\"text-align: justify;\"><span style=\"font-family: times new roman, times, serif; font-size: 14pt;\">Il est d\u00e9sormais confirm\u00e9 que les services de renseignements \u00e9gyptiens ont averti leurs homologues isra\u00e9liens trois jours seulement avant le\u00a0<a href=\"https:\/\/reseauinternational.net\/la-geopolitique-du-deluge-dal-aqsa\/\">D\u00e9luge d\u2019Al-Aqsa<\/a>\u00a0que quelque chose de \u00abgros\u00bb se pr\u00e9parait du c\u00f4t\u00e9 du Hamas. Tel-Aviv, son appareil de s\u00e9curit\u00e9 de plusieurs milliards de dollars et les FDI, \u00abl\u2019arm\u00e9e la plus puissante du monde\u00bb, ont choisi de l\u2019ignorer.<\/span><\/p>\n<p style=\"text-align: justify;\"><span style=\"font-family: times new roman, times, serif; font-size: 14pt;\">Deux vecteurs cl\u00e9s ont ainsi \u00e9t\u00e9 mis en place.<\/span><\/p>\n<p>&nbsp;<\/p>\n<p style=\"padding-left: 40px; text-align: left;\"><span style=\"font-family: times new roman, times, serif; font-size: 14pt;\">1. Tel-Aviv obtient son pr\u00e9texte de \u00ab Pearl Harbor \u00bb pour mettre en \u0153uvre une \u00ab guerre contre le terrorisme \u00bb remix\u00e9e, ainsi qu\u2019une sorte de solution finale au \u00ab probl\u00e8me de Gaza \u00bb (d\u00e9j\u00e0 en vigueur).<\/span><\/p>\n<p style=\"padding-left: 40px; text-align: left;\"><span style=\"font-family: times new roman, times, serif; font-size: 14pt;\">2. L&rsquo;H\u00e9g\u00e9mon change brusquement la narration pour s\u2019\u00e9loigner de l\u2019humiliation conjointe, in\u00e9vitable et cosmique de la Maison-Blanche et de l\u2019OTAN dans les steppes de Novorossiya \u2013 une d\u00e9faite strat\u00e9gique qui configure l\u2019humiliation pr\u00e9c\u00e9dente en Afghanistan comme un bal masqu\u00e9 \u00e0 Disneyland.<\/span><\/p>\n<p>&nbsp;<\/p>\n<p style=\"text-align: justify;\"><span style=\"font-family: times new roman, times, serif; font-size: 14pt;\">Le blocus <strong>total<\/strong> des \u00ab\u00a0<em>animaux humains<\/em>\u00a0\u00bb (copyright minist\u00e8re de la D\u00e9fense isra\u00e9lien) de Gaza, en fait une population civile de 2,3 millions d\u2019habitants, a \u00e9t\u00e9 impos\u00e9 lundi dernier. Pas de nourriture, pas d\u2019eau, pas de carburant, pas de produits de base.<\/span><\/p>\n<p style=\"text-align: justify;\"><span style=\"font-family: times new roman, times, serif; font-size: 14pt;\"><strong>Il s\u2019agit d\u2019un crime de guerre et d\u2019un crime contre l\u2019humanit\u00e9<\/strong>, qui bouscule les quatre principes fondamentaux du\u00a0<a href=\"https:\/\/www.icrc.org\/en\/doc\/assets\/files\/other\/law1_final.pdf\">droit des conflits arm\u00e9s<\/a>\u00a0(DCA) \u2013 le tout d\u00fbment applaudi ou, au mieux, compl\u00e8tement ignor\u00e9 par l\u2019OTAN et les m\u00e9dias dominants contr\u00f4l\u00e9s par les oligarques qui l\u2019accompagnent.<\/span><\/p>\n<p style=\"text-align: justify;\"><span style=\"font-family: times new roman, times, serif; font-size: 14pt;\">Chr\u00e9tiens, musulmans, juifs et autres groupes ethniques ont v\u00e9cu pacifiquement en Palestine pendant des si\u00e8cles jusqu\u2019\u00e0 l\u2019imposition du projet raciste sioniste, avec tous les attributs du colonialisme de peuplement, \u00ab\u00a0diviser pour r\u00e9gner\u00a0\u00bb.<\/span><\/p>\n<p style=\"text-align: justify;\"><span style=\"font-family: times new roman, times, serif; font-size: 14pt;\">La <strong>Nakba<\/strong> est un vieux souvenir datant d\u2019il y a 75 ans. Nous sommes aujourd\u2019hui bien au-del\u00e0 de l\u2019apartheid \u2013 et nous entrons dans l\u2019exclusion et l\u2019expulsion<strong> totales<\/strong> des Palestiniens de leur patrie.<\/span><\/p>\n<p style=\"text-align: justify;\"><span style=\"font-family: times new roman, times, serif; font-size: 14pt;\">En janvier 2023, le Premier ministre isra\u00e9lien Netanyahou a lui-m\u00eame soulign\u00e9 que \u00ab\u00a0<strong><em>le peuple juif a un droit exclusif et incontestable sur toutes les r\u00e9gions de la Terre d\u2019Isra\u00ebl<\/em><\/strong>\u00a0\u00bb.<\/span><\/p>\n<p style=\"text-align: justify;\"><span style=\"font-family: times new roman, times, serif; font-size: 14pt;\">Aujourd\u2019hui, les forces de d\u00e9fense isra\u00e9liennes ont envoy\u00e9 \u00e0 l\u2019ONU l\u2019ordre d\u2019\u00e9vacuer compl\u00e8tement tous les habitants du nord de la bande de Gaza, soit 1,1 million de personnes, vers le sud de la bande de Gaza, \u00e0 proximit\u00e9 de Rafah, le seul point de passage frontalier avec l\u2019\u00c9gypte.<\/span><\/p>\n<p style=\"text-align: justify;\"><span style=\"font-family: times new roman, times, serif; font-size: 14pt;\">Cette d\u00e9portation massive et forc\u00e9e de civils serait le pr\u00e9lude \u00e0 la destruction de tout le nord de Gaza, coupl\u00e9e \u00e0 l\u2019expulsion et \u00e0 la confiscation des terres palestiniennes ancestrales \u2013 se rapprochant ainsi d\u2019une <strong>solution finale sioniste<\/strong>.<\/span><\/p>\n<p>&nbsp;<\/p>\n<p style=\"text-align: justify;\"><span style=\"font-family: times new roman, times, serif; font-size: 18pt;\"><strong>Bienvenue \u00e0 Sociopaths United<\/strong><\/span><\/p>\n<p style=\"text-align: justify;\"><span style=\"font-family: times new roman, times, serif; font-size: 14pt;\">Netanyahou, un sociopathe qui a fait ses preuves, ne peut s\u2019en sortir avec des crimes de guerre en s\u00e9rie que gr\u00e2ce au soutien total de la Maison-Blanche, du combo \u00ab\u00a0Biden\u00a0\u00bb et du d\u00e9partement d\u2019\u00c9tat \u2013 sans parler des vassaux incons\u00e9quents de l\u2019UE.<\/span><\/p>\n<p style=\"text-align: justify;\"><span style=\"font-family: times new roman, times, serif; font-size: 14pt;\">Nous venons d\u2019assister \u00e0 la visite en Isra\u00ebl d\u2019un secr\u00e9taire d\u2019\u00c9tat U.S. \u2013 c. \u00e0 d. d\u2019un fonctionnaire au QI faible, d\u00e9pass\u00e9 par toutes les questions \u2013 qui soutient les ch\u00e2timents collectifs \u00ab\u00a0<em>en tant que juif \u00e9galement<\/em>\u00a0\u00bb.<\/span><\/p>\n<p style=\"text-align: justify;\"><span style=\"font-family: times new roman, times, serif; font-size: 14pt;\">Il a d\u00e9clar\u00e9 que son grand-p\u00e8re avait \u00ab<em>fui les pogroms en Russie<\/em>\u00bb (c\u2019\u00e9tait en 1904). Ensuite, il y a eu le lien direct \u2013 nazi \u2013 avec \u00ab<em>mon beau-p\u00e8re a surv\u00e9cu \u00e0 Auschwitz, Dachau et Majdanek<\/em>\u00bb. Impressionnant, cela fait trois camps de concentration d\u2019affil\u00e9e. Le secr\u00e9taire n\u2019a manifestement pas conscience du fait que l\u2019URSS a lib\u00e9r\u00e9 ces trois camps.<\/span><\/p>\n<p style=\"text-align: justify;\"><span style=\"font-family: times new roman, times, serif; font-size: 14pt;\">C\u2019est alors qu\u2019est apparu le lien Russie-Nazis-Hamas. Au moins, tout est clair.<\/span><\/p>\n<p style=\"text-align: justify;\"><span style=\"font-family: times new roman, times, serif; font-size: 14pt;\">Sur le plan interne, Netanyahou ne peut rester Premier ministre que gr\u00e2ce \u00e0 ses deux partenaires de coalition ultra-sionistes, racistes et supr\u00e9macistes. Il a nomm\u00e9 Itamar Ben-Gvir ministre de la S\u00e9curit\u00e9 nationale et Bezalel Smotrich ministre des Finances, tous deux charg\u00e9s de facto de la prolif\u00e9ration des colonies \u00e0 l\u2019\u00e9chelle industrielle dans toute la Cisjordanie.<\/span><\/p>\n<p style=\"text-align: justify;\"><span style=\"font-family: times new roman, times, serif; font-size: 14pt;\">Smotrich a d\u00e9clar\u00e9 publiquement que \u00ab\u00a0<em>les Palestiniens n\u2019existent pas parce que le peuple palestinien n\u2019existe pas<\/em>\u00a0\u00bb.<\/span><\/p>\n<p style=\"text-align: justify;\"><span style=\"font-family: times new roman, times, serif; font-size: 14pt;\">Ben-Gvir et Smotrich, en un temps record, sont en passe de doubler la population de colons dans les cantons de Cisjordanie, la faisant passer de 500.000 \u00e0 un million. Les Palestiniens \u2013 qui sont de facto des non-citoyens \u2013 sont au nombre de 3,7 millions. Les colonies ill\u00e9gales \u2013 qui n\u2019ont pas \u00e9t\u00e9 officiellement approuv\u00e9es par Tel-Aviv \u2013 font leur apparition un peu partout.<\/span><\/p>\n<p style=\"text-align: justify;\"><span style=\"font-family: times new roman, times, serif; font-size: 14pt;\">\u00c0 Gaza, o\u00f9 la pauvret\u00e9 atteint 60% et o\u00f9 le ch\u00f4mage des jeunes est massif, les agences des Nations Unies mettent d\u00e9sesp\u00e9r\u00e9ment en garde contre une catastrophe humanitaire imminente.<\/span><\/p>\n<p style=\"text-align: justify;\"><span style=\"font-family: times new roman, times, serif; font-size: 14pt;\">Plus d\u2019un million de personnes \u00e0 Gaza, principalement des femmes et des enfants, d\u00e9pendent de l\u2019aide alimentaire de l\u2019ONU. Des dizaines de milliers d\u2019enfants fr\u00e9quentent les \u00e9coles de l\u2019UNRWA (l\u2019agence pour les r\u00e9fugi\u00e9s palestiniens).<\/span><\/p>\n<p style=\"text-align: justify;\"><span style=\"font-family: times new roman, times, serif; font-size: 14pt;\">Tel-Aviv est maintenant en train de les tuer \u2013 en douceur <em>[??? NdE].<\/em> Au moins 11 employ\u00e9s de l\u2019UNRWA ont \u00e9t\u00e9 tu\u00e9s la semaine derni\u00e8re (dont des enseignants, un m\u00e9decin et un ing\u00e9nieur), au moins 30 enfants, ainsi que 5 membres de la Croix-Rouge internationale et du Croissant-Rouge.<\/span><\/p>\n<p style=\"text-align: justify;\"><span style=\"font-family: times new roman, times, serif; font-size: 14pt;\">Pour couronner le tout, il y a l\u2019angle du Pipelineistan, c\u2019est-\u00e0-dire le vol du gaz de Gaza.<\/span><\/p>\n<p style=\"text-align: justify;\"><span style=\"font-family: times new roman, times, serif; font-size: 14pt;\">Au moins 60% des vastes r\u00e9serves de gaz d\u00e9couvertes en 2000 le long de la c\u00f4te entre Gaza et Isra\u00ebl appartiennent l\u00e9galement \u00e0 la Palestine.<\/span><\/p>\n<p style=\"text-align: justify;\"><span style=\"font-family: times new roman, times, serif; font-size: 14pt;\">L\u2019une des principales cons\u00e9quences de la <strong>solution finale <\/strong>appliqu\u00e9e \u00e0 Gaza est que la souverainet\u00e9 sur les gisements de gaz est ainsi transf\u00e9r\u00e9e \u00e0 Isra\u00ebl, ce qui constitue une nouvelle violation massive du droit international.<\/span><\/p>\n<p>&nbsp;<\/p>\n<p style=\"text-align: justify;\"><span style=\"font-family: times new roman, times, serif; font-size: 18pt;\"><strong>La majorit\u00e9 mondiale est la Palestine<\/strong><\/span><\/p>\n<p style=\"text-align: justify;\"><span style=\"font-family: times new roman, times, serif; font-size: 14pt;\">Face \u00e0 l\u2019horrible perspective de voir Isra\u00ebl d\u00e9peupler toute la moiti\u00e9 nord de Gaza, en direct \u00e0 la t\u00e9l\u00e9vision et sous les acclamations de hordes de zombies de l\u2019OTAN, il n\u2019est pas exag\u00e9r\u00e9 d\u2019envisager la possibilit\u00e9 que la Turquie, l\u2019\u00c9gypte, la Syrie, l\u2019Irak, l\u2019Iran, le Liban, le Y\u00e9men et les monarchies du Golfe s\u2019unissent, \u00e0 diff\u00e9rents niveaux, pour exercer une pression \u00e9crasante contre la mise en \u0153uvre de cette solution finale sioniste.<\/span><\/p>\n<p style=\"text-align: justify;\"><span style=\"font-family: times new roman, times, serif; font-size: 14pt;\">La quasi-totalit\u00e9 du Sud et de la majorit\u00e9 mondiale est aux c\u00f4t\u00e9s de la Palestine.<\/span><\/p>\n<p style=\"text-align: justify;\"><span style=\"font-family: times new roman, times, serif; font-size: 14pt;\">La Turquie n\u2019est pas une nation arabe et a \u00e9t\u00e9 trop proche, id\u00e9ologiquement, du Hamas dans un pass\u00e9 r\u00e9cent. En supposant que le gang actuel de Netanyahou s\u2019engage dans la diplomatie, la meilleure \u00e9quipe de m\u00e9diation possible serait form\u00e9e par l\u2019Arabie saoudite, le Qatar et la diplomatie \u00e9gyptienne.<\/span><\/p>\n<p style=\"text-align: justify;\"><span style=\"font-family: times new roman, times, serif; font-size: 14pt;\">L\u2019Inde vient de se poignarder elle-m\u00eame dans la t\u00eate en tant que leader de la majorit\u00e9 mondiale : ses dirigeants semblent avoir la dent dure face \u00e0 Isra\u00ebl.<\/span><\/p>\n<p style=\"text-align: justify;\"><span style=\"font-family: times new roman, times, serif; font-size: 14pt;\"><strong>\u00a0<\/strong><\/span><\/p>\n<p style=\"text-align: left;\"><span style=\"font-family: times new roman, times, serif; font-size: 18pt;\"><strong>Il y a ensuite les grands souverains : le partenariat strat\u00e9gique Russie-Chine.<\/strong><\/span><\/p>\n<p style=\"text-align: justify;\"><span style=\"font-family: times new roman, times, serif; font-size: 14pt;\">La Russie et l\u2019Iran sont eux-m\u00eames li\u00e9s par un partenariat strat\u00e9gique, notamment \u00e0 tous les niveaux militaires de pointe. Le rapprochement irano-saoudien m\u00e9diatis\u00e9 et conclu par la Chine a conduit, cette semaine, Mohammed ben Salmane et Ebrahim Ra\u00efssi \u00e0 se t\u00e9l\u00e9phoner, pour la toute premi\u00e8re fois, pour coordonner leur soutien in\u00e9branlable aux droits l\u00e9gitimes du peuple palestinien. Le pr\u00e9sident syrien Bachar al-Assad vient de se rendre en Chine, o\u00f9 il a \u00e9t\u00e9 re\u00e7u avec tous les honneurs.<\/span><\/p>\n<p style=\"text-align: justify;\"><span style=\"font-family: times new roman, times, serif; font-size: 14pt;\">La sophistication diplomatique caract\u00e9ristique de la Chine \u2013 qui va bien au-del\u00e0 du D\u00e9luge d\u2019Al-Aqsa \u2013 revient \u00e0 soutenir les droits l\u00e9gitimes des Palestiniens. L\u2019ensemble du monde arabe et des terres d\u2019Islam le ressentent clairement \u2013 alors qu\u2019Isra\u00ebl et l\u2019OTAN sont imperm\u00e9ables \u00e0 toute nuance.<\/span><\/p>\n<p style=\"text-align: justify;\"><span style=\"font-family: times new roman, times, serif; font-size: 14pt;\">Avec la Russie, nous entrons en territoire <em>heavy metal<\/em>. En d\u00e9but de semaine, l\u2019ambassadeur d\u2019Isra\u00ebl en Russie, Alexander Ben Zvi, a finalement \u00e9t\u00e9 re\u00e7u,\u00a0<a href=\"https:\/\/johnhelmer.net\/the-silence-of-the-bears-russia-is-reorienting-towards-the-arabs\/#more-88656\">apr\u00e8s plusieurs tentatives<\/a>, par le vice-ministre des Affaires \u00e9trang\u00e8res Mikhail Bogdanov. C\u2019est Isra\u00ebl qui a pratiquement suppli\u00e9 qu\u2019on le rencontre.<\/span><\/p>\n<p style=\"text-align: justify;\"><span style=\"font-family: times new roman, times, serif; font-size: 14pt;\">Bogdanov est all\u00e9 droit au but, sans d\u00e9tour : Ben Zvi a \u00e9t\u00e9 pr\u00e9venu que le plan des FDI visant \u00e0 d\u00e9truire litt\u00e9ralement Gaza, \u00e0 expulser la population indig\u00e8ne et \u00e0 pratiquer le nettoyage ethnique de ces \u00ab\u00a0<em>animaux humains<\/em>\u00a0\u00bb \u00e9tait \u00ab\u00a0<em>lourd des cons\u00e9quences les plus d\u00e9vastatrices pour la situation humanitaire dans la r\u00e9gion<\/em>\u00a0\u00bb.<\/span><\/p>\n<p style=\"text-align: justify;\"><span style=\"font-family: times new roman, times, serif; font-size: 14pt;\">Voil\u00e0 qui avance un sc\u00e9nario tout \u00e0 fait possible \u2013 dont les cons\u00e9quences peuvent \u00eatre tout aussi d\u00e9vastatrices : Moscou, en collaboration avec Ankara, lance une op\u00e9ration de d\u00e9mant\u00e8lement du blocus contre Isra\u00ebl.<\/span><\/p>\n<p style=\"text-align: justify;\"><span style=\"font-family: times new roman, times, serif; font-size: 14pt;\">Ce n\u2019est un secret pour personne \u2013 hormis le modus operandi \u2013 que Poutine et Erdogan ont discut\u00e9 d\u2019un \u00e9ventuel convoi naval humanitaire turc vers Gaza, qui serait prot\u00e9g\u00e9 d\u2019une attaque isra\u00e9lienne par la marine russe depuis sa base de Tartous en Syrie et par l\u2019arm\u00e9e de l\u2019air russe depuis Hmeimim. Les enjeux atteindraient alors des niveaux impr\u00e9vus.<\/span><\/p>\n<p style=\"text-align: justify;\"><span style=\"font-family: times new roman, times, serif; font-size: 14pt;\">Ce qui est d\u00e9j\u00e0 clair, c\u2019est que la guerre par procuration de l\u2019H\u00e9g\u00e9mon contre la Russie en Ukraine et la \u00ab\u00a0guerre contre le terrorisme\u00a0\u00bb remix\u00e9e par Isra\u00ebl \u00e0 Gaza ne sont que des fronts parall\u00e8les d\u2019une seule et m\u00eame guerre mondiale \u00e0 l\u2019\u00e9volution effroyable.<\/span><\/p>\n<p>&nbsp;<\/p>\n<p style=\"text-align: justify;\"><span style=\"font-family: times new roman, times, serif; font-size: 14pt;\">Traduction\u00a0 <a href=\"R\u00e9seau%20International\">R.I.<\/a><\/span><\/p>\n<p style=\"text-align: justify;\"><span style=\"font-family: times new roman, times, serif; font-size: 14pt;\">Source d\u2019origine :\u00a0<a href=\"https:\/\/strategic-culture.su\/news\/2023\/10\/14\/slouching-towards-the-final-solution\/\">Strategic Culture Foundation<\/a><\/span><\/p>\n<p style=\"text-align: justify;\"><span style=\"font-family: times new roman, times, serif; font-size: 14pt;\">Notre source\u00a0: <a href=\"https:\/\/les7duquebec.net\/archives\/286933\">Les 7 du Qu\u00e9bec<\/a><\/span><\/p>\n<p style=\"text-align: left;\"><span style=\"font-family: times new roman, times, serif;\"><strong>URL de cet article : <\/strong><a href=\"http:\/\/blog.lesgrossesorchadeslesamplesthalameges.fr\/index.php\/la-solution-finale-pour-qui\/\">http:\/\/blog.lesgrossesorchadeslesamplesthalameges.fr\/index.php\/la-solution-finale-pour-qui\/<\/a><\/span><\/p>\n<p>&nbsp;<\/p>\n<p>&nbsp;<\/p>\n<p style=\"text-align: center;\"><a href=\"http:\/\/blog.lesgrossesorchadeslesamplesthalameges.fr\/index.php\/la-solution-finale-pour-qui\/000-tentative-dattaque-terroriste-2\/\" rel=\"attachment wp-att-23899\"><img loading=\"lazy\" class=\"alignnone size-full wp-image-23899\" src=\"http:\/\/blog.lesgrossesorchadeslesamplesthalameges.fr\/wp-content\/uploads\/2023\/10\/000.-tentative-dattaque-terroriste-1.jpg\" alt=\"\" width=\"90\" height=\"60\" \/><\/a><\/p>\n<p>&nbsp;<\/p>\n<p style=\"text-align: right;\"><span style=\"font-family: comic sans ms, sans-serif; font-size: 14pt;\">Octobre 2023<\/span><\/p>\n<p>&nbsp;<\/p>\n","protected":false},"excerpt":{"rendered":"<p>&nbsp; &nbsp; &nbsp; &nbsp; &nbsp; &nbsp; &nbsp; La \u00ab\u00a0Solution finale\u00a0\u00bb pour qui ? \u00a0 &nbsp; Pepe Escobar \u2013 Strategic Culture Foundation \u2013 19.10.2023 Via Les 7 du Qu\u00e9bec \u00a0 &nbsp; \u00a0 \u00a0 &nbsp; &nbsp; &nbsp; La guerre contre la Russie en Ukraine et la \u00abguerre contre le terrorisme\u00bb men\u00e9e par Isra\u00ebl \u00e0 Gaza ne sont&#8230;<\/p>\n","protected":false},"author":1,"featured_media":0,"parent":0,"menu_order":0,"comment_status":"open","ping_status":"open","template":"","meta":[],"_links":{"self":[{"href":"https:\/\/blog.lesgrossesorchadeslesamplesthalameges.fr\/index.php\/wp-json\/wp\/v2\/pages\/23898"}],"collection":[{"href":"https:\/\/blog.lesgrossesorchadeslesamplesthalameges.fr\/index.php\/wp-json\/wp\/v2\/pages"}],"about":[{"href":"https:\/\/blog.lesgrossesorchadeslesamplesthalameges.fr\/index.php\/wp-json\/wp\/v2\/types\/page"}],"author":[{"embeddable":true,"href":"https:\/\/blog.lesgrossesorchadeslesamplesthalameges.fr\/index.php\/wp-json\/wp\/v2\/users\/1"}],"replies":[{"embeddable":true,"href":"https:\/\/blog.lesgrossesorchadeslesamplesthalameges.fr\/index.php\/wp-json\/wp\/v2\/comments?post=23898"}],"version-history":[{"count":8,"href":"https:\/\/blog.lesgrossesorchadeslesamplesthalameges.fr\/index.php\/wp-json\/wp\/v2\/pages\/23898\/revisions"}],"predecessor-version":[{"id":23907,"href":"https:\/\/blog.lesgrossesorchadeslesamplesthalameges.fr\/index.php\/wp-json\/wp\/v2\/pages\/23898\/revisions\/23907"}],"wp:attachment":[{"href":"https:\/\/blog.lesgrossesorchadeslesamplesthalameges.fr\/index.php\/wp-json\/wp\/v2\/media?parent=23898"}],"curies":[{"name":"wp","href":"https:\/\/api.w.org\/{rel}","templated":true}]}}