{"id":23908,"date":"2023-10-28T21:00:01","date_gmt":"2023-10-28T19:00:01","guid":{"rendered":"http:\/\/blog.lesgrossesorchadeslesamplesthalameges.fr\/?page_id=23908"},"modified":"2023-10-28T21:01:10","modified_gmt":"2023-10-28T19:01:10","slug":"le-yemen-et-lirak-se-joindront-ils-au-deluge-dal-aqsa-de-la-palestine","status":"publish","type":"page","link":"https:\/\/blog.lesgrossesorchadeslesamplesthalameges.fr\/index.php\/le-yemen-et-lirak-se-joindront-ils-au-deluge-dal-aqsa-de-la-palestine\/","title":{"rendered":"Le Y\u00e9men et l&rsquo;Irak se joindront-ils au D\u00e9luge d&rsquo;Al-Aqsa de la Palestine ?"},"content":{"rendered":"<p style=\"text-align: justify;\"><span style=\"font-family: times new roman, times, serif; font-size: 14pt;\"><strong>\u00a0<\/strong><\/span><\/p>\n<p>&nbsp;<\/p>\n<p>&nbsp;<\/p>\n<p>&nbsp;<\/p>\n<p>&nbsp;<\/p>\n<p>&nbsp;<\/p>\n<p>&nbsp;<\/p>\n<p>&nbsp;<\/p>\n<p style=\"text-align: center;\"><span style=\"font-family: times new roman, times, serif; font-size: 36pt;\"><strong>Le Y\u00e9men et l&rsquo;Irak se joindront-ils au D\u00e9luge d&rsquo;Al-Aqsa de la Palestine ?<\/strong><\/span><\/p>\n<p style=\"text-align: justify;\"><span style=\"font-family: times new roman, times, serif; font-size: 14pt;\"><strong>\u00a0<\/strong><\/span><\/p>\n<p>&nbsp;<\/p>\n<p style=\"text-align: justify;\"><span style=\"font-family: times new roman, times, serif; font-size: 14pt;\"><em>La guerre de Tel-Aviv contre la bande de Gaza assi\u00e9g\u00e9e repr\u00e9sente le premier v\u00e9ritable test du concept d&rsquo;\u00ab\u00a0unit\u00e9 des fronts\u00a0\u00bb, qui pourrait voir un large \u00e9ventail de groupes r\u00e9gionaux de l&rsquo;Axe de la R\u00e9sistance rejoindre la r\u00e9sistance palestinienne dans une guerre contre Isra\u00ebl.<\/em><\/span><\/p>\n<p>&nbsp;<\/p>\n<p>&nbsp;<\/p>\n<p style=\"text-align: center;\"><span style=\"font-family: times new roman, times, serif; font-size: 18pt;\"><strong>Pepe Escobar \u2013 <em>The Cradle<\/em> \u2013 19.10.2023<\/strong><\/span><\/p>\n<p style=\"text-align: center;\"><span style=\"font-family: times new roman, times, serif; font-size: 18pt;\">Traduction : <strong>c.l.<\/strong> pour <strong><em>L.G.O.<\/em><\/strong><\/span><\/p>\n<p>&nbsp;<\/p>\n<p>&nbsp;<\/p>\n<p>&nbsp;<\/p>\n<p style=\"text-align: center;\"><a href=\"http:\/\/blog.lesgrossesorchadeslesamplesthalameges.fr\/?attachment_id=23873\" rel=\"attachment wp-att-23873\"><img loading=\"lazy\" class=\"alignnone wp-image-23873\" src=\"http:\/\/blog.lesgrossesorchadeslesamplesthalameges.fr\/wp-content\/uploads\/2023\/10\/11.-Pour-larticle-dEscobar-300x142.jpg\" alt=\"\" width=\"650\" height=\"307\" srcset=\"https:\/\/blog.lesgrossesorchadeslesamplesthalameges.fr\/wp-content\/uploads\/2023\/10\/11.-Pour-larticle-dEscobar-300x142.jpg 300w, https:\/\/blog.lesgrossesorchadeslesamplesthalameges.fr\/wp-content\/uploads\/2023\/10\/11.-Pour-larticle-dEscobar.jpg 600w\" sizes=\"(max-width: 650px) 100vw, 650px\" \/><\/a><\/p>\n<p>&nbsp;<\/p>\n<p>&nbsp;<\/p>\n<p>&nbsp;<\/p>\n<p style=\"text-align: justify;\"><span style=\"font-family: times new roman, times, serif; font-size: 14pt;\">Quelques heures seulement apr\u00e8s le lancement de l&rsquo;op\u00e9ration \u00ab\u00a0D\u00e9luge d&rsquo;Al-Aqsa\u00a0\u00bb, l&rsquo;offensive de r\u00e9sistance la plus meurtri\u00e8re pour Isra\u00ebl depuis sa cr\u00e9ation, des sympathisants sont descendus dans la rue dans de nombreux pays arabes et \u00e0 majorit\u00e9 musulmane. Une nation cependant, <a href=\"https:\/\/twitter.com\/PalHighlight\/status\/1710755123335487875\">le Y\u00e9men<\/a>, s&rsquo;est distingu\u00e9e, malgr\u00e9 sa grande distance g\u00e9ographique par rapport \u00e0 la Palestine occup\u00e9e.<\/span><\/p>\n<p style=\"text-align: justify;\"><span style=\"font-family: times new roman, times, serif; font-size: 14pt;\">\u00c0 l&rsquo;instar des pr\u00e9c\u00e9dentes manifestations de solidarit\u00e9 avec la Palestine, des centaines de milliers de Y\u00e9m\u00e9nites se sont d\u00e9vers\u00e9s dans les rues de plusieurs villes, proclamant sans ambages qu&rsquo;ils \u00e9taient pr\u00eats \u00e0 soutenir la r\u00e9sistance palestinienne contre ce qu&rsquo;ils consid\u00e8rent comme \u00ab\u00a0l&rsquo;ennemi de l&rsquo;Oumma\u00a0\u00bb.<\/span><\/p>\n<p style=\"text-align: justify;\"><span style=\"font-family: times new roman, times, serif; font-size: 14pt;\">Dans un vibrant discours prononc\u00e9 le 10 octobre, Abdul-Malik al-Houthi, le chef du mouvement Ansarallah, a proclam\u00e9 que les Y\u00e9m\u00e9nites sont pr\u00eats \u00e0 \u00ab\u00a0accomplir leur devoir sacr\u00e9 de se tenir aux c\u00f4t\u00e9s du peuple palestinien\u00a0\u00bb.<\/span><\/p>\n<p style=\"text-align: justify;\"><span style=\"font-family: times new roman, times, serif; font-size: 14pt;\">\u00ab\u00a0Notre peuple est pr\u00eat \u00e0 se d\u00e9placer par centaines de milliers et \u00e0 se joindre au peuple palestinien pour affronter l&rsquo;ennemi, et nous n&rsquo;h\u00e9siterons pas \u00e0 faire tout ce qui est possible\u00a0\u00bb, a-t-il ajout\u00e9, avant de souligner que \u00ab\u00a0nous sommes en coordination avec l&rsquo;Axe de la R\u00e9sistance, et si les Am\u00e9ricains s\u2019engagent dans une intervention militaire directe, nous sommes pr\u00eats \u00e0 participer, m\u00eame avec des tirs de roquettes\u00a0\u00bb. Comme l\u2019ont fait les autres membres de l&rsquo;Axe, M. Houthi a mis en garde les ennemis contre le franchissement de certaines \u00ab\u00a0lignes rouges\u00a0\u00bb.<\/span><\/p>\n<p>&nbsp;<\/p>\n<p style=\"text-align: justify;\"><span style=\"font-family: times new roman, times, serif; font-size: 18pt;\"><strong>Les lignes rouges du Y\u00e9men<\/strong><\/span><\/p>\n<p style=\"text-align: justify;\"><span style=\"font-family: times new roman, times, serif; font-size: 14pt;\">L&rsquo;expert militaire y\u00e9m\u00e9nite Aziz Rashid affirme que les USA \u00ab\u00a0ne peuvent pas s&rsquo;engager dans un affrontement direct avec l&rsquo;Axe de la R\u00e9sistance car cela aurait de graves r\u00e9percussions sur les int\u00e9r\u00eats US et sionistes\u00a0\u00bb.<\/span><\/p>\n<p style=\"text-align: justify;\"><span style=\"font-family: times new roman, times, serif; font-size: 14pt;\">S&rsquo;adressant \u00e0 <em>The Cradle<\/em>, Rashid explique que les \u00ab\u00a0lignes rouges\u00a0\u00bb justifiant l&rsquo;implication du Y\u00e9men dans le conflit ne se limitent pas \u00e0 une intervention militaire directe des USA. Il signale d&rsquo;autres \u00e9l\u00e9ments d\u00e9clencheurs du franchissement de ces lignes, notamment les atrocit\u00e9s commises par Isra\u00ebl contre les Palestiniens, les attaques contre J\u00e9rusalem, J\u00e9nine et Naplouse en Cisjordanie, la demande d&rsquo;intervention de la r\u00e9sistance de Gaza et toute tentative s\u00e9rieuse d&rsquo;\u00e9liminer la R\u00e9sistance. Il souligne que ces violations d\u00e9clencheront une r\u00e9ponse coordonn\u00e9e de l&rsquo;ensemble de l&rsquo;Axe \u00ab\u00a0par l&rsquo;interm\u00e9diaire des QG d&rsquo;op\u00e9rations conjoints\u00a0\u00bb.<\/span><\/p>\n<p style=\"text-align: justify;\"><span style=\"font-family: times new roman, times, serif; font-size: 14pt;\">Pour la population y\u00e9m\u00e9nite, la cause palestinienne repr\u00e9sente depuis longtemps un engagement de principe, religieux, moral et national. L&rsquo;analyste politique Talib al-Hassani estime que \u00ab\u00a0l&rsquo;une des raisons de l&rsquo;agression am\u00e9ricano-saoudienne contre l&rsquo;\u00c9tat depuis mars 2015 est la position du Y\u00e9men au sein de l&rsquo;Axe de la R\u00e9sistance et le grand danger qu&rsquo;il repr\u00e9sente pour les int\u00e9r\u00eats des USA dans la r\u00e9gion\u00a0\u00bb.<\/span><\/p>\n<p style=\"text-align: justify;\"><span style=\"font-family: times new roman, times, serif; font-size: 14pt;\">Mais la question reste de savoir si une nation d\u00e9j\u00e0 \u00e9puis\u00e9e par huit ann\u00e9es de conflit incessant et d\u2019\u00e9tat de si\u00e8ge peut de mani\u00e8re r\u00e9aliste participer \u00e0 une action militaire contre Isra\u00ebl.<\/span><\/p>\n<p style=\"text-align: justify;\"><span style=\"font-family: times new roman, times, serif; font-size: 14pt;\">\u00ab\u00a0Certains peuvent consid\u00e9rer cette position comme th\u00e9\u00e2trale\u00a0\u00bb, explique Hassani au <em>Cradle<\/em>, \u00ab\u00a0mais, en r\u00e9alit\u00e9, le Y\u00e9men dispose d&rsquo;importantes capacit\u00e9s militaires qui lui permettent de prendre Isra\u00ebl\u00a0pour cible\u00a0\u00bb. Il rappelle la transformation qu&rsquo;a connue le Y\u00e9men apr\u00e8s la <a href=\"https:\/\/new.thecradle.co\/articles\/massive-rally-to-mark-anniversary-of-the-21-september-revolution-in-yemen\">r\u00e9volution du 21 septembre<\/a> en 2014, dont les objectifs comportaient la lib\u00e9ration de la domination \u00e9trang\u00e8re et l&rsquo;alignement sur les causes arabes et islamiques, en ce comprise la question palestinienne.<\/span><\/p>\n<p>&nbsp;<\/p>\n<p style=\"text-align: justify;\"><span style=\"font-family: times new roman, times, serif; font-size: 18pt;\"><strong>L\u2019arsenal d\u2019Ansarallah<\/strong><\/span><\/p>\n<p style=\"text-align: justify;\"><span style=\"font-family: times new roman, times, serif; font-size: 14pt;\">Tel-Aviv prend ces menaces au s\u00e9rieux. Les m\u00e9dias isra\u00e9liens ont tir\u00e9 la sonnette d&rsquo;alarme apr\u00e8s l&rsquo;op\u00e9ration \u00ab\u00a0<a href=\"https:\/\/www.middleeastmonitor.com\/20220118-houthis-reveal-details-of-hurricane-yemen-operation-in-uae\/\">Ouragan du Y\u00e9men\u00a0<\/a>\u00bb du 17 janvier 2022, lorsque les forces y\u00e9m\u00e9nites align\u00e9es sur Ansarallah ont frapp\u00e9 des installations p\u00e9troli\u00e8res des \u00c9mirats Arabes Unis, avec des missiles balistiques et des drones, \u00e0 Abu Dhabi et \u00e0 Duba\u00ef &#8211; et ce, d\u2019une distance d&rsquo;environ 1.600 kilom\u00e8tres, soit l&rsquo;\u00e9quivalent de la distance entre le Y\u00e9men et Isra\u00ebl. Le fait que les Y\u00e9m\u00e9nites puissent potentiellement viser les ports isra\u00e9liens d&rsquo;Eilat, de Tel Aviv et de Ha\u00effa n&rsquo;est m\u00eame plus remis en question.<\/span><\/p>\n<p style=\"text-align: justify;\"><span style=\"font-family: times new roman, times, serif; font-size: 14pt;\">Rashid souligne que toute implication y\u00e9m\u00e9nite dans la guerre se mat\u00e9rialiserait probablement sous la forme d&rsquo;attaques de drones et de missiles visant des objectifs sp\u00e9cifiques, conform\u00e9ment au plan strat\u00e9gique de l&rsquo;Axe de la R\u00e9sistance\u00a0: <a href=\"https:\/\/www.washingtonpost.com\/world\/2023\/10\/17\/israel-iran-hezbollah-wider-war\/\">l&rsquo;Unit\u00e9 des fronts<\/a>.<\/span><\/p>\n<p style=\"text-align: justify;\"><span style=\"font-family: times new roman, times, serif; font-size: 14pt;\">Hassani explique en outre que ces frappes \u00ab\u00a0pourraient s&rsquo;\u00e9tendre au-del\u00e0 des territoires palestiniens occup\u00e9s, jusqu&rsquo;aux voies maritimes et aux bases am\u00e9ricaines et isra\u00e9liennes de la mer Rouge et de la rive africaine de la mer Rouge\u00a0\u00bb. Il rappelle que M. Houthi a soulign\u00e9 dans son dernier discours que \u00ab\u00a0nous devons avoir un impact sur l&rsquo;ennemi isra\u00e9lien\u00a0\u00bb, ce qui signifie que les frappes \u00ab\u00a0seront importantes, cibl\u00e9es, pr\u00e9cises et douloureuses\u00a0\u00bb.<\/span><\/p>\n<p style=\"text-align: justify;\"><span style=\"font-family: times new roman, times, serif; font-size: 14pt;\">Le formidable arsenal d&rsquo;Ansarallah, dont certains \u00e9l\u00e9ments ont \u00e9t\u00e9 pr\u00e9sent\u00e9s lors d&rsquo;un <a href=\"https:\/\/english.iswnews.com\/30418\/ansar-allahs-grand-parade-on-anniversary-of-september-21-revolution-in-yemen-images\/\">d\u00e9fil\u00e9 militaire<\/a> \u00e0 Sanaa pour l&rsquo;anniversaire de la r\u00e9volution le mois dernier, comprend les impressionnants drones d&rsquo;attaque Samad 3, qui ont une port\u00e9e de 1.800 kilom\u00e8tres et sont arm\u00e9s d&rsquo;ogives explosives pesant entre 20 et 50 kilogrammes.<\/span><\/p>\n<p>&nbsp;<\/p>\n<p>&nbsp;<\/p>\n<p style=\"text-align: center;\"><a href=\"http:\/\/blog.lesgrossesorchadeslesamplesthalameges.fr\/index.php\/le-yemen-et-lirak-se-joindront-ils-au-deluge-dal-aqsa-de-la-palestine\/yemen-march-21sep-37\/\" rel=\"attachment wp-att-23909\"><img loading=\"lazy\" class=\"alignnone wp-image-23909\" src=\"http:\/\/blog.lesgrossesorchadeslesamplesthalameges.fr\/wp-content\/uploads\/2023\/10\/yemen-march-21sep-37-300x169.jpg\" alt=\"\" width=\"600\" height=\"337\" srcset=\"https:\/\/blog.lesgrossesorchadeslesamplesthalameges.fr\/wp-content\/uploads\/2023\/10\/yemen-march-21sep-37-300x169.jpg 300w, https:\/\/blog.lesgrossesorchadeslesamplesthalameges.fr\/wp-content\/uploads\/2023\/10\/yemen-march-21sep-37-1024x575.jpg 1024w, https:\/\/blog.lesgrossesorchadeslesamplesthalameges.fr\/wp-content\/uploads\/2023\/10\/yemen-march-21sep-37-768x431.jpg 768w, https:\/\/blog.lesgrossesorchadeslesamplesthalameges.fr\/wp-content\/uploads\/2023\/10\/yemen-march-21sep-37.jpg 1280w\" sizes=\"(max-width: 600px) 100vw, 600px\" \/><\/a><\/p>\n<p>&nbsp;<\/p>\n<p>&nbsp;<\/p>\n<p style=\"text-align: justify;\"><span style=\"font-family: times new roman, times, serif; font-size: 14pt;\">Il y a en outre le drone Eid 2, qui transporte une lourde ogive explosive de 40 kilogrammes et qui est capable d&rsquo;atteindre des cibles situ\u00e9es \u00e0 2.000 kilom\u00e8tres. L&rsquo;arm\u00e9e y\u00e9m\u00e9nite poss\u00e8de \u00e9galement des missiles balistiques surface-surface \u00e0 longue port\u00e9e, tels que le Quds 4, l&rsquo;Aqeel et le Toofan. Ses missiles navals peuvent notamment viser les bases isra\u00e9liennes et US de la mer Rouge, ainsi que les bases US du golfe Persique.<\/span><\/p>\n<p>&nbsp;<\/p>\n<p style=\"text-align: justify;\"><span style=\"font-family: times new roman, times, serif; font-size: 18pt;\"><strong>V\u00e9rification de la pr\u00e9sence des USA en Irak<\/strong><\/span><\/p>\n<p style=\"text-align: justify;\"><span style=\"font-family: times new roman, times, serif; font-size: 14pt;\">En Irak, la R\u00e9sistance a d\u00e9j\u00e0 commenc\u00e9 \u00e0 laisser entrevoir ce qui les attend. Mercredi, le Kataib Hezbollah a revendiqu\u00e9 des <a href=\"https:\/\/new.thecradle.co\/articles\/kataib-hezbollah-claims-attack-on-us-base-in-iraq\">attaques de drones<\/a> sur les bases d&rsquo;Ain al-Assad et d&rsquo;Al-Harir, au cours desquelles plusieurs militaires US ont \u00e9t\u00e9 bless\u00e9s. Le lendemain, le <a href=\"https:\/\/sputnikarabic.ae\/20231019\/%D9%83%D8%AA%D8%A7%D8%A6%D8%A8-%D8%AD%D8%B2%D8%A8-%D8%A7%D9%84%D9%84%D9%87-%D8%A7%D9%84%D8%B9%D8%B1%D8%A7%D9%82%D9%8A-%D8%AA%D8%B9%D9%84%D9%86-%D8%B1%D8%B3%D9%85%D9%8A%D8%A7-%D8%A7%D9%86%D8%B6%D9%85%D8%A7%D9%85%D9%87%D8%A7-%D8%A5%D9%84%D9%89-%D9%85%D8%B9%D8%B1%D9%83%D8%A9-%D8%B7%D9%88%D9%81%D8%A7%D9%86-%D8%A7%D9%84%D8%A3%D9%82%D8%B5%D9%89-1082182975.html\">porte-parole<\/a> du groupe, Jaafar al-Husseini, a expliqu\u00e9 clairement les raisons de ces frappes :<\/span><\/p>\n<p style=\"text-align: justify;\"><span style=\"font-family: times new roman, times, serif; font-size: 14pt;\">\u00ab\u00a0Les Am\u00e9ricains sont des partenaires essentiels dans l&rsquo;assassinat des habitants de la bande de Gaza et doivent donc en assumer les cons\u00e9quences&#8230; [Les USA] connaissent tr\u00e8s bien le potentiel de la r\u00e9sistance irakienne, qui s&rsquo;est multipli\u00e9 depuis un certain temps, et nous sommes aujourd&rsquo;hui en mesure de frapper toutes les bases US en Irak\u00a0\u00bb.<\/span><\/p>\n<p style=\"text-align: justify;\"><span style=\"font-family: times new roman, times, serif; font-size: 14pt;\">L&rsquo;Irak, pays dans lequel l&rsquo;Axe de la R\u00e9sistance a jou\u00e9 un r\u00f4le central dans la d\u00e9faite territoriale d&rsquo;ISIS, ne montre pas moins d&rsquo;enthousiasme pour <a href=\"https:\/\/english.almayadeen.net\/news\/politics\/iraqs-pmf-ready-to-aid-palestine-militarily:-exclusive\">soutenir la r\u00e9sistance palestinienne<\/a>, en particulier face aux bombardements isra\u00e9liens incessants et \u00e0 l&rsquo;implication directe potentielle des USA.<\/span><\/p>\n<p style=\"text-align: justify;\"><span style=\"font-family: times new roman, times, serif; font-size: 14pt;\">Outre la <a href=\"https:\/\/www.shafaq.com\/en\/Iraq-News\/PM-al-Sudani-denounces-Israeli-attacks-on-Gaza-as-genocide-full-fledged-war-crime#:~:text=Shafaq%20News%2F%20Iraq's%20Prime%20Minister,and%20an%20act%20of%20genocide.\">condamnation<\/a> officielle par le Premier ministre irakien Muhammad Shiaa al-Sudani de la campagne de g\u00e9nocide de l&rsquo;arm\u00e9e d&rsquo;occupation, les factions align\u00e9es sur l&rsquo;Axe se pr\u00e9parent \u00e0 un engagement dans la guerre sur plusieurs fronts lorsque l&rsquo;appel sera lanc\u00e9. Ces factions visent \u00e0 reproduire le r\u00f4le qu&rsquo;elles ont jou\u00e9 sur le th\u00e9\u00e2tre syrien contre les organisations terroristes soutenues par l&rsquo;\u00e9tranger.<\/span><\/p>\n<p style=\"text-align: justify;\"><span style=\"font-family: times new roman, times, serif; font-size: 14pt;\">Une source au sein de l&rsquo;une des factions de la r\u00e9sistance irakienne r\u00e9v\u00e8le au <em>Cradle<\/em> qu&rsquo;une coordination a d\u00e9j\u00e0 \u00e9t\u00e9 \u00e9tablie avec le Hamas. Ces derniers jours, des r\u00e9unions ont eu lieu entre les factions de la r\u00e9sistance irakienne afin d&rsquo;\u00e9laborer des strat\u00e9gies de r\u00e9ponse aux attaques isra\u00e9liennes sur Gaza, l&rsquo;accent \u00e9tant mis sur l&rsquo;\u00e9largissement de la port\u00e9e de la bataille afin de dissuader les forces d&rsquo;occupation isra\u00e9liennes. Et la premi\u00e8re ligne d&rsquo;action consistera \u00e0 s&rsquo;assurer que Tel-Aviv se batte seul :<\/span><\/p>\n<p style=\"text-align: justify;\"><span style=\"font-family: times new roman, times, serif; font-size: 14pt;\">\u00ab\u00a0Les factions irakiennes suivent le cours des \u00e9v\u00e9nements en Palestine, notamment en ce qui concerne l&rsquo;intervention am\u00e9ricaine et europ\u00e9enne dans les op\u00e9rations militaires aux c\u00f4t\u00e9s d&rsquo;Isra\u00ebl. Nous avons pris des mesures sur le terrain et nous sommes parfaitement pr\u00e9par\u00e9s, et la banque d\u2019objectifs a \u00e9t\u00e9 d\u00e9termin\u00e9e en fonction d&rsquo;une intervention US directe dans la guerre.\u00a0\u00bb<\/span><\/p>\n<p style=\"text-align: justify;\"><span style=\"font-family: times new roman, times, serif; font-size: 14pt;\">Le secr\u00e9taire g\u00e9n\u00e9ral des brigades du Hezbollah irakien, Abu Hussein al-Hamidawi, a menac\u00e9 dans un communiqu\u00e9 de viser les bases am\u00e9ricaines en Irak si les USA intervenaient dans la guerre d&rsquo;Isra\u00ebl \u00e0 Gaza. Il a soulign\u00e9 que \u00ab\u00a0nos missiles, nos drones et nos forces sp\u00e9ciales sont pr\u00eats \u00e0 viser l&rsquo;ennemi US dans ses bases s&rsquo;il intervient dans cette bataille, et nous viserons les sites connus de l&rsquo;entit\u00e9 sioniste\u00a0\u00bb.<\/span><\/p>\n<p style=\"text-align: justify;\"><span style=\"font-family: times new roman, times, serif; font-size: 14pt;\">En outre, une source proche de la r\u00e9sistance irakienne a d\u00e9clar\u00e9 au <em>Cradle<\/em> qu&rsquo;il existe d&rsquo;autres moyens de soutenir la r\u00e9sistance de Gaza depuis l&rsquo;Irak, qui pourraient faire pression sur les USA et Isra\u00ebl et changer l&rsquo;\u00e9quation, ce dont nous pourrions \u00eatre t\u00e9moins dans les heures ou les jours \u00e0 venir.<\/span><\/p>\n<p>&nbsp;<\/p>\n<p style=\"text-align: justify;\"><span style=\"font-family: times new roman, times, serif; font-size: 18pt;\"><strong>La Palestine a aussi des alli\u00e9s.<\/strong><\/span><\/p>\n<p style=\"text-align: justify;\"><span style=\"font-family: times new roman, times, serif; font-size: 14pt;\">Le chef d&rsquo;Asaib Ahl al-Haq, le cheikh Qais al-Khazali, a t\u00e9l\u00e9phon\u00e9 au chef du bureau politique du Hamas, Ismail Haniyeh, le 10 octobre, pour discuter de l&rsquo;\u00e9volution de la situation \u00e0 Gaza. Dans une d\u00e9claration ult\u00e9rieure, Khazali a soulign\u00e9 que \u00ab\u00a0l&rsquo;Irak s&rsquo;est engag\u00e9 \u00e0 soutenir la cause palestinienne et que les factions de la r\u00e9sistance irakienne sont enti\u00e8rement pr\u00eates \u00e0 toute action requise pour lib\u00e9rer J\u00e9rusalem la sainte et soutenir le peuple palestinien\u00a0\u00bb.<\/span><\/p>\n<p style=\"text-align: justify;\"><span style=\"font-family: times new roman, times, serif; font-size: 14pt;\">Entre-temps, le chef du mouvement Badr, Hadi al-Ameri, a menac\u00e9 les forces d&rsquo;occupation US de \u00ab\u00a0lourdes pertes\u00a0\u00bb si Washington d\u00e9cidait d&rsquo;intervenir directement dans la guerre. Lors d&rsquo;une r\u00e9cente conf\u00e9rence de presse, il a d\u00e9clar\u00e9 que les USA \u00e9taient \u00ab\u00a0responsables de ce qui se passe dans la bande de Gaza, en raison de leur soutien illimit\u00e9 aux sionistes\u00a0\u00bb et qu&rsquo;ils \u00ab\u00a0subiraient de lourdes pertes s&rsquo;ils d\u00e9cidaient d&rsquo;entrer en guerre aux c\u00f4t\u00e9s de l&rsquo;entit\u00e9 sioniste contre le peuple palestinien\u00a0\u00bb.<\/span><\/p>\n<p style=\"text-align: justify;\"><span style=\"font-family: times new roman, times, serif; font-size: 14pt;\">L&rsquo;expert militaire Nawaf al-Badrani explique que, contrairement aux forces de r\u00e9sistance du Y\u00e9men, les groupes irakiens ont des limites g\u00e9ographiques :<\/span><\/p>\n<p style=\"text-align: justify;\"><span style=\"font-family: times new roman, times, serif; font-size: 14pt;\">\u00ab\u00a0Les factions irakiennes ne disposent pas de missiles balistiques capables d&rsquo;atteindre les territoires occup\u00e9s. Leur participation \u00e0 la bataille peut se faire en ciblant les forces US stationn\u00e9es dans dix grandes bases militaires en Irak, ou en se coordonnant avec la Syrie pour permettre aux combattants des factions d&rsquo;atteindre les fronti\u00e8res du Golan occup\u00e9.\u00a0\u00bb<\/span><\/p>\n<p style=\"text-align: justify;\"><span style=\"font-family: times new roman, times, serif; font-size: 14pt;\">Des sources irakiennes r\u00e9v\u00e8lent que <a href=\"https:\/\/twitter.com\/Syribelle\/status\/1714641631859601690?ref_src=twsrc%5Etfw%7Ctwcamp%5Etweetembed%7Ctwterm%5E1714641631859601690%7Ctwgr%5E7ac6fbb916fd416a11848e7b384a86c135968fc4%7Ctwcon%5Es1_&amp;ref_url=https%3A%2F%2Fnew.thecradle.co%2Farticles%2Fkataib-hezbollah-claims-attack-on-us-base-in-iraq\">des combattants<\/a> de certaines factions arm\u00e9es se sont d\u00e9j\u00e0 dirig\u00e9s vers des zones proches de la Palestine occup\u00e9e, attendant des instructions pour s&rsquo;engager dans la bataille contre l&rsquo;arm\u00e9e d&rsquo;occupation isra\u00e9lienne.<\/span><\/p>\n<p style=\"text-align: justify;\"><span style=\"font-family: times new roman, times, serif; font-size: 14pt;\">Les contacts pris par <em>The Cradle<\/em> avec plusieurs chefs de faction confirment que ces partis sont pr\u00eats \u00e0 participer \u00e0 ce \u00ab\u00a0grand combat\u00a0\u00bb aux c\u00f4t\u00e9s de la r\u00e9sistance palestinienne.<\/span><\/p>\n<p>&nbsp;<\/p>\n<p style=\"text-align: left;\"><span style=\"font-family: times new roman, times, serif; font-size: 14pt;\">Source : <a href=\"https:\/\/new.thecradle.co\/articles\/will-yemen-and-iraq-join-palestines-al-aqsa-flood\">https:\/\/new.thecradle.co\/articles\/will-yemen-and-iraq-join-palestines-al-aqsa-flood<\/a><\/span><\/p>\n<p style=\"text-align: left;\"><span style=\"font-family: times new roman, times, serif; font-size: 14pt;\"><strong>URL de cet article : <\/strong><a href=\"http:\/\/blog.lesgrossesorchadeslesamplesthalameges.fr\/index.php\/le-yemen-et-lirak-se-joindront-ils-au-deluge-dal-aqsa-de-la-palestine\/\">http:\/\/blog.lesgrossesorchadeslesamplesthalameges.fr\/index.php\/le-yemen-et-lirak-se-joindront-ils-au-deluge-dal-aqsa-de-la-palestine\/<\/a><strong><br \/>\n<\/strong><\/span><\/p>\n<p>&nbsp;<\/p>\n<p>&nbsp;<\/p>\n<p style=\"text-align: center;\"><a href=\"http:\/\/blog.lesgrossesorchadeslesamplesthalameges.fr\/index.php\/la-solution-finale-pour-qui\/000-tentative-dattaque-terroriste-2\/\" rel=\"attachment wp-att-23899\"><img loading=\"lazy\" class=\"alignnone size-full wp-image-23899\" src=\"http:\/\/blog.lesgrossesorchadeslesamplesthalameges.fr\/wp-content\/uploads\/2023\/10\/000.-tentative-dattaque-terroriste-1.jpg\" alt=\"\" width=\"90\" height=\"60\" \/><\/a><\/p>\n<p>&nbsp;<\/p>\n<p style=\"text-align: right;\"><span style=\"font-family: comic sans ms, sans-serif; font-size: 14pt;\">Octobre 2023<\/span><\/p>\n<p>&nbsp;<\/p>\n<p>&nbsp;<\/p>\n","protected":false},"excerpt":{"rendered":"<p>\u00a0 &nbsp; &nbsp; &nbsp; &nbsp; &nbsp; &nbsp; &nbsp; Le Y\u00e9men et l&rsquo;Irak se joindront-ils au D\u00e9luge d&rsquo;Al-Aqsa de la Palestine ? \u00a0 &nbsp; La guerre de Tel-Aviv contre la bande de Gaza assi\u00e9g\u00e9e repr\u00e9sente le premier v\u00e9ritable test du concept d&rsquo;\u00ab\u00a0unit\u00e9 des fronts\u00a0\u00bb, qui pourrait voir un large \u00e9ventail de groupes r\u00e9gionaux de l&rsquo;Axe de&#8230;<\/p>\n","protected":false},"author":1,"featured_media":0,"parent":0,"menu_order":0,"comment_status":"open","ping_status":"open","template":"","meta":[],"_links":{"self":[{"href":"https:\/\/blog.lesgrossesorchadeslesamplesthalameges.fr\/index.php\/wp-json\/wp\/v2\/pages\/23908"}],"collection":[{"href":"https:\/\/blog.lesgrossesorchadeslesamplesthalameges.fr\/index.php\/wp-json\/wp\/v2\/pages"}],"about":[{"href":"https:\/\/blog.lesgrossesorchadeslesamplesthalameges.fr\/index.php\/wp-json\/wp\/v2\/types\/page"}],"author":[{"embeddable":true,"href":"https:\/\/blog.lesgrossesorchadeslesamplesthalameges.fr\/index.php\/wp-json\/wp\/v2\/users\/1"}],"replies":[{"embeddable":true,"href":"https:\/\/blog.lesgrossesorchadeslesamplesthalameges.fr\/index.php\/wp-json\/wp\/v2\/comments?post=23908"}],"version-history":[{"count":6,"href":"https:\/\/blog.lesgrossesorchadeslesamplesthalameges.fr\/index.php\/wp-json\/wp\/v2\/pages\/23908\/revisions"}],"predecessor-version":[{"id":23915,"href":"https:\/\/blog.lesgrossesorchadeslesamplesthalameges.fr\/index.php\/wp-json\/wp\/v2\/pages\/23908\/revisions\/23915"}],"wp:attachment":[{"href":"https:\/\/blog.lesgrossesorchadeslesamplesthalameges.fr\/index.php\/wp-json\/wp\/v2\/media?parent=23908"}],"curies":[{"name":"wp","href":"https:\/\/api.w.org\/{rel}","templated":true}]}}