{"id":23917,"date":"2023-10-28T21:16:04","date_gmt":"2023-10-28T19:16:04","guid":{"rendered":"http:\/\/blog.lesgrossesorchadeslesamplesthalameges.fr\/?page_id=23917"},"modified":"2023-10-28T21:17:54","modified_gmt":"2023-10-28T19:17:54","slug":"un-think-tank-sioniste-publie-un-projet-de-genocide-des-palestiniens","status":"publish","type":"page","link":"https:\/\/blog.lesgrossesorchadeslesamplesthalameges.fr\/index.php\/un-think-tank-sioniste-publie-un-projet-de-genocide-des-palestiniens\/","title":{"rendered":"Un \u201cthink tank\u201d sioniste publie un projet de g\u00e9nocide des Palestiniens"},"content":{"rendered":"<p style=\"text-align: justify;\"><span style=\"font-family: times new roman, times, serif; font-size: 14pt;\"><strong>\u00a0<\/strong><\/span><\/p>\n<p>&nbsp;<\/p>\n<p>&nbsp;<\/p>\n<p>&nbsp;<\/p>\n<p>&nbsp;<\/p>\n<p>&nbsp;<\/p>\n<p>&nbsp;<\/p>\n<p>&nbsp;<\/p>\n<p style=\"text-align: center;\"><span style=\"font-family: times new roman, times, serif; font-size: 36pt;\"><strong>Un \u201cthink tank\u201d sioniste publie un projet de g\u00e9nocide des Palestiniens<\/strong><\/span><\/p>\n<p>&nbsp;<\/p>\n<p>&nbsp;<\/p>\n<p style=\"text-align: center;\"><span style=\"font-family: times new roman, times, serif; font-size: 18pt;\"><a href=\"https:\/\/thegrayzone.com\/author\/kit-klarenberg\/\"><strong>Kit Klarenberg <\/strong><\/a><strong>\u2013 <em>The Grayzone<\/em> \u2013 21.10.2023<\/strong><\/span><\/p>\n<p>&nbsp;<\/p>\n<p style=\"text-align: center;\"><span style=\"font-family: times new roman, times, serif; font-size: 18pt;\">Traduction : <strong>c.l.<\/strong> pour<strong> <em>L.G.O.<\/em><\/strong><\/span><\/p>\n<p>&nbsp;<\/p>\n<p>&nbsp;<\/p>\n<p>&nbsp;<\/p>\n<p style=\"text-align: center;\"><a href=\"http:\/\/blog.lesgrossesorchadeslesamplesthalameges.fr\/?attachment_id=23874\" rel=\"attachment wp-att-23874\"><img loading=\"lazy\" class=\"alignnone wp-image-23874 size-full\" src=\"http:\/\/blog.lesgrossesorchadeslesamplesthalameges.fr\/wp-content\/uploads\/2023\/10\/12.-ZIONIST-THINK-TANK-GRAYZONE-KLARENBERG.png\" alt=\"\" width=\"650\" height=\"345\" srcset=\"https:\/\/blog.lesgrossesorchadeslesamplesthalameges.fr\/wp-content\/uploads\/2023\/10\/12.-ZIONIST-THINK-TANK-GRAYZONE-KLARENBERG.png 650w, https:\/\/blog.lesgrossesorchadeslesamplesthalameges.fr\/wp-content\/uploads\/2023\/10\/12.-ZIONIST-THINK-TANK-GRAYZONE-KLARENBERG-300x159.png 300w\" sizes=\"(max-width: 650px) 100vw, 650px\" \/><\/a><\/p>\n<p>&nbsp;<\/p>\n<p style=\"text-align: center;\"><span style=\"font-family: times new roman, times, serif;\"><strong><em>Un village de tentes \u00e0 Khan Younis, Gaza, pour les Palestiniens forc\u00e9s de fuir les zones nord de la bande de Gaza assi\u00e9g\u00e9e.<\/em><\/strong><\/span><\/p>\n<p>&nbsp;<\/p>\n<p>&nbsp;<\/p>\n<p>&nbsp;<\/p>\n<p style=\"text-align: justify;\"><span style=\"font-family: tahoma, arial, helvetica, sans-serif; font-size: 14pt;\"><strong>Alors que le tapis de bombes isra\u00e9lien sur Gaza entre dans sa troisi\u00e8me semaine, faisant plus de 5.000 morts et d\u00e9pla\u00e7ant au moins un million d&rsquo;habitants, un <em>think tank<\/em> bas\u00e9 \u00e0 Tel-Aviv publie un projet de solution finale de l&rsquo;\u00c9tat juif autoproclam\u00e9<\/strong>.<\/span><\/p>\n<p>&nbsp;<\/p>\n<p style=\"text-align: justify;\"><span style=\"font-family: times new roman, times, serif; font-size: 14pt;\">Dans un <a href=\"https:\/\/drive.google.com\/file\/d\/1e8ytZWVQyt1XncFPeDT9n1RoD_mZJRUk\/view\">livre blanc<\/a> publi\u00e9 plus d&rsquo;une semaine apr\u00e8s l&rsquo;attaque surprise du Hamas contre les bases militaires et les kibboutz isra\u00e9liens, l&rsquo;Institut pour la S\u00e9curit\u00e9 Nationale et la Strat\u00e9gie Sioniste a pr\u00e9sent\u00e9 \u00ab\u00a0un plan de r\u00e9installation et de r\u00e9habilitation finale en \u00c9gypte de l&rsquo;ensemble de la population de Gaza\u00a0\u00bb, fond\u00e9 sur \u00ab\u00a0&lsquo;occasion unique et rare d&rsquo;\u00e9vacuer l&rsquo;ensemble de la bande de Gaza\u00a0\u00bb offerte par le dernier assaut d&rsquo;Isra\u00ebl contre l&rsquo;enclave c\u00f4ti\u00e8re assi\u00e9g\u00e9e.<\/span><\/p>\n<p style=\"text-align: justify;\"><span style=\"font-family: times new roman, times, serif; font-size: 14pt;\">Publi\u00e9 en h\u00e9breu sur le site web de l&rsquo;organisation, le document a \u00e9t\u00e9 r\u00e9dig\u00e9 par Amir Weitman, \u00ab\u00a0gestionnaire d&rsquo;investissements et chercheur invit\u00e9\u00a0\u00bb \u00e0 l&rsquo;Institut, qui dirige \u00e9galement le groupe parlementaire libertaire du Likoud, le parti au pouvoir en Isra\u00ebl. Le document commence par noter qu&rsquo;il y a 10 millions de logements vacants dans l&rsquo;\u00c9gypte voisine qui pourraient \u00eatre \u00ab\u00a0imm\u00e9diatement\u00a0\u00bb occup\u00e9s par des Palestiniens. Weitman assure ensuite aux lecteurs que le \u00ab\u00a0plan durable&#8230; s&rsquo;aligne bien sur les int\u00e9r\u00eats \u00e9conomiques et g\u00e9opolitiques de l&rsquo;\u00c9tat d&rsquo;Isra\u00ebl, de l&rsquo;\u00c9gypte, des USA et de l&rsquo;Arabie saoudite\u00a0\u00bb.<\/span><\/p>\n<p style=\"text-align: justify;\"><span style=\"font-family: times new roman, times, serif; font-size: 14pt;\">La proposition de nettoyage ethnique de Weitman fait \u00e9cho aux plans de transfert forc\u00e9 avanc\u00e9s ces derniers jours par d&rsquo;anciens responsables isra\u00e9liens, tout en capitalisant sur les ordres d&rsquo;\u00e9vacuation donn\u00e9s par l&rsquo;arm\u00e9e isra\u00e9lienne \u00e0 l&rsquo;ensemble de la population civile du nord de la bande de Gaza.<\/span><\/p>\n<p style=\"text-align: justify;\"><span style=\"font-family: times new roman, times, serif; font-size: 14pt;\">Le sinistre plan de Weitman pr\u00e9voyait l&rsquo;achat par Isra\u00ebl de ces propri\u00e9t\u00e9s pour un co\u00fbt de 5 \u00e0 8 milliards de dollars, un prix sans doute \u00e9norme mais qui ne repr\u00e9sente que 1 \u00e0 1,5 % du PIB d&rsquo;Isra\u00ebl.<\/span><\/p>\n<p style=\"text-align: justify;\"><span style=\"font-family: times new roman, times, serif; font-size: 14pt;\">Alors que les bombardements isra\u00e9liens sur Gaza entrent dans leur troisi\u00e8me semaine, faisant plus de 5.000 morts et d\u00e9pla\u00e7ant au moins un million de personnes, un think tank (groupe de r\u00e9flecion) bas\u00e9 \u00e0 Tel-Aviv publie un plan pour la solution finale de l&rsquo;\u00c9tat juif autoproclam\u00e9.<\/span><\/p>\n<p style=\"text-align: justify;\"><span style=\"font-family: times new roman, times, serif; font-size: 14pt;\">Dans un livre blanc publi\u00e9 plus d&rsquo;une semaine apr\u00e8s l&rsquo;attaque surprise du Hamas contre les bases militaires et les kibboutz isra\u00e9liens, l&rsquo;Institut pour la s\u00e9curit\u00e9 nationale et la strat\u00e9gie sioniste a pr\u00e9sent\u00e9 un \u00ab\u00a0plan de r\u00e9installation et de r\u00e9habilitation finale en \u00c9gypte de l&rsquo;ensemble de la population de Gaza\u00a0\u00bb, fond\u00e9 sur \u00ab\u00a0l&rsquo;occasion unique et rare d&rsquo;\u00e9vacuer l&rsquo;ensemble de la bande de Gaza\u00a0\u00bb offerte par le dernier assaut d&rsquo;Isra\u00ebl contre l&rsquo;enclave c\u00f4ti\u00e8re assi\u00e9g\u00e9e.<\/span><\/p>\n<p style=\"text-align: justify;\"><span style=\"font-family: times new roman, times, serif; font-size: 14pt;\">Publi\u00e9 en h\u00e9breu sur le site web de l&rsquo;organisation, le document a \u00e9t\u00e9 r\u00e9dig\u00e9 par Amir Weitman, \u00ab\u00a0gestionnaire d&rsquo;investissements et chercheur invit\u00e9\u00a0\u00bb \u00e0 l&rsquo;Institut, qui dirige \u00e9galement le groupe parlementaire libertaire du Likoud, le parti au pouvoir en Isra\u00ebl. Le document commence par noter qu&rsquo;il y a 10 millions de logements vacants dans l&rsquo;\u00c9gypte voisine qui pourraient \u00eatre \u00ab\u00a0imm\u00e9diatement\u00a0\u00bb occup\u00e9s par des Palestiniens. Weitman assure ensuite aux lecteurs que le \u00ab\u00a0plan durable&#8230; s&rsquo;aligne bien sur les int\u00e9r\u00eats \u00e9conomiques et g\u00e9opolitiques de l&rsquo;\u00c9tat d&rsquo;Isra\u00ebl, de l&rsquo;\u00c9gypte, des \u00c9tats-Unis et de l&rsquo;Arabie saoudite\u00a0\u00bb.<\/span><\/p>\n<p style=\"text-align: justify;\"><span style=\"font-family: times new roman, times, serif; font-size: 14pt;\">La proposition de nettoyage ethnique de Weitman fait \u00e9cho aux plans de transfert forc\u00e9 avanc\u00e9s ces derniers jours par d&rsquo;anciens responsables isra\u00e9liens, tout en capitalisant sur les ordres d&rsquo;\u00e9vacuation donn\u00e9s par l&rsquo;arm\u00e9e isra\u00e9lienne \u00e0 l&rsquo;ensemble de la population civile du nord de la bande de Gaza..<\/span><\/p>\n<p style=\"text-align: justify;\"><span style=\"font-family: times new roman, times, serif; font-size: 14pt;\">Le sinistre plan de Weitman pr\u00e9voit qu&rsquo;Isra\u00ebl ach\u00e8te ces propri\u00e9t\u00e9s pour un montant de 5 \u00e0 8 milliards de dollars, prix d\u2019apparence \u00e9norme, mais qui ne repr\u00e9sente que 1 \u00e0 1,5 % du PIB d&rsquo;Isra\u00ebl.<\/span><\/p>\n<p style=\"text-align: justify;\"><span style=\"font-family: times new roman, times, serif; font-size: 14pt;\">\u00a0\u00ab\u00a0Ces sommes d&rsquo;argent [n\u00e9cessaires pour nettoyer Gaza] sont minimes par rapport \u00e0 l&rsquo;\u00e9conomie isra\u00e9lienne\u00a0\u00bb, affirme Weitman. \u00ab\u00a0Investir des milliards de dollars individuels pour r\u00e9soudre ce probl\u00e8me difficile est une solution innovante, bon march\u00e9 et durable.\u00a0\u00bb<\/span><\/p>\n<p style=\"text-align: justify;\"><span style=\"font-family: times new roman, times, serif; font-size: 14pt;\">Weitman a reconnu que son plan revenait pratiquement \u00e0 ce qu&rsquo;Isra\u00ebl \u00ab\u00a0ach\u00e8te la bande de Gaza\u00a0\u00bb, tout en affirmant que cette op\u00e9ration serait \u00ab\u00a0un investissement tr\u00e8s rentable\u00a0\u00bb pour les sionistes, car elle \u00ab\u00a0apporterait une grande valeur ajout\u00e9e au fil du temps\u00a0\u00bb. Il a affirm\u00e9 que les \u00ab\u00a0conditions fonci\u00e8res\u00a0\u00bb de la r\u00e9gion offriraient \u00e0 \u00ab\u00a0de nombreux\u00a0\u00bb colons isra\u00e9liens un niveau de vie \u00e9lev\u00e9, permettant ainsi une expansion des colonies dans le Gush Dan, pr\u00e8s de la fronti\u00e8re \u00e9gyptienne, et donnant \u00ab\u00a0un formidable \u00e9lan \u00e0 la colonisation dans le N\u00e9guev\u00a0\u00bb.<\/span><\/p>\n<p style=\"text-align: justify;\"><span style=\"font-family: times new roman, times, serif; font-size: 14pt;\">En d\u00e9cembre 2021, Tel-Aviv a approuv\u00e9 des plans visant \u00e0 \u00e9tablir quatre colonies dans le N\u00e9guev afin d&rsquo;y loger 3.000 familles de colons.<\/span><\/p>\n<p>&nbsp;<\/p>\n<p style=\"text-align: justify;\"><span style=\"font-family: times new roman, times, serif; font-size: 18pt;\"><strong>Une guerre g\u00e9nocidaire pour mettre fin \u00e0 toutes les guerres<\/strong><\/span><\/p>\n<p style=\"text-align: justify;\"><span style=\"font-family: times new roman, times, serif; font-size: 14pt;\">Bien que l&rsquo;\u00c9gypte ait jusqu&rsquo;\u00e0 pr\u00e9sent rejet\u00e9 les pressions isra\u00e9liennes en faveur d&rsquo;un exode massif des habitants de Gaza par le point de passage de Rafah, au sud du pays, Weitman estime que le Caire accueillera l&rsquo;exode massif des r\u00e9fugi\u00e9s palestiniens comme \u00ab\u00a0un stimulant imm\u00e9diat\u00a0\u00bb qui \u00ab\u00a0apportera un b\u00e9n\u00e9fice \u00e9norme et imm\u00e9diat au r\u00e9gime d&rsquo;al-Sisi\u00a0\u00bb.<\/span><\/p>\n<p style=\"text-align: justify;\"><span style=\"font-family: times new roman, times, serif; font-size: 14pt;\">Weitman pr\u00e9tend que les principaux cr\u00e9anciers du Caire &#8211; dont la France, l&rsquo;Allemagne et l&rsquo;Arabie saoudite &#8211; sont susceptibles d&rsquo;accueillir favorablement une \u00e9conomie \u00e9gyptienne revitalis\u00e9e, gr\u00e2ce \u00e0 \u00ab\u00a0l&rsquo;investissement isra\u00e9lien\u00a0\u00bb, par l&rsquo;expulsion permanente des Palestiniens. Il suppose que l&rsquo;Europe occidentale accueillera favorablement \u00ab\u00a0le transfert de l&rsquo;ensemble de la population de Gaza vers l&rsquo;\u00c9gypte\u00a0\u00bb, car cela \u00ab\u00a0r\u00e9duira consid\u00e9rablement le risque d&rsquo;immigration ill\u00e9gale&#8230; avantage consid\u00e9rable\u00a0\u00bb. Par ailleurs, il s&rsquo;attend \u00e0 ce que Riyad accueille favorablement cette initiative, car \u00ab\u00a0l&rsquo;\u00e9vacuation de la bande de Gaza signifie l&rsquo;\u00e9limination d&rsquo;un alli\u00e9 important de l&rsquo;Iran\u00a0\u00bb.<\/span><\/p>\n<p style=\"text-align: justify;\"><span style=\"font-family: times new roman, times, serif; font-size: 14pt;\">Le nettoyage ethnique de Gaza signifierait la fin des \u00ab\u00a0combats incessants et r\u00e9p\u00e9t\u00e9s qui attisent les feux de la haine contre Isra\u00ebl\u00a0\u00bb. En outre, \u00ab\u00a0le r\u00e8glement de la question de Gaza garantira un approvisionnement stable et accru de l&rsquo;\u00c9gypte en gaz isra\u00e9lien et sa liqu\u00e9faction\u00a0\u00bb, \u00e0 partir des vastes r\u00e9serves saisies par Isra\u00ebl pr\u00e8s des c\u00f4tes de Gaza.<\/span><\/p>\n<p style=\"text-align: justify;\"><span style=\"font-family: times new roman, times, serif; font-size: 14pt;\">Les Palestiniens, quant \u00e0 eux, sont cens\u00e9s sauter sur l&rsquo;occasion d&rsquo;\u00eatre transf\u00e9r\u00e9s de force de leurs maisons plut\u00f4t que de \u00ab\u00a0vivre dans la pauvret\u00e9 sous la domination du Hamas\u00a0\u00bb. Il est donc n\u00e9cessaire qu&rsquo;Isra\u00ebl \u00ab\u00a0cr\u00e9e les bonnes conditions\u00a0\u00bb pour qu&rsquo;ils \u00ab\u00a0immigrent\u00a0\u00bb de Gaza au Caire. Weitman note que les deux millions d&rsquo;habitants de Gaza \u00ab\u00a0repr\u00e9sentent moins de 2 % de la population \u00e9gyptienne totale, qui compte d\u00e9j\u00e0 aujourd&rsquo;hui 9 millions de r\u00e9fugi\u00e9s. Une goutte d&rsquo;eau dans l&rsquo;oc\u00e9an \u00bb.<\/span><\/p>\n<p style=\"text-align: justify;\"><span style=\"font-family: times new roman, times, serif; font-size: 14pt;\">Le document concluait de mani\u00e8re inqui\u00e9tante : \u00ab\u00a0Il ne fait aucun doute que pour que ce plan se r\u00e9alise, de nombreuses conditions doivent \u00eatre r\u00e9unies en m\u00eame temps. Actuellement, ces conditions sont r\u00e9unies et l&rsquo;on ne sait pas quand une telle occasion se pr\u00e9sentera \u00e0 nouveau, si elle se pr\u00e9sente jamais. C&rsquo;est le moment d&rsquo;agir. Maintenant \u00bb.<\/span><\/p>\n<p style=\"text-align: justify;\"><span style=\"font-family: times new roman, times, serif; font-size: 14pt;\"><strong>\u00a0<\/strong><\/span><\/p>\n<p style=\"text-align: left;\"><span style=\"font-family: times new roman, times, serif; font-size: 18pt;\"><strong>\u00ab\u00a0Si nous voulons rester en vie, il nous faudra tuer, tuer et tuer.\u00a0\u00bb<\/strong><\/span><\/p>\n<p style=\"text-align: justify;\"><span style=\"font-family: times new roman, times, serif; font-size: 14pt;\">Si barbares que ces propositions puissent para\u00eetre, elles refl\u00e8tent ce que de nombreux responsables isra\u00e9liens semblent murmurer en priv\u00e9 et ce qu&rsquo;au moins un ancien porte-parole du gouvernement a ouvertement pr\u00e9sent\u00e9 comme une solution altruiste au \u00ab\u00a0probl\u00e8me\u00a0\u00bb palestinien.<\/span><\/p>\n<p style=\"text-align: justify;\"><span style=\"font-family: times new roman, times, serif; font-size: 14pt;\">\u00a0\u00ab\u00a0Il y a une immense \u00e9tendue, un espace presque infini dans le d\u00e9sert du Sina\u00ef, juste de l&rsquo;autre c\u00f4t\u00e9 de Gaza\u00a0\u00bb, a d\u00e9clar\u00e9 l&rsquo;ancien vice-ministre isra\u00e9lien des Affaires \u00e9trang\u00e8res, Danny Ayalon, dans une interview accord\u00e9e \u00e0 Marc Lamont Hill d&rsquo;Al Jazeera, faisant \u00e9cho \u00e0 la logique sioniste g\u00e9nocidaire qui sous-tend la proposition de Weitman. \u00ab\u00a0L&rsquo;id\u00e9e est &#8211; et ce n&rsquo;est pas la premi\u00e8re fois que cela sera fait &#8211; qu&rsquo;ils partent vers les zones ouvertes o\u00f9 nous et la communaut\u00e9 internationale pr\u00e9parerons l&rsquo;infrastructure\u00a0\u2013 vous savez, 10 villes avec de la nourriture et de l&rsquo;eau \u2013 exactement comme pour les r\u00e9fugi\u00e9s de Syrie.\u00a0\u00bb<\/span><\/p>\n<p style=\"text-align: justify;\"><span style=\"font-family: times new roman, times, serif; font-size: 14pt;\">En 2004, le d\u00e9mographe sioniste Arnon Sofer, de l&rsquo;universit\u00e9 de Ha\u00effa, a pr\u00e9sent\u00e9 directement au gouvernement d&rsquo;Ariel Sharon <a href=\"https:\/\/www.jpost.com\/features\/i-didnt-suggest-we-kill-palestinians\">des plans d\u00e9taill\u00e9s<\/a> pour l&rsquo;isolement de Gaza. Cela impliquait le retrait total des forces isra\u00e9liennes de la r\u00e9gion et la mise en place d&rsquo;un rigoureux syst\u00e8me de surveillance et de s\u00e9curit\u00e9 pour s&rsquo;assurer que rien ni personne n&rsquo;entre ou ne sorte sans l&rsquo;aval des sionistes. Il pr\u00e9disait un bain de sang perp\u00e9tuel :<\/span><\/p>\n<p style=\"text-align: justify;\"><span style=\"font-family: times new roman, times, serif; font-size: 14pt;\">\u00a0\u00ab\u00a0Lorsque 2,5 millions de personnes devront vivre dans une bande de Gaza ferm\u00e9e, ce sera une catastrophe humaine. Ces gens deviendront des animaux encore plus gros qu&rsquo;aujourd&rsquo;hui&#8230; La pression \u00e0 la fronti\u00e8re sera terrible. Ce sera une guerre affreuse. Alors, si nous voulons rester en vie, il nous faudra tuer, tuer et tuer. Toute la journ\u00e9e, tous les jours&#8230; la seule chose qui me pr\u00e9occupe, c&rsquo;est de savoir comment faire en sorte que les gar\u00e7ons et les hommes qui devront tuer puissent rentrer chez eux retrouver leur famille et \u00eatre des humains normaux\u00a0\u00bb.<\/span><\/p>\n<p style=\"text-align: justify;\"><span style=\"font-family: times new roman, times, serif; font-size: 14pt;\">L&rsquo;Institut a propos\u00e9 une solution simple et claire pour atteindre le m\u00eame objectif que celui propos\u00e9 par Sofer. Pour qu&rsquo;il r\u00e9ussisse, il suffit que les Palestiniens d\u00e9posent leurs armes et se dirigent vers le d\u00e9sert de l&rsquo;exil permanent.<\/span><\/p>\n<p>&nbsp;<\/p>\n<p style=\"text-align: left;\"><span style=\"font-family: times new roman, times, serif; font-size: 14pt;\">Source : <a href=\"https:\/\/thegrayzone.com\/2023\/10\/24\/zionist-think-tank-palestinian-genocide\/\">https:\/\/thegrayzone.com\/2023\/10\/24\/zionist-think-tank-palestinian-genocide\/<\/a><\/span><\/p>\n<p style=\"text-align: left;\"><span style=\"font-family: times new roman, times, serif; font-size: 14pt;\"><strong>\u00a0URL de cet article\u00a0: <\/strong><a href=\"http:\/\/blog.lesgrossesorchadeslesamplesthalameges.fr\/index.php\/un-think-tank-sioniste-publie-un-projet-de-genocide-des-palestiniens\/\">http:\/\/blog.lesgrossesorchadeslesamplesthalameges.fr\/index.php\/un-think-tank-sioniste-publie-un-projet-de-genocide-des-palestiniens\/<\/a><\/span><\/p>\n<p style=\"text-align: justify;\"><span style=\"font-family: times new roman, times, serif; font-size: 14pt;\"><strong>\u00a0<\/strong><\/span><\/p>\n<p>&nbsp;<\/p>\n<p style=\"text-align: center;\"><a href=\"http:\/\/blog.lesgrossesorchadeslesamplesthalameges.fr\/index.php\/la-solution-finale-pour-qui\/000-tentative-dattaque-terroriste-2\/\" rel=\"attachment wp-att-23899\"><img loading=\"lazy\" class=\"alignnone size-full wp-image-23899\" src=\"http:\/\/blog.lesgrossesorchadeslesamplesthalameges.fr\/wp-content\/uploads\/2023\/10\/000.-tentative-dattaque-terroriste-1.jpg\" alt=\"\" width=\"90\" height=\"60\" \/><\/a><\/p>\n<p>&nbsp;<\/p>\n<p style=\"text-align: right;\"><span style=\"font-family: comic sans ms, sans-serif; font-size: 14pt;\">Octobre 2023<\/span><\/p>\n<p>&nbsp;<\/p>\n","protected":false},"excerpt":{"rendered":"<p>\u00a0 &nbsp; &nbsp; &nbsp; &nbsp; &nbsp; &nbsp; &nbsp; Un \u201cthink tank\u201d sioniste publie un projet de g\u00e9nocide des Palestiniens &nbsp; &nbsp; Kit Klarenberg \u2013 The Grayzone \u2013 21.10.2023 &nbsp; Traduction : c.l. pour L.G.O. &nbsp; &nbsp; &nbsp; &nbsp; Un village de tentes \u00e0 Khan Younis, Gaza, pour les Palestiniens forc\u00e9s de fuir les zones nord&#8230;<\/p>\n","protected":false},"author":1,"featured_media":0,"parent":0,"menu_order":0,"comment_status":"open","ping_status":"open","template":"","meta":[],"_links":{"self":[{"href":"https:\/\/blog.lesgrossesorchadeslesamplesthalameges.fr\/index.php\/wp-json\/wp\/v2\/pages\/23917"}],"collection":[{"href":"https:\/\/blog.lesgrossesorchadeslesamplesthalameges.fr\/index.php\/wp-json\/wp\/v2\/pages"}],"about":[{"href":"https:\/\/blog.lesgrossesorchadeslesamplesthalameges.fr\/index.php\/wp-json\/wp\/v2\/types\/page"}],"author":[{"embeddable":true,"href":"https:\/\/blog.lesgrossesorchadeslesamplesthalameges.fr\/index.php\/wp-json\/wp\/v2\/users\/1"}],"replies":[{"embeddable":true,"href":"https:\/\/blog.lesgrossesorchadeslesamplesthalameges.fr\/index.php\/wp-json\/wp\/v2\/comments?post=23917"}],"version-history":[{"count":7,"href":"https:\/\/blog.lesgrossesorchadeslesamplesthalameges.fr\/index.php\/wp-json\/wp\/v2\/pages\/23917\/revisions"}],"predecessor-version":[{"id":23924,"href":"https:\/\/blog.lesgrossesorchadeslesamplesthalameges.fr\/index.php\/wp-json\/wp\/v2\/pages\/23917\/revisions\/23924"}],"wp:attachment":[{"href":"https:\/\/blog.lesgrossesorchadeslesamplesthalameges.fr\/index.php\/wp-json\/wp\/v2\/media?parent=23917"}],"curies":[{"name":"wp","href":"https:\/\/api.w.org\/{rel}","templated":true}]}}