{"id":23935,"date":"2023-10-28T21:45:21","date_gmt":"2023-10-28T19:45:21","guid":{"rendered":"http:\/\/blog.lesgrossesorchadeslesamplesthalameges.fr\/?page_id=23935"},"modified":"2023-10-28T21:46:45","modified_gmt":"2023-10-28T19:46:45","slug":"23935-2","status":"publish","type":"page","link":"https:\/\/blog.lesgrossesorchadeslesamplesthalameges.fr\/index.php\/23935-2\/","title":{"rendered":"850 membres du personnel international de l&rsquo;UE critiquent von der Leyen pour son soutien \u00e0 \u00ab\u00a0Isra\u00ebl\u00a0\u00bb."},"content":{"rendered":"<p>&nbsp;<\/p>\n<p>&nbsp;<\/p>\n<p>&nbsp;<\/p>\n<p>&nbsp;<\/p>\n<p>&nbsp;<\/p>\n<p>&nbsp;<\/p>\n<p>&nbsp;<\/p>\n<p style=\"text-align: center;\"><span style=\"font-family: times new roman, times, serif; font-size: 36pt;\"><strong>850 membres du personnel international de l&rsquo;UE critiquent von der Leyen pour son soutien \u00e0 \u00ab\u00a0Isra\u00ebl\u00a0\u00bb.<\/strong><\/span><\/p>\n<p>&nbsp;<\/p>\n<p>&nbsp;<\/p>\n<p style=\"text-align: justify;\"><span style=\"font-family: times new roman, times, serif; font-size: 18pt;\"><em>Des employ\u00e9s de l&rsquo;Union Europ\u00e9enne dans le monde entier font remarquer que la cr\u00e9dibilit\u00e9 de l&rsquo;Union Europ\u00e9enne est compromise, du fait qu\u2019elle ait d\u00e9clar\u00e9 son soutien absolu \u00e0 \u00ab\u00a0Isra\u00ebl\u00a0\u00bb.<\/em><\/span><\/p>\n<p style=\"text-align: justify;\"><span style=\"font-family: times new roman, times, serif; font-size: 18pt;\"><em>\u00a0<\/em><\/span><\/p>\n<p>&nbsp;<\/p>\n<p style=\"text-align: center;\"><span style=\"font-family: times new roman, times, serif; font-size: 18pt;\"><strong><em>Al Mayadeen English<\/em><\/strong><strong> \u2013 20.10.2023<\/strong><\/span><\/p>\n<p style=\"text-align: center;\"><span style=\"font-family: times new roman, times, serif; font-size: 18pt;\">Traduction : <strong>c.l.<\/strong> pour <strong><em>L.G.O.<\/em><\/strong><\/span><\/p>\n<p>&nbsp;<\/p>\n<p>&nbsp;<\/p>\n<p>&nbsp;<\/p>\n<p style=\"text-align: center;\"><a href=\"http:\/\/blog.lesgrossesorchadeslesamplesthalameges.fr\/index.php\/2023\/10\/28\/guerre-totale-u-s-a-israel-u-e-contre-le-moyen-orient\/14-ursula-1\/\" rel=\"attachment wp-att-23877\"><img loading=\"lazy\" class=\"alignnone wp-image-23877\" src=\"http:\/\/blog.lesgrossesorchadeslesamplesthalameges.fr\/wp-content\/uploads\/2023\/10\/14.-URSULA-1-300x198.jpg\" alt=\"\" width=\"500\" height=\"330\" srcset=\"https:\/\/blog.lesgrossesorchadeslesamplesthalameges.fr\/wp-content\/uploads\/2023\/10\/14.-URSULA-1-300x198.jpg 300w, https:\/\/blog.lesgrossesorchadeslesamplesthalameges.fr\/wp-content\/uploads\/2023\/10\/14.-URSULA-1.jpg 400w\" sizes=\"(max-width: 500px) 100vw, 500px\" \/><\/a><\/p>\n<p>&nbsp;<\/p>\n<p>&nbsp;<\/p>\n<p>&nbsp;<\/p>\n<p style=\"text-align: justify;\"><span style=\"font-family: tahoma, arial, helvetica, sans-serif; font-size: 14pt;\"><strong>Vendredi, des employ\u00e9s de l&rsquo;Union Europ\u00e9enne du <\/strong><\/span><span style=\"font-family: tahoma, arial, helvetica, sans-serif; font-size: 14pt;\"><strong>monde entier ont critiqu\u00e9 la position de la pr\u00e9sidente de la Commission Europ\u00e9enne, Ursula von der Leyen, en faveur d&rsquo;\u00ab\u00a0Isra\u00ebl\u00a0\u00bb, d\u2019apr\u00e8s le site europ\u00e9en <em>Euractiv<\/em>.<\/strong><\/span><\/p>\n<p style=\"text-align: justify;\"><span style=\"font-family: times new roman, times, serif; font-size: 14pt;\"><strong>\u00a0<\/strong><\/span><\/p>\n<p style=\"text-align: justify;\"><span style=\"font-family: times new roman, times, serif; font-size: 14pt;\">Pr\u00e8s de 850 employ\u00e9s de l&rsquo;UE \u00e0 travers le monde ont envoy\u00e9 une lettre de trois pages \u00e0 la pr\u00e9sidente de la Commission Europ\u00e9enne, dans laquelle ils d\u00e9clarent : \u00ab\u00a0Nous sommes particuli\u00e8rement pr\u00e9occup\u00e9s par le soutien inconditionnel de la Commission Europ\u00e9enne que vous repr\u00e9sentez \u00e0 l&rsquo;une des deux parties : \u00ab\u00a0Nous nous inqui\u00e9tons s\u00e9rieusement du soutien inconditionnel de la Commission\u00a0\u00bb.<\/span><\/p>\n<p>&nbsp;<\/p>\n<p>&nbsp;<\/p>\n<p>&nbsp;<\/p>\n<p style=\"text-align: center;\"><a href=\"http:\/\/blog.lesgrossesorchadeslesamplesthalameges.fr\/index.php\/23935-2\/22-ursula-2\/\" rel=\"attachment wp-att-23936\"><img loading=\"lazy\" class=\"alignnone wp-image-23936 size-full\" src=\"http:\/\/blog.lesgrossesorchadeslesamplesthalameges.fr\/wp-content\/uploads\/2023\/10\/22.-URSULA-2.jpg\" alt=\"\" width=\"500\" height=\"281\" srcset=\"https:\/\/blog.lesgrossesorchadeslesamplesthalameges.fr\/wp-content\/uploads\/2023\/10\/22.-URSULA-2.jpg 500w, https:\/\/blog.lesgrossesorchadeslesamplesthalameges.fr\/wp-content\/uploads\/2023\/10\/22.-URSULA-2-300x169.jpg 300w\" sizes=\"(max-width: 500px) 100vw, 500px\" \/><\/a><\/p>\n<p>&nbsp;<\/p>\n<p>&nbsp;<\/p>\n<p>&nbsp;<\/p>\n<p style=\"text-align: justify;\"><span style=\"font-family: times new roman, times, serif; font-size: 14pt;\">Ceux qui ont critiqu\u00e9 sa position condamnent les actions isra\u00e9liennes entreprises contre pr\u00e8s de 2,3 millions de civils palestiniens pi\u00e9g\u00e9s dans la bande de Gaza, d\u00e9clarant : \u00ab\u00a0C&rsquo;est pr\u00e9cis\u00e9ment \u00e0 cause de ces atrocit\u00e9s que nous sommes surpris par la position adopt\u00e9e par la Commission Europ\u00e9enne \u2013 et m\u00eame par d&rsquo;autres institutions de l&rsquo;UE \u2013 qui promeut ainsi ce qui a \u00e9t\u00e9 d\u00e9crit dans la presse comme \u00ab\u00a0une cacophonie europ\u00e9enne\u00a0\u00bb.<\/span><\/p>\n<p style=\"text-align: justify;\"><span style=\"font-family: times new roman, times, serif; font-size: 14pt;\">Les signataires ont d\u00e9plor\u00e9 \u00ab\u00a0L&rsquo;apparente indiff\u00e9rence manifest\u00e9e ces derniers jours par notre institution face au massacre de civils dans la bande de Gaza, au m\u00e9pris des droits de l&rsquo;homme et du droit humanitaire international\u00a0\u00bb, et ils ont exhort\u00e9 von der Leyen \u00ab\u00a0\u00e0 appeler, avec les dirigeants de l&rsquo;ensemble de l&rsquo;Union, \u00e0 un cessez-le-feu et \u00e0 la protection de la vie des civils. Ceci est au c\u0153ur de l&rsquo;existence de l&rsquo;UE\u00a0\u00bb..<\/span><\/p>\n<p style=\"text-align: justify;\"><span style=\"font-family: times new roman, times, serif; font-size: 14pt;\">\u00a0\u00ab\u00a0L\u2019U.E. risque de perdre toute cr\u00e9dibilit\u00e9\u00a0\u00bb, ont-ils conclu, en guise de mise en garde.<\/span><\/p>\n<p>&nbsp;<\/p>\n<p style=\"text-align: justify;\"><span style=\"font-family: times new roman, times, serif; font-size: 14pt;\">Source\u00a0: <a href=\"https:\/\/english.almayadeen.net\/news\/politics\/850-eu-intl-staff-criticize-von-der-leyen-for-standing-with\">https:\/\/english.almayadeen.net\/news\/politics\/850-eu-intl-staff-criticize-von-der-leyen-for-standing-with<\/a><\/span><\/p>\n<p style=\"text-align: left;\"><span style=\"font-family: times new roman, times, serif; font-size: 14pt;\"><strong>URL de cet article : <\/strong><a href=\"http:\/\/blog.lesgrossesorchadeslesamplesthalameges.fr\/index.php\/23935-2\/\">http:\/\/blog.lesgrossesorchadeslesamplesthalameges.fr\/index.php\/23935-2\/<\/a><\/span><\/p>\n<p><span style=\"font-family: times new roman, times, serif; font-size: 14pt;\"><strong>\u00a0<\/strong><\/span><\/p>\n<p>&nbsp;<\/p>\n<p style=\"text-align: center;\"><strong>\u00a0<a href=\"http:\/\/blog.lesgrossesorchadeslesamplesthalameges.fr\/index.php\/la-solution-finale-pour-qui\/000-tentative-dattaque-terroriste-2\/\" rel=\"attachment wp-att-23899\"><img loading=\"lazy\" class=\"alignnone size-full wp-image-23899\" src=\"http:\/\/blog.lesgrossesorchadeslesamplesthalameges.fr\/wp-content\/uploads\/2023\/10\/000.-tentative-dattaque-terroriste-1.jpg\" alt=\"\" width=\"90\" height=\"60\" \/><\/a><\/strong><\/p>\n<p>&nbsp;<\/p>\n<p><strong>\u00a0<\/strong><\/p>\n<p style=\"text-align: right;\"><span style=\"font-family: comic sans ms, sans-serif; font-size: 14pt;\">Octobre 2023<\/span><\/p>\n<p>&nbsp;<\/p>\n","protected":false},"excerpt":{"rendered":"<p>&nbsp; &nbsp; &nbsp; &nbsp; &nbsp; &nbsp; &nbsp; 850 membres du personnel international de l&rsquo;UE critiquent von der Leyen pour son soutien \u00e0 \u00ab\u00a0Isra\u00ebl\u00a0\u00bb. &nbsp; &nbsp; Des employ\u00e9s de l&rsquo;Union Europ\u00e9enne dans le monde entier font remarquer que la cr\u00e9dibilit\u00e9 de l&rsquo;Union Europ\u00e9enne est compromise, du fait qu\u2019elle ait d\u00e9clar\u00e9 son soutien absolu \u00e0 \u00ab\u00a0Isra\u00ebl\u00a0\u00bb. \u00a0&#8230;<\/p>\n","protected":false},"author":1,"featured_media":0,"parent":0,"menu_order":0,"comment_status":"open","ping_status":"open","template":"","meta":[],"_links":{"self":[{"href":"https:\/\/blog.lesgrossesorchadeslesamplesthalameges.fr\/index.php\/wp-json\/wp\/v2\/pages\/23935"}],"collection":[{"href":"https:\/\/blog.lesgrossesorchadeslesamplesthalameges.fr\/index.php\/wp-json\/wp\/v2\/pages"}],"about":[{"href":"https:\/\/blog.lesgrossesorchadeslesamplesthalameges.fr\/index.php\/wp-json\/wp\/v2\/types\/page"}],"author":[{"embeddable":true,"href":"https:\/\/blog.lesgrossesorchadeslesamplesthalameges.fr\/index.php\/wp-json\/wp\/v2\/users\/1"}],"replies":[{"embeddable":true,"href":"https:\/\/blog.lesgrossesorchadeslesamplesthalameges.fr\/index.php\/wp-json\/wp\/v2\/comments?post=23935"}],"version-history":[{"count":8,"href":"https:\/\/blog.lesgrossesorchadeslesamplesthalameges.fr\/index.php\/wp-json\/wp\/v2\/pages\/23935\/revisions"}],"predecessor-version":[{"id":23944,"href":"https:\/\/blog.lesgrossesorchadeslesamplesthalameges.fr\/index.php\/wp-json\/wp\/v2\/pages\/23935\/revisions\/23944"}],"wp:attachment":[{"href":"https:\/\/blog.lesgrossesorchadeslesamplesthalameges.fr\/index.php\/wp-json\/wp\/v2\/media?parent=23935"}],"curies":[{"name":"wp","href":"https:\/\/api.w.org\/{rel}","templated":true}]}}