{"id":2398,"date":"2019-02-10T22:55:02","date_gmt":"2019-02-10T21:55:02","guid":{"rendered":"http:\/\/blog.lesgrossesorchadeslesamplesthalameges.fr\/?page_id=2398"},"modified":"2019-02-10T22:55:02","modified_gmt":"2019-02-10T21:55:02","slug":"lacte-xii-vu-de-linterieur","status":"publish","type":"page","link":"https:\/\/blog.lesgrossesorchadeslesamplesthalameges.fr\/index.php\/lacte-xii-vu-de-linterieur\/","title":{"rendered":"L&rsquo;ACTE XII VU DE L&rsquo;INT\u00c9RIEUR"},"content":{"rendered":"<p>&nbsp;<\/p>\n<p>&nbsp;<\/p>\n<p>&nbsp;<\/p>\n<p>&nbsp;<\/p>\n<p>&nbsp;<\/p>\n<p style=\"text-align: center;\"><span style=\"font-size: 44pt;\"><strong>L\u2019Acte XII vu de l\u2019int\u00e9rieur<\/strong><\/span><\/p>\n<p style=\"text-align: center;\"><span style=\"font-family: arial, helvetica, sans-serif;\"><strong>LE BRUIT DU TEMPS par Slobodan Despot<\/strong><\/span><\/p>\n<p style=\"text-align: center;\"><strong><span style=\"font-size: 24pt;\">La voix des gens (Gilets jaunes, Acte XII)<\/span><\/strong><\/p>\n<p>&nbsp;<\/p>\n<p>&nbsp;<\/p>\n<p style=\"text-align: center;\"><strong>\u00a0<img loading=\"lazy\" class=\"alignnone wp-image-2400\" src=\"http:\/\/blog.lesgrossesorchadeslesamplesthalameges.fr\/wp-content\/uploads\/2019\/02\/Photo-Despot-1-300x136.jpg\" alt=\"\" width=\"650\" height=\"295\" srcset=\"https:\/\/blog.lesgrossesorchadeslesamplesthalameges.fr\/wp-content\/uploads\/2019\/02\/Photo-Despot-1-300x136.jpg 300w, https:\/\/blog.lesgrossesorchadeslesamplesthalameges.fr\/wp-content\/uploads\/2019\/02\/Photo-Despot-1-768x348.jpg 768w, https:\/\/blog.lesgrossesorchadeslesamplesthalameges.fr\/wp-content\/uploads\/2019\/02\/Photo-Despot-1.jpg 1012w\" sizes=\"(max-width: 650px) 100vw, 650px\" \/><\/strong><\/p>\n<p>&nbsp;<\/p>\n<p>&nbsp;<\/p>\n<p style=\"text-align: justify;\"><span style=\"font-family: arial, helvetica, sans-serif; font-size: 14pt;\"><strong>Allant \u00e0 la rencontre de ces Fran\u00e7ais qui ont enfil\u00e9 l\u2019armure jaune de la r\u00e9bellion, j\u2019ai suivi la manifestation de l\u2019Acte XII de la Bastille \u00e0 la R\u00e9publique.<\/strong><\/span><\/p>\n<p style=\"text-align: justify;\"><span style=\"font-family: arial, helvetica, sans-serif; font-size: 14pt;\">Et j\u2019ai \u00e9cout\u00e9 et regard\u00e9 jusqu\u2019\u00e0 ce que le gaz lacrymog\u00e8ne m\u2019oblige \u00e0 fermer les yeux.<\/span><\/p>\n<p style=\"text-align: justify;\"><span style=\"font-family: arial, helvetica, sans-serif; font-size: 14pt;\">Je n\u2019ai jamais \u00e9t\u00e9 un adepte des mouvements de foules. Pour cette raison premi\u00e8re que je fuis la foule, les p\u00e9tards et les festivit\u00e9s bruyantes.<\/span><\/p>\n<p style=\"text-align: justify;\"><span style=\"font-family: arial, helvetica, sans-serif; font-size: 14pt;\">Accessoirement aussi, parce qu\u2019on estime \u2014 du moins l\u2019ai-je lu quelque part \u2014 l\u2019\u00e2ge mental d\u2019une masse humaine \u00e0 douze ans environ. Mais avant que ce peuple rassembl\u00e9 se transforme en une foule encercl\u00e9e et terroris\u00e9e, j\u2019ai surtout rencontr\u00e9 des gens.<\/span><\/p>\n<p>&nbsp;<\/p>\n<p style=\"text-align: justify;\"><span style=\"font-family: arial, helvetica, sans-serif; font-size: 14pt;\"><strong>\u00ab\u00a0QU\u2019ESP\u00c9REZ-VOUS ?\u00a0\u00bb<\/strong><\/span><\/p>\n<p style=\"text-align: justify;\"><span style=\"font-family: arial, helvetica, sans-serif; font-size: 14pt;\">J\u2019avais boucl\u00e9 mon Antipresse de la semaine et j\u2019allais prendre mon train de Paris pour Lausanne ce samedi lorsqu\u2019une invincible curiosit\u00e9 m\u2019a fait sortir du m\u00e9tro \u00e0 la Bastille. J\u2019y suis tomb\u00e9 sur un petit groupe de gilets jaunes issus de la CGT. Je les ai abord\u00e9s avec une seule question, celle qui du reste me taraudait l\u2019esprit depuis le d\u00e9but de la r\u00e9bellion : qu\u2019esp\u00e9rez-vous? Ils n\u2019attendaient que \u00e7a. J\u2019ai film\u00e9, not\u00e9, photographi\u00e9. Mais je pensais, au vu du nombre, que le mouvement \u00e9tait en train de s\u2019\u00e9puiser lorsque j\u2019ai vu d\u00e9ferler d\u2019une rue voisine une procession jaune d\u2019abord timide, puis de plus en plus massive. Ils ont commenc\u00e9 par inonder la place, dans un calme et une bonne humeur surprenants. J\u2019ai continu\u00e9 de poser des questions: aux apolitiques, aux provinciaux, aux badauds, aux artistes. Seul un soldat, engag\u00e9 volontaire, a demand\u00e9 que je lui cache le visage. Lorsqu\u2019ils apprenaient que je venais de Suisse, ces Fran\u00e7ais du \u00abpeuple\u00bb me faisaient un accueil enthousiaste. Si les gilets jaunes pouvaient voter sur leur appartenance, la Conf\u00e9d\u00e9ration helv\u00e9tique compterait plusieurs cantons de plus. Ce n\u2019\u00e9tait pas le lieu ni le moment de leur expliquer que le droit de r\u00e9f\u00e9rendum, en soi, ne r\u00e9sout rien \u00e0 la d\u00e9possession g\u00e9n\u00e9rale. Tous ou presque r\u00e9clamaient le \u00abRIC\u00bb. Tous ou presque r\u00e9clamaient moins de taxes et plus d\u2019\u00e9coute \u00ab\u00a0d\u2019en-haut\u00a0\u00bb. Il y avait des id\u00e9es sommaires ou pas d\u2019id\u00e9es du tout, du marxisme fossile d\u00e9terr\u00e9 on ne sait d\u2019o\u00f9, des revendications d\u2019une na\u00efvet\u00e9 touchante. Je me suis retrouv\u00e9 au milieu d\u2019une jacquerie d\u2019Ancien r\u00e9gime, avec ses cr\u00e9celles, ses bouffons, ses borgnes et ses mauvaises dentitions. Comme si la R\u00e9volution fran\u00e7aise n\u2019\u00e9tait pas derri\u00e8re, mais devant nous. Saisi par le soule historique du moment, je me suis efforc\u00e9 d\u2019enregistrer le plus possible, sans intervenir.<\/span><\/p>\n<p style=\"text-align: justify;\"><span style=\"font-family: arial, helvetica, sans-serif; font-size: 14pt;\">Puis j\u2019ai suivi cette foule, qui a empli le boulevard Beaumarchais d\u2019un bout \u00e0 l\u2019autre avant d\u2019envahir la place de la R\u00e9publique. Dix mille personnes selon les m\u00e9dias, me dit-on le soir. Trente mille selon leurs propres cameramen que j\u2019entendais se parler sur une terrasse sur\u00e9lev\u00e9e o\u00f9 ils avaient post\u00e9 leur mat\u00e9riel.<\/span><\/p>\n<p>&nbsp;<\/p>\n<p style=\"text-align: justify;\"><span style=\"font-family: arial, helvetica, sans-serif; font-size: 14pt;\"><strong>\u00ab\u00a0EN MARCHE\u00a0\u00bb COMME ILS NE S\u2019Y ATTENDAIENT PAS<\/strong><\/span><\/p>\n<p style=\"text-align: justify;\"><span style=\"font-family: arial, helvetica, sans-serif; font-size: 14pt;\">Je n\u2019ai pas le temp\u00e9rament r\u00e9volutionnaire. Ma culture, mes lectures, mes origines me disent que les r\u00e9volutions n\u2019apportent rien de bon. Mais <\/span><span style=\"font-family: arial, helvetica, sans-serif; font-size: 14pt;\">j\u2019ai vu soudain, ici, une humanit\u00e9 que je ne croyais plus revoir en Occident: des \u00eatres <em>nus<\/em>, sans plus rien \u00e0 perdre, oubliant leurs pr\u00e9jug\u00e9s, leur <em>quant \u00e0 soi <\/em>et m\u00eame leurs querelles id\u00e9ologiques \u2014 et donc intr\u00e9pides et fraternels. Sur les drapeaux, le coeur saignant de la Vend\u00e9e se superposait au rouge bolchevique de la CGT. C\u2019\u00e9tait cette m\u00eame unit\u00e9 sacr\u00e9e qu\u2019on avait connue en Serbie en 1999 sous les bombes de l\u2019OTAN.<\/span><\/p>\n<p style=\"text-align: justify;\"><span style=\"font-family: arial, helvetica, sans-serif; font-size: 14pt;\">Cette nudit\u00e9, elle, n\u2019a pas d\u2019\u00e9tendard ni de classe sociale. L\u2019homme moderne peut \u00eatre mis \u00e0 <em>nu <\/em>par la d\u00e9tresse affective, l\u2019angoisse m\u00e9taphysique, le d\u00e9racinement, la pauvret\u00e9, la d\u00e9ch\u00e9ance sociale. Les rues de France se sont remplies depuis trois mois de toutes ces nudit\u00e9s qui se sont reconnues \u00e0 t\u00e2tons, dans le noir, mais ont trouv\u00e9 une m\u00eame direction. Et, soudain redevenues <em>peuple <\/em>\u2014 sans culottes, sans espoir, <em>sans dents <\/em>comme disait le marquis de Hollande \u2014 elles ont remis en branle leur propre histoire, l\u2019histoire de France. Des figures \u00e9mergent, et elles ne viennent cette fois-ci ni du show-biz, ni de la sc\u00e8ne politico m\u00e9diatique, mais tout droit de la vie r\u00e9elle, (donc de la l\u00e9gende dans une soci\u00e9t\u00e9 r\u00e9gie par les abstractions): l\u2019intr\u00e9pide boxeur Christophe Dettinger dont la charge \u00e0 poings nus contre une rang\u00e9e de <em>robocops <\/em>a fait le tour du monde, ou J\u00e9r\u00f4me Rodrigues dont l\u2019oeil perdu <\/span><span style=\"font-family: arial, helvetica, sans-serif; font-size: 14pt;\">a donn\u00e9 un nouvel embl\u00e8me et un nouveau souffle au mouvement.<\/span><\/p>\n<p style=\"text-align: justify;\"><span style=\"font-family: arial, helvetica, sans-serif; font-size: 14pt;\">Qu\u2019on le trouve beau ou repoussant, la France reprend un visage. Lorsqu\u2019il proclamait qu\u2019il fallait se mettre <em>en marche<\/em>, M. Macron ne se doutait pas quel p\u00e8lerinage il d\u00e9clenchait.<\/span><\/p>\n<p>&nbsp;<\/p>\n<p style=\"text-align: justify;\"><span style=\"font-family: arial, helvetica, sans-serif; font-size: 14pt;\"><strong>LE R\u00c9VEIL DE LA <\/strong><strong><em>GESTE<\/em><\/strong><\/span><\/p>\n<p style=\"text-align: justify;\"><span style=\"font-family: arial, helvetica, sans-serif; font-size: 14pt;\">Voil\u00e0 ce que racontent ces jeunes, ces vieux, ces punks \u00e0 chiens, ces \u00e9tudiants, ces m\u00e9nag\u00e8res, ces soldats que j\u2019ai rencontr\u00e9s. Ce fut une joyeuse communion jusqu\u2019\u00e0 15 h 50, lorsqu\u2019un fr\u00e9missement a parcouru <\/span><span style=\"font-family: arial, helvetica, sans-serif; font-size: 14pt;\">la mer humaine, comme une houle de temp\u00eate. Le recul de la foule m\u2019a ramen\u00e9 cent m\u00e8tres en arri\u00e8re\u2026 pour buter contre un mur de CRS barrant Beaumarchais. Soudain, la mar\u00e9e humaine \u00e9tait prise dans une nasse. On la filtrait, para\u00eet-il, du c\u00f4t\u00e9 de Magenta. Je n\u2019en sais rien. Des grenades se sont mises \u00e0 \u00e9clater, l\u2019air s\u2019est charg\u00e9 de gaz lacrymog\u00e8ne. Aucune violence jusque-l\u00e0, pourtant, aucun d\u00e9bordement. Devant les stands de merguez, les queues s\u2019allongeaient encore. C\u2019est seulement <em>apr\u00e8s <\/em>les premi\u00e8res d\u00e9tonations que j\u2019ai vu des casseurs tout habill\u00e9s de noir renverser des poubelles avec une routine manifestement bien <\/span><span style=\"font-family: arial, helvetica, sans-serif; font-size: 14pt;\">rod\u00e9e. De toute \u00e9vidence, il \u00e9tait exclu que cette procession puisse s\u2019exhiber au pays et au monde dans toute son ampleur\u2026 et le calme d\u00e9tendu qui la distinguait. D\u2019une minute \u00e0 l\u2019autre, l\u2019ambiance rigolarde et bienveillante a fait place au sauve-qui-peut. Je n\u2019avais jamais \u00e9prouv\u00e9 la puissance de cette panique collective \u2014 m\u00eame si j\u2019\u00e9tais de mon c\u00f4t\u00e9 plut\u00f4t calme \u2014 qui \u00e9mane d\u2019une foule prise au filet tel un banc de poissons.<\/span><\/p>\n<p style=\"text-align: justify;\"><span style=\"font-family: arial, helvetica, sans-serif; font-size: 14pt;\">Le gaz commen\u00e7ait de m\u2019\u00e9touffer. \u00abSi \u00e7a continue, je ne pourrai plus rien \u00e9crire ce soir\u00bb, me suis-je dit en guise d\u2019alibi. Je me suis pr\u00e9cipit\u00e9 vers les hommes en armures avec ma carte d\u2019identit\u00e9 suisse. Ils m\u2019ont laiss\u00e9 passer au deuxi\u00e8me barrage en \u00e9changeant des regards d\u00e9sar\u00e7onn\u00e9s : aucune instruction, sans doute, pour ce cas de figure. Je les ai vus recaler des jeunes filles et des personnes \u00e2g\u00e9es et je me suis senti piteux. J\u2019ai couru gare de Lyon attraper le dernier TGV et rassembler ces t\u00e9moignages en une vid\u00e9o. \u00c7a vaut ce que \u00e7a vaut. Je ne suis pas vid\u00e9aste, mais j\u2019ai toujours \u00e9t\u00e9 t\u00e9moin. Aujourd\u2019hui, j\u2019enregistre la <em>voix des gens <\/em>et je t\u00e9moigne de la renaissance inattendue d\u2019une <em>geste<\/em> fran\u00e7aise. Mais aussi d\u2019une violence d\u00e9lib\u00e9r\u00e9e, planifi\u00e9e, qui \u2014 comme l\u2019a not\u00e9 Fran\u00e7ois B\u00e9gaudeau \u2014 soul\u00e8verait la col\u00e8re du monde entier si elle se passait chez Bachar el Assad.<\/span><\/p>\n<p>&nbsp;<\/p>\n<p>&nbsp;<\/p>\n<p style=\"text-align: center;\"><iframe loading=\"lazy\" src=\"\/\/www.youtube.com\/embed\/GYR4OnoR8Fc\" width=\"560\" height=\"315\" frameborder=\"0\" allowfullscreen=\"allowfullscreen\"><\/iframe><\/p>\n<p>&nbsp;<\/p>\n<p style=\"text-align: justify;\"><span style=\"font-family: arial, helvetica, sans-serif; font-size: 14pt;\">Source\u00a0: <em>Le Drone <\/em>de l\u2019Antipresse n\u00b0 56 du 3 f\u00e9vrier 2019<\/span><\/p>\n<p>&nbsp;<\/p>\n<p><img loading=\"lazy\" class=\"aligncenter wp-image-2340\" src=\"http:\/\/blog.lesgrossesorchadeslesamplesthalameges.fr\/wp-content\/uploads\/2019\/02\/GILET-1.gif\" alt=\"\" width=\"100\" height=\"100\" \/><\/p>\n<p>&nbsp;<\/p>\n<p>&nbsp;<\/p>\n<p style=\"text-align: right;\"><span style=\"font-family: comic sans ms, sans-serif; font-size: 14pt;\">10 f\u00e9vrier 2019<\/span><\/p>\n<p>&nbsp;<\/p>\n<p>&nbsp;<\/p>\n","protected":false},"excerpt":{"rendered":"<p>&nbsp; &nbsp; &nbsp; &nbsp; &nbsp; L\u2019Acte XII vu de l\u2019int\u00e9rieur LE BRUIT DU TEMPS par Slobodan Despot La voix des gens (Gilets jaunes, Acte XII) &nbsp; &nbsp; \u00a0 &nbsp; &nbsp; Allant \u00e0 la rencontre de ces Fran\u00e7ais qui ont enfil\u00e9 l\u2019armure jaune de la r\u00e9bellion, j\u2019ai suivi la manifestation de l\u2019Acte XII de la Bastille&#8230;<\/p>\n","protected":false},"author":1,"featured_media":0,"parent":0,"menu_order":0,"comment_status":"open","ping_status":"open","template":"","meta":[],"_links":{"self":[{"href":"https:\/\/blog.lesgrossesorchadeslesamplesthalameges.fr\/index.php\/wp-json\/wp\/v2\/pages\/2398"}],"collection":[{"href":"https:\/\/blog.lesgrossesorchadeslesamplesthalameges.fr\/index.php\/wp-json\/wp\/v2\/pages"}],"about":[{"href":"https:\/\/blog.lesgrossesorchadeslesamplesthalameges.fr\/index.php\/wp-json\/wp\/v2\/types\/page"}],"author":[{"embeddable":true,"href":"https:\/\/blog.lesgrossesorchadeslesamplesthalameges.fr\/index.php\/wp-json\/wp\/v2\/users\/1"}],"replies":[{"embeddable":true,"href":"https:\/\/blog.lesgrossesorchadeslesamplesthalameges.fr\/index.php\/wp-json\/wp\/v2\/comments?post=2398"}],"version-history":[{"count":0,"href":"https:\/\/blog.lesgrossesorchadeslesamplesthalameges.fr\/index.php\/wp-json\/wp\/v2\/pages\/2398\/revisions"}],"wp:attachment":[{"href":"https:\/\/blog.lesgrossesorchadeslesamplesthalameges.fr\/index.php\/wp-json\/wp\/v2\/media?parent=2398"}],"curies":[{"name":"wp","href":"https:\/\/api.w.org\/{rel}","templated":true}]}}