{"id":24041,"date":"2023-11-09T16:18:45","date_gmt":"2023-11-09T15:18:45","guid":{"rendered":"http:\/\/blog.lesgrossesorchadeslesamplesthalameges.fr\/?page_id=24041"},"modified":"2023-11-09T16:19:56","modified_gmt":"2023-11-09T15:19:56","slug":"leffondrement-du-droit-international","status":"publish","type":"page","link":"https:\/\/blog.lesgrossesorchadeslesamplesthalameges.fr\/index.php\/leffondrement-du-droit-international\/","title":{"rendered":"L&rsquo;effondrement du droit international"},"content":{"rendered":"<p>&nbsp;<\/p>\n<p>&nbsp;<\/p>\n<p>&nbsp;<\/p>\n<p>&nbsp;<\/p>\n<p>&nbsp;<\/p>\n<p>&nbsp;<\/p>\n<p>&nbsp;<\/p>\n<p>&nbsp;<\/p>\n<p style=\"text-align: left;\"><span style=\"font-family: times new roman, times, serif; font-size: 18pt;\"><strong><em>Il appelle \u00ab\u00a0gangst\u00e9risme international\u00a0\u00bb le fameux \u00ab\u00a0ordre (US) bas\u00e9 sur des r\u00e8gles\u00a0\u00bb<\/em><\/strong><\/span><\/p>\n<p>&nbsp;<\/p>\n<p>&nbsp;<\/p>\n<p style=\"text-align: center;\"><span style=\"font-family: times new roman, times, serif; font-size: 36pt;\"><strong>L\u2019effondrement du droit international<\/strong><\/span><\/p>\n<p>&nbsp;<\/p>\n<p style=\"text-align: center;\"><span style=\"font-family: times new roman, times, serif; font-size: 36pt;\"><strong>\u00a0<\/strong><\/span><span style=\"font-family: times new roman, times, serif; font-size: 18pt;\"><strong>Christopher Black \u2013 1.11.2023<\/strong><\/span><\/p>\n<p>&nbsp;<\/p>\n<p style=\"text-align: center;\"><span style=\"font-family: times new roman, times, serif; font-size: 18pt;\">Post\u00e9 <a href=\"https:\/\/theduran.com\/a-post-by-one-of-the-worlds-leading-international-lawyers\/\">sur <strong><em>The Duran<\/em><\/strong> par <strong>Eric Zuesse<\/strong><\/a>, qui le dit \u00ab\u00a0un des plus grands avocats au monde \u00e0 l\u2019international\u00a0\u00bb<\/span><\/p>\n<p>&nbsp;<\/p>\n<p style=\"text-align: center;\"><span style=\"font-family: times new roman, times, serif; font-size: 18pt;\">Traduction\u00a0: <strong>c.l<\/strong>. pour <strong><em>L.G.O.<\/em><\/strong><\/span><\/p>\n<p>&nbsp;<\/p>\n<p>&nbsp;<\/p>\n<p><a href=\"http:\/\/blog.lesgrossesorchadeslesamplesthalameges.fr\/?attachment_id=24012\" rel=\"attachment wp-att-24012\"><img loading=\"lazy\" class=\"alignnone size-full wp-image-24012\" src=\"http:\/\/blog.lesgrossesorchadeslesamplesthalameges.fr\/wp-content\/uploads\/2023\/11\/3.-Christopher-Black.jpg\" alt=\"\" width=\"200\" height=\"200\" srcset=\"https:\/\/blog.lesgrossesorchadeslesamplesthalameges.fr\/wp-content\/uploads\/2023\/11\/3.-Christopher-Black.jpg 200w, https:\/\/blog.lesgrossesorchadeslesamplesthalameges.fr\/wp-content\/uploads\/2023\/11\/3.-Christopher-Black-150x150.jpg 150w\" sizes=\"(max-width: 200px) 100vw, 200px\" \/><\/a><\/p>\n<p>&nbsp;<\/p>\n<p style=\"text-align: justify;\"><span style=\"font-family: times new roman, times, serif; font-size: 14pt;\">Le droit international s&rsquo;est effondr\u00e9 pour l\u2019essentiel avec le si\u00e8ge isra\u00e9lien soutenu par les USA contre le peuple palestinien de Gaza, en r\u00e9ponse \u00e0 l&rsquo;attaque du Hamas contre les forces d&rsquo;occupation isra\u00e9liennes le 7 octobre. Les Palestiniens n&rsquo;attendent aucune piti\u00e9 de la part des Isra\u00e9liens, apr\u00e8s avoir subi des d\u00e9cennies de nettoyage ethnique isra\u00e9lien des terres palestiniennes et leur propre remplacement par des colons isra\u00e9liens, le tout en violation du droit international et de plusieurs r\u00e9solutions des Nations Unies, y compris, bien s\u00fbr, la R\u00e9solution 242 qui exigeait qu&rsquo;Isra\u00ebl se retire de toutes les terres dont il s&rsquo;\u00e9tait empar\u00e9 lors de la guerre de 1967, guerre dont ils admettent aujourd&rsquo;hui qu&rsquo;elle a \u00e9t\u00e9 d\u00e9clench\u00e9e sous un fallacieux pr\u00e9texte pour pouvoir s&#8217;emparer de ces terres et en chasser les Palestiniens qui y vivaient.<\/span><\/p>\n<p style=\"text-align: justify;\"><span style=\"font-family: times new roman, times, serif; font-size: 14pt;\">Il y a des d\u00e9cennies qu\u2019 Isra\u00ebl b\u00e9n\u00e9ficie de l&rsquo;impunit\u00e9 pour son agression et son occupation des terres palestiniennes, de la part des nations qui ont contribu\u00e9 \u00e0 le cr\u00e9er et \u00e0 le soutenir apr\u00e8s la Premi\u00e8re et la Deuxi\u00e8me Guerre mondiale \u2013 les USA, la Grande-Bretagne et leurs alli\u00e9s \u2013 qui lui ont accord\u00e9 l&rsquo;impunit\u00e9 pour y faire tout ce qu\u2019il lui pla\u00eet de faire, parce qu&rsquo;Isra\u00ebl sert leurs objectifs au Moyen-Orient. Isra\u00ebl y fait fonction d\u2019agent local de la nation qui ambitionne d\u2019exercer son h\u00e9g\u00e9monie sur le monde\u00a0: les \u00c9tats-Unis.<\/span><\/p>\n<p style=\"text-align: justify;\"><span style=\"font-family: times new roman, times, serif; font-size: 14pt;\">Pendant ce temps, la Cour P\u00e9nale Internationale (CPI) ne dit rien sur les crimes commis par les Isra\u00e9liens contre les Palestiniens dans les territoires occup\u00e9s et \u00e0 Gaza, bien qu&rsquo;elle ait un dossier ouvert sur la Palestine-Isra\u00ebl depuis 2019. Son inaction contraste fortement avec la d\u00e9livrance rapide, il y a quelques mois,\u00a0 d&rsquo;un mandat d&rsquo;arr\u00eat \u00e0 l&rsquo;encontre du pr\u00e9sident Poutine, mandat ne r\u00e9sultant d\u2019aucune enqu\u00eate d\u2019aucune sorte.<\/span><\/p>\n<p style=\"text-align: justify;\"><span style=\"font-family: times new roman, times, serif; font-size: 14pt;\">Pourtant, dans le cas de la Palestine, le procureur de la CPI d\u00e9clare que, certes,\u00a0 son bureau a conclu qu&rsquo;Isra\u00ebl a commis des crimes de guerre, mais qu\u2019il faut du temps pour enqu\u00eater sur les all\u00e9gations, beaucoup de temps, dit-elle, ce qui signifie qu&rsquo;il n&rsquo;y aura pas d&rsquo;inculpation de Benjamin Netanyahou dans un futur pr\u00e9visible, et probablement pas du tout. Il semble curieux que le procureur n&rsquo;ait pas jug\u00e9 n\u00e9cessaire de prendre aussi son temps pour enqu\u00eater sur les all\u00e9gations bizarres formul\u00e9es par Kiev \u00e0 l&rsquo;encontre de la Russie, mais pas si curieux apr\u00e8s tout, quand on sait qui contr\u00f4le la CPI, \u00e0 savoir les USA et l&rsquo;Union Europ\u00e9enne.<\/span><\/p>\n<p>&nbsp;<\/p>\n<p>&nbsp;<\/p>\n<p>&nbsp;<\/p>\n<p style=\"text-align: center;\"><a href=\"http:\/\/blog.lesgrossesorchadeslesamplesthalameges.fr\/index.php\/leffondrement-du-droit-international\/3-bis-gaza-detruite\/\" rel=\"attachment wp-att-24043\"><img loading=\"lazy\" class=\"alignnone wp-image-24043\" src=\"http:\/\/blog.lesgrossesorchadeslesamplesthalameges.fr\/wp-content\/uploads\/2023\/11\/3-BIS.-Gaza-detruite.jpg\" alt=\"\" width=\"650\" height=\"346\" srcset=\"https:\/\/blog.lesgrossesorchadeslesamplesthalameges.fr\/wp-content\/uploads\/2023\/11\/3-BIS.-Gaza-detruite.jpg 743w, https:\/\/blog.lesgrossesorchadeslesamplesthalameges.fr\/wp-content\/uploads\/2023\/11\/3-BIS.-Gaza-detruite-300x160.jpg 300w\" sizes=\"(max-width: 650px) 100vw, 650px\" \/><\/a><\/p>\n<p>&nbsp;<\/p>\n<p>&nbsp;<\/p>\n<p>&nbsp;<\/p>\n<p style=\"text-align: justify;\"><span style=\"font-family: times new roman, times, serif; font-size: 14pt;\">Les deux poids deux mesures et l\u2019hypocrisie \u00e9tal\u00e9s par les Occidentaux sont d\u00e9sormais si criants que, pas plus tard que la semaine derni\u00e8re, 842 membres du personnel de l&rsquo;UE ont \u00e9crit une lettre ouverte \u00e0 Ursula von der Leyen, attaquant son soutien des actions isra\u00e9liennes \u00e0 Gaza et l\u2019accusant de miner la cr\u00e9dibilit\u00e9 de l&rsquo;UE dans le monde, puisqu\u2019elle affirme contre toute \u00e9vidence que la Russie commet des crimes de guerre en Ukraine et qu&rsquo;elle doit y cesser ses op\u00e9rations militaires, tout en soutenant avec enthousiasme les attaques isra\u00e9liennes sur les civils et les infrastructures civiles de Gaza et l&rsquo;objectif ouvertement d\u00e9clar\u00e9 par les Isra\u00e9liens de nettoyer ethniquement Gaza et d&rsquo;en exterminer la population si jamais ils n\u2019y parvenaient pas, c\u2019est-\u00e0-dire, en fait, de commettre un g\u00e9nocide.<\/span><\/p>\n<p style=\"text-align: justify;\"><span style=\"font-family: times new roman, times, serif; font-size: 14pt;\">La lettre a \u00e9t\u00e9 publi\u00e9e dans l\u2019<em>Irish Times <\/em>du 20 octobre,<\/span><\/p>\n<p style=\"text-align: justify;\"><span style=\"font-family: times new roman, times, serif; font-size: 14pt;\">Des membres du personnel des institutions de l\u2019UE ont \u00e9crit \u00e0 la pr\u00e9sidente de la Commission Europ\u00e9enne, Ursula von der Leyen, pour lui faire part de leur col\u00e8re \u00e0 propos de sa position sur le conflit entre Isra\u00ebl et le Hamas, dans une lettre qui a recueilli 842 signatures.<\/span><\/p>\n<p style=\"text-align: justify;\"><span style=\"font-family: times new roman, times, serif; font-size: 14pt;\">\u00ab\u00a0La lettre, que l\u2019<em>Irish <\/em>Times a eue sous les yeux, accuse la Commission de laisser libre cours \u00e0 l&rsquo;acc\u00e9l\u00e9ration et \u00e0 la l\u00e9gitimisation d&rsquo;un crime de guerre dans la bande de Gaza\u00a0\u00bb.<\/span><\/p>\n<p style=\"text-align: justify;\"><span style=\"font-family: times new roman, times, serif; font-size: 14pt;\">\u00ab\u00a0Elle commence par condamner l&rsquo;attaque du Hamas contre Isra\u00ebl, avant de poursuivre: \u201cNous condamnons tout aussi fortement la r\u00e9action disproportionn\u00e9e du gouvernement isra\u00e9lien contre 2,3 millions de civils palestiniens pris au pi\u00e8ge dans la bande de Gaza\u00a0\u00bb.<\/span><\/p>\n<p style=\"text-align: justify;\"><span style=\"font-family: times new roman, times, serif; font-size: 14pt;\">\u00ab\u00a0Nous avons peine \u00e0 reconna\u00eetre les valeurs de l&rsquo;UE dans l&rsquo;apparente indiff\u00e9rence manifest\u00e9e ces derniers jours par notre institution \u00e0 l&rsquo;\u00e9gard du massacre de civils qui se poursuit dans la bande de Gaza\u00a0\u00bb, poursuit le texte.<\/span><\/p>\n<p style=\"text-align: justify;\"><span style=\"font-family: times new roman, times, serif; font-size: 14pt;\">\u00ab\u00a0La lettre pr\u00e9vient de ce que l&rsquo;UE \u201cest en train de perdre toute cr\u00e9dibilit\u00e9 et sa position d&rsquo;interm\u00e9diaire juste, \u00e9quitable et humaniste\u201d et qu&rsquo;elle endommage ses relations internationales tout en mettant en danger la s\u00e9curit\u00e9 du personnel de l&rsquo;UE.\u00a0\u00bb<\/span><\/p>\n<p style=\"text-align: justify;\"><span style=\"font-family: times new roman, times, serif; font-size: 14pt;\">Les r\u00e9dacteurs de la lettre font eux-m\u00eames preuve d\u2019hypocrisie, bien s\u00fbr, puisque l&rsquo;UE, pour laquelle ils travaillent, a \u00e9t\u00e9 complice des crimes commis par le r\u00e9gime de Kiev et par l&rsquo;OTAN contre la population civile du Donbass, ainsi que de leurs attaques terroristes contre les Russes. Aujourd&rsquo;hui, ils se retrouvent face \u00e0 un dilemme qu&rsquo;ils ont eux-m\u00eames cr\u00e9\u00e9. Ils r\u00e9v\u00e8lent leur crainte que le monde se rende compte \u00e0 quel point l&rsquo;Occident a perdu l&rsquo;argument moral dont il a us\u00e9 pour justifier et conduire ses guerres, et plus particuli\u00e8rement la guerre en Ukraine contre la Russie.<\/span><\/p>\n<p style=\"text-align: justify;\"><span style=\"font-family: times new roman, times, serif; font-size: 14pt;\">Le veto oppos\u00e9 par les \u00c9tats-Unis et leurs alli\u00e9s \u00e0 plusieurs r\u00e9solutions propos\u00e9es par le Br\u00e9sil, la Russie et d&rsquo;autres nations appelant \u00e0 la cessation des attaques isra\u00e9liennes contre les civils de Gaza et permettant l&rsquo;acheminement de nourriture, d&rsquo;eau, de m\u00e9dicaments et d&rsquo;autres fournitures \u00e0 Gaza, montre une fois de plus que le Conseil de S\u00e9curit\u00e9 est incapable de fonctionner pour pr\u00e9server la paix et la s\u00e9curit\u00e9 de la r\u00e9gion, comme l&rsquo;exige le chapitre VII de la Charte des Nations Unies. La structure actuelle des Nations Unies permet aux grandes puissances d&rsquo;agir dans leur seul propre int\u00e9r\u00eat et, dans ce cas pr\u00e9cis, permet aux USA de soutenir militairement et financi\u00e8rement les actions d&rsquo;Isra\u00ebl.<\/span><\/p>\n<p style=\"text-align: justify;\"><span style=\"font-family: times new roman, times, serif; font-size: 14pt;\">Isra\u00ebl a jet\u00e9 toute l\u00e9galit\u00e9 aux orties dans sa guerre et traite les lois de la guerre et les lois concernant les crimes contre l&rsquo;humanit\u00e9 avec le plus complet m\u00e9pris. Le droit international lui-m\u00eame a \u00e9t\u00e9 mis en pi\u00e8ces par l&rsquo;Occident, et l&rsquo;insistance de la Chine, de la Russie, de l&rsquo;Iran et du reste du monde hors contr\u00f4le occidental, pour que la Charte des Nations Unies soit respect\u00e9e et ses principes soutenus et appliqu\u00e9s, est d\u00e9daigneusement ignor\u00e9e.<\/span><\/p>\n<p style=\"text-align: justify;\"><span style=\"font-family: times new roman, times, serif; font-size: 14pt;\">On en est arriv\u00e9 au point o\u00f9 les USA et leurs alli\u00e9s pr\u00e9tendent d\u00e9sormais \u00eatre \u00e0 tous \u00e9gards au-dessus des lois, et ont au contraire adopt\u00e9 certaines r\u00e8gles tacites auxquelles il vaudrait mieux selon eux que toutes les nations se conforment, sinon\u2026 L&rsquo;imp\u00e9rialisme s&rsquo;est d\u00e9barrass\u00e9 du manteau de morale et de \u00ab\u00a0valeurs humanitaires\u00a0\u00bb qu&rsquo;il portait pour tromper les gens et les amener \u00e0 soutenir ses agressions et ses aspirations coloniales, et il enjambe maintenant le monde en portant ouvertement l&rsquo;armure de la guerre et de la conqu\u00eate.<\/span><\/p>\n<p style=\"text-align: justify;\"><span style=\"font-family: times new roman, times, serif; font-size: 14pt;\">Il agit sans se cacher, comme si l&rsquo;OTAN \u00e9tait au-dessus des Nations Unies et que ses \u00ab\u00a0r\u00e8gles\u00a0\u00bb, c&rsquo;est-\u00e0-dire celles de la puissance am\u00e9ricaine, faisaient loi. Les cons\u00e9quences de ce type d\u2019attitude sont multiples : elles sont synonymes d&rsquo;imp\u00e9rialisme et de colonialisme, de racisme et de brutalit\u00e9. Tout ceci voulant dire que les Am\u00e9ricains se consid\u00e8rent comme des \u00eatres sup\u00e9rieurs, au-dessus des autres peuples, ou, comme l&rsquo;a r\u00e9cemment exprim\u00e9 M. Medvedev, qu&rsquo;ils se consid\u00e8rent comme les vice-rois de Dieu sur la Terre, comme des <em>ubermensch<\/em>, selon le terme cher aux nazis, des surhommes que le reste du monde doit craindre et auxquels il doit ob\u00e9ir. Les Nations Unies sont, en ce qui les concerne, aussi peu pertinentes aujourd&rsquo;hui que la Soci\u00e9t\u00e9 des Nations l&rsquo;\u00e9tait devenue dans les ann\u00e9es 1930, ce qui a conduit \u00e0 la guerre mondiale.<\/span><\/p>\n<p style=\"text-align: justify;\"><span style=\"font-family: times new roman, times, serif; font-size: 14pt;\">Il n\u2019y a pas plus de quelques jours, le 28 octobre, la ministre de la D\u00e9fense de la R\u00e9publique tch\u00e8que, Jana Cernochova, a demand\u00e9 que son pays quitte les Nations Unies apr\u00e8s que l&rsquo;Assembl\u00e9e G\u00e9n\u00e9rale ait soutenu une r\u00e9solution appelant \u00e0 un cessez-le-feu \u00e0 Gaza. Elle a d\u00e9clar\u00e9 :<\/span><\/p>\n<p style=\"text-align: justify;\"><span style=\"font-family: times new roman, times, serif; font-size: 14pt;\">\u00ab\u00a0Seuls 14 pays, dont le n\u00f4tre, se sont dress\u00e9s contre l&rsquo;attaque terroriste sans pr\u00e9c\u00e9dent perp\u00e9tr\u00e9e par les terroristes du Hamas. \u00c0 mon avis, la R\u00e9publique tch\u00e8que n&rsquo;a rien \u00e0 attendre d&rsquo;une organisation qui soutient les terroristes et ne respecte pas le droit fondamental \u00e0 l&rsquo;autod\u00e9fense. Sortons-en. \u00bb<\/span><\/p>\n<p style=\"text-align: justify;\"><span style=\"font-family: times new roman, times, serif; font-size: 14pt;\">Les 14 pays qu\u2019elle invoque sont les USA l&rsquo;Autriche, la Croatie, la R\u00e9publique Tch\u00e8que, Fidji, le Guatemala, la Hongrie, Isra\u00ebl, les \u00celes Marshall, la Micron\u00e9sie, la Papouasie-Nouvelle-Guin\u00e9e, le Paraguay et les Tonga, qui ont vot\u00e9 contre la R\u00e9solution. Sachons que 121 autres nations ont soutenu l&rsquo;appel au cessez-le-feu et que 44 nations se sont abstenues.<\/span><\/p>\n<p style=\"text-align: justify;\"><span style=\"font-family: times new roman, times, serif; font-size: 14pt;\">L&rsquo;OTAN \u00e9tait divis\u00e9e. La France, l&rsquo;Espagne, la Turquie, la Belgique, la Norv\u00e8ge, le Portugal et la Slov\u00e9nie ont soutenu la r\u00e9solution, tandis que la Grande-Bretagne, l&rsquo;Italie, le Danemark, la Finlande, la Gr\u00e8ce, les Pays-Bas, le Canada, la Belgique, l&rsquo;Allemagne, la Roumanie, la Pologne, la Slovaquie, la Lituanie, la Lettonie, l&rsquo;Estonie et l&rsquo;Islande se sont abstenus, ce qui signifie qu&rsquo;ils ne se sont pas oppos\u00e9s \u00e0 la r\u00e9solution, mais qu&rsquo;ils ne l&rsquo;ont pas non plus soutenue, c&rsquo;est-\u00e0-dire qu&rsquo;ils ont soutenu le droit international relatif au traitement des civils dans le cadre des lois de la guerre, mais qu&rsquo;ils n&rsquo;ont pas soutenu l&rsquo;aide apport\u00e9e \u00e0 la terrible situation des Palestiniens de Gaza. <em>[Que la Belgique ait vot\u00e9 dans deux sens diff\u00e9rents para\u00eet bizarre. Quoique, avec les Belges, allez savoir\u2026, NdT]<\/em><\/span><\/p>\n<p style=\"text-align: justify;\"><span style=\"font-family: times new roman, times, serif; font-size: 14pt;\">Le fait que la France ait soutenu la r\u00e9solution refl\u00e8te son d\u00e9sir d&rsquo;exercer \u00e0 nouveau une influence au Moyen-Orient. Toutes ces nations ont leurs propres raisons de soutenir ou non la r\u00e9solution, mais le fait est que le monde se retrouve bel et bien divis\u00e9 sur une question dont on aurait pu penser qu&rsquo;elle rassemblerait au contraire le monde entier pour soutenir un peuple confront\u00e9 \u00e0 des bombes de 500 kg, \u00e0 des roquettes, \u00e0 des obus d&rsquo;artillerie et \u00e0 la famine organis\u00e9e.<\/span><\/p>\n<p style=\"text-align: justify;\"><span style=\"font-family: times new roman, times, serif; font-size: 14pt;\">C\u2019est la politique du pouvoir pour le pouvoir qui pr\u00e9vaut. Pas le droit international. On peut affirmer que la terrible manifestation de la politique du pouvoir pour le pouvoir \u00e0 laquelle nous assistons rend obsol\u00e8te tout ce qui a \u00e9t\u00e9 r\u00e9alis\u00e9 en termes de droit international au cours du 20e si\u00e8cle. Souvent, cette politique s\u2019avance masqu\u00e9e, comme indiqu\u00e9 plus haut, par des pr\u00e9tentions \u00e0 une moralit\u00e9 sup\u00e9rieure ou \u00e0 des \u00ab\u00a0pr\u00e9occupations humanitaires\u00a0\u00bb, et c&rsquo;est ce dont se targuent les Am\u00e9ricains et leurs alli\u00e9s en apportant leur soutien au si\u00e8ge de Gaza par les Isra\u00e9liens, en ne se pr\u00e9occupant que des seuls Isra\u00e9liens.<\/span><\/p>\n<p style=\"text-align: justify;\"><span style=\"font-family: times new roman, times, serif; font-size: 14pt;\">Ils permettent et permettent encore \u2013 parce qu&rsquo;ils pourraient arr\u00eater Isra\u00ebl s&rsquo;ils le voulaient \u2013 que Gaza soit confront\u00e9e \u00e0 la m\u00eame destruction que les Am\u00e9ricains ont fait pleuvoir sur Raqqa en Syrie, ville qu&rsquo;ils ont totalement d\u00e9truite, sur Syrte en Libye, sur Mossoul, sur Falloujah, sur Donetsk, sur Alep, et on peut continuer. La nation qui a largu\u00e9 des bombes atomiques sur des villes japonaises n&rsquo;a ni piti\u00e9 ni pr\u00e9occupation pour les civils quels qu\u2019ils soient, et n&rsquo;en a jamais eu, sauf lorsqu&rsquo;elle peut l&rsquo;utiliser \u00e0 son avantage. Elle encourage les Isra\u00e9liens dans leurs crimes, et peut-on attendre des Isra\u00e9liens qu&rsquo;ils traitent d\u00e9cemment les civils de Gaza quand on connait leur histoire en Palestine et au Liban, quand on se souvient de Deir Yassin et de Chatila ?<\/span><\/p>\n<p style=\"text-align: justify;\"><span style=\"font-family: times new roman, times, serif; font-size: 14pt;\">Que l&rsquo;\u00c9tat de droit international sombre dans le bourbier de l&rsquo;agression imp\u00e9rialiste et coloniale \u00e0 travers le monde est rendu encore plus \u00e9vident par les actions provocatrices des \u00c9tats-Unis en mer de Chine m\u00e9ridionale, risquant d&rsquo;entra\u00eener une guerre avec la Chine\u2026 par le d\u00e9ploiement de groupes de porte-avions dans la r\u00e9gion du Moyen-Orient pour menacer l&rsquo;Iran\u2026 par les constantes attaques d&rsquo;Isra\u00ebl contre la Syrie\u2026 par les attaques des Am\u00e9ricains contre les groupes de r\u00e9sistance qui s&rsquo;opposent \u00e0 l&rsquo;invasion am\u00e9ricaine de la Syrie pour lui voler son p\u00e9trole\u2026 par le sempiternel renouvellement du si\u00e8ge de Cuba\u2026 par le soutien US \u00e0 un candidat fasciste en Argentine\u2026 par l&rsquo;agitation attis\u00e9e contre la Serbie et par l&rsquo;agression continue contre la Russie\u2026 comme s&rsquo;ils essayaient d\u00e9lib\u00e9r\u00e9ment de provoquer une grande guerre, comme s&rsquo;ils voulaient faire la guerre au monde entier. Faut-il s&rsquo;\u00e9tonner que la Russie se soit r\u00e9cemment livr\u00e9e \u00e0 un exercice de guerre nucl\u00e9aire, que l&rsquo;Iran ait conduit des exercices militaires, mais aussi la Chine, la Cor\u00e9e du Nord ?<\/span><\/p>\n<p style=\"text-align: justify;\"><span style=\"font-family: times new roman, times, serif; font-size: 14pt;\">Existe-t-il un avenir o\u00f9 le droit international pr\u00e9vaudra, o\u00f9 les nations se traiteront avec respect et tol\u00e9rance, o\u00f9 les discussions remplaceront les tirs, o\u00f9 les \u00e9p\u00e9es seront transform\u00e9es en socs de charrue ? Je n&rsquo;en sais rien. L&rsquo;histoire de l&rsquo;humanit\u00e9 est faite d&rsquo;avanc\u00e9es et de reculs, de progr\u00e8s puis de r\u00e9actions, d&rsquo;id\u00e9es nobles et de d\u00e9pravation. Les appels au dialogue avec les Am\u00e9ricains, lanc\u00e9s par la Russie, la Chine et d&rsquo;autres, se heurtent aux sabres am\u00e9ricains, aux menaces et aux diktats. Y a-t-il de l&rsquo;espoir ? En fait,\u00a0 il ne s\u2019agit pas tant d&rsquo;espoir que de n\u00e9cessit\u00e9. La Charte des Nations Unies est n\u00e9e des cendres de la Deuxi\u00e8me Guerre mondiale. Je doute que quelque chose naisse des cendres de la Troisi\u00e8me.<\/span><\/p>\n<p style=\"text-align: justify;\"><span style=\"font-family: times new roman, times, serif; font-size: 14pt;\">Source : <a href=\"https:\/\/theduran.com\/a-post-by-one-of-the-worlds-leading-international-lawyers\/\">https:\/\/theduran.com\/a-post-by-one-of-the-worlds-leading-international-lawyers\/<\/a><\/span><\/p>\n<p>&nbsp;<\/p>\n<p style=\"text-align: left;\"><span style=\"font-family: times new roman, times, serif; font-size: 14pt;\"><strong>URL de cet article : <\/strong><a href=\"http:\/\/blog.lesgrossesorchadeslesamplesthalameges.fr\/index.php\/leffondrement-du-droit-international\/\">http:\/\/blog.lesgrossesorchadeslesamplesthalameges.fr\/index.php\/leffondrement-du-droit-international\/<\/a><br \/>\n<\/span><\/p>\n<p>&nbsp;<\/p>\n<p>&nbsp;<\/p>\n<p>&nbsp;<\/p>\n<p style=\"text-align: center;\"><a href=\"http:\/\/blog.lesgrossesorchadeslesamplesthalameges.fr\/?attachment_id=24013\" rel=\"attachment wp-att-24013\"><img loading=\"lazy\" class=\"alignnone wp-image-24013\" src=\"http:\/\/blog.lesgrossesorchadeslesamplesthalameges.fr\/wp-content\/uploads\/2023\/11\/000.-Justice-300x143.gif\" alt=\"\" width=\"200\" height=\"95\" \/><\/a><\/p>\n<p>&nbsp;<\/p>\n<p>&nbsp;<\/p>\n<p style=\"text-align: right;\"><span style=\"font-family: comic sans ms, sans-serif; font-size: 14pt;\">Novembre 2023<\/span><\/p>\n<p>&nbsp;<\/p>\n","protected":false},"excerpt":{"rendered":"<p>&nbsp; &nbsp; &nbsp; &nbsp; &nbsp; &nbsp; &nbsp; &nbsp; Il appelle \u00ab\u00a0gangst\u00e9risme international\u00a0\u00bb le fameux \u00ab\u00a0ordre (US) bas\u00e9 sur des r\u00e8gles\u00a0\u00bb &nbsp; &nbsp; L\u2019effondrement du droit international &nbsp; \u00a0Christopher Black \u2013 1.11.2023 &nbsp; Post\u00e9 sur The Duran par Eric Zuesse, qui le dit \u00ab\u00a0un des plus grands avocats au monde \u00e0 l\u2019international\u00a0\u00bb &nbsp; Traduction\u00a0: c.l. pour&#8230;<\/p>\n","protected":false},"author":1,"featured_media":0,"parent":0,"menu_order":0,"comment_status":"open","ping_status":"open","template":"","meta":[],"_links":{"self":[{"href":"https:\/\/blog.lesgrossesorchadeslesamplesthalameges.fr\/index.php\/wp-json\/wp\/v2\/pages\/24041"}],"collection":[{"href":"https:\/\/blog.lesgrossesorchadeslesamplesthalameges.fr\/index.php\/wp-json\/wp\/v2\/pages"}],"about":[{"href":"https:\/\/blog.lesgrossesorchadeslesamplesthalameges.fr\/index.php\/wp-json\/wp\/v2\/types\/page"}],"author":[{"embeddable":true,"href":"https:\/\/blog.lesgrossesorchadeslesamplesthalameges.fr\/index.php\/wp-json\/wp\/v2\/users\/1"}],"replies":[{"embeddable":true,"href":"https:\/\/blog.lesgrossesorchadeslesamplesthalameges.fr\/index.php\/wp-json\/wp\/v2\/comments?post=24041"}],"version-history":[{"count":7,"href":"https:\/\/blog.lesgrossesorchadeslesamplesthalameges.fr\/index.php\/wp-json\/wp\/v2\/pages\/24041\/revisions"}],"predecessor-version":[{"id":24049,"href":"https:\/\/blog.lesgrossesorchadeslesamplesthalameges.fr\/index.php\/wp-json\/wp\/v2\/pages\/24041\/revisions\/24049"}],"wp:attachment":[{"href":"https:\/\/blog.lesgrossesorchadeslesamplesthalameges.fr\/index.php\/wp-json\/wp\/v2\/media?parent=24041"}],"curies":[{"name":"wp","href":"https:\/\/api.w.org\/{rel}","templated":true}]}}