{"id":24052,"date":"2023-11-09T16:56:04","date_gmt":"2023-11-09T15:56:04","guid":{"rendered":"http:\/\/blog.lesgrossesorchadeslesamplesthalameges.fr\/?page_id=24052"},"modified":"2023-11-09T16:57:06","modified_gmt":"2023-11-09T15:57:06","slug":"les-usa-ne-peuvent-pas-aider-israel-a-vaincre-le-hezbollah-et-liran-un-ancien-officier-de-renseignement-us","status":"publish","type":"page","link":"https:\/\/blog.lesgrossesorchadeslesamplesthalameges.fr\/index.php\/les-usa-ne-peuvent-pas-aider-israel-a-vaincre-le-hezbollah-et-liran-un-ancien-officier-de-renseignement-us\/","title":{"rendered":"Les USA ne peuvent pas aider \u00ab Isra\u00ebl \u00bb \u00e0 vaincre le Hezbollah et l\u2019Iran (Un ancien officier de renseignement US)"},"content":{"rendered":"<p>&nbsp;<\/p>\n<p>&nbsp;<\/p>\n<p>&nbsp;<\/p>\n<p>&nbsp;<\/p>\n<p>&nbsp;<\/p>\n<p>&nbsp;<\/p>\n<p>&nbsp;<\/p>\n<p>&nbsp;<\/p>\n<p style=\"text-align: center;\"><span style=\"font-family: times new roman, times, serif; font-size: 36pt;\"><strong>Les USA ne peuvent pas aider \u00ab Isra\u00ebl \u00bb \u00e0 vaincre le Hezbollah et l\u2019Iran (Un ancien officier de renseignement US)<\/strong><\/span><\/p>\n<p style=\"text-align: justify;\"><span style=\"font-family: times new roman, times, serif; font-size: 14pt;\"><strong><em>\u00a0<\/em><\/strong><\/span><\/p>\n<p>&nbsp;<\/p>\n<p style=\"text-align: center;\"><span style=\"font-family: times new roman, times, serif; font-size: 18pt;\"><strong><em>Al Mayadeen<\/em><\/strong><strong> \u2013 6.11.2023<\/strong><\/span><\/p>\n<p>&nbsp;<\/p>\n<p style=\"text-align: center;\"><span style=\"font-family: times new roman, times, serif; font-size: 18pt;\">Traduction : <strong>c.l.<\/strong> pour <strong><em>L.G.O<\/em><\/strong>.<\/span><\/p>\n<p>&nbsp;<\/p>\n<p>&nbsp;<\/p>\n<p>&nbsp;<\/p>\n<p style=\"text-align: center;\"><span style=\"font-family: times new roman, times, serif; font-size: 18pt;\"><strong><a href=\"http:\/\/blog.lesgrossesorchadeslesamplesthalameges.fr\/index.php\/2023\/11\/09\/leffondrement-du-droit-international\/5-scott-ritter\/\" rel=\"attachment wp-att-24017\"><img loading=\"lazy\" class=\"alignnone wp-image-24017 size-full\" src=\"http:\/\/blog.lesgrossesorchadeslesamplesthalameges.fr\/wp-content\/uploads\/2023\/11\/5.-SCOTT-RITTER.jpg\" alt=\"\" width=\"500\" height=\"358\" srcset=\"https:\/\/blog.lesgrossesorchadeslesamplesthalameges.fr\/wp-content\/uploads\/2023\/11\/5.-SCOTT-RITTER.jpg 500w, https:\/\/blog.lesgrossesorchadeslesamplesthalameges.fr\/wp-content\/uploads\/2023\/11\/5.-SCOTT-RITTER-300x215.jpg 300w\" sizes=\"(max-width: 500px) 100vw, 500px\" \/><\/a>\u00a0<\/strong><\/span><\/p>\n<p style=\"text-align: center;\"><span style=\"font-family: times new roman, times, serif; font-size: 12pt;\"><strong><em>Scott Ritter, en table ronde avec <\/em><\/strong><strong>Al Mayadeen<\/strong><\/span><\/p>\n<p style=\"text-align: center;\"><span style=\"font-family: times new roman, times, serif; font-size: 14pt;\"><strong>\u00a0<\/strong><\/span><\/p>\n<p>&nbsp;<\/p>\n<p>&nbsp;<\/p>\n<p style=\"text-align: justify;\"><span style=\"font-family: tahoma, arial, helvetica, sans-serif; font-size: 14pt;\"><strong>Scott Ritter passe au crible la politique \u00e9trang\u00e8re de Joe Biden au Moyen-Orient et salue la strat\u00e9gie du Hezbollah dans la r\u00e9gion face \u00e0 l&rsquo;agression d&rsquo;\u00ab\u00a0Isra\u00ebl\u00a0\u00bb sur la bande de Gaza.<\/strong><\/span><\/p>\n<p style=\"text-align: justify;\"><span style=\"font-family: tahoma, arial, helvetica, sans-serif; font-size: 14pt;\"><strong>Benjamin Netanyahou cherche d\u00e9sesp\u00e9r\u00e9ment \u00e0 impliquer les \u00c9tats-Unis dans une guerre sur plusieurs fronts, a d\u00e9clar\u00e9 \u00e0 <em>Al Mayadeen<\/em> Scott Ritter, ancien officier de renseignement du corps des Marines des \u00c9tats-Unis.<\/strong><\/span><\/p>\n<p>&nbsp;<\/p>\n<p style=\"text-align: justify;\"><span style=\"font-family: times new roman, times, serif; font-size: 14pt;\">Lors d&rsquo;une table ronde, Ritter a expliqu\u00e9 que Netanyahou est le seul \u00e0 vouloir que le front nord s&rsquo;ouvre sur le Liban, parce qu\u2019il se rend compte que ses forces \u00ab\u00a0ne sont pas \u00e0 la hauteur de la t\u00e2che ; elles ne peuvent pas vaincre le Hamas et le Hezbollah en m\u00eame temps\u00a0\u00bb.<\/span><\/p>\n<p style=\"text-align: justify;\"><span style=\"font-family: times new roman, times, serif; font-size: 14pt;\">Ritter a \u00e9galement soulign\u00e9 le r\u00f4le crucial que joue <a href=\"https:\/\/english.almayadeen.net\/news\/politics\/exclusive:-european-diplomats-contacted-hezbollah-following\"><strong>Sayyed Hassan Nasrallah<\/strong><\/a>, le secr\u00e9taire g\u00e9n\u00e9ral du Hezbollah, dans le d\u00e9roulement des \u00e9v\u00e9nements. \u00ab\u00a0L&rsquo;acteur cl\u00e9 est Hassan Nasrallah et il a clairement indiqu\u00e9 qu&rsquo;il \u00e9tait occup\u00e9 \u00e0 g\u00e9rer l&rsquo;escalade, mais qu&rsquo;il ne veut pas pr\u00e9cipiter l&rsquo;escalade de la violence avec Isra\u00ebl \u00e0 moins d\u2019y \u00eatre provoqu\u00e9\u00a0\u00bb.<\/span><\/p>\n<p style=\"text-align: justify;\"><span style=\"font-family: times new roman, times, serif; font-size: 14pt;\">Pour Ritter, les actes du Hezbollah d\u00e9montrent sa pers\u00e9v\u00e9rance \u00e0 vouloir assurer la victoire contre l&rsquo;occupation isra\u00e9lienne.<\/span><\/p>\n<p>&nbsp;<\/p>\n<p style=\"text-align: justify;\"><span style=\"font-family: times new roman, times, serif; font-size: 18pt;\"><strong>\u00a0\u00ab\u00a0Isra\u00ebl\u00a0\u00bb a perdu la guerre de la propagande<\/strong><\/span><\/p>\n<p style=\"text-align: justify;\"><span style=\"font-family: times new roman, times, serif; font-size: 14pt;\">\u00a0\u00ab\u00a0Il y a eu une attaque horrible contre des civils au Liban, un \u00c9tat souverain, perp\u00e9tr\u00e9e par Isra\u00ebl. Rien de ce que nous pouvons dire ne peut changer cette r\u00e9alit\u00e9. Mais ce n&rsquo;est pas la premi\u00e8re fois que cela se produit et ce ne sera pas la derni\u00e8re. C&rsquo;est le mode op\u00e9ratoire habituel des Isra\u00e9liens\u00a0\u00bb, a d\u00e9clar\u00e9 Ritter\u00a0<\/span><\/p>\n<p style=\"text-align: justify;\"><span style=\"font-family: times new roman, times, serif; font-size: 14pt;\">L&rsquo;ancien officier du corps des Marines a soulign\u00e9 <a href=\"https:\/\/english.almayadeen.net\/news\/politics\/sayyed-nasrallah--us-is-preventing-ceasefire-in-gaza\">la conscience et la pers\u00e9v\u00e9rance<\/a> du Hezbollah \u00e0 r\u00e9pondre \u00e0 de telles situations, ce qui a exacerb\u00e9 les contradictions entre les gouvernements isra\u00e9lien et am\u00e9ricain.<\/span><\/p>\n<p style=\"text-align: justify;\"><span style=\"font-family: times new roman, times, serif; font-size: 14pt;\">\u00a0\u00ab\u00a0Le peuple libanais, le peuple syrien, le peuple irakien [et] le peuple palestinien souffrent de ce type de comportement isra\u00e9lien depuis maintenant des d\u00e9cennies\u00a0\u00bb, a dit Ritter \u00e0 <em>Al Mayadeen<\/em>.<\/span><\/p>\n<p style=\"text-align: justify;\"><span style=\"font-family: times new roman, times, serif; font-size: 14pt;\">Il a ensuite soulign\u00e9 le facteur cl\u00e9 qui affectera la capacit\u00e9 d&rsquo;\u00ab\u00a0Isra\u00ebl\u00a0\u00bb \u00e0 commettre des crimes brutaux et inconsid\u00e9r\u00e9s dans la r\u00e9gion, \u00e0 savoir \u00ab\u00a0l\u2019incontestable soutien des \u00c9tats-Unis\u00a0\u00bb<\/span><\/p>\n<p style=\"text-align: justify;\"><span style=\"font-family: times new roman, times, serif; font-size: 14pt;\">Ritter a soulign\u00e9 que \u00ab\u00a0ce n&rsquo;est plus aussi garanti que par le pass\u00e9\u00a0\u00bb, alors que la discordance entre les \u00c9tats-Unis et \u00ab\u00a0Isra\u00ebl\u00a0\u00bb grandit.<\/span><\/p>\n<p style=\"text-align: justify;\"><span style=\"font-family: times new roman, times, serif; font-size: 14pt;\">Cette \u00e9volution a \u00e9t\u00e9 acc\u00e9l\u00e9r\u00e9e par \u00ab un changement de paradigme \u00bb lorsque \u00ab des centaines de milliers de personnes se sont retrouv\u00e9es dans les rues, \u00e0 manifester leur soutien \u00e0 la cause palestinienne, et manifestant pour la plupart en faveur du Hamas \u00bb, a soulign\u00e9 Ritter.<\/span><\/p>\n<p>&nbsp;<\/p>\n<p style=\"text-align: justify; padding-left: 160px;\"><span style=\"font-family: times new roman, times, serif; font-size: 14pt;\"><strong><span style=\"font-size: 18pt;\">\u00ab C\u2019est sans pr\u00e9c\u00e9dent \u00bb\u00a0\u00a0<\/span>\u00a0 <\/strong><\/span><\/p>\n<p style=\"text-align: justify; padding-left: 240px;\"><span style=\"font-family: times new roman, times, serif; font-size: 14pt;\">\u00a0 Scott Ritter \u00e0 <strong><em>Al Mayadeen<\/em><\/strong><\/span><\/p>\n<p>&nbsp;<\/p>\n<p style=\"text-align: justify;\"><span style=\"font-family: times new roman, times, serif; font-size: 14pt;\">L&rsquo;analyste politique a mis en lumi\u00e8re les vastes manifestations qui ont eu lieu dans les principales villes am\u00e9ricaines, telles que New York et Washington, ainsi que les protestations populaires dans le monde entier, qui ont projet\u00e9 le sort de la Palestine au premier plan des discussions.<\/span><\/p>\n<p style=\"text-align: justify;\"><span style=\"font-family: times new roman, times, serif; font-size: 14pt;\">\u00ab Ce n\u2019est jamais arriv\u00e9 avant. C&rsquo;est un moment historique, comme le pr\u00e9sident [Joe] Biden aime \u00e0 dire, c&rsquo;est un point d&rsquo;inflexion dans les relations am\u00e9ricaines avec le monde arabe, dans les relations am\u00e9ricaines avec Isra\u00ebl aujourd&rsquo;hui \u00bb.<\/span><\/p>\n<p>&nbsp;<\/p>\n<p><span style=\"font-family: times new roman, times, serif; font-size: 18pt;\"><strong>La clairvoyance de Sayyed Hassan fait craquer les liens Isra\u00ebl-USA<\/strong><\/span><\/p>\n<p style=\"text-align: justify;\"><span style=\"font-family: times new roman, times, serif; font-size: 14pt;\">Ritter a rappel\u00e9 que l&rsquo;approche du Hezbollah dans la guerre faite \u00e0 Gaza a propuls\u00e9 l\u2019histoire des Palestiniens sur le devant de la sc\u00e8ne mondiale. Dans un sc\u00e9nario o\u00f9 le Hezbollah pousserait \u00e0 une escalade plus importante, Ritter croit que \u00ab\u00a0les gens cesseraient de parler de la Palestine. Ils cesseraient de parler de l&rsquo;agression d&rsquo;Isra\u00ebl et concentreraient leur attention sur un nouveau front qui inclurait probablement l\u2019Iran\u00a0\u00bb<\/span><\/p>\n<p style=\"text-align: justify;\"><span style=\"font-family: times new roman, times, serif; font-size: 14pt;\">\u00ab\u00a0C&rsquo;est encore une fois pourquoi Hassan Nasrallah parle de pers\u00e9v\u00e9rance. La pers\u00e9v\u00e9rance signifie qu&rsquo;il faut lutter en traversant les moments difficiles pour ne pas se laisser distraire jusqu\u2019\u00e0 perdre de vue la vision strat\u00e9gique\u00a0\u00bb, a expliqu\u00e9 Ritter<\/span><\/p>\n<p style=\"text-align: justify;\"><span style=\"font-family: times new roman, times, serif; font-size: 14pt;\">Il a r\u00e9affirm\u00e9 que \u00ab\u00a0<a href=\"https:\/\/english.almayadeen.net\/news\/politics\/al-qassam-destroy-three-israeli-tanks-in-gaza-confrontations\">le Hamas est en train de gagner ce combat<\/a>. Isra\u00ebl ne peut pas l&#8217;emporter. Isra\u00ebl ne peut pas vaincre le Hamas sur le terrain. Isra\u00ebl a perdu la bataille de la propagande au niveau mondial; il a perdu aux \u00c9tats-Unis\u00a0\u00bb.<\/span><\/p>\n<p style=\"text-align: justify;\"><span style=\"font-family: times new roman, times, serif; font-size: 14pt;\"><strong>\u00a0<\/strong><\/span><\/p>\n<p style=\"text-align: justify;\"><span style=\"font-family: times new roman, times, serif; font-size: 18pt;\"><strong>L&rsquo;administration Biden se retrouve dans une bo\u00eete de Pandore<\/strong><\/span><\/p>\n<p style=\"text-align: justify;\"><span style=\"font-family: times new roman, times, serif; font-size: 14pt;\">Ritter insiste sur le fait qu&rsquo;\u00ab\u00a0Isra\u00ebl\u00a0\u00bb ne peut plus \u00eatre trait\u00e9 avec immunit\u00e9 aux Etats-Unis. En fait, le pays a perdu le contr\u00f4le de son r\u00e9cit, qui tournait autour du statut sp\u00e9cial d&rsquo;\u00ab\u00a0Isra\u00ebl\u00a0\u00bb au Moyen-Orient, r\u00e9cit qu\u2019ont repris \u00e0 leur compte les gouvernements isra\u00e9liens successifs.<\/span><\/p>\n<p style=\"text-align: justify;\"><span style=\"font-family: times new roman, times, serif; font-size: 14pt;\">\u00a0\u00ab Le gouvernement de Benjamin Netanyahou court le risque de ne pas seulement s&rsquo;effondrer de l&rsquo;int\u00e9rieur, mais de perdre aussi le soutien des \u00c9tats-Unis \u00bb, a dit Ritter \u00e0 <em>Al Mayadeen.<\/em><\/span><\/p>\n<p style=\"text-align: justify;\"><span style=\"font-family: times new roman, times, serif; font-size: 14pt;\">L&rsquo;ancien officier du corps des Marines a \u00e9galement soulign\u00e9 les plus de 100 milliards de dollars d\u00e9pens\u00e9s par le gouvernement US pour soutenir le gouvernement de Volodymyr Zelenski et les forces arm\u00e9es ukrainiennes. Selon Ritter, les d\u00e9penses importantes engag\u00e9es par les USA n&rsquo;ont pas produit les r\u00e9sultats auxquels ils s\u2019attendaient. En fait, elles ont \u00e9chou\u00e9. Ainsi qu&rsquo;il l&rsquo;a d\u00e9clar\u00e9 :<\/span><\/p>\n<p style=\"text-align: justify;\"><span style=\"font-family: times new roman, times, serif; font-size: 14pt;\">\u00a0\u00ab\u00a0Le Congr\u00e8s US est fatigu\u00e9 de cette situation. C&rsquo;est une cause en train d\u2019\u00eatre perdue. Nous n&rsquo;aimons pas perdre en Am\u00e9rique et je pense que vous allez voir le financement s\u2019arr\u00eater\u00a0\u00bb.<\/span><\/p>\n<p style=\"text-align: justify;\"><span style=\"font-family: times new roman, times, serif; font-size: 14pt;\">Les l\u00e9gislateurs am\u00e9ricains sont actuellement pr\u00e9occup\u00e9s par plusieurs crises, notamment les tensions croissantes avec la Chine et l&rsquo;\u00e9chec de leurs politiques d&rsquo;immigration. Ces questions, ajout\u00e9es \u00e0 la pression croissante exerc\u00e9e par la population arabo-am\u00e9ricaine, vont pousser les responsables US \u00e0 modifier leur attitude \u00e0 l&rsquo;\u00e9gard d&rsquo;\u00ab\u00a0Isra\u00ebl\u00a0\u00bb et \u00e0 reconsid\u00e9rer leur \u00ab\u00a0soutien inconditionnel\u00a0\u00bb.<\/span><\/p>\n<p style=\"text-align: justify;\"><span style=\"font-family: times new roman, times, serif; font-size: 14pt;\">\u00ab\u00a0L&rsquo;administration Biden subit un d\u00e9sastre politique au moment o\u00f9 nous parlons, et pour se remettre de ce d\u00e9sastre, elle va devoir changer ses perspectives politiques. Je pense que le temps o\u00f9 on soutenait aveugl\u00e9ment Isra\u00ebl avec des munitions illimit\u00e9es est r\u00e9volu\u00a0\u00bb.<\/span><\/p>\n<p style=\"text-align: justify;\"><span style=\"font-family: times new roman, times, serif; font-size: 14pt;\"><strong>\u00a0<\/strong><\/span><\/p>\n<p style=\"text-align: justify;\"><span style=\"font-family: times new roman, times, serif; font-size: 18pt;\"><strong>Les USA complices des crimes isra\u00e9liens<\/strong><\/span><\/p>\n<p style=\"text-align: justify;\"><span style=\"font-family: times new roman, times, serif; font-size: 14pt;\">\u00a0\u00ab Rappelez-vous que les bombes JDAM de 1000 kilos, guid\u00e9es par satellite, qui ont \u00e9t\u00e9 largu\u00e9es par Isra\u00ebl sur le camp de r\u00e9fugi\u00e9s palestinien de Jabalia, lui ont \u00e9t\u00e9 fournies par les \u00c9tats-Unis \u00e0 des milliers d&rsquo;exemplaires \u00bb.<\/span><\/p>\n<p style=\"text-align: justify;\"><span style=\"font-family: times new roman, times, serif; font-size: 14pt;\">\u00ab Donc, les \u00c9tats-Unis doivent prendre conscience du fait que m\u00eame si ce sont des avions isra\u00e9liens, c. \u00e0 d. des avions am\u00e9ricains pilot\u00e9s par des Isra\u00e9liens, qui larguent des bombes isra\u00e9liennes, il s&rsquo;agit de bombes am\u00e9ricaines fournies par les \u00c9tats-Unis\u00a0\u00bb, a rappel\u00e9 Ritter au cours de la discussion.<\/span><\/p>\n<p style=\"text-align: justify;\"><span style=\"font-family: times new roman, times, serif; font-size: 14pt;\">\u00ab\u00a0L&rsquo;Am\u00e9rique tue les enfants palestiniens tout autant qu&rsquo;Isra\u00ebl. C\u00a0\u00bbest en train de devenir un handicap politique [pour les \u00c9tats-Unis]\u00a0\u00bb.<\/span><\/p>\n<p style=\"text-align: justify;\"><span style=\"font-family: times new roman, times, serif; font-size: 14pt;\">L&rsquo;analyste a \u00e9galement fait remarquer que les \u00c9tats-Unis cherchent activement \u00e0 \u00e9viter une escalade dans la r\u00e9gion parce qu\u2019ils sont conscients qu&rsquo;une guerre sur plusieurs fronts entra\u00eenerait une d\u00e9faite strat\u00e9gique pour les int\u00e9r\u00eats isra\u00e9liens et am\u00e9ricains dans la r\u00e9gion.<\/span><\/p>\n<p style=\"text-align: justify;\"><span style=\"font-family: times new roman, times, serif; font-size: 14pt;\">Ritter a rappel\u00e9 encore les deux exercices majeurs cons\u00e9cutifs que viennent d\u2019organiser les forces d&rsquo;occupation isra\u00e9liennes, simulant une guerre sur plusieurs fronts. Selon lui, ces deux exercices impliquaient les \u00c9tats-Unis et se sont sold\u00e9s par une d\u00e9faite strat\u00e9gique.<\/span><\/p>\n<p style=\"text-align: justify;\"><span style=\"font-family: times new roman, times, serif; font-size: 14pt;\">\u00ab\u00a0Les \u00c9tats-Unis eux-m\u00eames n\u2019ignorent rien de cette issue\u00a0\u00bb, ce qui explique pourquoi ils ne se sont pas montr\u00e9s pr\u00eats \u00e0 \u00ab\u00a0acc\u00e9l\u00e9rer la violence, \u00e0 l\u2019escalader\u00a0\u00bb.<\/span><\/p>\n<p style=\"text-align: justify;\"><span style=\"font-family: times new roman, times, serif; font-size: 14pt;\">Il a encore insist\u00e9 sur le fait que les \u00c9tats-Unis ne peuvent pas aider \u201cIsra\u00ebl\u201d \u00ab <a href=\"https:\/\/english.almayadeen.net\/news\/politics\/iran-general-threatens-us-with--serious-strike--if-war-conti\">\u00e0 vaincre le Hezbollah ou l&rsquo;Iran<\/a>\u00a0\u00bb.<\/span><\/p>\n<p style=\"text-align: justify;\"><span style=\"font-family: times new roman, times, serif; font-size: 14pt;\"><strong>\u00a0<\/strong><\/span><\/p>\n<p style=\"text-align: left;\"><span style=\"font-family: times new roman, times, serif; font-size: 18pt;\"><strong>L&rsquo;administration de Joe Biden veut faire de Netanyahou un bouc \u00e9missaire<\/strong><\/span><\/p>\n<p style=\"text-align: justify;\"><span style=\"font-family: times new roman, times, serif; font-size: 14pt;\">Alors, comment les \u00c9tats-Unis comptent-ils se tirer de cette situation g\u00e9opolitique g\u00eanante ?<\/span><\/p>\n<p style=\"text-align: justify;\"><span style=\"font-family: times new roman, times, serif; font-size: 14pt;\">Ritter dit que les politiciens am\u00e9ricains vont tenter de faire porter le chapeau par les politiques isra\u00e9liens.<\/span><\/p>\n<p style=\"text-align: justify;\"><span style=\"font-family: times new roman, times, serif; font-size: 14pt;\">\u00a0\u00ab\u00a0<a href=\"https:\/\/english.almayadeen.net\/news\/politics\/haaretz--netanyahu-abandoned--israel\">Le bouc \u00e9missaire sera Benjamin Netanyahou<\/a>. Ils [les responsables US] vont revoir la \u201cnarrative\u201d et dire que c&rsquo;est son \u00e9chec en tant que dirigeant, que c&rsquo;est l&rsquo;incapacit\u00e9 des forces de d\u00e9fense isra\u00e9liennes \u00e0 prot\u00e9ger le peuple isra\u00e9lien, qui ont conduit \u00e0 cette situation, et qu&rsquo;il faut qu\u2019il y ait un changement dans la dynamique interne d&rsquo;Isra\u00ebl.\u00a0\u00bb.<\/span><\/p>\n<p style=\"text-align: justify;\"><span style=\"font-family: times new roman, times, serif; font-size: 14pt;\">Ritter a \u00e9galement dit qu&rsquo;il croit que \u00ab l&rsquo;administration Biden travaille tr\u00e8s dur \u00bb pour pousser Benjamin Netanyahou vers la sortie, ajoutant qu&rsquo; \u00ab Isra\u00ebl \u00bb n&rsquo;est plus la solution au Moyen-Orient mais un probl\u00e8me que les officiels US essaient de reconfigurer pour qu\u2019il serve mieux leurs int\u00e9r\u00eats dans la r\u00e9gion.<\/span><\/p>\n<p style=\"text-align: justify;\"><span style=\"font-family: times new roman, times, serif; font-size: 14pt;\">Ritter a d\u00e9clar\u00e9 pour finir que le gouvernement de coalition extr\u00e9miste de Netanyahou \u00ab\u00a0<a href=\"https:\/\/english.almayadeen.net\/news\/politics\/fear-of-israeli-settlers--violence-on-the-rise-amid-us-gun-o\">ne sera plus jamais mis en avant<\/a>. Son heure est pass\u00e9e. \u00bb<\/span><\/p>\n<p>&nbsp;<\/p>\n<p style=\"text-align: left;\"><span style=\"font-family: times new roman, times, serif; font-size: 14pt;\">Source\u00a0: <a href=\"https:\/\/english.almayadeen.net\/news\/politics\/the-us-can-t-help--israel--defeat-hezbollah--iran--scott-rit\">https:\/\/english.almayadeen.net\/news\/politics\/the-us-can-t-help&#8211;israel&#8211;defeat-hezbollah&#8211;iran&#8211;scott-rit<\/a><\/span><\/p>\n<p style=\"text-align: left;\"><strong><span style=\"font-family: times new roman, times, serif; font-size: 14pt;\">URL de cet article : <\/span><\/strong><a href=\"http:\/\/blog.lesgrossesorchadeslesamplesthalameges.fr\/index.php\/les-usa-ne-peuvent-pas-aider-israel-a-vaincre-le-hezbollah-et-liran-un-ancien-officier-de-renseignement-us\/\"><span style=\"font-family: times new roman, times, serif; font-size: 14pt;\">http:\/\/blog.lesgrossesorchadeslesamplesthalameges.fr\/index.php\/les-usa-ne-peuvent-pas-aider-israel-a-vaincre-le-hezbollah-et-liran-un-ancien-officier-de-renseignement-us\/<\/span><\/a><span style=\"font-family: times new roman, times, serif; font-size: 14pt;\"><br \/>\n<\/span><\/p>\n<p>&nbsp;<\/p>\n<p>&nbsp;<\/p>\n<p>&nbsp;<\/p>\n<p style=\"text-align: center;\"><a href=\"http:\/\/blog.lesgrossesorchadeslesamplesthalameges.fr\/index.php\/2023\/11\/09\/leffondrement-du-droit-international\/000-justice\/\" rel=\"attachment wp-att-24013\"><img loading=\"lazy\" class=\"alignnone wp-image-24013\" src=\"http:\/\/blog.lesgrossesorchadeslesamplesthalameges.fr\/wp-content\/uploads\/2023\/11\/000.-Justice-300x143.gif\" alt=\"\" width=\"100\" height=\"48\" \/><\/a><\/p>\n<p>&nbsp;<\/p>\n<p>&nbsp;<\/p>\n<p style=\"text-align: right;\"><span style=\"font-size: 14pt; font-family: comic sans ms, sans-serif;\">Novembre 2023<\/span><\/p>\n<p>&nbsp;<\/p>\n<p>&nbsp;<\/p>\n","protected":false},"excerpt":{"rendered":"<p>&nbsp; &nbsp; &nbsp; &nbsp; &nbsp; &nbsp; &nbsp; &nbsp; Les USA ne peuvent pas aider \u00ab Isra\u00ebl \u00bb \u00e0 vaincre le Hezbollah et l\u2019Iran (Un ancien officier de renseignement US) \u00a0 &nbsp; Al Mayadeen \u2013 6.11.2023 &nbsp; Traduction : c.l. pour L.G.O. &nbsp; &nbsp; &nbsp; \u00a0 Scott Ritter, en table ronde avec Al Mayadeen \u00a0 &nbsp;&#8230;<\/p>\n","protected":false},"author":1,"featured_media":0,"parent":0,"menu_order":0,"comment_status":"open","ping_status":"open","template":"","meta":[],"_links":{"self":[{"href":"https:\/\/blog.lesgrossesorchadeslesamplesthalameges.fr\/index.php\/wp-json\/wp\/v2\/pages\/24052"}],"collection":[{"href":"https:\/\/blog.lesgrossesorchadeslesamplesthalameges.fr\/index.php\/wp-json\/wp\/v2\/pages"}],"about":[{"href":"https:\/\/blog.lesgrossesorchadeslesamplesthalameges.fr\/index.php\/wp-json\/wp\/v2\/types\/page"}],"author":[{"embeddable":true,"href":"https:\/\/blog.lesgrossesorchadeslesamplesthalameges.fr\/index.php\/wp-json\/wp\/v2\/users\/1"}],"replies":[{"embeddable":true,"href":"https:\/\/blog.lesgrossesorchadeslesamplesthalameges.fr\/index.php\/wp-json\/wp\/v2\/comments?post=24052"}],"version-history":[{"count":6,"href":"https:\/\/blog.lesgrossesorchadeslesamplesthalameges.fr\/index.php\/wp-json\/wp\/v2\/pages\/24052\/revisions"}],"predecessor-version":[{"id":24058,"href":"https:\/\/blog.lesgrossesorchadeslesamplesthalameges.fr\/index.php\/wp-json\/wp\/v2\/pages\/24052\/revisions\/24058"}],"wp:attachment":[{"href":"https:\/\/blog.lesgrossesorchadeslesamplesthalameges.fr\/index.php\/wp-json\/wp\/v2\/media?parent=24052"}],"curies":[{"name":"wp","href":"https:\/\/api.w.org\/{rel}","templated":true}]}}