{"id":24092,"date":"2023-11-13T16:21:16","date_gmt":"2023-11-13T15:21:16","guid":{"rendered":"http:\/\/blog.lesgrossesorchadeslesamplesthalameges.fr\/?page_id=24092"},"modified":"2023-11-13T16:35:58","modified_gmt":"2023-11-13T15:35:58","slug":"orwell-la-balance-2","status":"publish","type":"page","link":"https:\/\/blog.lesgrossesorchadeslesamplesthalameges.fr\/index.php\/orwell-la-balance-2\/","title":{"rendered":"Orwell la balance"},"content":{"rendered":"<p style=\"text-align: justify;\"><span style=\"font-family: times new roman, times, serif; font-size: 14pt;\"><strong>\u00a0<\/strong><\/span><\/p>\n<p>&nbsp;<\/p>\n<p>&nbsp;<\/p>\n<p>&nbsp;<\/p>\n<p>&nbsp;<\/p>\n<p>&nbsp;<\/p>\n<p>&nbsp;<\/p>\n<p style=\"text-align: center;\"><span style=\"font-family: times new roman, times, serif; font-size: 36pt;\"><strong>Orwell la balance<\/strong><\/span><\/p>\n<p>&nbsp;<\/p>\n<p style=\"text-align: center;\"><span style=\"font-family: times new roman, times, serif; font-size: 18pt;\"><strong>Bruno Guigue<\/strong><\/span><\/p>\n<p>&nbsp;<\/p>\n<p style=\"text-align: center;\"><span style=\"font-family: times new roman, times, serif; font-size: 14pt;\">Publi\u00e9 par <a href=\"https:\/\/www.palestine-solidarite.fr\/author\/jeanpierre59223\/\">Jean-Pierre<\/a> le 29 Octobre 2021<\/span><\/p>\n<p style=\"text-align: center;\"><span style=\"font-family: times new roman, times, serif; font-size: 14pt;\">sur <em>Palestine Solidarit\u00e9<\/em><\/span><\/p>\n<p>&nbsp;<\/p>\n<p>&nbsp;<\/p>\n<p style=\"text-align: center;\"><span style=\"font-family: times new roman, times, serif; font-size: 14pt;\"><strong>\u00a0<a href=\"http:\/\/blog.lesgrossesorchadeslesamplesthalameges.fr\/index.php\/orwell-la-balance-2\/orwell\/\" rel=\"attachment wp-att-24093\"><img loading=\"lazy\" class=\"alignnone wp-image-24093 size-full\" src=\"http:\/\/blog.lesgrossesorchadeslesamplesthalameges.fr\/wp-content\/uploads\/2023\/11\/Orwell.jpg\" alt=\"\" width=\"501\" height=\"495\" srcset=\"https:\/\/blog.lesgrossesorchadeslesamplesthalameges.fr\/wp-content\/uploads\/2023\/11\/Orwell.jpg 501w, https:\/\/blog.lesgrossesorchadeslesamplesthalameges.fr\/wp-content\/uploads\/2023\/11\/Orwell-300x296.jpg 300w\" sizes=\"(max-width: 501px) 100vw, 501px\" \/><\/a><\/strong><\/span><\/p>\n<p>&nbsp;<\/p>\n<p>&nbsp;<\/p>\n<p style=\"text-align: justify;\"><span style=\"font-family: times new roman, times, serif; font-size: 14pt;\">2 mai 1945, le drapeau rouge flotte sur le Reichstag. La bataille de Berlin est termin\u00e9e. Hitler s\u2019est suicid\u00e9 dans le bunker de la chancellerie. Le Reich mill\u00e9naire s\u2019\u00e9croule dans une atmosph\u00e8re digne du Cr\u00e9puscule des dieux. Ch\u00e8rement acquise, la victoire finale de l\u2019Union sovi\u00e9tique sur l\u2019Allemagne nazie exp\u00e9die dans les poubelles de l\u2019histoire une entreprise d\u00e9mentielle de domination raciale qui a d\u00e9vast\u00e9 l\u2019Europe avant de dispara\u00eetre sous les d\u00e9combres de la capitale allemande.<\/span><\/p>\n<p style=\"text-align: justify;\"><span style=\"font-family: times new roman, times, serif; font-size: 14pt;\">Dans cette guerre, 27 millions de Sovi\u00e9tiques ont perdu la vie. Deux tiers d\u2019entre eux sont des civils, un tiers des militaires. En proportion, la cat\u00e9gorie qui a pay\u00e9 le plus lourd tribut \u00e0 la lutte antifasciste est le corps des officiers sovi\u00e9tiques : un million de morts. Oui, un million d\u2019officiers de l\u2019Arm\u00e9e rouge sont morts pour lib\u00e9rer la patrie et terrasser l\u2019hydre nazie. Parmi ces officiers, beaucoup de femmes, y compris des aviatrices. Et beaucoup, oui beaucoup de communistes.<\/span><\/p>\n<p style=\"text-align: justify;\"><span style=\"font-family: times new roman, times, serif; font-size: 14pt;\">En Angleterre, la m\u00eame ann\u00e9e, en 1945, un type \u00e9crit un bouquin. C\u2019est un pamphlet en forme de parabole animali\u00e8re o\u00f9 l\u2019auteur compare les communistes \u00e0 des animaux de ferme. A la fin de ce r\u00e9cit grotesque, les cochons prennent le pouvoir. Ce bouquin, c\u2019est \u00ab\u00a0<em>Animal farm\u00a0<\/em>\u00bb de George Orwell. Pour l\u2019auteur, il faut croire que les millions de communistes sovi\u00e9tiques qui sont tomb\u00e9s sous les balles nazies \u00e9taient des cochons.<\/span><\/p>\n<p style=\"text-align: justify;\"><span style=\"font-family: times new roman, times, serif; font-size: 14pt;\">Ce pamphlet naus\u00e9abond, la diplomatie britannique va s\u2019en servir pour intoxiquer le monde musulman. Londres redoutant l\u2019influence du communisme chez les ouvriers du secteur p\u00e9trolier en Arabie saoudite, un diplomate en poste au Caire propose de publier des traductions d\u2019<em>Animal Farm<\/em>, \u00ab car c\u2019est une id\u00e9e tout indiqu\u00e9e pour les pays arabes, \u00e9tant donn\u00e9 qu\u2019aux yeux des musulmans les porcs et les chiens sont consid\u00e9r\u00e9s comme des animaux impurs \u00bb.<\/span><\/p>\n<p style=\"text-align: justify;\"><span style=\"font-family: times new roman, times, serif; font-size: 14pt;\">Ancien flic colonial, le chroniqueur \u00e0 la BBC est un petit soldat de l\u2019Empire. Il n\u2019a jamais \u00e9crit une ligne contre les horreurs commises par les Britanniques aux Indes. En revanche, il va encore rendre un petit service. Sans vergogne, il va \u00ab\u00a0balancer\u00a0\u00bb une liste d\u2019intellectuels progressistes aux services de renseignement britanniques. Propagandiste de la \u00ab\u00a0guerre froide\u00a0\u00bb, il est m\u00eame l\u2019inventeur de cette expression \u00e0 succ\u00e8s. Et pourtant, sans le sacrifice de ces communistes qu\u2019il ha\u00efssait, le dandy libertaire n\u2019aurait pu continuer sa carri\u00e8re litt\u00e9raire.<\/span><\/p>\n<p style=\"text-align: justify;\"><span style=\"font-family: times new roman, times, serif; font-size: 14pt;\">Anarchiste de salon, Orwell, c\u2019est le type qui a attendu que les autres se fassent tuer en combattant le nazisme avant d\u2019aller cracher sur leurs tombes.<\/span><\/p>\n<p style=\"text-align: justify;\"><span style=\"font-family: times new roman, times, serif; font-size: 14pt;\">Mais son cas est embl\u00e9matique. Fustigeant le communisme, les chiens de garde de son esp\u00e8ce vont prolif\u00e9rer durant la guerre froide. R\u00e9sistants de la vingt-cinqui\u00e8me heure, collabos pass\u00e9s \u00e0 travers les gouttes, anarchistes dorlot\u00e9s par la presse bourgeoise, gauchistes rang\u00e9s des \u00e9curies et r\u00e9volutionnaires en paroles vont se r\u00e9pandre dans l\u2019atmosph\u00e8re d\u00e9l\u00e9t\u00e8re du nouvel anticommunisme.<\/span><\/p>\n<p>&nbsp;<\/p>\n<p style=\"text-align: justify;\"><span style=\"font-family: times new roman, times, serif; font-size: 14pt;\"><strong>Source : La page FB de l\u2019auteur<\/strong><\/span><br \/>\n<span style=\"font-family: times new roman, times, serif; font-size: 14pt;\"><a href=\"https:\/\/www.facebook.com\/bruno.guigue.10\/...\">https:\/\/www.facebook.com\/bruno.<\/a><a href=\"https:\/\/www.facebook.com\/bruno.guigue.10\/posts\/2622826827862756\">g<\/a><a href=\"https:\/\/www.facebook.com\/bruno.guigue.10\/...\">uigue.10\/\u2026<\/a><\/span><\/p>\n<p>&nbsp;<\/p>\n<p>&nbsp;<\/p>\n<p style=\"text-align: center;\"><a href=\"http:\/\/blog.lesgrossesorchadeslesamplesthalameges.fr\/index.php\/orwell-la-balance-2\/orwell-2\/\" rel=\"attachment wp-att-24094\"><img loading=\"lazy\" class=\"alignnone size-full wp-image-24094\" src=\"http:\/\/blog.lesgrossesorchadeslesamplesthalameges.fr\/wp-content\/uploads\/2023\/11\/Orwell-2.gif\" alt=\"\" width=\"86\" height=\"91\" \/><\/a><\/p>\n<p>&nbsp;<\/p>\n<p>&nbsp;<\/p>\n<p><span style=\"font-family: times new roman, times, serif; font-size: 14pt;\"><strong>URL de cet article : <\/strong><a href=\"http:\/\/blog.lesgrossesorchadeslesamplesthalameges.fr\/index.php\/orwell-la-balance-2\/\">http:\/\/blog.lesgrossesorchadeslesamplesthalameges.fr\/index.php\/orwell-la-balance-2\/<\/a><strong><br \/>\n<\/strong><\/span><\/p>\n<p><strong>\u00a0<\/strong><\/p>\n<p>&nbsp;<\/p>\n<p style=\"text-align: right;\"><span style=\"font-family: comic sans ms, sans-serif; font-size: 14pt;\">11 novem<\/span><span style=\"font-family: comic sans ms, sans-serif; font-size: 14pt;\">bre 2021<\/span><\/p>\n<p>&nbsp;<\/p>\n<p>&nbsp;<\/p>\n","protected":false},"excerpt":{"rendered":"<p>\u00a0 &nbsp; &nbsp; &nbsp; &nbsp; &nbsp; &nbsp; Orwell la balance &nbsp; Bruno Guigue &nbsp; Publi\u00e9 par Jean-Pierre le 29 Octobre 2021 sur Palestine Solidarit\u00e9 &nbsp; &nbsp; \u00a0 &nbsp; &nbsp; 2 mai 1945, le drapeau rouge flotte sur le Reichstag. La bataille de Berlin est termin\u00e9e. Hitler s\u2019est suicid\u00e9 dans le bunker de la chancellerie. Le&#8230;<\/p>\n","protected":false},"author":1,"featured_media":0,"parent":0,"menu_order":0,"comment_status":"open","ping_status":"open","template":"","meta":[],"_links":{"self":[{"href":"https:\/\/blog.lesgrossesorchadeslesamplesthalameges.fr\/index.php\/wp-json\/wp\/v2\/pages\/24092"}],"collection":[{"href":"https:\/\/blog.lesgrossesorchadeslesamplesthalameges.fr\/index.php\/wp-json\/wp\/v2\/pages"}],"about":[{"href":"https:\/\/blog.lesgrossesorchadeslesamplesthalameges.fr\/index.php\/wp-json\/wp\/v2\/types\/page"}],"author":[{"embeddable":true,"href":"https:\/\/blog.lesgrossesorchadeslesamplesthalameges.fr\/index.php\/wp-json\/wp\/v2\/users\/1"}],"replies":[{"embeddable":true,"href":"https:\/\/blog.lesgrossesorchadeslesamplesthalameges.fr\/index.php\/wp-json\/wp\/v2\/comments?post=24092"}],"version-history":[{"count":7,"href":"https:\/\/blog.lesgrossesorchadeslesamplesthalameges.fr\/index.php\/wp-json\/wp\/v2\/pages\/24092\/revisions"}],"predecessor-version":[{"id":24102,"href":"https:\/\/blog.lesgrossesorchadeslesamplesthalameges.fr\/index.php\/wp-json\/wp\/v2\/pages\/24092\/revisions\/24102"}],"wp:attachment":[{"href":"https:\/\/blog.lesgrossesorchadeslesamplesthalameges.fr\/index.php\/wp-json\/wp\/v2\/media?parent=24092"}],"curies":[{"name":"wp","href":"https:\/\/api.w.org\/{rel}","templated":true}]}}