{"id":24133,"date":"2023-11-15T18:14:58","date_gmt":"2023-11-15T17:14:58","guid":{"rendered":"http:\/\/blog.lesgrossesorchadeslesamplesthalameges.fr\/?page_id=24133"},"modified":"2023-11-15T18:17:29","modified_gmt":"2023-11-15T17:17:29","slug":"la-grande-bretagne-impliquee-dans-le-meurtre-dun-medecin-de-gaza-parraine-par-son-ministere-des-affaires-etrangeres","status":"publish","type":"page","link":"https:\/\/blog.lesgrossesorchadeslesamplesthalameges.fr\/index.php\/la-grande-bretagne-impliquee-dans-le-meurtre-dun-medecin-de-gaza-parraine-par-son-ministere-des-affaires-etrangeres\/","title":{"rendered":"La Grande-Bretagne impliqu\u00e9e dans le meurtre d&rsquo;un m\u00e9decin de Gaza parrain\u00e9 par son minist\u00e8re des Affaires \u00e9trang\u00e8res"},"content":{"rendered":"<p>&nbsp;<\/p>\n<p>&nbsp;<\/p>\n<p>&nbsp;<\/p>\n<p>&nbsp;<\/p>\n<p>&nbsp;<\/p>\n<p>&nbsp;<\/p>\n<p>&nbsp;<\/p>\n<p>&nbsp;<\/p>\n<p style=\"text-align: center;\"><span style=\"font-family: times new roman, times, serif; font-size: 36pt;\"><strong>La Grande-Bretagne impliqu\u00e9e dans le meurtre d&rsquo;un m\u00e9decin de Gaza parrain\u00e9 par son minist\u00e8re des Affaires \u00e9trang\u00e8res<\/strong><\/span><\/p>\n<p>&nbsp;<\/p>\n<p style=\"text-align: center;\"><span style=\"font-family: times new roman, times, serif; font-size: 14pt;\"><strong>\u00a0<\/strong><\/span><\/p>\n<p style=\"text-align: center;\"><span style=\"font-family: times new roman, times, serif; font-size: 18pt;\"><strong>Kit Klarenberg \u2013 <\/strong><a href=\"Britain%20implicated%20in%20murder%20of%20Gaza%20doctor%20sponsored%20by%20its%20Foreign%20Office\"><strong><em>The GrayZone<\/em><\/strong><\/a><strong> \u2013 14.11.2023<\/strong><\/span><\/p>\n<p>&nbsp;<\/p>\n<p style=\"text-align: center;\"><span style=\"font-family: times new roman, times, serif; font-size: 18pt;\">Traduction<strong>\u00a0: c.l. <\/strong>pour<strong> <em>L.G.O<\/em>.<\/strong><\/span><\/p>\n<p style=\"text-align: center;\"><span style=\"font-family: times new roman, times, serif; font-size: 14pt;\">de <a href=\"https:\/\/thegrayzone.com\/2023\/11\/14\/britain-murder-gaza-doctor-foreign-office\/\"><strong><em>Britain implicated in murder of Gaza doctor sponsored by its Foreign Office<\/em><\/strong><\/a><\/span><\/p>\n<p style=\"text-align: justify;\"><span style=\"font-family: times new roman, times, serif; font-size: 14pt;\"><strong>\u00a0<\/strong><\/span><\/p>\n<p>&nbsp;<\/p>\n<p>&nbsp;<\/p>\n<p style=\"text-align: center;\"><a href=\"http:\/\/blog.lesgrossesorchadeslesamplesthalameges.fr\/?attachment_id=24123\" rel=\"attachment wp-att-24123\"><img loading=\"lazy\" class=\"alignnone wp-image-24123 size-full\" src=\"http:\/\/blog.lesgrossesorchadeslesamplesthalameges.fr\/wp-content\/uploads\/2023\/11\/4.-Medecin-de-Gaza.jpg\" alt=\"\" width=\"600\" height=\"600\" srcset=\"https:\/\/blog.lesgrossesorchadeslesamplesthalameges.fr\/wp-content\/uploads\/2023\/11\/4.-Medecin-de-Gaza.jpg 600w, https:\/\/blog.lesgrossesorchadeslesamplesthalameges.fr\/wp-content\/uploads\/2023\/11\/4.-Medecin-de-Gaza-300x300.jpg 300w, https:\/\/blog.lesgrossesorchadeslesamplesthalameges.fr\/wp-content\/uploads\/2023\/11\/4.-Medecin-de-Gaza-150x150.jpg 150w\" sizes=\"(max-width: 600px) 100vw, 600px\" \/><\/a><\/p>\n<p style=\"text-align: center;\"><span style=\"font-family: times new roman, times, serif; font-size: 12pt;\"><strong><em>\u00c0 gauche : l&rsquo;ancien boursier Chevening, le Dr Maisara Alrayyes. \u00c0 droite : l&rsquo;ancien ministre britannique des affaires \u00e9trang\u00e8res James Cleverly.<\/em><\/strong><\/span><\/p>\n<p>&nbsp;<\/p>\n<p>&nbsp;<\/p>\n<p>&nbsp;<\/p>\n<p style=\"text-align: justify;\"><span style=\"font-family: tahoma, arial, helvetica, sans-serif; font-size: 14pt;\"><strong>Le gouvernement britannique a refus\u00e9 de condamner l&rsquo;assassinat cibl\u00e9 par Isra\u00ebl du Dr Maisara Alrayyes, un Palestinien qui avait b\u00e9n\u00e9fici\u00e9 de la prestigieuse bourse Chevening du minist\u00e8re britannique des Affaires \u00e9trang\u00e8res. Dans le m\u00eame temps, Londres a recommand\u00e9 aux m\u00e9dias de garder le silence sur son implication directe dans les massacres de Gaza.<\/strong><\/span><\/p>\n<p>&nbsp;<\/p>\n<p style=\"text-align: justify;\"><span style=\"font-family: times new roman, times, serif; font-size: 14pt;\">Depuis le d\u00e9but de l&rsquo;assaut militaire isra\u00e9lien contre la bande de Gaza assi\u00e9g\u00e9e, le gouvernement britannique a gard\u00e9 un silence absolu sur le carnage inflig\u00e9 aux civils palestiniens, \u00e0 une notable exception pr\u00e8s.<\/span><\/p>\n<p style=\"text-align: justify;\"><span style=\"font-family: times new roman, times, serif; font-size: 14pt;\">Le 8 novembre, le <em>Foreign Office<\/em> a annonc\u00e9 la mort du Dr. Maisara Alrayyes, ancien \u00e9l\u00e8ve palestinien de la prestigieuse bourse Chevening, dans le cadre de laquelle d\u2019\u00ab\u00a0exceptionnels leaders \u00e9mergents du monde entier\u00a0\u00bb peuvent poursuivre des \u00e9tudes de ma\u00eetrise, financ\u00e9es par elle, dans de prestigieuses universit\u00e9s britanniques.<\/span><\/p>\n<p style=\"text-align: justify;\"><span style=\"font-family: times new roman, times, serif; font-size: 14pt;\">Le minist\u00e8re des Affaires \u00e9trang\u00e8res a refus\u00e9 de pr\u00e9ciser la cause de la mort d&rsquo;Alrayyes, ce qui a provoqu\u00e9 une vague d\u2019indignation.<\/span><\/p>\n<p style=\"text-align: justify;\"><span style=\"font-family: times new roman, times, serif; font-size: 14pt;\">Le <em>King&rsquo;s College<\/em>, o\u00f9 Alrayyes a \u00e9tudi\u00e9 \u00ab\u00a0la sant\u00e9 des femmes et des enfants\u00a0\u00bb en 2019, a publi\u00e9 une br\u00e8ve d\u00e9claration indiquant que le jeune homme et sa famille avaient \u00e9t\u00e9 \u00ab\u00a0tu\u00e9s\u00a0\u00bb, tout en refusant de dire \u00ab\u00a0par qui\u00a0\u00bb. Le coll\u00e8ge a not\u00e9 que ses travaux avaient \u00e9t\u00e9 publi\u00e9s \u00ab\u00a0dans un certain nombre de revues de haut niveau [&#8230;] et qu&rsquo;il \u00e9tait bien connu et tr\u00e8s respect\u00e9 de ses coll\u00e8gues, pour son d\u00e9vouement \u00e0 l&rsquo;am\u00e9lioration des soins de sant\u00e9 \u00e0 donner aux femmes et aux enfants dans les r\u00e9gions \u00e0 faibles revenus et<strong>\/<\/strong>ou touch\u00e9es par la guerre\u00a0\u00bb.<\/span><\/p>\n<p style=\"text-align: justify;\"><span style=\"font-family: times new roman, times, serif; font-size: 14pt;\">Des coll\u00e8gues d&rsquo;Alrayyes ont par la suite r\u00e9v\u00e9l\u00e9 que lui et sa famille ont \u00e9t\u00e9 assassin\u00e9s \u00e0 la suite de frappes a\u00e9riennes isra\u00e9liennes, apr\u00e8s avoir pass\u00e9 30 heures coinc\u00e9s sous des d\u00e9combres.<\/span><\/p>\n<p style=\"text-align: justify;\"><span style=\"font-family: times new roman, times, serif; font-size: 14pt;\">Dans les jours qui ont pr\u00e9c\u00e9d\u00e9 leur mort, le m\u00e9decin a envoy\u00e9 un message \u00e0 ses anciens camarades de classe du <em>King&rsquo;s College<\/em> :<\/span><\/p>\n<p>&nbsp;<\/p>\n<p style=\"text-align: justify; padding-left: 120px;\"><span style=\"font-family: times new roman, times, serif; font-size: 14pt;\"><strong><em>\u00ab\u00a0Ces derniers jours, je commence \u00e0 me sentir plus terrifi\u00e9 que jamais. Je m&rsquo;imagine sous les d\u00e9combres et j&rsquo;ai tr\u00e8s peur d\u2019y rester coinc\u00e9, encore en vie\u00a0\u00bb.<\/em><\/strong><\/span><\/p>\n<p><span style=\"font-family: times new roman, times, serif; font-size: 14pt;\"><strong><em><br \/>\n<\/em><\/strong>Ses pires cauchemars se sont r\u00e9alis\u00e9s, en grande partie gr\u00e2ce \u2013 si on peut dire \u2013 aux parrains britanniques de sa bourse Chevening.<\/span><\/p>\n<p>&nbsp;<\/p>\n<p>&nbsp;<\/p>\n<p style=\"text-align: left;\"><span style=\"font-family: times new roman, times, serif; font-size: 18pt;\"><strong>Le Britannique Cleverly rencontre Alrayyes et approuve la folie meurtri\u00e8re d&rsquo;Isra\u00eb<\/strong><\/span><\/p>\n<p style=\"text-align: justify;\"><span style=\"font-family: times new roman, times, serif; font-size: 14pt;\">La bourse Chevening est consid\u00e9r\u00e9e comme une sorte de joyau de la couronne dans l&rsquo;arsenal du <em>soft power<\/em> de la Grande-Bretagne et en guise de m\u00e9canisme essentiel servant \u00e0 promouvoir ses int\u00e9r\u00eats \u00e0 l&rsquo;\u00e9tranger. Plus de 15 boursiers Chevening sont devenus chefs d&rsquo;\u00c9tat, et Londres tient \u00e0 promouvoir la r\u00e9ussite de ses anciens boursiers dans le monde entier. Un rapport du minist\u00e8re des Affaires \u00e9trang\u00e8res sur l&rsquo;am\u00e9lioration de la perception de la Grande-Bretagne dans l&rsquo;ex-Yougoslavie a r\u00e9v\u00e9l\u00e9 que Londres \u00e9tait \u00ab\u00a0favorablement associ\u00e9e \u00e0 l&rsquo;\u00e9ducation (universit\u00e9s, \u00e9coles, programme de bourses Chevening)\u00a0\u00bb. Une bourse de journalisme Chevening a donc \u00e9t\u00e9 mise \u00e0 disposition dans chaque pays de la r\u00e9gion, afin d&rsquo;\u00ab\u00a0am\u00e9liorer la perception du Royaume-Uni aupr\u00e8s des participants destin\u00e9s \u00e0 devenir des personnes d&rsquo;influence dans les Balkans occidentaux\u00a0\u00bb.<\/span><\/p>\n<p style=\"text-align: justify;\"><span style=\"font-family: times new roman, times, serif; font-size: 14pt;\">Alrayyes ayant rencontr\u00e9 sa fianc\u00e9e, \u00e9galement titulaire d&rsquo;une bourse Chevening, pendant ses \u00e9tudes en Grande-Bretagne, l\u2019<em>establishment<\/em> UK avait \u00e9t\u00e9 particuli\u00e8rement s\u00e9duit par son exemple. En septembre, il avait fait partie d&rsquo;un groupe restreint de dipl\u00f4m\u00e9s qui ont pu rencontrer le ministre des Affaires \u00e9trang\u00e8res, James Cleverly, \u00e0 J\u00e9rusalem.<\/span><\/p>\n<p style=\"text-align: justify;\"><span style=\"font-family: times new roman, times, serif; font-size: 14pt;\">Mais ces dirigeants britanniques n&rsquo;ont pas fourni \u00e0 M. Alrayyes la moindre mesure de protection lorsque le bombardement brutal de Gaza a commenc\u00e9 en octobre. Alors qu&rsquo;il dormait chez lui, avec sa famille, il s\u2019est retrouv\u00e9 cible de l&rsquo;arm\u00e9e isra\u00e9lienne. Mort, le voil\u00e0 devenu un probl\u00e8me de relations publiques pour le minist\u00e8re britannique des Affaires \u00e9trang\u00e8res qui l&rsquo;a autrefois parrain\u00e9.<\/span><\/p>\n<p style=\"text-align: justify;\"><span style=\"font-family: times new roman, times, serif; font-size: 14pt;\">M. Cleverly a rejet\u00e9 \u00e0 plusieurs reprises les appels \u00e0 un cessez-le-feu \u00e0 Gaza, en m\u00eame temps qu\u2019il insistait sur le fait que la Grande-Bretagne soutient ardemment le droit d&rsquo;Isra\u00ebl \u00e0 se \u00ab d\u00e9fendre \u00bb &#8211; gracieux euph\u00e9misme pour qualifier l&rsquo;\u00e9crasant assaut d&rsquo;Isra\u00ebl contre des civils d\u00e9sarm\u00e9s. Interrog\u00e9 par la cha\u00eene ITV sur le meurtre d&rsquo;Alrayyes, le ministre des Affaires \u00e9trang\u00e8res a marmonn\u00e9 sans enthousiasme excessif :<\/span><\/p>\n<p>&nbsp;<\/p>\n<p style=\"text-align: justify; padding-left: 120px;\"><span style=\"font-family: times new roman, times, serif; font-size: 14pt;\"><em>\u00ab\u00a0Chaque perte de vie est d\u00e9chirante. Et il y a des Palestiniens et des Isra\u00e9liens qui ont perdu la vie. C&rsquo;est pourquoi nous nous effor\u00e7ons d&rsquo;acheminer l&rsquo;aide humanitaire \u00e0 Gaza\u00a0\u00bb.<\/em><\/span><\/p>\n<p>&nbsp;<\/p>\n<p>&nbsp;<\/p>\n<p style=\"text-align: left;\"><span style=\"font-family: times new roman, times, serif; font-size: 18pt;\"><strong>La Grande-Bretagne directement impliqu\u00e9e dans les massacres de Gaza<\/strong><\/span><\/p>\n<p style=\"text-align: justify;\"><span style=\"font-family: times new roman, times, serif; font-size: 14pt;\">\u00c0 tous \u00e9gards, la mort horrible d&rsquo;Alrayyes est un cauchemar pour Londres, notamment parce que le gouvernement britannique lui-m\u00eame pourrait y \u00eatre impliqu\u00e9 d&rsquo;une mani\u00e8re ou d&rsquo;une autre. L&rsquo;analyse de <em>Declassified UK<\/em> indique que depuis le 7 octobre, \u00ab\u00a033 vols de transport militaire ont d\u00e9coll\u00e9 pour Tel Aviv de la vaste base a\u00e9rienne britannique de Chypre\u00a0\u00bb. Le m\u00e9dia n&rsquo;a pu trouver aucune trace de voyages similaires avant le d\u00e9but de l&rsquo;attaque contre Gaza. Un porte-parole du minist\u00e8re de la D\u00e9fense a ni\u00e9 que les avions aient transport\u00e9 \u00ab\u00a0une aide l\u00e9tale\u00a0\u00bb, tout en se d\u00e9clarant favorable \u00e0 \u00ab\u00a0un engagement diplomatique\u00a0\u00bb&#8230;.<\/span><\/p>\n<p style=\"text-align: justify;\"><span style=\"font-family: times new roman, times, serif; font-size: 14pt;\">Cette explication est d&rsquo;autant plus douteuse que, fin octobre, le <em>Defence and Security Media Advisory Committee<\/em> (DSMA) a \u00e9crit aux r\u00e9dacteurs en chef des principaux organes de presse britanniques pour leur recommander de ne pas parler des forces sp\u00e9ciales britanniques \u00ab\u00a0d\u00e9ploy\u00e9es dans des zones sensibles du Moyen-Orient\u00a0\u00bb.<\/span><\/p>\n<p style=\"text-align: justify;\"><span style=\"font-family: times new roman, times, serif; font-size: 14pt;\">La DSMA est un organisme du minist\u00e8re de la D\u00e9fense, qui impose \u00e0 la presse une forme de censure tr\u00e8s britannique. Elle <a href=\"https:\/\/kitklarenberg.substack.com\/p\/the-d-notice-a-very-british-form\">r\u00e9unit<\/a> des repr\u00e9sentants des services de renseignement et de s\u00e9curit\u00e9, des v\u00e9t\u00e9rans de l&rsquo;arm\u00e9e, des hauts fonctionnaires, des responsables d&rsquo;associations de presse, des r\u00e9dacteurs en chef et des journalistes. Ensemble, ils d\u00e9cident des sujets li\u00e9s \u00e0 la s\u00e9curit\u00e9 nationale qui peuvent \u00eatre trait\u00e9s et de la mani\u00e8re dont ils peuvent l&rsquo;\u00eatre. Cela cr\u00e9e une situation dans laquelle l&rsquo;\u00e9crasante majorit\u00e9 du journalisme britannique sur la s\u00e9curit\u00e9 nationale est directement dirig\u00e9e par l&rsquo;\u00c9tat.<\/span><\/p>\n<p style=\"text-align: justify;\"><span style=\"font-family: times new roman, times, serif; font-size: 14pt;\">L&rsquo;intervention r\u00e9cente de la commission a \u00e9t\u00e9 motiv\u00e9e par les informations diffus\u00e9es par les m\u00e9dias selon lesquelles le SAS serait stationn\u00e9 \u00e0 Chypre pour participer \u00e0 des op\u00e9rations de lib\u00e9ration d&rsquo;otages. Il s&rsquo;agissait tr\u00e8s certainement d&rsquo;expliquer la pr\u00e9sence des forces sp\u00e9ciales britanniques dans la r\u00e9gion tout en dissimulant leur implication dans l&rsquo;assaut contre Gaza, o\u00f9 Alrayyes a \u00e9t\u00e9 assassin\u00e9.<\/span><\/p>\n<p>&nbsp;<\/p>\n<p>&nbsp;<\/p>\n<p style=\"text-align: justify;\"><span style=\"font-family: times new roman, times, serif; font-size: 18pt;\"><strong>Isra\u00ebl contr\u00f4le le <em>Foreign Office<\/em><\/strong><\/span><\/p>\n<p style=\"text-align: justify;\"><span style=\"font-family: times new roman, times, serif; font-size: 14pt;\">La fa\u00e7on dont le <em>Foreign Office<\/em> a trait\u00e9 la mort d&rsquo;Alrayyes aurait suscit\u00e9 le scandale, y compris parmi son propre personnel, d\u00e9j\u00e0 scandalis\u00e9 par le refus de Whitehall de reconna\u00eetre, et encore moins de condamner, l&rsquo;escalade du nombre de morts civils dans la bande de Gaza. Historiquement, le d\u00e9partement \u00e9tait pro-arabe. Sa conversion \u00e0 la cause du sionisme est relativement r\u00e9cente, bien que la sympathie pour les Palestiniens y perdure dans certains milieux.<\/span><\/p>\n<p style=\"text-align: justify;\"><span style=\"font-family: times new roman, times, serif; font-size: 14pt;\">Ceci est assez remarquable, \u00e9tant donn\u00e9 que les personnalit\u00e9s politiques \u00a0britanniques qui osent d\u00e9fendre les Palestiniens voient, de fa\u00e7on routini\u00e8re, leur r\u00e9putation agressivement mise \u00e0\u00a0mal par le lobby isra\u00e9lien. Tant les travaillistes que les conservateurs comptent dans leurs rangs des groupes <a href=\"https:\/\/www.telegraph.co.uk\/news\/worldnews\/middleeast\/israel\/10478464\/Iran-nuclear-deal-ill-informed-friends-of-Israel-are-refusing-to-face-facts.html\">tr\u00e8s influents<\/a> d&rsquo;\u00ab\u00a0Amis d&rsquo;Isra\u00ebl\u00a0\u00bb qui, au sein du Parlement, op\u00e8rent en concertation \u00e9troite et clandestine avec l&rsquo;ambassade de Tel-Aviv \u00e0 Londres.<\/span><\/p>\n<p style=\"text-align: justify;\"><span style=\"font-family: times new roman, times, serif; font-size: 14pt;\"><a href=\"https:\/\/www.aljazeera.com\/news\/2017\/1\/14\/the-lobby-episode-4-the-takedown\">En 2017<\/a>, des journalistes infiltr\u00e9s d&rsquo;<em>Al Jazeera <\/em>ont film\u00e9 Shai Masot, repr\u00e9sentant de l&rsquo;ambassade d&rsquo;Isra\u00ebl, en r\u00e9union avec Les Amis Conservateurs d&rsquo;Isra\u00ebl (CFI), en train de discuter d&rsquo;une \u00ab\u00a0liste de cibles\u00a0\u00bb de parlementaires \u00e0 \u00ab\u00a0faire tomber\u00a0\u00bb en raison de leur soutien \u00e0 la Palestine. Parmi eux figuraient le d\u00e9put\u00e9 Crispin Blunt, <a href=\"https:\/\/www.thejc.com\/news\/uk\/prime-minister-strongly-objects-to-israeli-annexation-plans-1.500709\">critique de longue date<\/a> d&rsquo;Isra\u00ebl, et le ministre des Affaires \u00e9trang\u00e8res Alan Duncan. Shai Masot exprimait le d\u00e9sir de \u00ab\u00a0d\u00e9truire\u00a0\u00bb Duncan, afin de s&rsquo;assurer qu&rsquo;il n&rsquo;obtiendrait pas un poste de haut niveau au sein du minist\u00e8re..<\/span><\/p>\n<p style=\"text-align: justify;\"><span style=\"font-family: times new roman, times, serif; font-size: 14pt;\">En r\u00e9action, Duncan avait t\u00e9l\u00e9phon\u00e9 \u00e0 Mark Regev, alors ambassadeur d&rsquo;Isra\u00ebl en Grande-Bretagne, lequel avait pr\u00e9tendu que Masot \u00e9tait une \u00ab\u00a0embauche locale\u00a0\u00bb subalterne, sans statut diplomatique officiel. <a href=\"https:\/\/www.theguardian.com\/uk-news\/2017\/jan\/07\/israeli-diplomat-shai-masot-caught-on-camera-plotting-to-take-down-uk-mps\">En r\u00e9alit\u00e9<\/a>, Masot \u00e9tait un v\u00e9t\u00e9ran des Forces de D\u00e9fense Isra\u00e9liennes (FDI), qui occupait le poste de haut responsable politique de l&rsquo;ambassade depuis novembre 2014 et agissait en qualit\u00e9 de principal point de contact entre l&rsquo;ambassade d&rsquo;Isra\u00ebl et le <em>Foreign Office.<\/em><\/span><\/p>\n<p style=\"text-align: justify;\"><span style=\"font-family: times new roman, times, serif; font-size: 14pt;\"><strong>\u00a0<\/strong><\/span><\/p>\n<p>&nbsp;<\/p>\n<p style=\"text-align: justify;\"><span style=\"font-family: times new roman, times, serif; font-size: 18pt;\"><strong>Isra\u00ebl revient tuer la famille d&rsquo;Alrayyes<\/strong><\/span><\/p>\n<p style=\"text-align: justify;\"><span style=\"font-family: times new roman, times, serif; font-size: 14pt;\">Le 8 novembre, les amis de Maisara Alrayyes ont appris que ses deux fr\u00e8res avaient \u00e9galement \u00e9t\u00e9 assassin\u00e9s par l&rsquo;arm\u00e9e isra\u00e9lienne alors qu&rsquo;ils creusaient dans les d\u00e9combres de sa maison pour en retirer son cadavre. Ils avaient surv\u00e9cu \u00e0 l&rsquo;attaque de leur propre maison deux jours plus t\u00f4t, mais ont \u00e9t\u00e9 repris pour cibles d\u00e8s qu&rsquo;ils sont retourn\u00e9s sur les lieux pour tenter de donner \u00e0 leur fr\u00e8re un enterrement d\u00e9cent.<\/span><\/p>\n<p>&nbsp;<\/p>\n<p style=\"text-align: left;\"><span style=\"font-family: times new roman, times, serif; font-size: 14pt;\">Source : <a href=\"https:\/\/thegrayzone.com\/2023\/11\/14\/britain-murder-gaza-doctor-foreign-office\/\">https:\/\/thegrayzone.com\/2023\/11\/14\/britain-murder-gaza-doctor-foreign-office\/<\/a><\/span><\/p>\n<p><span style=\"font-family: times new roman, times, serif; font-size: 14pt;\"><strong>URL de cet article : <\/strong><a href=\"http:\/\/blog.lesgrossesorchadeslesamplesthalameges.fr\/index.php\/la-grande-bretagne-impliquee-dans-le-meurtre-dun-medecin-de-gaza-parraine-par-son-ministere-des-affaires-etrangeres\/\">http:\/\/blog.lesgrossesorchadeslesamplesthalameges.fr\/index.php\/la-grande-bretagne-impliquee-dans-le-meurtre-dun-medecin-de-gaza-parraine-par-son-ministere-des-affaires-etrangeres\/<\/a><br \/>\n<\/span><\/p>\n<p style=\"text-align: justify;\"><span style=\"font-family: times new roman, times, serif; font-size: 14pt;\">\u00a0<\/span><\/p>\n<p><strong>\u00a0<\/strong><\/p>\n<p style=\"text-align: center;\"><a href=\"http:\/\/blog.lesgrossesorchadeslesamplesthalameges.fr\/index.php\/2023\/11\/10\/soy-cuba\/000-russep-x-48\/\" rel=\"attachment wp-att-24065\"><img loading=\"lazy\" class=\"alignnone size-full wp-image-24065\" src=\"http:\/\/blog.lesgrossesorchadeslesamplesthalameges.fr\/wp-content\/uploads\/2023\/11\/000.-russep-x.gif\" alt=\"\" width=\"50\" height=\"50\" \/><\/a><\/p>\n<p>&nbsp;<\/p>\n<p>&nbsp;<\/p>\n<p style=\"text-align: right;\"><span style=\"font-family: comic sans ms, sans-serif; font-size: 14pt;\">Novembre 2023<\/span><\/p>\n<p>&nbsp;<\/p>\n","protected":false},"excerpt":{"rendered":"<p>&nbsp; &nbsp; &nbsp; &nbsp; &nbsp; &nbsp; &nbsp; &nbsp; La Grande-Bretagne impliqu\u00e9e dans le meurtre d&rsquo;un m\u00e9decin de Gaza parrain\u00e9 par son minist\u00e8re des Affaires \u00e9trang\u00e8res &nbsp; \u00a0 Kit Klarenberg \u2013 The GrayZone \u2013 14.11.2023 &nbsp; Traduction\u00a0: c.l. pour L.G.O. de Britain implicated in murder of Gaza doctor sponsored by its Foreign Office \u00a0 &nbsp; &nbsp;&#8230;<\/p>\n","protected":false},"author":1,"featured_media":0,"parent":0,"menu_order":0,"comment_status":"open","ping_status":"open","template":"","meta":[],"_links":{"self":[{"href":"https:\/\/blog.lesgrossesorchadeslesamplesthalameges.fr\/index.php\/wp-json\/wp\/v2\/pages\/24133"}],"collection":[{"href":"https:\/\/blog.lesgrossesorchadeslesamplesthalameges.fr\/index.php\/wp-json\/wp\/v2\/pages"}],"about":[{"href":"https:\/\/blog.lesgrossesorchadeslesamplesthalameges.fr\/index.php\/wp-json\/wp\/v2\/types\/page"}],"author":[{"embeddable":true,"href":"https:\/\/blog.lesgrossesorchadeslesamplesthalameges.fr\/index.php\/wp-json\/wp\/v2\/users\/1"}],"replies":[{"embeddable":true,"href":"https:\/\/blog.lesgrossesorchadeslesamplesthalameges.fr\/index.php\/wp-json\/wp\/v2\/comments?post=24133"}],"version-history":[{"count":8,"href":"https:\/\/blog.lesgrossesorchadeslesamplesthalameges.fr\/index.php\/wp-json\/wp\/v2\/pages\/24133\/revisions"}],"predecessor-version":[{"id":24141,"href":"https:\/\/blog.lesgrossesorchadeslesamplesthalameges.fr\/index.php\/wp-json\/wp\/v2\/pages\/24133\/revisions\/24141"}],"wp:attachment":[{"href":"https:\/\/blog.lesgrossesorchadeslesamplesthalameges.fr\/index.php\/wp-json\/wp\/v2\/media?parent=24133"}],"curies":[{"name":"wp","href":"https:\/\/api.w.org\/{rel}","templated":true}]}}