{"id":2421,"date":"2019-02-10T23:00:21","date_gmt":"2019-02-10T22:00:21","guid":{"rendered":"http:\/\/blog.lesgrossesorchadeslesamplesthalameges.fr\/?page_id=2421"},"modified":"2019-02-10T23:00:21","modified_gmt":"2019-02-10T22:00:21","slug":"lettre-ouverte-a-paul-aron","status":"publish","type":"page","link":"https:\/\/blog.lesgrossesorchadeslesamplesthalameges.fr\/index.php\/lettre-ouverte-a-paul-aron\/","title":{"rendered":"LETTRE OUVERTE \u00c0 PAUL ARON"},"content":{"rendered":"<p>&nbsp;<\/p>\n<p>&nbsp;<\/p>\n<p>&nbsp;<\/p>\n<p>&nbsp;<\/p>\n<p>&nbsp;<\/p>\n<p>&nbsp;<\/p>\n<p style=\"text-align: justify;\"><span style=\"font-family: times new roman, times, serif; font-size: 18pt; color: #c00000;\"><strong><em>Pas de raison qu\u2019il n\u2019y en ait que pour les d\u00e9m\u00eal\u00e9s d\u2019Annie Lacroix-Riz avec la CGT.<\/em><\/strong><\/span><\/p>\n<p style=\"text-align: justify;\"><span style=\"font-family: arial, helvetica, sans-serif; font-size: 18pt; color: #c00000;\"><strong><em><span style=\"font-family: times new roman, times, serif;\">Des \u00ab\u00a0forfaits accomplis comme si de rien n\u2019\u00e9tait\u00a0\u00bb sur le dos d\u2019Anatole Atlas\u00a0? Ils sont fous ces ex-cocos\u00a0!<\/span> <\/em><\/strong><\/span><\/p>\n<p style=\"text-align: justify;\"><span style=\"font-family: arial, helvetica, sans-serif; font-size: 14pt;\"><strong><em>\u00a0<\/em><\/strong><\/span><\/p>\n<p style=\"text-align: justify;\"><span style=\"font-family: arial, helvetica, sans-serif; font-size: 14pt;\"><strong><em>\u00a0<\/em><\/strong><\/span><\/p>\n<p style=\"text-align: justify;\"><span style=\"font-family: arial, helvetica, sans-serif; font-size: 14pt;\"><strong><em><img loading=\"lazy\" class=\"wp-image-2352 aligncenter\" src=\"http:\/\/blog.lesgrossesorchadeslesamplesthalameges.fr\/wp-content\/uploads\/2019\/02\/AUTODAFE-DAUMIER-2-228x300.jpg\" alt=\"\" width=\"500\" height=\"658\" srcset=\"https:\/\/blog.lesgrossesorchadeslesamplesthalameges.fr\/wp-content\/uploads\/2019\/02\/AUTODAFE-DAUMIER-2-228x300.jpg 228w, https:\/\/blog.lesgrossesorchadeslesamplesthalameges.fr\/wp-content\/uploads\/2019\/02\/AUTODAFE-DAUMIER-2-768x1011.jpg 768w, https:\/\/blog.lesgrossesorchadeslesamplesthalameges.fr\/wp-content\/uploads\/2019\/02\/AUTODAFE-DAUMIER-2-778x1024.jpg 778w, https:\/\/blog.lesgrossesorchadeslesamplesthalameges.fr\/wp-content\/uploads\/2019\/02\/AUTODAFE-DAUMIER-2.jpg 912w\" sizes=\"(max-width: 500px) 100vw, 500px\" \/><\/em><\/strong><\/span><\/p>\n<p style=\"text-align: justify;\"><span style=\"font-family: comic sans ms, sans-serif; font-size: 14pt;\"><strong><em>\u00a0<\/em><\/strong><\/span><\/p>\n<p style=\"text-align: justify;\"><span style=\"font-family: comic sans ms, sans-serif; font-size: 14pt;\"><strong><em>\u00a0<\/em><\/strong><\/span><\/p>\n<p style=\"text-align: justify;\"><span style=\"font-family: comic sans ms, sans-serif; font-size: 14pt;\">Bafouille d\u2019un \u00e9crivain belge \u00e0 un ancien chroniqueur du <em>Drapeau Rouge,<\/em> dont la th\u00e8se de doctorat fut jadis consacr\u00e9e \u00e0 \u00a0<em>\u00ab\u00a0La litt\u00e9rature prol\u00e9tarienne en Belgique francophone depuis 1900\u00a0\u00bb, <\/em>et qui s\u2019est reconverti, comme tant d\u2019autres, en \u00e9lagueur d\u2019\u00e9crivains non-conformes.<\/span><\/p>\n<p>&nbsp;<\/p>\n<p>&nbsp;<\/p>\n<p style=\"text-align: center;\"><span style=\"font-family: times new roman, times, serif; font-size: 44pt; color: #c00000;\"><strong><em>Lettre ouverte \u00e0 Paul Aron<\/em><\/strong><\/span><\/p>\n<p>&nbsp;<\/p>\n<p>&nbsp;<\/p>\n<p style=\"text-align: justify;\"><span style=\"font-family: arial, helvetica, sans-serif; font-size: 38pt;\">\u0627\u0644\u0633\u0644\u0627\u0645 \u0639\u0644\u064a\u0643\u0645 \u0648 \u0631\u062d\u0645\u0629 \u0627\u0644\u0644\u0647 \u0648 \u0628\u0631\u0643\u0627\u062a\u0647<\/span><\/p>\n<p style=\"text-align: justify;\"><span style=\"font-family: arial, helvetica, sans-serif; font-size: 18pt;\">Assalamou aleikoum wa rahmatoullah wa barakatou !<\/span><\/p>\n<p>&nbsp;<\/p>\n<p>&nbsp;<\/p>\n<p style=\"text-align: center;\"><img loading=\"lazy\" class=\"alignnone wp-image-2424\" src=\"http:\/\/blog.lesgrossesorchadeslesamplesthalameges.fr\/wp-content\/uploads\/2019\/02\/Paul-Aron-2-1-300x150.jpg\" alt=\"\" width=\"600\" height=\"300\" srcset=\"https:\/\/blog.lesgrossesorchadeslesamplesthalameges.fr\/wp-content\/uploads\/2019\/02\/Paul-Aron-2-1-300x150.jpg 300w, https:\/\/blog.lesgrossesorchadeslesamplesthalameges.fr\/wp-content\/uploads\/2019\/02\/Paul-Aron-2-1-768x384.jpg 768w, https:\/\/blog.lesgrossesorchadeslesamplesthalameges.fr\/wp-content\/uploads\/2019\/02\/Paul-Aron-2-1.jpg 800w\" sizes=\"(max-width: 600px) 100vw, 600px\" \/><\/p>\n<p style=\"text-align: center;\"><span style=\"font-family: arial, helvetica, sans-serif; font-size: 14pt;\"><a href=\"https:\/\/fr.wikipedia.org\/wiki\/Paul_Aron\"><strong><em><span style=\"font-family: times new roman, times, serif;\">Le professeur Paul Aron<\/span><\/em><\/strong><\/a><span style=\"font-family: times new roman, times, serif;\"><strong><em> (premier \u00e0 gauche) lors de la conf\u00e9rence \u00e0 l&rsquo;Universit\u00e9 Jagellonne de Cracovie (c) D\u00e9l\u00e9gation g\u00e9n\u00e9rale Wallonie-Bruxelles \u00e0 Varsovie<\/em><\/strong><\/span><\/span><\/p>\n<p>&nbsp;<\/p>\n<p>&nbsp;<\/p>\n<p style=\"text-align: justify;\"><span style=\"font-family: arial, helvetica, sans-serif; font-size: 14pt;\">C&rsquo;est en ta compagnie, Paul, qu&rsquo;en septembre 1990, \u00e0 une table de la caf\u00e9t\u00e9ria de l&rsquo;ULB, mon auteur d\u00e9couvrait l&rsquo;article consacr\u00e9 par Hector Bianciotti \u00e0 son premier roman, publi\u00e9 aux \u00e9ditions Messidor&#8230;<\/span><\/p>\n<p style=\"text-align: justify;\"><span style=\"font-family: arial, helvetica, sans-serif; font-size: 14pt;\">\u00ab\u00a0<em>Lippert, \u00e9crivain hors-la-loi<\/em>\u00a0\u00bb titrait le suppl\u00e9ment litt\u00e9raire du <em>Monde<\/em>. Mots qu&rsquo;aussit\u00f4t tu traduisis en chiffres : \u00ab\u00a0Mille exemplaires vendus\u00a0\u00bb, certifias-tu \u00e0 mon auteur. Il me r\u00e9v\u00e9la plus tard (au cours de l&rsquo;un de ces colloques singuliers entre un cr\u00e9ateur et sa cr\u00e9ature de fiction) avoir \u00e9t\u00e9 interloqu\u00e9 par une si prompte herm\u00e9neutique&#8230;<\/span><\/p>\n<p style=\"text-align: justify;\"><span style=\"font-family: arial, helvetica, sans-serif; font-size: 14pt;\">Le regrett\u00e9 Raymond Trousson, titulaire de la chaire de litt\u00e9rature belge, dont tu \u00e9tais alors l&rsquo;assistant, venait de confier \u00e0 ta lecture <em>Pleine lune sur l&rsquo;existence du jeune bougre<\/em>\u00a0: \u00ab\u00a0un livre pour toi\u00a0\u00bb t&rsquo;avait-il dit, comme tu l&rsquo;avouas \u00e0 mon auteur ce jour-l\u00e0&#8230;<\/span><\/p>\n<p style=\"text-align: justify;\"><span style=\"font-family: arial, helvetica, sans-serif; font-size: 14pt;\">Pr\u00e8s de trois d\u00e9cennies plus tard est paru l&rsquo;ultime volume de cette heptologie romanesque : <em>AJIACO<\/em>. Ayant succ\u00e9d\u00e9 \u00e0 Raymond Trousson, tu es \u00e0 pr\u00e9sent un notable influent. \u00c0 ce titre, tu si\u00e8ges \u00e0 une place d&rsquo;honneur de la Commission qui vient de d\u00e9cr\u00e9ter l&rsquo;inexistence de la <em>M\u00e9lop\u00e9e d&rsquo;Anatole Atlas a\u00e8de, athl\u00e8te, anachor\u00e8te&#8230;<\/em><\/span><\/p>\n<p style=\"text-align: justify;\"><span style=\"font-family: arial, helvetica, sans-serif; font-size: 14pt;\">Voici trente ans, lorsque tu chroniquais mes brochures clandestines dans <em>Le Drapeau rouge<\/em>, tu n&rsquo;ignorais d\u00e9j\u00e0 pas l&rsquo;ABC enseign\u00e9 par tout professeur \u00e0 ses \u00e9tudiants, qui interdit de confondre un auteur et la voix de son personnage, f\u00fbt-il narrateur de la fable. Son oeuvre \u00e9tant fond\u00e9e sur une polyphonie, tu as jug\u00e9 bon de sanctionner un \u00e9crivain pour le crime des extases verbales imputables \u00e0 ses multiples voix int\u00e9rieures. Dont la mienne &#8211; comme tu le sais depuis longtemps &#8211; n&rsquo;est pas la moins v\u00e9h\u00e9mente et peut-\u00eatre quelque peu d\u00e9rangeante&#8230;<\/span><\/p>\n<p style=\"text-align: justify;\"><span style=\"font-family: arial, helvetica, sans-serif; font-size: 14pt;\">Aussi je juge bon d&rsquo;assumer l&rsquo;enti\u00e8re culpabilit\u00e9 de ce crime et, me faisant l&rsquo;avocat de cet auteur injustement puni, d&rsquo;introduire un appel de ce jugement devant le tribunal de la post\u00e9rit\u00e9. Celui-ci pourrait d&rsquo;ailleurs se r\u00e9unir plus vite qu&rsquo;\u00e0 l&rsquo;ordinaire, s&rsquo;il se v\u00e9rifiait que les membres de la commission des Lettres n&rsquo;ont jamais eu sous les yeux le livre litigieux ! Ce serait le plus important scandale survenu dans les petits c\u00e9nacles de la litt\u00e9rature belge, depuis qu&rsquo;un m\u00eame genre de jury n&rsquo;attribua pas son prix \u00e0 l&rsquo;<em>Ulenspiegel<\/em> du devancier de mon auteur Charles De Coster, mais \u00e0 un bien nomm\u00e9 Potvin&#8230;<\/span><\/p>\n<p>&nbsp;<\/p>\n<p>&nbsp;<\/p>\n<p style=\"text-align: center;\"><img loading=\"lazy\" class=\"alignnone wp-image-2425\" src=\"http:\/\/blog.lesgrossesorchadeslesamplesthalameges.fr\/wp-content\/uploads\/2019\/02\/AJIACO-224x300.jpg\" alt=\"\" width=\"250\" height=\"336\" srcset=\"https:\/\/blog.lesgrossesorchadeslesamplesthalameges.fr\/wp-content\/uploads\/2019\/02\/AJIACO-224x300.jpg 224w, https:\/\/blog.lesgrossesorchadeslesamplesthalameges.fr\/wp-content\/uploads\/2019\/02\/AJIACO.jpg 269w\" sizes=\"(max-width: 250px) 100vw, 250px\" \/><\/p>\n<p>&nbsp;<\/p>\n<p>&nbsp;<\/p>\n<p style=\"text-align: justify;\"><span style=\"font-family: arial, helvetica, sans-serif; font-size: 14pt;\">(Comme pi\u00e8ce essentielle pour \u00e9clairer ce dossier, je pr\u00e9senterai bien s\u00fbr le r\u00e9cent article de V\u00e9ronique Bergen consacr\u00e9 \u00e0 ce livre, paru dans les colonnes du <em>Carnet &amp; Les Instants<\/em> :\u00a0\u00ab <em>L&rsquo;Odyss\u00e9e po\u00e9tico-politique de Jean-Louis Lippert<\/em>\u00a0\u00bb)&#8230;<\/span><\/p>\n<p style=\"text-align: justify;\"><span style=\"font-family: arial, helvetica, sans-serif; font-size: 14pt;\">Cette anecdote, s&rsquo;il \u00e9tait encore \u00e0 l&rsquo;universit\u00e9 des intellectuels honn\u00eates ainsi que le fut Raymond Trousson, serait analys\u00e9e par ceux-ci comme un inqui\u00e9tant sympt\u00f4me. Tandis qu&rsquo;en France, la pyramide mat\u00e9rielle est en \u00e9bullition (col\u00e8re dans la rue, d\u00e9bats publics, inqui\u00e9tude au plus haut niveau de l&rsquo;\u00c9tat), la pyramide que j&rsquo;appelle id\u00e9elle voyant maints penseurs, artistes, \u00e9crivains cautionner une si rare mise en question collective, qu&rsquo;en est-il en Belgique ?&#8230;<\/span><\/p>\n<p style=\"text-align: justify;\"><span style=\"font-family: arial, helvetica, sans-serif; font-size: 14pt;\">Une oeuvre litt\u00e9raire d\u00e9signait depuis quarante ans l&rsquo;\u00e9poque actuelle comme <strong><em>convulsive<\/em><\/strong>. Tu es l&rsquo;un des mieux plac\u00e9s pour le savoir. Et voici l&rsquo;aboutissement romanesque d&rsquo;une telle cr\u00e9ation comparaissant devant un comit\u00e9 minist\u00e9riel charg\u00e9 de statuer sur l&rsquo;achat de livres par les biblioth\u00e8ques de la communaut\u00e9 francophone de Belgique, mais aussi de certains d\u00e9partements universitaires \u00e0 l&rsquo;\u00e9tranger, se faire occire par tes soins. Son th\u00e8me (l&rsquo;assassinat de l&rsquo;instance a\u00e9dique, condition du d\u00e9ploiement de la <em>Kulturindustrie<\/em>) est \u00e9nonc\u00e9 d\u00e8s la premi\u00e8re phrase de la 4e de couverture : <em>Un spectre hante la litt\u00e9rature, le spectre de l&rsquo;a\u00e8de<\/em>&#8230;<\/span><\/p>\n<p style=\"text-align: justify;\"><span style=\"font-family: arial, helvetica, sans-serif; font-size: 14pt;\">Il semble que toute la production belge de l&rsquo;ann\u00e9e \u00e9coul\u00e9e ait re\u00e7u le <em>nihil obstat<\/em>, sauf celle-ci. Mon cher Paul, te serait-il venu la lubie d&rsquo;\u00eatre la ris\u00e9e d&rsquo;un quelconque Aron officiant \u00e0 ton poste dans cent ans, ainsi que de ses \u00e9tudiants, tu ne t&rsquo;y serais pas pris autrement&#8230;<\/span><\/p>\n<p style=\"text-align: justify;\"><span style=\"font-family: arial, helvetica, sans-serif; font-size: 14pt;\">\u00ab\u00a0<em>Ferme ta gueule !<\/em>\u00a0\u00bb disent en somme les officiels de la culture \u00e0 l&rsquo;a\u00e8de, coupable d&rsquo;opposer aux c\u00e9cit\u00e9s programm\u00e9es la tentative d&rsquo;une vision globale. Il en va de m\u00eame dans Ast\u00e9rix, o\u00f9 toutes les r\u00e9gions de la Gaule sont soumises \u00e0 l&rsquo;Empire, sauf une. Et c&rsquo;est pr\u00e9cis\u00e9ment pour cette raison qu&rsquo;il y a une histoire int\u00e9ressante \u00e0 raconter. Voudrais-tu pousser la parodie jusqu&rsquo;\u00e0 conclure notre histoire commune \u00e0 l&rsquo;imitation de cet exemple, sur l&rsquo;image d&rsquo;un banquet dont le barde est l&rsquo;unique exclu\u00a0?&#8230;<\/span><\/p>\n<p style=\"text-align: justify;\"><span style=\"font-family: arial, helvetica, sans-serif; font-size: 14pt;\">Les obscurs comitards fauteurs de cette condamnation, devant sans doute leurs si\u00e8ges \u00e0 une prudente ob\u00e9issance, escomptaient-ils que ce ridicule forfait s&rsquo;accompl\u00eet <em>comme si de rien n&rsquo;\u00e9tait<\/em> ?&#8230;<\/span><\/p>\n<p style=\"text-align: justify;\"><span style=\"font-family: arial, helvetica, sans-serif; font-size: 14pt;\">Ce ne sera pas le cas pour la post\u00e9rit\u00e9.<\/span><\/p>\n<p style=\"text-align: justify;\"><span style=\"font-family: arial, helvetica, sans-serif; font-size: 14pt;\">Laquelle s&rsquo;associe \u00e0 moi pour souhaiter \u00e0 ton \u00e2me : <em>Baraka allahou fik<\/em> !<\/span><\/p>\n<p style=\"text-align: justify;\"><span style=\"font-family: arial, helvetica, sans-serif; font-size: 14pt;\">Anatole Atlas.<\/span><\/p>\n<p style=\"text-align: justify;\"><span style=\"font-family: arial, helvetica, sans-serif; font-size: 14pt;\"><a href=\"http:\/\/www.spherisme.be\">www.spherisme.be<\/a><\/span><\/p>\n<p>&nbsp;<\/p>\n<p style=\"text-align: left;\"><span style=\"font-family: arial, helvetica, sans-serif; font-size: 14pt;\">Sur le livre en question, voir ici\u00a0: <a href=\"http:\/\/blog.lesgrossesorchadeslesamplesthalameges.fr\/index.php\/2018\/11\/07\/ajiaco\/\">http:\/\/blog.lesgrossesorchadeslesamplesthalameges.fr\/index.php\/2018\/11\/07\/ajiaco\/<\/a><\/span><\/p>\n<p>&nbsp;<\/p>\n<p>&nbsp;<\/p>\n<p style=\"text-align: center;\"><img loading=\"lazy\" class=\"alignnone wp-image-2426\" src=\"http:\/\/blog.lesgrossesorchadeslesamplesthalameges.fr\/wp-content\/uploads\/2019\/02\/Epouvantail-\u00e0-moinos-GIF-211x300.gif\" alt=\"\" width=\"400\" height=\"569\" \/><\/p>\n<p>&nbsp;<\/p>\n<p>&nbsp;<\/p>\n<p>&nbsp;<\/p>\n<p style=\"text-align: right;\"><span style=\"font-family: comic sans ms, sans-serif; font-size: 14pt;\">10 f\u00e9vrier 2019<\/span><\/p>\n<p>&nbsp;<\/p>\n<p>&nbsp;<\/p>\n<p>&nbsp;<\/p>\n","protected":false},"excerpt":{"rendered":"<p>&nbsp; &nbsp; &nbsp; &nbsp; &nbsp; &nbsp; Pas de raison qu\u2019il n\u2019y en ait que pour les d\u00e9m\u00eal\u00e9s d\u2019Annie Lacroix-Riz avec la CGT. Des \u00ab\u00a0forfaits accomplis comme si de rien n\u2019\u00e9tait\u00a0\u00bb sur le dos d\u2019Anatole Atlas\u00a0? Ils sont fous ces ex-cocos\u00a0! \u00a0 \u00a0 \u00a0 \u00a0 Bafouille d\u2019un \u00e9crivain belge \u00e0 un ancien chroniqueur du Drapeau Rouge,&#8230;<\/p>\n","protected":false},"author":1,"featured_media":0,"parent":0,"menu_order":0,"comment_status":"open","ping_status":"open","template":"","meta":[],"_links":{"self":[{"href":"https:\/\/blog.lesgrossesorchadeslesamplesthalameges.fr\/index.php\/wp-json\/wp\/v2\/pages\/2421"}],"collection":[{"href":"https:\/\/blog.lesgrossesorchadeslesamplesthalameges.fr\/index.php\/wp-json\/wp\/v2\/pages"}],"about":[{"href":"https:\/\/blog.lesgrossesorchadeslesamplesthalameges.fr\/index.php\/wp-json\/wp\/v2\/types\/page"}],"author":[{"embeddable":true,"href":"https:\/\/blog.lesgrossesorchadeslesamplesthalameges.fr\/index.php\/wp-json\/wp\/v2\/users\/1"}],"replies":[{"embeddable":true,"href":"https:\/\/blog.lesgrossesorchadeslesamplesthalameges.fr\/index.php\/wp-json\/wp\/v2\/comments?post=2421"}],"version-history":[{"count":0,"href":"https:\/\/blog.lesgrossesorchadeslesamplesthalameges.fr\/index.php\/wp-json\/wp\/v2\/pages\/2421\/revisions"}],"wp:attachment":[{"href":"https:\/\/blog.lesgrossesorchadeslesamplesthalameges.fr\/index.php\/wp-json\/wp\/v2\/media?parent=2421"}],"curies":[{"name":"wp","href":"https:\/\/api.w.org\/{rel}","templated":true}]}}