{"id":24393,"date":"2025-02-02T12:20:16","date_gmt":"2025-02-02T11:20:16","guid":{"rendered":"http:\/\/blog.lesgrossesorchadeslesamplesthalameges.fr\/?page_id=24393"},"modified":"2025-02-02T16:38:21","modified_gmt":"2025-02-02T15:38:21","slug":"louest-sauvage-de-loccident","status":"publish","type":"page","link":"https:\/\/blog.lesgrossesorchadeslesamplesthalameges.fr\/index.php\/louest-sauvage-de-loccident\/","title":{"rendered":"L&rsquo;Ouest sauvage de l&rsquo;Occident"},"content":{"rendered":"<p>&nbsp;<\/p>\n<p>&nbsp;<\/p>\n<p>&nbsp;<\/p>\n<p>&nbsp;<\/p>\n<p>&nbsp;<\/p>\n<p>&nbsp;<\/p>\n<p>&nbsp;<\/p>\n<p>&nbsp;<\/p>\n<p style=\"text-align: center;\"><a href=\"http:\/\/blog.lesgrossesorchadeslesamplesthalameges.fr\/index.php\/2025\/02\/01\/une-journee-historique\/6-logo-jean-pierre\/\" rel=\"attachment wp-att-24355\"><img loading=\"lazy\" class=\"alignnone size-full wp-image-24355\" src=\"http:\/\/blog.lesgrossesorchadeslesamplesthalameges.fr\/wp-content\/uploads\/2025\/02\/6.-Logo-Jean-Pierre.png\" alt=\"\" width=\"150\" height=\"87\" \/><\/a><\/p>\n<p style=\"text-align: center;\"><span style=\"font-family: times new roman, times, serif; font-size: 14pt;\"><a href=\"https:\/\/www.palestine-solidarite.fr\/\">Palestine Solidarit\u00e9<\/a><\/span><\/p>\n<p style=\"text-align: center;\"><span style=\"font-family: times new roman, times, serif; font-size: 14pt;\">Informer n&rsquo;est pas une libert\u00e9 mais un devoir<\/span><\/p>\n<p>&nbsp;<\/p>\n<p>&nbsp;<\/p>\n<p style=\"text-align: center;\"><span style=\"font-family: times new roman, times, serif; font-size: 14pt;\"><a href=\"https:\/\/www.palestine-solidarite.fr\/2025\/01\/25\/louest-sauvage-de-loccident\/\"><strong><span style=\"font-size: 36pt;\">L\u2019Ouest Sauvage de l\u2019Occident<\/span> <\/strong><\/a><\/span><\/p>\n<p style=\"text-align: center;\"><span style=\"font-family: times new roman, times, serif; font-size: 14pt;\"><strong>\u00a0<\/strong><\/span><\/p>\n<p style=\"text-align: center;\"><span style=\"font-family: times new roman, times, serif; font-size: 18pt;\"><strong>Manlio Dinucci \u2013 25.1.2025<\/strong><\/span><\/p>\n<p style=\"text-align: center;\"><span style=\"font-family: times new roman, times, serif; font-size: 18pt;\">Traduction\u00a0:<strong> Marie-Ange Patrizio<\/strong><\/span><\/p>\n<p style=\"text-align: justify;\"><span style=\"font-family: times new roman, times, serif; font-size: 18pt;\"><strong>\u00a0<\/strong><\/span><\/p>\n<p>&nbsp;<\/p>\n<p style=\"text-align: center;\"><span style=\"font-family: times new roman, times, serif; font-size: 14pt;\"><strong>\u00a0<a href=\"http:\/\/blog.lesgrossesorchadeslesamplesthalameges.fr\/index.php\/2025\/02\/01\/une-journee-historique\/8-dinucci\/\" rel=\"attachment wp-att-24360\"><img loading=\"lazy\" class=\"alignnone wp-image-24360 size-full\" src=\"http:\/\/blog.lesgrossesorchadeslesamplesthalameges.fr\/wp-content\/uploads\/2025\/02\/8-Dinucci.jpg\" alt=\"\" width=\"600\" height=\"338\" srcset=\"https:\/\/blog.lesgrossesorchadeslesamplesthalameges.fr\/wp-content\/uploads\/2025\/02\/8-Dinucci.jpg 600w, https:\/\/blog.lesgrossesorchadeslesamplesthalameges.fr\/wp-content\/uploads\/2025\/02\/8-Dinucci-300x169.jpg 300w\" sizes=\"(max-width: 600px) 100vw, 600px\" \/><\/a><\/strong><\/span><\/p>\n<p>&nbsp;<\/p>\n<p>&nbsp;<\/p>\n<p style=\"text-align: justify;\"><span style=\"font-family: times new roman, times, serif; font-size: 14pt;\">Avec les paroles suivantes, en synth\u00e8se, le Pr\u00e9sident Trump a caract\u00e9ris\u00e9 son Administration dans le Discours inaugural du 20 janvier (dont nous conseillons la lecture de la transcription int\u00e9grale sur le site de la Maison Blanche) :<\/span><\/p>\n<p>&nbsp;<\/p>\n<p style=\"text-align: justify; padding-left: 40px;\"><span style=\"font-family: times new roman, times, serif; font-size: 14pt;\">\u00ab\u00a0Les Am\u00e9ricains ont conquis l\u2019Ouest Sauvage, ils on mis fin \u00e0 l\u2019esclavage, ils ont sauv\u00e9 des millions de personnes de la tyrannie, ils ont enlev\u00e9 des milliards de personnes de la pauvret\u00e9, ils ont divis\u00e9 l\u2019atome, ils ont lanc\u00e9 l\u2019humanit\u00e9 dans les cieux. Il n\u2019y a rien que nous ne puissions faire et aucun r\u00eave que nous ne puissions r\u00e9aliser. L\u2019ambition est la lymphe vitale d\u2019une grande nation, et, en ce moment, notre nation est plus ambitieuse que n\u2019importe quelle autre. Il n\u2019existe pas de nation comme la notre. L\u2019Am\u00e9rique r\u00e9clamera la place qui lui revient comme nation la plus grande, la plus puissante et la plus respect\u00e9e du monde, inspirant soumission et admiration dans le monde entier. Je commencerai imm\u00e9diatement la r\u00e9vision de notre syst\u00e8me commercial pour prot\u00e9ger les travailleurs et les familles am\u00e9ricaines. Au lieu de taxer nos citoyens pour enrichir d\u2019autres pays, nous taxerons les pays \u00e9trangers pour enrichir nos citoyens. Nous construirons de nouveau l\u2019arm\u00e9e la plus forte que le monde ait jamais vue. Nous mesurerons notre succ\u00e8s non seulement sur la base des batailles que nous gagnerons, mais aussi sur la base des guerres auxquelles nous mettrons fin, chose peut-\u00eatre plus importante, sur la base des guerres dans lesquelles nous n\u2019entrerons jamais. Je veux \u00eatre un b\u00e2tisseur de paix et un unificateur.\u00a0\u00bb<\/span><\/p>\n<p>&nbsp;<\/p>\n<p style=\"text-align: justify;\"><span style=\"font-family: times new roman, times, serif; font-size: 14pt;\">Marco Rubio, le nouveau secr\u00e9taire d\u2019Etat, a d\u00e9clar\u00e9 que :<br \/>\n<\/span><\/p>\n<p>&nbsp;<\/p>\n<p style=\"text-align: justify; padding-left: 40px;\"><span style=\"font-family: times new roman, times, serif; font-size: 14pt;\">\u00a0\u00ab\u00a0les \u00c9tats-Unis resteront engag\u00e9s \u00e0 l\u2019\u00e9gard d\u2019alli\u00e9s fondamentaux comme Isra\u00ebl et Ta\u00efwan, en adoptant une approche dure \u00e0 l\u2019\u00e9gard de l\u2019Iran, en poursuivant une strat\u00e9gie plus agressive pour s\u2019opposer \u00e0 la Chine, mais en adoptant en m\u00eame temps une approche plus r\u00e9aliste pour affronter la guerre en Ukraine\u00a0\u00bb.\u00a0<\/span><\/p>\n<p>&nbsp;<\/p>\n<p style=\"text-align: justify;\"><span style=\"font-family: times new roman, times, serif; font-size: 14pt;\">Ceci est confirm\u00e9 par le fait que, au moment m\u00eame o\u00f9 les colons isra\u00e9liens attaquaient les habitants palestiniens de J\u00e9nine en Cisjordanie, le pr\u00e9sident Trump a \u00ab\u00a0lev\u00e9 les sanctions \u00e9tasuniennes sur les colons isra\u00e9liens de la Cisjordanie\u00a0\u00bb.<\/span><\/p>\n<p style=\"text-align: justify;\"><span style=\"font-family: times new roman, times, serif; font-size: 14pt;\">Contemporainement, l\u2019Administration Trump a lanc\u00e9 les contacts avec Moscou dans le but, confirm\u00e9 par Rubio, d\u2019\u00ab atteindre un cessez-le-feu entre Russie et Ukraine, pr\u00e9voyant que les deux parties devront faire des concessions \u00bb. Rubio a exprim\u00e9 son soutien \u00e0 l\u2019OTAN, en la d\u00e9finissant comme \u00ab Alliance d\u00e9fensive \u00bb, mais a r\u00e9affirm\u00e9 la requ\u00eate de Trump que \u00ab l\u2019Europe doit assumer une plus grande responsabilit\u00e9 financi\u00e8re \u00bb.<\/span><\/p>\n<p style=\"text-align: justify;\"><span style=\"font-family: times new roman, times, serif; font-size: 14pt;\">Significatives sont les premi\u00e8res r\u00e9ponses des Alli\u00e9s. Le pr\u00e9sident fran\u00e7ais Macron a dit que \u00ab la guerre en Ukraine ne finira ni demain ni apr\u00e8s-demain \u00bb et a \u00a0\u00ab demand\u00e9 aux Forces Arm\u00e9es de pr\u00e9senter des propositions sur comment mobiliser un plus grand nombre de jeunes volontaires pour soutenir les Forces Arm\u00e9es en cas de n\u00e9cessit\u00e9 \u00bb. Le ministre allemand de la D\u00e9fense, Pistorius, a d\u00e9clar\u00e9 que \u00ab l\u2019Allemagne pourrait envoyer des troupes dans une future zone tampon entre Ukraine et Russie, et qu\u2019elle pourrait destiner \u00e0 la D\u00e9fense 3% du PIB \u00bb.<\/span><\/p>\n<p style=\"text-align: justify;\"><span style=\"font-family: times new roman, times, serif; font-size: 14pt;\">Bref r\u00e9sum\u00e9 de la revue de presse internationale Grandangolo de vendredi 24 janvier 2025 sur la cha\u00eene TV Byoblu.<\/span><br \/>\n<span style=\"font-family: times new roman, times, serif; font-size: 14pt;\"><a href=\"https:\/\/www.byoblu.com\/2025\/01\/24\/il-selvaggio-west-delloccidente-grandangolo\">https:\/\/www.byoblu.com\/2025\/01\/24\/il-selvaggio-west-delloccidente-grandangolo<\/a><\/span><\/p>\n<p style=\"text-align: justify;\"><span style=\"font-family: times new roman, times, serif; font-size: 14pt;\">Source : <a href=\"https:\/\/www.palestine-solidarite.fr\/2025\/01\/25\/louest-sauvage-de-loccident\/\">https:\/\/www.palestine-solidarite.fr\/2025\/01\/25\/louest-sauvage-de-loccident\/<\/a><\/span><\/p>\n<p style=\"text-align: left;\"><span style=\"font-family: times new roman, times, serif; font-size: 14pt;\">URL de cet article :\u00a0 <a href=\"http:\/\/blog.lesgrossesorchadeslesamplesthalameges.fr\/index.php\/louest-sauvage-de-loccident\/\">http:\/\/blog.lesgrossesorchadeslesamplesthalameges.fr\/index.php\/louest-sauvage-de-loccident\/<\/a><br \/>\n<\/span><\/p>\n<p>&nbsp;<\/p>\n<p style=\"text-align: center;\"><a href=\"http:\/\/blog.lesgrossesorchadeslesamplesthalameges.fr\/index.php\/2025\/02\/01\/une-journee-historique\/000-russep-x-53\/\" rel=\"attachment wp-att-24354\"><img loading=\"lazy\" class=\"alignnone size-full wp-image-24354\" src=\"http:\/\/blog.lesgrossesorchadeslesamplesthalameges.fr\/wp-content\/uploads\/2025\/02\/000.-russep-x-1.gif\" alt=\"\" width=\"50\" height=\"50\" \/><\/a><\/p>\n<p>&nbsp;<\/p>\n<p style=\"text-align: right;\"><span style=\"font-family: comic sans ms, sans-serif; font-size: 14pt;\">Janvier 2025<\/span><\/p>\n","protected":false},"excerpt":{"rendered":"<p>&nbsp; &nbsp; &nbsp; &nbsp; &nbsp; &nbsp; &nbsp; &nbsp; Palestine Solidarit\u00e9 Informer n&rsquo;est pas une libert\u00e9 mais un devoir &nbsp; &nbsp; L\u2019Ouest Sauvage de l\u2019Occident \u00a0 Manlio Dinucci \u2013 25.1.2025 Traduction\u00a0: Marie-Ange Patrizio \u00a0 &nbsp; \u00a0 &nbsp; &nbsp; Avec les paroles suivantes, en synth\u00e8se, le Pr\u00e9sident Trump a caract\u00e9ris\u00e9 son Administration dans le Discours inaugural du&#8230;<\/p>\n","protected":false},"author":1,"featured_media":0,"parent":0,"menu_order":0,"comment_status":"open","ping_status":"open","template":"","meta":[],"_links":{"self":[{"href":"https:\/\/blog.lesgrossesorchadeslesamplesthalameges.fr\/index.php\/wp-json\/wp\/v2\/pages\/24393"}],"collection":[{"href":"https:\/\/blog.lesgrossesorchadeslesamplesthalameges.fr\/index.php\/wp-json\/wp\/v2\/pages"}],"about":[{"href":"https:\/\/blog.lesgrossesorchadeslesamplesthalameges.fr\/index.php\/wp-json\/wp\/v2\/types\/page"}],"author":[{"embeddable":true,"href":"https:\/\/blog.lesgrossesorchadeslesamplesthalameges.fr\/index.php\/wp-json\/wp\/v2\/users\/1"}],"replies":[{"embeddable":true,"href":"https:\/\/blog.lesgrossesorchadeslesamplesthalameges.fr\/index.php\/wp-json\/wp\/v2\/comments?post=24393"}],"version-history":[{"count":6,"href":"https:\/\/blog.lesgrossesorchadeslesamplesthalameges.fr\/index.php\/wp-json\/wp\/v2\/pages\/24393\/revisions"}],"predecessor-version":[{"id":24399,"href":"https:\/\/blog.lesgrossesorchadeslesamplesthalameges.fr\/index.php\/wp-json\/wp\/v2\/pages\/24393\/revisions\/24399"}],"wp:attachment":[{"href":"https:\/\/blog.lesgrossesorchadeslesamplesthalameges.fr\/index.php\/wp-json\/wp\/v2\/media?parent=24393"}],"curies":[{"name":"wp","href":"https:\/\/api.w.org\/{rel}","templated":true}]}}