{"id":24403,"date":"2025-02-02T13:26:26","date_gmt":"2025-02-02T12:26:26","guid":{"rendered":"http:\/\/blog.lesgrossesorchadeslesamplesthalameges.fr\/?page_id=24403"},"modified":"2025-02-02T16:41:39","modified_gmt":"2025-02-02T15:41:39","slug":"a-la-veille-de-linvestiture-de-trump-liran-et-la-russie-concluent-un-accord-historique","status":"publish","type":"page","link":"https:\/\/blog.lesgrossesorchadeslesamplesthalameges.fr\/index.php\/a-la-veille-de-linvestiture-de-trump-liran-et-la-russie-concluent-un-accord-historique\/","title":{"rendered":"\u00c0 la veille de  (l&rsquo;investiture de) Trump, l&rsquo;Iran et la Russie concluent un accord historique"},"content":{"rendered":"<p><strong>\u00a0<\/strong><\/p>\n<p>&nbsp;<\/p>\n<p>&nbsp;<\/p>\n<p>&nbsp;<\/p>\n<p>&nbsp;<\/p>\n<p>&nbsp;<\/p>\n<p>&nbsp;<\/p>\n<p>&nbsp;<\/p>\n<p style=\"text-align: center;\"><span style=\"font-family: times new roman, times, serif; font-size: 36pt;\"><strong>\u00c0 la veille de <\/strong><\/span><\/p>\n<p style=\"text-align: center;\"><span style=\"font-family: times new roman, times, serif; font-size: 36pt;\"><strong>(l&rsquo;investiture de) Trump, l&rsquo;Iran et la Russie concluent un accord historique<\/strong><\/span><\/p>\n<p>&nbsp;<\/p>\n<p>&nbsp;<\/p>\n<p style=\"text-align: justify;\"><span style=\"font-family: times new roman, times, serif; font-size: 16pt;\">Dans un accord de partenariat strat\u00e9gique d\u00e9taill\u00e9 sign\u00e9 la semaine derni\u00e8re \u00e0 Moscou, les puissances eurasiennes que sont la Russie et l&rsquo;Iran ont lanc\u00e9 un d\u00e9fi \u00e0 l&rsquo;ordre mondial dirig\u00e9 par les \u00c9tats-Unis et ont mis en garde le nouveau pr\u00e9sident.<\/span><\/p>\n<p>&nbsp;<\/p>\n<p>&nbsp;<\/p>\n<p style=\"padding-left: 120px;\"><a href=\"http:\/\/blog.lesgrossesorchadeslesamplesthalameges.fr\/index.php\/2025\/02\/01\/une-journee-historique\/9-escobar\/\" rel=\"attachment wp-att-24362\">\u00a0<img loading=\"lazy\" class=\"alignnone wp-image-24362\" src=\"http:\/\/blog.lesgrossesorchadeslesamplesthalameges.fr\/wp-content\/uploads\/2025\/02\/9.-ESCOBAR.jpg\" alt=\"\" width=\"100\" height=\"100\" srcset=\"https:\/\/blog.lesgrossesorchadeslesamplesthalameges.fr\/wp-content\/uploads\/2025\/02\/9.-ESCOBAR.jpg 200w, https:\/\/blog.lesgrossesorchadeslesamplesthalameges.fr\/wp-content\/uploads\/2025\/02\/9.-ESCOBAR-150x150.jpg 150w\" sizes=\"(max-width: 100px) 100vw, 100px\" \/><\/a><\/p>\n<p style=\"text-align: center;\"><span style=\"font-family: times new roman, times, serif; font-size: 14pt;\"><strong>\u00a0 <\/strong><span style=\"font-size: 18pt;\"><a href=\"https:\/\/thecradle.co\/authors\/pepe-escobar\"><strong>Pepe Escobar<\/strong><\/a><strong> \u2013 <\/strong><a href=\"https:\/\/thecradle.co\/articles\/on-the-eve-of-trump-iran-and-russia-launch-historical-deal\"><strong><em>The Cradle<\/em><\/strong><\/a><strong> \u2013 20.1.2025<\/strong><\/span><\/span><\/p>\n<p style=\"text-align: center;\"><span style=\"font-family: times new roman, times, serif; font-size: 18pt;\">Traduction :<strong> c.l. <\/strong>pour<strong> <em>L.G.O.<\/em><\/strong><\/span><\/p>\n<p>&nbsp;<\/p>\n<p>&nbsp;<\/p>\n<p>&nbsp;<\/p>\n<p style=\"text-align: center;\"><a href=\"http:\/\/blog.lesgrossesorchadeslesamplesthalameges.fr\/index.php\/2025\/02\/01\/une-journee-historique\/10-on-the-eve-of-trump-jpg\/\" rel=\"attachment wp-att-24363\"><img loading=\"lazy\" class=\"alignnone wp-image-24363 size-full\" src=\"http:\/\/blog.lesgrossesorchadeslesamplesthalameges.fr\/wp-content\/uploads\/2025\/02\/10.-ON-THE-EVE-OF-TRUMP.-jpg.jpg\" alt=\"\" width=\"750\" height=\"354\" srcset=\"https:\/\/blog.lesgrossesorchadeslesamplesthalameges.fr\/wp-content\/uploads\/2025\/02\/10.-ON-THE-EVE-OF-TRUMP.-jpg.jpg 750w, https:\/\/blog.lesgrossesorchadeslesamplesthalameges.fr\/wp-content\/uploads\/2025\/02\/10.-ON-THE-EVE-OF-TRUMP.-jpg-300x142.jpg 300w\" sizes=\"(max-width: 750px) 100vw, 750px\" \/><\/a><\/p>\n<p>&nbsp;<\/p>\n<p>&nbsp;<\/p>\n<p>&nbsp;<\/p>\n<p style=\"text-align: justify;\"><span style=\"font-family: times new roman, times, serif; font-size: 14pt;\">En g\u00e9opolitique, tout est question de timing. Vendredi dernier \u00e0 Moscou, trois jours seulement avant l&rsquo;investiture du pr\u00e9sident am\u00e9ricain Donald Trump \u00e0 Washington, les principaux dirigeants des membres des BRICS, le pr\u00e9sident russe Vladimir Poutine et le pr\u00e9sident iranien Masoud Pezeshkian, ont sign\u00e9 un accord de partenariat strat\u00e9gique global, d\u00e9taill\u00e9 en 47 articles, soit deux fois plus que dans le r\u00e9cent accord entre la Russie et la Cor\u00e9e du Nord.\u00a0<\/span><\/p>\n<p style=\"text-align: justify;\"><span style=\"font-family: times new roman, times, serif; font-size: 14pt;\">Ce partenariat strat\u00e9gique est d\u00e9sormais grav\u00e9 dans le marbre alors que la dette colossale &#8211; impayable &#8211; du gouvernement am\u00e9ricain atteint le montant sans pr\u00e9c\u00e9dent de 36.100 milliards de dollars, ce qui \u00e9quivaut \u00e0 106.400 dollars par Am\u00e9ricain, et que la part des \u00c9tats-Unis dans l&rsquo;\u00e9conomie mondiale tombe pour la premi\u00e8re fois sous la barre des 15 %, d\u2019apr\u00e8s les chiffres de la Banque mondiale et du FMI.<\/span><\/p>\n<p style=\"text-align: justify;\"><span style=\"font-family: times new roman, times, serif; font-size: 14pt;\">Tout \u00e0 l\u2019oppos\u00e9, le partenariat strat\u00e9gique entre la Russie et l&rsquo;Iran vise \u00e0 renforcer encore davantage la dynamique d&rsquo;imbrication des organisations multilat\u00e9rales cruciales charg\u00e9es d&rsquo;organiser le nouveau monde<em> multimodal<\/em> : BRICS+, l&rsquo;Organisation de coop\u00e9ration de Shanghai (OCS) et l&rsquo;Union \u00e9conomique eurasienne (UEEA).\u00a0\u00a0<\/span><\/p>\n<p style=\"text-align: justify;\"><span style=\"font-family: times new roman, times, serif; font-size: 14pt;\">On peut parler d&rsquo;un moment historique dans le long processus d&rsquo;int\u00e9gration de l&rsquo;Eurasie. Ou, comme l&rsquo;interpr\u00e8te largement la majorit\u00e9 mondiale, d\u2019un d\u00e9fi direct et <em>souverain<\/em> \u00e0 l&rsquo;\u00ab ordre international fond\u00e9 sur des r\u00e8gles \u00bb moribond impos\u00e9 par l&rsquo;Occident.\u00a0\u00a0\u00a0<\/span><\/p>\n<p style=\"text-align: justify;\"><span style=\"font-family: times new roman, times, serif; font-size: 14pt;\">Le vaste partenariat strat\u00e9gique T\u00e9h\u00e9ran-Moscou renforce la collaboration dans les domaines de la s\u00e9curit\u00e9 et de la d\u00e9fense et met particuli\u00e8rement l&rsquo;accent sur le d\u00e9veloppement harmonieux du Corridor International de Transport Nord-Sud (CITNS), un axe transeurasien unissant la Russie, l&rsquo;Iran et l&rsquo;Inde, qui fait de l&rsquo;Iran une plaque tournante essentielle pour le gaz russe et les marchandises vendues \u00e0 plusieurs partenaires d&rsquo;Afro-Eurasie.<\/span><\/p>\n<p>&nbsp;<\/p>\n<p>&nbsp;<\/p>\n<p style=\"text-align: center;\"><a href=\"http:\/\/blog.lesgrossesorchadeslesamplesthalameges.fr\/index.php\/a-la-veille-de-linvestiture-de-trump-liran-et-la-russie-concluent-un-accord-historique\/14-carte-escobar-1\/\" rel=\"attachment wp-att-24404\"><img loading=\"lazy\" class=\"alignnone wp-image-24404\" src=\"http:\/\/blog.lesgrossesorchadeslesamplesthalameges.fr\/wp-content\/uploads\/2025\/02\/14.-CARTE-Escobar-1.png\" alt=\"\" width=\"700\" height=\"450\" srcset=\"https:\/\/blog.lesgrossesorchadeslesamplesthalameges.fr\/wp-content\/uploads\/2025\/02\/14.-CARTE-Escobar-1.png 680w, https:\/\/blog.lesgrossesorchadeslesamplesthalameges.fr\/wp-content\/uploads\/2025\/02\/14.-CARTE-Escobar-1-300x193.png 300w\" sizes=\"(max-width: 700px) 100vw, 700px\" \/><\/a><\/p>\n<p style=\"text-align: center;\"><span style=\"font-family: times new roman, times, serif; font-size: 14pt;\"><sub><span style=\"font-size: 12pt;\">Carte du corridor international de transport nord-sud (CITNS).<\/span> <\/sub><\/span><\/p>\n<p style=\"text-align: justify;\"><span style=\"font-family: times new roman, times, serif; font-size: 14pt;\"><sub>\u00a0<\/sub><\/span><\/p>\n<p>&nbsp;<\/p>\n<p style=\"text-align: justify;\"><span style=\"font-family: times new roman, times, serif; font-size: 20pt;\"><strong>R\u00e9\u00e9criture des r\u00e8gles de la guerre asym\u00e9trique <\/strong><\/span><\/p>\n<p style=\"text-align: justify;\"><span style=\"font-family: times new roman, times, serif; font-size: 14pt;\">Il est r\u00e9v\u00e9lateur de souligner l&rsquo;interpr\u00e9tation que fait Poutine de ce partenariat, qu&rsquo;il qualifie de \u00ab document r\u00e9volutionnaire \u00bb en ce qu\u2019il fixe des \u00ab objectifs ambitieux \u00bb ax\u00e9s sur le \u00ab d\u00e9veloppement durable \u00bb.<\/span><\/p>\n<p style=\"text-align: justify;\"><span style=\"font-family: times new roman, times, serif; font-size: 14pt;\">Il a ajout\u00e9 que la Russie et l&rsquo;Iran s&rsquo;alignent sur \u00ab la plupart \u00bb des questions de politique \u00e9trang\u00e8re, qu&rsquo;ils sont des nations ind\u00e9pendantes et que ces deux nations civilisationnelles \u00ab r\u00e9sistent aux pressions ext\u00e9rieures et s&rsquo;opposent aux sanctions ill\u00e9gitimes \u00bb.\u00a0\u00a0<\/span><\/p>\n<p style=\"text-align: justify;\"><span style=\"font-family: times new roman, times, serif; font-size: 14pt;\">Le ministre iranien des affaires \u00e9trang\u00e8res, Abbas Araghchi, a soulign\u00e9 que le partenariat remplace \u00ab l&rsquo;unilat\u00e9ralisme par la coop\u00e9ration et le respect \u00bb, dans le cadre d&rsquo;un accord destin\u00e9 \u00e0 fournir \u00e0 l&rsquo;Iran et \u00e0 la Russie les outils n\u00e9cessaires pour construire \u00ab un nouvel ordre dans lequel la coop\u00e9ration remplacera l&rsquo;h\u00e9g\u00e9monie et o\u00f9 le respect remplacera l&rsquo;imposition \u00bb.<\/span><\/p>\n<p style=\"text-align: justify;\"><span style=\"font-family: times new roman, times, serif; font-size: 14pt;\">Passons maintenant \u00e0 l\u2019essentiel. Bien que l&rsquo;accord ne constitue pas une alliance militaire formelle, le partenariat institutionnalise les \u00e9changes militaires au plus haut niveau, qu&rsquo;il s&rsquo;agisse d&rsquo;exercices conjoints, de d\u00e9veloppement d&rsquo;armes ou de projets d&rsquo;\u00e9change de renseignements.<\/span><\/p>\n<p style=\"text-align: justify;\"><span style=\"font-family: times new roman, times, serif; font-size: 14pt;\">Moscou vendra in\u00e9vitablement des avions de chasse Sukhoi S-30, des missiles Pantsir, Tok et Buk, ainsi que des syst\u00e8mes de d\u00e9fense S-400 (et dans un avenir proche, des S-500) \u00e0 la D\u00e9fense a\u00e9rienne iranienne contre tous\u00a0 les cas possibles d&rsquo;aventurisme am\u00e9ricano-isra\u00e9lien, tout en achetant une vaste gamme de missiles et de drones fabriqu\u00e9s en Iran. Les \u00e9changes en mati\u00e8re de recherche sur l&rsquo;intelligence artificielle seront \u00e9galement renforc\u00e9s. L&rsquo;Iran et la Russie sont tous deux en premi\u00e8re ligne pour r\u00e9\u00e9crire les r\u00e8gles de la guerre asym\u00e9trique.<\/span><\/p>\n<p style=\"text-align: justify;\"><span style=\"font-family: times new roman, times, serif; font-size: 14pt;\">Le partenariat stipule que la Russie fournira \u00e0 l&rsquo;Iran une \u00ab assistance \u00bb.\u00a0 Dans la pratique, cela n\u2019implique pas que des armes, mais signifie aussi que Moscou d\u00e9fendra T\u00e9h\u00e9ran aux Nations Unies et aupr\u00e8s d&rsquo;autres forces internationales contre les menaces diplomatiques et fera en sorte de restreindre les effets des sanctions \u00e9conomiques d\u00e9stabilisantes.<\/span><\/p>\n<p style=\"text-align: justify;\"><span style=\"font-family: times new roman, times, serif; font-size: 14pt;\">Et, dans l\u2019\u00e9ventualit\u00e9 d\u2019une attaque contre l&rsquo;Iran, la Russie ne collaborerait en aucun cas avec l&rsquo;attaquant : pas de renseignements, pas d&rsquo;autorisation d&rsquo;utiliser le territoire russe pour des raids ou des incursions.<\/span><\/p>\n<p style=\"text-align: justify;\"><span style=\"font-family: times new roman, times, serif; font-size: 14pt;\">L&rsquo;infrastructure \u00e9nerg\u00e9tique est un pilier essentiel du partenariat et vise \u00e0 redonner de la vigueur \u00e0 l&rsquo;Iran dans un contexte de d\u00e9gradation de l&rsquo;\u00e9conomie nationale. La Russie fournira des technologies \u00e9nerg\u00e9tiques de pointe pour d\u00e9velopper les vastes infrastructures \u00e9nerg\u00e9tiques iraniennes \u2013 qui doivent encore \u00eatre modernis\u00e9es \u2013, les r\u00e9seaux de gazoducs et le commerce de gaz naturel liqu\u00e9fi\u00e9 (GNL), qui ne cesse de se d\u00e9velopper.<\/span><\/p>\n<p style=\"text-align: justify;\"><span style=\"font-family: times new roman, times, serif; font-size: 14pt;\">Le jour de l&rsquo;accord, le ministre russe de l&rsquo;\u00c9nergie, Sergue\u00ef Tsivilev, a fourni de nouveaux d\u00e9tails sur un nouvel accord de 30 ans entre <em>Gazprom<\/em> et la <em>National Iranian Gas Company<\/em> (NIGC) pour la construction d\u2019un gazoduc en mer Caspienne, qui inclura l&rsquo;Azerba\u00efdjan et cherchera probablement \u00e0 inciter Bakou \u00e0 abandonner ses positions hostiles dans la r\u00e9gion. La Russie assumera les frais d&rsquo;infrastructure et fournira essentiellement du gaz \u00e0 l&rsquo;Iran et \u00e0 certains de ses voisins.\u00a0\u00a0<\/span><\/p>\n<p style=\"text-align: justify;\"><span style=\"font-family: times new roman, times, serif; font-size: 14pt;\">Le volume pr\u00e9vu de 55 milliards de m\u00e8tres cubes par an \u00e0 l&rsquo;ach\u00e8vement du projet est comparable \u00e0 la capacit\u00e9 du double Nord Stream vers l&rsquo;Union europ\u00e9enne, secr\u00e8tement sabot\u00e9 par les Am\u00e9ricains, comme l&rsquo;a r\u00e9v\u00e9l\u00e9 le journaliste d&rsquo;investigation chevronn\u00e9 <a href=\"https:\/\/www.lefigaro.fr\/international\/nord-stream-2-un-journaliste-americain-accuse-washington-du-sabotage-20230213\">Seymour Hersh<\/a> en 2022.<\/span><\/p>\n<p style=\"text-align: justify;\"><span style=\"font-family: times new roman, times, serif; font-size: 14pt;\">Cet accord sur l&rsquo;\u00e9nergie est essentiel pour T\u00e9h\u00e9ran, parce que m\u00eame si le pays d\u00e9tient les deuxi\u00e8mes plus grandes r\u00e9serves de gaz de la plan\u00e8te \u2013 soit 34.000 milliards de m\u00e8tres cubes, juste derri\u00e8re la Russie &#8211; il souffre de p\u00e9nuries domestiques, surtout en hiver. La plupart des vastes r\u00e9serves de gaz du pays ne sont pas exploit\u00e9es, en raison des \u00ab\u00a0sanctions\u00a0\u00bb impos\u00e9es par les USA depuis des d\u00e9cennies.<\/span><\/p>\n<p>&nbsp;<\/p>\n<p>&nbsp;<\/p>\n<p style=\"text-align: justify;\"><span style=\"font-family: times new roman, times, serif; font-size: 20pt;\"><strong>Am\u00e9lioration du \u00ab laboratoire de l\u2019avenir \u00bb<\/strong><\/span><\/p>\n<p style=\"text-align: justify;\"><span style=\"font-family: times new roman, times, serif; font-size: 14pt;\">Sur le front g\u00e9o\u00e9conomique, la Russie et l&rsquo;Iran sont au centre de l&rsquo;un des principaux corridors de connectivit\u00e9 du 21e si\u00e8cle : l&rsquo;INSTC (= CITNS), qui r\u00e9unit trois membres des BRICS (le troisi\u00e8me \u00e9tant l&rsquo;Inde), est \u00e0 l&rsquo;abri des sanctions et constitue une alternative nettement plus rapide et moins co\u00fbteuse que le canal de Suez, autrefois indispensable.<\/span><\/p>\n<p style=\"text-align: justify;\"><span style=\"font-family: times new roman, times, serif; font-size: 14pt;\">L&rsquo;autre corridor est la <a href=\"https:\/\/thecradle.co\/articles\/russia-and-its-national-arctic-passage-pushing-trade-frontiers-eastward\">Route Maritime du Nord<\/a> (RMN = NSR ou <em>Northen Sea Route<\/em>) \u00e0 travers l&rsquo;Arctique, que les Chinois appellent Route de la Soie Glaciaire ou Route de la Soie Polaire, la Chine se d\u00e9finissant comme \u00ab\u00a0un \u00c9tat proche de l&rsquo;Arctique \u00bb.<\/span><\/p>\n<p>&nbsp;<\/p>\n<p>&nbsp;<\/p>\n<p style=\"text-align: center;\"><a href=\"http:\/\/blog.lesgrossesorchadeslesamplesthalameges.fr\/index.php\/a-la-veille-de-linvestiture-de-trump-liran-et-la-russie-concluent-un-accord-historique\/15-carte-escobar-2-2\/\" rel=\"attachment wp-att-24405\"><img loading=\"lazy\" class=\"alignnone wp-image-24405\" src=\"http:\/\/blog.lesgrossesorchadeslesamplesthalameges.fr\/wp-content\/uploads\/2025\/02\/15..-CARTE-Escobar-2-1.png\" alt=\"\" width=\"700\" height=\"390\" srcset=\"https:\/\/blog.lesgrossesorchadeslesamplesthalameges.fr\/wp-content\/uploads\/2025\/02\/15..-CARTE-Escobar-2-1.png 650w, https:\/\/blog.lesgrossesorchadeslesamplesthalameges.fr\/wp-content\/uploads\/2025\/02\/15..-CARTE-Escobar-2-1-300x167.png 300w\" sizes=\"(max-width: 700px) 100vw, 700px\" \/><\/a><\/p>\n<p style=\"text-align: center;\"><span style=\"font-family: times new roman, times, serif; font-size: 14pt;\"><sub><span style=\"font-size: 12pt;\">Carte des principales routes maritimes mondiales et des passages alternatifs dans l&rsquo;Arctique, y compris les routes du\u00a0\u00a0 Nord-Ouest et du Nord-Est.<\/span> <\/sub><\/span><\/p>\n<p>&nbsp;<\/p>\n<p>&nbsp;<\/p>\n<p style=\"text-align: justify;\"><span style=\"font-family: times new roman, times, serif; font-size: 14pt;\">L&rsquo;INSTC est l&rsquo;int\u00e9gration de l&rsquo;Eurasie dans toute sa splendeur, doubl\u00e9e d&rsquo;un projet de connectivit\u00e9 de premier plan pour les BRICS. Les r\u00e9percussions g\u00e9o\u00e9conomiques sont stup\u00e9fiantes, parce que l&rsquo;INSTC acc\u00e9l\u00e9rera le processus de contournement du syst\u00e8me financier international domin\u00e9 par le dollar US au sein des BRICS+.<\/span><\/p>\n<p style=\"text-align: justify;\"><span style=\"font-family: times new roman, times, serif; font-size: 14pt;\">La Russie et l&rsquo;Iran commercent d\u00e9j\u00e0 massivement dans leurs propres monnaies et cryptomonnaies, tout en travaillant au perfectionnement d&rsquo;un m\u00e9canisme confidentiel permettant de contourner totalement le syst\u00e8me mondial de messagerie bancaire SWIFT, situ\u00e9 en Belgique. La prochaine \u00e9tape consistera \u00e0 configurer un r\u00e9seau de paiement \u00e0 l&rsquo;\u00e9chelle de l&rsquo;Eurasie, qui sera li\u00e9 \u00e0 un m\u00e9canisme \u00e9volutif des BRICS, dont plusieurs options sont d\u00e9j\u00e0 discut\u00e9es et test\u00e9es dans ce qu\u00a0\u00bbon ne peut d\u00e9crire que comme \u00ab <a href=\"https:\/\/ssofidelis.substack.com\/p\/les-brics-apres-kazan-un-laboratoire\">un laboratoire de l\u2019avenir<\/a> \u00bb.\u00a0\u00a0\u00a0\u00a0<\/span><\/p>\n<p style=\"text-align: justify;\"><span style=\"font-family: times new roman, times, serif; font-size: 14pt;\">L&rsquo;hyst\u00e9rie imp\u00e9riale proverbiale, qui d\u00e9finit le partenariat comme le nouveau chapitre du nouvel \u00ab axe du mal \u00bb \u2013 avec la Cor\u00e9e du Nord et la Chine pour faire bonne mesure \u2013 n&rsquo;est pas pertinente. Le timing g\u00e9opolitique, une fois de plus, est inestimable, coupl\u00e9 qu\u2019il est au retour de b\u00e2ton contre la d\u00e9mence des sanctions.<\/span><\/p>\n<p style=\"text-align: justify;\"><span style=\"font-family: times new roman, times, serif; font-size: 14pt;\">La d\u00e9mence, d&rsquo;ailleurs, restera intrins\u00e8que \u00e0 l&rsquo;axe occidental dirig\u00e9 par les USA. Jack Sullivan, grand manitou de l\u2019Ins\u00e9curit\u00e9 Nationale avant son d\u00e9part path\u00e9tique, a sugg\u00e9r\u00e9 \u00e0 la Maison Blanche d&rsquo;attaquer les sites nucl\u00e9aires iraniens avant le d\u00e9but de Trump bis, ce qui aurait imm\u00e9diatement plong\u00e9 le nouveau pr\u00e9sident r\u00e9publicain dans l&rsquo;\u0153il du cyclone : une guerre massive en Asie de l&rsquo;Ouest.<\/span><\/p>\n<p style=\"text-align: justify;\"><span style=\"font-family: times new roman, times, serif; font-size: 14pt;\">Le probl\u00e8me, c\u2019est que le cercle de feu sioniste qui entoure Trump h\u00e9rite en fait de ces plans d&rsquo;attaque de l&rsquo;administration Biden sortante, et qu&rsquo;ils sont loin de rencontrer l&rsquo;opposition de l&rsquo;\u00c9tat Profond US, ainsi, la d\u00e9mence ne s&rsquo;arr\u00eate jamais. Compte tenu de l&rsquo;orgueil d\u00e9mesur\u00e9 qui impr\u00e8gne l&rsquo;Empire du Chaos, il n&rsquo;y aura pas la moindre poign\u00e9e de r\u00e9alistes pour r\u00e9ellement comprendre les ramifications de l&rsquo;entente strat\u00e9gique entre la Russie et l&rsquo;Iran.\u00a0\u00a0<\/span><\/p>\n<p style=\"text-align: justify;\"><span style=\"font-family: times new roman, times, serif; font-size: 14pt;\">La propension aux guerres perp\u00e9tuelles qui a d\u00e9vast\u00e9 de larges pans de l&rsquo;Afghanistan, de l&rsquo;Irak, de la Libye, de la Syrie, de Gaza, de l&rsquo;Ukraine et d&rsquo;autres pays est en train de subir un l\u00e9ger revers. Cependant, les sempiternels n\u00e9ocons et n\u00e9olib\u00e9raux qui ont contr\u00f4l\u00e9 la politique \u00e9trang\u00e8re des USA pendant des d\u00e9cennies ne dispara\u00eetront pas. La diff\u00e9rence est que maintenant la Russie et l&rsquo;Iran, dans une \u00e9troite coop\u00e9ration, d\u00e9fient directement <a href=\"https:\/\/ancommunistes.fr\/spip.php?article7327\">l&rsquo;Empire du Chaos relook\u00e9<\/a>.<\/span><\/p>\n<p>&nbsp;<\/p>\n<p><span style=\"font-family: times new roman, times, serif; font-size: 14pt;\">Source : <a href=\"https:\/\/thecradle.co\/articles\/on-the-eve-of-trump-iran-and-russia-launch-historical-deal\">https:\/\/thecradle.co\/articles\/on-the-eve-of-trump-iran-and-russia-launch-historical-deal<\/a>\u00a0<\/span><\/p>\n<p><span style=\"font-family: times new roman, times, serif; font-size: 14pt;\">URL de cet article :\u00a0<a href=\"http:\/\/blog.lesgrossesorchadeslesamplesthalameges.fr\/index.php\/a-la-veille-de-linvestiture-de-trump-liran-et-la-russie-concluent-un-accord-historique\/\"> http:\/\/blog.lesgrossesorchadeslesamplesthalameges.fr\/index.php\/a-la-veille-de-linvestiture-de-trump-liran-et-la-russie-concluent-un-accord-historique\/<\/a><br \/>\n<\/span><\/p>\n<p>&nbsp;<\/p>\n<p>&nbsp;<\/p>\n<p style=\"text-align: center;\"><a href=\"http:\/\/blog.lesgrossesorchadeslesamplesthalameges.fr\/index.php\/2025\/02\/01\/une-journee-historique\/000-russep-x-53\/\" rel=\"attachment wp-att-24354\"><img loading=\"lazy\" class=\"alignnone size-full wp-image-24354\" src=\"http:\/\/blog.lesgrossesorchadeslesamplesthalameges.fr\/wp-content\/uploads\/2025\/02\/000.-russep-x-1.gif\" alt=\"\" width=\"50\" height=\"50\" \/><\/a><\/p>\n<p>&nbsp;<\/p>\n<p>&nbsp;<\/p>\n<p style=\"text-align: right;\"><span style=\"font-family: comic sans ms, sans-serif; font-size: 14pt;\">Janvier 2025<\/span><\/p>\n","protected":false},"excerpt":{"rendered":"<p>\u00a0 &nbsp; &nbsp; &nbsp; &nbsp; &nbsp; &nbsp; &nbsp; \u00c0 la veille de (l&rsquo;investiture de) Trump, l&rsquo;Iran et la Russie concluent un accord historique &nbsp; &nbsp; Dans un accord de partenariat strat\u00e9gique d\u00e9taill\u00e9 sign\u00e9 la semaine derni\u00e8re \u00e0 Moscou, les puissances eurasiennes que sont la Russie et l&rsquo;Iran ont lanc\u00e9 un d\u00e9fi \u00e0 l&rsquo;ordre mondial dirig\u00e9&#8230;<\/p>\n","protected":false},"author":1,"featured_media":0,"parent":0,"menu_order":0,"comment_status":"open","ping_status":"open","template":"","meta":[],"_links":{"self":[{"href":"https:\/\/blog.lesgrossesorchadeslesamplesthalameges.fr\/index.php\/wp-json\/wp\/v2\/pages\/24403"}],"collection":[{"href":"https:\/\/blog.lesgrossesorchadeslesamplesthalameges.fr\/index.php\/wp-json\/wp\/v2\/pages"}],"about":[{"href":"https:\/\/blog.lesgrossesorchadeslesamplesthalameges.fr\/index.php\/wp-json\/wp\/v2\/types\/page"}],"author":[{"embeddable":true,"href":"https:\/\/blog.lesgrossesorchadeslesamplesthalameges.fr\/index.php\/wp-json\/wp\/v2\/users\/1"}],"replies":[{"embeddable":true,"href":"https:\/\/blog.lesgrossesorchadeslesamplesthalameges.fr\/index.php\/wp-json\/wp\/v2\/comments?post=24403"}],"version-history":[{"count":10,"href":"https:\/\/blog.lesgrossesorchadeslesamplesthalameges.fr\/index.php\/wp-json\/wp\/v2\/pages\/24403\/revisions"}],"predecessor-version":[{"id":24456,"href":"https:\/\/blog.lesgrossesorchadeslesamplesthalameges.fr\/index.php\/wp-json\/wp\/v2\/pages\/24403\/revisions\/24456"}],"wp:attachment":[{"href":"https:\/\/blog.lesgrossesorchadeslesamplesthalameges.fr\/index.php\/wp-json\/wp\/v2\/media?parent=24403"}],"curies":[{"name":"wp","href":"https:\/\/api.w.org\/{rel}","templated":true}]}}