{"id":24417,"date":"2025-02-02T14:21:58","date_gmt":"2025-02-02T13:21:58","guid":{"rendered":"http:\/\/blog.lesgrossesorchadeslesamplesthalameges.fr\/?page_id=24417"},"modified":"2025-02-02T16:48:05","modified_gmt":"2025-02-02T15:48:05","slug":"loccident-continue-a-insulter-la-russie","status":"publish","type":"page","link":"https:\/\/blog.lesgrossesorchadeslesamplesthalameges.fr\/index.php\/loccident-continue-a-insulter-la-russie\/","title":{"rendered":"L&rsquo;Occident continue \u00e0 insulter la Russie"},"content":{"rendered":"<p><strong>\u00a0<\/strong><\/p>\n<p><span style=\"font-family: times new roman, times, serif; font-size: 14pt;\"><strong>\u00a0<\/strong><\/span><\/p>\n<p>&nbsp;<\/p>\n<p>&nbsp;<\/p>\n<p>&nbsp;<\/p>\n<p>&nbsp;<\/p>\n<p>&nbsp;<\/p>\n<p>&nbsp;<\/p>\n<p>&nbsp;<\/p>\n<p style=\"text-align: center;\"><span style=\"font-family: times new roman, times, serif; font-size: 36pt;\"><strong>The West Continues to Insult Russia<\/strong><\/span><\/p>\n<p>&nbsp;<\/p>\n<p style=\"text-align: center;\"><span style=\"font-family: times new roman, times, serif; font-size: 24pt;\">(L\u2019Occident coninue \u00e0 insulter la Russie)<\/span><\/p>\n<p style=\"text-align: center;\"><span style=\"font-family: times new roman, times, serif; font-size: 14pt;\"><strong>\u00a0<\/strong><\/span><\/p>\n<p style=\"text-align: center;\"><span style=\"font-family: times new roman, times, serif; font-size: 14pt;\"><a href=\"https:\/\/sonar21.com\/author\/larry-johnson\/\"><strong><span style=\"font-size: 18pt;\">Larry C. Johnson<\/span><\/strong><\/a><span style=\"font-size: 18pt;\"><strong> \u2013 \u00a0SONAR 21 \u2013 27.1.2025 <\/strong><\/span><\/span><\/p>\n<p style=\"text-align: center;\"><span style=\"font-family: times new roman, times, serif; font-size: 18pt;\"><a href=\"https:\/\/sonar21.com\/the-west-continues-to-insult-russia\/#comments\">151 Comments<\/a><\/span><\/p>\n<p style=\"text-align: center;\"><span style=\"font-family: times new roman, times, serif; font-size: 18pt;\">(avec deux vid\u00e9os)<\/span><\/p>\n<p>&nbsp;<\/p>\n<p>&nbsp;<\/p>\n<p style=\"text-align: center;\"><a href=\"http:\/\/blog.lesgrossesorchadeslesamplesthalameges.fr\/index.php\/2025\/02\/01\/une-journee-historique\/11-johnson-1-3\/\" rel=\"attachment wp-att-24364\"><img loading=\"lazy\" class=\"alignnone wp-image-24364 size-full\" src=\"http:\/\/blog.lesgrossesorchadeslesamplesthalameges.fr\/wp-content\/uploads\/2025\/02\/11.-JOHNSON-1.png\" alt=\"\" width=\"600\" height=\"406\" srcset=\"https:\/\/blog.lesgrossesorchadeslesamplesthalameges.fr\/wp-content\/uploads\/2025\/02\/11.-JOHNSON-1.png 600w, https:\/\/blog.lesgrossesorchadeslesamplesthalameges.fr\/wp-content\/uploads\/2025\/02\/11.-JOHNSON-1-300x203.png 300w\" sizes=\"(max-width: 600px) 100vw, 600px\" \/><\/a><\/p>\n<p>&nbsp;<\/p>\n<p>&nbsp;<\/p>\n<p style=\"text-align: justify;\"><span style=\"font-family: times new roman, times, serif; font-size: 14pt;\">Le racontar occidental sur la Deuxi\u00a7me Guerre mondiale glorifie les alli\u00e9s occidentaux comme \u00e9tant ceux qui ont vaincu Hitler et minimise de plus en plus le r\u00f4le des Sovi\u00e9tiques. Dans la r\u00e9alit\u00e9, ce sont les Sovi\u00e9tiques qui se sont taill\u00e9 la part du lion dans la d\u00e9faite des arm\u00e9es hitl\u00e9riennes, tandis que les USA et le Royaume-Uni y ont jou\u00e9 un r\u00f4le important mais secondaire.<\/span><\/p>\n<p style=\"text-align: justify;\"><span style=\"font-family: times new roman, times, serif; font-size: 14pt;\">Le dimanche 26 janvier (il se trouve que c\u2019\u00e9tait mon anniversaire) a marqu\u00e9 le 80e anniversaire de la lib\u00e9ration des prisonniers\/d\u00e9tenus \u00e0 <em>Auschwitz-Birkenau. Auschwitz I,<\/em> qui est situ\u00e9 au sud-ouest du centre d&rsquo;Oswiecim, en Pologne. C\u2019\u00e9tait, avant la Deuxi\u00e8me Guerre mondiale, une caserne militaire qui a \u00e9t\u00e9 utilis\u00e9e pour incarc\u00e9rer des prisonniers politiques, chr\u00e9tiens, juifs et autres. Le camp, g\u00e9n\u00e9ralement pr\u00e9sent\u00e9 dans les films comme \u00e9tant <em>Auschwitz<\/em> est en fait <em>Birkenau<\/em>, qui se trouve \u00e0 environ trois kilom\u00e8tres \u00e0 l&rsquo;ouest d<em>&lsquo;Auschwitz I<\/em> (voir la carte ci-dessous).<\/span><\/p>\n<p>&nbsp;<\/p>\n<p>&nbsp;<\/p>\n<p style=\"text-align: center;\"><a href=\"http:\/\/blog.lesgrossesorchadeslesamplesthalameges.fr\/index.php\/2025\/02\/01\/une-journee-historique\/12-johnson-2\/\" rel=\"attachment wp-att-24365\"><img loading=\"lazy\" class=\"alignnone wp-image-24365 size-full\" src=\"http:\/\/blog.lesgrossesorchadeslesamplesthalameges.fr\/wp-content\/uploads\/2025\/02\/12.-JOHNSON-2.jpg\" alt=\"\" width=\"600\" height=\"428\" srcset=\"https:\/\/blog.lesgrossesorchadeslesamplesthalameges.fr\/wp-content\/uploads\/2025\/02\/12.-JOHNSON-2.jpg 600w, https:\/\/blog.lesgrossesorchadeslesamplesthalameges.fr\/wp-content\/uploads\/2025\/02\/12.-JOHNSON-2-300x214.jpg 300w\" sizes=\"(max-width: 600px) 100vw, 600px\" \/><\/a><\/p>\n<p style=\"text-align: center;\"><span style=\"font-family: times new roman, times, serif; font-size: 12pt;\"><strong><em>Auschwitz I &#8211; a fonctionn\u00e9 de mai 1940 \u00e0 janvier 1945.<\/em><\/strong><\/span><\/p>\n<p>&nbsp;<\/p>\n<p>&nbsp;<\/p>\n<p style=\"text-align: justify;\"><span style=\"font-family: times new roman, times, serif; font-size: 14pt;\">Rudolf Hess a \u00e9t\u00e9 nomm\u00e9 premier commandant d&rsquo;<em>Auschwitz<\/em> le 27 avril 1940, et l\u2019a \u00e9t\u00e9 jusqu\u2019au 11 novembre 1943. Le premier gazage exp\u00e9rimental a eu lieu vers ao\u00fbt 1941, lorsque le Lagerf\u00fchrer Karl Fritzsch, sur les instructions de Rudolf Hess, a tu\u00e9 un groupe de prisonniers de guerre sovi\u00e9tiques en jetant des cristaux de Zyklon B dans leur cellule, au sous-sol du bloc 11 d&rsquo;<em>Auschwitz I. <\/em>mais <em>Auschwitz I <\/em>n&rsquo;a pas \u00e9t\u00e9 utilis\u00e9 pour des ex\u00e9cutions de masse.<\/span><\/p>\n<p style=\"text-align: justify;\"><span style=\"font-family: times new roman, times, serif; font-size: 14pt;\">Le grand ca\u00efd de la mort a \u00e9t\u00e9<em> Birkenau<\/em> \u2013 qui a fonctionn\u00e9 d&rsquo;octobre 1941 au 26 janvier 1945. Fritz Hartjenstein a command\u00e9 <em>Auschwitz II<\/em> du 22 novembre 1943 au 8 mai 1944. Josef Kramer (10 novembre 1906 &#8211; 13 d\u00e9cembre 1945) a \u00e9t\u00e9 le commandant d<em>&lsquo;Auschwitz-Birkenau <\/em>du 8 mai 1944 au 25 novembre 1944 \u2013 960.000 Juifs ont \u00e9t\u00e9 assassin\u00e9s \u00e0 <em>Auschwitz-Birkenau.<\/em><\/span><\/p>\n<p style=\"text-align: justify;\"><span style=\"font-family: times new roman, times, serif; font-size: 14pt;\">Pourquoi est-ce que je veux me concentrer sur ce point ? \u00c0 cause des actes du gouvernement polonais actuel. Ceux de p\u00e9tulants infantiles.<\/span><\/p>\n<p style=\"text-align: justify;\"><span style=\"font-family: times new roman, times, serif; font-size: 14pt;\">Le directeur du mus\u00e9e polonais d&rsquo;Auschwitz, Piotr Cywi\u0144ski, a exprim\u00e9 sa r\u00e9ticence \u00e0 laisser une d\u00e9l\u00e9gation russe participer au 80e anniversaire de la lib\u00e9ration d&rsquo;Auschwitz, le tristement c\u00e9l\u00e8bre camp de la mort nazi qui a \u00e9t\u00e9 lib\u00e9r\u00e9 par l&rsquo;Arm\u00e9e rouge en 1945.<\/span><\/p>\n<p style=\"text-align: justify;\"><span style=\"font-family: times new roman, times, serif; font-size: 14pt;\">Depuis 2022, suite \u00e0 l&rsquo;Op\u00e9ration Militaire Sp\u00e9ciale de la Russie en Ukraine, la Pologne a interdit \u00e0 Moscou d&rsquo;assister aux \u00e9v\u00e9nements comm\u00e9moratifs sur le site, en d\u00e9pit du r\u00f4le ind\u00e9niable jou\u00e9 par les soldats sovi\u00e9tiques dans la lib\u00e9ration d&rsquo;Auschwitz.<\/span><\/p>\n<p style=\"text-align: justify;\"><span style=\"font-family: times new roman, times, serif; font-size: 14pt;\">Cywi\u0144ski a d\u00e9clar\u00e9 \u00ab\u00a0qu&rsquo;il \u00e9tait difficile d&rsquo;imaginer \u00bb la pr\u00e9sence de la Russie \u00e0 l&rsquo;\u00e9v\u00e9nement, accusant Moscou de pr\u00e9tendument ne pas comprendre \u00ab la valeur de la libert\u00e9 \u00bb. Il est all\u00e9 plus loin encore en qualifiant de \u00ab cynique \u00bb l&rsquo;assistance potentielle des Russes aux \u00e9v\u00e9nements comm\u00e9moratifs sur le site et en rejetant toute possibilit\u00e9 de leur participation dans les quatre mois \u00e0 venir.<\/span><\/p>\n<p style=\"text-align: justify;\"><span style=\"font-family: times new roman, times, serif; font-size: 14pt;\">Le camp de la mort d&rsquo;Auschwitz, o\u00f9 les nazis ont assassin\u00e9 plus d&rsquo;un million de personnes, dont des Juifs, des Polonais, des Roms, des Sinti, des prisonniers de guerre sovi\u00e9tiques et d&rsquo;autres, a \u00e9t\u00e9 lib\u00e9r\u00e9 par l&rsquo;Arm\u00e9e rouge sovi\u00e9tique le 27 janvier 1945, fait historique qui semble de plus en plus porter ombrage au racontar politique actuel de la Pologne.<\/span><\/p>\n<p style=\"text-align: justify;\"><span style=\"font-family: times new roman, times, serif; font-size: 14pt;\">Le culte de l&rsquo;Holocauste en Occident tire grand orgueil de ce que les soldats US et britanniquesauraient \u00ab\u00a0lib\u00e9r\u00e9 les camps de la mort\u00a0\u00bb. Ce n&rsquo;est pas vrai. Ils ont lib\u00e9r\u00e9 des camps de concentration en Allemagne, en Autriche et en Tch\u00e9coslovaquie (par exemple Flossenb\u00fcrg et Theresienstadt). Mais il existe une diff\u00e9rence significative entre les camps d&rsquo;Europe occidentale et ceux qui ont fonctionn\u00e9 en Pologne.<\/span><\/p>\n<p style=\"text-align: justify;\"><span style=\"font-family: times new roman, times, serif; font-size: 14pt;\">C&rsquo;est aux Sovi\u00e9tiques et \u00e0 eux seuls que revient le m\u00e9rite d&rsquo;avoir mis fin aux centres d&rsquo;extermination de masse, tous situ\u00e9s en Pologne.<\/span><\/p>\n<p><span style=\"font-family: times new roman, times, serif; font-size: 14pt;\">Voici les autres camps en Pologne o\u00f9 des ex\u00e9cutions massives de Juifs ont eu lieu :\u00a0<\/span><\/p>\n<p>&nbsp;<\/p>\n<p style=\"padding-left: 40px;\"><span style=\"font-family: times new roman, times, serif; font-size: 14pt;\"><em>Majdenak <\/em>&#8211; du 1er octobre 1941 au 22 juillet 1944 (34 mois). a \u00e9t\u00e9 captur\u00e9 presque intact. 59.000 Juifs y ont \u00e9t\u00e9 assassin\u00e9s.<\/span><\/p>\n<p style=\"padding-left: 40px;\"><span style=\"font-family: times new roman, times, serif; font-size: 14pt;\"><em>Chelmno <\/em>\u2013 qui a fonctionn\u00e9 du 8 d\u00e9cembre 1941 au 11 avril 1943, en parall\u00e8le avec l&rsquo;op\u00e9ration Reinhard (17 mois d&rsquo;op\u00e9ration) \u2013 200.000 \u00e0 350. 000 Juifs y ont \u00e9t\u00e9 assassin\u00e9s.<\/span><\/p>\n<p style=\"padding-left: 40px;\"><span style=\"font-family: times new roman, times, serif; font-size: 14pt;\"><em>Belzac<\/em> \u2013 qui a \u00e9t\u00e9 op\u00e9rationnel du 17 mars 1942 \u00e0 la fin juin 1943 (15 mois) \u2013 430.000 \u00e0 500.000 Juifs y ont \u00e9t\u00e9 assassin\u00e9s.<\/span><\/p>\n<p style=\"padding-left: 40px;\"><span style=\"font-family: times new roman, times, serif; font-size: 14pt;\"><em>Sobibor<\/em> &#8211; op\u00e9rationnel de mai 1942 au 14 octobre 1943 et faisant partie de l&rsquo;op\u00e9ration Reinhard (17 mois) \u2013 170.000 \u00e0 250.000 Juifs assassin\u00e9s.<\/span><\/p>\n<p style=\"padding-left: 40px;\"><span style=\"font-family: times new roman, times, serif; font-size: 14pt;\"><em>Treblinka <\/em>&#8211; camp qui a fonctionn\u00e9 entre le 23 juillet 1942 et le 19 octobre 1943 dans le cadre, \u00e9galement, de l&rsquo;op\u00e9ration Reinhard (16 mois) \u2013 700.000 \u00e0 900.000 Juifs assassin\u00e9s.<\/span><\/p>\n<p>&nbsp;<\/p>\n<p style=\"text-align: justify;\"><span style=\"font-family: times new roman, times, serif; font-size: 14pt;\">Entre 2,5 et 3,1 millions de Juifs sont morts dans ces camps. \u00c0 parler franchement, il y en aurait eu bien davantage sans les victoires sovi\u00e9tiques sur les nazis. Aujourd&rsquo;hui cependant, une dr\u00f4le de boucle a \u00e9t\u00e9 boucl\u00e9e\u00a0: les Polonais envoient de l&rsquo;argent et des armes aux n\u00e9onazis d&rsquo;Ukraine, o\u00f9 Stepan Bandera est c\u00e9l\u00e9br\u00e9 comme un h\u00e9ros national pour avoir supervis\u00e9 le massacre de plus de 100.000 Polonais pendant la Deuxi\u00e8me Guerre mondiale. L&rsquo;hypocrisie et l&rsquo;ironie, ici, d\u00e9passent tout..<\/span><\/p>\n<p style=\"text-align: justify;\"><span style=\"font-family: times new roman, times, serif; font-size: 14pt;\">Et puisqu\u2019on parle d&rsquo;ironie : le jour m\u00eame o\u00f9 les Isra\u00e9liens ont c\u00e9l\u00e9br\u00e9 la lib\u00e9ration d&rsquo;Auschwitz, pr\u00e8s de 1,5 million de Palestiniens se sont mis en marche vers le nord de la bande de Gaza, pour r\u00e9occuper leurs froyers et leurs entreprises r\u00e9duits en cendres. Une ironie vraiment triste.<\/span><\/p>\n<p><span style=\"font-family: times new roman, times, serif; font-size: 14pt;\">Dont j&rsquo;ai discut\u00e9 aujourd\u2019hui avec le juge Napolitano et avec Nima, dans des interviews s\u00e9par\u00e9es :<\/span><\/p>\n<p>&nbsp;<\/p>\n<p><span style=\"font-family: comic sans ms, sans-serif; font-size: 12pt;\">Les deux vid\u00e9os qui accompagnent ce texte sont en anglais.<\/span><\/p>\n<p>&nbsp;<\/p>\n<p style=\"text-align: center;\"><a href=\"http:\/\/blog.lesgrossesorchadeslesamplesthalameges.fr\/index.php\/2025\/02\/01\/une-journee-historique\/000-russep-x-53\/\" rel=\"attachment wp-att-24354\"><img loading=\"lazy\" class=\"alignnone size-full wp-image-24354\" src=\"http:\/\/blog.lesgrossesorchadeslesamplesthalameges.fr\/wp-content\/uploads\/2025\/02\/000.-russep-x-1.gif\" alt=\"\" width=\"50\" height=\"50\" \/><\/a><\/p>\n<p>&nbsp;<\/p>\n<p><span style=\"font-family: times new roman, times, serif; font-size: 18pt;\"><strong><em>La premi\u00e8re des deux vid\u00e9os\u00a0:<\/em><\/strong><\/span><\/p>\n<p><span style=\"font-family: times new roman, times, serif; font-size: 18pt;\"><strong><em>\u00a0<\/em><\/strong><\/span><\/p>\n<p style=\"text-align: center;\"><span style=\"font-family: times new roman, times, serif; font-size: 22pt;\"><strong>Larry Johnson : <\/strong><\/span><\/p>\n<p style=\"text-align: center;\"><span style=\"font-family: times new roman, times, serif; font-size: 20pt;\"><strong>Does Trump Understand Russia ?<\/strong><\/span><\/p>\n<p style=\"text-align: center;\"><span style=\"font-family: times new roman, times, serif; font-size: 18pt;\">(Est-ce que Trump comprend la Russie\u00a0?)<\/span><\/p>\n<p style=\"text-align: center;\"><span style=\"font-family: times new roman, times, serif; font-size: 18pt;\">Sur <a href=\"https:\/\/www.youtube.com\/channel\/UCDkEYb-TXJVWLvOokshtlsw\"><strong><em>Judging Freedom<\/em><\/strong><\/a>, avec le<strong> Juge Napolitano<\/strong><\/span><\/p>\n<p style=\"text-align: center;\"><span style=\"font-family: times new roman, times, serif; font-size: 14pt;\"><strong>\u00a0<\/strong><\/span><\/p>\n<p>&nbsp;<\/p>\n<p style=\"text-align: center;\"><span style=\"font-family: times new roman, times, serif; font-size: 14pt;\"><iframe loading=\"lazy\" src=\"\/\/www.youtube.com\/embed\/Zq5KnZO0BU8?si=jKzvl62ajV5OzVG9\" width=\"560\" height=\"314\" allowfullscreen=\"allowfullscreen\"><\/iframe><\/span><\/p>\n<p>&nbsp;<\/p>\n<p><span style=\"font-family: comic sans ms, sans-serif; font-size: 12pt;\">Qui contient d\u2019\u00e9tonnants extraits du retour \u00e0 pied d\u2019u million et demi de \u00a0Palestiniens dans le nord de Gaza. (Il faut juste patienter le temps que le juge ait fait un peu de pub obligatoire \u00e0 ses sponsors.)<\/span><\/p>\n<p>&nbsp;<\/p>\n<p>&nbsp;<\/p>\n<p><span style=\"font-family: times new roman, times, serif; font-size: 18pt;\"><strong><em>Qui est suivie de\u00a0 la seconde :<\/em><\/strong><\/span><\/p>\n<p>&nbsp;<\/p>\n<p style=\"text-align: center;\"><span style=\"font-family: times new roman, times, serif; font-size: 22pt;\"><strong>Larry Johnson : <\/strong><\/span><\/p>\n<p style=\"text-align: center;\"><span style=\"font-family: times new roman, times, serif; font-size: 20pt;\"><strong>Trump\u2019s Tumultuous Path as Putin Prepares for the WORST !<\/strong><\/span><span style=\"font-family: times new roman, times, serif; font-size: 14pt;\"><strong><br \/>\n<\/strong><\/span><\/p>\n<p style=\"text-align: center;\"><span style=\"font-size: 18pt; font-family: times new roman, times, serif;\">(La voie tumultueuse de Trump, alors que Poutine se pr\u00e9pare<\/span><\/p>\n<p style=\"text-align: center;\"><span style=\"font-size: 18pt; font-family: times new roman, times, serif;\">au PIRE !)<\/span><\/p>\n<p style=\"text-align: center;\"><span style=\"font-family: times new roman, times, serif; font-size: 18pt;\">Sur <a href=\"https:\/\/www.youtube.com\/@dialogueworks01\"><strong><em>Dialogue Works<\/em><\/strong><\/a> avec<strong> Nima Alkhorshid<\/strong><\/span><\/p>\n<p><span style=\"font-family: times new roman, times, serif; font-size: 14pt;\"><strong>\u00a0<\/strong><\/span><\/p>\n<p><span style=\"font-family: times new roman, times, serif; font-size: 14pt;\"><strong>\u00a0<\/strong><\/span><\/p>\n<p style=\"text-align: center;\"><a href=\"http:\/\/&lt;iframe width=&quot;560&quot; height=&quot;315&quot; src=&quot;https:\/\/www.youtube.com\/embed\/pNpvk16dPT8?si=BvkfvDwHdJkvjnPj&quot; title=&quot;YouTube video player&quot; frameborder=&quot;0&quot; allow=&quot;accelerometer; autoplay; clipboard-write; encrypted-media; gyroscope; picture-in-picture; web-share&quot; referrerpolicy=&quot;strict-origin-when-cross-origin&quot; allowfullscreen&gt;&lt;\/iframe&gt;\"><span style=\"font-family: times new roman, times, serif; font-size: 14pt;\"><iframe loading=\"lazy\" src=\"\/\/www.youtube.com\/embed\/pNpvk16dPT8?si=BvkfvDwHdJkvjnPj\" width=\"560\" height=\"314\" allowfullscreen=\"allowfullscreen\"><\/iframe><\/span><\/a><\/p>\n<p>&nbsp;<\/p>\n<p><span style=\"font-family: comic sans ms, sans-serif; font-size: 12pt;\">Rappelons qu\u2019en cliquant sur l\u2019ic\u00f4ne ad hoc, on peut voir d\u00e9filer le texte en sous-titres\u2026 anglais <em>of course.<\/em><\/span><\/p>\n<p>&nbsp;<\/p>\n<p><span style=\"font-family: times new roman, times, serif; font-size: 14pt;\">Source : <a href=\"https:\/\/sonar21.com\/the-west-continues-to-insult-russia\/\">https:\/\/sonar21.com\/the-west-continues-to-insult-russia\/<\/a><\/span><\/p>\n<p style=\"text-align: left;\"><span style=\"font-family: times new roman, times, serif; font-size: 14pt;\">URL de cet article : <a href=\"http:\/\/blog.lesgrossesorchadeslesamplesthalameges.fr\/index.php\/loccident-continue-a-insulter-la-russie\/\">http:\/\/blog.lesgrossesorchadeslesamplesthalameges.fr\/index.php\/loccident-continue-a-insulter-la-russie\/<\/a><br \/>\n<\/span><\/p>\n<p>&nbsp;<\/p>\n<p>&nbsp;<\/p>\n<p style=\"text-align: center;\"><a href=\"http:\/\/blog.lesgrossesorchadeslesamplesthalameges.fr\/index.php\/2025\/02\/01\/une-journee-historique\/000-russep-x-53\/\" rel=\"attachment wp-att-24354\"><img loading=\"lazy\" class=\"alignnone size-full wp-image-24354\" src=\"http:\/\/blog.lesgrossesorchadeslesamplesthalameges.fr\/wp-content\/uploads\/2025\/02\/000.-russep-x-1.gif\" alt=\"\" width=\"50\" height=\"50\" \/><\/a><\/p>\n<p>&nbsp;<\/p>\n<p style=\"text-align: right;\"><span style=\"font-family: comic sans ms, sans-serif; font-size: 14pt;\">Janvier 2025 <\/span><\/p>\n<p>&nbsp;<\/p>\n","protected":false},"excerpt":{"rendered":"<p>\u00a0 \u00a0 &nbsp; &nbsp; &nbsp; &nbsp; &nbsp; &nbsp; &nbsp; The West Continues to Insult Russia &nbsp; (L\u2019Occident coninue \u00e0 insulter la Russie) \u00a0 Larry C. Johnson \u2013 \u00a0SONAR 21 \u2013 27.1.2025 151 Comments (avec deux vid\u00e9os) &nbsp; &nbsp; &nbsp; &nbsp; Le racontar occidental sur la Deuxi\u00a7me Guerre mondiale glorifie les alli\u00e9s occidentaux comme \u00e9tant ceux&#8230;<\/p>\n","protected":false},"author":1,"featured_media":0,"parent":0,"menu_order":0,"comment_status":"open","ping_status":"open","template":"","meta":[],"_links":{"self":[{"href":"https:\/\/blog.lesgrossesorchadeslesamplesthalameges.fr\/index.php\/wp-json\/wp\/v2\/pages\/24417"}],"collection":[{"href":"https:\/\/blog.lesgrossesorchadeslesamplesthalameges.fr\/index.php\/wp-json\/wp\/v2\/pages"}],"about":[{"href":"https:\/\/blog.lesgrossesorchadeslesamplesthalameges.fr\/index.php\/wp-json\/wp\/v2\/types\/page"}],"author":[{"embeddable":true,"href":"https:\/\/blog.lesgrossesorchadeslesamplesthalameges.fr\/index.php\/wp-json\/wp\/v2\/users\/1"}],"replies":[{"embeddable":true,"href":"https:\/\/blog.lesgrossesorchadeslesamplesthalameges.fr\/index.php\/wp-json\/wp\/v2\/comments?post=24417"}],"version-history":[{"count":11,"href":"https:\/\/blog.lesgrossesorchadeslesamplesthalameges.fr\/index.php\/wp-json\/wp\/v2\/pages\/24417\/revisions"}],"predecessor-version":[{"id":24427,"href":"https:\/\/blog.lesgrossesorchadeslesamplesthalameges.fr\/index.php\/wp-json\/wp\/v2\/pages\/24417\/revisions\/24427"}],"wp:attachment":[{"href":"https:\/\/blog.lesgrossesorchadeslesamplesthalameges.fr\/index.php\/wp-json\/wp\/v2\/media?parent=24417"}],"curies":[{"name":"wp","href":"https:\/\/api.w.org\/{rel}","templated":true}]}}