{"id":24430,"date":"2025-02-02T15:01:10","date_gmt":"2025-02-02T14:01:10","guid":{"rendered":"http:\/\/blog.lesgrossesorchadeslesamplesthalameges.fr\/?page_id=24430"},"modified":"2025-02-02T15:03:15","modified_gmt":"2025-02-02T14:03:15","slug":"les-videos-incontournables-a-voir-en-un-seul-jour-sur-le-site-newsletter-of-a-sceptic","status":"publish","type":"page","link":"https:\/\/blog.lesgrossesorchadeslesamplesthalameges.fr\/index.php\/les-videos-incontournables-a-voir-en-un-seul-jour-sur-le-site-newsletter-of-a-sceptic\/","title":{"rendered":"Les vid\u00e9os incontournables \u00e0 voir en un seul jour sur le site Newsletter of a SCEPTIC"},"content":{"rendered":"<p>&nbsp;<\/p>\n<p>&nbsp;<\/p>\n<p>&nbsp;<\/p>\n<p>&nbsp;<\/p>\n<p>&nbsp;<\/p>\n<p>&nbsp;<\/p>\n<p>&nbsp;<\/p>\n<p style=\"text-align: center;\"><span style=\"font-family: times new roman, times, serif; font-size: 36pt;\"><strong>Les vid\u00e9os incontournables \u00e0 voir en un seul jour sur le site<\/strong><\/span><\/p>\n<p style=\"text-align: center;\"><span style=\"font-family: times new roman, times, serif; font-size: 36pt;\"><strong>\u00a0<\/strong><\/span><span style=\"font-family: times new roman, times, serif; font-size: 14pt;\"><strong><em><span style=\"font-size: 36pt;\">Newsletter of a SCEPTIC<\/span> <\/em><\/strong><\/span><\/p>\n<p>&nbsp;<\/p>\n<p style=\"text-align: center;\"><span style=\"font-family: times new roman, times, serif; font-size: 24pt;\">[Lettre d\u2019information d\u2019un sceptique]<\/span><\/p>\n<p>&nbsp;<\/p>\n<p><span style=\"font-family: times new roman, times, serif; font-size: 14pt;\"><strong>\u00a0<\/strong><\/span><\/p>\n<p style=\"text-align: justify;\"><span style=\"font-family: comic sans ms, sans-serif; font-size: 12pt;\">Bien s\u00fbr, c\u2019est en anglais. Pour une fois, ce n\u2019est pas la faute aux anglo-saxons mais la n\u00f4tre. L\u2019\u00e9poque de la Grande Catherine, o\u00f9 on parlait fran\u00e7ais d\u2019un bout de l\u2019Europe \u00e0 l\u2019autre est bien loin. Tant p\u00ees pour nous tous, francophones, si les Fran\u00e7ais se sont laiss\u00e9 fourguer des chihuahuas vendus au lieu de faire leur devoir de citoyens actifs. Il faut dire \u00e0 leur d\u00e9charge que cette maladie d\u2019apathie et de je m\u2019en foutisme est celle de toute l\u2019Europe\u2026 au moins de l\u2019Ouest, \u00e0 l\u2019exception de quelques pays de l\u2019Est et des \u00e9lecteurs de Mme Wagenknecht.<\/span><\/p>\n<p><span style=\"font-family: comic sans ms, sans-serif; font-size: 12pt;\">Cequi suit n\u2019est qu\u2019un \u00e9chantillon, pris le 31.1.2025 (titres traduits le moins mal possible par nos soins) .<\/span><\/p>\n<p>&nbsp;<\/p>\n<ul>\n<li><span style=\"font-family: times new roman, times, serif; font-size: 14pt;\"><strong>Poutine\u00a0: L\u2019Ukraine ne tiendrait pas un mois sans le soutien de l\u2019Occident. Elle n\u2019a aucune souverainet\u00e9, totalement inf\u00e9od\u00e9e \u00e0 l\u2019Ouest. \u2013 Avec Rachel Bevins. <\/strong>(sur <a href=\"https:\/\/www.youtube.com\/watch?v=lbiA6ffYpRk\">Rachel Blevins\u00a0<\/a>: <a href=\"https:\/\/www.youtube.com\/watch?v=lbiA6ffYpRk\">https:\/\/www.youtube.com\/watch?v=lbiA6ffYpRk<\/a> ).<\/span><\/li>\n<\/ul>\n<p>&nbsp;<\/p>\n<ul>\n<li><span style=\"font-family: times new roman, times, serif; font-size: 14pt;\"><strong> John Mearsheimer\u00a0: Trump doit-il se fier \u00e0 Netanyahou\u00a0?<\/strong> (Avec le juge Napolitaneo, de <em>Judging Freedom<\/em>)\u00a0: <a href=\"https:\/\/www.youtube.com\/watch?v=VfJ_-sZ7ybI\">https:\/\/www.youtube.com\/watch?v=VfJ_-sZ7ybI<\/a> )..<\/span><\/li>\n<\/ul>\n<p>&nbsp;<\/p>\n<ul>\n<li><span style=\"font-family: times new roman, times, serif; font-size: 14pt;\"><strong>Witkoff pousse \u00e0 un accord de cessez-le-feu permanent \u00e0 Gaza. Pt\u00e9tendu plan de paix de Trump pour l\u2019Ukraine. Etc.<\/strong> (sur<em> Antiwar News<\/em>, avec Dave De Camp). <a href=\"https:\/\/www.youtube.com\/watch?v=Fk6e7CjUlXE\">https:\/\/www.youtube.com\/watch?v=Fk6e7CjUlXE<\/a>).<\/span><\/li>\n<\/ul>\n<p>&nbsp;<\/p>\n<ul>\n<li><span style=\"font-family: times new roman, times, serif; font-size: 14pt;\"><strong>Alex Trainer\u00a0: Le pi\u00e8ge syrien signifie la fin de l\u2019h\u00e9g\u00e9monie occidentale<\/strong>. (sur <em>The Red Pill Diaries<\/em> : <a href=\"https:\/\/www.youtube.com\/watch?v=fWvj1S1ewTQ\">https:\/\/www.youtube.com\/watch?v=fWvj1S1ewTQ<\/a> ).<\/span><\/li>\n<\/ul>\n<p>&nbsp;<\/p>\n<ul>\n<li><span style=\"font-family: times new roman, times, serif; font-size: 14pt;\"><strong>La nouvelle administration US transf\u00e8re des missiles \u00e0 l\u2019Ukraine. \u00ab\u00a0Terminer la guerre de fa\u00e7on responsable\u00a0\u00bb = euph\u00e9misme pour la\u00a0continuation du programme\u00a0.<\/strong> (Brian Berletic sur <em>The New Atlas<\/em> :<\/span><span style=\"font-family: times new roman, times, serif; font-size: 14pt;\"><a href=\"https:\/\/www.youtube.com\/watch?v=vZ2mFCqc4bE\">https:\/\/www.youtube.com\/watch?v=vZ2mFCqc4bE<\/a> ).<\/span><\/li>\n<\/ul>\n<p>&nbsp;<\/p>\n<ul>\n<li><span style=\"font-family: times new roman, times, serif; font-size: 14pt;\"><strong>L\u2019encerclement de Kharkov se referme. D\u00e9sastre. Le flanc sud de Chasov Yar s\u2019effondre<\/strong>. (sur <em>WEEB UNION<\/em>\u00a0: <a href=\"https:\/\/youtu.be\/-GQA8bfU0Og\">https:\/\/youtu.be\/-GQA8bfU0Og<\/a> ).<\/span><\/li>\n<\/ul>\n<p>&nbsp;<\/p>\n<ul>\n<li><span style=\"font-family: times new roman, times, serif; font-size: 14pt;\"><strong>Les USA mettent la pression sur Zelensky.<\/strong> (Alexander Mercouris et Alex Christoforou, sur <em>The Duran <\/em>: \u00a0<a href=\"https:\/\/www.youtube.com\/watch?v=W93dadmrZTU\">https:\/\/www.youtube.com\/watch?v=W93dadmrZTU<\/a> )<\/span><\/li>\n<\/ul>\n<p>&nbsp;<\/p>\n<ul>\n<li><span style=\"font-family: times new roman, times, serif; font-size: 14pt;\"><strong>Colonel Douglas MacGregor\u00a0: Trump et la guerre.<\/strong> (Avec le juge Napolitano, s\/ <em>Judging Freedom<\/em>: <a href=\"https:\/\/www.youtube.com\/watch?v=pyhRreFVRaE\">https:\/\/www.youtube.com\/watch?v=pyhRreFVRaE<\/a> )<\/span><\/li>\n<\/ul>\n<p>&nbsp;<\/p>\n<ul>\n<li><span style=\"font-family: times new roman, times, serif; font-size: 14pt;\"><strong>Peut-\u00eatre que, cette fois, \u00e7a marchera. Efforts financiers de l\u2019Ukraine. Perc\u00e9e des forces russes \u00e0 Siversk<\/strong>. (R\u00e9sum\u00e9 militaire\u00a0: <a href=\"https:\/\/www.youtube.com\/watch?v=f4l0pMzFve8&amp;t=1s\">https:\/\/www.youtube.com\/watch?v=f4l0pMzFve8&amp;t=1s<\/a>).<\/span><\/li>\n<\/ul>\n<p>&nbsp;<\/p>\n<ul>\n<li><span style=\"font-family: times new roman, times, serif; font-size: 14pt;\"><strong>\u00c9norme retournement de situation \u2013 En vie ? | L&rsquo;effondrement de l&rsquo;\u00e9conomie russe : In\u00e9vitable ou exag\u00e9r\u00e9 ? &#8211; Mise \u00e0 jour sur l&rsquo;Ukraine<\/strong> (Willy Oam\u00a0: <a href=\"https:\/\/www.youtube.com\/watch?v=lBmGThVq8c8\">https:\/\/www.youtube.com\/watch?v=lBmGThVq8c8<\/a> ).<\/span><\/li>\n<\/ul>\n<p>&nbsp;<\/p>\n<ul>\n<li><span style=\"font-family: times new roman, times, serif; font-size: 14pt;\"><strong>L\u2019arme tariffaire de Trump. Croissance \u00e9conomique de la Russie. <\/strong>(Alexander Mercouris et Alex Christoforou, sur <em>The Duran<\/em> <a href=\"https:\/\/www.youtube.com\/watch?v=KhI9Jk-0Pi4\">https:\/\/www.youtube.com\/watch?v=KhI9Jk-0Pi4<\/a><\/span><\/li>\n<\/ul>\n<p>&nbsp;<\/p>\n<ul>\n<li><span style=\"font-family: times new roman, times, serif; font-size: 14pt;\"><strong>Colonel Douglas MacGregor ; Quel sera le r\u00f4le de l\u2019arm\u00e9e US \u00e0 la fronti\u00e8re sud\u00a0?<\/strong> (s\/ <em>douglasmacgregorTV\u00a0<\/em>: <a href=\"https:\/\/www.youtube.com\/watch?v=_BzNVbpNes\">https:\/\/www.youtube.com\/watch?v=_BzNVbpNes<\/a> ).<\/span><\/li>\n<\/ul>\n<p>&nbsp;<\/p>\n<ul>\n<li><span style=\"font-family: times new roman, times, serif; font-size: 14pt;\"><strong> Gilbert Doctorow\u00a0; Amn\u00e9sie collective en Occident.<\/strong> (avec Nima Alkhorshid sur <em>Dialogue Works<\/em>\u00a0; <a href=\"https:\/\/www.youtube.com\/watch?v=dFcWoW8atY4\">https:\/\/www.youtube.com\/watch?v=dFcWoW8atY4<\/a> ).<\/span><\/li>\n<\/ul>\n<p>&nbsp;<\/p>\n<ul>\n<li><span style=\"font-family: times new roman, times, serif; font-size: 14pt;\"><strong> Gilbert Doctorow\u00a0: Poutine fait-il confiance \u00e0 Trump\u00a0?<\/strong> (Avec le juge Napolitano, sur <em>Judging Freedom<\/em>: <a href=\"https:\/\/www.youtube.com\/watch?v=vUmgny1Vr2M\">https:\/\/www.youtube.com\/watch?v=vUmgny1Vr2M<\/a> ).<\/span><\/li>\n<\/ul>\n<p>&nbsp;<\/p>\n<ul>\n<li><span style=\"font-family: times new roman, times, serif; font-size: 14pt;\"><strong>Alex Krainer\u00a0:<\/strong> <strong>La Chine est-elle en train de red\u00e9finir le jeu mondial\u00a0?<\/strong> (avec Nima Alkhorshid , sur <em>Dialogue Works<\/em>: <a href=\"https:\/\/www.youtube.com\/watch?v=ekgFSdIQW5A\">https:\/\/www.youtube.com\/watch?v=ekgFSdIQW5A<\/a> ).<\/span><\/li>\n<\/ul>\n<p>&nbsp;<\/p>\n<ul>\n<li><span style=\"font-family: times new roman, times, serif; font-size: 14pt;\"><strong>L\u2019audition de RFK Jr. et les attaques vicieuses des d\u00e9mocrates r\u00e9v\u00e8lent le consensus pro-pharma de DC<\/strong>(Glenn Greenwald, sur <em>System Update<\/em> &#8211;\u00a0<\/span><span style=\"font-family: times new roman, times, serif; font-size: 14pt;\"><a href=\"https:\/\/www.youtube.com\/watch?v=ipPke3YCt54\">https:\/\/www.youtube.com\/watch?v=ipPke3YCt54<\/a> ).<\/span><\/li>\n<\/ul>\n<p>&nbsp;<\/p>\n<ul>\n<li><span style=\"font-family: times new roman, times, serif; font-size: 14pt;\"><strong>Presse ukrainienne\u00a0: P\u00c9NURIE D\u2019ARGENT. 16<sup>e<\/sup> paquet de anctions de l\u2019UE contre la Russie. R\u00e9parer le gazoduc Nord Stream. Les vaccins \u00e0 un coup de BERNIE fondent<\/strong> <strong>\u00e0 vue d&rsquo;oeil<\/strong> (Alex Christoforou, sur <em>The Duran<\/em>: &#8211;\u00a0<\/span><span style=\"font-family: times new roman, times, serif; font-size: 14pt;\"><a href=\"https:\/\/www.youtube.com\/watch?v=87w_yRksL38\">https:\/\/www.youtube.com\/watch?v=87w_yRksL38<\/a><\/span><\/li>\n<\/ul>\n<p>&nbsp;<\/p>\n<ul>\n<li><span style=\"font-family: times new roman, times, serif; font-size: 14pt;\"><strong>Mise \u00e0 jour du guerrier avec Scott Ritter, \u00c9pisode 86 \u2013 Contr\u00f4le des m\u00e9dias ukrainiens par les USA &#8211; ,Retour de l\u2019UE au gaz russe\u00a0?<\/strong> (avec <em>Garland Nixon<\/em>, sur son site\u00a0: <a href=\"https:\/\/www.youtube.com\/watch?v=be-XKNfxHG8\">https:\/\/www.youtube.com\/watch?v=be-XKNfxHG8<\/a> ).<\/span><\/li>\n<\/ul>\n<p>&nbsp;<\/p>\n<ul>\n<li><span style=\"font-family: times new roman, times, serif; font-size: 14pt;\"><strong>Changements sur la ligne de front en Ukraine\u00a0: \u00c9normes morceaux de territoire perdus en faveur de la Russie. D\u2019une mani\u00e8re ou d\u2019une autre\u2026 aucune capture par l\u2019Ukraine&#8230;<\/strong> (sur <em>Politique de d\u00e9fense Asie<\/em> (DPA) &#8211; <a href=\"https:\/\/www.youtube.com\/watch?v=omzl9rfjBgg\">https:\/\/www.youtube.com\/watch?v=omzl9rfjBgg<\/a> ).<\/span><\/li>\n<\/ul>\n<p>&nbsp;<\/p>\n<ul>\n<li><span style=\"font-family: times new roman, times, serif; font-size: 14pt;\"><strong>D\u00e9cret d\u2019expulsion de Trump contre les \u00e9tudiants munis de visas qui manifestent en faveur de la Palestine<\/strong> \u2013 Explicaton. (par Glenn Greenwald, sur <em>Rumble<\/em>). <a href=\"https:\/\/www.youtube.com\/watch?v=8K30PmSCrI8&amp;t=158s\">https:\/\/www.youtube.com\/watch?v=8K30PmSCrI8&amp;t=158s<\/a><\/span><\/li>\n<\/ul>\n<p>&nbsp;<\/p>\n<ul>\n<li><span style=\"font-family: times new roman, times, serif; font-size: 14pt;\"><strong>Richard D. Wolff &amp; Michael Hudson : L\u2019impasse d\u2019Isra\u00ebl &#8211; Effondrement de l\u2019empire US : tout contact perdu avec la r\u00e9alit\u00e9.<\/strong> (interview\u00e9s sur <em>Dialogue Works<\/em> par Nima Alkhorshid &#8211; <a href=\"https:\/\/www.youtube.com\/watch?v=os25VsKEFyw&amp;t=11s\">https:\/\/www.youtube.com\/watch?v=os25VsKEFyw&amp;t=11s<\/a> ).<\/span><\/li>\n<\/ul>\n<p>&nbsp;<\/p>\n<ul>\n<li><span style=\"font-family: times new roman, times, serif; font-size: 14pt;\"><strong>Au S\u00e9nat, Tulsi casse la baraque !<\/strong> (Sur <em>Ron Paul Libert(y Report<\/em>\u00a0: <a href=\"https:\/\/www.youtube.com\/watch?v=ycrOdauuVjw&amp;t=71s\">https:\/\/www.youtube.com\/watch?v=ycrOdauuVjw&amp;t=71s<\/a> ).<\/span><\/li>\n<\/ul>\n<p>&nbsp;<\/p>\n<ul>\n<li><span style=\"font-family: times new roman, times, serif; font-size: 14pt;\"><strong>Pepe Escobar : Que manigance le sultan Erdogan ?<\/strong> (interview\u00e9 par le juge Napolitano s<em>\/Judging Freedom<\/em>: <a href=\"https:\/\/www.youtube.com\/watch?v=_otsFdpOLv0\">https:\/\/www.youtube.com\/watch?v=_otsFdpOLv0<\/a> ).<\/span><\/li>\n<\/ul>\n<p>&nbsp;<\/p>\n<ul>\n<li><span style=\"font-family: times new roman, times, serif; font-size: 14pt;\"><strong>Aaron Mat\u00e9\u00a0: Ce que co\u00fbte la mise an rancart de la diplomatie<\/strong> (avec le juge Napolitano, sur <em>Judging Freedom<\/em>: <a href=\"https:\/\/www.youtube.com\/watch?v=SCRdBpUTmE0&amp;t=1s\">https:\/\/www.youtube.com\/watch?v=SCRdBpUTmE0&amp;t=1s<\/a>).<\/span><\/li>\n<\/ul>\n<p>&nbsp;<\/p>\n<ul>\n<li><span style=\"font-family: times new roman, times, serif; font-size: 14pt;\"><strong>Patrick Henningsen : Les villes ukrainiennnes ne cessent de tomber <\/strong><\/span><span style=\"font-family: times new roman, times, serif; font-size: 14pt;\">(interview\u00e9 par l\u2019officier du Pentagone \u00e0 la retraite <a href=\"https:\/\/en.wikipedia.org\/wiki\/Daniel_L._Davis\"><strong>Daniel Davis<\/strong><\/a> sur <em>Daniel Davis Deep Drive<\/em>\u00a0: <a href=\"https:\/\/www.youtube.com\/watch?v=NISC6qftR_A\">https:\/\/www.youtube.com\/watch?v=NISC6qftR_A<\/a> ).<\/span><\/li>\n<\/ul>\n<p>&nbsp;<\/p>\n<ul>\n<li><span style=\"font-family: times new roman, times, serif; font-size: 14pt;\"><strong>Ray McGovern : Audience sur Tulsi Gabbard &#8211; Zelensky, Netanyahu et Trump : l\u2019Am\u00e9rique d\u2019abord en ligne de mire.<\/strong> \u2018(interview\u00e9 par Nima Alkhorshid sur <em>Dialogue Works<\/em>: <a href=\"https:\/\/www.youtube.com\/watch?v=aQTFFHhs4ps\">https:\/\/www.youtube.com\/watch?v=aQTFFHhs4ps<\/a> ).<\/span><\/li>\n<\/ul>\n<p>&nbsp;<\/p>\n<ul>\n<li><span style=\"font-family: times new roman, times, serif; font-size: 14pt;\"><strong>Tulsi remet les pendules \u00e0 l\u2019heure \/ Audience de confirmation du DNI.<\/strong> (sur <em>Daniel Davis Deep Drive<\/em>: <a href=\"https:\/\/www.youtube.com\/watch?v=PWCDGscIZ0g&amp;t=62s\">https:\/\/www.youtube.com\/watch?v=PWCDGscIZ0g&amp;t=62s<\/a> ).<\/span><\/li>\n<\/ul>\n<p>&nbsp;<\/p>\n<ul>\n<li><span style=\"font-family: times new roman, times, serif; font-size: 14pt;\"><strong>L\u2019aide de Trump s\u2019arr\u00eate, Kiev panique ; Plaide pour l\u2019aide de l\u2019UE\u00a0; Les experts : L\u2019arm\u00e9e russe est d\u00e9sormais plus forte que l\u2019OTAN <\/strong>. (Alexander Mercouris, sur <em>The Duran<\/em>:\u00a0: <a href=\"https:\/\/www.youtube.com\/watch?v=oprur4voQCk\">https:\/\/www.youtube.com\/watch?v=oprur4voQCk<\/a> ).<\/span><\/li>\n<\/ul>\n<p>&nbsp;<\/p>\n<ul>\n<li><span style=\"font-family: times new roman, times, serif; font-size: 14pt;\"><strong>Les groupes de r\u00e9flexion bellicistes expos\u00e9s, discussion avec le chercheur Nick Cleveland-Stout. <\/strong>(Glenn Greenwald, sur <em>System Update<\/em> via <em>Rumble\u00a0: <\/em><a href=\"https:\/\/www.youtube.com\/watch?v=s1luRfpAgXA&amp;t=60s\">https:\/\/www.youtube.com\/watch?v=s1luRfpAgXA&amp;t=60s<\/a> ).<\/span><\/li>\n<\/ul>\n<p><span style=\"font-family: times new roman, times, serif; font-size: 14pt;\"><strong>\u00a0<\/strong><\/span><\/p>\n<ul>\n<li><span style=\"font-family: times new roman, times, serif; font-size: 14pt;\"><strong>Andre\u00ef Martyanov : La strat\u00e9gie de la Russie pour d\u00e9sarmer l\u2019OTAN.<\/strong> (avec Nima Alkhorshid, sur <em>Dialogue Works<\/em>; <a href=\"https:\/\/www.youtube.com\/watch?v=yvQzk7kQu-0\">https:\/\/www.youtube.com\/watch?v=yvQzk7kQu-0<\/a> ).<\/span><\/li>\n<\/ul>\n<p><span style=\"font-family: times new roman, times, serif; font-size: 14pt;\"><strong>\u00a0<\/strong><\/span><\/p>\n<ul>\n<li><span style=\"font-family: times new roman, times, serif; font-size: 14pt;\"><strong>Colonel Lawrence Wilkerson\u00a0: Trump et la guerre en Ukraine<\/strong>. (Sur <em>Judging Freedom<\/em>, avec le juge Napolitano\u00a0: <a href=\"https:\/\/www.youtube.com\/watch?v=96UhnKqJrw4\">https:\/\/www.youtube.com\/watch?v=96UhnKqJrw4<\/a> ).<\/span><\/li>\n<\/ul>\n<p>&nbsp;<\/p>\n<ul>\n<li><span style=\"font-family: times new roman, times, serif; font-size: 14pt;\"><strong>IIe Guerre froide \u00a0: Offensive massive russe sur le front ouest. R\u00e9sum\u00e9 et analyse militaires\u00a0 31.01.2025 :<\/strong> (<a href=\"https:\/\/www.youtube.com\/watch?v=8YWLmkYL9ow\">https:\/\/www.youtube.com\/watch?v=8YWLmkYL9ow<\/a> ).<\/span><\/li>\n<\/ul>\n<p>&nbsp;<\/p>\n<p style=\"text-align: left;\"><span style=\"font-family: times new roman, times, serif; font-size: 14pt;\">URL de cet article : <a href=\"http:\/\/blog.lesgrossesorchadeslesamplesthalameges.fr\/index.php\/les-videos-incontournables-a-voir-en-un-seul-jour-sur-le-site-newsletter-of-a-sceptic\/\">http:\/\/blog.lesgrossesorchadeslesamplesthalameges.fr\/index.php\/les-videos-incontournables-a-voir-en-un-seul-jour-sur-le-site-newsletter-of-a-sceptic\/<\/a><br \/>\n<\/span><\/p>\n<p>&nbsp;<\/p>\n<p>&nbsp;<\/p>\n<p style=\"text-align: center;\"><a href=\"http:\/\/blog.lesgrossesorchadeslesamplesthalameges.fr\/index.php\/2025\/02\/01\/une-journee-historique\/000-russep-x-53\/\" rel=\"attachment wp-att-24354\"><img loading=\"lazy\" class=\"alignnone size-full wp-image-24354\" src=\"http:\/\/blog.lesgrossesorchadeslesamplesthalameges.fr\/wp-content\/uploads\/2025\/02\/000.-russep-x-1.gif\" alt=\"\" width=\"50\" height=\"50\" \/><\/a><\/p>\n<p>&nbsp;<\/p>\n<p style=\"text-align: right;\"><span style=\"font-family: comic sans ms, sans-serif; font-size: 14pt;\">Janvier 2025<\/span><\/p>\n","protected":false},"excerpt":{"rendered":"<p>&nbsp; &nbsp; &nbsp; &nbsp; &nbsp; &nbsp; &nbsp; Les vid\u00e9os incontournables \u00e0 voir en un seul jour sur le site \u00a0Newsletter of a SCEPTIC &nbsp; [Lettre d\u2019information d\u2019un sceptique] &nbsp; \u00a0 Bien s\u00fbr, c\u2019est en anglais. Pour une fois, ce n\u2019est pas la faute aux anglo-saxons mais la n\u00f4tre. L\u2019\u00e9poque de la Grande Catherine, o\u00f9 on&#8230;<\/p>\n","protected":false},"author":1,"featured_media":0,"parent":0,"menu_order":0,"comment_status":"open","ping_status":"open","template":"","meta":[],"_links":{"self":[{"href":"https:\/\/blog.lesgrossesorchadeslesamplesthalameges.fr\/index.php\/wp-json\/wp\/v2\/pages\/24430"}],"collection":[{"href":"https:\/\/blog.lesgrossesorchadeslesamplesthalameges.fr\/index.php\/wp-json\/wp\/v2\/pages"}],"about":[{"href":"https:\/\/blog.lesgrossesorchadeslesamplesthalameges.fr\/index.php\/wp-json\/wp\/v2\/types\/page"}],"author":[{"embeddable":true,"href":"https:\/\/blog.lesgrossesorchadeslesamplesthalameges.fr\/index.php\/wp-json\/wp\/v2\/users\/1"}],"replies":[{"embeddable":true,"href":"https:\/\/blog.lesgrossesorchadeslesamplesthalameges.fr\/index.php\/wp-json\/wp\/v2\/comments?post=24430"}],"version-history":[{"count":7,"href":"https:\/\/blog.lesgrossesorchadeslesamplesthalameges.fr\/index.php\/wp-json\/wp\/v2\/pages\/24430\/revisions"}],"predecessor-version":[{"id":24437,"href":"https:\/\/blog.lesgrossesorchadeslesamplesthalameges.fr\/index.php\/wp-json\/wp\/v2\/pages\/24430\/revisions\/24437"}],"wp:attachment":[{"href":"https:\/\/blog.lesgrossesorchadeslesamplesthalameges.fr\/index.php\/wp-json\/wp\/v2\/media?parent=24430"}],"curies":[{"name":"wp","href":"https:\/\/api.w.org\/{rel}","templated":true}]}}