{"id":2445,"date":"2019-02-10T23:03:46","date_gmt":"2019-02-10T22:03:46","guid":{"rendered":"http:\/\/blog.lesgrossesorchadeslesamplesthalameges.fr\/?page_id=2445"},"modified":"2019-02-10T23:03:46","modified_gmt":"2019-02-10T22:03:46","slug":"manuel-valls-vous-vous-souvenez","status":"publish","type":"page","link":"https:\/\/blog.lesgrossesorchadeslesamplesthalameges.fr\/index.php\/manuel-valls-vous-vous-souvenez\/","title":{"rendered":"MANUEL VALLS, VOUS VOUS SOUVENEZ ?"},"content":{"rendered":"<p>&nbsp;<\/p>\n<p>&nbsp;<\/p>\n<p>&nbsp;<\/p>\n<p>&nbsp;<\/p>\n<p style=\"text-align: center;\"><span style=\"font-family: times new roman, times, serif; font-size: 36pt;\"><strong>Manuel Valls, vous vous souvenez\u00a0?<\/strong><\/span><\/p>\n<p style=\"text-align: center;\"><span style=\"font-size: 18pt; font-family: times new roman, times, serif;\"><em><strong>La Lettre Patriote\u00a0 &#8211;<\/strong><\/em> <span style=\"font-size: 14pt;\">9.2.2019<\/span><\/span><\/p>\n<p>&nbsp;<\/p>\n<p>&nbsp;<\/p>\n<p style=\"text-align: center;\"><strong>\u00a0<img loading=\"lazy\" class=\"alignnone wp-image-2446\" src=\"http:\/\/blog.lesgrossesorchadeslesamplesthalameges.fr\/wp-content\/uploads\/2019\/02\/VALLS-\u00e0-Barcelone-1-300x150.jpg\" alt=\"\" width=\"600\" height=\"300\" srcset=\"https:\/\/blog.lesgrossesorchadeslesamplesthalameges.fr\/wp-content\/uploads\/2019\/02\/VALLS-\u00e0-Barcelone-1-300x150.jpg 300w, https:\/\/blog.lesgrossesorchadeslesamplesthalameges.fr\/wp-content\/uploads\/2019\/02\/VALLS-\u00e0-Barcelone-1.jpg 630w\" sizes=\"(max-width: 600px) 100vw, 600px\" \/><\/strong><\/p>\n<p>&nbsp;<\/p>\n<p>&nbsp;<\/p>\n<p style=\"text-align: justify;\"><span style=\"font-family: arial, helvetica, sans-serif; font-size: 14pt;\">Ah, Manuel Valls, l\u2019in\u00e9narrable. Sa main qui tremble, ses rodomontades, ses reniements et ses abandons. A lui tout seul, un r\u00e9sum\u00e9 de ce que la classe politique fran\u00e7aise peut avoir de moins reluisant. Il faut \u00eatre de gauche, sinc\u00e8rement de gauche, pour avoir senti dans sa chair la puissance des reniements de ce gars-l\u00e0.<\/span><\/p>\n<p style=\"text-align: justify;\"><span style=\"font-family: arial, helvetica, sans-serif; font-size: 14pt;\">Son dernier revirement\u00a0: retourner en Espagne, \u00e0 la recherche de quelques parts de march\u00e9s tomb\u00e9es au sol et qu\u2019il esp\u00e8re bonnes \u00e0 ramasser. L\u2019ancien premier ministre de France veut devenir maire de Barcelone. On a les ambitions qu\u2019on peut.<\/span><\/p>\n<p style=\"text-align: justify;\"><span style=\"font-family: arial, helvetica, sans-serif; font-size: 14pt;\">Mais ce qui est int\u00e9ressant dans cette \u00e9volution, c\u2019est que le bonhomme n\u2019essaie m\u00eame plus de se faire passer pour un homme de gauche. A tel point que <em>Le\u00a0Parisien<\/em> nous apprend cette semaine que Manolo participera dimanche \u00e0 une grande manifestation\u2026 CONTRE LE GOUVERNEMENT SOCIALISTE\u00a0! Oui, vous avez bien lu\u00a0: l\u2019ancien premier ministre de Fran\u00e7ois Hollande manifestera aux c\u00f4t\u00e9s de la droite et de l\u2019extr\u00eame-droite espagnole. Bien \u00e9videmment, il le nie\u00a0! Sur son compte Twitter, il s\u2019offusque m\u00eame qu\u2019on puisse faire ce rapprochement. Nous traduisons en fran\u00e7ais\u00a0:<\/span><\/p>\n<p>&nbsp;<\/p>\n<p style=\"text-align: justify; padding-left: 120px;\"><span style=\"font-family: arial, helvetica, sans-serif; font-size: 14pt;\"><em>Il est \u00ab\u00a0faux\u00a0\u00bb de dire que c\u2019est une \u00ab\u00a0manifestation de la droite ou de l\u2019extr\u00eame droite\u00a0\u00bb. \u00ab\u00a0C\u2019est une manifestation transversale, dans le m\u00eame esprit que la manifestation constitutionnaliste du 8 octobre 2017 \u00e0 Barcelone\u00a0\u00bb<\/em><\/span><\/p>\n<p style=\"text-align: justify; padding-left: 120px;\"><span style=\"font-family: arial, helvetica, sans-serif; font-size: 14pt;\"><em>Manuel Valls, sur Twitter, en espagnol, le 8 f\u00e9vrier 2019<\/em><\/span><\/p>\n<p>&nbsp;<\/p>\n<p style=\"text-align: justify;\"><span style=\"font-family: arial, helvetica, sans-serif; font-size: 14pt;\">Reste que l\u2019ancien locataire de Matignon n\u2019a semble-t-il pas fini de faire des pirouettes. Lorsqu\u2019il ne sera pas \u00e9lu \u00e0 la mairie de Barcelone, en mai, o\u00f9 d\u00e9cidera-t-il d\u2019amener son auguste personne\u00a0?<\/span><\/p>\n<p style=\"text-align: justify;\"><span style=\"font-family: arial, helvetica, sans-serif; font-size: 14pt;\">Source\u00a0: <\/span><a href=\"https:\/\/lalettrepatriote.com\/manuel-valls-vous-vous-souvenez\/\"><span style=\"font-family: arial, helvetica, sans-serif; font-size: 14pt;\">https:\/\/lalettrepatriote.com\/manuel-valls-vous-vous-souvenez\/<\/span><\/a><\/p>\n<p>&nbsp;<\/p>\n<p>&nbsp;<\/p>\n<p style=\"text-align: center;\"><strong>\u00a0<img loading=\"lazy\" class=\"alignnone wp-image-2363\" src=\"http:\/\/blog.lesgrossesorchadeslesamplesthalameges.fr\/wp-content\/uploads\/2019\/02\/BHL-VALLS-212x300.jpg\" alt=\"\" width=\"450\" height=\"636\" srcset=\"https:\/\/blog.lesgrossesorchadeslesamplesthalameges.fr\/wp-content\/uploads\/2019\/02\/BHL-VALLS-212x300.jpg 212w, https:\/\/blog.lesgrossesorchadeslesamplesthalameges.fr\/wp-content\/uploads\/2019\/02\/BHL-VALLS.jpg 473w\" sizes=\"(max-width: 450px) 100vw, 450px\" \/><\/strong><\/p>\n<p><strong>\u00a0<\/strong><\/p>\n<p>&nbsp;<\/p>\n<p>&nbsp;<\/p>\n<p style=\"text-align: right;\"><span style=\"font-family: comic sans ms, sans-serif; font-size: 14pt;\">10 f\u00e9vrier 2019<\/span><\/p>\n<p>&nbsp;<\/p>\n<p>&nbsp;<\/p>\n<p>&nbsp;<\/p>\n","protected":false},"excerpt":{"rendered":"<p>&nbsp; &nbsp; &nbsp; &nbsp; Manuel Valls, vous vous souvenez\u00a0? La Lettre Patriote\u00a0 &#8211; 9.2.2019 &nbsp; &nbsp; \u00a0 &nbsp; &nbsp; Ah, Manuel Valls, l\u2019in\u00e9narrable. Sa main qui tremble, ses rodomontades, ses reniements et ses abandons. A lui tout seul, un r\u00e9sum\u00e9 de ce que la classe politique fran\u00e7aise peut avoir de moins reluisant. Il faut \u00eatre&#8230;<\/p>\n","protected":false},"author":1,"featured_media":0,"parent":0,"menu_order":0,"comment_status":"open","ping_status":"open","template":"","meta":[],"_links":{"self":[{"href":"https:\/\/blog.lesgrossesorchadeslesamplesthalameges.fr\/index.php\/wp-json\/wp\/v2\/pages\/2445"}],"collection":[{"href":"https:\/\/blog.lesgrossesorchadeslesamplesthalameges.fr\/index.php\/wp-json\/wp\/v2\/pages"}],"about":[{"href":"https:\/\/blog.lesgrossesorchadeslesamplesthalameges.fr\/index.php\/wp-json\/wp\/v2\/types\/page"}],"author":[{"embeddable":true,"href":"https:\/\/blog.lesgrossesorchadeslesamplesthalameges.fr\/index.php\/wp-json\/wp\/v2\/users\/1"}],"replies":[{"embeddable":true,"href":"https:\/\/blog.lesgrossesorchadeslesamplesthalameges.fr\/index.php\/wp-json\/wp\/v2\/comments?post=2445"}],"version-history":[{"count":0,"href":"https:\/\/blog.lesgrossesorchadeslesamplesthalameges.fr\/index.php\/wp-json\/wp\/v2\/pages\/2445\/revisions"}],"wp:attachment":[{"href":"https:\/\/blog.lesgrossesorchadeslesamplesthalameges.fr\/index.php\/wp-json\/wp\/v2\/media?parent=2445"}],"curies":[{"name":"wp","href":"https:\/\/api.w.org\/{rel}","templated":true}]}}