{"id":24505,"date":"2025-02-09T20:38:08","date_gmt":"2025-02-09T19:38:08","guid":{"rendered":"http:\/\/blog.lesgrossesorchadeslesamplesthalameges.fr\/?page_id=24505"},"modified":"2025-02-09T22:06:44","modified_gmt":"2025-02-09T21:06:44","slug":"dr-jekyll-et-hyde-les-assad-et-loccident","status":"publish","type":"page","link":"https:\/\/blog.lesgrossesorchadeslesamplesthalameges.fr\/index.php\/dr-jekyll-et-hyde-les-assad-et-loccident\/","title":{"rendered":"Dr. Jekyll et % Hyde &#8211; Les ASSAD et l&rsquo;Occident"},"content":{"rendered":"<p>&nbsp;<\/p>\n<p>&nbsp;<\/p>\n<p>&nbsp;<\/p>\n<p>&nbsp;<\/p>\n<p>&nbsp;<\/p>\n<p>&nbsp;<\/p>\n<p>&nbsp;<\/p>\n<p>&nbsp;<\/p>\n<p style=\"text-align: center;\"><strong><span style=\"font-family: times new roman, times, serif; font-size: 24pt;\">Dr. Jekyll et M. Hyde\u00a0:<\/span><\/strong><\/p>\n<p style=\"text-align: center;\"><strong><span style=\"font-family: times new roman, times, serif; font-size: 36pt;\">Les Assad et l\u2019Occident<\/span><\/strong><\/p>\n<p>&nbsp;<\/p>\n<p style=\"text-align: center;\"><strong><span style=\"font-family: times new roman, times, serif; font-size: 18pt;\"><a href=\"http:\/\/blog.lesgrossesorchadeslesamplesthalameges.fr\/index.php\/2025\/02\/09\/la-syrie-apres-les-assad\/000-logo-duran-2\/\" rel=\"attachment wp-att-24478\"><img loading=\"lazy\" class=\"alignnone wp-image-24478\" src=\"http:\/\/blog.lesgrossesorchadeslesamplesthalameges.fr\/wp-content\/uploads\/2025\/02\/000.-logo-Duran.png\" alt=\"\" width=\"75\" height=\"75\" \/><\/a><a href=\"https:\/\/theduran.com\/author\/vangelis\/\">Evangelos Venetis <\/a>\u00a0\u2013 The Duran \u2013 16.1.2025<\/span><\/strong><\/p>\n<p style=\"text-align: center;\"><span style=\"font-family: times new roman, times, serif; font-size: 18pt;\">Traduction :<strong><em> L.G.O.<\/em><\/strong><\/span><\/p>\n<p>&nbsp;<\/p>\n<p>&nbsp;<\/p>\n<p style=\"text-align: justify;\"><strong><span style=\"font-family: times new roman, times, serif; font-size: 14pt;\">[ Le Dr. Evangelos Venetis est un expert sur l\u2019Islam et le Moyen Orient \/ <a href=\"https:\/\/evenetis.wordpress.com\/\">evenetis.wordpress.com<\/a> ]<\/span><\/strong><\/p>\n<p>&nbsp;<\/p>\n<p style=\"text-align: justify;\"><span style=\"font-family: times new roman, times, serif; font-size: 14pt;\">Le renversement d&rsquo;Assad en Syrie fait partie de la guerre en Palestine et, apr\u00e8s la guerre au Liban, constitue l&rsquo;escalade et la r\u00e9gionalisation tant attendues de la guerre au Moyen-Orient, avec pour enjeu la cr\u00e9ation d&rsquo;un \u00c9tat palestinien ind\u00e9pendant. Elle s&rsquo;inscrit \u00e9galement dans le cadre des efforts d\u00e9ploy\u00e9s par Isra\u00ebl et les USA pour stopper l&rsquo;avanc\u00e9e de l&rsquo;Axe de la R\u00e9sistance par des frappes chirurgicales sur la structure dirigeante des pays et des organisations de l&rsquo;Axe de la R\u00e9sistance. Dans cette optique, le renversement d&rsquo;Assad est un maillon de la cha\u00eene de frappes contre Nasrallah, Haniyeh, Shinwar, etc. La diff\u00e9rence dans le cas d&rsquo;Assad, cependant, est qu&rsquo;il s&rsquo;agit d&rsquo;un renversement total du r\u00e9gime la\u00efc et pro-occidental quoique anti-USA qui a gouvern\u00e9 la Syrie pendant cinquante-quatre ans, avec Assad rest\u00e9 en vie et en exil. Le renversement d&rsquo;Assad est comparable, par son ampleur, au renversement de Saddam Hussein en Irak en 2003.<\/span><\/p>\n<p style=\"text-align: justify;\"><span style=\"font-family: times new roman, times, serif; font-size: 14pt;\">En ce qui concerne l&rsquo;avenir de la Syrie, le coup d&rsquo;\u00c9tat qui a frapp\u00e9 Damas menace de ramener le pays \u00e0 l&rsquo;\u00e8re du chaos perp\u00e9tuel d&rsquo;avant 1970. Avec un contexte culturel et une mosa\u00efque ethnique communs avec le Liban et avec l&rsquo;interventionnisme constant de l&rsquo;Occident, des USA et d&rsquo;Isra\u00ebl, dans les affaires politiques du pays, la gouvernance de la Syrie apr\u00e8s 1917 et surtout apr\u00e8s 1945 a \u00e9t\u00e9 un casse-t\u00eate constant pour les Syriens. Les coups d&rsquo;\u00c9tat fr\u00e9quents de 1945 \u00e0 1970 ont laiss\u00e9 la Syrie faible et divis\u00e9e au milieu des guerres isra\u00e9lo-arabes. C&rsquo;est le baasiste Hafez al-Assad qui, avec son fils Bachar, a su apporter la stabilit\u00e9 \u00e0 la vie politique du pays pendant 54 ans, le gouvernant d&rsquo;une main de fer et en faisant le principal alli\u00e9 arabe des Palestiniens, adversaire-cl\u00e9 d&rsquo;Isra\u00ebl plus encore que Saddam Hussein. Le lourd tribut pay\u00e9 \u00e0 la vie politique par les Syriens a \u00e9t\u00e9 la pers\u00e9cution des \u00e9l\u00e9ments subversifs de la majorit\u00e9 sunnite qui, avec le soutien des USA et d&rsquo;Isra\u00ebl, ont cherch\u00e9 \u00e0 renverser les intransigeants Assad pour une seule et unique raison : parce qu\u2019ils n\u2019ont jamais accept\u00e9 d&rsquo;abandonner les Palestiniens en \u00e9change d&rsquo;un r\u00e9gime co-dominant dans le Golan syrien occup\u00e9 par Isra\u00ebl depuis 1967, comme l&rsquo;a fait l&rsquo;\u00c9gyptien Sadate en 1978 avec la p\u00e9ninsule du Sina\u00ef.<\/span><\/p>\n<p style=\"text-align: justify;\"><span style=\"font-family: times new roman, times, serif; font-size: 14pt;\">C&rsquo;est aussi la seule et unique raison pour laquelle l&rsquo;Occident a diabolis\u00e9 et combattu les Assad, coupant la vie politique int\u00e9rieure de la vie politique ext\u00e9rieure de la Syrie en mati\u00e8re de communication. La question politique int\u00e9rieure telle que vue par les Occidentaux\u00a0: \u00ab comment les Syriens ont-ils support\u00e9 de vivre cinquante-quatre ans sous les Assad ? \u00bb trouve son parfait revers dans la question de politique \u00e9trang\u00e8re \u00ab comment les Assad ont-ils r\u00e9ussi \u00e0 gouverner pendant cinquante-quatre ans une Syrie rendue \u00e0 tout prix ingouvernable par les USA et Isra\u00ebl, qui n\u2019ont jamais cess\u00e9 de les saper \u00e0 coups de provocations, de coups d&rsquo;\u00c9tat, de \u00ab\u00a0printemps arabes\u00a0\u00bb et d\u2019asphyxiantes et inhumaines sanctions du type \u00ab\u00a0<a href=\"https:\/\/www.la-croix.com\/Monde\/Moyen-Orient\/Cesar-Act-Etats-Unis-veulent-accentuer-pression-Syrie-2020-06-17-1201100400\">Caesar Act\u00a0<\/a>\u00bb [sign\u00e9 par D. Trump en d\u00e9cembre 2019, NdT].<\/span><\/p>\n<p style=\"text-align: justify;\"><span style=\"font-family: times new roman, times, serif; font-size: 14pt;\">Aujourd&rsquo;hui, tout l&rsquo;Occident s\u2019est pr\u00e9cipit\u00e9 pour c\u00e9l\u00e9brer, peut-\u00eatre un peu pr\u00e9matur\u00e9ment, le renversement d&rsquo;Assad, oubliant ou voulant ignorer le caract\u00e8re la\u00efc et culturellement pro-occidental de son r\u00e8gne : alaouite lui-m\u00eame, il a \u00e9t\u00e9 un protecteur de toutes les minorit\u00e9s, en particulier des chr\u00e9tiens lorsqu\u2019ils ont \u00e9t\u00e9 pers\u00e9cut\u00e9s par l&rsquo;\u00c9tat Islamique d&rsquo;Irak (ISIS) alli\u00e9 \u00e0 l\u2019Occident, de m\u00eame qu\u2019il a toujours prot\u00e9g\u00e9 les territoires palestiniens occup\u00e9s par Isra\u00ebl. Cette politique d&rsquo;Assad consistant \u00e0 prot\u00e9ger toutes les minorit\u00e9s \u00e9tait en parfait accord avec celle revendiqu\u00e9e par l&rsquo;UE qui, cependant, jonglant avec ses habituels deux poids deux mesures, l&rsquo;a accus\u00e9 des lacunes du syst\u00e8me judiciaire syrien \u00e0 l&rsquo;\u00e9gard des oppositions pro-occidentales.<\/span><\/p>\n<p style=\"text-align: justify;\"><span style=\"font-family: times new roman, times, serif; font-size: 14pt;\">Aujourd&rsquo;hui, le caract\u00e8re la\u00efc de l&rsquo;\u00c9tat syrien est remis en question. Si on en juge par l\u2019Histoire, il n\u2019y a aucune raison d\u2019\u00eatre optimiste quant \u00e0 l&rsquo;unit\u00e9 et \u00e0 la stabilit\u00e9 du pays. Ceux qui sont aujourd&rsquo;hui consid\u00e9r\u00e9s comme les vainqueurs du renversement d&rsquo;Assad pourraient demain d\u00e9couvrir que leur triomphe est une victoire \u00e0 la Pyrrhus et se voir forc\u00e9s de s\u2019en repentir, comme cela s&rsquo;est produit en 2003 apr\u00e8s leur renversement de Saddam Hussein. \u00c0lors, beaucoup de ceux qui, dans leur myopie, c\u00e9l\u00e8brent aujourd&rsquo;hui la chute d&rsquo;Assad, se souviendront mais trop tard des jours de stabilit\u00e9 dans la Syrie d&rsquo;Assad.<\/span><\/p>\n<p style=\"text-align: justify;\"><span style=\"font-family: times new roman, times, serif; font-size: 14pt;\">Source : <a href=\"https:\/\/theduran.com\/dr-jekyll-and-mr-hyde-the-assads-and-the-west\/\">https:\/\/theduran.com\/dr-jekyll-and-mr-hyde-the-assads-and-the-west\/<\/a><\/span><\/p>\n<p>&nbsp;<\/p>\n<p>&nbsp;<\/p>\n<p style=\"text-align: center;\"><a href=\"http:\/\/blog.lesgrossesorchadeslesamplesthalameges.fr\/index.php\/2025\/02\/01\/une-journee-historique\/000-russep-x-53\/\" rel=\"attachment wp-att-24354\"><img loading=\"lazy\" class=\"alignnone size-full wp-image-24354\" src=\"http:\/\/blog.lesgrossesorchadeslesamplesthalameges.fr\/wp-content\/uploads\/2025\/02\/000.-russep-x-1.gif\" alt=\"\" width=\"50\" height=\"50\" \/><\/a><\/p>\n<p>&nbsp;<\/p>\n<p style=\"text-align: justify;\"><span style=\"font-family: times new roman, times, serif; font-size: 14pt;\">URL de cet article : <a href=\"http:\/\/blog.lesgrossesorchadeslesamplesthalameges.fr\/index.php\/dr-jekyll-et-hyde-les-assad-et-loccident\/\">http:\/\/blog.lesgrossesorchadeslesamplesthalameges.fr\/index.php\/dr-jekyll-et-hyde-les-assad-et-loccident\/<\/a><br \/>\n<\/span><\/p>\n<p>&nbsp;<\/p>\n<p style=\"text-align: right;\"><span style=\"font-family: comic sans ms, sans-serif; font-size: 14pt;\">Janvier 2025<\/span><\/p>\n<p>&nbsp;<\/p>\n","protected":false},"excerpt":{"rendered":"<p>&nbsp; &nbsp; &nbsp; &nbsp; &nbsp; &nbsp; &nbsp; &nbsp; Dr. Jekyll et M. Hyde\u00a0: Les Assad et l\u2019Occident &nbsp; Evangelos Venetis \u00a0\u2013 The Duran \u2013 16.1.2025 Traduction : L.G.O. &nbsp; &nbsp; [ Le Dr. Evangelos Venetis est un expert sur l\u2019Islam et le Moyen Orient \/ evenetis.wordpress.com ] &nbsp; Le renversement d&rsquo;Assad en Syrie fait partie&#8230;<\/p>\n","protected":false},"author":1,"featured_media":0,"parent":0,"menu_order":0,"comment_status":"open","ping_status":"open","template":"","meta":[],"_links":{"self":[{"href":"https:\/\/blog.lesgrossesorchadeslesamplesthalameges.fr\/index.php\/wp-json\/wp\/v2\/pages\/24505"}],"collection":[{"href":"https:\/\/blog.lesgrossesorchadeslesamplesthalameges.fr\/index.php\/wp-json\/wp\/v2\/pages"}],"about":[{"href":"https:\/\/blog.lesgrossesorchadeslesamplesthalameges.fr\/index.php\/wp-json\/wp\/v2\/types\/page"}],"author":[{"embeddable":true,"href":"https:\/\/blog.lesgrossesorchadeslesamplesthalameges.fr\/index.php\/wp-json\/wp\/v2\/users\/1"}],"replies":[{"embeddable":true,"href":"https:\/\/blog.lesgrossesorchadeslesamplesthalameges.fr\/index.php\/wp-json\/wp\/v2\/comments?post=24505"}],"version-history":[{"count":9,"href":"https:\/\/blog.lesgrossesorchadeslesamplesthalameges.fr\/index.php\/wp-json\/wp\/v2\/pages\/24505\/revisions"}],"predecessor-version":[{"id":24546,"href":"https:\/\/blog.lesgrossesorchadeslesamplesthalameges.fr\/index.php\/wp-json\/wp\/v2\/pages\/24505\/revisions\/24546"}],"wp:attachment":[{"href":"https:\/\/blog.lesgrossesorchadeslesamplesthalameges.fr\/index.php\/wp-json\/wp\/v2\/media?parent=24505"}],"curies":[{"name":"wp","href":"https:\/\/api.w.org\/{rel}","templated":true}]}}