{"id":24548,"date":"2025-02-09T22:40:49","date_gmt":"2025-02-09T21:40:49","guid":{"rendered":"http:\/\/blog.lesgrossesorchadeslesamplesthalameges.fr\/?page_id=24548"},"modified":"2025-02-09T22:43:00","modified_gmt":"2025-02-09T21:43:00","slug":"des-officiels-syriens-demandent-a-la-russie-de-payer-une-compensation-et-de-livrer-assad-reportage","status":"publish","type":"page","link":"https:\/\/blog.lesgrossesorchadeslesamplesthalameges.fr\/index.php\/des-officiels-syriens-demandent-a-la-russie-de-payer-une-compensation-et-de-livrer-assad-reportage\/","title":{"rendered":"Des officiels syriens demandent \u00e0 la Russie de \u00ab\u00a0payer une compensation\u00a0\u00bb et de livrer Assad\u00a0: Reportage"},"content":{"rendered":"<p style=\"text-align: justify;\"><span style=\"font-family: times new roman, times, serif; font-size: 14pt;\"><strong>\u00a0<\/strong><\/span><\/p>\n<p>&nbsp;<\/p>\n<p>&nbsp;<\/p>\n<p>&nbsp;<\/p>\n<p>&nbsp;<\/p>\n<p>&nbsp;<\/p>\n<p>&nbsp;<\/p>\n<p>&nbsp;<\/p>\n<p style=\"text-align: center;\"><span style=\"font-family: times new roman, times, serif; font-size: 14pt;\"><strong><span style=\"font-size: 36pt;\">Des officiels syriens demandent \u00e0 la Russie de \u00ab\u00a0payer une compensation\u00a0\u00bb et de livrer Assad\u00a0: Reportage<\/span> <\/strong><\/span><\/p>\n<p>&nbsp;<\/p>\n<p style=\"text-align: center;\"><span style=\"font-family: times new roman, times, serif; font-size: 24pt;\">Un fonctionnaire russe a d\u00e9clar\u00e9 que les discussions \u00e9taient g\u00e9n\u00e9ralement positives, mais qu&rsquo;aucun progr\u00e8s n&rsquo;avait encore \u00e9t\u00e9 r\u00e9alis\u00e9 sur le sort des bases de Moscou en Syrie.<\/span><\/p>\n<p>&nbsp;<\/p>\n<p style=\"text-align: center;\"><span style=\"font-family: times new roman, times, serif; font-size: 14pt;\"><a href=\"https:\/\/thecradle.co\/authors\/news-desk-9\"><span style=\"font-size: 18pt;\">News Desk<\/span><\/a><span style=\"font-size: 18pt;\"> \u2013<strong><em> The Cradle<\/em> \u2013 29.1.2025<\/strong><\/span><\/span><\/p>\n<p style=\"text-align: center;\"><span style=\"font-size: 18pt; font-family: times new roman, times, serif;\">Traduction :<strong> cl.<\/strong> pour <em>L.G.O.<\/em><\/span><\/p>\n<p>&nbsp;<\/p>\n<p>&nbsp;<\/p>\n<p style=\"text-align: center;\"><a href=\"http:\/\/blog.lesgrossesorchadeslesamplesthalameges.fr\/index.php\/2025\/02\/09\/la-syrie-apres-les-assad\/6-russesc-a-damasj%c2%a8g\/\" rel=\"attachment wp-att-24486\"><img loading=\"lazy\" class=\"alignnone wp-image-24486 size-full\" src=\"http:\/\/blog.lesgrossesorchadeslesamplesthalameges.fr\/wp-content\/uploads\/2025\/02\/6.-RUSSESC-A-DAMASJ\u00a8G.jpg\" alt=\"\" width=\"600\" height=\"337\" srcset=\"https:\/\/blog.lesgrossesorchadeslesamplesthalameges.fr\/wp-content\/uploads\/2025\/02\/6.-RUSSESC-A-DAMASJ\u00a8G.jpg 600w, https:\/\/blog.lesgrossesorchadeslesamplesthalameges.fr\/wp-content\/uploads\/2025\/02\/6.-RUSSESC-A-DAMASJ\u00a8G-300x169.jpg 300w\" sizes=\"(max-width: 600px) 100vw, 600px\" \/><\/a><\/p>\n<p style=\"text-align: center;\"><strong><em><span style=\"font-family: times new roman, times, serif; font-size: 12pt;\">\u00c0 gauche la delegation russe, \u00e0 droite : Ahmad al-Chareh, maintenant al-Joulani <\/span><br \/>\n<\/em><\/strong><\/p>\n<p style=\"text-align: center;\"><span style=\"font-family: times new roman, times, serif; font-size: 14pt;\">(Photo : NPA)<\/span><\/p>\n<p>&nbsp;<\/p>\n<p>&nbsp;<\/p>\n<p style=\"text-align: justify;\"><span style=\"font-family: times new roman, times, serif; font-size: 14pt;\">Une d\u00e9l\u00e9gation russe s&rsquo;est rendue en visite officielle \u00e0 Damas le 28 janvier, pour la premi\u00e8re fois depuis l&rsquo;effondrement du gouvernement de l&rsquo;ancien pr\u00e9sident Bachar al-Assad et la chute de la Syrie aux mains des groupes extr\u00e9mistes men\u00e9s par Hayat Tahrir al-Cham (HTS).<\/span><\/p>\n<p style=\"text-align: justify;\"><span style=\"font-family: times new roman, times, serif; font-size: 14pt;\">Les autorit\u00e9s syriennes auraient demand\u00e9 des \u00ab compensations \u00bb et que la Russie remette Assad aux autorit\u00e9s de Damas, selon <em><a href=\"https:\/\/www.reuters.com\/world\/russia-syria-hold-further-talks-russian-military-bases-syria-tass-reports-2025-01-29\/\">\u00a0Reuters<\/a>.<\/em><\/span><\/p>\n<p style=\"text-align: justify;\"><span style=\"font-family: times new roman, times, serif; font-size: 14pt;\">La d\u00e9l\u00e9gation \u00e9tait dirig\u00e9e par le vice-ministre russe des Affaires \u00e9trang\u00e8res, Mikha\u00efl Bogdanov. Au cours de la r\u00e9union, M. Bogdanov a rencontr\u00e9 le dirigeant de facto de la Syrie et chef des op\u00e9rations militaires du HTS, Ahmad al-Chareh (anciennement connu sous le nom d&rsquo;Abu Mohammad al-Joulani), ainsi que les ministres syriens de la Sant\u00e9 et des Affaires \u00e9trang\u00e8res.<\/span><\/p>\n<p style=\"text-align: justify;\"><span style=\"font-family: times new roman, times, serif; font-size: 14pt;\">\u00ab La r\u00e9union s&rsquo;est d\u00e9roul\u00e9e dans de bonnes conditions, elle a dur\u00e9 trois heures et a comport\u00e9 un d\u00eener officiel&#8230; D&rsquo;une mani\u00e8re g\u00e9n\u00e9rale, la r\u00e9union a \u00e9t\u00e9 constructive et l&rsquo;atmosph\u00e8re positive \u00bb, a d\u00e9clar\u00e9 M. Bogdanov \u00e0 la presse.<\/span><\/p>\n<p style=\"text-align: justify;\"><span style=\"font-family: times new roman, times, serif; font-size: 14pt;\">Selon le minist\u00e8re russe des Affaires \u00e9trang\u00e8res, les deux parties \u00ab sont convenues de poursuivre les contacts afin de renforcer les relations et la compr\u00e9hension dans le domaine de la politique \u00e9trang\u00e8re \u00bb. Le minist\u00e8re a ajout\u00e9 que Moscou \u00e9tait \u00ab pr\u00eat \u00e0 fournir l&rsquo;assistance n\u00e9cessaire \u00e0 la Syrie dans la phase de reconstruction du pays apr\u00e8s la crise \u00bb.<\/span><\/p>\n<p style=\"text-align: justify;\"><span style=\"font-family: times new roman, times, serif; font-size: 14pt;\">Il a \u00e9galement d\u00e9clar\u00e9 que les discussions avaient \u00e9t\u00e9 \u00ab franches \u00bb et que les pourparlers se poursuivraient.<\/span><\/p>\n<p style=\"text-align: justify;\"><span style=\"font-family: times new roman, times, serif; font-size: 14pt;\">La Russie et le nouveau gouvernement syrien ont exprim\u00e9 leur \u00ab d\u00e9sir de d\u00e9velopper une coop\u00e9ration bas\u00e9e sur les principes de l&rsquo;amiti\u00e9 \u00bb, a ajout\u00e9 le minist\u00e8re des Affaires \u00e9trang\u00e8res.<\/span><\/p>\n<p style=\"text-align: justify;\"><span style=\"font-family: times new roman, times, serif; font-size: 14pt;\">Une source syrienne cit\u00e9e par <em>Reuters<\/em> a d\u00e9clar\u00e9 que les autorit\u00e9s dirig\u00e9es par al-Chareha et le HTS ont demand\u00e9 \u00e0 la Russie une \u00ab compensation \u00bb financi\u00e8re et une aide \u00e0 la\u00a0 \u00ab reconstruction et au redressement \u00bb, \u00ab afin de r\u00e9tablir la confiance \u00bb.<\/span><\/p>\n<p style=\"text-align: justify;\"><span style=\"font-family: times new roman, times, serif; font-size: 14pt;\">La m\u00eame source a ajout\u00e9 qu\u2019al-Chareh a \u00e9galement demand\u00e9 \u00e0 Moscou de lui remettre Assad, qui a comme on le sait obtenu l&rsquo;asile dans la capitale russe apr\u00e8s la chute de son gouvernement. Lorsque Reuters lui a demand\u00e9 confirmation, Bogdanov s&rsquo;est refus\u00e9 \u00e0 tout commentaire.<\/span><\/p>\n<p style=\"text-align: justify;\"><span style=\"font-family: times new roman, times, serif; font-size: 14pt;\">Selon des rapports datant du mois dernier, Moscou aurait \u00e9t\u00e9 en contact avec les autorit\u00e9s de Damas concernant la possibilit\u00e9 pour la Russie de maintenir ses bases militaires en Syrie, en particulier la base a\u00e9rienne cl\u00e9 de Hmeimim, pr\u00e8s de la ville portuaire de Lattaqui\u00e9, et la base navale de Tartous. Le pr\u00e9sident russe Vladimir Poutine a d\u00e9clar\u00e9 publiquement en d\u00e9cembre que le sort des bases militaires de son pays en Syrie d\u00e9pendrait des actions des nouveaux dirigeants.<\/span><\/p>\n<p style=\"text-align: justify;\"><span style=\"font-family: times new roman, times, serif; font-size: 14pt;\">Des <a href=\"https:\/\/www.bbc.com\/news\/articles\/c14nk475nd5o\">images prises oar satellites<\/a> ont r\u00e9cemment montr\u00e9 le transport \u00e0 grande \u00e9chelle d&rsquo;\u00e9quipements et de v\u00e9hicules russes vers la base navale de Tartous. Bogdanov a <a href=\"https:\/\/www.almayadeen.net\/news\/politics\/-%D8%A8%D9%84%D9%88%D9%85%D8%A8%D8%B1%D8%BA---%D8%B3%D9%88%D8%B1%D9%8A%D8%A7-%D8%AA%D8%B7%D8%A7%D9%84%D8%A8-%D8%B1%D9%88%D8%B3%D9%8A%D8%A7-%D8%A8%D8%AA%D8%B9%D9%88%D9%8A%D8%B6%D8%A7%D8%AA---%D9%88%D8%A2%D9%85%D8%A7%D9%84-%D9%85%D9%88%D8%B3%D9%83%D9%88-%D8%A8%D8%A7%D9%84%D8%A7%D8%AD%D8%AA%D9%81%D8%A7\">d\u00e9clar\u00e9 aux journalistes<\/a> qu&rsquo;\u00ab aucun progr\u00e8s n&rsquo;a \u00e9t\u00e9 r\u00e9alis\u00e9 sur la question [des bases] \u00bb et que\u00a0 \u00ab d&rsquo;autres n\u00e9gociations sont n\u00e9cessaires \u00bb, selon l&rsquo;agence de presse russe TASS.<\/span><\/p>\n<p style=\"text-align: justify;\"><span style=\"font-family: times new roman, times, serif; font-size: 14pt;\">Il y a une semaine, le gouvernement syrien a annul\u00e9 un contrat avec une soci\u00e9t\u00e9 russe qui g\u00e8re le port de Tartous, et a redirig\u00e9 les revenus vers l&rsquo;\u00c9tat, a d\u00e9clar\u00e9 un fonctionnaire des douanes au journal syrien <em>Al-Watan<\/em>.<\/span><\/p>\n<p style=\"text-align: justify;\"><span style=\"font-family: times new roman, times, serif; font-size: 14pt;\"><a href=\"https:\/\/www.bloomberg.com\/news\/articles\/2025-01-28\/russia-s-hopes-to-keep-syria-bases-fade-with-talks-stalled\"><em>Bloomberg<\/em> <\/a>a rapport\u00e9 mardi, en citant une source inform\u00e9e, que la Russie \u00a0\u00abluttait \u00bb pour conserver ses bases en Syrie et que les n\u00e9gociations \u00e0 ce sujet \u00e9taient dans l&rsquo;impasse. Selon l&rsquo;agence de presse, deux navires russes, tous deux sanctionn\u00e9s par les \u00c9tats-Unis, auraient attendu pendant des semaines avant que les autorit\u00e9s syriennes ne les autorisent \u00e0 accoster \u00e0 la base navale la semaine derni\u00e8re.<\/span><\/p>\n<p style=\"text-align: justify;\"><span style=\"font-family: times new roman, times, serif; font-size: 14pt;\">L&rsquo;arm\u00e9e russe est intervenue en Syrie en 2015 \u00e0 la demande du gouvernement Assad, pour aider l&rsquo;Arm\u00e9e Arabe Syrienne \u00e0 faire refluer la mar\u00e9e des groupes extr\u00e9mistes qui s&rsquo;\u00e9taient empar\u00e9s de vastes pans du pays \u2013 en ce compris l\u2019ISIS et le Front al-Nosra (qui vient d\u2019\u00eatre rebaptis\u00e9 HTS).<\/span><\/p>\n<p style=\"text-align: justify;\"><span style=\"font-family: times new roman, times, serif; font-size: 14pt;\">Il y a des ann\u00e9es que les positions d-al Nosra-HTS sont r\u00e9guli\u00e8rement prises pour cible par l&rsquo;arm\u00e9e de l&rsquo;air russe dans le nord du gouvernorat d&rsquo;Idlib.<\/span><\/p>\n<p style=\"text-align: justify;\"><span style=\"font-family: times new roman, times, serif; font-size: 14pt;\">L&rsquo;organisation extr\u00e9miste a mis en place une autorit\u00e9 de transition en Syrie, dont les \u00e9l\u00e9ments m\u00e8nent une campagne violente contre la communaut\u00e9 alaouite et d&rsquo;autres groupes minoritaires. Les ex\u00e9cutions extrajudiciaires et les enl\u00e8vements sont devenus la norme en Syrie, entra\u00eenant un m\u00e9contentement dans tout le pays.<\/span><\/p>\n<p style=\"text-align: justify;\"><span style=\"font-family: times new roman, times, serif; font-size: 14pt;\">Pendant ce temps, l&rsquo;arm\u00e9e isra\u00e9lienne a mis en place une occupation g\u00e9n\u00e9ralis\u00e9e dans le sud de la Syrie.<\/span><\/p>\n<p style=\"text-align: justify;\"><span style=\"font-family: times new roman, times, serif; font-size: 14pt;\">Source : <a href=\"https:\/\/thecradle.co\/articles\/syrian-officials-ask-russia-to-pay-compensation-hand-over-assad-report\">https:\/\/thecradle.co\/articles\/syrian-officials-ask-russia-to-pay-compensation-hand-over-assad-report<\/a><strong>\u00a0 \u00a0<\/strong><\/span><\/p>\n<p>&nbsp;<\/p>\n<p>&nbsp;<\/p>\n<p style=\"text-align: center;\"><a href=\"http:\/\/blog.lesgrossesorchadeslesamplesthalameges.fr\/index.php\/2025\/02\/01\/une-journee-historique\/000-russep-x-53\/\" rel=\"attachment wp-att-24354\"><img loading=\"lazy\" class=\"alignnone size-full wp-image-24354\" src=\"http:\/\/blog.lesgrossesorchadeslesamplesthalameges.fr\/wp-content\/uploads\/2025\/02\/000.-russep-x-1.gif\" alt=\"\" width=\"50\" height=\"50\" \/><\/a><\/p>\n<p>&nbsp;<\/p>\n<p>&nbsp;<\/p>\n<p><span style=\"font-family: times new roman, times, serif; font-size: 14pt;\">URL de cet article : <a href=\"http:\/\/blog.lesgrossesorchadeslesamplesthalameges.fr\/index.php\/des-officiels-syriens-demandent-a-la-russie-de-payer-une-compensation-et-de-livrer-assad-reportage\/\">http:\/\/blog.lesgrossesorchadeslesamplesthalameges.fr\/index.php\/des-officiels-syriens-demandent-a-la-russie-de-payer-une-compensation-et-de-livrer-assad-reportage\/<\/a><br \/>\n<\/span><\/p>\n<p>&nbsp;<\/p>\n<p>&nbsp;<\/p>\n<p style=\"text-align: right;\"><span style=\"font-family: comic sans ms, sans-serif; font-size: 14pt;\">Janvier 2025<\/span><\/p>\n<p>&nbsp;<\/p>\n<p>&nbsp;<\/p>\n","protected":false},"excerpt":{"rendered":"<p>\u00a0 &nbsp; &nbsp; &nbsp; &nbsp; &nbsp; &nbsp; &nbsp; Des officiels syriens demandent \u00e0 la Russie de \u00ab\u00a0payer une compensation\u00a0\u00bb et de livrer Assad\u00a0: Reportage &nbsp; Un fonctionnaire russe a d\u00e9clar\u00e9 que les discussions \u00e9taient g\u00e9n\u00e9ralement positives, mais qu&rsquo;aucun progr\u00e8s n&rsquo;avait encore \u00e9t\u00e9 r\u00e9alis\u00e9 sur le sort des bases de Moscou en Syrie. &nbsp; News Desk&#8230;<\/p>\n","protected":false},"author":1,"featured_media":0,"parent":0,"menu_order":0,"comment_status":"open","ping_status":"closed","template":"","meta":[],"_links":{"self":[{"href":"https:\/\/blog.lesgrossesorchadeslesamplesthalameges.fr\/index.php\/wp-json\/wp\/v2\/pages\/24548"}],"collection":[{"href":"https:\/\/blog.lesgrossesorchadeslesamplesthalameges.fr\/index.php\/wp-json\/wp\/v2\/pages"}],"about":[{"href":"https:\/\/blog.lesgrossesorchadeslesamplesthalameges.fr\/index.php\/wp-json\/wp\/v2\/types\/page"}],"author":[{"embeddable":true,"href":"https:\/\/blog.lesgrossesorchadeslesamplesthalameges.fr\/index.php\/wp-json\/wp\/v2\/users\/1"}],"replies":[{"embeddable":true,"href":"https:\/\/blog.lesgrossesorchadeslesamplesthalameges.fr\/index.php\/wp-json\/wp\/v2\/comments?post=24548"}],"version-history":[{"count":6,"href":"https:\/\/blog.lesgrossesorchadeslesamplesthalameges.fr\/index.php\/wp-json\/wp\/v2\/pages\/24548\/revisions"}],"predecessor-version":[{"id":24554,"href":"https:\/\/blog.lesgrossesorchadeslesamplesthalameges.fr\/index.php\/wp-json\/wp\/v2\/pages\/24548\/revisions\/24554"}],"wp:attachment":[{"href":"https:\/\/blog.lesgrossesorchadeslesamplesthalameges.fr\/index.php\/wp-json\/wp\/v2\/media?parent=24548"}],"curies":[{"name":"wp","href":"https:\/\/api.w.org\/{rel}","templated":true}]}}