{"id":24556,"date":"2025-02-09T23:12:02","date_gmt":"2025-02-09T22:12:02","guid":{"rendered":"http:\/\/blog.lesgrossesorchadeslesamplesthalameges.fr\/?page_id=24556"},"modified":"2025-02-09T23:17:12","modified_gmt":"2025-02-09T22:17:12","slug":"24556-2","status":"publish","type":"page","link":"https:\/\/blog.lesgrossesorchadeslesamplesthalameges.fr\/index.php\/24556-2\/","title":{"rendered":"Cartes de pointage\u2026 Cartes de pointage\u2026  On ne peut pas parler d&rsquo;Al-Qa\u00efda sans Carte de pointage\u00a0!"},"content":{"rendered":"<p style=\"text-align: justify;\"><strong>\u00a0<\/strong><\/p>\n<p style=\"text-align: justify;\"><span style=\"font-family: times new roman, times, serif; font-size: 14pt;\"><strong>\u00a0<\/strong><\/span><\/p>\n<p style=\"text-align: justify;\"><span style=\"font-family: times new roman, times, serif; font-size: 14pt;\"><strong>\u00a0<\/strong><\/span><\/p>\n<p>&nbsp;<\/p>\n<p>&nbsp;<\/p>\n<p>&nbsp;<\/p>\n<p>&nbsp;<\/p>\n<p>&nbsp;<\/p>\n<p>&nbsp;<\/p>\n<p>&nbsp;<\/p>\n<p style=\"text-align: center;\"><span style=\"font-family: times new roman, times, serif; font-size: 36pt;\"><strong>Cartes de pointage\u2026 Cartes de pointage\u2026 <\/strong><\/span><\/p>\n<p style=\"text-align: center;\"><span style=\"font-family: times new roman, times, serif; font-size: 36pt;\"><strong>On ne peut pas parler d&rsquo;Al-Qa\u00efda sans Carte de pointage\u00a0!<\/strong><\/span><\/p>\n<p style=\"text-align: center;\"><span style=\"font-family: times new roman, times, serif; font-size: 14pt;\"><strong>\u00a0<\/strong><\/span><\/p>\n<p style=\"text-align: center;\"><span style=\"font-family: times new roman, times, serif; font-size: 14pt;\"><a href=\"https:\/\/substack.com\/@denniskucinich\"><strong><span style=\"font-size: 22pt;\">Dennis Kucinich<\/span><\/strong><\/a><span style=\"font-size: 18pt;\"><strong> \u2013 2.2.2025<\/strong><\/span><\/span><\/p>\n<p style=\"text-align: center;\"><span style=\"font-family: times new roman, times, serif; font-size: 18pt;\">Traduction\u00a0:<strong>\u00a0 c.l.<\/strong> pour<strong> <em>L.G.O.<\/em><\/strong><\/span><\/p>\n<p style=\"text-align: justify;\"><span style=\"font-family: times new roman, times, serif; font-size: 18pt;\"><strong>\u00a0<\/strong><\/span><\/p>\n<p>&nbsp;<\/p>\n<p style=\"text-align: justify;\"><strong><span style=\"font-family: tahoma, arial, helvetica, sans-serif; font-size: 14pt;\">Quand j&rsquo;\u00e9tais gamin et que j&rsquo;assistais aux matchs de baseball des <em>Indiens de Cleveland<\/em> \u00e0 l&rsquo;ancien stade municipal, un type mince coiff\u00e9 d\u2019une casquette de baseball des<em> Indiens<\/em> courait dans les trav\u00e9es en vendant des cartes de pointage aux cris de : \u00ab Cartes de pointage\u2026 Cartes de pointage\u2026 On ne peut pas rep\u00e9rer les joueurs sans Carte de pointage\u00a0! \u00bb.<\/span><\/strong><\/p>\n<p style=\"text-align: justify;\"><span style=\"font-family: times new roman, times, serif; font-size: 14pt;\">Il avait raison. Les Cartes de pointage indiquaient le nom, le num\u00e9ro et la place du joueur sur le terrain. Au fil des pages, on\u00a0 pouvait s\u2019amuser \u00e0 compter les points, suivre les courses, les coups et les erreurs des joueurs, par toutes sortes de notes \u00e9sot\u00e9riques port\u00e9es sur la fameuse Carte de pointage.<\/span><\/p>\n<p style=\"text-align: justify;\"><span style=\"font-family: times new roman, times, serif; font-size: 14pt;\">Le baseball a \u00e9volu\u00e9 au fil du temps. Les marqueurs d\u00e9sign\u00e9s ont modifi\u00e9 la strat\u00e9gie du jeu, la limitation des visites au monticule et les horloges \u00e0 lancer ont acc\u00e9l\u00e9r\u00e9 le jeu, les Cartes de pointage sont d\u00e9venues num\u00e9riques. et les <em>Cleveland Indians<\/em> ont chang\u00e9 de nom pour devenir les <em>Guardians.<\/em><\/span><\/p>\n<p style=\"text-align: justify;\"><span style=\"font-family: times new roman, times, serif; font-size: 14pt;\">Ce qui m\u2019am\u00e8ne \u00e0 la Syrie<\/span><\/p>\n<p style=\"text-align: justify;\"><span style=\"font-family: times new roman, times, serif; font-size: 14pt;\">La question de la Syrie semble retenir toute l&rsquo;attention de la commission s\u00e9natoriale sur le Renseignement\u2026 aussi longtemps qu\u2019il s&rsquo;agit de passer au crible le r\u00e9gime Assad d\u00e9chu, mais elle n\u2019a pas l\u2019air de comprendre le r\u00f4le jou\u00e9 par la CIA pour placer Al-Qa\u00efda, ou quel que soit le nom qu&rsquo;on lui donne aujourd\u2019hui, dans le si\u00e8ge du conducteur \u00e0 Damas.<\/span><\/p>\n<p style=\"text-align: justify;\"><span style=\"font-family: times new roman, times, serif; font-size: 14pt;\"><strong>Oui, vous avez bien lu, les dollars des contribuables US, que ce soit ou non par erreur, ont \u00e9t\u00e9 vers\u00e9s entre les mains de djihadistes, de consorts d&rsquo;Al-Qa\u00efda, d&rsquo;aventuriers h\u00e9t\u00e9roclites et de soldats de fortune, dans le but de faire tomber Assad.<\/strong><\/span><\/p>\n<p style=\"text-align: justify;\"><span style=\"font-family: times new roman, times, serif; font-size: 14pt;\">L&rsquo;ex-d\u00e9put\u00e9e r\u00e9publicaine Tulsi Gabbard, d&rsquo;Hawa\u00ef, et le s\u00e9nateur Rand Paul ont tent\u00e9 d\u2019attirer l&rsquo;attention du Congr\u00e8s sur cette question en introduisant la proposition de loi <strong>\u00ab <em>Arr\u00eatons d\u2019armer les terroristes<\/em> \u00bb.<\/strong> Malheureusement, cette proposition est rest\u00e9e lettre morte et les USA ont continu\u00e9 d\u2019armer les terroristes.<\/span><\/p>\n<p style=\"text-align: justify;\"><span style=\"font-family: times new roman, times, serif; font-size: 14pt;\">Bien entendu, les USA n\u2019ont pas \u00e9t\u00e9 le seul \u00c9tat-nation \u00e0 jouer en Syrie, qui est devenue une zone de comp\u00e9tition entre grandes puissances. La Russie et l&rsquo;Iran ont tent\u00e9 de soutenir la Syrie, tandis que la Turquie apportait son soutien \u00e0 Hayat Tahrir al-Sham (HTS).<\/span><\/p>\n<p style=\"text-align: justify;\"><span style=\"font-family: times new roman, times, serif; font-size: 14pt;\">Les meurtri\u00e8res et trompeuses machinations d\u2019\u00c9tat, sous pr\u00e9texte de \u00ab\u00a0lib\u00e9rer le monde de la menace d&rsquo;Al Qa\u00efda \u00bb, n&rsquo;excusent en rien les lacunes flagrantes ou les terribles abus du r\u00e9gime syrien. <em>[ tandis qu\u2019elles excusent celles et ceux des USA\u00a0? NdT]<\/em><\/span><\/p>\n<p style=\"text-align: justify;\"><span style=\"font-family: times new roman, times, serif; font-size: 14pt;\"><strong>Mais quand Al-Qa\u00efda, ses h\u00e9ritiers et ses ayants droit ont, d&rsquo;une mani\u00e8re ou d&rsquo;une autre, entrepris le voyage surr\u00e9aliste qui les a amen\u00e9s, de l&rsquo;\u00e9crasement d&rsquo;avions sur les tours du World Trade Center, le Pentagone et un champ du comt\u00e9 de Somerset, Pennsylvanie, au sommet du pouvoir avec l&rsquo;aide d&rsquo;une agence de renseignement US qui s\u2019est pris les pieds dans un de ses changements de r\u00e9gime, il serait temps d&rsquo;aller voir ce qui se passe sur le terrain.<\/strong><\/span><\/p>\n<p style=\"text-align: justify;\"><span style=\"font-family: times new roman, times, serif; font-size: 14pt;\">Je pense qu&rsquo;aucun Am\u00e9ricain qui avait plus de six ans le 11 septembre 2001 ne pourra jamais oublier ce qui s&rsquo;est pass\u00e9 ce jour-l\u00e0 ni qui en est responsable. Moi, je n&rsquo;ai certainement pas oubli\u00e9.<\/span><\/p>\n<p style=\"text-align: justify;\"><span style=\"font-family: times new roman, times, serif; font-size: 14pt;\">En tant que membre du Congr\u00e8s pendant 16 ans, j&rsquo;ai tenu le compte des points, des coups marqu\u00e9s et des erreurs commises par notre pays au Moyen-Orient, dans le but de mettre en garde contre les cons\u00e9quences de la politique US dans la r\u00e9gion. Voici donc une \u00ab Carte de pointage \u00bb sur la Syrie, que mes lecteurs pourront s\u2019ils veulent num\u00e9riser et envoyer \u00e0 leur repr\u00e9sentant au Congr\u00e8s :<\/span><\/p>\n<p style=\"text-align: justify;\"><span style=\"font-family: times new roman, times, serif; font-size: 14pt;\">Le nouveau chef autoproclam\u00e9 de la Syrie est n\u00e9 Ahmad Joulani. En tant que membre d&rsquo;Al-Qa\u00efda en Irak, op\u00e9rant sous les ordres d&rsquo;Al-Zarqawi, il s&rsquo;appelait Abu Mohammad al-Joulani, nom qu&rsquo;il a conserv\u00e9, tandis qu&rsquo;Al-Qa\u00efda en Irak (la branche d&rsquo;Al-Qa\u00efda fond\u00e9e par Oussama ben Laden en 1988) se transformait en \u00c9tat islamique d&rsquo;Irak (ISI), puis en \u00c9tat islamique d\u2019Irak et du Levant (ISIL).<\/span><\/p>\n<p style=\"text-align: justify;\"><span style=\"font-family: times new roman, times, serif; font-size: 14pt;\">Lors de l&rsquo;expansion d&rsquo;Al-Qa\u00efda en Irak en 2011, Joulani a re\u00e7u la franchise syrienne d&rsquo;Al-Qa\u00efda et l&rsquo;a rebaptis\u00e9e Jabhat al-Nusra (Front al-Nosra). En 2016, des rapports de presse ont affirm\u00e9 que Joulani s&rsquo;\u00e9tait s\u00e9par\u00e9 d&rsquo;Al-Qa\u00efda, la chose ressemblait davantage \u00e0 un fractionnement d&rsquo;actions qu&rsquo;\u00e0 une rupture. Joulani a d\u00e8s lors rebaptis\u00e9 son groupe Hayat Tahrir al-Sham (HTS), a pris le contr\u00f4le de la Syrie et s&rsquo;est m\u00eame rebaptis\u00e9 <a href=\"https:\/\/fr.wikipedia.org\/wiki\/Ahmed_al-Charaa\">Ahmed al-Chareh.<\/a><\/span><\/p>\n<p style=\"text-align: justify;\"><span style=\"font-family: times new roman, times, serif; font-size: 14pt;\"><strong>En r\u00e9sum\u00e9, Al-Qa\u00efda s&rsquo;est transform\u00e9 en Al-Qa\u00efda en Irak, en \u00c9tat islamique d&rsquo;Irak (EI), en \u00c9tat islamique d&rsquo;Irak et du Levant (ISIL), (qui s&rsquo;appelait \u00e0 l&rsquo;origine Jaish al-Ta&rsquo;ifa al-Mansurah), en \u00c9tat Islamique d&rsquo;Irak et de Syrie (ISIS, acronyme arabe \u00ab Daech \u00bb), puis en Jabhat al-Nosra, et est maintenant connu sous le nom de Hayat Tahrir al-Sham (HTS). Joulani, pour sa part, est pass\u00e9 d&rsquo;Ahmad Joulani au djihadiste Abu Mohammad al-Joulani, et est maintenant Ahmed al-Chareh, pr\u00e9sident de la Syrie.<\/strong><\/span><\/p>\n<p style=\"text-align: justify;\"><span style=\"font-family: times new roman, times, serif; font-size: 14pt;\"><strong>Vous ne pouvez pas rep\u00e9rer ces joueurs sans Carte de pointage.<\/strong><\/span><\/p>\n<p style=\"text-align: justify;\"><span style=\"font-family: times new roman, times, serif; font-size: 14pt;\">La CIA est toujours la CIA. Elle a marqu\u00e9 un grand but en Syrie. Apr\u00e8s que le pr\u00e9sident Obama ait eu sign\u00e9, en 2011, le d\u00e9cret pr\u00e9sidentiel chargeant l&rsquo;agence d&rsquo;ex\u00e9cuter le changement de r\u00e9gime en Syrie, et non sans avoir d\u00e9pens\u00e9 des milliards de dollars des contribuables US sur treize ans, elle a r\u00e9ussi \u00e0 d\u00e9truire l&rsquo;\u00c9tat syrien, \u00e0 destituer Bachar al-Assad et \u00e0 installer une plantation de terrorisme au c\u0153ur du Levant.<\/span><\/p>\n<p style=\"text-align: justify;\"><span style=\"font-family: times new roman, times, serif; font-size: 14pt;\">L&rsquo;Agence a financ\u00e9 la plupart des activit\u00e9s djihadistes en Syrie par le biais de l&rsquo;op\u00e9ration <em>Timber Sycamore<\/em>, nom ambitieux, puisque certains platanes* sont r\u00e9put\u00e9s vivre plus de 500 ans. Ce<em> sycamore<\/em> a \u00e9t\u00e9 abattu par le pr\u00e9sident Trump en 2017, peu de temps apr\u00e8s son entr\u00e9e en fonction.<\/span><\/p>\n<p style=\"text-align: justify;\"><span style=\"font-family: times new roman, times, serif; font-size: 14pt;\">La mauvaise nouvelle, c&rsquo;est que, tout comme Al-Qa\u00efda, n\u00e9 du soutien des contribuables US aux combattants islamistes contre les Sovi\u00e9tiques (et tout comme les Talibans n\u00e9s des moudjahidines), le contrecoup des entreprises moyen-orientales US en Syrie est \u00e9galement susceptible de se terminer par un jeu meurtrier aux multiples cons\u00e9quences.<\/span><\/p>\n<p style=\"text-align: justify;\"><span style=\"font-family: times new roman, times, serif; font-size: 14pt;\">Quand cela arrivera, les noms seront chang\u00e9s pour prot\u00e9ger les coupables.<\/span><\/p>\n<p style=\"text-align: justify;\"><span style=\"font-family: times new roman, times, serif; font-size: 14pt;\">Le jeu changera-t-il\u00a0?<\/span><\/p>\n<p style=\"text-align: justify;\"><span style=\"font-family: times new roman, times, serif; font-size: 14pt;\">Gardez cette Carte de pointage sous a main \u00e0 titre de r\u00e9f\u00e9rence et d\u00e9cidez par vous-m\u00eames.<\/span><\/p>\n<p style=\"text-align: justify;\"><span style=\"font-family: times new roman, times, serif; font-size: 14pt;\">___________________\u00a0\u00a0<\/span><\/p>\n<p style=\"text-align: justify;\"><span style=\"font-family: times new roman, times, serif; font-size: 12pt;\">\u00ab\u00a0<em>Unicum platanum vidimus\u00a0\u00bb <\/em>(nous n\u2019avons vu qu\u2019un\u00a0 seul platane) : lettre de Rabelais \u00e0 l\u2019\u00e9v\u00eaque de Maillezais, qui l\u2019avait charg\u00e9 de lui en rapporter d\u2019Italie (15 f\u00e9vrier 1536). Il y a 489 ans tout juste, le temps d\u2019arriver par la poste \u00e0 cheval.<\/span><\/p>\n<p>&nbsp;<\/p>\n<p>&nbsp;<\/p>\n<p><a href=\"http:\/\/blog.lesgrossesorchadeslesamplesthalameges.fr\/index.php\/24556-2\/26-kucinich-2-2\/\" rel=\"attachment wp-att-24559\"><img loading=\"lazy\" class=\"alignnone wp-image-24559 size-full\" src=\"http:\/\/blog.lesgrossesorchadeslesamplesthalameges.fr\/wp-content\/uploads\/2025\/02\/26.-KUCINICH-2-2.jpg\" alt=\"\" width=\"300\" height=\"198\" \/><\/a><\/p>\n<p style=\"text-align: justify;\"><span style=\"font-family: times new roman, times, serif; font-size: 14pt;\"><strong>Dennis J. Kucinich<\/strong> (1946), d\u2019origine yougoslave, catholique favorable au droit \u00e0 l\u2019avortement, ex-D\u00e9mocrate, maintenant Ind\u00e9pendant.<\/span><\/p>\n<p style=\"text-align: justify;\"><span style=\"font-family: times new roman, times, serif; font-size: 14pt;\">Maire (\u00e0 31 ans) de Cleveland, Ohio.<\/span><\/p>\n<p style=\"text-align: justify;\"><span style=\"font-family: times new roman, times, serif; font-size: 14pt;\">Repr\u00e9sentant au Congrr\u00e8s US pour le 10<sup>e<\/sup> district de l\u2019Ohio, de 1987 \u00e0 2013<\/span><\/p>\n<p style=\"text-align: justify;\"><span style=\"font-family: times new roman, times, serif; font-size: 14pt;\">Directeur de campagne de Robert F. Kennedy Jr, en 2024<\/span><\/p>\n<p>&nbsp;<\/p>\n<p style=\"text-align: center;\"><a href=\"http:\/\/blog.lesgrossesorchadeslesamplesthalameges.fr\/index.php\/les-mots-sur-le-mur-du-kremlin-sagit-il-dune-strategie-ou-dun-alibi\/3-etoile-rouge\/\" rel=\"attachment wp-att-24532\"><img loading=\"lazy\" class=\"alignnone size-full wp-image-24532\" src=\"http:\/\/blog.lesgrossesorchadeslesamplesthalameges.fr\/wp-content\/uploads\/2025\/02\/3.-Etoile-rouge.gif\" alt=\"\" width=\"50\" height=\"50\" \/><\/a><\/p>\n<p>&nbsp;<\/p>\n<p style=\"text-align: left;\"><span style=\"font-family: times new roman, times, serif; font-size: 14pt;\">URL de cet article :\u00a0<a href=\"http:\/\/blog.lesgrossesorchadeslesamplesthalameges.fr\/index.php\/24556-2\/\"> http:\/\/blog.lesgrossesorchadeslesamplesthalameges.fr\/index.php\/24556-2\/<\/a><br \/>\n<\/span><\/p>\n<p>&nbsp;<\/p>\n<p>&nbsp;<\/p>\n<p style=\"text-align: right;\"><span style=\"font-family: comic sans ms, sans-serif; font-size: 14pt;\">Janvier 2025<\/span><\/p>\n<p>&nbsp;<\/p>\n","protected":false},"excerpt":{"rendered":"<p>\u00a0 \u00a0 \u00a0 &nbsp; &nbsp; &nbsp; &nbsp; &nbsp; &nbsp; &nbsp; Cartes de pointage\u2026 Cartes de pointage\u2026 On ne peut pas parler d&rsquo;Al-Qa\u00efda sans Carte de pointage\u00a0! \u00a0 Dennis Kucinich \u2013 2.2.2025 Traduction\u00a0:\u00a0 c.l. pour L.G.O. \u00a0 &nbsp; Quand j&rsquo;\u00e9tais gamin et que j&rsquo;assistais aux matchs de baseball des Indiens de Cleveland \u00e0 l&rsquo;ancien stade municipal,&#8230;<\/p>\n","protected":false},"author":1,"featured_media":0,"parent":0,"menu_order":0,"comment_status":"open","ping_status":"open","template":"","meta":[],"_links":{"self":[{"href":"https:\/\/blog.lesgrossesorchadeslesamplesthalameges.fr\/index.php\/wp-json\/wp\/v2\/pages\/24556"}],"collection":[{"href":"https:\/\/blog.lesgrossesorchadeslesamplesthalameges.fr\/index.php\/wp-json\/wp\/v2\/pages"}],"about":[{"href":"https:\/\/blog.lesgrossesorchadeslesamplesthalameges.fr\/index.php\/wp-json\/wp\/v2\/types\/page"}],"author":[{"embeddable":true,"href":"https:\/\/blog.lesgrossesorchadeslesamplesthalameges.fr\/index.php\/wp-json\/wp\/v2\/users\/1"}],"replies":[{"embeddable":true,"href":"https:\/\/blog.lesgrossesorchadeslesamplesthalameges.fr\/index.php\/wp-json\/wp\/v2\/comments?post=24556"}],"version-history":[{"count":9,"href":"https:\/\/blog.lesgrossesorchadeslesamplesthalameges.fr\/index.php\/wp-json\/wp\/v2\/pages\/24556\/revisions"}],"predecessor-version":[{"id":24566,"href":"https:\/\/blog.lesgrossesorchadeslesamplesthalameges.fr\/index.php\/wp-json\/wp\/v2\/pages\/24556\/revisions\/24566"}],"wp:attachment":[{"href":"https:\/\/blog.lesgrossesorchadeslesamplesthalameges.fr\/index.php\/wp-json\/wp\/v2\/media?parent=24556"}],"curies":[{"name":"wp","href":"https:\/\/api.w.org\/{rel}","templated":true}]}}