{"id":24731,"date":"2025-03-09T20:40:45","date_gmt":"2025-03-09T19:40:45","guid":{"rendered":"http:\/\/blog.lesgrossesorchadeslesamplesthalameges.fr\/?page_id=24731"},"modified":"2025-03-09T20:51:19","modified_gmt":"2025-03-09T19:51:19","slug":"les-fils-de-la-marionnette-cassent-washington-laisse-entendre-que-zelensky-doit-partir","status":"publish","type":"page","link":"https:\/\/blog.lesgrossesorchadeslesamplesthalameges.fr\/index.php\/les-fils-de-la-marionnette-cassent-washington-laisse-entendre-que-zelensky-doit-partir\/","title":{"rendered":"Les fils de la marionnette cassent\u00a0:  Washington laisse entendre que Zelensky doit partir"},"content":{"rendered":"<p>&nbsp;<\/p>\n<p>&nbsp;<\/p>\n<p>&nbsp;<\/p>\n<p>&nbsp;<\/p>\n<p>&nbsp;<\/p>\n<p>&nbsp;<\/p>\n<p>&nbsp;<\/p>\n<p>&nbsp;<\/p>\n<p>&nbsp;<\/p>\n<p style=\"text-align: center;\"><span style=\"font-family: times new roman, times, serif; font-size: 24pt;\"><strong>Les fils de la marionnette cassent\u00a0:<\/strong><\/span><\/p>\n<p style=\"text-align: center;\"><span style=\"font-family: times new roman, times, serif; font-size: 24pt;\"><strong>Washington laisse entendre que Zelensky doit partir<\/strong><\/span><\/p>\n<p>&nbsp;<\/p>\n<p>&nbsp;<\/p>\n<p style=\"text-align: center;\"><strong><span style=\"font-family: times new roman, times, serif; font-size: 16pt;\">Gerry Nolan \u2013 <em>TheIslanderNews<\/em> \u2013 3.4.2025<\/span><\/strong><\/p>\n<p>&nbsp;<\/p>\n<p>&nbsp;<\/p>\n<p>&nbsp;<\/p>\n<p style=\"text-align: center;\"><img loading=\"lazy\" class=\"alignnone wp-image-24732 size-full\" src=\"http:\/\/blog.lesgrossesorchadeslesamplesthalameges.fr\/wp-content\/uploads\/2025\/03\/12.-Starmer-1.jpg\" alt=\"\" width=\"300\" height=\"168\" \/><img loading=\"lazy\" class=\"alignnone wp-image-24733 size-full\" src=\"http:\/\/blog.lesgrossesorchadeslesamplesthalameges.fr\/wp-content\/uploads\/2025\/03\/13.-Zelenski-1.jpg\" alt=\"\" width=\"300\" height=\"168\" \/><\/p>\n<p>&nbsp;<\/p>\n<p>&nbsp;<\/p>\n<p>&nbsp;<\/p>\n<p style=\"text-align: justify;\"><span style=\"font-family: times new roman, times, serif; font-size: 14pt;\"><strong>Lorsque la patience du joueur d&rsquo;orgue de Barbarie est \u00e0 bout, il jette le singe et c&rsquo;est exactement ce qui se passe avec la marionnette en or de Washington, Vladimir Zelensky. Apr\u00e8s l&rsquo;affrontement d\u00e9sastreux de vendredi \u00e0 la Maison Blanche, o\u00f9 Trump et Vance l&rsquo;ont trait\u00e9 en enfant insupportable, le conseiller am\u00e9ricain \u00e0 la S\u00e9curit\u00e9 nationale, Mike Waltz, \u00e9voque d\u00e9sormais ouvertement l&rsquo;impensable : Zelensky devrait peut-\u00eatre c\u00e9der sa place \u00e0 quelqu&rsquo;un capable de n\u00e9gocier la paix au lieu de chercher \u00e0 obtenir encore plus d&rsquo;argent pour la guerre.<\/strong><\/span><\/p>\n<p>&nbsp;<\/p>\n<p style=\"text-align: justify;\"><span style=\"font-family: times new roman, times, serif; font-size: 14pt;\">Le masque tombe, plus vite que les sondages sur la popularit\u00e9 de Zelensky, et l&rsquo;Empire en est \u00e0 se demander si son com\u00e9dien favori devenu seigneur de la guerre ne ne serait pas plus un handicap qu&rsquo;un atout.<\/span><\/p>\n<p>&nbsp;<\/p>\n<p style=\"text-align: justify;\"><span style=\"font-family: times new roman, times, serif; font-size: 14pt;\">Il n&rsquo;a jamais \u00e9t\u00e9 question de d\u00e9mocratie, de souverainet\u00e9 ni de libert\u00e9 pour l&rsquo;Ukraine, mais de transformer un fief corrompu en pion sacrificiel de l&rsquo;OTAN, en un ralentisseur g\u00e9opolitique destin\u00e9 \u00e0 saigner la Russie et \u00e0 servir les hallucinations h\u00e9g\u00e9moniques de Washington. Zelensky, dans son arrogance coca\u00efn\u00e9e et oliv\u00e2tre, a commenc\u00e9 \u00e0 croire \u00e0 sa propre propagande, s&rsquo;imaginant \u00eatre un personnage churchillien, alors qu\u2019il n&rsquo;est\u00a0 qu\u2019un Saakashvili au rabais, un gar\u00e7on de courses jetable (la cravate en moins) dont l&rsquo;utilit\u00e9 est d\u00e9pass\u00e9e.<\/span><\/p>\n<p>&nbsp;<\/p>\n<p style=\"text-align: justify;\"><span style=\"font-family: times new roman, times, serif; font-size: 14pt;\">Qu&rsquo;est-ce qui a d\u00e9clench\u00e9 ce dernier changement ? C&rsquo;est simple. Trump et Vance veulent la paix. Non pas par amour pour la Russie, mais parce que l&#8217;empire am\u00e9ricain est \u00e9puis\u00e9, qu&rsquo;il saigne par tous les orifices et qu&rsquo;il ne peut pas se permettre de financer des guerres sans fin pendant que la patrie s&rsquo;effondre. Zelensky, dans son r\u00f4le de victime perp\u00e9tuelle, avec ses pleurnicheries, son arrogance et son refus total d&rsquo;accepter la r\u00e9alit\u00e9, est d\u00e9sormais le dernier obstacle \u00e0 l&rsquo;accord le plus humiliant que Washington puisse conclure pour sauver la face.<\/span><\/p>\n<p>&nbsp;<\/p>\n<p style=\"text-align: justify;\"><span style=\"font-family: times new roman, times, serif; font-size: 14pt;\">La vanne \u00ab vous n&rsquo;avez pas les cartes en main \u00bb n&rsquo;\u00e9tait pas qu&rsquo;une simple r\u00e9plique lapidaire. Elle a sonn\u00e9 le glas de tout le r\u00e9gime Zelensky. Washington sait que les lignes de front s&rsquo;effondrent. Le Pentagone voit les images satellite. L&rsquo;illusion d&rsquo;une \u00ab r\u00e9sistance ukrainienne h\u00e9ro\u00efque \u00bb est morte, remplac\u00e9e par des campagnes de mobilisation forc\u00e9e d\u00e9sesp\u00e9r\u00e9es, des \u00ab volontaires \u00bb de l&rsquo;OTAN qui meurent dans les tranch\u00e9es de Kharkov et une corruption rampante si caricaturale qu&rsquo;elle fait rougir l&rsquo;Afghanistan.<\/span><\/p>\n<p>&nbsp;<\/p>\n<p style=\"text-align: justify;\"><span style=\"font-family: times new roman, times, serif; font-size: 14pt;\">La v\u00e9rit\u00e9 : la sale v\u00e9rit\u00e9 imp\u00e9riale, c&rsquo;est que Zelensky n&rsquo;\u00e9tait pas cens\u00e9 survivre aussi longtemps. Son travail consistait \u00e0 jouer son r\u00f4le, \u00e0 pratiquer l\u2019escalade, \u00e0 provoquer, puis \u00e0 quitter la sc\u00e8ne avant que quiconque ne se soit avis\u00e9 que l&rsquo;Ukraine avait \u00e9t\u00e9 d\u00e9coup\u00e9e en morceaux, que ses ressources avaient \u00e9t\u00e9 promises aux oligarques occidentaux, que sa souverainet\u00e9 avait \u00e9t\u00e9 dissoute dans les lignes de ravitaillement de l&rsquo;OTAN et que son peuple avait \u00e9t\u00e9 r\u00e9duit \u00e0 l&rsquo;\u00e9tat de chair \u00e0 canon et de main-d&rsquo;\u0153uvre r\u00e9fugi\u00e9e.<\/span><\/p>\n<p>&nbsp;<\/p>\n<p style=\"text-align: justify;\"><span style=\"font-family: times new roman, times, serif; font-size: 14pt;\">Mais comme toute marionnette qui commence \u00e0 se prendre pour un roi, Zelensky a pris la patience de son manipulateur pour de la loyaut\u00e9. Aujourd&rsquo;hui, m\u00eame Lindsey \u00ab <em>Forever War<\/em> \u00bb Graham, qui avait fait de Zelensky son alli\u00e9 de r\u00eave, appelle ouvertement \u00e0 un changement de r\u00e9gime \u00e0 Kiev. .<\/span><\/p>\n<p>&nbsp;<\/p>\n<p style=\"text-align: justify;\"><span style=\"font-family: times new roman, times, serif; font-size: 14pt;\">Et n&rsquo;oublions pas la v\u00e9ritable raison de leur panique : l&rsquo;accord sur les minerais. Zelensky \u00e9tait cens\u00e9 c\u00e9der le lithium, les terres rares et les ressources naturelles de l&rsquo;Ukraine aux conglom\u00e9rats am\u00e9ricains sur un plateau d&rsquo;argent, un d\u00e9pe\u00e7age colonial d\u00e9guis\u00e9 en aide \u00e9conomique. Lorsqu\u2019il n&rsquo;a pas r\u00e9ussi \u00e0 sceller l&rsquo;accord et qu&rsquo;il a pr\u00e9f\u00e9r\u00e9 piquer une crise, les couteaux sont sortis.<\/span><\/p>\n<p>&nbsp;<\/p>\n<p style=\"text-align: justify;\"><span style=\"font-family: times new roman, times, serif; font-size: 14pt;\">C&rsquo;est ainsi que fonctionne l&rsquo;Empire. Il vous construit, vous trace vos lignes, finance votre guerre, puis se d\u00e9barrasse de vous d\u00e8s que vous menacez l&rsquo;ensemble du jeu. Et maintenant, le jeu passe de \u00ab saigner la Russie \u00bb \u00e0 \u00ab conclure un accord avant que tout le ch\u00e2teau de cartes de l&rsquo;OTAN ne s&rsquo;effondre \u00bb. Il n&rsquo;y a pas de place dans ce sc\u00e9nario pour Zelensky, clown tragique sous coca\u00efne, dont la performance n\u2019amuse plus..<\/span><\/p>\n<p>&nbsp;<\/p>\n<p style=\"text-align: justify;\"><span style=\"font-family: times new roman, times, serif; font-size: 14pt;\">La costumade Bandera est termin\u00e9e.<\/span><\/p>\n<p>&nbsp;<\/p>\n<p style=\"text-align: justify;\"><span style=\"font-family: times new roman, times, serif; font-size: 14pt;\">L&rsquo;arnaque est \u00e0 sec. L&rsquo;Empire est \u00e0 la recherche d&rsquo;une nouvelle marionnette, d\u2019une qui ait juste assez de conscience de soi pour savoir quand il faut s&rsquo;agenouiller.<\/span><\/p>\n<p>&nbsp;<\/p>\n<p style=\"text-align: justify;\"><span style=\"font-family: times new roman, times, serif; font-size: 14pt;\">Pendant ce temps, la Russie continue de gagner m\u00e9thodiquement, patiemment, inexorablement, sachant que chaque trahison de l\u2019Occident ne fait qu&rsquo;acc\u00e9l\u00e9rer son effondrement.<\/span><\/p>\n<p>&nbsp;<\/p>\n<p style=\"text-align: justify;\"><span style=\"font-family: times new roman, times, serif; font-size: 14pt;\">Zelensky n&rsquo;a jamais \u00e9t\u00e9 le h\u00e9ros d\u2019une histoire il n&rsquo;a \u00e9t\u00e9 qu&rsquo;un atout occidental parmi d\u2019autres, dont la date de p\u00e9remption est d\u00e9pass\u00e9e.<\/span><\/p>\n<p>&nbsp;<\/p>\n<p style=\"text-align: justify;\"><span style=\"font-family: times new roman, times, serif; font-size: 14pt;\">&#8211; Gerry Nolan<\/span><\/p>\n<p style=\"text-align: justify;\"><span style=\"font-family: times new roman, times, serif; font-size: 14pt;\">\ud83c\udf99Subscribe TheIslanderNews<\/span><\/p>\n<p style=\"text-align: justify;\"><span style=\"font-family: times new roman, times, serif; font-size: 14pt;\">_____________________________\u00a0<\/span><\/p>\n<p>&nbsp;<\/p>\n<p style=\"text-align: left;\"><span style=\"font-family: times new roman, times, serif; font-size: 14pt;\">Source\u00a0: <a href=\"https:\/\/www.facebook.com\/groups\/2122922637870002\/posts\/2964240277071563\/?_rdr\">https:\/\/www.facebook.com\/groups\/2122922637870002\/posts\/2964240277071563\/?_rdr<\/a><\/span><\/p>\n<p>&nbsp;<\/p>\n<p>URL de cet article : <a href=\"http:\/\/blog.lesgrossesorchadeslesamplesthalameges.fr\/?page_id=24731&amp;preview=true\">http:\/\/blog.lesgrossesorchadeslesamplesthalameges.fr\/?page_id=24731&amp;preview=true<\/a><\/p>\n<p>&nbsp;<\/p>\n<p style=\"text-align: center;\"><img loading=\"lazy\" class=\"alignnone size-full wp-image-24734\" src=\"http:\/\/blog.lesgrossesorchadeslesamplesthalameges.fr\/wp-content\/uploads\/2025\/03\/000.-russep-x.gif\" alt=\"\" width=\"50\" height=\"50\" \/><\/p>\n<p>&nbsp;<\/p>\n<p style=\"text-align: right;\"><span style=\"font-family: comic sans ms, sans-serif; font-size: 14pt;\">Mars 2025<\/span><\/p>\n<p>&nbsp;<\/p>\n","protected":false},"excerpt":{"rendered":"<p>&nbsp; &nbsp; &nbsp; &nbsp; &nbsp; &nbsp; &nbsp; &nbsp; &nbsp; Les fils de la marionnette cassent\u00a0: Washington laisse entendre que Zelensky doit partir &nbsp; &nbsp; Gerry Nolan \u2013 TheIslanderNews \u2013 3.4.2025 &nbsp; &nbsp; &nbsp; &nbsp; &nbsp; &nbsp; Lorsque la patience du joueur d&rsquo;orgue de Barbarie est \u00e0 bout, il jette le singe et c&rsquo;est exactement ce&#8230;<\/p>\n","protected":false},"author":1,"featured_media":0,"parent":0,"menu_order":0,"comment_status":"open","ping_status":"open","template":"","meta":[],"_links":{"self":[{"href":"https:\/\/blog.lesgrossesorchadeslesamplesthalameges.fr\/index.php\/wp-json\/wp\/v2\/pages\/24731"}],"collection":[{"href":"https:\/\/blog.lesgrossesorchadeslesamplesthalameges.fr\/index.php\/wp-json\/wp\/v2\/pages"}],"about":[{"href":"https:\/\/blog.lesgrossesorchadeslesamplesthalameges.fr\/index.php\/wp-json\/wp\/v2\/types\/page"}],"author":[{"embeddable":true,"href":"https:\/\/blog.lesgrossesorchadeslesamplesthalameges.fr\/index.php\/wp-json\/wp\/v2\/users\/1"}],"replies":[{"embeddable":true,"href":"https:\/\/blog.lesgrossesorchadeslesamplesthalameges.fr\/index.php\/wp-json\/wp\/v2\/comments?post=24731"}],"version-history":[{"count":4,"href":"https:\/\/blog.lesgrossesorchadeslesamplesthalameges.fr\/index.php\/wp-json\/wp\/v2\/pages\/24731\/revisions"}],"predecessor-version":[{"id":24739,"href":"https:\/\/blog.lesgrossesorchadeslesamplesthalameges.fr\/index.php\/wp-json\/wp\/v2\/pages\/24731\/revisions\/24739"}],"wp:attachment":[{"href":"https:\/\/blog.lesgrossesorchadeslesamplesthalameges.fr\/index.php\/wp-json\/wp\/v2\/media?parent=24731"}],"curies":[{"name":"wp","href":"https:\/\/api.w.org\/{rel}","templated":true}]}}