{"id":24740,"date":"2025-03-09T21:54:24","date_gmt":"2025-03-09T20:54:24","guid":{"rendered":"http:\/\/blog.lesgrossesorchadeslesamplesthalameges.fr\/?page_id=24740"},"modified":"2025-03-09T22:00:44","modified_gmt":"2025-03-09T21:00:44","slug":"paralysee-par-une-demence-aigue-leurope-declare-a-nouveau-la-guerre-a-la-russie","status":"publish","type":"page","link":"https:\/\/blog.lesgrossesorchadeslesamplesthalameges.fr\/index.php\/paralysee-par-une-demence-aigue-leurope-declare-a-nouveau-la-guerre-a-la-russie\/","title":{"rendered":"Paralys\u00e9e par une d\u00e9mence aigu\u00eb, l&rsquo;Europe d\u00e9clare \u00e0 nouveau la guerre \u00e0 la Russie"},"content":{"rendered":"<p>&nbsp;<\/p>\n<p>&nbsp;<\/p>\n<p>&nbsp;<\/p>\n<p>&nbsp;<\/p>\n<p>&nbsp;<\/p>\n<p>&nbsp;<\/p>\n<p>&nbsp;<\/p>\n<p style=\"text-align: center;\"><span style=\"font-family: times new roman, times, serif; font-size: 36pt;\"><strong>Paralys\u00e9e par une d\u00e9mence aigu\u00eb, l&rsquo;Europe d\u00e9clare \u00e0 nouveau la guerre \u00e0 la Russie<\/strong><\/span><\/p>\n<p>&nbsp;<\/p>\n<p>&nbsp;<\/p>\n<p style=\"text-align: center;\"><span style=\"font-family: times new roman, times, serif; font-size: 18pt;\"><strong>Pepe Escobar \u2013 <em>The Unz Review<\/em>\u00a0 \u2013 \u00a07.3.2025 <\/strong><\/span><\/p>\n<p style=\"text-align: center;\"><span style=\"font-family: times new roman, times, serif; font-size: 18pt;\"><strong>75 Comments <\/strong><\/span><\/p>\n<p style=\"text-align: center;\"><span style=\"font-family: times new roman, times, serif; font-size: 18pt;\">Traduction <strong>: c.l.<\/strong> pour <strong><em>L.G.O.<\/em><\/strong><\/span><\/p>\n<p style=\"text-align: center;\"><span style=\"font-family: times new roman, times, serif; font-size: 18pt;\"><strong><em>\u00a0<\/em><\/strong><\/span><\/p>\n<p>&nbsp;<\/p>\n<p style=\"text-align: center;\"><strong><em>\u00a0<img loading=\"lazy\" class=\"alignnone wp-image-24723 size-full\" src=\"http:\/\/blog.lesgrossesorchadeslesamplesthalameges.fr\/wp-content\/uploads\/2025\/03\/14.-ESCOBAR-DEMENTIA.jpg\" alt=\"\" width=\"600\" height=\"335\" srcset=\"https:\/\/blog.lesgrossesorchadeslesamplesthalameges.fr\/wp-content\/uploads\/2025\/03\/14.-ESCOBAR-DEMENTIA.jpg 600w, https:\/\/blog.lesgrossesorchadeslesamplesthalameges.fr\/wp-content\/uploads\/2025\/03\/14.-ESCOBAR-DEMENTIA-300x168.jpg 300w\" sizes=\"(max-width: 600px) 100vw, 600px\" \/><\/em><\/strong><\/p>\n<p style=\"text-align: justify;\"><strong><em>\u00a0<\/em><\/strong><\/p>\n<p style=\"text-align: justify;\"><span style=\"font-family: times new roman, times, serif; font-size: 14pt;\"><strong>\u00a0<\/strong><\/span><\/p>\n<p style=\"text-align: justify;\"><span style=\"font-family: times new roman, times, serif; font-size: 18pt;\"><strong><em>L&rsquo;OMS va continuer \u00e0 rouler. Et, puisqu\u2019ainsi le veulent les Europ\u00e9ens\u00a0: jusqu&rsquo;au dernier Ukrainien<\/em><\/strong><strong><em>.<\/em><\/strong><\/span><\/p>\n<p>&nbsp;<\/p>\n<p style=\"text-align: justify;\"><span style=\"font-family: times new roman, times, serif; font-size: 14pt;\">Commen\u00e7ons par le moment \u00ab\u00a0route de Damas\u00a0\u00bb du secr\u00e9taire d&rsquo;\u00c9tat US Marco Rubio\u00a0:<\/span><\/p>\n<p style=\"text-align: justify;\"><span style=\"font-family: times new roman, times, serif; font-size: 14pt;\">\u00ab Pour \u00eatre franc, il s&rsquo;agit d&rsquo;une guerre par procuration entre des puissances nucl\u00e9aires\u00a0: les USA, qui\u00a0 aident l&rsquo;Ukraine, et la Russie. Et il faut qu\u2019elle s\u2019arr\u00eate.\u00a0\u00bb<\/span><\/p>\n<p style=\"text-align: justify;\"><span style=\"font-family: times new roman, times, serif; font-size: 14pt;\">Oui, si on veut un vrai coup de gueule. <a href=\"https:\/\/globalsouth.co\/2025\/03\/06\/jeffrey-sachs-understanding-the-ukraine-conflict-minidoc\/\"><strong>Jeffrey Sachs \u00e0 la rescousse<\/strong><\/a>. Bien s\u00fbr, la formulation correcte devrait \u00eatre \u00ab guerre par procuration d\u00e9clench\u00e9e par les USA \u00bb. Mais All\u00e9luia quand m\u00eame\u00a0: une pareille illumination venue du Ciel \u2013 \u00ab\u00a0par procuration\u00a0! \u00bb &#8211; n&rsquo;aurait jamais atteint le pr\u00e9c\u00e9dent Secr\u00e9taire am\u00e9ricain au G\u00e9nocide.<\/span><\/p>\n<p style=\"text-align: justify;\"><span style=\"font-family: times new roman, times, serif; font-size: 14pt;\">Maintenant, c&rsquo;est la panique. La panique totale en Europe.<\/span><\/p>\n<p style=\"text-align: justify;\"><span style=\"font-family: times new roman, times, serif; font-size: 14pt;\">Le Petit Roi <em>[en fran\u00e7ais dans le texte, NdT]<\/em>, aussi populaire en France qu&rsquo;une colonie de moustiques la nuit dans une station baln\u00e9aire cinq \u00e9toiles, a d\u00e9clar\u00e9 que la paix en Europe n&rsquo;\u00e9tait possible qu&rsquo;avec une Russie \u00ab mat\u00e9e \u00bb : et que la Russie constituait une menace directe pour la France et l&rsquo;Europe.<\/span><\/p>\n<p style=\"text-align: justify;\"><span style=\"font-family: times new roman, times, serif; font-size: 14pt;\">Sur l&rsquo;Ukraine, il a pontifi\u00e9 que la paix ne peut tout simplement pas se faire aux conditions de la Russie ou par la capitulation &#8211; in\u00e9vitable &#8211; de l&rsquo;Ukraine.<\/span><\/p>\n<p style=\"text-align: justify;\"><span style=\"font-family: times new roman, times, serif; font-size: 14pt;\">Le Petit Roi \u00e0 bout de souffle, a carr\u00e9ment vir\u00e9 au nucl\u00e9aire. Il a soulign\u00e9 que la France poss\u00e8de une force de dissuasion atomique &#8211; et il l&rsquo;a offerte au reste de l&rsquo;Europe, tout en martelant que l&rsquo;avenir de l&rsquo;Europe ne doit pas \u00eatre dict\u00e9 par Moscou ni Washington.<\/span><\/p>\n<p style=\"text-align: justify;\"><span style=\"font-family: times new roman, times, serif; font-size: 14pt;\">Le Petit Roi a napol\u00e9oniquement d\u00e9clar\u00e9 la guerre \u00e0 la Russie. Mais, le fait est que l\u2019\u00e9crasante majorit\u00e9 de la France verrait bien le mini-Napol\u00e9on envoy\u00e9 dare-dare sur le terreau noir de Novorossia, o\u00f9 il se rendrait aux Russes au bout de moins de 5 minutes en agitant un drapeau arc-en-ciel, lorsqu\u2019il s\u2019apercevant qu\u2019il est sur le point d\u2019\u00eatre transform\u00e9 en steak tartare minute.<\/span><\/p>\n<p style=\"text-align: justify;\"><span style=\"font-family: times new roman, times, serif; font-size: 14pt;\">Accouplez cette farce de Moli\u00e8re au sort de la nouvelle arm\u00e9e paneurop\u00e9enne <em>Nouveau Style Woke<\/em>, bien plus grande et bien plus grasse, enr\u00e9giment\u00e9e par la F\u00fchrerin SS von der Lugen depuis son bunker de Bruxelles, et suppos\u00e9ment financ\u00e9e \u00e0 hauteur de 800 milliards d&rsquo;euros : argent que personne ne poss\u00e8de et qui devrait donc \u00eatre emprunt\u00e9 puis rembours\u00e9 \u00e0 des taux d&rsquo;int\u00e9r\u00eat usuraires faramineux aux vautours habituels du syst\u00e8me financier international.<\/span><\/p>\n<p style=\"text-align: justify;\"><span style=\"font-family: times new roman, times, serif; font-size: 14pt;\">La SS von der Lugen persiste \u00e0 dire que l&rsquo;Europe est en danger et que la seule solution, c\u2019est de d\u00e9velopper massivement le complexe militaro-industriel \u2013 dans la pratique\u00a0: en achetant davantage encore d&rsquo;armes US hors de prix \u2013 et de proc\u00e9der \u00e0 un \u00ab r\u00e9armement \u00bb.<\/span><\/p>\n<p style=\"text-align: justify;\"><span style=\"font-family: times new roman, times, serif; font-size: 14pt;\">Si ce n\u2019est pas du <em>Gotterdammerung<\/em> sous crack, \u00e7a, c\u2019est quoi\u00a0?<\/span><\/p>\n<p style=\"text-align: justify;\"><span style=\"font-family: times new roman, times, serif; font-size: 14pt;\">Si l\u2019arm\u00e9e New Look Woke voit jamais la lumi\u00e8re, sa reddition aussi est s\u00fbre d\u2019advenir en moins de 5 minutes \u2013 et en brandissant aussi des drapeaux arc-en-ciel &#8211; ses guerriers \u00ab r\u00e9veill\u00e9s \u00bb \u00e9tant \u00e9galement s\u00fbrs de se voir confront\u00e9s \u00e0 la triste perspective d&rsquo;\u00eatre Oreshnik\u00e9s en une pile de hamburgers cram\u00e9s.<\/span><\/p>\n<p style=\"text-align: justify;\"><span style=\"font-family: times new roman, times, serif; font-size: 14pt;\">Ajoutez \u00e0 cela le retour de la saga Nord Stream, avec un nouveau rebondissement de l&rsquo;action. Sy Hersh a prouv\u00e9 de mani\u00e8re concluante que les Nord Stream ont \u00e9t\u00e9 bombard\u00e9s sur ordre de l&rsquo;ancien r\u00e9gime des Mannequins d\u2019Essais de Chocs de Washington. Aujourd&rsquo;hui, il se dit que le Nord Stream 2 au moins pourrait reprendre ses activit\u00e9s, gr\u00e2ce \u00e0 un accord USA-Russie pas si secret que \u00e7a, impliquant Gazprom et des oligarques US.<\/span><\/p>\n<p style=\"text-align: justify;\"><span style=\"font-family: times new roman, times, serif; font-size: 14pt;\">Tout cela, alors que des fanatiques \u00e0 Berlin assurent de droite \u00e0 gauche qu&rsquo;ils veulent explorer tous les moyens possibles<em> d\u2019emp\u00eacher<\/em> (les italiques sont de moi) la r\u00e9paration du syst\u00e8me Nord Stream &#8211; parce qu&rsquo;apr\u00e8s tout, personne, et surtout pas le nouveau chancelier BlackRock, ne peut d\u00e9vier de la politique officielle, qui consiste \u00e0 d\u00e9truire l&rsquo;\u00e9conomie allemande par tous les moyens n\u00e9cessaires..<\/span><\/p>\n<p style=\"text-align: justify;\"><span style=\"font-family: times new roman, times, serif; font-size: 14pt;\">Pour aggraver le sc\u00e9nario kafka\u00efen, le Premier ministre danois &#8211; qui est sur le point de perdre le Groenland \u00ab d&rsquo;une mani\u00e8re ou d&rsquo;une autre \u00bb au b\u00e9n\u00e9fice de Trump bis \u2013 a prononc\u00e9 ces mots immortels : \u00ab la paix en Ukraine sera plus dangereuse que la guerre \u00bb. Le Premier ministre polonais qui n&rsquo;en rate pas <\/span><span style=\"font-family: times new roman, times, serif; font-size: 14pt;\">une non plus <\/span><span style=\"font-family: times new roman, times, serif; font-size: 14pt;\">a ajout\u00e9 que \u00ab l&rsquo;Europe est plus forte que la Russie et capable de vaincre dans n&rsquo;importe quelle confrontation militaire, financi\u00e8re ou \u00e9conomique. \u00bb Pour voir dans quelle dynamique de \u00ab victoire \u00bb est aujourd\u2019hui l\u2019Europe, il n\u2019y a qu\u2019\u00e0 regarder les r\u00e9sultats.<\/span><\/p>\n<p style=\"text-align: justify;\"><span style=\"font-family: times new roman, times, serif; font-size: 14pt;\">Cette tour de Babel chamboul\u00e9e cul par-dessus t\u00eate prouve, sans l&rsquo;ombre d&rsquo;un doute, que l&rsquo;Europe est g\u00e9opolitiquement \u2013 et g\u00e9o\u00e9conomiquement \u2013 morte et enterr\u00e9e. Aucun dieu teutonique, avec ou sans clameur de grosse dame dans les airs, ne pourrait la ressusciter.<\/span><\/p>\n<p>&nbsp;<\/p>\n<p style=\"text-align: justify;\"><span style=\"font-family: times new roman, times, serif; font-size: 18pt;\"><strong>Flirt avec un aller simple pour l\u2019\u00c2ge de pierre<\/strong><\/span><\/p>\n<p style=\"text-align: justify;\"><span style=\"font-family: times new roman, times, serif; font-size: 14pt;\">L&rsquo;id\u00e9e que l&rsquo;Europe soit en mesure de constituer une menace militaire pour la Russie ne rel\u00e8ve m\u00eame pas d\u2019une propagande de pacotille pour QI inf\u00e9rieurs \u00e0 z\u00e9ro. Il ne faudrait pas moins d\u2019une d\u00e9cennie pour remilitariser l&rsquo;Allemagne, dont l&rsquo;\u00e9conomie est moribonde, poignard\u00e9e en s\u00e9rie qu\u2019elle est par des co\u00fbts \u00e9nerg\u00e9tiques ing\u00e9rables. Alors que la Russie, elle, est prot\u00e9g\u00e9e d&rsquo;une \u00e9ventuelle attaque nucl\u00e9aire par le maigre arsenal \u00ab parapluie \u00bb du Petit Roi par les d\u00e9fenses antimissiles les plus sophistiqu\u00e9es au monde.<\/span><\/p>\n<p style=\"text-align: justify;\"><span style=\"font-family: times new roman, times, serif; font-size: 14pt;\">Les missiles d\u00e9fensifs Aegis en Pologne sont relativement sans valeur : m\u00eame si leur principal danger pour la Russie reste que le syst\u00e8me peut \u00eatre converti pour pouvoir utiliser des missiles offensifs. Dans l&rsquo;ensemble, les syst\u00e8mes Aegis, Patriot, THAAD-PAC-3 \u00a0et SBIR-HIGH \u00e0 infra-rouge au sol sont tous relativement inutiles.<\/span><\/p>\n<p style=\"text-align: justify;\"><span style=\"font-family: times new roman, times, serif; font-size: 14pt;\">Sans les USA, l&rsquo;OTAN n&rsquo;a tout simplement aucune valeur militaire. Et Washington ,sous Trump bis, ne veut tout simplement pas \u00eatre impliqu\u00e9 dans la prochaine guerre europ\u00e9enne.<\/span><\/p>\n<p style=\"text-align: justify;\"><span style=\"font-family: times new roman, times, serif; font-size: 14pt;\">Les USA ont des syst\u00e8mes satellitaires de ciblage, mais personne d&rsquo;autre n\u2019en a dans l&rsquo;OTAN. Si les USA se retirent, et dans le cas d&rsquo;une hypoth\u00e9tique attaque de la Russie par la Nouvelle arm\u00e9e \u00e9veill\u00e9e sous le commandement de von der Lugen, les missiles russes peuvent mettre hors service tous les ports, les a\u00e9roports, les syst\u00e8mes de production et de production d&rsquo;\u00e9nergie d\u2019Europe en un jour maximum, ramenant du coup, instantan\u00e9ment, l&rsquo;Europe \u00e0 l&rsquo;\u00e2ge de pierre.<\/span><\/p>\n<p style=\"text-align: justify;\"><span style=\"font-family: times new roman, times, serif; font-size: 14pt;\">Cela concerne l&rsquo;Angleterre, la France, l&rsquo;Allemagne, mais aussi pas mal \u00a0d&rsquo;autres chihuahuas : l&rsquo;ensemble de l&rsquo;OTAN en fait. La Russie peut mettre hors d&rsquo;\u00e9tat de nuire tous les syst\u00e8mes \u00e9lectriques britanniques avec des Zircons lanc\u00e9s d&rsquo;un sous-marin conventionnel. \u00c2ge de pierre, nous voil\u00e0 ! Les missiles hypersoniques russes ne sont pas interceptibles.<\/span><\/p>\n<p style=\"text-align: justify;\"><span style=\"font-family: times new roman, times, serif; font-size: 14pt;\">Pendant ce temps-l\u00e0, le pr\u00e9sident Poutine s\u2019obstine \u00e0 essayer de parler raison aux cingl\u00e9s. Lors de la r\u00e9union coll\u00e9giale du FSB, le 27 f\u00e9vrier, il a rappel\u00e9 que \u00ab certaines \u00e9lites occidentales sont toujours d\u00e9termin\u00e9es \u00e0 faire durer l&rsquo;instabilit\u00e9 dans le monde, et ces forces tenteront de perturber et de compromettre le dialogue [avec les USA] qui a commenc\u00e9. Nous en sommes conscients Nous devons en tenir compte et utiliser toutes les possibilit\u00e9s de la diplomatie et des services sp\u00e9ciaux si nous voulons faire \u00e9chouer ce genre de tentatives \u00bb.<\/span><\/p>\n<p style=\"text-align: justify;\"><span style=\"font-family: times new roman, times, serif; font-size: 14pt;\">Comme l&rsquo;a fait remarquer Andre\u00ef Martyanov, \u00ab les superpuissances n&rsquo;ont que deux options au 21e si\u00e8cle : soit d\u00e9clencher une troisi\u00e8me guerre mondiale qui se terminera par un \u00e9change nucl\u00e9aire, soit trouver un modus vivendi \u00bb. C&rsquo;est une conversation entre adultes qui exclut automatiquement l&rsquo;hospice psychiatrique europ\u00e9en et les crises de col\u00e8re infantiles de l&rsquo;acteur f\u00eal\u00e9 de Kiev.<\/span><\/p>\n<p style=\"text-align: justify;\"><span style=\"font-family: times new roman, times, serif; font-size: 14pt;\">L&rsquo;acteur sous crack n&rsquo;a jamais eu <em>la moindre<\/em> carte en main (italiques de moi). C\u2019est aujourd&rsquo;hui une figure path\u00e9tique, qui se contorsionne sans fin pour s&rsquo;accrocher au pouvoir, soutenu par l&rsquo;argent, les armes et la propagande massive de l&rsquo;Occident (anciennement) collectif. Aujourd&rsquo;hui, la nation 404 qu&rsquo;il a \u00ab cr\u00e9\u00e9e \u00bb est en train de perdre non seulement la guerre, mais aussi la guerre des relations publiques.<\/span><\/p>\n<p style=\"text-align: justify;\"><span style=\"font-family: times new roman, times, serif; font-size: 14pt;\">L&rsquo;ancien conseiller du chef de bureau de Zelensky, Oleksiy Arestovych, aussi visqueux que possible, mais toujours le doigt sur le pouls des informations fiables, est convaincu que l&rsquo;arm\u00e9e ukrainienne, aveugle et louche, peut tenir au mieux un mois et demi \u00e0 deux mois de plus sans tous ces cadeaux US. Sans donn\u00e9es de renseignement, les forces de Kiev ne peuvent pas pr\u00e9parer de frappes contre la F\u00e9d\u00e9ration de Russie ni mener des op\u00e9rations de reconnaissance et des cyber-op\u00e9rations.<\/span><\/p>\n<p style=\"text-align: justify;\"><span style=\"font-family: times new roman, times, serif; font-size: 14pt;\">Le pays 404 dans son ensemble entre maintenant dans le territoire des morts-vivants. L&rsquo;Europe, avec ou sans l&rsquo;Invincible Armada de sa SS von der Lugen, n&rsquo;a pas la capacit\u00e9 industrielle, la puissance financi\u00e8re ni la capacit\u00e9 militaire d&rsquo;arr\u00eater la d\u00e9b\u00e2cle. La Russie a d\u00e9j\u00e0 d\u00e9clar\u00e9 que toute troupe europ\u00e9enne de \u00ab maintien de la paix \u00bb deviendrait imm\u00e9diatement une cible l\u00e9gitime.<\/span><\/p>\n<p style=\"text-align: justify;\"><span style=\"font-family: times new roman, times, serif; font-size: 14pt;\">L&rsquo;\u00e9chec spectaculaire du Projet Ukraine fait plaisir \u00e0 voir. Il n&rsquo;est pas \u00e9tonnant que les \u00ab \u00e9lites \u00bb politiques actuelles, sordides et affreuses, soient totalement paniqu\u00e9es. Sans le Projet Ukraine et sans la protection mafieuse de \u00ab La Voix de son ma\u00eetre \u00bb, elles ne sont, g\u00e9opolitiquement, qu&rsquo;une petite p\u00e9ninsule postcoloniale sans importance, aux fronti\u00e8res occidentales de l&rsquo;Eurasie en voie d&rsquo;int\u00e9gration rapide.<\/span><\/p>\n<p style=\"text-align: justify;\"><span style=\"font-family: times new roman, times, serif; font-size: 14pt;\">Quant au fait que Trump bis et le Kremlin aient d\u00e9j\u00e0 conclu une sorte de pr\u00e9-accord \u2013 avant m\u00eame le d\u00e9but des n\u00e9gociations s\u00e9rieuses \u2013 rien ne permet encore de le corroborer. Selon des sources russes, ce qui a \u00e9t\u00e9 conclu, c&rsquo;est un accord g\u00e9n\u00e9ral sur le cadre des discussions et sur ce qui peut \u00eatre r\u00e9alis\u00e9 dans la pratique. Cette premi\u00e8re \u00e9tape durera au moins quelques mois.<\/span><\/p>\n<p style=\"text-align: justify;\"><span style=\"font-family: times new roman, times, serif; font-size: 14pt;\">Les th\u00e8mes abord\u00e9s vont de la lev\u00e9e des sanctions contre les banques russes et l&rsquo;utilisation des cartes MIR au r\u00e9tablissement des vols directs et \u00e0 la limitation de la militarisation de l&rsquo;Arctique.<\/span><\/p>\n<p style=\"text-align: justify;\"><span style=\"font-family: times new roman, times, serif; font-size: 14pt;\">Tout d\u00e9pend essentiellement de la volont\u00e9 \u2013 et de la capacit\u00e9 \u2013 de Trump \u00e0 assurer une fin de partie rapide en Ukraine tout en se d\u00e9sengageant, lentement mais s\u00fbrement, de l&rsquo;OTAN.<\/span><\/p>\n<p style=\"text-align: justify;\"><span style=\"font-family: times new roman, times, serif; font-size: 14pt;\">Si on se r\u00e9f\u00e8re \u00e0 ce qui semble \u00eatre son orientation strat\u00e9gique, Trump veut s&rsquo;assurer qu&rsquo;il n&rsquo;aura pas \u00e0 offrir une protection du genre mafia aux membres europ\u00e9ens de l&rsquo;OTAN s&rsquo;ils s\u2019obstinent \u00e0 poursuivre leur guerre \u00e9ternelle contre la Russie. Il est clair que l&rsquo;arr\u00eat de Starlink et de l&rsquo;ISR par satellite pourrait conduire \u00e0 une fin de partie beaucoup plus rapide sur le champ de bataille<\/span><\/p>\n<p>&nbsp;<\/p>\n<p style=\"text-align: left;\"><span style=\"font-family: times new roman, times, serif; font-size: 18pt;\"><strong><em>L&rsquo;OMS pendant ce temps va continuer \u00e0 rouler. Et, puisqu\u2019ainsi le veulent les Europ\u00e9ens\u00a0: jusqu&rsquo;au dernier Ukrainien.<\/em><\/strong><\/span><\/p>\n<p>&nbsp;<\/p>\n<p style=\"text-align: justify;\"><span style=\"font-family: times new roman, times, serif; font-size: 14pt;\">(Republication de l\u2019arti!cle paru sur <a href=\"https:\/\/strategic-culture.su\/news\/2025\/03\/07\/paralyzed-by-acute-dementia-europe-declares-war-on-russia-all-over-again\/\"><strong><em>Strategic Culture Foundation<\/em><\/strong><\/a> avec permission de l\u2019auteur ou de son repr\u00e9sentant)<\/span><\/p>\n<p style=\"text-align: justify;\"><span style=\"font-family: times new roman, times, serif; font-size: 14pt;\"><strong>\u00a0<\/strong><\/span><\/p>\n<p style=\"text-align: left;\"><span style=\"font-family: times new roman, times, serif; font-size: 14pt;\">Notre Source\u00a0 : <a href=\"https:\/\/www.unz.com\/pescobar\/paralyzed-by-acute-dementia-europe-declares-war-on-russia-all-over-again\/\">https:\/\/www.unz.com\/pescobar\/paralyzed-by-acute-dementia-europe-declares-war-on-russia-all-over-again\/<\/a><\/span><\/p>\n<p>&nbsp;<\/p>\n<p style=\"text-align: left;\"><span style=\"font-family: times new roman, times, serif; font-size: 14pt;\">URL de cet article : <a href=\"http:\/\/blog.lesgrossesorchadeslesamplesthalameges.fr\/index.php\/paralysee-par-une-demence-aigue-leurope-declare-a-nouveau-la-guerre-a-la-russie\/\">http:\/\/blog.lesgrossesorchadeslesamplesthalameges.fr\/index.php\/paralysee-par-une-demence-aigue-leurope-declare-a-nouveau-la-guerre-a-la-russie\/<\/a><br \/>\n<\/span><\/p>\n<p>&nbsp;<\/p>\n<p style=\"text-align: center;\"><img loading=\"lazy\" class=\"alignnone size-full wp-image-24734\" src=\"http:\/\/blog.lesgrossesorchadeslesamplesthalameges.fr\/wp-content\/uploads\/2025\/03\/000.-russep-x.gif\" alt=\"\" width=\"50\" height=\"50\" \/><\/p>\n<p>&nbsp;<\/p>\n<p>&nbsp;<\/p>\n<p style=\"text-align: right;\"><span style=\"font-family: comic sans ms, sans-serif; font-size: 14pt;\">Mars 2025<\/span><\/p>\n<p>&nbsp;<\/p>\n","protected":false},"excerpt":{"rendered":"<p>&nbsp; &nbsp; &nbsp; &nbsp; &nbsp; &nbsp; &nbsp; Paralys\u00e9e par une d\u00e9mence aigu\u00eb, l&rsquo;Europe d\u00e9clare \u00e0 nouveau la guerre \u00e0 la Russie &nbsp; &nbsp; Pepe Escobar \u2013 The Unz Review\u00a0 \u2013 \u00a07.3.2025 75 Comments Traduction : c.l. pour L.G.O. \u00a0 &nbsp; \u00a0 \u00a0 \u00a0 L&rsquo;OMS va continuer \u00e0 rouler. Et, puisqu\u2019ainsi le veulent les Europ\u00e9ens\u00a0: jusqu&rsquo;au&#8230;<\/p>\n","protected":false},"author":1,"featured_media":0,"parent":0,"menu_order":0,"comment_status":"open","ping_status":"open","template":"","meta":[],"_links":{"self":[{"href":"https:\/\/blog.lesgrossesorchadeslesamplesthalameges.fr\/index.php\/wp-json\/wp\/v2\/pages\/24740"}],"collection":[{"href":"https:\/\/blog.lesgrossesorchadeslesamplesthalameges.fr\/index.php\/wp-json\/wp\/v2\/pages"}],"about":[{"href":"https:\/\/blog.lesgrossesorchadeslesamplesthalameges.fr\/index.php\/wp-json\/wp\/v2\/types\/page"}],"author":[{"embeddable":true,"href":"https:\/\/blog.lesgrossesorchadeslesamplesthalameges.fr\/index.php\/wp-json\/wp\/v2\/users\/1"}],"replies":[{"embeddable":true,"href":"https:\/\/blog.lesgrossesorchadeslesamplesthalameges.fr\/index.php\/wp-json\/wp\/v2\/comments?post=24740"}],"version-history":[{"count":7,"href":"https:\/\/blog.lesgrossesorchadeslesamplesthalameges.fr\/index.php\/wp-json\/wp\/v2\/pages\/24740\/revisions"}],"predecessor-version":[{"id":24748,"href":"https:\/\/blog.lesgrossesorchadeslesamplesthalameges.fr\/index.php\/wp-json\/wp\/v2\/pages\/24740\/revisions\/24748"}],"wp:attachment":[{"href":"https:\/\/blog.lesgrossesorchadeslesamplesthalameges.fr\/index.php\/wp-json\/wp\/v2\/media?parent=24740"}],"curies":[{"name":"wp","href":"https:\/\/api.w.org\/{rel}","templated":true}]}}