{"id":24764,"date":"2025-03-12T16:07:51","date_gmt":"2025-03-12T15:07:51","guid":{"rendered":"http:\/\/blog.lesgrossesorchadeslesamplesthalameges.fr\/?page_id=24764"},"modified":"2025-03-12T16:19:31","modified_gmt":"2025-03-12T15:19:31","slug":"leffondrement-de-koursk-saccelere-un-raid","status":"publish","type":"page","link":"https:\/\/blog.lesgrossesorchadeslesamplesthalameges.fr\/index.php\/leffondrement-de-koursk-saccelere-un-raid\/","title":{"rendered":"L&rsquo;effondrement de Koursk s&rsquo;acc\u00e9l\u00e8re. Un raid&#8230;"},"content":{"rendered":"<p>&nbsp;<\/p>\n<p>&nbsp;<\/p>\n<p>&nbsp;<\/p>\n<p>&nbsp;<\/p>\n<p>&nbsp;<\/p>\n<p>&nbsp;<\/p>\n<p>&nbsp;<\/p>\n<p style=\"text-align: center;\"><span style=\"font-size: 28pt; font-family: times new roman, times, serif;\"><strong>L&rsquo;effondrement de Koursk s&rsquo;acc\u00e9l\u00e8re. <\/strong><\/span><\/p>\n<p style=\"text-align: center;\"><span style=\"font-family: times new roman, times, serif; font-size: 28pt;\"><strong>Un raid audacieux sur les pipelines \u00e9branle les Forces Arm\u00e9es \u00ab\u00a0Ukrainiennes\u00a0\u00bb<\/strong><\/span><\/p>\n<p>&nbsp;<\/p>\n<p style=\"text-align: center;\"><span style=\"font-family: times new roman, times, serif; font-size: 14pt;\"><em>(Les guillemets sont de nous)<\/em><\/span><\/p>\n<p style=\"text-align: center;\"><span style=\"font-family: times new roman, times, serif; font-size: 14pt;\"><strong><em>\u00a0<\/em><\/strong><\/span><\/p>\n<p style=\"text-align: center;\"><span style=\"font-family: times new roman, times, serif; font-size: 18pt;\"><strong><em>Simplicius<\/em><\/strong><strong> \u2013 <\/strong><strong>10.3.2025 2025<\/strong><\/span><\/p>\n<p style=\"text-align: justify;\"><span style=\"font-family: times new roman, times, serif; font-size: 14pt;\"><strong>\u00a0<\/strong><\/span><\/p>\n<p style=\"text-align: center;\"><strong><span style=\"font-family: times new roman, times, serif; font-size: 16pt;\">Extraits<\/span><\/strong><\/p>\n<p style=\"text-align: center;\"><span style=\"font-family: times new roman, times, serif; font-size: 14pt;\">Traduits par<strong> c.l. <\/strong>pour<strong> <em>L.G.O.<\/em><\/strong><\/span><\/p>\n<p style=\"text-align: center;\"><span style=\"font-family: times new roman, times, serif; font-size: 14pt;\"><strong>\u00a0<\/strong><\/span><\/p>\n<p>&nbsp;<\/p>\n<p style=\"text-align: center;\"><span style=\"font-family: times new roman, times, serif; font-size: 14pt;\"><strong>\u00a0<img loading=\"lazy\" class=\"alignnone wp-image-24767 size-full\" src=\"http:\/\/blog.lesgrossesorchadeslesamplesthalameges.fr\/wp-content\/uploads\/2025\/03\/6.-KOURSK-JPG-1.jpg\" alt=\"\" width=\"700\" height=\"376\" srcset=\"https:\/\/blog.lesgrossesorchadeslesamplesthalameges.fr\/wp-content\/uploads\/2025\/03\/6.-KOURSK-JPG-1.jpg 700w, https:\/\/blog.lesgrossesorchadeslesamplesthalameges.fr\/wp-content\/uploads\/2025\/03\/6.-KOURSK-JPG-1-300x161.jpg 300w\" sizes=\"(max-width: 700px) 100vw, 700px\" \/><\/strong><\/span><\/p>\n<p style=\"text-align: justify;\"><span style=\"font-family: times new roman, times, serif; font-size: 14pt;\"><strong>\u00a0<\/strong><\/span><\/p>\n<p>&nbsp;<\/p>\n<p style=\"text-align: justify;\"><span style=\"font-family: times new roman, times, serif; font-size: 14pt;\">Comme s&rsquo;il avait \u00e9t\u00e9 d\u00e9clench\u00e9 par l&rsquo;encha\u00eenement des r\u00e9cents \u00e9checs diplomatiques, le front ukrainien de Koursk a entam\u00e9 un d\u00e9mant\u00e8lement rapide, autrement dit un effondrement catastrophique.<\/span><\/p>\n<p style=\"text-align: justify;\"><span style=\"font-family: times new roman, times, serif; font-size: 14pt;\">L&rsquo;image qui en \u00e9merge n&rsquo;est pas optimiste pour l&rsquo;Ukraine, dont certaines personnalit\u00e9s vont jusqu\u2019\u00e0 d\u00e9plorer des pertes \u00ab sans pr\u00e9c\u00e9dent \u00bb.<\/span><\/p>\n<p>&nbsp;<\/p>\n<p style=\"text-align: justify;\"><span style=\"font-family: times new roman, times, serif; font-size: 14pt;\">De l\u2019important journaliste ukrainien Anatoli Shari :<\/span><\/p>\n<p>&nbsp;<\/p>\n<p style=\"text-align: center;\"><span style=\"font-family: times new roman, times, serif; font-size: 14pt;\"><strong><em>\u00a0\u00ab Les pertes sont \u00e9normes, parmi les plus importantes dont se souviennent les soldats qui se battent l\u00e0.\u00a0\u00bb<\/em><\/strong><\/span><\/p>\n<p>&nbsp;<\/p>\n<p>&nbsp;<\/p>\n<p style=\"text-align: justify;\"><span style=\"font-family: times new roman, times, serif; font-size: 14pt;\">L&rsquo;ex-commandant adjoint de l&rsquo;A\u00efdar, Ihor Mosiychuk, a rapport\u00e9 que la garnison encercl\u00e9e de Martynovka \u00e9tait d\u00e9j\u00e0 pratiquement d\u00e9truite :<\/span><\/p>\n<p>&nbsp;<\/p>\n<p style=\"text-align: center;\"><img loading=\"lazy\" class=\"alignnone wp-image-24768\" src=\"http:\/\/blog.lesgrossesorchadeslesamplesthalameges.fr\/wp-content\/uploads\/2025\/03\/7.-KOURSK-JPG-300x230.jpg\" alt=\"\" width=\"450\" height=\"345\" srcset=\"https:\/\/blog.lesgrossesorchadeslesamplesthalameges.fr\/wp-content\/uploads\/2025\/03\/7.-KOURSK-JPG-300x230.jpg 300w, https:\/\/blog.lesgrossesorchadeslesamplesthalameges.fr\/wp-content\/uploads\/2025\/03\/7.-KOURSK-JPG.jpg 600w\" sizes=\"(max-width: 450px) 100vw, 450px\" \/><\/p>\n<p>&nbsp;<\/p>\n<p style=\"text-align: center;\"><img loading=\"lazy\" class=\"alignnone wp-image-24769\" src=\"http:\/\/blog.lesgrossesorchadeslesamplesthalameges.fr\/wp-content\/uploads\/2025\/03\/8.-Umage-2Babuchkas-JPG-300x45.jpg\" alt=\"\" width=\"500\" height=\"74\" srcset=\"https:\/\/blog.lesgrossesorchadeslesamplesthalameges.fr\/wp-content\/uploads\/2025\/03\/8.-Umage-2Babuchkas-JPG-300x45.jpg 300w, https:\/\/blog.lesgrossesorchadeslesamplesthalameges.fr\/wp-content\/uploads\/2025\/03\/8.-Umage-2Babuchkas-JPG.jpg 600w\" sizes=\"(max-width: 500px) 100vw, 500px\" \/><\/p>\n<p style=\"text-align: justify;\"><span style=\"font-family: times new roman, times, serif; font-size: 12pt;\">[<strong>D\u00a0\u00bbun d\u00e9nomm\u00e9 Masno<\/strong>\u00a0: \u00ab\u00a0En direct, de la bouche d\u2019un docteur de Sumy, port\u00e9 jusqu\u2019\u00e0 moi par le tr\u00e8s fiable syst\u00e8me Babouchka\u2026 il y a 2 jours, 400 corps d\u2019Ukrainiens sont arriv\u00e9s \u00e0 la morgue de l\u2019h\u00f4pital de Sumy.\u00a0\u00bb]<\/span><\/p>\n<p>&nbsp;<\/p>\n<p style=\"text-align: justify;\"><span style=\"font-family: times new roman, times, serif; font-size: 14pt;\">En bref, les pertes sont sans doute vertigineusement \u00e9lev\u00e9es, en plus des massives captures de prisonniers de guerre, attest\u00e9es par de nouvelles vid\u00e9os qui arrivent d&rsquo;heure en heure :<\/span><\/p>\n<p style=\"text-align: center;\"><span style=\"font-family: times new roman, times, serif; font-size: 14pt;\">(vid\u00e9os prises par portables)<\/span><\/p>\n<p>&nbsp;<\/p>\n<p style=\"text-align: justify;\"><span style=\"font-family: times new roman, times, serif; font-size: 14pt;\">Un convoi a \u00e9galement \u00e9t\u00e9 mis hors combat par une attaque a\u00e9rienne, alors qu&rsquo;il tentait de s&rsquo;\u00e9chapper apr\u00e8s avoir but\u00e9 sur l\u2019\u00ab impasse \u00bb d&rsquo;un pont que les frappes russes avaient d\u00e9j\u00e0 rendu impraticable.<\/span><\/p>\n<p style=\"text-align: center;\"><span style=\"font-family: times new roman, times, serif; font-size: 14pt;\">(voir la photo en t\u00eate d\u2019article)<\/span><\/p>\n<p>&nbsp;<\/p>\n<p style=\"text-align: justify;\"><span style=\"font-family: times new roman, times, serif; font-size: 14pt;\">Mais le haut fait qui d\u00e9passe tous les \u00e9v\u00e9nements de ces derniers jours est sans conteste l&rsquo;infiltration d\u00e9sormais l\u00e9gendaire d&rsquo;un gazoduc, men\u00e9e \u00e0 bien, selon les informations disponibles, par des \u00e9l\u00e9ments des groupes suivants :<\/span><\/p>\n<p>&nbsp;<\/p>\n<p style=\"text-align: justify;\"><span style=\"font-family: times new roman, times, serif; font-size: 14pt;\"><em>Groupe Aida Spetsnaz \u00ab Akhmat\u00a0\u00bb.<\/em><\/span><\/p>\n<p style=\"text-align: justify;\"><span style=\"font-family: times new roman, times, serif; font-size: 14pt;\"><em>30e R\u00e9giment<\/em><\/span><\/p>\n<p style=\"text-align: justify;\"><span style=\"font-family: times new roman, times, serif; font-size: 14pt;\"><em>11e Brigade <\/em><\/span><\/p>\n<p style=\"text-align: justify;\"><span style=\"font-family: times new roman, times, serif; font-size: 14pt;\"><em>ODSHRB \u00ab V\u00e9t\u00e9rans \u00a0\u00bb.<\/em><\/span><\/p>\n<p style=\"text-align: justify;\"><span style=\"font-family: times new roman, times, serif; font-size: 14pt;\"><em>DShBR \u00ab Vostok \u00a0\u00bb.<\/em><\/span><\/p>\n<p style=\"text-align: justify;\"><span style=\"font-family: times new roman, times, serif; font-size: 14pt;\"><em>Corps des Marines 106\u00e8me Brigade<\/em><\/span><\/p>\n<p>&nbsp;<\/p>\n<p style=\"text-align: justify;\"><span style=\"font-family: times new roman, times, serif; font-size: 14pt;\">L&rsquo;op\u00e9rationn, qui n\u00e9cessitait le plus grand secret, a vu les intr\u00e9pides troupes russes progresser, d\u00e9hanch\u00e9es et courb\u00e9es, \u00e0 travers plus de 12 kilom\u00e8tres de boyaux \u00e9troits, qui fournissaient encore il y a peu du gaz \u00e0 l&rsquo;Europe :<\/span><\/p>\n<p style=\"text-align: justify;\"><span style=\"font-family: times new roman, times, serif; font-size: 14pt;\"><em>On parle ici de conduites souterraines du gazoduc <\/em><a href=\"https:\/\/en.wikipedia.org\/wiki\/Urengoy%E2%80%93Pomary%E2%80%93Uzhhorod_pipeline\"><strong><em>Urengoy-Pomary-Uzhgorod<\/em><\/strong><\/a><em> par lequel la F\u00e9d\u00e9ration de Russie a fourni du gaz \u00e0 l&rsquo;Europe en passant par le territoire de l&rsquo;Ukraine, jusqu&rsquo;au 1er janvier 2025. Le diam\u00e8tre du boyau est de 1,40 m\u00e8tre.<\/em><\/span><\/p>\n<p style=\"text-align: justify;\"><span style=\"font-family: times new roman, times, serif; font-size: 14pt;\"><em>\u00a0<\/em><\/span><\/p>\n<p style=\"text-align: center;\"><span style=\"font-family: times new roman, times, serif; font-size: 14pt;\"><em>\u00a0<img loading=\"lazy\" class=\"alignnone wp-image-24770\" src=\"http:\/\/blog.lesgrossesorchadeslesamplesthalameges.fr\/wp-content\/uploads\/2025\/03\/9-bis.-IMAGE-3-KOURSK-JPG-300x237.jpg\" alt=\"\" width=\"500\" height=\"394\" srcset=\"https:\/\/blog.lesgrossesorchadeslesamplesthalameges.fr\/wp-content\/uploads\/2025\/03\/9-bis.-IMAGE-3-KOURSK-JPG-300x237.jpg 300w, https:\/\/blog.lesgrossesorchadeslesamplesthalameges.fr\/wp-content\/uploads\/2025\/03\/9-bis.-IMAGE-3-KOURSK-JPG.jpg 600w\" sizes=\"(max-width: 500px) 100vw, 500px\" \/><\/em><\/span><\/p>\n<p style=\"text-align: justify;\"><span style=\"font-family: times new roman, times, serif; font-size: 14pt;\"><em>\u00a0<\/em><\/span><\/p>\n<p style=\"text-align: justify;\"><span style=\"font-family: times new roman, times, serif; font-size: 14pt;\">[\u2026]<\/span><\/p>\n<p style=\"text-align: justify;\"><span style=\"font-family: times new roman, times, serif; font-size: 14pt;\">On peut en savoir plus sur l&rsquo;ol\u00e9oduc en cliquant <a href=\"https:\/\/en.wikipedia.org\/wiki\/Urengoy%E2%80%93Pomary%E2%80%93Uzhhorod_pipeline\"><strong>ici<\/strong>.<\/a> Curieusement, s\u2019il faut en croire l&rsquo;article du wiki, ce m\u00eame ol\u00e9oduc aurait d\u00e9j\u00e0 \u00e9t\u00e9 utilis\u00e9 par James Bond pour faire passer \u00e0 l\u2019Ouest des espions du KGB retourn\u00e9s :<\/span><\/p>\n<p style=\"text-align: justify;\"><span style=\"font-family: times new roman, times, serif; font-size: 14pt;\"><em>Le James Bond de 1987, <\/em>Les feux de la rampe<em>, utilisait un truc d&rsquo;inspection dans le pipeline en guise de gadget narratif pour faire passer un transfuge du KGB \u00e0 l&rsquo;Ouest.<\/em><\/span><\/p>\n<p style=\"text-align: justify;\"><span style=\"font-family: times new roman, times, serif; font-size: 14pt;\">De l\u2019avis g\u00e9n\u00e9ral, l&rsquo;op\u00e9ration a permis d\u2019introduire une \u00e9quipe d&rsquo;assaut de plusieurs compagnies (plus de 400 hommes selon un rapport)\u00a0 derri\u00e8re les lignes ennemies, ce qui a donn\u00e9 le coup d&rsquo;envoi \u00e0 la d\u00e9route ; apr\u00e8s quoi les choses ont continu\u00e9 de se d\u00e9glinguer toutes seules.<\/span><\/p>\n<p style=\"text-align: justify;\"><span style=\"font-family: times new roman, times, serif; font-size: 14pt;\">Tout en perdant la t\u00eate, les apologistes du r\u00e9gime, dans le monde entier, sont contraints d\u2019admettre l&rsquo;efficacit\u00e9 de l&rsquo;audacieuse exp\u00e9dition souterraine :<\/span><\/p>\n<p>&nbsp;<\/p>\n<p>&nbsp;<\/p>\n<p style=\"text-align: center;\"><img loading=\"lazy\" class=\"alignnone wp-image-24771\" src=\"http:\/\/blog.lesgrossesorchadeslesamplesthalameges.fr\/wp-content\/uploads\/2025\/03\/9.-image-3-julian-ropckz-286x300.jpg\" alt=\"\" width=\"500\" height=\"524\" srcset=\"https:\/\/blog.lesgrossesorchadeslesamplesthalameges.fr\/wp-content\/uploads\/2025\/03\/9.-image-3-julian-ropckz-286x300.jpg 286w, https:\/\/blog.lesgrossesorchadeslesamplesthalameges.fr\/wp-content\/uploads\/2025\/03\/9.-image-3-julian-ropckz.jpg 586w\" sizes=\"(max-width: 500px) 100vw, 500px\" \/><\/p>\n<p style=\"text-align: justify;\"><span style=\"font-family: times new roman, times, serif; font-size: 12pt;\">[ Les derni\u00e8res 24 heures ont montr\u00e9 pourquoi nous devrions faire sauter tous les pipelines russes en Europe. La Russie s\u2019en sert pour envoyer des soldats et des armes \u00e0 l\u2019Ouest, pas au figur\u00e9 mais au propre. Un coup d\u2019\u00c9tat militaire, il faut l\u2019admettre.]<\/span><\/p>\n<p>&nbsp;<\/p>\n<p>&nbsp;<\/p>\n<p style=\"text-align: justify;\"><span style=\"font-family: comic sans ms, sans-serif; font-size: 14pt;\">On ne peut h\u00e9las pas vous montrer la vid\u00e9o du g\u00e9n\u00e9ral tch\u00e9ch\u00e8ne Apti Alouinov (qui a ratibois\u00e9 une partie de sa barbe, d\u00e9cid\u00e9ment, on est en pleines coupes de printemps), parce qu\u2019on est trop nuls pour pr\u00e9lever autre chose que les codes embed de Youtube, qui ne mange pas de ce pain-l\u00e0. En substance, il dit \u00e0 ses hommes (tous des volontaires) qu\u2019ils vont peut-\u00eatre mourir, mais que, \u00ab\u00a0quils meurent ou qu\u2019ils vivent, ils vont devenir des h\u00e9ros dont on parlera dans les livres d\u2019histoire\u00a0\u00bb et que, bon, bref, leurs proches, s\u2019ils les regrettent, pourront aller les y chercher. \u00c7a marche toujours sur les hommes, ce genre de harangue, au bout de tant de mill\u00e9naires\u00a0! <em>[Voyez par exemple, chez Shakespeare, le monologue d\u2019Henry V, avant la bataille d\u2019Azincourt, NdT]<\/em><\/span><\/p>\n<p style=\"text-align: justify;\"><span style=\"font-family: comic sans ms, sans-serif; font-size: 14pt;\">Quelques photos\u00a0:<\/span><\/p>\n<p>&nbsp;<\/p>\n<p>&nbsp;<\/p>\n<p style=\"text-align: center;\"><img loading=\"lazy\" class=\"alignnone wp-image-24773 size-full\" src=\"http:\/\/blog.lesgrossesorchadeslesamplesthalameges.fr\/wp-content\/uploads\/2025\/03\/10.-KOURSK-4.jpg\" alt=\"\" width=\"220\" height=\"123\" \/><img loading=\"lazy\" class=\"alignnone wp-image-24774 size-full\" src=\"http:\/\/blog.lesgrossesorchadeslesamplesthalameges.fr\/wp-content\/uploads\/2025\/03\/11.-.jpg\" alt=\"\" width=\"220\" height=\"123\" \/><img loading=\"lazy\" class=\"alignnone wp-image-24775 size-full\" src=\"http:\/\/blog.lesgrossesorchadeslesamplesthalameges.fr\/wp-content\/uploads\/2025\/03\/12.-KOURSK-6.-jpg.jpg\" alt=\"\" width=\"220\" height=\"123\" \/><\/p>\n<p>&nbsp;<\/p>\n<p><img loading=\"lazy\" class=\"alignnone wp-image-24776 size-full\" src=\"http:\/\/blog.lesgrossesorchadeslesamplesthalameges.fr\/wp-content\/uploads\/2025\/03\/13.-Koursk-7.jpg\" alt=\"\" width=\"330\" height=\"185\" srcset=\"https:\/\/blog.lesgrossesorchadeslesamplesthalameges.fr\/wp-content\/uploads\/2025\/03\/13.-Koursk-7.jpg 330w, https:\/\/blog.lesgrossesorchadeslesamplesthalameges.fr\/wp-content\/uploads\/2025\/03\/13.-Koursk-7-300x168.jpg 300w\" sizes=\"(max-width: 330px) 100vw, 330px\" \/><img loading=\"lazy\" class=\"alignnone wp-image-24777 size-full\" src=\"http:\/\/blog.lesgrossesorchadeslesamplesthalameges.fr\/wp-content\/uploads\/2025\/03\/14.-KOURSK-8.jpg\" alt=\"\" width=\"330\" height=\"185\" srcset=\"https:\/\/blog.lesgrossesorchadeslesamplesthalameges.fr\/wp-content\/uploads\/2025\/03\/14.-KOURSK-8.jpg 330w, https:\/\/blog.lesgrossesorchadeslesamplesthalameges.fr\/wp-content\/uploads\/2025\/03\/14.-KOURSK-8-300x168.jpg 300w\" sizes=\"(max-width: 330px) 100vw, 330px\" \/><\/p>\n<p style=\"text-align: justify;\"><span style=\"font-family: times new roman, times, serif; font-size: 14pt;\"><strong><em>\u00a0<\/em><\/strong><\/span><\/p>\n<p style=\"text-align: center;\"><span style=\"font-family: times new roman, times, serif; font-size: 12pt;\"><strong><em>Bref, imaginez-les, au nombre de 400, avec une lampe de poche dont la batterie n\u2019est pas \u00e9ternelle, dans un boyau de 12 \u00e0 15 kilom\u00e8tres de long \u00a0sur 1,40 m de diam\u00e8tre, avec des \u00e9manations de gaz liquide qui en font vomir certains et en \u00e9tourdissent d\u2019autres, sans qu&rsquo;il soit question de faire demi-tour.<\/em><\/strong><\/span><\/p>\n<p style=\"text-align: center;\"><span style=\"font-family: times new roman, times, serif; font-size: 12pt;\">Kursk region , Aid (SpN \u00ab\u00a0Akhmat\u00a0\u00bb) publishes footage of Operation \u00ab\u00a0Pipe\u00a0\u00bb.<\/span><\/p>\n<p>&nbsp;<\/p>\n<p>&nbsp;<\/p>\n<p style=\"text-align: justify;\"><span style=\"font-family: comic sans ms, sans-serif; font-size: 14pt;\">Le but \u00e9tait de tomber sur les assaillants par derri\u00e8re, de refermer la boucle dans laquelle ils seraient pris et de passer sans transition au combat direct apr\u00e8s l\u2019\u00e9preuve du boyau.<\/span><\/p>\n<p style=\"text-align: justify;\"><span style=\"font-family: comic sans ms, sans-serif; font-size: 14pt;\">Si vous voulez les voir bouger, ou si vous voulez voir un autre groupe de combattants traverser le Dniepr en bateau et passer directement de leur rafiot sur la route d\u2019Odessa \u00e0 bord de petites motos, il faut aller les voir sur le site de Simplicius\u00a0:<\/span><\/p>\n<p style=\"text-align: center;\"><img loading=\"lazy\" class=\"size-full wp-image-24778 aligncenter\" src=\"http:\/\/blog.lesgrossesorchadeslesamplesthalameges.fr\/wp-content\/uploads\/2025\/03\/000.-vers-le-bas-fleche-rouge-GIF-Copie-1.gif\" alt=\"\" width=\"100\" height=\"100\" \/><\/p>\n<p style=\"text-align: center;\"><span style=\"font-family: times new roman, times, serif; font-size: 18pt;\"><a href=\"https:\/\/simplicius76.substack.com\/p\/kursk-collapse-accelerates-as-daring\"><strong><span style=\"font-size: 14pt;\"><span style=\"font-size: 18pt;\">https:\/\/simplicius76.substack.com\/p\/kursk-collapse-accelerates-as-daring<\/span><\/span><\/strong><\/a><\/span><\/p>\n<p>&nbsp;<\/p>\n<p style=\"text-align: justify;\"><span style=\"font-family: times new roman, times, serif; font-size: 14pt;\">Source :\u00a0 <a href=\"https:\/\/simplicius76.substack.com\/p\/kursk-collapse-accelerates-as-daring\">https:\/\/simplicius76.substack.com\/p\/kursk-collapse-accelerates-as-daring<\/a><\/span><\/p>\n<p style=\"text-align: left;\"><span style=\"font-family: times new roman, times, serif; font-size: 14pt;\">URL de et article : <a href=\"http:\/\/blog.lesgrossesorchadeslesamplesthalameges.fr\/index.php\/leffondrement-de-koursk-saccelere-un-raid\/\">http:\/\/blog.lesgrossesorchadeslesamplesthalameges.fr\/index.php\/leffondrement-de-koursk-saccelere-un-raid\/<\/a><br \/>\n<\/span><\/p>\n<p>&nbsp;<\/p>\n<p>&nbsp;<\/p>\n<p style=\"text-align: center;\"><img loading=\"lazy\" class=\"alignnone size-full wp-image-24779\" src=\"http:\/\/blog.lesgrossesorchadeslesamplesthalameges.fr\/wp-content\/uploads\/2025\/03\/000.-russep-x-1.gif\" alt=\"\" width=\"50\" height=\"50\" \/><\/p>\n<p>&nbsp;<\/p>\n<p style=\"text-align: right;\"><span style=\"font-family: comic sans ms, sans-serif; font-size: 14pt;\">Mars 2025<\/span><\/p>\n<p style=\"text-align: justify;\">\n","protected":false},"excerpt":{"rendered":"<p>&nbsp; &nbsp; &nbsp; &nbsp; &nbsp; &nbsp; &nbsp; L&rsquo;effondrement de Koursk s&rsquo;acc\u00e9l\u00e8re. Un raid audacieux sur les pipelines \u00e9branle les Forces Arm\u00e9es \u00ab\u00a0Ukrainiennes\u00a0\u00bb &nbsp; (Les guillemets sont de nous) \u00a0 Simplicius \u2013 10.3.2025 2025 \u00a0 Extraits Traduits par c.l. pour L.G.O. \u00a0 &nbsp; \u00a0 \u00a0 &nbsp; Comme s&rsquo;il avait \u00e9t\u00e9 d\u00e9clench\u00e9 par l&rsquo;encha\u00eenement des r\u00e9cents \u00e9checs&#8230;<\/p>\n","protected":false},"author":1,"featured_media":0,"parent":0,"menu_order":0,"comment_status":"open","ping_status":"open","template":"","meta":[],"_links":{"self":[{"href":"https:\/\/blog.lesgrossesorchadeslesamplesthalameges.fr\/index.php\/wp-json\/wp\/v2\/pages\/24764"}],"collection":[{"href":"https:\/\/blog.lesgrossesorchadeslesamplesthalameges.fr\/index.php\/wp-json\/wp\/v2\/pages"}],"about":[{"href":"https:\/\/blog.lesgrossesorchadeslesamplesthalameges.fr\/index.php\/wp-json\/wp\/v2\/types\/page"}],"author":[{"embeddable":true,"href":"https:\/\/blog.lesgrossesorchadeslesamplesthalameges.fr\/index.php\/wp-json\/wp\/v2\/users\/1"}],"replies":[{"embeddable":true,"href":"https:\/\/blog.lesgrossesorchadeslesamplesthalameges.fr\/index.php\/wp-json\/wp\/v2\/comments?post=24764"}],"version-history":[{"count":8,"href":"https:\/\/blog.lesgrossesorchadeslesamplesthalameges.fr\/index.php\/wp-json\/wp\/v2\/pages\/24764\/revisions"}],"predecessor-version":[{"id":24784,"href":"https:\/\/blog.lesgrossesorchadeslesamplesthalameges.fr\/index.php\/wp-json\/wp\/v2\/pages\/24764\/revisions\/24784"}],"wp:attachment":[{"href":"https:\/\/blog.lesgrossesorchadeslesamplesthalameges.fr\/index.php\/wp-json\/wp\/v2\/media?parent=24764"}],"curies":[{"name":"wp","href":"https:\/\/api.w.org\/{rel}","templated":true}]}}