{"id":25013,"date":"2025-04-14T15:24:54","date_gmt":"2025-04-14T13:24:54","guid":{"rendered":"http:\/\/blog.lesgrossesorchadeslesamplesthalameges.fr\/?page_id=25013"},"modified":"2025-04-14T15:27:04","modified_gmt":"2025-04-14T13:27:04","slug":"un-livre","status":"publish","type":"page","link":"https:\/\/blog.lesgrossesorchadeslesamplesthalameges.fr\/index.php\/un-livre\/","title":{"rendered":"UN LIVRE"},"content":{"rendered":"<p>&nbsp;<\/p>\n<p><strong><em>\u00a0<\/em><\/strong><\/p>\n<p><strong><em>\u00a0<\/em><\/strong><\/p>\n<p>&nbsp;<\/p>\n<p>&nbsp;<\/p>\n<p>&nbsp;<\/p>\n<p>&nbsp;<\/p>\n<p>&nbsp;<\/p>\n<p style=\"text-align: center;\"><span style=\"font-size: 36pt;\"><strong>UN <span style=\"font-family: times new roman, times, serif;\">LIVRE<\/span><\/strong><\/span><\/p>\n<p>&nbsp;<\/p>\n<p style=\"text-align: justify;\"><span style=\"font-family: times new roman, times, serif; font-size: 14pt;\"><strong>\u00a0<\/strong><\/span><\/p>\n<p style=\"text-align: left;\"><span style=\"font-family: times new roman, times, serif; font-size: 14pt;\"><strong>\u00a0<img loading=\"lazy\" class=\"alignnone size-medium wp-image-25015\" src=\"http:\/\/blog.lesgrossesorchadeslesamplesthalameges.fr\/wp-content\/uploads\/2025\/04\/3.-heliogabale-1-186x300.jpg\" alt=\"\" width=\"186\" height=\"300\" srcset=\"https:\/\/blog.lesgrossesorchadeslesamplesthalameges.fr\/wp-content\/uploads\/2025\/04\/3.-heliogabale-1-186x300.jpg 186w, https:\/\/blog.lesgrossesorchadeslesamplesthalameges.fr\/wp-content\/uploads\/2025\/04\/3.-heliogabale-1.jpg 298w\" sizes=\"(max-width: 186px) 100vw, 186px\" \/><\/strong><\/span><\/p>\n<p style=\"text-align: justify;\"><span style=\"font-family: times new roman, times, serif; font-size: 14pt;\"><strong>Robert Turcan<\/strong><\/span><\/p>\n<p style=\"text-align: justify;\"><span style=\"font-family: times new roman, times, serif; font-size: 18pt;\"><strong><em>H\u00e9liogabale et le sacre du soleil<\/em><\/strong><\/span><\/p>\n<p style=\"text-align: justify;\"><span style=\"font-family: times new roman, times, serif; font-size: 14pt;\">Albin Michel, 1985, 2016<\/span><\/p>\n<p style=\"text-align: justify;\"><span style=\"font-family: times new roman, times, serif; font-size: 14pt;\">283 pages<\/span><\/p>\n<p style=\"text-align: justify; padding-left: 240px;\"><span style=\"font-family: times new roman, times, serif; font-size: 12pt;\"><strong>R\u00e9sum\u00e9\u00a0<\/strong>:<\/span><\/p>\n<p style=\"text-align: justify; padding-left: 240px;\"><span style=\"font-family: times new roman, times, serif; font-size: 12pt;\">Un descendant de B\u00e9douins fix\u00e9s \u00e0 Em\u00e8se, en Syrie, passe pour le fils adult\u00e9rin d&rsquo;un empereur assassin\u00e9. Il sert passionn\u00e9ment le culte d&rsquo;un a\u00e9rolithe qui passe pour figurer le soleil : Elagabal. Il continuerait volontiers \u00e0 danser devant l&rsquo;idole si une grand-m\u00e8re avide de r\u00e9gner sous son nom ne le faisait proclamer empereur. Loin de renoncer \u00e0 sa vocation sacerdotale, l&#8217;empereur-pr\u00eatre, qu&rsquo;on surnommera H\u00e9liogabale, pr\u00e9tend imposer \u00e0 Rome et aux Romains, \u00e0 la barbe de Jupiter Capitolin, l&rsquo;adoration de la pierre noire, ramen\u00e9e des confins du d\u00e9sert. Rome r\u00e9agit mal \u00e0 cette volont\u00e9. L&rsquo;exotisme audiovisuel d&rsquo;une liturgie barbare choque son sens de la dignit\u00e9. De surcro\u00eet, l&rsquo;adolescent joue de son pouvoir pour jouir et r\u00e9gner autrement que ses pr\u00e9d\u00e9cesseurs. Les gamineries, les farces cruelles, la gourmandise inventive, la sexualit\u00e9 frustr\u00e9e ou pseudo-\u00e9rotique de ce prince immature ont aliment\u00e9 la chronique scandaleuse de l&rsquo;historiographie romaine, qui fait paradoxalement d&rsquo;H\u00e9liogabale un pr\u00e9curseur du premier empereur chr\u00e9tien.<\/span><\/p>\n<p style=\"text-align: justify; padding-left: 240px;\"><span style=\"font-family: times new roman, times, serif; font-size: 12pt;\">Ce r\u00e8gne \u00e9ph\u00e9m\u00e8re ressemble aux Saturnales d&rsquo;une r\u00e9volution manqu\u00e9e, le tout sur fond de complot familial, avec une a\u00efeule inqui\u00e8te de perdre sa position \u00e0 la cour et une tante soucieuse de pousser son fils S\u00e9v\u00e8re-Alexandre sur l&rsquo;\u00e9chiquier du pouvoir.<\/span><\/p>\n<p style=\"text-align: justify; padding-left: 240px;\"><span style=\"font-family: times new roman, times, serif; font-size: 12pt;\">Le cadavre de l&#8217;empereur-pr\u00eatre sera jet\u00e9 dans le Tibre, en p\u00e2ture aux poissons qu&rsquo;il aimait nagu\u00e8re servir \u00e0 table.<\/span><\/p>\n<p style=\"text-align: justify; padding-left: 240px;\"><span style=\"font-family: times new roman, times, serif; font-size: 12pt;\"><strong>L\u2019auteur\u00a0:<\/strong><\/span><\/p>\n<p style=\"text-align: justify; padding-left: 240px;\"><span style=\"font-family: times new roman, times, serif; font-size: 12pt;\">Ancien \u00e9l\u00e8ve de l&rsquo;Ecole normale sup\u00e9rieure, ancien membre de l&rsquo;Ecole fran\u00e7aise de Rome, professeur \u00e0 l&rsquo;Universit\u00e9 de Lyon, Robert Turcan s&rsquo;est consacr\u00e9 \u00e0 l&rsquo;\u00e9tude des religions du monde romain, en particulier \u00e0 l&rsquo;arch\u00e9ologie figur\u00e9e du dionysisme et des cultes orientaux (Mithra, Cyb\u00e8le et Attis).<\/span><\/p>\n<p>&nbsp;<\/p>\n<p style=\"text-align: justify;\"><span style=\"font-family: times new roman, times, serif; font-size: 14pt;\">Ce livre existe aussi dans d\u2019autres \u00e9ditions\u00a0:\u00a0<\/span><\/p>\n<p style=\"text-align: justify;\"><span style=\"font-family: times new roman, times, serif; font-size: 14pt;\">notamment <strong>Olivier Orban, 1988<\/strong>\u00a0 et \u00a0<strong>Payot, 1997<\/strong>.<\/span><\/p>\n<p>&nbsp;<\/p>\n<p>&nbsp;<\/p>\n<p style=\"text-align: center;\"><img loading=\"lazy\" class=\"alignnone size-full wp-image-25014\" src=\"http:\/\/blog.lesgrossesorchadeslesamplesthalameges.fr\/wp-content\/uploads\/2025\/04\/000.-russep-x-2.gif\" alt=\"\" width=\"50\" height=\"50\" \/><\/p>\n<p style=\"text-align: justify;\"><span style=\"font-family: comic sans ms, sans-serif; font-size: 14pt;\"><strong>\u00a0<\/strong><\/span><\/p>\n<p style=\"text-align: justify;\"><span style=\"font-family: comic sans ms, sans-serif; font-size: 14pt;\">C\u2019est John Helmer qui a lev\u00e9 ce li\u00e8vre. Apr\u00e8s avoir dit, dans un autre article dont il fut question ici, que, d\u2019apr\u00e8s des scientifiques US, le pr\u00e9sident Donald Trump aurait un vocabulaire d\u2019\u00e9colier de 9-10 ans.<\/span><\/p>\n<p style=\"text-align: justify;\"><span style=\"font-family: comic sans ms, sans-serif; font-size: 14pt;\">Et du coup voil\u00e0 que le comportement du POTUS s\u2019\u00e9claire.<\/span><\/p>\n<p style=\"text-align: justify;\"><span style=\"font-family: comic sans ms, sans-serif; font-size: 14pt;\">Car\u2026<\/span><\/p>\n<p>&nbsp;<\/p>\n<p>&nbsp;<\/p>\n<p style=\"text-align: center;\"><img loading=\"lazy\" class=\"alignnone wp-image-25019 size-full\" src=\"http:\/\/blog.lesgrossesorchadeslesamplesthalameges.fr\/wp-content\/uploads\/2025\/04\/5.-Heliogabale-2-.jpg\" alt=\"\" width=\"500\" height=\"300\" srcset=\"https:\/\/blog.lesgrossesorchadeslesamplesthalameges.fr\/wp-content\/uploads\/2025\/04\/5.-Heliogabale-2-.jpg 500w, https:\/\/blog.lesgrossesorchadeslesamplesthalameges.fr\/wp-content\/uploads\/2025\/04\/5.-Heliogabale-2--300x180.jpg 300w\" sizes=\"(max-width: 500px) 100vw, 500px\" \/><\/p>\n<p>&nbsp;<\/p>\n<p>&nbsp;<\/p>\n<p style=\"text-align: justify;\"><span style=\"font-family: comic sans ms, sans-serif; font-size: 14pt;\">Quand celui qu\u2019Antonin Artaud appelait \u00ab l\u2019anarchiste couronn\u00e9 \u00bb a \u00e9t\u00e9 bombard\u00e9 empereur de Rome, il avait 14 ans. Et il \u00e9tait \u00ab grande-pr\u00eatre du soleil \u00bb, fonction qu\u2019il semble avoir h\u00e9rit\u00e9e de son grand-p\u00e8re (v\u00e9rifiez), et dont il s\u2019acquittait avec une sorte de fanatisme pouss\u00e9 jusqu\u2019au d\u00e9lire. Mais \u00e9tait-il anarchiste, fou, ignorant, sexuellement d\u00e9voy\u00e9 ? Non. Ce qu\u2019il n\u2019\u00e9tait pas et ne serait jamais, c\u2019est : adulte. Avec, du jour au lendemain dans les mains, pour en faire ce qu\u2019il voulait, des richesses et un pouvoir illimit\u00e9s.<\/span><\/p>\n<p style=\"text-align: justify;\"><span style=\"font-family: comic sans ms, sans-serif; font-size: 14pt;\">Et qui allait, alors, exercer le pouvoir \u00e0 Rome ? Sa grand-m\u00e8re, sa tante et sa m\u00e8re. Les trois terribles matriarches qui n\u2019avaient pas encore abdiqu\u00e9, en Syrie, le pouvoir que les Romaines avaient, pour leur part, d\u00e9j\u00e0 c\u00e9d\u00e9 aux hommes ou plut\u00f4t aux p\u00e8res de famille (nuance).<\/span><\/p>\n<p style=\"text-align: justify;\"><span style=\"font-family: comic sans ms, sans-serif; font-size: 14pt;\">Elles allaient le faire en se jalousant, en se combattant, en se servant de lui jusqu\u2019\u00e0 le faire massacrer, puis en se servant ensuite de son cousin, l\u2019empereur suivant <a href=\"https:\/\/fr.wikipedia.org\/wiki\/S%C3%A9v%C3%A8re_Alexandre\">S\u00e9v\u00e8re Alexandre<\/a>, qu\u2019elles r\u00e9ussiraient encore \u00e0 faire couronner.<\/span><\/p>\n<p>&nbsp;<\/p>\n<p>&nbsp;<\/p>\n<p>&nbsp;<\/p>\n<p style=\"text-align: center;\"><span style=\"font-family: times new roman, times, serif; font-size: 14pt;\"><strong><em>\u00a0<img loading=\"lazy\" class=\"alignnone wp-image-25018 size-full\" src=\"http:\/\/blog.lesgrossesorchadeslesamplesthalameges.fr\/wp-content\/uploads\/2025\/04\/6-PELAGABAL-PIERRE-NOIRE-DEMESE-.-.gif\" alt=\"\" width=\"500\" height=\"480\" \/><\/em><\/strong><\/span><\/p>\n<p>&nbsp;<\/p>\n<p style=\"text-align: center;\"><span style=\"font-family: times new roman, times, serif; font-size: 12pt;\"><strong><em>Elagabal, pierre noire d\u2019\u00c9m\u00e8se.<\/em><\/strong><\/span><\/p>\n<p>&nbsp;<\/p>\n<p>&nbsp;<\/p>\n<p style=\"text-align: justify;\"><span style=\"font-family: comic sans ms, sans-serif; font-size: 14pt;\">Se rendre d\u2019\u00c9m\u00e8se \u00e0 Rome lui a pris un an, tant il s\u2019est complu \u00e0 s\u2019arr\u00eater partout pour faire adorer, par ses sujets, la pierre noire cens\u00e9e figurer sur terre l\u2019astre dont il avait la charge et qu\u2019il pla\u00e7ait beaucoup plus haut que tous les empires du monde. Astre f\u00e9minin pendant pr\u00e8s de cent mille ans, devenu, peu de si\u00e8cles avant sa naissance, astre m\u00e2le par la gr\u00e2ce du patriarcat en pleine ascension.<\/span><\/p>\n<p style=\"text-align: justify;\"><span style=\"font-family: comic sans ms, sans-serif; font-size: 14pt;\">La grande pr\u00eatresse et ses devoirs plurimill\u00e9naires avaient ainsi \u00e9t\u00e9 jet\u00e9s sur les \u00e9paules de ce pr\u00e9-adolescent. Qui se devait d\u2019\u00eatre \u00ab elle \u00bb, quoiqu\u2019au masculin, sinon l\u2019astre ne se l\u00e8verait pas quand il le devait, interromprait sa course, cesserait de briller et qu\u2019arriverait-il alors \u00e0 la vie sur terre ? Terrible responsabilit\u00e9, qui comportait des rites compliqu\u00e9s, inflexibles, dont un grand nombre de danses devant l\u2019autel de la d\u00e9esse-devenue-dieu figur\u00e9e par cet a\u00e9rolithe promen\u00e9 partout comme le serait un jour le Saint Sacrement des chr\u00e9tiens. Responsabilit\u00e9s \u00e9crasantes, doubl\u00e9es, nous l\u2019avons dit, d\u2019un pouvoir absolu qu\u2019il n\u2019y a pas besoin de prendre ni de r\u00e9clamer quand il suffit d\u2019accepter la soumission volontaire des autres. Et vous aurez tous les ingr\u00e9dients de l\u2019issue fatale qui fera jeter, au bout de juste quatre ans, l\u2019empereur d\u00e9membr\u00e9 dans le Tibre.<\/span><\/p>\n<p>&nbsp;<\/p>\n<p>&nbsp;<\/p>\n<p>&nbsp;<\/p>\n<p style=\"text-align: center;\"><img loading=\"lazy\" class=\"alignnone wp-image-25020 size-full\" src=\"http:\/\/blog.lesgrossesorchadeslesamplesthalameges.fr\/wp-content\/uploads\/2025\/04\/7.-Assassinat-dHeliogabale.jpg\" alt=\"\" width=\"750\" height=\"565\" srcset=\"https:\/\/blog.lesgrossesorchadeslesamplesthalameges.fr\/wp-content\/uploads\/2025\/04\/7.-Assassinat-dHeliogabale.jpg 750w, https:\/\/blog.lesgrossesorchadeslesamplesthalameges.fr\/wp-content\/uploads\/2025\/04\/7.-Assassinat-dHeliogabale-300x226.jpg 300w\" sizes=\"(max-width: 750px) 100vw, 750px\" \/><\/p>\n<p style=\"text-align: center;\"><strong><span style=\"font-family: times new roman, times, serif; font-size: 12pt;\"><em>13 mars 222<\/em><\/span><\/strong><\/p>\n<p style=\"text-align: center;\"><strong><span style=\"font-family: times new roman, times, serif; font-size: 12pt;\"><em>Assassinat d\u2019H\u00e9liogabale <\/em><em>(au fond) et de So\u00e9mias (\u00e0 droite). <\/em><\/span><\/strong><\/p>\n<p style=\"text-align: center;\"><strong><span style=\"font-family: times new roman, times, serif; font-size: 12pt;\"><em>Gravure de <\/em><a href=\"https:\/\/fr.wikipedia.org\/wiki\/Jean_Lepautre\"><em>J. Lepautre<\/em><\/a><em>, XVII<sup>e<\/sup>\u00a0si\u00e8cle.<\/em><\/span><\/strong><\/p>\n<p style=\"text-align: justify;\"><strong><span style=\"font-family: times new roman, times, serif; font-size: 14pt;\"><em>\u00a0<\/em><\/span><\/strong><\/p>\n<p>&nbsp;<\/p>\n<p style=\"text-align: justify;\"><span style=\"font-family: comic sans ms, sans-serif; font-size: 14pt;\">Mais l\u2019empereur amoureux d\u2019une pierre est-il responsable de la chute de l\u2019empire\u00a0? S\u00fbrement pas. Et m\u00eame il n\u2019a pu devenir\u00a0 cet empereur qu\u2019\u00e0 cause du lent effondrement du \u00ab\u00a0Monde Connu\u00a0\u00bb, en train de mourir de ce qui l\u2019avait fait na\u00eetre.<\/span><\/p>\n<p style=\"text-align: justify;\"><span style=\"font-family: comic sans ms, sans-serif; font-size: 14pt;\">Le Monde Connu qui s\u2019effondre aujourd\u2019hui contient juste quelques plan\u00e8tes suppl\u00e9mentaires, dont leur hybris pousse les Terriens \u00e0 vouloir s\u2019emparer et embrigader dans leurs guerres. Mais si les d\u00e9lires contemporains sur les genres d\u00e9multipli\u00e9s, leur diversification dans l\u2019\u00e9criture, etc. vous sid\u00e8rent, c\u2019est que vous n\u2019avez jamais entendu parler de l\u2019affaire des Bacchanales, qui a co\u00fbt\u00e9 la vie \u00e0 des milliers de Romains et de Romaines, le jour o\u00f9 leur S\u00e9nat s\u2019est r\u00e9veill\u00e9 de sa torpeur et a d\u00e9cid\u00e9 de s\u00e9vir. Si vous connaissiez leur histoire, vous ne vous \u00e9tonneriez pas de ne plus voir autour de vous que des mercenaires d\u2019origines panach\u00e9es qui vont se faire battre dans toutes leurs guerres, \u00e0 la place des cohortes de vos parents et amis faisant leur devoir de citoyens, et vous ne vous \u00e9tonneriez plus de voir des gens sans aveu accumuler des coups d\u2019\u00c9tat chez des tas de peuples qui ne leur ont rien fait, sous le nom abusif de \u00ab r\u00e9volutions color\u00e9es \u00bb. Sans compter des quantit\u00e9s d\u2019autres choses que vous sauriez, si vous aviez lu les livres qui vous les racontent.<\/span><\/p>\n<p style=\"text-align: justify;\"><span style=\"font-family: comic sans ms, sans-serif; font-size: 14pt;\">Quel rapport avec Donald Trump, mise \u00e0 part cette ressemblance dans l\u2019agonie des empires\u00a0? Qu\u2019est-ce qui le caract\u00e9rise\u00a0? Son vocabulaire si limit\u00e9, r\u00e9v\u00e9lateur d\u2019\u2019un \u00e9tat de connaissances et des aptitudes qui en sont la cons\u00e9quence, mais aussi son manque total d\u2019\u00e9ducation, de respect minimal d\u2019autrui, de capacit\u00e9 d\u2019analyse\u00a0et de raisonnement. Bref, ce qui caract\u00e9rise Donald Trump, c\u2019est\u00a0:\u00a0 n\u2019est pas un adulte et ne le sera jamais, il est trop tard.<\/span><\/p>\n<p>&nbsp;<\/p>\n<p>&nbsp;<\/p>\n<p style=\"text-align: center;\"><img loading=\"lazy\" class=\"alignnone wp-image-25021 size-full\" src=\"http:\/\/blog.lesgrossesorchadeslesamplesthalameges.fr\/wp-content\/uploads\/2025\/04\/4.-LE-VIEIL-ENFANT.-JPG-1.jpg\" alt=\"\" width=\"400\" height=\"520\" srcset=\"https:\/\/blog.lesgrossesorchadeslesamplesthalameges.fr\/wp-content\/uploads\/2025\/04\/4.-LE-VIEIL-ENFANT.-JPG-1.jpg 400w, https:\/\/blog.lesgrossesorchadeslesamplesthalameges.fr\/wp-content\/uploads\/2025\/04\/4.-LE-VIEIL-ENFANT.-JPG-1-231x300.jpg 231w\" sizes=\"(max-width: 400px) 100vw, 400px\" \/><\/p>\n<p style=\"text-align: center;\"><span style=\"font-family: times new roman, times, serif; font-size: 12pt;\"><strong><em>Donald J., vieux enfant\u00a0qui jongle avec un pouvoir et des richesses <\/em><\/strong><\/span><\/p>\n<p style=\"text-align: center;\"><span style=\"font-family: times new roman, times, serif; font-size: 12pt;\"><strong><em>apparemment illimit\u00e9s<\/em><\/strong><\/span><\/p>\n<p style=\"text-align: justify;\"><span style=\"font-family: times new roman, times, serif; font-size: 14pt;\"><strong><em>\u00a0<\/em><\/strong><\/span><\/p>\n<p>&nbsp;<\/p>\n<p style=\"text-align: justify;\"><span style=\"font-family: times new roman, times, serif; font-size: 14pt;\"><span style=\"font-family: comic sans ms, sans-serif;\">Oui, mais, il est<\/span> de<span style=\"font-family: comic sans ms, sans-serif;\">venu milliardaire\u00a0!<\/span><\/span><\/p>\n<p style=\"text-align: justify;\"><span style=\"font-family: comic sans ms, sans-serif; font-size: 14pt;\">C\u2019est vrai. Dans un pays o\u00f9 la pierre angulaire constitutionnelle est la sanctification de la richesse priv\u00e9e illimit\u00e9e. Pour jouer dans ce cadre, il ne faut que ma\u00eetriser un comportement dont le sch\u00e9ma se rapproche plus qu\u2019on ne croit de celui d\u2019une danse sacr\u00e9e.<\/span><\/p>\n<p style=\"text-align: justify;\"><span style=\"font-family: comic sans ms, sans-serif; font-size: 14pt;\">C\u2019est le sch\u00e9ma que Donald Trump a appris, tr\u00e8s jeune, des <em>hustlers<\/em> juifs newyorkais dans la foire d\u2019empoigne immobili\u00e8re, <em>modus operandi<\/em> o\u00f9 il est devenu virtuose, au d\u00e9triment de ce qui fait, partout, un homme complet.<\/span><\/p>\n<p style=\"text-align: justify;\"><span style=\"font-family: comic sans ms, sans-serif; font-size: 14pt;\">Et c\u2019est depuis lors qu\u2019ils sont ins\u00e9parables, eux et lui, sans qu\u2019il y ait entre eux la moindre communaut\u00e9 ethnique ou religieuse. Cette technique du <em>hustling<\/em> en affaires n\u2019\u2019est d\u2019ailleurs pas propre aux juifs. Ce n\u2019est rien d\u2019autre en fait que l\u2019arme pr\u00e9historique des nomades, que l\u2019on retrouve dans le comportement tout aussi erratique et d\u00e9loyal de Recep Tayip Erdogan. Car les ma\u00eetres newyorkais de Donald Trump sont les descendants, non des H\u00e9breux mais de Turco-mongols, dont on peut penser sans trop de t\u00e9m\u00e9rit\u00e9, que leur Grand Khan les a, au milieu du iXe si\u00e8cle de notre \u00e8re, convertis de force au juda\u00efsme, parce que cette religion \u00e9tait celle de nomades aussi inv\u00e9t\u00e9r\u00e9s que lui-m\u00eame. Ces habitudes nomadiques qui ont fait tuer Ca\u00efn par Abel, et non l\u2019inverse comme seul semble l\u2019avoir compris Lord Byron, qui y a consacr\u00e9 un remarquable \u00ab mist\u00e8re \u00bb en vers qu\u2019on ne joue jamais sur aucun th\u00e9\u00e2tre parce que les gens, depuis deux si\u00e8cles, ont perdu l\u2019habitude de r\u00e9fl\u00e9chir aux choses qu\u2019ils ont trouv\u00e9 tout implant\u00e9es dans leur cerveau, que Flaubert appelait \u00ab id\u00e9es re\u00e7ues \u00bb.<\/span><\/p>\n<p style=\"text-align: justify;\"><span style=\"font-family: comic sans ms, sans-serif; font-size: 14pt;\">Donc, le petit ou le tr\u00e8s jeune Donald Trump a appris \u00e0 jongler avec les tours de passe-passe de la famille (au sens mafieux) des entrepreneurs immobiliers peu encombr\u00e9s de scrupules de New York. Il l\u2019a fait si bien qu\u2019il a m\u00eame d\u00e9pass\u00e9 certains d\u2019entre eux et en est devenu milliardaire. Et qu\u2019il s\u2019est arr\u00eat\u00e9 l\u00e0. Est-ce suffisant pour diriger un empire ou m\u00eame seulement pour naviguer entre les \u00e9cueils que rencontre tout homme \u00e0 peu pr\u00e8s adulte, et plus encore ceux qui se chargent de la destin\u00e9e d\u2019un pays et de ses habitants ?<\/span><\/p>\n<p style=\"text-align: justify;\"><span style=\"font-family: comic sans ms, sans-serif; font-size: 14pt;\">La r\u00e9ponse est non.<\/span><\/p>\n<p style=\"text-align: justify;\"><span style=\"font-family: comic sans ms, sans-serif; font-size: 14pt;\">Que va-t-il se passer dans le grand bac \u00e0 sable o\u00f9 se joue notre sort ? Personne n\u2019en sait rien, Donald Trump moins que quiconque. Dans leur quasi-totalit\u00e9, les habitants de la terre (sans parler des animaux, des plantes, etc.) sont \u00e0 la merci de beaucoup d\u2019impond\u00e9rables, \u00e0 commencer par les cons\u00e9quences impr\u00e9visibles des foucades de Donald J.Trump, immature.<\/span><\/p>\n<p style=\"text-align: justify;\"><span style=\"font-family: comic sans ms, sans-serif; font-size: 14pt;\">Est-il un mauvais homme, en d\u00e9pit du fait qu\u2019il soit <em>de facto <\/em>g\u00e9nocidaire ? Pas n\u00e9cessairement. <\/span><span style=\"font-family: comic sans ms, sans-serif; font-size: 14pt;\">Il n\u2019est pas fini, c\u2019est tout.<\/span><\/p>\n<p style=\"text-align: justify;\"><span style=\"font-family: comic sans ms, sans-serif; font-size: 14pt;\">A-t-il eu le choix\u00a0?<\/span><\/p>\n<p style=\"text-align: justify;\"><span style=\"font-family: comic sans ms, sans-serif; font-size: 14pt;\">Saint-Just ne le croyait pas mais disait qu\u2019\u00ab\u00a0il faut \u00ab\u00a0faire comme si\u00a0\u00bb. Et appelait ce<em> fatum<\/em> \u00ab la force des choses \u00bb, que M. Martyanov appelle aujourd&rsquo;hui \u00ab <em>the strength of circumstances<\/em>\u00a0\u00bb.<\/span><\/p>\n<p style=\"text-align: justify;\"><span style=\"font-family: comic sans ms, sans-serif; font-size: 14pt;\">Attendons et faisons face \u00e0 ce qui s&rsquo;avance au mieux de nos forces et de nos convictions.<\/span><\/p>\n<p style=\"text-align: right;\"><span style=\"font-family: comic sans ms, sans-serif; font-size: 14pt;\">L.G.O.<\/span><\/p>\n<p style=\"text-align: justify;\"><span style=\"font-family: times new roman, times, serif; font-size: 14pt;\"><strong>\u00a0<\/strong><\/span><\/p>\n<p>&nbsp;<\/p>\n<p style=\"text-align: center;\"><span style=\"font-family: times new roman, times, serif; font-size: 14pt;\"><strong>\u00a0<img loading=\"lazy\" class=\"alignnone size-full wp-image-25014\" src=\"http:\/\/blog.lesgrossesorchadeslesamplesthalameges.fr\/wp-content\/uploads\/2025\/04\/000.-russep-x-2.gif\" alt=\"\" width=\"50\" height=\"50\" \/><\/strong><\/span><\/p>\n<p>&nbsp;<\/p>\n<p>&nbsp;<\/p>\n<p style=\"text-align: justify;\"><strong><span style=\"font-family: times new roman, times, serif; font-size: 18pt;\"><em>\u00c0 preuve, un r\u00e9cent \u00e9change, sur Sonar 21,<\/em><\/span><\/strong><\/p>\n<p style=\"text-align: justify;\"><strong><span style=\"font-family: times new roman, times, serif; font-size: 18pt;\"><em>\u00a0entre Larry Johnson et Alex Krainer<\/em><\/span><\/strong><\/p>\n<p style=\"text-align: justify;\"><span style=\"font-family: times new roman, times, serif; font-size: 14pt;\"><strong><em>\u00a0<\/em><\/strong><\/span><\/p>\n<p style=\"text-align: justify;\"><span style=\"font-family: comic sans ms, sans-serif; font-size: 14pt;\">Voyez ce que deux hommes exceptionnellement intelligents se disent, tout \u00e0 la fin de cette conversation o\u00f9 il est question de l\u2019Iran, du Yemen et de la IIIe guerre mondiale qui pend \u00e0 un fil, \u00e0 propos de ce que repr\u00e9sente pour eux Donald Trump, quand Larry Johnson dit \u00ab nous sommes enferm\u00e9s dans un asile, avec des gens dont nous ne savons jamais ce qu\u2019ils vont faire, s\u2019ils vont nous embrasser ou nous sauter dessus pour nous massacrer, qui que nous soyons. \u00bb.<\/span><\/p>\n<p style=\"text-align: justify;\"><span style=\"font-family: times new roman, times, serif; font-size: 14pt;\"><a href=\"https:\/\/sonar21.com\/what-to-expect-from-the-us-iran-negotiation-in-oman\/\"><strong>https:\/\/sonar21.com\/what-to-expect-from-the-us-iran-negotiation-in-oman\/<\/strong><\/a><\/span><\/p>\n<p>URL de cet article\u00a0:<a href=\"http:\/\/blog.lesgrossesorchadeslesamplesthalameges.fr\/index.php\/un-livre\/\">http:\/\/blog.lesgrossesorchadeslesamplesthalameges.fr\/index.php\/un-livre\/<\/a><\/p>\n<p><strong>\u00a0<\/strong><\/p>\n<p><strong>\u00a0<\/strong><\/p>\n<p style=\"text-align: center;\"><img loading=\"lazy\" class=\"alignnone size-full wp-image-25014\" src=\"http:\/\/blog.lesgrossesorchadeslesamplesthalameges.fr\/wp-content\/uploads\/2025\/04\/000.-russep-x-2.gif\" alt=\"\" width=\"50\" height=\"50\" \/><\/p>\n<p>&nbsp;<\/p>\n<p>&nbsp;<\/p>\n<p style=\"text-align: right;\"><span style=\"font-family: comic sans ms, sans-serif; font-size: 14pt;\">Avril 2025<\/span><\/p>\n","protected":false},"excerpt":{"rendered":"<p>&nbsp; \u00a0 \u00a0 &nbsp; &nbsp; &nbsp; &nbsp; &nbsp; UN LIVRE &nbsp; \u00a0 \u00a0 Robert Turcan H\u00e9liogabale et le sacre du soleil Albin Michel, 1985, 2016 283 pages R\u00e9sum\u00e9\u00a0: Un descendant de B\u00e9douins fix\u00e9s \u00e0 Em\u00e8se, en Syrie, passe pour le fils adult\u00e9rin d&rsquo;un empereur assassin\u00e9. Il sert passionn\u00e9ment le culte d&rsquo;un a\u00e9rolithe qui passe pour&#8230;<\/p>\n","protected":false},"author":1,"featured_media":0,"parent":0,"menu_order":0,"comment_status":"closed","ping_status":"open","template":"","meta":[],"_links":{"self":[{"href":"https:\/\/blog.lesgrossesorchadeslesamplesthalameges.fr\/index.php\/wp-json\/wp\/v2\/pages\/25013"}],"collection":[{"href":"https:\/\/blog.lesgrossesorchadeslesamplesthalameges.fr\/index.php\/wp-json\/wp\/v2\/pages"}],"about":[{"href":"https:\/\/blog.lesgrossesorchadeslesamplesthalameges.fr\/index.php\/wp-json\/wp\/v2\/types\/page"}],"author":[{"embeddable":true,"href":"https:\/\/blog.lesgrossesorchadeslesamplesthalameges.fr\/index.php\/wp-json\/wp\/v2\/users\/1"}],"replies":[{"embeddable":true,"href":"https:\/\/blog.lesgrossesorchadeslesamplesthalameges.fr\/index.php\/wp-json\/wp\/v2\/comments?post=25013"}],"version-history":[{"count":9,"href":"https:\/\/blog.lesgrossesorchadeslesamplesthalameges.fr\/index.php\/wp-json\/wp\/v2\/pages\/25013\/revisions"}],"predecessor-version":[{"id":25028,"href":"https:\/\/blog.lesgrossesorchadeslesamplesthalameges.fr\/index.php\/wp-json\/wp\/v2\/pages\/25013\/revisions\/25028"}],"wp:attachment":[{"href":"https:\/\/blog.lesgrossesorchadeslesamplesthalameges.fr\/index.php\/wp-json\/wp\/v2\/media?parent=25013"}],"curies":[{"name":"wp","href":"https:\/\/api.w.org\/{rel}","templated":true}]}}