{"id":25106,"date":"2025-04-26T00:51:04","date_gmt":"2025-04-25T22:51:04","guid":{"rendered":"http:\/\/blog.lesgrossesorchadeslesamplesthalameges.fr\/?page_id=25106"},"modified":"2025-04-26T00:53:15","modified_gmt":"2025-04-25T22:53:15","slug":"welcome-to-free-syria","status":"publish","type":"page","link":"https:\/\/blog.lesgrossesorchadeslesamplesthalameges.fr\/index.php\/welcome-to-free-syria\/","title":{"rendered":"Welcome to free Syria"},"content":{"rendered":"<p style=\"text-align: justify;\"><strong>\u00a0<\/strong><\/p>\n<p>&nbsp;<\/p>\n<p>&nbsp;<\/p>\n<p>&nbsp;<\/p>\n<p>&nbsp;<\/p>\n<p>&nbsp;<\/p>\n<p>&nbsp;<\/p>\n<p>&nbsp;<\/p>\n<p style=\"text-align: center;\"><span style=\"font-family: times new roman, times, serif; font-size: 40pt;\"><strong>Welcome to Free Syria<\/strong><\/span><\/p>\n<p style=\"text-align: center;\"><span style=\"font-family: times new roman, times, serif; font-size: 14pt;\"><strong>\u00a0<\/strong><\/span><\/p>\n<p>&nbsp;<\/p>\n<p style=\"text-align: center;\"><span style=\"font-family: times new roman, times, serif; font-size: 28pt;\"><em>[Bienvenue en Syrie libre]<\/em><\/span><\/p>\n<p style=\"text-align: center;\"><span style=\"font-family: times new roman, times, serif; font-size: 14pt;\"><strong>\u00a0<\/strong><\/span><\/p>\n<p style=\"text-align: center;\"><span style=\"font-family: times new roman, times, serif; font-size: 18pt;\"><strong>Mouna Alno-Nakhal \u2013 <em>L.G.O.<\/em> \u2013 20.4.2025<\/strong><\/span><\/p>\n<p style=\"text-align: center;\"><span style=\"font-family: times new roman, times, serif; font-size: 14pt;\"><strong>\u00a0<\/strong><\/span><\/p>\n<p>&nbsp;<\/p>\n<p>&nbsp;<\/p>\n<p style=\"text-align: center;\"><span style=\"font-family: times new roman, times, serif; font-size: 14pt;\"><strong>\u00a0<img loading=\"lazy\" class=\"alignnone wp-image-25083 size-full\" src=\"http:\/\/blog.lesgrossesorchadeslesamplesthalameges.fr\/wp-content\/uploads\/2025\/04\/3.-WELCOME-TO-FREE-SYRIA.png\" alt=\"\" width=\"600\" height=\"603\" srcset=\"https:\/\/blog.lesgrossesorchadeslesamplesthalameges.fr\/wp-content\/uploads\/2025\/04\/3.-WELCOME-TO-FREE-SYRIA.png 600w, https:\/\/blog.lesgrossesorchadeslesamplesthalameges.fr\/wp-content\/uploads\/2025\/04\/3.-WELCOME-TO-FREE-SYRIA-150x150.png 150w\" sizes=\"(max-width: 600px) 100vw, 600px\" \/><\/strong><\/span><\/p>\n<p>&nbsp;<\/p>\n<p>&nbsp;<\/p>\n<p>&nbsp;<\/p>\n<p style=\"text-align: justify;\"><span style=\"font-family: times new roman, times, serif; font-size: 18pt;\"><strong><em>\u00ab\u00a0Mon Dieu, ne leur pardonnez pas, <\/em><\/strong><\/span><\/p>\n<p style=\"text-align: justify;\"><span style=\"font-family: times new roman, times, serif; font-size: 18pt;\"><strong><em>parce qu\u2019ils savent ce qu\u2019ils font.\u00a0\u00bb<\/em><\/strong><\/span><\/p>\n<p style=\"text-align: justify;\"><span style=\"font-family: times new roman, times, serif; font-size: 14pt;\"><strong><em>\u00a0<\/em><\/strong><\/span><\/p>\n<p style=\"text-align: justify;\"><span style=\"font-family: times new roman, times, serif; font-size: 14pt;\"><strong><em>\u00a0<\/em><\/strong><\/span><\/p>\n<p style=\"text-align: justify; padding-left: 80px;\"><span style=\"font-family: times new roman, times, serif; font-size: 14pt;\"><strong> <img loading=\"lazy\" class=\"alignnone wp-image-25084\" src=\"http:\/\/blog.lesgrossesorchadeslesamplesthalameges.fr\/wp-content\/uploads\/2025\/04\/000.-Petits-guillemets-ouvrants.gif\" alt=\"\" width=\"40\" height=\"30\" \/> L\u2019\u00e9minent professeur Ali Hussein Daoud qui a enseign\u00e9 des g\u00e9n\u00e9rations d\u2019\u00e9l\u00e8ves de toutes les confessions dans sa ville de Banias (ville portuaire syrienne situ\u00e9e entre Lattaqui\u00e9 et Tartous), pleure les martyrs de l\u2019ensemble de la c\u00f4te syrienne, dont ses deux fils Mous\u2019ab et Firas, ainsi que son petit-fils Abdoullah, l\u2019enfant unique de sa fille. <\/strong><\/span><\/p>\n<p style=\"text-align: justify; padding-left: 80px;\"><span style=\"font-family: times new roman, times, serif; font-size: 14pt;\"><strong>Mous\u2019ab a \u00e9t\u00e9 poignard\u00e9 \u00e0 mort tandis que Firas et Abdoullah ont \u00e9t\u00e9 tu\u00e9s par balles, juste parce qu\u2019ils sont de confession alaouite. <\/strong><\/span><\/p>\n<p style=\"text-align: justify; padding-left: 80px;\"><span style=\"font-family: times new roman, times, serif; font-size: 14pt;\"><strong>Oh Dieu, ne pardonnez pas \u00e0 leurs meurtriers parce qu\u2019ils savent ce qu\u2019ils font\u2026\u00a0\u00bb<\/strong><\/span><\/p>\n<p>&nbsp;<\/p>\n<p>&nbsp;<\/p>\n<p style=\"text-align: justify;\"><span style=\"font-family: times new roman, times, serif; font-size: 14pt;\">C\u2019est un citoyen syrien qui a post\u00e9 ce commentaire accompagn\u00e9 de l\u2019enregistrement du discours du p\u00e8re \u00e9plor\u00e9. Un discours que nous traduisons en reconnaissant d\u2019embl\u00e9e notre incapacit\u00e9 \u00e0 en restituer le langage d\u2019une grande richesse et de toute beaut\u00e9\u00a0:<\/span><\/p>\n<p style=\"text-align: justify;\"><span style=\"font-family: times new roman, times, serif; font-size: 14pt;\">\u00ab\u00a0En m\u00e9moire de mes bienaim\u00e9s disparus, mes fils et mon petit-fils, je prie Dieu de leur accorder Sa mis\u00e9ricorde, ainsi qu\u2019\u00e0 l\u2019ensemble des martyrs de la c\u00f4te syrienne.<\/span><\/p>\n<p style=\"text-align: justify;\"><span style=\"font-family: times new roman, times, serif; font-size: 14pt;\">Firas et Mous\u2019ab ont disparu de ma vue, comme a disparu mon bienaim\u00e9 Abdoullah, encore plus cher \u00e0 mon c\u0153ur.<\/span><\/p>\n<p style=\"text-align: justify;\"><span style=\"font-family: times new roman, times, serif; font-size: 14pt;\">La main du takfirisme les a cibl\u00e9s par traitrise et perfidie, eux qui ignoraient que la trahison est, en elle-m\u00eame, une doctrine.<\/span><\/p>\n<p style=\"text-align: justify;\"><span style=\"font-family: times new roman, times, serif; font-size: 14pt;\">Si mes enfants avaient \u00e9t\u00e9 des criminels, ils auraient \u00e9t\u00e9 \u00e9pargn\u00e9s, mais mes enfants sont bons et vertueux.<\/span><\/p>\n<p style=\"text-align: justify;\"><span style=\"font-family: times new roman, times, serif; font-size: 14pt;\">J\u2019ai pass\u00e9 ma jeunesse \u00e0 former et \u00e0 enseigner les g\u00e9n\u00e9rations successives sans jamais leur nuire ou pr\u00e9tendre \u00e0 une quelconque faveur.<\/span><\/p>\n<p style=\"text-align: justify;\"><span style=\"font-family: times new roman, times, serif; font-size: 14pt;\">Et maintenant que je suis dans la vieillesse, leur r\u00e9compense n\u2019est qu\u2019ingratitude, assassinats et pillages.<\/span><\/p>\n<p style=\"text-align: justify;\"><span style=\"font-family: times new roman, times, serif; font-size: 14pt;\">Quel gaspillage d\u2019enseignements, d\u2019amour et de fid\u00e9lit\u00e9\u00a0!<\/span><\/p>\n<p style=\"text-align: justify;\"><span style=\"font-family: times new roman, times, serif; font-size: 14pt;\">Quelle perte de sages qui se distancient et s\u2019en vont\u00a0!<\/span><\/p>\n<p style=\"text-align: justify;\"><span style=\"font-family: times new roman, times, serif; font-size: 14pt;\">C\u2019est \u00e0 Dieu que je me plains de l\u2019ingratitude de ceux qui furent mes\u00a0 compagnons, car pour Lui ce qui est perdu implique droit et demande de justice.<\/span><\/p>\n<p style=\"text-align: justify;\"><span style=\"font-family: times new roman, times, serif; font-size: 14pt;\">Les cheiks de l\u2019ignorance arm\u00e9s de leur \u00ab\u00a0takfir\u00a0\u00bb nous ont cibl\u00e9s parce que nous ch\u00e9rissons le Prince des croyants.<\/span><\/p>\n<p style=\"text-align: justify;\"><span style=\"font-family: times new roman, times, serif; font-size: 14pt;\">Le sectarisme confessionnel des uns nous a trait\u00e9s d\u2019incroyants.<\/span><\/p>\n<p style=\"text-align: justify;\"><span style=\"font-family: times new roman, times, serif; font-size: 14pt;\">Et le sectarisme confessionnel des autres nous a trait\u00e9s de coupables malfaisants\u2026<\/span><\/p>\n<p style=\"text-align: justify;\"><span style=\"font-family: times new roman, times, serif; font-size: 14pt;\">Adieu, adieu mes bienaim\u00e9s.<\/span><\/p>\n<p style=\"text-align: justify;\"><span style=\"font-family: times new roman, times, serif; font-size: 14pt;\">Vous aviez combl\u00e9 toutes mes esp\u00e9rances.<\/span><\/p>\n<p style=\"text-align: justify;\"><span style=\"font-family: times new roman, times, serif; font-size: 14pt;\">Vous \u00e9tiez ma vie.<\/span><\/p>\n<p style=\"text-align: justify;\"><span style=\"font-family: times new roman, times, serif; font-size: 14pt;\">Une vie que je ne d\u00e9sire plus.<\/span><\/p>\n<p style=\"text-align: justify;\"><span style=\"font-family: times new roman, times, serif; font-size: 14pt;\">Adieu mon pays que j\u2019ai passionn\u00e9ment aim\u00e9.<\/span><\/p>\n<p style=\"text-align: justify;\"><span style=\"font-family: times new roman, times, serif; font-size: 14pt;\">D\u00e9sormais, j\u2019y vis dans la peur et j\u2019attends\u2026\u00a0\u00bb<\/span><\/p>\n<p>&nbsp;<\/p>\n<p>&nbsp;<\/p>\n<p style=\"text-align: center;\"><img loading=\"lazy\" class=\"alignnone wp-image-25108 size-full\" src=\"http:\/\/blog.lesgrossesorchadeslesamplesthalameges.fr\/wp-content\/uploads\/2025\/04\/6.-Les-3-martyrs.png\" alt=\"\" width=\"600\" height=\"289\" srcset=\"https:\/\/blog.lesgrossesorchadeslesamplesthalameges.fr\/wp-content\/uploads\/2025\/04\/6.-Les-3-martyrs.png 600w, https:\/\/blog.lesgrossesorchadeslesamplesthalameges.fr\/wp-content\/uploads\/2025\/04\/6.-Les-3-martyrs-300x145.png 300w\" sizes=\"(max-width: 600px) 100vw, 600px\" \/><\/p>\n<p>&nbsp;<\/p>\n<p>&nbsp;<\/p>\n<p style=\"text-align: justify;\"><span style=\"font-family: times new roman, times, serif; font-size: 14pt;\">Un discours qui d\u00e9nonce clairement les meurtriers pr\u00e9tendument r\u00e9volutionnaires, lib\u00e9rateurs et repr\u00e9sentants de la majorit\u00e9 du peuple syrien, alors qu\u2019ils ne sont qu\u2019une minorit\u00e9 de takfiristes sans foi ni loi.<\/span><\/p>\n<p style=\"text-align: justify;\"><span style=\"font-family: times new roman, times, serif; font-size: 14pt;\">Ce n\u2019est plus un secret que ces assassins obscurantistes sont guid\u00e9s et dirig\u00e9s par la Turquie et particuli\u00e8rement renforc\u00e9s par des groupes arm\u00e9s de nationalit\u00e9s \u00e9trang\u00e8res, dont certains \u00e9l\u00e9ments des plus meurtriers ont \u00e9t\u00e9 r\u00e9compens\u00e9s par l\u2019acquisition de la nationalit\u00e9 syrienne et l\u2019occupation de postes-cl\u00e9s au gouvernement, dans l\u2019arm\u00e9e, l\u2019administration et les institutions du pays.<\/span><\/p>\n<p style=\"text-align: justify;\"><span style=\"font-family: times new roman, times, serif; font-size: 14pt;\">Telle est la soi-disant \u00ab\u00a0Syrie lib\u00e9r\u00e9e\u00a0\u00bb tomb\u00e9e aux mains d\u2019un pr\u00e9sident autoproclam\u00e9, notoirement terroriste et dont les gardes du corps sont exclusivement recrut\u00e9s parmi ses comp\u00e8res tout aussi terroristes et d\u2019origine strictement \u00e9trang\u00e8re\u00a0; ce qui prouve sa d\u00e9fiance du peuple syrien pr\u00e9tendument heureux de sa gouvernance. Il n\u2019emp\u00eache que ses soutiens arabes l\u2019accueillent chaleureusement et affirment, \u00e0 qui fait semblant de les croire, qu\u2019il aurait chang\u00e9 et n\u2019aurait commis que des erreurs de jeunesse, en Irak d\u2019abord, en Syrie ensuite. Quant \u00e0 ses soutiens internationaux, nous les avons tous vus se pr\u00e9cipiter \u00e0 Damas, satisfaits d\u2019avoir r\u00e9ussi au bout de quatorze ans d\u2019une guerre par procuration \u00e0 \u00e9carter le pr\u00e9sident insoumis, selon la r\u00e8gle quasi-universelle des dirigeants de ce bas monde\u00a0: \u00ab\u00a0la fin justifie les moyens\u00a0\u00bb.<\/span><\/p>\n<p style=\"text-align: justify;\"><span style=\"font-family: times new roman, times, serif; font-size: 14pt;\">En effet, l\u2019actuelle directrice du renseignement national des \u00c9tats-Unis, Tulsi Gabbard, avait confirm\u00e9 le 30 janvier 2025 devant un comit\u00e9 du S\u00e9nat am\u00e9ricain, l\u2019implication d\u2019Obama dans l\u2019op\u00e9ration secr\u00e8te de la CIA, \u00ab\u00a0Timber Sycamore\u00a0\u00bb, visant \u00e0 former et \u00e0 armer des Syriens pr\u00e9sent\u00e9s en tant que rebelles mod\u00e9r\u00e9s, alors qu\u2019en r\u00e9alit\u00e9 ils entretenaient des liens avec l\u2019organisation terroriste Al-Qa\u00efda, dans l\u2019objectif de changer le r\u00e9gime syrien et de destituer le pr\u00e9sident Bachar al-Assad. Elle avait pr\u00e9cis\u00e9\u00a0:<\/span><\/p>\n<p>&nbsp;<\/p>\n<p style=\"text-align: justify; padding-left: 40px;\"><span style=\"font-family: times new roman, times, serif; font-size: 14pt;\">\u00ab\u00a0<strong>Je ne verse pas des larmes sur la chute du r\u00e9gime de Bachar al-Assad, mais aujourd\u2019hui un islamiste extr\u00e9miste est aux responsabilit\u00e9s en Syrie. Il a dans\u00e9 dans les rues pour f\u00eater les attaques du 11 Septembre, a dirig\u00e9 Idleb \u00e0 la t\u00eate d\u2019un gouvernement islamiste extr\u00e9miste, et a d\u00e9j\u00e0 commenc\u00e9 \u00e0 pers\u00e9cuter les minorit\u00e9s religieuses comme les Chr\u00e9tiens de Syrie\u2026\u00a0<\/strong>\u00bb. [1]<\/span><\/p>\n<p>&nbsp;<\/p>\n<p style=\"text-align: justify;\"><span style=\"font-family: times new roman, times, serif; font-size: 14pt;\">Et au Forum diplomatique d\u2019Antalya 2025 qui s\u2019est tenu il y a une dizaine de jours en Turquie, le professeur am\u00e9ricain Jeffrey Sachs a invit\u00e9 l\u2019assistance et notamment les journalistes de la t\u00e9l\u00e9vision qatarie <em>Al-Jazeera<\/em>, qui soutiennent les pr\u00e9tendus \u00ab\u00a0rebelles mod\u00e9r\u00e9s\u00a0\u00bb, \u00e0 essayer de comprendre ce qui se passe dans leur r\u00e9gion en ces termes\u00a0:<\/span><\/p>\n<p>&nbsp;<\/p>\n<p style=\"text-align: justify; padding-left: 40px;\"><span style=\"font-family: times new roman, times, serif; font-size: 14pt;\">\u00ab\u00a0<strong>Il est important que nous comprenions d\u2019o\u00f9 vient toute cette guerre. Elle ne vient pas de Bachar el-Assad. En r\u00e9alit\u00e9, elle est venue de Washington. La d\u00e9cision de renverser Assad a \u00e9t\u00e9 prise en 2011. En fait, cette d\u00e9cision a \u00e9t\u00e9 prise par J\u00e9rusalem. C\u2019est un d\u00e9sir du gouvernement isra\u00e9lien qui remonte \u00e0 plus de 25 ans. L\u2019id\u00e9e de Netanyahou est de faire du Moyen-Orient une image d\u2019Isra\u00ebl, de renverser tous les gouvernements qui s\u2019opposent \u00e0 Isra\u00ebl. Il a un ami pour cela, la CIA et le gouvernement des \u00c9tats-Unis. <\/strong><\/span><\/p>\n<p style=\"text-align: justify; padding-left: 40px;\"><span style=\"font-family: times new roman, times, serif; font-size: 14pt;\"><strong>Donc, cette guerre en Syrie n\u2019est pas n\u00e9e de la r\u00e9pression d\u2019Assad. Elle ne vient pas de la dictature d\u2019Assad. Cette guerre est venue de l\u2019ordre pr\u00e9sidentiel d\u2019Obama de renverser Assad \u00e0 partir du printemps 2011. Nous avons un nom pour ce programme. Il s\u2019agit de l\u2019op\u00e9ration \u00ab\u00a0Timber Sycamore\u00a0\u00bb. Les \u00c9tats-Unis d\u2019Am\u00e9rique et d\u2019autres pays de la r\u00e9gion ont form\u00e9 des combattants, en particulier des djihadistes, y compris ceux qui viennent de prendre le pouvoir pour renverser le r\u00e9gime. <\/strong><\/span><\/p>\n<p style=\"text-align: justify; padding-left: 40px;\"><span style=\"font-family: times new roman, times, serif; font-size: 14pt;\"><strong>\u00a0Cela a cr\u00e9\u00e9 le chaos et 600.000 morts en Syrie dans une guerre qui dure depuis 14 ans. Le r\u00e9sultat de cette guerre est ce que voulait la CIA en 2011 : que le groupe djihadiste prenne le pouvoir en Syrie apr\u00e8s avoir \u00e9t\u00e9 arm\u00e9 par les \u00c9tats-Unis\u2026\u00a0<\/strong>\u00bb. [2]<\/span><\/p>\n<p>&nbsp;<\/p>\n<p style=\"text-align: justify;\"><span style=\"font-family: times new roman, times, serif; font-size: 14pt;\">600.000 morts syriens en 14 ans d\u2019une guerre par procuration voulue par La CIA, attribu\u00e9s au pr\u00e9sident syrien et \u00e0 lui seul ! Un chiffre auquel il faudrait peut-\u00eatre ajouter les 6.000, voire les 50.000 martyrs alaouites tomb\u00e9s sous le r\u00e9gime d\u2019Al-Joulani, attribu\u00e9s par les m\u00e9dias b\u00e2illonn\u00e9s aux \u00abr\u00e9sidus \u00bb qui auraient soutenu ou soutiendraient encore l\u2019ex-pr\u00e9sident Bachar al-Assad.<\/span><\/p>\n<p style=\"text-align: justify;\"><span style=\"font-family: times new roman, times, serif; font-size: 14pt;\">Ce deuxi\u00e8me chiffre de 50.000 martyrs alaouites a \u00e9t\u00e9 annonc\u00e9 il y a environ deux semaines par le journaliste politique et chercheur en mouvements islamiques, Nidal Hamade. Il a irrit\u00e9 nombre de r\u00e9volutionnaires et a suscit\u00e9 leur col\u00e8re sur les r\u00e9seaux sociaux. Au confr\u00e8re qui en doutait, il a expliqu\u00e9 que ce chiffre est d\u00e9duit de confidences directes de citoyens terroris\u00e9s, d\u2019observateurs locaux, d\u2019une longue liste de villages de la c\u00f4te syrienne compl\u00e8tement vid\u00e9s de leurs habitants introuvables ou retrouv\u00e9s morts \u00e0 l\u2019int\u00e9rieur de leur domicile, du grand nombre de vid\u00e9os circulant sur le net, etc. [3]<\/span><\/p>\n<p style=\"text-align: justify;\"><span style=\"font-family: times new roman, times, serif; font-size: 14pt;\">Quant aux Chr\u00e9tiens constitutifs de l\u2019ossature syrienne depuis la conversion de Sa\u00fcl sur la route de Damas, il ne leur resterait plus que l\u2019exil. En effet, M. Nidal Hamade aurait appris d\u2019une source s\u00fbre qu\u2019il y a deux mois environ, l\u2019ensemble des \u00c9glises orientales au Canada aurait demand\u00e9 au gouvernement canadien d\u2019accorder l\u2019asile \u00e0 tous les Chr\u00e9tiens de Syrie qu\u2019ils soient arabes, syriaques, arm\u00e9niens ou chald\u00e9ens, avec la garantie qu\u2019elles se chargeraient des frais de leur installation et de leur int\u00e9gration dans la soci\u00e9t\u00e9 et le monde du travail. Autrement dit, comme en Irak, comme en Palestine occup\u00e9e, l\u2019\u00e9puration est en cours \u00e0 la grande satisfaction d\u2019Isra\u00ebl et du sionisme chr\u00e9tien.<\/span><\/p>\n<p style=\"text-align: justify;\"><span style=\"font-family: times new roman, times, serif; font-size: 14pt;\">Entretemps, le ciblage m\u00e9thodique de personnes innocentes continue dans un m\u00e9pris total de la part des autorit\u00e9s de couleur takfiriste, avec des sc\u00e8nes r\u00e9p\u00e9t\u00e9es de meurtres, d\u2019enl\u00e8vements, de viols, de prox\u00e9n\u00e9tismes, de d\u00e9placements, de d\u00e9tentions arbitraires, de pillage de tout ce qui peut l\u2019\u00eatre et notamment d\u2019expulsions de familles syriennes de leurs domiciles pour le logement de takfiristes \u00e9trangers. De plus, si les pers\u00e9cutions et les tueries visent surtout, et en premier lieu, les Syriens alaouites sous pr\u00e9texte qu\u2019ils seraient des apostats et des r\u00e9sidus du r\u00e9gime de Bachar al-Assad, leurs s\u00e9vices n\u2019\u00e9pargnent pas les autres composantes de la mosa\u00efque syrienne, y compris les sunnites, largement majoritaires dans le pays, lorsqu\u2019ils n\u2019adoptent pas la couleur salafisto-fr\u00e9riste des nouveaux dirigeants.<\/span><\/p>\n<p style=\"text-align: justify;\"><span style=\"font-family: times new roman, times, serif; font-size: 14pt;\">Il y a quelques ann\u00e9es, \u00eatre Syrien \u00e9tait source de fiert\u00e9 que les gouvernements \u00e9trangers soient des amis ou des ennemis. Aujourd\u2019hui, mis \u00e0 part les lobotomis\u00e9s monstrueusement ensauvag\u00e9s, tout Syrien sain d\u2019esprit pleure ses concitoyens civils et militaires massacr\u00e9s et\/ou sciemment humili\u00e9s. D\u2019autant plus que sa patrie sans cesse bombard\u00e9e par les isra\u00e9liens, afin de la d\u00e9pouiller de tout moyen de d\u00e9fense arm\u00e9e contre les envahisseurs turcs au nord, isra\u00e9liens au sud, am\u00e9ricains \u00e0 l\u2019est comme au sud, risque de nouveau une partition, r\u00e9elle ou d\u00e9guis\u00e9e, en fonction des app\u00e9tits h\u00e9g\u00e9monistes des dirigeants de la r\u00e9gion et de l\u2019\u00e9tranger.<\/span><\/p>\n<p style=\"text-align: justify;\"><span style=\"font-family: times new roman, times, serif; font-size: 14pt;\">Une partition de ce qui a \u00e9t\u00e9 d\u00e9j\u00e0 partag\u00e9 par le feu et le sang encore plus cruelle que la partition dessin\u00e9e par Messieurs Sykes et Picot, \u00e0 moins que la sid\u00e9ration et la terreur, qui ont frapp\u00e9 le peuple syrien suite \u00e0 l\u2019invasion terroriste du 8 d\u00e9cembre dernier, ne laissent place \u00e0 une r\u00e9sistance d\u00e9termin\u00e9e \u00e0 rendre justice \u00e0 la Syrie et \u00e0 stopper le cours tragique de son Histoire.<\/span><\/p>\n<p style=\"text-align: justify;\"><span style=\"font-family: times new roman, times, serif; font-size: 14pt;\"><strong>Mouna Alno-Nakhal<\/strong><\/span><\/p>\n<p style=\"text-align: justify;\"><span style=\"font-family: times new roman, times, serif; font-size: 14pt;\">20\/04\/2025<\/span><\/p>\n<p style=\"text-align: justify;\"><span style=\"font-family: times new roman, times, serif; font-size: 14pt;\"><strong>______________________\u00a0\u00a0\u00a0 <\/strong><\/span><\/p>\n<p style=\"text-align: justify;\"><span style=\"font-family: times new roman, times, serif; font-size: 14pt;\"><strong>\u00a0<\/strong><\/span><\/p>\n<p style=\"text-align: justify;\"><span style=\"font-family: times new roman, times, serif; font-size: 14pt;\"><strong>Notes\u00a0:<\/strong><\/span><\/p>\n<p style=\"text-align: justify;\"><span style=\"font-family: times new roman, times, serif; font-size: 12pt;\">[1]<a href=\"https:\/\/www.c-span.org\/clip\/senate-committee\/user-clip-tulsi-gabbard-confirmation-hearing-for-dni-director-of-national-intelligence\/5153586\">Tulsi Gabbard Confirmation Hearing for (DNI) Director of National Intelligence<\/a><\/span><\/p>\n<p style=\"text-align: justify;\"><span style=\"font-family: times new roman, times, serif; font-size: 12pt;\"><a href=\"https:\/\/www.c-span.org\/clip\/senate-committee\/user-clip-tulsi-gabbard-confirmation-hearing-for-dni-director-of-national-intelligence\/5153586\">https:\/\/www.c-span.org\/clip\/senate-committee\/user-clip-tulsi-gabbard-confirmation-hearing-for-dni-director-of-national-intelligence\/5153586<\/a><\/span><\/p>\n<p style=\"text-align: justify;\"><span style=\"font-family: times new roman, times, serif; font-size: 12pt;\">[2] Jeffrey Sachs Drops BOMBSHELL on Syria at Antalya Diplomacy Forum | Syriana Analysis<\/span><\/p>\n<p style=\"text-align: justify;\"><span style=\"font-family: times new roman, times, serif; font-size: 12pt;\"><a href=\"https:\/\/www.youtube.com\/watch?v=cIuTiZXbHyw&amp;ab_channel=SyrianaAnalysis\">https:\/\/www.youtube.com\/watch?v=cIuTiZXbHyw&amp;ab_channel=SyrianaAnalysis<\/a><\/span><\/p>\n<p style=\"text-align: justify;\"><span style=\"font-family: times new roman, times, serif; font-size: 12pt;\">\u0627\u0644\u062e\u0631\u0627\u0628 \u0642\u0627\u062f\u0645 \u064a\u0627 \u0633\u0648\u0631\u064a\u0627 \u0648\u0627\u0633\u062a\u0639\u062f\u0648\u0627 \u0644\u0644\u0647\u0631\u0648\u0628 \u0623\u064a\u0647\u0627 \u0627\u0644\u0645\u0633\u064a\u062d\u064a\u0648\u0646.. \u0642\u0627\u0626\u062f \u0637\u0627\u0626\u0631\u0627\u062a \u0627\u0644\u0634\u0627\u0647\u064a\u0646 \u064a\u0641\u062c\u0631 \u0633\u0631 \u0627\u0644\u0634\u0631\u0639 \u0627\u0644\u0623\u0643\u0628\u0631[3]!<\/span><\/p>\n<p style=\"text-align: justify;\"><span style=\"font-family: times new roman, times, serif; font-size: 12pt;\"><a href=\"https:\/\/www.facebook.com\/61573432440614\/videos\/3012981205544566\">https:\/\/www.facebook.com\/61573432440614\/videos\/3012981205544566<\/a><\/span><\/p>\n<p style=\"text-align: justify;\"><span style=\"font-family: times new roman, times, serif; font-size: 12pt;\">La source originale de cet article est Mondialisation.ca<\/span><\/p>\n<p style=\"text-align: justify;\"><span style=\"font-family: times new roman, times, serif; font-size: 12pt;\">Copyright \u00a9 <a href=\"https:\/\/www.mondialisation.ca\/author\/mouna-alno-nakhal\">Mouna Alno-Nakhal<\/a>, Mondialisation.ca, 2025<\/span><\/p>\n<p>&nbsp;<\/p>\n<p><span style=\"font-family: times new roman, times, serif; font-size: 12pt;\"><span style=\"font-size: 14pt;\">URL de cet article . <a href=\"http:\/\/blog.lesgrossesorchadeslesamplesthalameges.fr\/index.php\/welcome-to-free-syria\/\">http:\/\/blog.lesgrossesorchadeslesamplesthalameges.fr\/index.php\/welcome-to-free-syria\/<\/a><\/span><br \/>\n<\/span><\/p>\n<p>&nbsp;<\/p>\n<p>&nbsp;<\/p>\n<p style=\"text-align: center;\"><img loading=\"lazy\" class=\"alignnone size-full wp-image-25098\" src=\"http:\/\/blog.lesgrossesorchadeslesamplesthalameges.fr\/wp-content\/uploads\/2025\/04\/000.-russep-x-6.gif\" alt=\"\" width=\"50\" height=\"50\" \/><\/p>\n<p>&nbsp;<\/p>\n<p>&nbsp;<\/p>\n<p style=\"text-align: right;\"><span style=\"font-family: comic sans ms, sans-serif; font-size: 14pt;\">Avril 2025<\/span><\/p>\n<p>&nbsp;<\/p>\n<p>&nbsp;<\/p>\n","protected":false},"excerpt":{"rendered":"<p>\u00a0 &nbsp; &nbsp; &nbsp; &nbsp; &nbsp; &nbsp; &nbsp; Welcome to Free Syria \u00a0 &nbsp; [Bienvenue en Syrie libre] \u00a0 Mouna Alno-Nakhal \u2013 L.G.O. \u2013 20.4.2025 \u00a0 &nbsp; &nbsp; \u00a0 &nbsp; &nbsp; &nbsp; \u00ab\u00a0Mon Dieu, ne leur pardonnez pas, parce qu\u2019ils savent ce qu\u2019ils font.\u00a0\u00bb \u00a0 \u00a0 L\u2019\u00e9minent professeur Ali Hussein Daoud qui a enseign\u00e9 des&#8230;<\/p>\n","protected":false},"author":1,"featured_media":0,"parent":0,"menu_order":0,"comment_status":"open","ping_status":"open","template":"","meta":[],"_links":{"self":[{"href":"https:\/\/blog.lesgrossesorchadeslesamplesthalameges.fr\/index.php\/wp-json\/wp\/v2\/pages\/25106"}],"collection":[{"href":"https:\/\/blog.lesgrossesorchadeslesamplesthalameges.fr\/index.php\/wp-json\/wp\/v2\/pages"}],"about":[{"href":"https:\/\/blog.lesgrossesorchadeslesamplesthalameges.fr\/index.php\/wp-json\/wp\/v2\/types\/page"}],"author":[{"embeddable":true,"href":"https:\/\/blog.lesgrossesorchadeslesamplesthalameges.fr\/index.php\/wp-json\/wp\/v2\/users\/1"}],"replies":[{"embeddable":true,"href":"https:\/\/blog.lesgrossesorchadeslesamplesthalameges.fr\/index.php\/wp-json\/wp\/v2\/comments?post=25106"}],"version-history":[{"count":6,"href":"https:\/\/blog.lesgrossesorchadeslesamplesthalameges.fr\/index.php\/wp-json\/wp\/v2\/pages\/25106\/revisions"}],"predecessor-version":[{"id":25113,"href":"https:\/\/blog.lesgrossesorchadeslesamplesthalameges.fr\/index.php\/wp-json\/wp\/v2\/pages\/25106\/revisions\/25113"}],"wp:attachment":[{"href":"https:\/\/blog.lesgrossesorchadeslesamplesthalameges.fr\/index.php\/wp-json\/wp\/v2\/media?parent=25106"}],"curies":[{"name":"wp","href":"https:\/\/api.w.org\/{rel}","templated":true}]}}