{"id":252,"date":"2018-10-28T19:10:59","date_gmt":"2018-10-28T18:10:59","guid":{"rendered":"http:\/\/blog.lesgrossesorchadeslesamplesthalameges.fr\/?page_id=252"},"modified":"2018-10-31T18:04:18","modified_gmt":"2018-10-31T17:04:18","slug":"assassinat-de-kashoggi","status":"publish","type":"page","link":"https:\/\/blog.lesgrossesorchadeslesamplesthalameges.fr\/index.php\/assassinat-de-kashoggi\/","title":{"rendered":"Assassinat de Kashoggi"},"content":{"rendered":"<p>&nbsp;<\/p>\n<p>&nbsp;<\/p>\n<p>&nbsp;<\/p>\n<p>&nbsp;<\/p>\n<p style=\"text-align: center;\"><span style=\"font-family: times new roman, times, serif; font-size: 36pt;\"><strong>Assassinat de Khashoggi : le pire est \u00e0 venir<\/strong><\/span><\/p>\n<p style=\"text-align: center;\"><span style=\"font-family: times new roman, times, serif; font-size: 18pt;\"><strong>George Galloway \u2013 <em>Arr\u00eat sur Info<\/em> \u2013 <\/strong>23.10.2018<\/span><\/p>\n<p style=\"text-align: center;\"><span style=\"font-family: times new roman, times, serif; font-size: 18pt;\">Traduction\u00a0: <strong>Dominique Muselet<\/strong><\/span><\/p>\n<p>&nbsp;<\/p>\n<p style=\"text-align: center;\"><span style=\"font-family: times new roman, times, serif; font-size: 14pt;\"><strong>\u00a0<iframe loading=\"lazy\" src=\"\/\/www.youtube.com\/embed\/FA762EYQtdI\" width=\"560\" height=\"315\" frameborder=\"0\" allowfullscreen=\"allowfullscreen\"><\/iframe><\/strong><\/span><\/p>\n<p>&nbsp;<\/p>\n<p style=\"text-align: justify;\"><span style=\"font-family: times new roman, times, serif; font-size: 14pt;\">La nouvelle* que des \u00ab\u00a0parties d\u00e9figur\u00e9es du visage et du corps\u00a0\u00bb de Khashoggi auraient \u00e9t\u00e9 retrouv\u00e9es dans le jardin du consulat saoudien \u00e0 Istanbul, sonne la fin de la r\u00e9cr\u00e9ation pour les collaborateurs occidentaux de la dictature tyrannique arabe.<\/span><\/p>\n<p style=\"text-align: justify;\"><span style=\"font-family: times new roman, times, serif; font-size: 14pt;\">Apr\u00e8s Khashoggi lui-m\u00eame, le principal perdant du meurtre le plus r\u00e9pugnant d\u2019Istanbul est le pr\u00e9sident am\u00e9ricain Donald Trump \u2013 comme je l\u2019avais pr\u00e9dit ici il y a des semaines. Sa d\u00e9claration selon laquelle la couverture saoudienne \u00e9tait \u00ab\u00a0cr\u00e9dible\u00a0\u00bb a suscit\u00e9 les moqueries du reste du monde par son c\u00f4t\u00e9 \u00ab\u00a0Lady MacBeth\u00a0\u00bb, et l\u2019a ridiculis\u00e9. Le comportement de son propre \u00ab\u00a0prince h\u00e9ritier\u00a0\u00bb \u2013 son gendre Jared Kushner \u2013 a \u00e9t\u00e9 plus v\u00e9nal que digne d\u2019un op\u00e9ra-comique.<\/span><\/p>\n<p style=\"text-align: justify;\"><span style=\"font-family: times new roman, times, serif; font-size: 14pt;\">Comme je l\u2019avais pr\u00e9dit, bien que la famille Clinton ait largement profit\u00e9 des largesses saoudiennes, les d\u00e9mocrates et leurs vastes soutiens m\u00e9diatiques ont fait de l\u2019assassinat de Khashoggi leur nouveau casus belli, en lieu et place du \u00ab\u00a0Russiagate\u00a0\u00bb en perte de vitesse (en fait les m\u00eames personnes qui, ces deux derni\u00e8res ann\u00e9es, ont inond\u00e9 les ondes am\u00e9ricaines de haine russophobe ont lev\u00e9 les mains au ciel, horrifi\u00e9s, quand Trump \u2013 le pantin de Poutine, rappelez-vous \u2013 a annonc\u00e9 une course aux armes nucl\u00e9aires contre la Russie).<\/span><\/p>\n<p style=\"text-align: justify;\"><span style=\"font-family: times new roman, times, serif; font-size: 14pt;\">D\u2019Uber \u00e0 Facebook, de JP Morgan \u00e0 Virgin, des dizaines de soci\u00e9t\u00e9s et personnalit\u00e9s ont renonc\u00e9 \u00e0 aller au \u00ab\u00a0Davos du d\u00e9sert\u00a0\u00bb et le royaume \u00ab\u00a0est en crise\u00a0\u00bb comme vient de le reconna\u00eetre publiquement le ministre saoudien de l\u2019\u00e9nergie.<\/span><\/p>\n<p style=\"text-align: justify;\"><span style=\"font-family: times new roman, times, serif; font-size: 14pt;\">Tout cela va de soi et on peut facilement pr\u00e9dire la fin du r\u00e8gne aussi court que brutal et meurtrier du Caligula saoudien qui a tu\u00e9 des milliers de personnes au Y\u00e9men, en Syrie, et m\u00eame en Arabie saoudite.<\/span><\/p>\n<p style=\"text-align: justify;\"><span style=\"font-family: times new roman, times, serif; font-size: 14pt;\">En Occident, c\u2019est comme si on allumait tout \u00e0 coup la lumi\u00e8re et qu\u2019on voyait les cafards s\u2019enfuir \u00e0 toutes vitesses. Nulle part ce spectacle n\u2019est aussi abject qu\u2019au Royaume-Uni.<\/span><\/p>\n<p style=\"text-align: justify;\"><span style=\"font-family: times new roman, times, serif; font-size: 14pt;\">Dans les ann\u00e9es 1980, j\u2019ai \u00e9t\u00e9 envoy\u00e9 en mission parlementaire en Arabie saoudite, sous la direction de Sir Francis Pym, qui a ensuite re\u00e7u le titre de Lord, un grand Tory qui f\u00fbt ministre des Affaires \u00e9trang\u00e8res de Grande-Bretagne, avant que cette fonction ne se d\u00e9grade du fait de la m\u00e9diocrit\u00e9 et du manque \u00e9vident de classe de ses occupants. Il y avait des tensions entre les Britanniques et les Saoudiens qui mena\u00e7aient de perturber le contrat d\u2019armes extr\u00eamement lucratif et tr\u00e8s crapuleux d\u2019Al Yamamamah.<\/span><\/p>\n<p style=\"text-align: justify;\"><span style=\"font-family: times new roman, times, serif; font-size: 14pt;\">\u00ab\u00a0De la pommade, mon cher, de la pommade\u00a0\u00bb, voil\u00e0 notre mission, m\u2019a dit Sir Francis. Nous devons les couvrir de pommade. \u00ab\u00a0Il n\u2019est pas question de s\u2019excuser\u2026. je ne m\u2019excuserai pas \u00ab\u00a0, a-t-il ajout\u00e9 (je le r\u00e9p\u00e8te, \u00e0 l\u2019\u00e9poque, c\u2019\u00e9tait la grande classe), les enduire d\u2019une bonne couche de pommade, voil\u00e0 notre feuille de route.<\/span><\/p>\n<p style=\"text-align: justify;\"><span style=\"font-family: times new roman, times, serif; font-size: 14pt;\">Nous avons rencontr\u00e9 le roi saoudien de l\u2019\u00e9poque et la plupart des princes importants ; Sir Francis \u00e9tait un ma\u00eetre dans sa partie. Il ne s\u2019est jamais excus\u00e9, mais il leur a mis beaucoup, beaucoup de pommade. Cela a march\u00e9, et le sale business de traire les vieux idiots au pouvoir \u00e0 Riyad a repris.<\/span><\/p>\n<p style=\"text-align: justify;\"><span style=\"font-family: times new roman, times, serif; font-size: 14pt;\">Bien s\u00fbr, les profits britanniques n\u2019avaient rien de comparables avec le butin des \u00c9tats-Unis, et la diff\u00e9rence entre les deux n\u2019a fait que cro\u00eetre pendant les trente ann\u00e9es suivantes. L\u2019autre diff\u00e9rence est que, maintenant, ce ne sont plus seulement les fusils, mais le beurre, la technologie, les m\u00e9dias, les films, les loisirs (qui savait que Disneyland \u00e9tait un parc de jeux saoudien ?) et le tourisme.<\/span><\/p>\n<p style=\"text-align: justify;\"><span style=\"font-family: times new roman, times, serif; font-size: 14pt;\">En r\u00e9alit\u00e9, des milliers de m\u00e9dias occidentaux et leurs petites mains ont \u00e9t\u00e9 corrompus par l\u2019or saoudien. Toutes sortes de think-tanks, d\u2019\u00a0\u00bbinstituts\u00a0\u00bb, et m\u00eame le Mus\u00e9e d\u2019histoire naturelle de Grande-Bretagne, recevaient de l\u2019argent de la Maison des Saoud. La malchance a voulu que, la nuit m\u00eame o\u00f9 la musique s\u2019est arr\u00eat\u00e9e avec le meurtre d\u2019un chroniqueur du Washington Post et le d\u00e9membrement de son corps, l\u2019ambassade saoudienne organisait une soir\u00e9e dans l\u2019une des augustes salles de ce Mus\u00e9e.<\/span><\/p>\n<p style=\"text-align: justify;\"><span style=\"font-family: times new roman, times, serif; font-size: 14pt;\">L\u2019ironie du fait que le Royaume Cr\u00e9ationniste** choisisse de siroter des cocktails sans alcool dans la maison que Charles Darwin a construite, n\u2019a pas \u00e9chapp\u00e9e \u00e0 grand monde. Les journaux et les magazines qui s\u2019\u00e9taient engraiss\u00e9s ouvertement et secr\u00e8tement gr\u00e2ce au sponsoring saoudien, \u00e0 coup de revenus publicitaires et autres arrangements entre amis sont maintenant choqu\u00e9s ! Choqu\u00e9s ! Comme le chef de la police de Vichy corrompu qui \u00ab\u00a0d\u00e9couvre\u00a0\u00bb qu\u2019il y a des tables de jeux au Rick\u2019s Caf\u00e9 de Humphrey Bogart dans le film \u00ab\u00a0Casablanca\u00a0\u00bb.<\/span><\/p>\n<p style=\"text-align: justify;\"><span style=\"font-family: times new roman, times, serif; font-size: 14pt;\">Personne n\u2019a retourn\u00e9 sa veste aussi vite que le chef des relations publiques du Prince h\u00e9ritier saoudien en occident, Thomas Friedman du <em>New York Times<\/em>.<\/span><\/p>\n<p style=\"text-align: justify;\"><span style=\"font-family: times new roman, times, serif; font-size: 14pt;\">Lors de son apparition avec Christiane Amanpour de CNN, Friedman a sembl\u00e9 au bord de la d\u00e9pression nerveuse. Avoir gaspill\u00e9 des dizaines de milliers de mots pour un criminel comme Mohammed bin Salman ! Il ne faut rien regretter Tom, tu as \u00e9t\u00e9 bien pay\u00e9 pendant tout le temps que \u00e7a a dur\u00e9 !<\/span><\/p>\n<p style=\"text-align: justify;\"><span style=\"font-family: times new roman, times, serif; font-size: 14pt;\">Comme Oscar Wilde l\u2019a dit \u00e0 propos de la sc\u00e8ne de lit de mort dans \u00ab<em>\u00a0Little Nell\u00a0<\/em>\u00bb de Charles Dickens \u2013 <em>\u00ab\u00a0il faudrait avoir un c\u0153ur de pierre pour ne pas rire.\u00a0\u00bb<\/em><\/span><\/p>\n<p style=\"text-align: justify;\"><span style=\"font-family: times new roman, times, serif; font-size: 14pt;\">Mais le plus d\u00e9vastateur a \u00e9t\u00e9 la corruption dans la classe politique elle-m\u00eame, et on en entendra bient\u00f4t parler.<\/span><\/p>\n<p style=\"text-align: justify;\"><span style=\"font-family: times new roman, times, serif; font-size: 14pt;\">Lorsque le dirigeant travailliste Jeremy Corbyn a d\u00e9pos\u00e9 une motion plus t\u00f4t dans l\u2019ann\u00e9e pour faire cesser les ventes d\u2019armes britanniques \u00e0 l\u2019Arabie saoudite en attendant une enqu\u00eate sur l\u2019utilisation de ces armes dans la guerre sanglante contre le Y\u00e9men, la motion aurait tr\u00e8s bien pu passer, si plus de 100 d\u00e9put\u00e9s travaillistes de son propre camp ne s\u2019\u00e9taient pas rendus coupables de trahison. Des d\u00e9put\u00e9s travaillistes gays se sont rang\u00e9s dans le camp de ceux qui jettent les gays du haut des immeubles. Des d\u00e9put\u00e9s travaillistes f\u00e9ministes se sont rang\u00e9s dans le camp de ceux qui ne reconnaissent aucun droit aux femmes. Tous ces d\u00e9mocrates ont soutenu l\u2019absence d\u00e9sertique de libert\u00e9 et de d\u00e9mocratie. Je n\u2019ai pas compris et je me suis pos\u00e9 des questions sur l\u2019ampleur du soutien saoudien au sein des d\u00e9put\u00e9s du Parti travailliste. Je pense que tout s\u2019\u00e9clairera bient\u00f4t.<\/span><\/p>\n<p style=\"text-align: justify;\"><span style=\"font-family: times new roman, times, serif; font-size: 14pt;\">Car cette histoire n\u2019a pas fini de faire des vagues.<\/span><\/p>\n<p style=\"text-align: justify;\"><span style=\"font-family: times new roman, times, serif; font-size: 14pt;\">Pour l\u2019heure, les \u00ab\u00a0Gardiens des Deux Saintes Mosqu\u00e9es\u00a0\u00bb, pour donner aux rois saoudiens leur titre du vendredi***, sont occup\u00e9s \u00e0 effacer le visage de Jamal Khashoggi, un homme qui a peut-\u00eatre l\u00e9g\u00e8rement critiqu\u00e9 la politique saoudienne, mais qui a soutenu l\u2019arm\u00e9e de coupeurs de t\u00eates financ\u00e9e par les Saoudiens en Syrie, jusqu\u2019au l\u2019instant m\u00eame o\u00f9 sa propre t\u00eate a \u00e9t\u00e9 arrach\u00e9e de ses \u00e9paule. Cet homme qui a \u00e9crit un \u00e9ditorial du Washington Post intitul\u00e9 \u00ab\u00a0Il est temps de diviser la Syrie\u00a0\u00bb a lui-m\u00eame \u00e9t\u00e9 divis\u00e9 en plusieurs parties par les instigateurs de la division avort\u00e9e de la Syrie.<\/span><\/p>\n<p style=\"text-align: justify;\"><span style=\"font-family: times new roman, times, serif; font-size: 14pt;\">M\u00eame Shakespeare n\u2019aurait pas pu \u00e9crire une pareille histoire.<\/span><\/p>\n<p style=\"text-align: justify;\"><span style=\"font-family: times new roman, times, serif; font-size: 14pt;\"><strong>George Galloway,<\/strong><\/span><\/p>\n<p style=\"text-align: justify;\"><span style=\"font-family: times new roman, times, serif; font-size: 14pt;\"><em>_______________ <\/em><\/span><\/p>\n<p style=\"text-align: justify;\"><span style=\"font-family: times new roman, times, serif; font-size: 14pt;\"><strong>NOTES :<\/strong><\/span><\/p>\n<p style=\"text-align: justify;\"><span style=\"font-family: times new roman, times, serif; font-size: 14pt;\">* Maintenant d\u00e9mentie<\/span><br \/>\n<span style=\"font-family: times new roman, times, serif; font-size: 14pt;\">** Le cr\u00e9ationnisme est la croyance religieuse selon laquelle une cr\u00e9ation divine est responsable de la vie et de l\u2019univers, s\u2019opposant g\u00e9n\u00e9ralement au consensus scientifique qui soutient une origine naturelle au moyen de l\u2019\u00e9volution du vivant fond\u00e9 sur la s\u00e9lection naturelle (Wikipedia).<\/span><br \/>\n<span style=\"font-family: times new roman, times, serif; font-size: 14pt;\">*** Jour de la pri\u00e8re dans l\u2019Islam\u00a0<a href=\"https:\/\/www.rt.com\/op-ed\/442048-khashoggi-uk-west-murder\/\">https:\/\/www.rt.com\/op-ed\/442048-khashoggi-uk-west-murder\/<\/a><\/span><\/p>\n<p>&nbsp;<\/p>\n<p><img loading=\"lazy\" class=\"alignnone wp-image-253\" src=\"http:\/\/blog.lesgrossesorchadeslesamplesthalameges.fr\/wp-content\/uploads\/2018\/10\/galloway.jpg\" alt=\"\" width=\"200\" height=\"109\" \/><\/p>\n<p style=\"text-align: justify;\"><span style=\"font-family: times new roman, times, serif; font-size: 14pt;\"><em>George Galloway a \u00e9t\u00e9 membre du Parlement britannique pendant presque 30 ans. Il anime des \u00e9missions de TV and de radio (y-compris sur RT). Il est cin\u00e9aste, \u00e9crivain et un orateur renomm\u00e9. Il anime \u00ab\u00a0la m\u00e8re de tous les talk shows\u00a0\u00bb\u00a0:<\/em><a href=\"https:\/\/talkradio.co.uk\/news\/george-galloway-assanges-extradition-will-be-most-acute-crisis-uk-will-ever-face-18072627397\">https:\/\/talkradio.co.uk\/news\/george-galloway-assanges-extradition-will-be-most-acute-crisis-uk-will-ever-face-18072627397<\/a><\/span><\/p>\n<p style=\"text-align: left;\"><span style=\"font-family: times new roman, times, serif; font-size: 14pt;\">Source:\u00a0<\/span><a href=\"https:\/\/arretsurinfo.ch\/assassinat-de-khashoggi-le-pire-est-a-venir\/\"><span style=\"font-family: times new roman, times, serif; font-size: 14pt;\">https:\/\/arretsurinfo.ch\/assassinat-de-khashoggi-le-pire-est-a-veni<\/span>r\/<\/a><\/p>\n<p>&nbsp;<\/p>\n<p style=\"text-align: center;\"><img loading=\"lazy\" class=\"alignnone size-full wp-image-254\" src=\"http:\/\/blog.lesgrossesorchadeslesamplesthalameges.fr\/wp-content\/uploads\/2018\/10\/kleio-X-2.gif\" alt=\"\" width=\"75\" height=\"83\" \/><\/p>\n<p>&nbsp;<\/p>\n<p style=\"text-align: right;\"><span style=\"font-family: comic sans ms, sans-serif; font-size: 14pt;\">Octobre 2018<\/span><\/p>\n<p>&nbsp;<\/p>\n","protected":false},"excerpt":{"rendered":"<p>&nbsp; &nbsp; &nbsp; &nbsp; Assassinat de Khashoggi : le pire est \u00e0 venir George Galloway \u2013 Arr\u00eat sur Info \u2013 23.10.2018 Traduction\u00a0: Dominique Muselet &nbsp; \u00a0 &nbsp; La nouvelle* que des \u00ab\u00a0parties d\u00e9figur\u00e9es du visage et du corps\u00a0\u00bb de Khashoggi auraient \u00e9t\u00e9 retrouv\u00e9es dans le jardin du consulat saoudien \u00e0 Istanbul, sonne la fin de&#8230;<\/p>\n","protected":false},"author":1,"featured_media":0,"parent":0,"menu_order":0,"comment_status":"open","ping_status":"closed","template":"","meta":[],"_links":{"self":[{"href":"https:\/\/blog.lesgrossesorchadeslesamplesthalameges.fr\/index.php\/wp-json\/wp\/v2\/pages\/252"}],"collection":[{"href":"https:\/\/blog.lesgrossesorchadeslesamplesthalameges.fr\/index.php\/wp-json\/wp\/v2\/pages"}],"about":[{"href":"https:\/\/blog.lesgrossesorchadeslesamplesthalameges.fr\/index.php\/wp-json\/wp\/v2\/types\/page"}],"author":[{"embeddable":true,"href":"https:\/\/blog.lesgrossesorchadeslesamplesthalameges.fr\/index.php\/wp-json\/wp\/v2\/users\/1"}],"replies":[{"embeddable":true,"href":"https:\/\/blog.lesgrossesorchadeslesamplesthalameges.fr\/index.php\/wp-json\/wp\/v2\/comments?post=252"}],"version-history":[{"count":0,"href":"https:\/\/blog.lesgrossesorchadeslesamplesthalameges.fr\/index.php\/wp-json\/wp\/v2\/pages\/252\/revisions"}],"wp:attachment":[{"href":"https:\/\/blog.lesgrossesorchadeslesamplesthalameges.fr\/index.php\/wp-json\/wp\/v2\/media?parent=252"}],"curies":[{"name":"wp","href":"https:\/\/api.w.org\/{rel}","templated":true}]}}